{"id":6973,"date":"2021-08-17T11:18:28","date_gmt":"2021-08-17T11:18:28","guid":{"rendered":"https:\/\/eu-mark.com\/product\/m21-elektrolyt-fuer-elektrochemische-markierung-500ml-16-9-fl-oz\/"},"modified":"2021-08-17T11:18:28","modified_gmt":"2021-08-17T11:18:28","slug":"m21-elektrolyt-fuer-elektrochemische-markierung-500ml-16-9-fl-oz","status":"publish","type":"product","link":"https:\/\/eu-mark.com\/de\/product\/m21-elektrolyt-fuer-elektrochemische-markierung-500ml-16-9-fl-oz\/","title":{"rendered":"M21 Elektrolyt f\u00fcr elektrochemische Markierung 500ml 16.9 fl. oz."},"content":{"rendered":"<p><a href=\"https:\/\/eu-mark.com\/achieving-remarkable-marks-with-eumark-electrolytes-unleashing-the-power-of-excellence\/\">M21 ist sehr gut f\u00fcr viele Markierungen bei gleicher Benetzung des Filzes, er besitzt eine Selbstreinigungsf\u00e4higkeit.<\/a><\/p>\n<p><a href=\"https:\/\/eumark.biz\/en-us\/blogs\/news\/achieving-remarkable-marks-with-eumark-electrolytes-unleashing-the-power-of-excellence\"><strong>M21: Konsistente Spitzenleistung mit Selbstreinigungsfunktion<\/strong><\/a><\/p>\n<p>Der M21-Elektrolyt von Eumark ist die erste Wahl, wenn es darum geht, \u00fcber mehrere Anwendungen hinweg konstant bemerkenswerte Markierungen zu erzielen. Dank seiner hervorragenden Benetzungseigenschaften auf Filzoberfl\u00e4chen sorgt M21 jedes Mal f\u00fcr eine gleichm\u00e4\u00dfige und pr\u00e4zise Markierung. Wenn Sie nach dem Markieren mit einem Tuch einen d\u00fcnnen \u00d6lfilm auftragen, k\u00f6nnen Sie die ohnehin schon beeindruckende Leistung des Elektrolyts noch weiter steigern und so noch au\u00dfergew\u00f6hnlichere Markierungen erzielen. M21 ist f\u00fcr eine Vielzahl von Materialien geeignet, darunter Edelstahl, Stahl und vernickelte Oberfl\u00e4chen. Mit M21 k\u00f6nnen Sie m\u00fchelos hervorragende Markierungen erzielen, die einen bleibenden Eindruck hinterlassen.    <\/p>\n","protected":false},"excerpt":{"rendered":"<p>M21 ist sehr gut f\u00fcr viele Markierungen bei gleicher Benetzung des Filzes, er besitzt Selbstreinigungsf\u00e4higkeit<\/p>\n<p>KOSTENLOSER Versand weltweit<\/p>\n<p>Debit- oder Kreditkarte mit PayPal zur Kasse gehen<\/p>\n<p>Sie m\u00fcssen kein PayPal-Konto haben<\/p>\n","protected":false},"featured_media":8024,"comment_status":"open","ping_status":"closed","template":"","meta":[],"product_brand":[],"product_cat":[147],"product_tag":[151,149,150,152,153],"class_list":{"0":"post-6973","1":"product","2":"type-product","3":"status-publish","4":"has-post-thumbnail","6":"product_cat-chemikalien","7":"product_tag-atzen","8":"product_tag-elektrochemisch","9":"product_tag-kennzeichnung","10":"product_tag-maschine","11":"product_tag-stahl","13":"first","14":"instock","15":"shipping-taxable","16":"purchasable","17":"product-type-simple"},"yoast_head":"<!-- This site is optimized with the Yoast SEO plugin v27.4 - https:\/\/yoast.com\/product\/yoast-seo-wordpress\/ -->\n<title>M21: Konsistente Spitzenleistung mit Selbstreinigungsfunktion<\/title>\n<meta name=\"description\" content=\"M21: Konsistente Exzellenz mit Selbstreinigungsfunktion, mit seinen hervorragenden Benetzungseigenschaften auf Oberfl\u00e4chen, sorgt jedes Mal f\u00fcr eine gleichm\u00e4\u00dfige und pr\u00e4zise Markierung. Electrochemical marking etching\" \/>\n<meta name=\"robots\" content=\"index, follow, max-snippet:-1, max-image-preview:large, max-video-preview:-1\" \/>\n<link rel=\"canonical\" href=\"https:\/\/eu-mark.com\/de\/product\/m21-elektrolyt-fuer-elektrochemische-markierung-500ml-16-9-fl-oz\/\" \/>\n<meta property=\"og:locale\" content=\"de_DE\" \/>\n<meta property=\"og:type\" content=\"article\" \/>\n<meta property=\"og:title\" content=\"M21: Konsistente Spitzenleistung mit Selbstreinigungsfunktion\" \/>\n<meta property=\"og:description\" content=\"M21: Konsistente Exzellenz mit Selbstreinigungsfunktion, mit seinen hervorragenden Benetzungseigenschaften auf Oberfl\u00e4chen, sorgt jedes Mal f\u00fcr eine gleichm\u00e4\u00dfige und pr\u00e4zise Markierung. Electrochemical marking etching\" \/>\n<meta property=\"og:url\" content=\"https:\/\/eu-mark.com\/de\/product\/m21-elektrolyt-fuer-elektrochemische-markierung-500ml-16-9-fl-oz\/\" \/>\n<meta property=\"og:site_name\" content=\"Electrochemical marking etching\" \/>\n<meta property=\"article:publisher\" content=\"https:\/\/www.facebook.com\/eumark.de\/\" \/>\n<meta property=\"og:image\" content=\"https:\/\/eu-mark.com\/wp-content\/uploads\/2023\/08\/eumark_marking_engraving_electrolyte_fluid_11.jpg\" \/>\n\t<meta property=\"og:image:width\" content=\"1000\" \/>\n\t<meta property=\"og:image:height\" content=\"1000\" \/>\n\t<meta property=\"og:image:type\" content=\"image\/jpeg\" \/>\n<meta name=\"twitter:card\" content=\"summary_large_image\" \/>\n<meta name=\"twitter:label1\" content=\"Gesch\u00e4tzte Lesezeit\" \/>\n\t<meta name=\"twitter:data1\" content=\"1\u00a0Minute\" \/>\n<script type=\"application\/ld+json\" class=\"yoast-schema-graph\">{\"@context\":\"https:\\\/\\\/schema.org\",\"@graph\":[{\"@type\":\"WebPage\",\"@id\":\"https:\\\/\\\/eu-mark.com\\\/de\\\/product\\\/m21-elektrolyt-fuer-elektrochemische-markierung-500ml-16-9-fl-oz\\\/\",\"url\":\"https:\\\/\\\/eu-mark.com\\\/de\\\/product\\\/m21-elektrolyt-fuer-elektrochemische-markierung-500ml-16-9-fl-oz\\\/\",\"name\":\"M21: Konsistente Spitzenleistung mit Selbstreinigungsfunktion\",\"isPartOf\":{\"@id\":\"https:\\\/\\\/eu-mark.com\\\/de\\\/#website\"},\"primaryImageOfPage\":{\"@id\":\"https:\\\/\\\/eu-mark.com\\\/de\\\/product\\\/m21-elektrolyt-fuer-elektrochemische-markierung-500ml-16-9-fl-oz\\\/#primaryimage\"},\"image\":{\"@id\":\"https:\\\/\\\/eu-mark.com\\\/de\\\/product\\\/m21-elektrolyt-fuer-elektrochemische-markierung-500ml-16-9-fl-oz\\\/#primaryimage\"},\"thumbnailUrl\":\"https:\\\/\\\/eu-mark.com\\\/wp-content\\\/uploads\\\/2023\\\/08\\\/eumark_marking_engraving_electrolyte_fluid_11.jpg\",\"datePublished\":\"2021-08-17T11:18:28+00:00\",\"description\":\"M21: Konsistente Exzellenz mit Selbstreinigungsfunktion, mit seinen hervorragenden Benetzungseigenschaften auf Oberfl\u00e4chen, sorgt jedes Mal f\u00fcr eine gleichm\u00e4\u00dfige und pr\u00e4zise Markierung. Electrochemical marking etching\",\"breadcrumb\":{\"@id\":\"https:\\\/\\\/eu-mark.com\\\/de\\\/product\\\/m21-elektrolyt-fuer-elektrochemische-markierung-500ml-16-9-fl-oz\\\/#breadcrumb\"},\"inLanguage\":\"de\",\"potentialAction\":[{\"@type\":\"ReadAction\",\"target\":[\"https:\\\/\\\/eu-mark.com\\\/de\\\/product\\\/m21-elektrolyt-fuer-elektrochemische-markierung-500ml-16-9-fl-oz\\\/\"]}]},{\"@type\":\"ImageObject\",\"inLanguage\":\"de\",\"@id\":\"https:\\\/\\\/eu-mark.com\\\/de\\\/product\\\/m21-elektrolyt-fuer-elektrochemische-markierung-500ml-16-9-fl-oz\\\/#primaryimage\",\"url\":\"https:\\\/\\\/eu-mark.com\\\/wp-content\\\/uploads\\\/2023\\\/08\\\/eumark_marking_engraving_electrolyte_fluid_11.jpg\",\"contentUrl\":\"https:\\\/\\\/eu-mark.com\\\/wp-content\\\/uploads\\\/2023\\\/08\\\/eumark_marking_engraving_electrolyte_fluid_11.jpg\",\"width\":1000,\"height\":1000,\"caption\":\"eumark marking engraving electrolyte fluid M21\"},{\"@type\":\"BreadcrumbList\",\"@id\":\"https:\\\/\\\/eu-mark.com\\\/de\\\/product\\\/m21-elektrolyt-fuer-elektrochemische-markierung-500ml-16-9-fl-oz\\\/#breadcrumb\",\"itemListElement\":[{\"@type\":\"ListItem\",\"position\":1,\"name\":\"Startseite\",\"item\":\"https:\\\/\\\/eu-mark.com\\\/de\\\/home\\\/\"},{\"@type\":\"ListItem\",\"position\":2,\"name\":\"Shop\",\"item\":\"https:\\\/\\\/eu-mark.com\\\/de\\\/shop\\\/\"},{\"@type\":\"ListItem\",\"position\":3,\"name\":\"M21 Elektrolyt f\u00fcr elektrochemische Markierung 500ml 16.9 fl. oz.\"}]},{\"@type\":\"WebSite\",\"@id\":\"https:\\\/\\\/eu-mark.com\\\/de\\\/#website\",\"url\":\"https:\\\/\\\/eu-mark.com\\\/de\\\/\",\"name\":\"eu-mark.com\",\"description\":\"Electrochemical marking etching\",\"publisher\":{\"@id\":\"https:\\\/\\\/eu-mark.com\\\/de\\\/#organization\"},\"potentialAction\":[{\"@type\":\"SearchAction\",\"target\":{\"@type\":\"EntryPoint\",\"urlTemplate\":\"https:\\\/\\\/eu-mark.com\\\/de\\\/?s={search_term_string}\"},\"query-input\":{\"@type\":\"PropertyValueSpecification\",\"valueRequired\":true,\"valueName\":\"search_term_string\"}}],\"inLanguage\":\"de\"},{\"@type\":\"Organization\",\"@id\":\"https:\\\/\\\/eu-mark.com\\\/de\\\/#organization\",\"name\":\"EUMARK\",\"url\":\"https:\\\/\\\/eu-mark.com\\\/de\\\/\",\"logo\":{\"@type\":\"ImageObject\",\"inLanguage\":\"de\",\"@id\":\"https:\\\/\\\/eu-mark.com\\\/de\\\/#\\\/schema\\\/logo\\\/image\\\/\",\"url\":\"https:\\\/\\\/eu-mark.com\\\/wp-content\\\/uploads\\\/2025\\\/02\\\/eumark-logo-samo-EU-2018_06_19-10_17_06-UTC.jpg\",\"contentUrl\":\"https:\\\/\\\/eu-mark.com\\\/wp-content\\\/uploads\\\/2025\\\/02\\\/eumark-logo-samo-EU-2018_06_19-10_17_06-UTC.jpg\",\"width\":264,\"height\":268,\"caption\":\"EUMARK\"},\"image\":{\"@id\":\"https:\\\/\\\/eu-mark.com\\\/de\\\/#\\\/schema\\\/logo\\\/image\\\/\"},\"sameAs\":[\"https:\\\/\\\/www.facebook.com\\\/eumark.de\\\/\",\"https:\\\/\\\/www.youtube.com\\\/channel\\\/UCehJsM6xcqIQLzp0y9MjYPg\",\"https:\\\/\\\/www.linkedin.com\\\/company\\\/eumark\\\/\",\"https:\\\/\\\/www.instagram.com\\\/eumark_de\"]}]}<\/script>\n<!-- \/ Yoast SEO plugin. -->","yoast_head_json":{"title":"M21: Konsistente Spitzenleistung mit Selbstreinigungsfunktion","description":"M21: Konsistente Exzellenz mit Selbstreinigungsfunktion, mit seinen hervorragenden Benetzungseigenschaften auf Oberfl\u00e4chen, sorgt jedes Mal f\u00fcr eine gleichm\u00e4\u00dfige und pr\u00e4zise Markierung. Electrochemical marking etching","robots":{"index":"index","follow":"follow","max-snippet":"max-snippet:-1","max-image-preview":"max-image-preview:large","max-video-preview":"max-video-preview:-1"},"canonical":"https:\/\/eu-mark.com\/de\/product\/m21-elektrolyt-fuer-elektrochemische-markierung-500ml-16-9-fl-oz\/","og_locale":"de_DE","og_type":"article","og_title":"M21: Konsistente Spitzenleistung mit Selbstreinigungsfunktion","og_description":"M21: Konsistente Exzellenz mit Selbstreinigungsfunktion, mit seinen hervorragenden Benetzungseigenschaften auf Oberfl\u00e4chen, sorgt jedes Mal f\u00fcr eine gleichm\u00e4\u00dfige und pr\u00e4zise Markierung. Electrochemical marking etching","og_url":"https:\/\/eu-mark.com\/de\/product\/m21-elektrolyt-fuer-elektrochemische-markierung-500ml-16-9-fl-oz\/","og_site_name":"Electrochemical marking etching","article_publisher":"https:\/\/www.facebook.com\/eumark.de\/","og_image":[{"width":1000,"height":1000,"url":"https:\/\/eu-mark.com\/wp-content\/uploads\/2023\/08\/eumark_marking_engraving_electrolyte_fluid_11.jpg","type":"image\/jpeg"}],"twitter_card":"summary_large_image","twitter_misc":{"Gesch\u00e4tzte Lesezeit":"1\u00a0Minute"},"schema":{"@context":"https:\/\/schema.org","@graph":[{"@type":"WebPage","@id":"https:\/\/eu-mark.com\/de\/product\/m21-elektrolyt-fuer-elektrochemische-markierung-500ml-16-9-fl-oz\/","url":"https:\/\/eu-mark.com\/de\/product\/m21-elektrolyt-fuer-elektrochemische-markierung-500ml-16-9-fl-oz\/","name":"M21: Konsistente Spitzenleistung mit Selbstreinigungsfunktion","isPartOf":{"@id":"https:\/\/eu-mark.com\/de\/#website"},"primaryImageOfPage":{"@id":"https:\/\/eu-mark.com\/de\/product\/m21-elektrolyt-fuer-elektrochemische-markierung-500ml-16-9-fl-oz\/#primaryimage"},"image":{"@id":"https:\/\/eu-mark.com\/de\/product\/m21-elektrolyt-fuer-elektrochemische-markierung-500ml-16-9-fl-oz\/#primaryimage"},"thumbnailUrl":"https:\/\/eu-mark.com\/wp-content\/uploads\/2023\/08\/eumark_marking_engraving_electrolyte_fluid_11.jpg","datePublished":"2021-08-17T11:18:28+00:00","description":"M21: Konsistente Exzellenz mit Selbstreinigungsfunktion, mit seinen hervorragenden Benetzungseigenschaften auf Oberfl\u00e4chen, sorgt jedes Mal f\u00fcr eine gleichm\u00e4\u00dfige und pr\u00e4zise Markierung. Electrochemical marking etching","breadcrumb":{"@id":"https:\/\/eu-mark.com\/de\/product\/m21-elektrolyt-fuer-elektrochemische-markierung-500ml-16-9-fl-oz\/#breadcrumb"},"inLanguage":"de","potentialAction":[{"@type":"ReadAction","target":["https:\/\/eu-mark.com\/de\/product\/m21-elektrolyt-fuer-elektrochemische-markierung-500ml-16-9-fl-oz\/"]}]},{"@type":"ImageObject","inLanguage":"de","@id":"https:\/\/eu-mark.com\/de\/product\/m21-elektrolyt-fuer-elektrochemische-markierung-500ml-16-9-fl-oz\/#primaryimage","url":"https:\/\/eu-mark.com\/wp-content\/uploads\/2023\/08\/eumark_marking_engraving_electrolyte_fluid_11.jpg","contentUrl":"https:\/\/eu-mark.com\/wp-content\/uploads\/2023\/08\/eumark_marking_engraving_electrolyte_fluid_11.jpg","width":1000,"height":1000,"caption":"eumark marking engraving electrolyte fluid M21"},{"@type":"BreadcrumbList","@id":"https:\/\/eu-mark.com\/de\/product\/m21-elektrolyt-fuer-elektrochemische-markierung-500ml-16-9-fl-oz\/#breadcrumb","itemListElement":[{"@type":"ListItem","position":1,"name":"Startseite","item":"https:\/\/eu-mark.com\/de\/home\/"},{"@type":"ListItem","position":2,"name":"Shop","item":"https:\/\/eu-mark.com\/de\/shop\/"},{"@type":"ListItem","position":3,"name":"M21 Elektrolyt f\u00fcr elektrochemische Markierung 500ml 16.9 fl. oz."}]},{"@type":"WebSite","@id":"https:\/\/eu-mark.com\/de\/#website","url":"https:\/\/eu-mark.com\/de\/","name":"eu-mark.com","description":"Electrochemical marking etching","publisher":{"@id":"https:\/\/eu-mark.com\/de\/#organization"},"potentialAction":[{"@type":"SearchAction","target":{"@type":"EntryPoint","urlTemplate":"https:\/\/eu-mark.com\/de\/?s={search_term_string}"},"query-input":{"@type":"PropertyValueSpecification","valueRequired":true,"valueName":"search_term_string"}}],"inLanguage":"de"},{"@type":"Organization","@id":"https:\/\/eu-mark.com\/de\/#organization","name":"EUMARK","url":"https:\/\/eu-mark.com\/de\/","logo":{"@type":"ImageObject","inLanguage":"de","@id":"https:\/\/eu-mark.com\/de\/#\/schema\/logo\/image\/","url":"https:\/\/eu-mark.com\/wp-content\/uploads\/2025\/02\/eumark-logo-samo-EU-2018_06_19-10_17_06-UTC.jpg","contentUrl":"https:\/\/eu-mark.com\/wp-content\/uploads\/2025\/02\/eumark-logo-samo-EU-2018_06_19-10_17_06-UTC.jpg","width":264,"height":268,"caption":"EUMARK"},"image":{"@id":"https:\/\/eu-mark.com\/de\/#\/schema\/logo\/image\/"},"sameAs":["https:\/\/www.facebook.com\/eumark.de\/","https:\/\/www.youtube.com\/channel\/UCehJsM6xcqIQLzp0y9MjYPg","https:\/\/www.linkedin.com\/company\/eumark\/","https:\/\/www.instagram.com\/eumark_de"]}]}},"_links":{"self":[{"href":"https:\/\/eu-mark.com\/de\/wp-json\/wp\/v2\/product\/6973","targetHints":{"allow":["GET"]}}],"collection":[{"href":"https:\/\/eu-mark.com\/de\/wp-json\/wp\/v2\/product"}],"about":[{"href":"https:\/\/eu-mark.com\/de\/wp-json\/wp\/v2\/types\/product"}],"replies":[{"embeddable":true,"href":"https:\/\/eu-mark.com\/de\/wp-json\/wp\/v2\/comments?post=6973"}],"wp:featuredmedia":[{"embeddable":true,"href":"https:\/\/eu-mark.com\/de\/wp-json\/wp\/v2\/media\/8024"}],"wp:attachment":[{"href":"https:\/\/eu-mark.com\/de\/wp-json\/wp\/v2\/media?parent=6973"}],"wp:term":[{"taxonomy":"product_brand","embeddable":true,"href":"https:\/\/eu-mark.com\/de\/wp-json\/wp\/v2\/product_brand?post=6973"},{"taxonomy":"product_cat","embeddable":true,"href":"https:\/\/eu-mark.com\/de\/wp-json\/wp\/v2\/product_cat?post=6973"},{"taxonomy":"product_tag","embeddable":true,"href":"https:\/\/eu-mark.com\/de\/wp-json\/wp\/v2\/product_tag?post=6973"}],"curies":[{"name":"wp","href":"https:\/\/api.w.org\/{rel}","templated":true}]}}