{"id":6989,"date":"2016-12-13T14:51:37","date_gmt":"2016-12-13T14:51:37","guid":{"rendered":"https:\/\/eu-mark.com\/product\/markierungsfilz-filz-fuer-elektrochemische-markierungsaetzung-375x500mm-10-x19\/"},"modified":"2016-12-13T14:51:37","modified_gmt":"2016-12-13T14:51:37","slug":"markierungsfilz-filz-fuer-elektrochemische-markierungsaetzung-375x500mm-10-x19","status":"publish","type":"product","link":"https:\/\/eu-mark.com\/de\/product\/markierungsfilz-filz-fuer-elektrochemische-markierungsaetzung-375x500mm-10-x19\/","title":{"rendered":"Markierungsfilz &#8211; Filz f\u00fcr elektrochemische Markierungs\u00e4tzung 375x500mm 10 &#8222;x19&#8220;"},"content":{"rendered":"<p>Der Markierungsfilz ist f\u00fcr die elektrochemische Markierung konzipiert und kann mit allen Markierungselektrolyten verwendet werden. Au\u00dferdem wird das Markierungsprodukt geschont, so dass Sie die Markierung lange verwenden k\u00f6nnen, ohne sie zu ersetzen.<\/p>\n<table align=\"center\">\n<tbody>\n<tr>\n<td>\n<div id=\"ds_div\">\n<p>Wenn Sie Hilfe oder Unterst\u00fctzung auf dem Gebiet der elektrochemischen Markierung ben\u00f6tigen, wie z.B. Schablonen, Elektrolyte oder sonstige Hilfe, kontaktieren Sie mich bitte. Ich habe mehr als 15 Jahre Erfahrung auf diesem Gebiet.<\/p>\n<p>Und bitte kontaktieren Sie mich zuerst, wenn Sie irgendwelche Fragen oder Probleme haben. <b>Typ A Standardqualit\u00e4t<\/b><\/p>\n<\/div>\n<\/td>\n<\/tr>\n<\/tbody>\n<\/table>\n<p>Wenn Sie Hilfe oder Unterst\u00fctzung auf dem Gebiet der elektrochemischen Markierung ben\u00f6tigen, wie z.B. Schablonen, Elektrolyte oder sonstige Hilfe, kontaktieren Sie mich bitte. Ich habe mehr als 15 Jahre Erfahrung auf dem Gebiet der Markierung. Und bitte kontaktieren Sie mich zuerst, wenn Sie eine Frage oder ein Problem haben.<\/p>\n","protected":false},"excerpt":{"rendered":"<p><strong>Kostenloser Versand weltweit<\/strong><\/p>\n","protected":false},"featured_media":8030,"comment_status":"closed","ping_status":"closed","template":"","meta":[],"product_brand":[],"product_cat":[154],"product_tag":[149,159,160,150],"class_list":{"0":"post-6989","1":"product","2":"type-product","3":"status-publish","4":"has-post-thumbnail","6":"product_cat-elektrochemisches-atzen","7":"product_tag-elektrochemisch","8":"product_tag-filz-de","9":"product_tag-filz-de-2","10":"product_tag-kennzeichnung","11":"product_shipping_class-mxxx-de","13":"first","14":"instock","15":"featured","16":"shipping-taxable","17":"purchasable","18":"product-type-simple"},"yoast_head":"<!-- This site is optimized with the Yoast SEO plugin v27.4 - https:\/\/yoast.com\/product\/yoast-seo-wordpress\/ -->\n<title>Markierungsfilz - Filz f\u00fcr elektrochemische Markierungs\u00e4tzung 375x500mm 10 &quot;x19&quot; - Electrochemical marking etching Electrochemical marking etching %<\/title>\n<meta name=\"description\" content=\"Kostenloser Versand weltweit\" \/>\n<meta name=\"robots\" content=\"index, follow, max-snippet:-1, max-image-preview:large, max-video-preview:-1\" \/>\n<link rel=\"canonical\" href=\"https:\/\/eu-mark.com\/de\/product\/markierungsfilz-filz-fuer-elektrochemische-markierungsaetzung-375x500mm-10-x19\/\" \/>\n<meta property=\"og:locale\" content=\"de_DE\" \/>\n<meta property=\"og:type\" content=\"article\" \/>\n<meta property=\"og:title\" content=\"Markierungsfilz - Filz f\u00fcr elektrochemische Markierungs\u00e4tzung 375x500mm 10 &quot;x19&quot; - Electrochemical marking etching Electrochemical marking etching %\" \/>\n<meta property=\"og:description\" content=\"Kostenloser Versand weltweit\" \/>\n<meta property=\"og:url\" content=\"https:\/\/eu-mark.com\/de\/product\/markierungsfilz-filz-fuer-elektrochemische-markierungsaetzung-375x500mm-10-x19\/\" \/>\n<meta property=\"og:site_name\" content=\"Electrochemical marking etching\" \/>\n<meta property=\"article:publisher\" content=\"https:\/\/www.facebook.com\/eumark.de\/\" \/>\n<meta property=\"og:image\" content=\"https:\/\/eu-mark.com\/wp-content\/uploads\/2016\/12\/making_engraving-electrochemical_template-14-300x300.jpg\" \/>\n<meta name=\"twitter:card\" content=\"summary_large_image\" \/>\n<meta name=\"twitter:label1\" content=\"Gesch\u00e4tzte Lesezeit\" \/>\n\t<meta name=\"twitter:data1\" content=\"1\u00a0Minute\" \/>\n<script type=\"application\/ld+json\" class=\"yoast-schema-graph\">{\"@context\":\"https:\\\/\\\/schema.org\",\"@graph\":[{\"@type\":\"WebPage\",\"@id\":\"https:\\\/\\\/eu-mark.com\\\/de\\\/product\\\/markierungsfilz-filz-fuer-elektrochemische-markierungsaetzung-375x500mm-10-x19\\\/\",\"url\":\"https:\\\/\\\/eu-mark.com\\\/de\\\/product\\\/markierungsfilz-filz-fuer-elektrochemische-markierungsaetzung-375x500mm-10-x19\\\/\",\"name\":\"Markierungsfilz - Filz f\u00fcr elektrochemische Markierungs\u00e4tzung 375x500mm 10 \\\"x19\\\" - Electrochemical marking etching Electrochemical marking etching %\",\"isPartOf\":{\"@id\":\"https:\\\/\\\/eu-mark.com\\\/de\\\/#website\"},\"primaryImageOfPage\":{\"@id\":\"https:\\\/\\\/eu-mark.com\\\/de\\\/product\\\/markierungsfilz-filz-fuer-elektrochemische-markierungsaetzung-375x500mm-10-x19\\\/#primaryimage\"},\"image\":{\"@id\":\"https:\\\/\\\/eu-mark.com\\\/de\\\/product\\\/markierungsfilz-filz-fuer-elektrochemische-markierungsaetzung-375x500mm-10-x19\\\/#primaryimage\"},\"thumbnailUrl\":\"https:\\\/\\\/eu-mark.com\\\/wp-content\\\/uploads\\\/2016\\\/12\\\/IMG_7538-e1688649499245.jpg\",\"datePublished\":\"2016-12-13T14:51:37+00:00\",\"description\":\"Kostenloser Versand weltweit\",\"breadcrumb\":{\"@id\":\"https:\\\/\\\/eu-mark.com\\\/de\\\/product\\\/markierungsfilz-filz-fuer-elektrochemische-markierungsaetzung-375x500mm-10-x19\\\/#breadcrumb\"},\"inLanguage\":\"de\",\"potentialAction\":[{\"@type\":\"ReadAction\",\"target\":[\"https:\\\/\\\/eu-mark.com\\\/de\\\/product\\\/markierungsfilz-filz-fuer-elektrochemische-markierungsaetzung-375x500mm-10-x19\\\/\"]}]},{\"@type\":\"ImageObject\",\"inLanguage\":\"de\",\"@id\":\"https:\\\/\\\/eu-mark.com\\\/de\\\/product\\\/markierungsfilz-filz-fuer-elektrochemische-markierungsaetzung-375x500mm-10-x19\\\/#primaryimage\",\"url\":\"https:\\\/\\\/eu-mark.com\\\/wp-content\\\/uploads\\\/2016\\\/12\\\/IMG_7538-e1688649499245.jpg\",\"contentUrl\":\"https:\\\/\\\/eu-mark.com\\\/wp-content\\\/uploads\\\/2016\\\/12\\\/IMG_7538-e1688649499245.jpg\",\"width\":1200,\"height\":800,\"caption\":\"Felt Filtz for electrochemical marking A i B HQ\"},{\"@type\":\"BreadcrumbList\",\"@id\":\"https:\\\/\\\/eu-mark.com\\\/de\\\/product\\\/markierungsfilz-filz-fuer-elektrochemische-markierungsaetzung-375x500mm-10-x19\\\/#breadcrumb\",\"itemListElement\":[{\"@type\":\"ListItem\",\"position\":1,\"name\":\"Startseite\",\"item\":\"https:\\\/\\\/eu-mark.com\\\/de\\\/home\\\/\"},{\"@type\":\"ListItem\",\"position\":2,\"name\":\"Shop\",\"item\":\"https:\\\/\\\/eu-mark.com\\\/de\\\/shop\\\/\"},{\"@type\":\"ListItem\",\"position\":3,\"name\":\"Markierungsfilz &#8211; Filz f\u00fcr elektrochemische Markierungs\u00e4tzung 375x500mm 10 &#8222;x19&#8220;\"}]},{\"@type\":\"WebSite\",\"@id\":\"https:\\\/\\\/eu-mark.com\\\/de\\\/#website\",\"url\":\"https:\\\/\\\/eu-mark.com\\\/de\\\/\",\"name\":\"eu-mark.com\",\"description\":\"Electrochemical marking etching\",\"publisher\":{\"@id\":\"https:\\\/\\\/eu-mark.com\\\/de\\\/#organization\"},\"potentialAction\":[{\"@type\":\"SearchAction\",\"target\":{\"@type\":\"EntryPoint\",\"urlTemplate\":\"https:\\\/\\\/eu-mark.com\\\/de\\\/?s={search_term_string}\"},\"query-input\":{\"@type\":\"PropertyValueSpecification\",\"valueRequired\":true,\"valueName\":\"search_term_string\"}}],\"inLanguage\":\"de\"},{\"@type\":\"Organization\",\"@id\":\"https:\\\/\\\/eu-mark.com\\\/de\\\/#organization\",\"name\":\"EUMARK\",\"url\":\"https:\\\/\\\/eu-mark.com\\\/de\\\/\",\"logo\":{\"@type\":\"ImageObject\",\"inLanguage\":\"de\",\"@id\":\"https:\\\/\\\/eu-mark.com\\\/de\\\/#\\\/schema\\\/logo\\\/image\\\/\",\"url\":\"https:\\\/\\\/eu-mark.com\\\/wp-content\\\/uploads\\\/2025\\\/02\\\/eumark-logo-samo-EU-2018_06_19-10_17_06-UTC.jpg\",\"contentUrl\":\"https:\\\/\\\/eu-mark.com\\\/wp-content\\\/uploads\\\/2025\\\/02\\\/eumark-logo-samo-EU-2018_06_19-10_17_06-UTC.jpg\",\"width\":264,\"height\":268,\"caption\":\"EUMARK\"},\"image\":{\"@id\":\"https:\\\/\\\/eu-mark.com\\\/de\\\/#\\\/schema\\\/logo\\\/image\\\/\"},\"sameAs\":[\"https:\\\/\\\/www.facebook.com\\\/eumark.de\\\/\",\"https:\\\/\\\/www.youtube.com\\\/channel\\\/UCehJsM6xcqIQLzp0y9MjYPg\",\"https:\\\/\\\/www.linkedin.com\\\/company\\\/eumark\\\/\",\"https:\\\/\\\/www.instagram.com\\\/eumark_de\"]}]}<\/script>\n<!-- \/ Yoast SEO plugin. -->","yoast_head_json":{"title":"Markierungsfilz - Filz f\u00fcr elektrochemische Markierungs\u00e4tzung 375x500mm 10 \"x19\" - Electrochemical marking etching Electrochemical marking etching %","description":"Kostenloser Versand weltweit","robots":{"index":"index","follow":"follow","max-snippet":"max-snippet:-1","max-image-preview":"max-image-preview:large","max-video-preview":"max-video-preview:-1"},"canonical":"https:\/\/eu-mark.com\/de\/product\/markierungsfilz-filz-fuer-elektrochemische-markierungsaetzung-375x500mm-10-x19\/","og_locale":"de_DE","og_type":"article","og_title":"Markierungsfilz - Filz f\u00fcr elektrochemische Markierungs\u00e4tzung 375x500mm 10 \"x19\" - Electrochemical marking etching Electrochemical marking etching %","og_description":"Kostenloser Versand weltweit","og_url":"https:\/\/eu-mark.com\/de\/product\/markierungsfilz-filz-fuer-elektrochemische-markierungsaetzung-375x500mm-10-x19\/","og_site_name":"Electrochemical marking etching","article_publisher":"https:\/\/www.facebook.com\/eumark.de\/","og_image":[{"url":"https:\/\/eu-mark.com\/wp-content\/uploads\/2016\/12\/making_engraving-electrochemical_template-14-300x300.jpg","type":"","width":"","height":""}],"twitter_card":"summary_large_image","twitter_misc":{"Gesch\u00e4tzte Lesezeit":"1\u00a0Minute"},"schema":{"@context":"https:\/\/schema.org","@graph":[{"@type":"WebPage","@id":"https:\/\/eu-mark.com\/de\/product\/markierungsfilz-filz-fuer-elektrochemische-markierungsaetzung-375x500mm-10-x19\/","url":"https:\/\/eu-mark.com\/de\/product\/markierungsfilz-filz-fuer-elektrochemische-markierungsaetzung-375x500mm-10-x19\/","name":"Markierungsfilz - Filz f\u00fcr elektrochemische Markierungs\u00e4tzung 375x500mm 10 \"x19\" - Electrochemical marking etching Electrochemical marking etching %","isPartOf":{"@id":"https:\/\/eu-mark.com\/de\/#website"},"primaryImageOfPage":{"@id":"https:\/\/eu-mark.com\/de\/product\/markierungsfilz-filz-fuer-elektrochemische-markierungsaetzung-375x500mm-10-x19\/#primaryimage"},"image":{"@id":"https:\/\/eu-mark.com\/de\/product\/markierungsfilz-filz-fuer-elektrochemische-markierungsaetzung-375x500mm-10-x19\/#primaryimage"},"thumbnailUrl":"https:\/\/eu-mark.com\/wp-content\/uploads\/2016\/12\/IMG_7538-e1688649499245.jpg","datePublished":"2016-12-13T14:51:37+00:00","description":"Kostenloser Versand weltweit","breadcrumb":{"@id":"https:\/\/eu-mark.com\/de\/product\/markierungsfilz-filz-fuer-elektrochemische-markierungsaetzung-375x500mm-10-x19\/#breadcrumb"},"inLanguage":"de","potentialAction":[{"@type":"ReadAction","target":["https:\/\/eu-mark.com\/de\/product\/markierungsfilz-filz-fuer-elektrochemische-markierungsaetzung-375x500mm-10-x19\/"]}]},{"@type":"ImageObject","inLanguage":"de","@id":"https:\/\/eu-mark.com\/de\/product\/markierungsfilz-filz-fuer-elektrochemische-markierungsaetzung-375x500mm-10-x19\/#primaryimage","url":"https:\/\/eu-mark.com\/wp-content\/uploads\/2016\/12\/IMG_7538-e1688649499245.jpg","contentUrl":"https:\/\/eu-mark.com\/wp-content\/uploads\/2016\/12\/IMG_7538-e1688649499245.jpg","width":1200,"height":800,"caption":"Felt Filtz for electrochemical marking A i B HQ"},{"@type":"BreadcrumbList","@id":"https:\/\/eu-mark.com\/de\/product\/markierungsfilz-filz-fuer-elektrochemische-markierungsaetzung-375x500mm-10-x19\/#breadcrumb","itemListElement":[{"@type":"ListItem","position":1,"name":"Startseite","item":"https:\/\/eu-mark.com\/de\/home\/"},{"@type":"ListItem","position":2,"name":"Shop","item":"https:\/\/eu-mark.com\/de\/shop\/"},{"@type":"ListItem","position":3,"name":"Markierungsfilz &#8211; Filz f\u00fcr elektrochemische Markierungs\u00e4tzung 375x500mm 10 &#8222;x19&#8220;"}]},{"@type":"WebSite","@id":"https:\/\/eu-mark.com\/de\/#website","url":"https:\/\/eu-mark.com\/de\/","name":"eu-mark.com","description":"Electrochemical marking etching","publisher":{"@id":"https:\/\/eu-mark.com\/de\/#organization"},"potentialAction":[{"@type":"SearchAction","target":{"@type":"EntryPoint","urlTemplate":"https:\/\/eu-mark.com\/de\/?s={search_term_string}"},"query-input":{"@type":"PropertyValueSpecification","valueRequired":true,"valueName":"search_term_string"}}],"inLanguage":"de"},{"@type":"Organization","@id":"https:\/\/eu-mark.com\/de\/#organization","name":"EUMARK","url":"https:\/\/eu-mark.com\/de\/","logo":{"@type":"ImageObject","inLanguage":"de","@id":"https:\/\/eu-mark.com\/de\/#\/schema\/logo\/image\/","url":"https:\/\/eu-mark.com\/wp-content\/uploads\/2025\/02\/eumark-logo-samo-EU-2018_06_19-10_17_06-UTC.jpg","contentUrl":"https:\/\/eu-mark.com\/wp-content\/uploads\/2025\/02\/eumark-logo-samo-EU-2018_06_19-10_17_06-UTC.jpg","width":264,"height":268,"caption":"EUMARK"},"image":{"@id":"https:\/\/eu-mark.com\/de\/#\/schema\/logo\/image\/"},"sameAs":["https:\/\/www.facebook.com\/eumark.de\/","https:\/\/www.youtube.com\/channel\/UCehJsM6xcqIQLzp0y9MjYPg","https:\/\/www.linkedin.com\/company\/eumark\/","https:\/\/www.instagram.com\/eumark_de"]}]}},"_links":{"self":[{"href":"https:\/\/eu-mark.com\/de\/wp-json\/wp\/v2\/product\/6989","targetHints":{"allow":["GET"]}}],"collection":[{"href":"https:\/\/eu-mark.com\/de\/wp-json\/wp\/v2\/product"}],"about":[{"href":"https:\/\/eu-mark.com\/de\/wp-json\/wp\/v2\/types\/product"}],"replies":[{"embeddable":true,"href":"https:\/\/eu-mark.com\/de\/wp-json\/wp\/v2\/comments?post=6989"}],"wp:featuredmedia":[{"embeddable":true,"href":"https:\/\/eu-mark.com\/de\/wp-json\/wp\/v2\/media\/8030"}],"wp:attachment":[{"href":"https:\/\/eu-mark.com\/de\/wp-json\/wp\/v2\/media?parent=6989"}],"wp:term":[{"taxonomy":"product_brand","embeddable":true,"href":"https:\/\/eu-mark.com\/de\/wp-json\/wp\/v2\/product_brand?post=6989"},{"taxonomy":"product_cat","embeddable":true,"href":"https:\/\/eu-mark.com\/de\/wp-json\/wp\/v2\/product_cat?post=6989"},{"taxonomy":"product_tag","embeddable":true,"href":"https:\/\/eu-mark.com\/de\/wp-json\/wp\/v2\/product_tag?post=6989"}],"curies":[{"name":"wp","href":"https:\/\/api.w.org\/{rel}","templated":true}]}}