{"id":6991,"date":"2016-12-03T12:45:16","date_gmt":"2016-12-03T12:45:16","guid":{"rendered":"https:\/\/eu-mark.com\/product\/schablone-fuer-elektrochemische-markierungsaetzung-typ-1-25x25mm-oder-1-x1-signiertechn\/"},"modified":"2016-12-03T12:45:16","modified_gmt":"2016-12-03T12:45:16","slug":"schablone-fuer-elektrochemische-markierungsaetzung-typ-1-25x25mm-oder-1-x1-signiertechn","status":"publish","type":"product","link":"https:\/\/eu-mark.com\/de\/product\/schablone-fuer-elektrochemische-markierungsaetzung-typ-1-25x25mm-oder-1-x1-signiertechn\/","title":{"rendered":"Schablone f\u00fcr elektrochemische Markierungs\u00e4tzung Typ 1 25x25mm oder 1 &#8222;x1&#8220; SIGNIERTECHN"},"content":{"rendered":"<p>Fotoschablonen f\u00fcr elektrochemische Markierungs\u00e4tzung (SIGNIRTECHNIK)<\/p>\n<ul>\n<li>keine Reprokosten<\/li>\n<li>2500 dpi Fotoreproduktion<\/li>\n<li>Schablonen mit langer Lebensdauer<\/li>\n<li>Schicken Sie uns einfach Ihr Logo in einem beliebigen Format, wir antworten zur Best\u00e4tigung und senden es Ihnen kostenlos zu<\/li>\n<\/ul>\n","protected":false},"excerpt":{"rendered":"<p>Fotoschablonen f\u00fcr elektrochemische Markierungs\u00e4tzung (SIGNIRTECHNIK) keine Reprokosten 2500 dpi Fotoreproduktion Schablonen mit langer Lebensdauer Schicken Sie uns einfach Ihr Logo in einem beliebigen Format, wir antworten zur Best\u00e4tigung und senden es Ihnen kostenlos zu<\/p>\n","protected":false},"featured_media":7049,"comment_status":"closed","ping_status":"closed","template":"","meta":[],"product_brand":[],"product_cat":[154],"product_tag":[],"class_list":{"0":"post-6991","1":"product","2":"type-product","3":"status-publish","4":"has-post-thumbnail","6":"product_cat-elektrochemisches-atzen","8":"first","9":"instock","10":"featured","11":"shipping-taxable","12":"purchasable","13":"product-type-simple"},"yoast_head":"<!-- This site is optimized with the Yoast SEO plugin v27.4 - https:\/\/yoast.com\/product\/yoast-seo-wordpress\/ -->\n<title>Schablone f\u00fcr elektrochemische Markierungs\u00e4tzung Typ 1 25x25mm oder 1 &quot;x1&quot; SIGNIERTECHN - Electrochemical marking etching<\/title>\n<meta name=\"description\" content=\"Fotoschablonen f\u00fcr elektrochemische Markierungs\u00e4tzung (SIGNIRTECHNIK) keine Reprokosten 2500 dpi Fotoreproduktion Schablonen mit langer Lebensdauer\" \/>\n<meta name=\"robots\" content=\"index, follow, max-snippet:-1, max-image-preview:large, max-video-preview:-1\" \/>\n<link rel=\"canonical\" href=\"https:\/\/eu-mark.com\/de\/product\/schablone-fuer-elektrochemische-markierungsaetzung-typ-1-25x25mm-oder-1-x1-signiertechn\/\" \/>\n<meta property=\"og:locale\" content=\"de_DE\" \/>\n<meta property=\"og:type\" content=\"article\" \/>\n<meta property=\"og:title\" content=\"Schablone f\u00fcr elektrochemische Markierungs\u00e4tzung Typ 1 25x25mm oder 1 &quot;x1&quot; SIGNIERTECHN - Electrochemical marking etching\" \/>\n<meta property=\"og:description\" content=\"Fotoschablonen f\u00fcr elektrochemische Markierungs\u00e4tzung (SIGNIRTECHNIK) keine Reprokosten 2500 dpi Fotoreproduktion Schablonen mit langer Lebensdauer\" \/>\n<meta property=\"og:url\" content=\"https:\/\/eu-mark.com\/de\/product\/schablone-fuer-elektrochemische-markierungsaetzung-typ-1-25x25mm-oder-1-x1-signiertechn\/\" \/>\n<meta property=\"og:site_name\" content=\"Electrochemical marking etching\" \/>\n<meta property=\"article:publisher\" content=\"https:\/\/www.facebook.com\/eumark.de\/\" \/>\n<meta property=\"og:image\" content=\"https:\/\/eu-mark.com\/wp-content\/uploads\/2016\/12\/making_engraving-electrochemical_template-14.jpg\" \/>\n\t<meta property=\"og:image:width\" content=\"1000\" \/>\n\t<meta property=\"og:image:height\" content=\"1000\" \/>\n\t<meta property=\"og:image:type\" content=\"image\/jpeg\" \/>\n<meta name=\"twitter:card\" content=\"summary_large_image\" \/>\n<script type=\"application\/ld+json\" class=\"yoast-schema-graph\">{\"@context\":\"https:\\\/\\\/schema.org\",\"@graph\":[{\"@type\":\"WebPage\",\"@id\":\"https:\\\/\\\/eu-mark.com\\\/de\\\/product\\\/schablone-fuer-elektrochemische-markierungsaetzung-typ-1-25x25mm-oder-1-x1-signiertechn\\\/\",\"url\":\"https:\\\/\\\/eu-mark.com\\\/de\\\/product\\\/schablone-fuer-elektrochemische-markierungsaetzung-typ-1-25x25mm-oder-1-x1-signiertechn\\\/\",\"name\":\"Schablone f\u00fcr elektrochemische Markierungs\u00e4tzung Typ 1 25x25mm oder 1 \\\"x1\\\" SIGNIERTECHN - Electrochemical marking etching\",\"isPartOf\":{\"@id\":\"https:\\\/\\\/eu-mark.com\\\/de\\\/#website\"},\"primaryImageOfPage\":{\"@id\":\"https:\\\/\\\/eu-mark.com\\\/de\\\/product\\\/schablone-fuer-elektrochemische-markierungsaetzung-typ-1-25x25mm-oder-1-x1-signiertechn\\\/#primaryimage\"},\"image\":{\"@id\":\"https:\\\/\\\/eu-mark.com\\\/de\\\/product\\\/schablone-fuer-elektrochemische-markierungsaetzung-typ-1-25x25mm-oder-1-x1-signiertechn\\\/#primaryimage\"},\"thumbnailUrl\":\"https:\\\/\\\/eu-mark.com\\\/wp-content\\\/uploads\\\/2016\\\/12\\\/making_engraving-electrochemical_template-14.jpg\",\"datePublished\":\"2016-12-03T12:45:16+00:00\",\"description\":\"Fotoschablonen f\u00fcr elektrochemische Markierungs\u00e4tzung (SIGNIRTECHNIK) keine Reprokosten 2500 dpi Fotoreproduktion Schablonen mit langer Lebensdauer\",\"breadcrumb\":{\"@id\":\"https:\\\/\\\/eu-mark.com\\\/de\\\/product\\\/schablone-fuer-elektrochemische-markierungsaetzung-typ-1-25x25mm-oder-1-x1-signiertechn\\\/#breadcrumb\"},\"inLanguage\":\"de\",\"potentialAction\":[{\"@type\":\"ReadAction\",\"target\":[\"https:\\\/\\\/eu-mark.com\\\/de\\\/product\\\/schablone-fuer-elektrochemische-markierungsaetzung-typ-1-25x25mm-oder-1-x1-signiertechn\\\/\"]}]},{\"@type\":\"ImageObject\",\"inLanguage\":\"de\",\"@id\":\"https:\\\/\\\/eu-mark.com\\\/de\\\/product\\\/schablone-fuer-elektrochemische-markierungsaetzung-typ-1-25x25mm-oder-1-x1-signiertechn\\\/#primaryimage\",\"url\":\"https:\\\/\\\/eu-mark.com\\\/wp-content\\\/uploads\\\/2016\\\/12\\\/making_engraving-electrochemical_template-14.jpg\",\"contentUrl\":\"https:\\\/\\\/eu-mark.com\\\/wp-content\\\/uploads\\\/2016\\\/12\\\/making_engraving-electrochemical_template-14.jpg\",\"width\":1000,\"height\":1000},{\"@type\":\"BreadcrumbList\",\"@id\":\"https:\\\/\\\/eu-mark.com\\\/de\\\/product\\\/schablone-fuer-elektrochemische-markierungsaetzung-typ-1-25x25mm-oder-1-x1-signiertechn\\\/#breadcrumb\",\"itemListElement\":[{\"@type\":\"ListItem\",\"position\":1,\"name\":\"Startseite\",\"item\":\"https:\\\/\\\/eu-mark.com\\\/de\\\/home\\\/\"},{\"@type\":\"ListItem\",\"position\":2,\"name\":\"Shop\",\"item\":\"https:\\\/\\\/eu-mark.com\\\/de\\\/shop\\\/\"},{\"@type\":\"ListItem\",\"position\":3,\"name\":\"Schablone f\u00fcr elektrochemische Markierungs\u00e4tzung Typ 1 25x25mm oder 1 &#8220;x1&#8221; SIGNIERTECHN\"}]},{\"@type\":\"WebSite\",\"@id\":\"https:\\\/\\\/eu-mark.com\\\/de\\\/#website\",\"url\":\"https:\\\/\\\/eu-mark.com\\\/de\\\/\",\"name\":\"eu-mark.com\",\"description\":\"Electrochemical marking etching\",\"publisher\":{\"@id\":\"https:\\\/\\\/eu-mark.com\\\/de\\\/#organization\"},\"potentialAction\":[{\"@type\":\"SearchAction\",\"target\":{\"@type\":\"EntryPoint\",\"urlTemplate\":\"https:\\\/\\\/eu-mark.com\\\/de\\\/?s={search_term_string}\"},\"query-input\":{\"@type\":\"PropertyValueSpecification\",\"valueRequired\":true,\"valueName\":\"search_term_string\"}}],\"inLanguage\":\"de\"},{\"@type\":\"Organization\",\"@id\":\"https:\\\/\\\/eu-mark.com\\\/de\\\/#organization\",\"name\":\"EUMARK\",\"url\":\"https:\\\/\\\/eu-mark.com\\\/de\\\/\",\"logo\":{\"@type\":\"ImageObject\",\"inLanguage\":\"de\",\"@id\":\"https:\\\/\\\/eu-mark.com\\\/de\\\/#\\\/schema\\\/logo\\\/image\\\/\",\"url\":\"https:\\\/\\\/eu-mark.com\\\/wp-content\\\/uploads\\\/2025\\\/02\\\/eumark-logo-samo-EU-2018_06_19-10_17_06-UTC.jpg\",\"contentUrl\":\"https:\\\/\\\/eu-mark.com\\\/wp-content\\\/uploads\\\/2025\\\/02\\\/eumark-logo-samo-EU-2018_06_19-10_17_06-UTC.jpg\",\"width\":264,\"height\":268,\"caption\":\"EUMARK\"},\"image\":{\"@id\":\"https:\\\/\\\/eu-mark.com\\\/de\\\/#\\\/schema\\\/logo\\\/image\\\/\"},\"sameAs\":[\"https:\\\/\\\/www.facebook.com\\\/eumark.de\\\/\",\"https:\\\/\\\/www.youtube.com\\\/channel\\\/UCehJsM6xcqIQLzp0y9MjYPg\",\"https:\\\/\\\/www.linkedin.com\\\/company\\\/eumark\\\/\",\"https:\\\/\\\/www.instagram.com\\\/eumark_de\"]}]}<\/script>\n<!-- \/ Yoast SEO plugin. -->","yoast_head_json":{"title":"Schablone f\u00fcr elektrochemische Markierungs\u00e4tzung Typ 1 25x25mm oder 1 \"x1\" SIGNIERTECHN - Electrochemical marking etching","description":"Fotoschablonen f\u00fcr elektrochemische Markierungs\u00e4tzung (SIGNIRTECHNIK) keine Reprokosten 2500 dpi Fotoreproduktion Schablonen mit langer Lebensdauer","robots":{"index":"index","follow":"follow","max-snippet":"max-snippet:-1","max-image-preview":"max-image-preview:large","max-video-preview":"max-video-preview:-1"},"canonical":"https:\/\/eu-mark.com\/de\/product\/schablone-fuer-elektrochemische-markierungsaetzung-typ-1-25x25mm-oder-1-x1-signiertechn\/","og_locale":"de_DE","og_type":"article","og_title":"Schablone f\u00fcr elektrochemische Markierungs\u00e4tzung Typ 1 25x25mm oder 1 \"x1\" SIGNIERTECHN - Electrochemical marking etching","og_description":"Fotoschablonen f\u00fcr elektrochemische Markierungs\u00e4tzung (SIGNIRTECHNIK) keine Reprokosten 2500 dpi Fotoreproduktion Schablonen mit langer Lebensdauer","og_url":"https:\/\/eu-mark.com\/de\/product\/schablone-fuer-elektrochemische-markierungsaetzung-typ-1-25x25mm-oder-1-x1-signiertechn\/","og_site_name":"Electrochemical marking etching","article_publisher":"https:\/\/www.facebook.com\/eumark.de\/","og_image":[{"width":1000,"height":1000,"url":"https:\/\/eu-mark.com\/wp-content\/uploads\/2016\/12\/making_engraving-electrochemical_template-14.jpg","type":"image\/jpeg"}],"twitter_card":"summary_large_image","schema":{"@context":"https:\/\/schema.org","@graph":[{"@type":"WebPage","@id":"https:\/\/eu-mark.com\/de\/product\/schablone-fuer-elektrochemische-markierungsaetzung-typ-1-25x25mm-oder-1-x1-signiertechn\/","url":"https:\/\/eu-mark.com\/de\/product\/schablone-fuer-elektrochemische-markierungsaetzung-typ-1-25x25mm-oder-1-x1-signiertechn\/","name":"Schablone f\u00fcr elektrochemische Markierungs\u00e4tzung Typ 1 25x25mm oder 1 \"x1\" SIGNIERTECHN - Electrochemical marking etching","isPartOf":{"@id":"https:\/\/eu-mark.com\/de\/#website"},"primaryImageOfPage":{"@id":"https:\/\/eu-mark.com\/de\/product\/schablone-fuer-elektrochemische-markierungsaetzung-typ-1-25x25mm-oder-1-x1-signiertechn\/#primaryimage"},"image":{"@id":"https:\/\/eu-mark.com\/de\/product\/schablone-fuer-elektrochemische-markierungsaetzung-typ-1-25x25mm-oder-1-x1-signiertechn\/#primaryimage"},"thumbnailUrl":"https:\/\/eu-mark.com\/wp-content\/uploads\/2016\/12\/making_engraving-electrochemical_template-14.jpg","datePublished":"2016-12-03T12:45:16+00:00","description":"Fotoschablonen f\u00fcr elektrochemische Markierungs\u00e4tzung (SIGNIRTECHNIK) keine Reprokosten 2500 dpi Fotoreproduktion Schablonen mit langer Lebensdauer","breadcrumb":{"@id":"https:\/\/eu-mark.com\/de\/product\/schablone-fuer-elektrochemische-markierungsaetzung-typ-1-25x25mm-oder-1-x1-signiertechn\/#breadcrumb"},"inLanguage":"de","potentialAction":[{"@type":"ReadAction","target":["https:\/\/eu-mark.com\/de\/product\/schablone-fuer-elektrochemische-markierungsaetzung-typ-1-25x25mm-oder-1-x1-signiertechn\/"]}]},{"@type":"ImageObject","inLanguage":"de","@id":"https:\/\/eu-mark.com\/de\/product\/schablone-fuer-elektrochemische-markierungsaetzung-typ-1-25x25mm-oder-1-x1-signiertechn\/#primaryimage","url":"https:\/\/eu-mark.com\/wp-content\/uploads\/2016\/12\/making_engraving-electrochemical_template-14.jpg","contentUrl":"https:\/\/eu-mark.com\/wp-content\/uploads\/2016\/12\/making_engraving-electrochemical_template-14.jpg","width":1000,"height":1000},{"@type":"BreadcrumbList","@id":"https:\/\/eu-mark.com\/de\/product\/schablone-fuer-elektrochemische-markierungsaetzung-typ-1-25x25mm-oder-1-x1-signiertechn\/#breadcrumb","itemListElement":[{"@type":"ListItem","position":1,"name":"Startseite","item":"https:\/\/eu-mark.com\/de\/home\/"},{"@type":"ListItem","position":2,"name":"Shop","item":"https:\/\/eu-mark.com\/de\/shop\/"},{"@type":"ListItem","position":3,"name":"Schablone f\u00fcr elektrochemische Markierungs\u00e4tzung Typ 1 25x25mm oder 1 &#8220;x1&#8221; SIGNIERTECHN"}]},{"@type":"WebSite","@id":"https:\/\/eu-mark.com\/de\/#website","url":"https:\/\/eu-mark.com\/de\/","name":"eu-mark.com","description":"Electrochemical marking etching","publisher":{"@id":"https:\/\/eu-mark.com\/de\/#organization"},"potentialAction":[{"@type":"SearchAction","target":{"@type":"EntryPoint","urlTemplate":"https:\/\/eu-mark.com\/de\/?s={search_term_string}"},"query-input":{"@type":"PropertyValueSpecification","valueRequired":true,"valueName":"search_term_string"}}],"inLanguage":"de"},{"@type":"Organization","@id":"https:\/\/eu-mark.com\/de\/#organization","name":"EUMARK","url":"https:\/\/eu-mark.com\/de\/","logo":{"@type":"ImageObject","inLanguage":"de","@id":"https:\/\/eu-mark.com\/de\/#\/schema\/logo\/image\/","url":"https:\/\/eu-mark.com\/wp-content\/uploads\/2025\/02\/eumark-logo-samo-EU-2018_06_19-10_17_06-UTC.jpg","contentUrl":"https:\/\/eu-mark.com\/wp-content\/uploads\/2025\/02\/eumark-logo-samo-EU-2018_06_19-10_17_06-UTC.jpg","width":264,"height":268,"caption":"EUMARK"},"image":{"@id":"https:\/\/eu-mark.com\/de\/#\/schema\/logo\/image\/"},"sameAs":["https:\/\/www.facebook.com\/eumark.de\/","https:\/\/www.youtube.com\/channel\/UCehJsM6xcqIQLzp0y9MjYPg","https:\/\/www.linkedin.com\/company\/eumark\/","https:\/\/www.instagram.com\/eumark_de"]}]}},"_links":{"self":[{"href":"https:\/\/eu-mark.com\/de\/wp-json\/wp\/v2\/product\/6991","targetHints":{"allow":["GET"]}}],"collection":[{"href":"https:\/\/eu-mark.com\/de\/wp-json\/wp\/v2\/product"}],"about":[{"href":"https:\/\/eu-mark.com\/de\/wp-json\/wp\/v2\/types\/product"}],"replies":[{"embeddable":true,"href":"https:\/\/eu-mark.com\/de\/wp-json\/wp\/v2\/comments?post=6991"}],"wp:featuredmedia":[{"embeddable":true,"href":"https:\/\/eu-mark.com\/de\/wp-json\/wp\/v2\/media\/7049"}],"wp:attachment":[{"href":"https:\/\/eu-mark.com\/de\/wp-json\/wp\/v2\/media?parent=6991"}],"wp:term":[{"taxonomy":"product_brand","embeddable":true,"href":"https:\/\/eu-mark.com\/de\/wp-json\/wp\/v2\/product_brand?post=6991"},{"taxonomy":"product_cat","embeddable":true,"href":"https:\/\/eu-mark.com\/de\/wp-json\/wp\/v2\/product_cat?post=6991"},{"taxonomy":"product_tag","embeddable":true,"href":"https:\/\/eu-mark.com\/de\/wp-json\/wp\/v2\/product_tag?post=6991"}],"curies":[{"name":"wp","href":"https:\/\/api.w.org\/{rel}","templated":true}]}}