{"id":7046,"date":"2016-12-08T14:01:52","date_gmt":"2016-12-08T14:01:52","guid":{"rendered":"https:\/\/eu-mark.com\/product\/schablone-fuer-elektrochemische-markierungsaetzung-typ-3-50x50mm-oder-2-x2-signiertechnik\/"},"modified":"2016-12-08T14:01:52","modified_gmt":"2016-12-08T14:01:52","slug":"schablone-fuer-elektrochemische-markierungsaetzung-typ-3-50x50mm-oder-2-x2-signiertechnik","status":"publish","type":"product","link":"https:\/\/eu-mark.com\/de\/product\/schablone-fuer-elektrochemische-markierungsaetzung-typ-3-50x50mm-oder-2-x2-signiertechnik\/","title":{"rendered":"Schablone f\u00fcr elektrochemische Markierungs\u00e4tzung Typ 3 50x50mm oder 2 &#8222;x2&#8220; SIGNIERTECHNIK"},"content":{"rendered":"<p>Fotoschablonen f\u00fcr elektrochemische Markierungs\u00e4tzung (SIGNIRTECHNIK)<\/p>\n<ul>\n<li>keine Reprokosten<\/li>\n<li>2500 dpi Fotoreproduktion<\/li>\n<li>Schablonen mit langer Lebensdauer<\/li>\n<li>Schicken Sie uns einfach Ihr Logo in einem beliebigen Format, wir antworten zur Best\u00e4tigung und senden es Ihnen kostenlos zu<\/li>\n<\/ul>\n<p>&nbsp;<\/p>\n","protected":false},"excerpt":{"rendered":"<p><strong>Kostenloser Versand weltweit<\/strong><\/p>\n","protected":false},"featured_media":7049,"comment_status":"closed","ping_status":"closed","template":"","meta":[],"product_brand":[],"product_cat":[154,171],"product_tag":[],"class_list":{"0":"post-7046","1":"product","2":"type-product","3":"status-publish","4":"has-post-thumbnail","6":"product_cat-elektrochemisches-atzen","7":"product_cat-zubehor","9":"first","10":"instock","11":"featured","12":"shipping-taxable","13":"purchasable","14":"product-type-simple"},"yoast_head":"<!-- This site is optimized with the Yoast SEO plugin v27.4 - https:\/\/yoast.com\/product\/yoast-seo-wordpress\/ -->\n<title>Schablone f\u00fcr elektrochemische Markierungs\u00e4tzung Typ 3 50x50mm oder 2 &quot;x2&quot; SIGNIERTECHNIK - Electrochemical marking etching<\/title>\n<meta name=\"description\" content=\"Kostenloser Versand weltweit\" \/>\n<meta name=\"robots\" content=\"index, follow, max-snippet:-1, max-image-preview:large, max-video-preview:-1\" \/>\n<link rel=\"canonical\" href=\"https:\/\/eu-mark.com\/de\/product\/schablone-fuer-elektrochemische-markierungsaetzung-typ-3-50x50mm-oder-2-x2-signiertechnik\/\" \/>\n<meta property=\"og:locale\" content=\"de_DE\" \/>\n<meta property=\"og:type\" content=\"article\" \/>\n<meta property=\"og:title\" content=\"Schablone f\u00fcr elektrochemische Markierungs\u00e4tzung Typ 3 50x50mm oder 2 &quot;x2&quot; SIGNIERTECHNIK - Electrochemical marking etching\" \/>\n<meta property=\"og:description\" content=\"Kostenloser Versand weltweit\" \/>\n<meta property=\"og:url\" content=\"https:\/\/eu-mark.com\/de\/product\/schablone-fuer-elektrochemische-markierungsaetzung-typ-3-50x50mm-oder-2-x2-signiertechnik\/\" \/>\n<meta property=\"og:site_name\" content=\"Electrochemical marking etching\" \/>\n<meta property=\"article:publisher\" content=\"https:\/\/www.facebook.com\/eumark.de\/\" \/>\n<meta property=\"og:image\" content=\"https:\/\/eu-mark.com\/wp-content\/uploads\/2016\/12\/making_engraving-electrochemical_template-14.jpg\" \/>\n\t<meta property=\"og:image:width\" content=\"1000\" \/>\n\t<meta property=\"og:image:height\" content=\"1000\" \/>\n\t<meta property=\"og:image:type\" content=\"image\/jpeg\" \/>\n<meta name=\"twitter:card\" content=\"summary_large_image\" \/>\n<script type=\"application\/ld+json\" class=\"yoast-schema-graph\">{\"@context\":\"https:\\\/\\\/schema.org\",\"@graph\":[{\"@type\":\"WebPage\",\"@id\":\"https:\\\/\\\/eu-mark.com\\\/de\\\/product\\\/schablone-fuer-elektrochemische-markierungsaetzung-typ-3-50x50mm-oder-2-x2-signiertechnik\\\/\",\"url\":\"https:\\\/\\\/eu-mark.com\\\/de\\\/product\\\/schablone-fuer-elektrochemische-markierungsaetzung-typ-3-50x50mm-oder-2-x2-signiertechnik\\\/\",\"name\":\"Schablone f\u00fcr elektrochemische Markierungs\u00e4tzung Typ 3 50x50mm oder 2 \\\"x2\\\" SIGNIERTECHNIK - Electrochemical marking etching\",\"isPartOf\":{\"@id\":\"https:\\\/\\\/eu-mark.com\\\/de\\\/#website\"},\"primaryImageOfPage\":{\"@id\":\"https:\\\/\\\/eu-mark.com\\\/de\\\/product\\\/schablone-fuer-elektrochemische-markierungsaetzung-typ-3-50x50mm-oder-2-x2-signiertechnik\\\/#primaryimage\"},\"image\":{\"@id\":\"https:\\\/\\\/eu-mark.com\\\/de\\\/product\\\/schablone-fuer-elektrochemische-markierungsaetzung-typ-3-50x50mm-oder-2-x2-signiertechnik\\\/#primaryimage\"},\"thumbnailUrl\":\"https:\\\/\\\/eu-mark.com\\\/wp-content\\\/uploads\\\/2016\\\/12\\\/making_engraving-electrochemical_template-14.jpg\",\"datePublished\":\"2016-12-08T14:01:52+00:00\",\"description\":\"Kostenloser Versand weltweit\",\"breadcrumb\":{\"@id\":\"https:\\\/\\\/eu-mark.com\\\/de\\\/product\\\/schablone-fuer-elektrochemische-markierungsaetzung-typ-3-50x50mm-oder-2-x2-signiertechnik\\\/#breadcrumb\"},\"inLanguage\":\"de\",\"potentialAction\":[{\"@type\":\"ReadAction\",\"target\":[\"https:\\\/\\\/eu-mark.com\\\/de\\\/product\\\/schablone-fuer-elektrochemische-markierungsaetzung-typ-3-50x50mm-oder-2-x2-signiertechnik\\\/\"]}]},{\"@type\":\"ImageObject\",\"inLanguage\":\"de\",\"@id\":\"https:\\\/\\\/eu-mark.com\\\/de\\\/product\\\/schablone-fuer-elektrochemische-markierungsaetzung-typ-3-50x50mm-oder-2-x2-signiertechnik\\\/#primaryimage\",\"url\":\"https:\\\/\\\/eu-mark.com\\\/wp-content\\\/uploads\\\/2016\\\/12\\\/making_engraving-electrochemical_template-14.jpg\",\"contentUrl\":\"https:\\\/\\\/eu-mark.com\\\/wp-content\\\/uploads\\\/2016\\\/12\\\/making_engraving-electrochemical_template-14.jpg\",\"width\":1000,\"height\":1000},{\"@type\":\"BreadcrumbList\",\"@id\":\"https:\\\/\\\/eu-mark.com\\\/de\\\/product\\\/schablone-fuer-elektrochemische-markierungsaetzung-typ-3-50x50mm-oder-2-x2-signiertechnik\\\/#breadcrumb\",\"itemListElement\":[{\"@type\":\"ListItem\",\"position\":1,\"name\":\"Startseite\",\"item\":\"https:\\\/\\\/eu-mark.com\\\/de\\\/home\\\/\"},{\"@type\":\"ListItem\",\"position\":2,\"name\":\"Shop\",\"item\":\"https:\\\/\\\/eu-mark.com\\\/de\\\/shop\\\/\"},{\"@type\":\"ListItem\",\"position\":3,\"name\":\"Schablone f\u00fcr elektrochemische Markierungs\u00e4tzung Typ 3 50x50mm oder 2 &#8222;x2&#8220; SIGNIERTECHNIK\"}]},{\"@type\":\"WebSite\",\"@id\":\"https:\\\/\\\/eu-mark.com\\\/de\\\/#website\",\"url\":\"https:\\\/\\\/eu-mark.com\\\/de\\\/\",\"name\":\"eu-mark.com\",\"description\":\"Electrochemical marking etching\",\"publisher\":{\"@id\":\"https:\\\/\\\/eu-mark.com\\\/de\\\/#organization\"},\"potentialAction\":[{\"@type\":\"SearchAction\",\"target\":{\"@type\":\"EntryPoint\",\"urlTemplate\":\"https:\\\/\\\/eu-mark.com\\\/de\\\/?s={search_term_string}\"},\"query-input\":{\"@type\":\"PropertyValueSpecification\",\"valueRequired\":true,\"valueName\":\"search_term_string\"}}],\"inLanguage\":\"de\"},{\"@type\":\"Organization\",\"@id\":\"https:\\\/\\\/eu-mark.com\\\/de\\\/#organization\",\"name\":\"EUMARK\",\"url\":\"https:\\\/\\\/eu-mark.com\\\/de\\\/\",\"logo\":{\"@type\":\"ImageObject\",\"inLanguage\":\"de\",\"@id\":\"https:\\\/\\\/eu-mark.com\\\/de\\\/#\\\/schema\\\/logo\\\/image\\\/\",\"url\":\"https:\\\/\\\/eu-mark.com\\\/wp-content\\\/uploads\\\/2025\\\/02\\\/eumark-logo-samo-EU-2018_06_19-10_17_06-UTC.jpg\",\"contentUrl\":\"https:\\\/\\\/eu-mark.com\\\/wp-content\\\/uploads\\\/2025\\\/02\\\/eumark-logo-samo-EU-2018_06_19-10_17_06-UTC.jpg\",\"width\":264,\"height\":268,\"caption\":\"EUMARK\"},\"image\":{\"@id\":\"https:\\\/\\\/eu-mark.com\\\/de\\\/#\\\/schema\\\/logo\\\/image\\\/\"},\"sameAs\":[\"https:\\\/\\\/www.facebook.com\\\/eumark.de\\\/\",\"https:\\\/\\\/www.youtube.com\\\/channel\\\/UCehJsM6xcqIQLzp0y9MjYPg\",\"https:\\\/\\\/www.linkedin.com\\\/company\\\/eumark\\\/\",\"https:\\\/\\\/www.instagram.com\\\/eumark_de\"]}]}<\/script>\n<!-- \/ Yoast SEO plugin. -->","yoast_head_json":{"title":"Schablone f\u00fcr elektrochemische Markierungs\u00e4tzung Typ 3 50x50mm oder 2 \"x2\" SIGNIERTECHNIK - Electrochemical marking etching","description":"Kostenloser Versand weltweit","robots":{"index":"index","follow":"follow","max-snippet":"max-snippet:-1","max-image-preview":"max-image-preview:large","max-video-preview":"max-video-preview:-1"},"canonical":"https:\/\/eu-mark.com\/de\/product\/schablone-fuer-elektrochemische-markierungsaetzung-typ-3-50x50mm-oder-2-x2-signiertechnik\/","og_locale":"de_DE","og_type":"article","og_title":"Schablone f\u00fcr elektrochemische Markierungs\u00e4tzung Typ 3 50x50mm oder 2 \"x2\" SIGNIERTECHNIK - Electrochemical marking etching","og_description":"Kostenloser Versand weltweit","og_url":"https:\/\/eu-mark.com\/de\/product\/schablone-fuer-elektrochemische-markierungsaetzung-typ-3-50x50mm-oder-2-x2-signiertechnik\/","og_site_name":"Electrochemical marking etching","article_publisher":"https:\/\/www.facebook.com\/eumark.de\/","og_image":[{"width":1000,"height":1000,"url":"https:\/\/eu-mark.com\/wp-content\/uploads\/2016\/12\/making_engraving-electrochemical_template-14.jpg","type":"image\/jpeg"}],"twitter_card":"summary_large_image","schema":{"@context":"https:\/\/schema.org","@graph":[{"@type":"WebPage","@id":"https:\/\/eu-mark.com\/de\/product\/schablone-fuer-elektrochemische-markierungsaetzung-typ-3-50x50mm-oder-2-x2-signiertechnik\/","url":"https:\/\/eu-mark.com\/de\/product\/schablone-fuer-elektrochemische-markierungsaetzung-typ-3-50x50mm-oder-2-x2-signiertechnik\/","name":"Schablone f\u00fcr elektrochemische Markierungs\u00e4tzung Typ 3 50x50mm oder 2 \"x2\" SIGNIERTECHNIK - Electrochemical marking etching","isPartOf":{"@id":"https:\/\/eu-mark.com\/de\/#website"},"primaryImageOfPage":{"@id":"https:\/\/eu-mark.com\/de\/product\/schablone-fuer-elektrochemische-markierungsaetzung-typ-3-50x50mm-oder-2-x2-signiertechnik\/#primaryimage"},"image":{"@id":"https:\/\/eu-mark.com\/de\/product\/schablone-fuer-elektrochemische-markierungsaetzung-typ-3-50x50mm-oder-2-x2-signiertechnik\/#primaryimage"},"thumbnailUrl":"https:\/\/eu-mark.com\/wp-content\/uploads\/2016\/12\/making_engraving-electrochemical_template-14.jpg","datePublished":"2016-12-08T14:01:52+00:00","description":"Kostenloser Versand weltweit","breadcrumb":{"@id":"https:\/\/eu-mark.com\/de\/product\/schablone-fuer-elektrochemische-markierungsaetzung-typ-3-50x50mm-oder-2-x2-signiertechnik\/#breadcrumb"},"inLanguage":"de","potentialAction":[{"@type":"ReadAction","target":["https:\/\/eu-mark.com\/de\/product\/schablone-fuer-elektrochemische-markierungsaetzung-typ-3-50x50mm-oder-2-x2-signiertechnik\/"]}]},{"@type":"ImageObject","inLanguage":"de","@id":"https:\/\/eu-mark.com\/de\/product\/schablone-fuer-elektrochemische-markierungsaetzung-typ-3-50x50mm-oder-2-x2-signiertechnik\/#primaryimage","url":"https:\/\/eu-mark.com\/wp-content\/uploads\/2016\/12\/making_engraving-electrochemical_template-14.jpg","contentUrl":"https:\/\/eu-mark.com\/wp-content\/uploads\/2016\/12\/making_engraving-electrochemical_template-14.jpg","width":1000,"height":1000},{"@type":"BreadcrumbList","@id":"https:\/\/eu-mark.com\/de\/product\/schablone-fuer-elektrochemische-markierungsaetzung-typ-3-50x50mm-oder-2-x2-signiertechnik\/#breadcrumb","itemListElement":[{"@type":"ListItem","position":1,"name":"Startseite","item":"https:\/\/eu-mark.com\/de\/home\/"},{"@type":"ListItem","position":2,"name":"Shop","item":"https:\/\/eu-mark.com\/de\/shop\/"},{"@type":"ListItem","position":3,"name":"Schablone f\u00fcr elektrochemische Markierungs\u00e4tzung Typ 3 50x50mm oder 2 &#8222;x2&#8220; SIGNIERTECHNIK"}]},{"@type":"WebSite","@id":"https:\/\/eu-mark.com\/de\/#website","url":"https:\/\/eu-mark.com\/de\/","name":"eu-mark.com","description":"Electrochemical marking etching","publisher":{"@id":"https:\/\/eu-mark.com\/de\/#organization"},"potentialAction":[{"@type":"SearchAction","target":{"@type":"EntryPoint","urlTemplate":"https:\/\/eu-mark.com\/de\/?s={search_term_string}"},"query-input":{"@type":"PropertyValueSpecification","valueRequired":true,"valueName":"search_term_string"}}],"inLanguage":"de"},{"@type":"Organization","@id":"https:\/\/eu-mark.com\/de\/#organization","name":"EUMARK","url":"https:\/\/eu-mark.com\/de\/","logo":{"@type":"ImageObject","inLanguage":"de","@id":"https:\/\/eu-mark.com\/de\/#\/schema\/logo\/image\/","url":"https:\/\/eu-mark.com\/wp-content\/uploads\/2025\/02\/eumark-logo-samo-EU-2018_06_19-10_17_06-UTC.jpg","contentUrl":"https:\/\/eu-mark.com\/wp-content\/uploads\/2025\/02\/eumark-logo-samo-EU-2018_06_19-10_17_06-UTC.jpg","width":264,"height":268,"caption":"EUMARK"},"image":{"@id":"https:\/\/eu-mark.com\/de\/#\/schema\/logo\/image\/"},"sameAs":["https:\/\/www.facebook.com\/eumark.de\/","https:\/\/www.youtube.com\/channel\/UCehJsM6xcqIQLzp0y9MjYPg","https:\/\/www.linkedin.com\/company\/eumark\/","https:\/\/www.instagram.com\/eumark_de"]}]}},"_links":{"self":[{"href":"https:\/\/eu-mark.com\/de\/wp-json\/wp\/v2\/product\/7046","targetHints":{"allow":["GET"]}}],"collection":[{"href":"https:\/\/eu-mark.com\/de\/wp-json\/wp\/v2\/product"}],"about":[{"href":"https:\/\/eu-mark.com\/de\/wp-json\/wp\/v2\/types\/product"}],"replies":[{"embeddable":true,"href":"https:\/\/eu-mark.com\/de\/wp-json\/wp\/v2\/comments?post=7046"}],"wp:featuredmedia":[{"embeddable":true,"href":"https:\/\/eu-mark.com\/de\/wp-json\/wp\/v2\/media\/7049"}],"wp:attachment":[{"href":"https:\/\/eu-mark.com\/de\/wp-json\/wp\/v2\/media?parent=7046"}],"wp:term":[{"taxonomy":"product_brand","embeddable":true,"href":"https:\/\/eu-mark.com\/de\/wp-json\/wp\/v2\/product_brand?post=7046"},{"taxonomy":"product_cat","embeddable":true,"href":"https:\/\/eu-mark.com\/de\/wp-json\/wp\/v2\/product_cat?post=7046"},{"taxonomy":"product_tag","embeddable":true,"href":"https:\/\/eu-mark.com\/de\/wp-json\/wp\/v2\/product_tag?post=7046"}],"curies":[{"name":"wp","href":"https:\/\/api.w.org\/{rel}","templated":true}]}}