{"id":7238,"date":"2021-03-25T11:39:13","date_gmt":"2021-03-25T11:39:13","guid":{"rendered":"https:\/\/eu-mark.com\/product\/eumark-schablonendrucker-58mm-mit-schablonenbaendern-6-stueck-58mmx10meter-lang\/"},"modified":"2021-03-25T11:39:13","modified_gmt":"2021-03-25T11:39:13","slug":"eumark-schablonendrucker-58mm-mit-schablonenbaendern-6-stueck-58mmx10meter-lang","status":"publish","type":"product","link":"https:\/\/eu-mark.com\/de\/product\/eumark-schablonendrucker-58mm-mit-schablonenbaendern-6-stueck-58mmx10meter-lang\/","title":{"rendered":"EUmark Schablonendrucker 58mm mit Schablonenb\u00e4ndern 6 St\u00fcck (58mmx10Meter lang)"},"content":{"rendered":"<h1 style=\"text-align: center;\">Kennzeichnung von Metall. Kennzeichnung von Metallteilen mit Ihrem Logo oder Ihrer Seriennummer. <a href=\"https:\/\/eumark.biz\/en-us\/blogs\/news\/mastering-the-art-of-electrochemical-marking-engraving-enhancing-stencil-quality\">Casio Schablonenband Ersatz<\/a>. <\/h1>\n<p>Endlich haben wir eine L\u00f6sung, mit der Sie zu Hause oder in der Werkstatt schnell, einfach und sehr g\u00fcnstig Schablonen herstellen k\u00f6nnen. Sie ben\u00f6tigen einen Drucker und ein Schablonenband f\u00fcr die Markierung (elektrochemische Markierung ist das elektrochemische \u00c4tzen von Metalloberfl\u00e4chen). Wenn Sie unseren Schablonendrucker mit Schablonenb\u00e4ndern verwenden, ben\u00f6tigen Sie nur wenige Minuten, um eine eigene Schablone zu erstellen und schnell zu markieren. Kennzeichnung von Metall Kennzeichnung von Metallteilen mit Logotext oder Seriennummer<\/p>\n<p><em><strong>Seriennummern, Datum, Text und sogar das Logo k\u00f6nnen in wenigen Minuten erstellt werden!!!<\/strong><\/em><\/p>\n<p><em><strong>1. was ist eine elektrochemische Markierung?<\/strong><\/em>  Bei der elektrochemischen Markierung handelt es sich um das elektrochemische \u00c4tzen von Metalloberfl\u00e4chen unter Verwendung einer geringen Menge elektrischen Stroms, eines Elektrolyts, eines Markers mit einer Unterlage, die das Elektrolyt aufnimmt und den Strom leitet, und einer Schablone mit dem gew\u00fcnschten Bild. <em><strong>2. <a href=\"\">Fakten zur elektrochemischen Markierung<\/a><\/strong> <\/em>(schnell, billig, einfach, sicher und hochwertig) Die elektrochemische Markierung ist die schnellste Technik zur dauerhaften Markierung von leitf\u00e4higen Metalloberfl\u00e4chen. Sie erzeugt eine scharfe, saubere, attraktive und kosteng\u00fcnstige Markierung, ohne das zu markierende Teil zu besch\u00e4digen, zu belasten oder zu verformen. Der Abdruck ist dauerhaft und randlos. Es gibt keine Korrosion oder andere negative Auswirkungen auf das Material.<\/p>\n<p>     Der Vorgang dauert nur ein paar Sekunden und die Markierungen sind etwa 0,025 mm tief. Je nach Funktion und gew\u00e4hltem Elektrolyt k\u00f6nnen Sie klare \u00c4tzspuren, schwarze Oxidspuren oder wei\u00dfe Spuren auf chemisch geschw\u00e4rzten Komponenten erzielen. Die Form des Werkst\u00fccks kann flach, rund, massiv oder hohl, montiert oder undicht sein. Das Ger\u00e4t ist sehr zuverl\u00e4ssig, langlebig und eignet sich f\u00fcr viele industrielle Anforderungen. Der gesamte Prozess ist sehr einfach, ben\u00f6tigt nicht viel Platz, kann w\u00e4hrend der Herstellung oder vor der Auslieferung durchgef\u00fchrt werden, erfordert keine spezielle Ausbildung und ist sehr sicher. <em><strong>3. Wo k\u00f6nnen Sie die elektrochemische Markierung einsetzen?<\/strong><\/em> Die elektrochemische Markierung wird von einer Vielzahl von Herstellern verwendet. Das Verfahren wird h\u00e4ufig zur Kennzeichnung von Besteck, Werkzeugen, Gewindebohrern, Bohrern, S\u00e4gebl\u00e4ttern und in der Automobil- und Luftfahrtindustrie eingesetzt. Auch kleine Unternehmen, Hobbyisten und K\u00fcnstler k\u00f6nnen elektrochemische Markierungen verwenden.    <\/p>\n<p><img loading=\"lazy\" decoding=\"async\" class=\"alignnone size-medium wp-image-5228\" src=\"https:\/\/eu-mark.com\/wp-content\/uploads\/2021\/04\/making-template-stencil-printer-01-300x300.jpg\" alt=\"Schablone herstellen Schablonendrucker\" width=\"300\" height=\"300\" srcset=\"https:\/\/eu-mark.com\/wp-content\/uploads\/2021\/04\/making-template-stencil-printer-01-300x300.jpg 300w, https:\/\/eu-mark.com\/wp-content\/uploads\/2021\/04\/making-template-stencil-printer-01-150x150.jpg 150w, https:\/\/eu-mark.com\/wp-content\/uploads\/2021\/04\/making-template-stencil-printer-01-768x768.jpg 768w, https:\/\/eu-mark.com\/wp-content\/uploads\/2021\/04\/making-template-stencil-printer-01-510x510.jpg 510w, https:\/\/eu-mark.com\/wp-content\/uploads\/2021\/04\/making-template-stencil-printer-01-100x100.jpg 100w, https:\/\/eu-mark.com\/wp-content\/uploads\/2021\/04\/making-template-stencil-printer-01-60x60.jpg 60w, https:\/\/eu-mark.com\/wp-content\/uploads\/2021\/04\/making-template-stencil-printer-01-90x90.jpg 90w, https:\/\/eu-mark.com\/wp-content\/uploads\/2021\/04\/making-template-stencil-printer-01.jpg 1000w\" sizes=\"auto, (max-width: 300px) 100vw, 300px\" \/><\/p>\n<p>Kennzeichnung von Metall Kennzeichnung von Metallteilen mit Logotext oder Seriennummer<\/p>\n","protected":false},"excerpt":{"rendered":"<p><strong>Kostenloser Versand weltweit<\/strong><\/p>\n<p>Debit- oder Kreditkarte Mit PayPal zur Kasse gehen Sie brauchen kein PayPal-Konto EUmark Schablonendrucker 58mm mit Schablonenb\u00e4ndern 6 St\u00fcck (58mmx10 Meter lang) Endlich haben wir eine L\u00f6sung, um schnell, einfach und sehr g\u00fcnstig Schablonen zu Hause oder in der Werkstatt herzustellen. Sie ben\u00f6tigen einen Drucker und ein Schablonenband zum Markieren (elektrochemisches Markieren ist das elektrochemische \u00c4tzen von Metalloberfl\u00e4chen). Wenn Sie unseren Schablonendrucker mit Schablonenb\u00e4ndern verwenden, ben\u00f6tigen Sie nur wenige Minuten, um eine eigene Schablone zu erstellen und schnell zu markieren.<\/p>\n<p><em><strong>Seriennummern, Datum, Text und sogar ein Logo k\u00f6nnen in wenigen Minuten erstellt werden!!!<\/strong><\/em><\/p>\n","protected":false},"featured_media":7368,"comment_status":"open","ping_status":"closed","template":"","meta":[],"product_brand":[],"product_cat":[154],"product_tag":[],"class_list":{"0":"post-7238","1":"product","2":"type-product","3":"status-publish","4":"has-post-thumbnail","6":"product_cat-elektrochemisches-atzen","8":"first","9":"instock","10":"shipping-taxable","11":"purchasable","12":"product-type-simple"},"yoast_head":"<!-- This site is optimized with the Yoast SEO plugin v27.4 - https:\/\/yoast.com\/product\/yoast-seo-wordpress\/ -->\n<title>Kennzeichnung von Metall Kennzeichnung von Metallteilen mit Logotext oder Seriennummer<\/title>\n<meta name=\"description\" content=\"Kennzeichnung von Metall Kennzeichnung von Metallteilen mit Logotext oder Seriennummer. Endlich haben wir eine L\u00f6sung, mit der Sie schnell, einfach und sehr preiswert Schablonen zu Hause oder in der Werkstatt herstellen k\u00f6nnen.\" \/>\n<meta name=\"robots\" content=\"index, follow, max-snippet:-1, max-image-preview:large, max-video-preview:-1\" \/>\n<link rel=\"canonical\" href=\"https:\/\/eu-mark.com\/de\/product\/eumark-schablonendrucker-58mm-mit-schablonenbaendern-6-stueck-58mmx10meter-lang\/\" \/>\n<meta property=\"og:locale\" content=\"de_DE\" \/>\n<meta property=\"og:type\" content=\"article\" \/>\n<meta property=\"og:title\" content=\"Kennzeichnung von Metall Kennzeichnung von Metallteilen mit Logotext oder Seriennummer\" \/>\n<meta property=\"og:description\" content=\"Kennzeichnung von Metall Kennzeichnung von Metallteilen mit Logotext oder Seriennummer. Endlich haben wir eine L\u00f6sung, mit der Sie schnell, einfach und sehr preiswert Schablonen zu Hause oder in der Werkstatt herstellen k\u00f6nnen.\" \/>\n<meta property=\"og:url\" content=\"https:\/\/eu-mark.com\/de\/product\/eumark-schablonendrucker-58mm-mit-schablonenbaendern-6-stueck-58mmx10meter-lang\/\" \/>\n<meta property=\"og:site_name\" content=\"Electrochemical marking etching\" \/>\n<meta property=\"article:publisher\" content=\"https:\/\/www.facebook.com\/eumark.de\/\" \/>\n<meta property=\"og:image\" content=\"https:\/\/eu-mark.com\/wp-content\/uploads\/2021\/04\/stencil_printer_eumark_P58D_2inch.jpg\" \/>\n\t<meta property=\"og:image:width\" content=\"1000\" \/>\n\t<meta property=\"og:image:height\" content=\"1000\" \/>\n\t<meta property=\"og:image:type\" content=\"image\/jpeg\" \/>\n<meta name=\"twitter:card\" content=\"summary_large_image\" \/>\n<meta name=\"twitter:label1\" content=\"Gesch\u00e4tzte Lesezeit\" \/>\n\t<meta name=\"twitter:data1\" content=\"2 Minuten\" \/>\n<script type=\"application\/ld+json\" class=\"yoast-schema-graph\">{\"@context\":\"https:\\\/\\\/schema.org\",\"@graph\":[{\"@type\":\"WebPage\",\"@id\":\"https:\\\/\\\/eu-mark.com\\\/de\\\/product\\\/eumark-schablonendrucker-58mm-mit-schablonenbaendern-6-stueck-58mmx10meter-lang\\\/\",\"url\":\"https:\\\/\\\/eu-mark.com\\\/de\\\/product\\\/eumark-schablonendrucker-58mm-mit-schablonenbaendern-6-stueck-58mmx10meter-lang\\\/\",\"name\":\"Kennzeichnung von Metall Kennzeichnung von Metallteilen mit Logotext oder Seriennummer\",\"isPartOf\":{\"@id\":\"https:\\\/\\\/eu-mark.com\\\/de\\\/#website\"},\"primaryImageOfPage\":{\"@id\":\"https:\\\/\\\/eu-mark.com\\\/de\\\/product\\\/eumark-schablonendrucker-58mm-mit-schablonenbaendern-6-stueck-58mmx10meter-lang\\\/#primaryimage\"},\"image\":{\"@id\":\"https:\\\/\\\/eu-mark.com\\\/de\\\/product\\\/eumark-schablonendrucker-58mm-mit-schablonenbaendern-6-stueck-58mmx10meter-lang\\\/#primaryimage\"},\"thumbnailUrl\":\"https:\\\/\\\/eu-mark.com\\\/wp-content\\\/uploads\\\/2021\\\/04\\\/stencil_printer_eumark_P58D_2inch.jpg\",\"datePublished\":\"2021-03-25T11:39:13+00:00\",\"description\":\"Kennzeichnung von Metall Kennzeichnung von Metallteilen mit Logotext oder Seriennummer. Endlich haben wir eine L\u00f6sung, mit der Sie schnell, einfach und sehr preiswert Schablonen zu Hause oder in der Werkstatt herstellen k\u00f6nnen.\",\"breadcrumb\":{\"@id\":\"https:\\\/\\\/eu-mark.com\\\/de\\\/product\\\/eumark-schablonendrucker-58mm-mit-schablonenbaendern-6-stueck-58mmx10meter-lang\\\/#breadcrumb\"},\"inLanguage\":\"de\",\"potentialAction\":[{\"@type\":\"ReadAction\",\"target\":[\"https:\\\/\\\/eu-mark.com\\\/de\\\/product\\\/eumark-schablonendrucker-58mm-mit-schablonenbaendern-6-stueck-58mmx10meter-lang\\\/\"]}]},{\"@type\":\"ImageObject\",\"inLanguage\":\"de\",\"@id\":\"https:\\\/\\\/eu-mark.com\\\/de\\\/product\\\/eumark-schablonendrucker-58mm-mit-schablonenbaendern-6-stueck-58mmx10meter-lang\\\/#primaryimage\",\"url\":\"https:\\\/\\\/eu-mark.com\\\/wp-content\\\/uploads\\\/2021\\\/04\\\/stencil_printer_eumark_P58D_2inch.jpg\",\"contentUrl\":\"https:\\\/\\\/eu-mark.com\\\/wp-content\\\/uploads\\\/2021\\\/04\\\/stencil_printer_eumark_P58D_2inch.jpg\",\"width\":1000,\"height\":1000},{\"@type\":\"BreadcrumbList\",\"@id\":\"https:\\\/\\\/eu-mark.com\\\/de\\\/product\\\/eumark-schablonendrucker-58mm-mit-schablonenbaendern-6-stueck-58mmx10meter-lang\\\/#breadcrumb\",\"itemListElement\":[{\"@type\":\"ListItem\",\"position\":1,\"name\":\"Startseite\",\"item\":\"https:\\\/\\\/eu-mark.com\\\/de\\\/home\\\/\"},{\"@type\":\"ListItem\",\"position\":2,\"name\":\"Shop\",\"item\":\"https:\\\/\\\/eu-mark.com\\\/de\\\/shop\\\/\"},{\"@type\":\"ListItem\",\"position\":3,\"name\":\"EUmark Schablonendrucker 58mm mit Schablonenb\u00e4ndern 6 St\u00fcck (58mmx10Meter lang)\"}]},{\"@type\":\"WebSite\",\"@id\":\"https:\\\/\\\/eu-mark.com\\\/de\\\/#website\",\"url\":\"https:\\\/\\\/eu-mark.com\\\/de\\\/\",\"name\":\"eu-mark.com\",\"description\":\"Electrochemical marking etching\",\"publisher\":{\"@id\":\"https:\\\/\\\/eu-mark.com\\\/de\\\/#organization\"},\"potentialAction\":[{\"@type\":\"SearchAction\",\"target\":{\"@type\":\"EntryPoint\",\"urlTemplate\":\"https:\\\/\\\/eu-mark.com\\\/de\\\/?s={search_term_string}\"},\"query-input\":{\"@type\":\"PropertyValueSpecification\",\"valueRequired\":true,\"valueName\":\"search_term_string\"}}],\"inLanguage\":\"de\"},{\"@type\":\"Organization\",\"@id\":\"https:\\\/\\\/eu-mark.com\\\/de\\\/#organization\",\"name\":\"EUMARK\",\"url\":\"https:\\\/\\\/eu-mark.com\\\/de\\\/\",\"logo\":{\"@type\":\"ImageObject\",\"inLanguage\":\"de\",\"@id\":\"https:\\\/\\\/eu-mark.com\\\/de\\\/#\\\/schema\\\/logo\\\/image\\\/\",\"url\":\"https:\\\/\\\/eu-mark.com\\\/wp-content\\\/uploads\\\/2025\\\/02\\\/eumark-logo-samo-EU-2018_06_19-10_17_06-UTC.jpg\",\"contentUrl\":\"https:\\\/\\\/eu-mark.com\\\/wp-content\\\/uploads\\\/2025\\\/02\\\/eumark-logo-samo-EU-2018_06_19-10_17_06-UTC.jpg\",\"width\":264,\"height\":268,\"caption\":\"EUMARK\"},\"image\":{\"@id\":\"https:\\\/\\\/eu-mark.com\\\/de\\\/#\\\/schema\\\/logo\\\/image\\\/\"},\"sameAs\":[\"https:\\\/\\\/www.facebook.com\\\/eumark.de\\\/\",\"https:\\\/\\\/www.youtube.com\\\/channel\\\/UCehJsM6xcqIQLzp0y9MjYPg\",\"https:\\\/\\\/www.linkedin.com\\\/company\\\/eumark\\\/\",\"https:\\\/\\\/www.instagram.com\\\/eumark_de\"]}]}<\/script>\n<!-- \/ Yoast SEO plugin. -->","yoast_head_json":{"title":"Kennzeichnung von Metall Kennzeichnung von Metallteilen mit Logotext oder Seriennummer","description":"Kennzeichnung von Metall Kennzeichnung von Metallteilen mit Logotext oder Seriennummer. Endlich haben wir eine L\u00f6sung, mit der Sie schnell, einfach und sehr preiswert Schablonen zu Hause oder in der Werkstatt herstellen k\u00f6nnen.","robots":{"index":"index","follow":"follow","max-snippet":"max-snippet:-1","max-image-preview":"max-image-preview:large","max-video-preview":"max-video-preview:-1"},"canonical":"https:\/\/eu-mark.com\/de\/product\/eumark-schablonendrucker-58mm-mit-schablonenbaendern-6-stueck-58mmx10meter-lang\/","og_locale":"de_DE","og_type":"article","og_title":"Kennzeichnung von Metall Kennzeichnung von Metallteilen mit Logotext oder Seriennummer","og_description":"Kennzeichnung von Metall Kennzeichnung von Metallteilen mit Logotext oder Seriennummer. Endlich haben wir eine L\u00f6sung, mit der Sie schnell, einfach und sehr preiswert Schablonen zu Hause oder in der Werkstatt herstellen k\u00f6nnen.","og_url":"https:\/\/eu-mark.com\/de\/product\/eumark-schablonendrucker-58mm-mit-schablonenbaendern-6-stueck-58mmx10meter-lang\/","og_site_name":"Electrochemical marking etching","article_publisher":"https:\/\/www.facebook.com\/eumark.de\/","og_image":[{"width":1000,"height":1000,"url":"https:\/\/eu-mark.com\/wp-content\/uploads\/2021\/04\/stencil_printer_eumark_P58D_2inch.jpg","type":"image\/jpeg"}],"twitter_card":"summary_large_image","twitter_misc":{"Gesch\u00e4tzte Lesezeit":"2 Minuten"},"schema":{"@context":"https:\/\/schema.org","@graph":[{"@type":"WebPage","@id":"https:\/\/eu-mark.com\/de\/product\/eumark-schablonendrucker-58mm-mit-schablonenbaendern-6-stueck-58mmx10meter-lang\/","url":"https:\/\/eu-mark.com\/de\/product\/eumark-schablonendrucker-58mm-mit-schablonenbaendern-6-stueck-58mmx10meter-lang\/","name":"Kennzeichnung von Metall Kennzeichnung von Metallteilen mit Logotext oder Seriennummer","isPartOf":{"@id":"https:\/\/eu-mark.com\/de\/#website"},"primaryImageOfPage":{"@id":"https:\/\/eu-mark.com\/de\/product\/eumark-schablonendrucker-58mm-mit-schablonenbaendern-6-stueck-58mmx10meter-lang\/#primaryimage"},"image":{"@id":"https:\/\/eu-mark.com\/de\/product\/eumark-schablonendrucker-58mm-mit-schablonenbaendern-6-stueck-58mmx10meter-lang\/#primaryimage"},"thumbnailUrl":"https:\/\/eu-mark.com\/wp-content\/uploads\/2021\/04\/stencil_printer_eumark_P58D_2inch.jpg","datePublished":"2021-03-25T11:39:13+00:00","description":"Kennzeichnung von Metall Kennzeichnung von Metallteilen mit Logotext oder Seriennummer. Endlich haben wir eine L\u00f6sung, mit der Sie schnell, einfach und sehr preiswert Schablonen zu Hause oder in der Werkstatt herstellen k\u00f6nnen.","breadcrumb":{"@id":"https:\/\/eu-mark.com\/de\/product\/eumark-schablonendrucker-58mm-mit-schablonenbaendern-6-stueck-58mmx10meter-lang\/#breadcrumb"},"inLanguage":"de","potentialAction":[{"@type":"ReadAction","target":["https:\/\/eu-mark.com\/de\/product\/eumark-schablonendrucker-58mm-mit-schablonenbaendern-6-stueck-58mmx10meter-lang\/"]}]},{"@type":"ImageObject","inLanguage":"de","@id":"https:\/\/eu-mark.com\/de\/product\/eumark-schablonendrucker-58mm-mit-schablonenbaendern-6-stueck-58mmx10meter-lang\/#primaryimage","url":"https:\/\/eu-mark.com\/wp-content\/uploads\/2021\/04\/stencil_printer_eumark_P58D_2inch.jpg","contentUrl":"https:\/\/eu-mark.com\/wp-content\/uploads\/2021\/04\/stencil_printer_eumark_P58D_2inch.jpg","width":1000,"height":1000},{"@type":"BreadcrumbList","@id":"https:\/\/eu-mark.com\/de\/product\/eumark-schablonendrucker-58mm-mit-schablonenbaendern-6-stueck-58mmx10meter-lang\/#breadcrumb","itemListElement":[{"@type":"ListItem","position":1,"name":"Startseite","item":"https:\/\/eu-mark.com\/de\/home\/"},{"@type":"ListItem","position":2,"name":"Shop","item":"https:\/\/eu-mark.com\/de\/shop\/"},{"@type":"ListItem","position":3,"name":"EUmark Schablonendrucker 58mm mit Schablonenb\u00e4ndern 6 St\u00fcck (58mmx10Meter lang)"}]},{"@type":"WebSite","@id":"https:\/\/eu-mark.com\/de\/#website","url":"https:\/\/eu-mark.com\/de\/","name":"eu-mark.com","description":"Electrochemical marking etching","publisher":{"@id":"https:\/\/eu-mark.com\/de\/#organization"},"potentialAction":[{"@type":"SearchAction","target":{"@type":"EntryPoint","urlTemplate":"https:\/\/eu-mark.com\/de\/?s={search_term_string}"},"query-input":{"@type":"PropertyValueSpecification","valueRequired":true,"valueName":"search_term_string"}}],"inLanguage":"de"},{"@type":"Organization","@id":"https:\/\/eu-mark.com\/de\/#organization","name":"EUMARK","url":"https:\/\/eu-mark.com\/de\/","logo":{"@type":"ImageObject","inLanguage":"de","@id":"https:\/\/eu-mark.com\/de\/#\/schema\/logo\/image\/","url":"https:\/\/eu-mark.com\/wp-content\/uploads\/2025\/02\/eumark-logo-samo-EU-2018_06_19-10_17_06-UTC.jpg","contentUrl":"https:\/\/eu-mark.com\/wp-content\/uploads\/2025\/02\/eumark-logo-samo-EU-2018_06_19-10_17_06-UTC.jpg","width":264,"height":268,"caption":"EUMARK"},"image":{"@id":"https:\/\/eu-mark.com\/de\/#\/schema\/logo\/image\/"},"sameAs":["https:\/\/www.facebook.com\/eumark.de\/","https:\/\/www.youtube.com\/channel\/UCehJsM6xcqIQLzp0y9MjYPg","https:\/\/www.linkedin.com\/company\/eumark\/","https:\/\/www.instagram.com\/eumark_de"]}]}},"_links":{"self":[{"href":"https:\/\/eu-mark.com\/de\/wp-json\/wp\/v2\/product\/7238","targetHints":{"allow":["GET"]}}],"collection":[{"href":"https:\/\/eu-mark.com\/de\/wp-json\/wp\/v2\/product"}],"about":[{"href":"https:\/\/eu-mark.com\/de\/wp-json\/wp\/v2\/types\/product"}],"replies":[{"embeddable":true,"href":"https:\/\/eu-mark.com\/de\/wp-json\/wp\/v2\/comments?post=7238"}],"wp:featuredmedia":[{"embeddable":true,"href":"https:\/\/eu-mark.com\/de\/wp-json\/wp\/v2\/media\/7368"}],"wp:attachment":[{"href":"https:\/\/eu-mark.com\/de\/wp-json\/wp\/v2\/media?parent=7238"}],"wp:term":[{"taxonomy":"product_brand","embeddable":true,"href":"https:\/\/eu-mark.com\/de\/wp-json\/wp\/v2\/product_brand?post=7238"},{"taxonomy":"product_cat","embeddable":true,"href":"https:\/\/eu-mark.com\/de\/wp-json\/wp\/v2\/product_cat?post=7238"},{"taxonomy":"product_tag","embeddable":true,"href":"https:\/\/eu-mark.com\/de\/wp-json\/wp\/v2\/product_tag?post=7238"}],"curies":[{"name":"wp","href":"https:\/\/api.w.org\/{rel}","templated":true}]}}