{"id":7347,"date":"2021-04-07T14:03:04","date_gmt":"2021-04-07T14:03:04","guid":{"rendered":"https:\/\/eu-mark.com\/product\/easy-label-software-set-fuer-thermo-etikettendrucker-mit-2-3-und-4-breite-58-80-und-100-mm\/"},"modified":"2025-02-09T12:13:30","modified_gmt":"2025-02-09T12:13:30","slug":"easy-label-software-set-fuer-thermo-etikettendrucker-mit-2-3-und-4-breite-58-80-und-100-mm","status":"publish","type":"product","link":"https:\/\/eu-mark.com\/de\/product\/easy-label-software-set-fuer-thermo-etikettendrucker-mit-2-3-und-4-breite-58-80-und-100-mm\/","title":{"rendered":"Easy Label Software-Set f\u00fcr Thermo-Etikettendrucker mit 2&#8243;, 3&#8243; und 4&#8243; Breite (58, 80 und 100 mm)"},"content":{"rendered":"<p>Easy Label Software f\u00fcr Schablonendrucker <a href=\"https:\/\/eu-mark.com\/de\/product\/eumark-schablonendrucker-58mm-mit-schablonenbaendern-6-stueck-58mmx10meter-lang\/\">P58D<\/a> und <a href=\"https:\/\/eu-mark.com\/de\/product\/eumark-schablonendrucker-100mm-oder-4-breit-mit-schablonenband-108m-oder-355-fuss-lang\/\">C410<\/a><\/p>\n<p>Maximieren Sie die Effizienz unserer Thermo-Etikettendrucker mit der Easy Label Software, die speziell f\u00fcr Schablonendrucker entwickelt wurde. Diese benutzerfreundliche L\u00f6sung umfasst eine Etikettensoftware, die Barcodes, Bilder und Seriennummerierung unterst\u00fctzt. Die integrierte Kompatibilit\u00e4t mit USB-, (Bluetooth-, Android- und Apple- nur f\u00fcr <a href=\"https:\/\/eu-mark.com\/de\/product\/eumark-schablonendrucker-58mm-mit-schablonenbaendern-6-stueck-58mmx10meter-lang\/\">P58D<\/a>) Ger\u00e4ten sorgt f\u00fcr ein nahtloses Erlebnis auf verschiedenen Plattformen.<\/p>\n<div class=\"slider-wrapper relative\" id=\"slider-1256774711\" >\n    <div class=\"slider slider-nav-circle slider-nav-large slider-nav-light slider-style-normal\"\n        data-flickity-options='{\n            \"cellAlign\": \"center\",\n            \"imagesLoaded\": true,\n            \"lazyLoad\": 1,\n            \"freeScroll\": false,\n            \"wrapAround\": true,\n            \"autoPlay\": 6000,\n            \"pauseAutoPlayOnHover\" : true,\n            \"prevNextButtons\": true,\n            \"contain\" : true,\n            \"adaptiveHeight\" : true,\n            \"dragThreshold\" : 10,\n            \"percentPosition\": true,\n            \"pageDots\": true,\n            \"rightToLeft\": false,\n            \"draggable\": true,\n            \"selectedAttraction\": 0.1,\n            \"parallax\" : 0,\n            \"friction\": 0.6        }'\n        >\n        \n\t<div class=\"img has-hover x md-x lg-x y md-y lg-y\" id=\"image_2069813006\">\n\t\t\t\t\t\t\t\t<div class=\"img-inner dark\" >\n\t\t\t<img loading=\"lazy\" decoding=\"async\" width=\"1020\" height=\"684\" src=\"https:\/\/eu-mark.com\/wp-content\/uploads\/2021\/04\/Easy-Label-software-for-stencil-printer-P58D-and-CD400-1024x687.png\" class=\"attachment-large size-large\" alt=\"\" srcset=\"https:\/\/eu-mark.com\/wp-content\/uploads\/2021\/04\/Easy-Label-software-for-stencil-printer-P58D-and-CD400-1024x687.png 1024w, https:\/\/eu-mark.com\/wp-content\/uploads\/2021\/04\/Easy-Label-software-for-stencil-printer-P58D-and-CD400-300x201.png 300w, https:\/\/eu-mark.com\/wp-content\/uploads\/2021\/04\/Easy-Label-software-for-stencil-printer-P58D-and-CD400-768x515.png 768w, https:\/\/eu-mark.com\/wp-content\/uploads\/2021\/04\/Easy-Label-software-for-stencil-printer-P58D-and-CD400-1536x1031.png 1536w, https:\/\/eu-mark.com\/wp-content\/uploads\/2021\/04\/Easy-Label-software-for-stencil-printer-P58D-and-CD400-510x342.png 510w, https:\/\/eu-mark.com\/wp-content\/uploads\/2021\/04\/Easy-Label-software-for-stencil-printer-P58D-and-CD400.png 1538w\" sizes=\"auto, (max-width: 1020px) 100vw, 1020px\" \/>\t\t\t\t\t\t\n\t\t\t\t\t<\/div>\n\t\t\t\t\t\t\t\t\n<style>\n#image_2069813006 {\n  width: 52%;\n}\n<\/style>\n\t<\/div>\n\t\n\t<div class=\"img has-hover x md-x lg-x y md-y lg-y\" id=\"image_1027536351\">\n\t\t\t\t\t\t\t\t<div class=\"img-inner dark\" >\n\t\t\t<img loading=\"lazy\" decoding=\"async\" width=\"1000\" height=\"1000\" src=\"https:\/\/eu-mark.com\/wp-content\/uploads\/2021\/04\/stencil_tape_marking_engraving_template_eumark2.jpg\" class=\"attachment-large size-large\" alt=\"\" srcset=\"https:\/\/eu-mark.com\/wp-content\/uploads\/2021\/04\/stencil_tape_marking_engraving_template_eumark2.jpg 1000w, https:\/\/eu-mark.com\/wp-content\/uploads\/2021\/04\/stencil_tape_marking_engraving_template_eumark2-300x300.jpg 300w, https:\/\/eu-mark.com\/wp-content\/uploads\/2021\/04\/stencil_tape_marking_engraving_template_eumark2-150x150.jpg 150w, https:\/\/eu-mark.com\/wp-content\/uploads\/2021\/04\/stencil_tape_marking_engraving_template_eumark2-768x768.jpg 768w, https:\/\/eu-mark.com\/wp-content\/uploads\/2021\/04\/stencil_tape_marking_engraving_template_eumark2-510x510.jpg 510w, https:\/\/eu-mark.com\/wp-content\/uploads\/2021\/04\/stencil_tape_marking_engraving_template_eumark2-100x100.jpg 100w, https:\/\/eu-mark.com\/wp-content\/uploads\/2021\/04\/stencil_tape_marking_engraving_template_eumark2-60x60.jpg 60w, https:\/\/eu-mark.com\/wp-content\/uploads\/2021\/04\/stencil_tape_marking_engraving_template_eumark2-90x90.jpg 90w\" sizes=\"auto, (max-width: 1000px) 100vw, 1000px\" \/>\t\t\t\t\t\t\n\t\t\t\t\t<\/div>\n\t\t\t\t\t\t\t\t\n<style>\n#image_1027536351 {\n  width: 50%;\n}\n<\/style>\n\t<\/div>\n\t\n\t<div class=\"img has-hover x md-x lg-x y md-y lg-y\" id=\"image_582780310\">\n\t\t\t\t\t\t\t\t<div class=\"img-inner dark\" >\n\t\t\t<img loading=\"lazy\" decoding=\"async\" width=\"902\" height=\"1024\" src=\"https:\/\/eu-mark.com\/wp-content\/uploads\/2016\/12\/making_engraving-electrochemical_template02-902x1024.jpg\" class=\"attachment-large size-large\" alt=\"Markierung Gravur elektrochemische Vorlage\" srcset=\"https:\/\/eu-mark.com\/wp-content\/uploads\/2016\/12\/making_engraving-electrochemical_template02-902x1024.jpg 902w, https:\/\/eu-mark.com\/wp-content\/uploads\/2016\/12\/making_engraving-electrochemical_template02-264x300.jpg 264w, https:\/\/eu-mark.com\/wp-content\/uploads\/2016\/12\/making_engraving-electrochemical_template02-768x872.jpg 768w, https:\/\/eu-mark.com\/wp-content\/uploads\/2016\/12\/making_engraving-electrochemical_template02-510x579.jpg 510w, https:\/\/eu-mark.com\/wp-content\/uploads\/2016\/12\/making_engraving-electrochemical_template02-e1724747552816.jpg 800w\" sizes=\"auto, (max-width: 902px) 100vw, 902px\" \/>\t\t\t\t\t\t\n\t\t\t\t\t<\/div>\n\t\t\t\t\t\t\t\t\n<style>\n#image_582780310 {\n  width: 50%;\n}\n<\/style>\n\t<\/div>\n\t\n     <\/div>\n\n     <div class=\"loading-spin dark large centered\"><\/div>\n\n\t<\/div>\n\n\n","protected":false},"excerpt":{"rendered":"<p>Kostenloser Versand weltweit<\/p>\n<p>Easy Label Software f\u00fcr Schablonendrucker <a href=\"https:\/\/eu-mark.com\/product\/eumark-stencil-printer-58mm-with-stencil-tapes-6-pcs-58mmx10meters-long\/\">P58D<\/a> und <a href=\"https:\/\/eu-mark.com\/product\/stencil-printer-100mm-or-4-wide-with-stencil-tape-108m-or-355-feet-long\/\">C410<\/a><\/p>\n<p>Verbessern Sie die Effizienz unserer Thermoetikettendrucker mit der Easy Label Software, die speziell f\u00fcr Schablonendrucker entwickelt wurde. Diese benutzerfreundliche L\u00f6sung bietet ein komplettes Etikettensoftwarepaket mit Unterst\u00fctzung f\u00fcr Barcodes, Bilder und Seriennummerierung. Sie ist vollst\u00e4ndig kompatibel mit USB- und Bluetooth-Ger\u00e4ten (Android und Apple nur f\u00fcr den P58D) und sorgt so f\u00fcr ein reibungsloses Arbeiten auf verschiedenen Plattformen.  <\/p>\n","protected":false},"featured_media":7355,"comment_status":"closed","ping_status":"closed","template":"","meta":[],"product_brand":[],"product_cat":[171],"product_tag":[],"class_list":{"0":"post-7347","1":"product","2":"type-product","3":"status-publish","4":"has-post-thumbnail","6":"product_cat-zubehor","8":"first","9":"instock","10":"sale","11":"downloadable","12":"shipping-taxable","13":"purchasable","14":"product-type-simple"},"yoast_head":"<!-- This site is optimized with the Yoast SEO plugin v27.4 - https:\/\/yoast.com\/product\/yoast-seo-wordpress\/ -->\n<title>Easy Label Software-Set f\u00fcr Thermo-Etikettendrucker<\/title>\n<meta name=\"description\" content=\"Easy Label Stencil Drucker Software. Das Set ist optimal f\u00fcr die Verwendung aller Thermoetikettendrucker f\u00fcr Schablonendrucker. Software-Set f\u00fcr Thermo-Etikettendrucker\" \/>\n<meta name=\"robots\" content=\"index, follow, max-snippet:-1, max-image-preview:large, max-video-preview:-1\" \/>\n<link rel=\"canonical\" href=\"https:\/\/eu-mark.com\/de\/product\/easy-label-software-set-fuer-thermo-etikettendrucker-mit-2-3-und-4-breite-58-80-und-100-mm\/\" \/>\n<meta property=\"og:locale\" content=\"de_DE\" \/>\n<meta property=\"og:type\" content=\"article\" \/>\n<meta property=\"og:title\" content=\"Easy Label Software-Set f\u00fcr Thermo-Etikettendrucker\" \/>\n<meta property=\"og:description\" content=\"Easy Label Stencil Drucker Software. Das Set ist optimal f\u00fcr die Verwendung aller Thermoetikettendrucker f\u00fcr Schablonendrucker. Software-Set f\u00fcr Thermo-Etikettendrucker\" \/>\n<meta property=\"og:url\" content=\"https:\/\/eu-mark.com\/de\/product\/easy-label-software-set-fuer-thermo-etikettendrucker-mit-2-3-und-4-breite-58-80-und-100-mm\/\" \/>\n<meta property=\"og:site_name\" content=\"Electrochemical marking etching\" \/>\n<meta property=\"article:publisher\" content=\"https:\/\/www.facebook.com\/eumark.de\/\" \/>\n<meta property=\"article:modified_time\" content=\"2025-02-09T12:13:30+00:00\" \/>\n<meta property=\"og:image\" content=\"https:\/\/eu-mark.com\/wp-content\/uploads\/2021\/04\/Easy-Label-software-for-stencil-printer-P58D-and-CD400.png\" \/>\n\t<meta property=\"og:image:width\" content=\"1538\" \/>\n\t<meta property=\"og:image:height\" content=\"1032\" \/>\n\t<meta property=\"og:image:type\" content=\"image\/png\" \/>\n<meta name=\"twitter:card\" content=\"summary_large_image\" \/>\n<script type=\"application\/ld+json\" class=\"yoast-schema-graph\">{\"@context\":\"https:\\\/\\\/schema.org\",\"@graph\":[{\"@type\":\"WebPage\",\"@id\":\"https:\\\/\\\/eu-mark.com\\\/de\\\/product\\\/easy-label-software-set-fuer-thermo-etikettendrucker-mit-2-3-und-4-breite-58-80-und-100-mm\\\/\",\"url\":\"https:\\\/\\\/eu-mark.com\\\/de\\\/product\\\/easy-label-software-set-fuer-thermo-etikettendrucker-mit-2-3-und-4-breite-58-80-und-100-mm\\\/\",\"name\":\"Easy Label Software-Set f\u00fcr Thermo-Etikettendrucker\",\"isPartOf\":{\"@id\":\"https:\\\/\\\/eu-mark.com\\\/de\\\/#website\"},\"primaryImageOfPage\":{\"@id\":\"https:\\\/\\\/eu-mark.com\\\/de\\\/product\\\/easy-label-software-set-fuer-thermo-etikettendrucker-mit-2-3-und-4-breite-58-80-und-100-mm\\\/#primaryimage\"},\"image\":{\"@id\":\"https:\\\/\\\/eu-mark.com\\\/de\\\/product\\\/easy-label-software-set-fuer-thermo-etikettendrucker-mit-2-3-und-4-breite-58-80-und-100-mm\\\/#primaryimage\"},\"thumbnailUrl\":\"https:\\\/\\\/eu-mark.com\\\/wp-content\\\/uploads\\\/2021\\\/04\\\/Easy-Label-software-for-stencil-printer-P58D-and-CD400.png\",\"datePublished\":\"2021-04-07T14:03:04+00:00\",\"dateModified\":\"2025-02-09T12:13:30+00:00\",\"description\":\"Easy Label Stencil Drucker Software. Das Set ist optimal f\u00fcr die Verwendung aller Thermoetikettendrucker f\u00fcr Schablonendrucker. Software-Set f\u00fcr Thermo-Etikettendrucker\",\"breadcrumb\":{\"@id\":\"https:\\\/\\\/eu-mark.com\\\/de\\\/product\\\/easy-label-software-set-fuer-thermo-etikettendrucker-mit-2-3-und-4-breite-58-80-und-100-mm\\\/#breadcrumb\"},\"inLanguage\":\"de\",\"potentialAction\":[{\"@type\":\"ReadAction\",\"target\":[\"https:\\\/\\\/eu-mark.com\\\/de\\\/product\\\/easy-label-software-set-fuer-thermo-etikettendrucker-mit-2-3-und-4-breite-58-80-und-100-mm\\\/\"]}]},{\"@type\":\"ImageObject\",\"inLanguage\":\"de\",\"@id\":\"https:\\\/\\\/eu-mark.com\\\/de\\\/product\\\/easy-label-software-set-fuer-thermo-etikettendrucker-mit-2-3-und-4-breite-58-80-und-100-mm\\\/#primaryimage\",\"url\":\"https:\\\/\\\/eu-mark.com\\\/wp-content\\\/uploads\\\/2021\\\/04\\\/Easy-Label-software-for-stencil-printer-P58D-and-CD400.png\",\"contentUrl\":\"https:\\\/\\\/eu-mark.com\\\/wp-content\\\/uploads\\\/2021\\\/04\\\/Easy-Label-software-for-stencil-printer-P58D-and-CD400.png\",\"width\":1538,\"height\":1032},{\"@type\":\"BreadcrumbList\",\"@id\":\"https:\\\/\\\/eu-mark.com\\\/de\\\/product\\\/easy-label-software-set-fuer-thermo-etikettendrucker-mit-2-3-und-4-breite-58-80-und-100-mm\\\/#breadcrumb\",\"itemListElement\":[{\"@type\":\"ListItem\",\"position\":1,\"name\":\"Startseite\",\"item\":\"https:\\\/\\\/eu-mark.com\\\/de\\\/home\\\/\"},{\"@type\":\"ListItem\",\"position\":2,\"name\":\"Shop\",\"item\":\"https:\\\/\\\/eu-mark.com\\\/de\\\/shop\\\/\"},{\"@type\":\"ListItem\",\"position\":3,\"name\":\"Easy Label Software-Set f\u00fcr Thermo-Etikettendrucker mit 2&#8243;, 3&#8243; und 4&#8243; Breite (58, 80 und 100 mm)\"}]},{\"@type\":\"WebSite\",\"@id\":\"https:\\\/\\\/eu-mark.com\\\/de\\\/#website\",\"url\":\"https:\\\/\\\/eu-mark.com\\\/de\\\/\",\"name\":\"eu-mark.com\",\"description\":\"Electrochemical marking etching\",\"publisher\":{\"@id\":\"https:\\\/\\\/eu-mark.com\\\/de\\\/#organization\"},\"potentialAction\":[{\"@type\":\"SearchAction\",\"target\":{\"@type\":\"EntryPoint\",\"urlTemplate\":\"https:\\\/\\\/eu-mark.com\\\/de\\\/?s={search_term_string}\"},\"query-input\":{\"@type\":\"PropertyValueSpecification\",\"valueRequired\":true,\"valueName\":\"search_term_string\"}}],\"inLanguage\":\"de\"},{\"@type\":\"Organization\",\"@id\":\"https:\\\/\\\/eu-mark.com\\\/de\\\/#organization\",\"name\":\"EUMARK\",\"url\":\"https:\\\/\\\/eu-mark.com\\\/de\\\/\",\"logo\":{\"@type\":\"ImageObject\",\"inLanguage\":\"de\",\"@id\":\"https:\\\/\\\/eu-mark.com\\\/de\\\/#\\\/schema\\\/logo\\\/image\\\/\",\"url\":\"https:\\\/\\\/eu-mark.com\\\/wp-content\\\/uploads\\\/2025\\\/02\\\/eumark-logo-samo-EU-2018_06_19-10_17_06-UTC.jpg\",\"contentUrl\":\"https:\\\/\\\/eu-mark.com\\\/wp-content\\\/uploads\\\/2025\\\/02\\\/eumark-logo-samo-EU-2018_06_19-10_17_06-UTC.jpg\",\"width\":264,\"height\":268,\"caption\":\"EUMARK\"},\"image\":{\"@id\":\"https:\\\/\\\/eu-mark.com\\\/de\\\/#\\\/schema\\\/logo\\\/image\\\/\"},\"sameAs\":[\"https:\\\/\\\/www.facebook.com\\\/eumark.de\\\/\",\"https:\\\/\\\/www.youtube.com\\\/channel\\\/UCehJsM6xcqIQLzp0y9MjYPg\",\"https:\\\/\\\/www.linkedin.com\\\/company\\\/eumark\\\/\",\"https:\\\/\\\/www.instagram.com\\\/eumark_de\"]}]}<\/script>\n<!-- \/ Yoast SEO plugin. -->","yoast_head_json":{"title":"Easy Label Software-Set f\u00fcr Thermo-Etikettendrucker","description":"Easy Label Stencil Drucker Software. Das Set ist optimal f\u00fcr die Verwendung aller Thermoetikettendrucker f\u00fcr Schablonendrucker. Software-Set f\u00fcr Thermo-Etikettendrucker","robots":{"index":"index","follow":"follow","max-snippet":"max-snippet:-1","max-image-preview":"max-image-preview:large","max-video-preview":"max-video-preview:-1"},"canonical":"https:\/\/eu-mark.com\/de\/product\/easy-label-software-set-fuer-thermo-etikettendrucker-mit-2-3-und-4-breite-58-80-und-100-mm\/","og_locale":"de_DE","og_type":"article","og_title":"Easy Label Software-Set f\u00fcr Thermo-Etikettendrucker","og_description":"Easy Label Stencil Drucker Software. Das Set ist optimal f\u00fcr die Verwendung aller Thermoetikettendrucker f\u00fcr Schablonendrucker. Software-Set f\u00fcr Thermo-Etikettendrucker","og_url":"https:\/\/eu-mark.com\/de\/product\/easy-label-software-set-fuer-thermo-etikettendrucker-mit-2-3-und-4-breite-58-80-und-100-mm\/","og_site_name":"Electrochemical marking etching","article_publisher":"https:\/\/www.facebook.com\/eumark.de\/","article_modified_time":"2025-02-09T12:13:30+00:00","og_image":[{"width":1538,"height":1032,"url":"https:\/\/eu-mark.com\/wp-content\/uploads\/2021\/04\/Easy-Label-software-for-stencil-printer-P58D-and-CD400.png","type":"image\/png"}],"twitter_card":"summary_large_image","schema":{"@context":"https:\/\/schema.org","@graph":[{"@type":"WebPage","@id":"https:\/\/eu-mark.com\/de\/product\/easy-label-software-set-fuer-thermo-etikettendrucker-mit-2-3-und-4-breite-58-80-und-100-mm\/","url":"https:\/\/eu-mark.com\/de\/product\/easy-label-software-set-fuer-thermo-etikettendrucker-mit-2-3-und-4-breite-58-80-und-100-mm\/","name":"Easy Label Software-Set f\u00fcr Thermo-Etikettendrucker","isPartOf":{"@id":"https:\/\/eu-mark.com\/de\/#website"},"primaryImageOfPage":{"@id":"https:\/\/eu-mark.com\/de\/product\/easy-label-software-set-fuer-thermo-etikettendrucker-mit-2-3-und-4-breite-58-80-und-100-mm\/#primaryimage"},"image":{"@id":"https:\/\/eu-mark.com\/de\/product\/easy-label-software-set-fuer-thermo-etikettendrucker-mit-2-3-und-4-breite-58-80-und-100-mm\/#primaryimage"},"thumbnailUrl":"https:\/\/eu-mark.com\/wp-content\/uploads\/2021\/04\/Easy-Label-software-for-stencil-printer-P58D-and-CD400.png","datePublished":"2021-04-07T14:03:04+00:00","dateModified":"2025-02-09T12:13:30+00:00","description":"Easy Label Stencil Drucker Software. Das Set ist optimal f\u00fcr die Verwendung aller Thermoetikettendrucker f\u00fcr Schablonendrucker. Software-Set f\u00fcr Thermo-Etikettendrucker","breadcrumb":{"@id":"https:\/\/eu-mark.com\/de\/product\/easy-label-software-set-fuer-thermo-etikettendrucker-mit-2-3-und-4-breite-58-80-und-100-mm\/#breadcrumb"},"inLanguage":"de","potentialAction":[{"@type":"ReadAction","target":["https:\/\/eu-mark.com\/de\/product\/easy-label-software-set-fuer-thermo-etikettendrucker-mit-2-3-und-4-breite-58-80-und-100-mm\/"]}]},{"@type":"ImageObject","inLanguage":"de","@id":"https:\/\/eu-mark.com\/de\/product\/easy-label-software-set-fuer-thermo-etikettendrucker-mit-2-3-und-4-breite-58-80-und-100-mm\/#primaryimage","url":"https:\/\/eu-mark.com\/wp-content\/uploads\/2021\/04\/Easy-Label-software-for-stencil-printer-P58D-and-CD400.png","contentUrl":"https:\/\/eu-mark.com\/wp-content\/uploads\/2021\/04\/Easy-Label-software-for-stencil-printer-P58D-and-CD400.png","width":1538,"height":1032},{"@type":"BreadcrumbList","@id":"https:\/\/eu-mark.com\/de\/product\/easy-label-software-set-fuer-thermo-etikettendrucker-mit-2-3-und-4-breite-58-80-und-100-mm\/#breadcrumb","itemListElement":[{"@type":"ListItem","position":1,"name":"Startseite","item":"https:\/\/eu-mark.com\/de\/home\/"},{"@type":"ListItem","position":2,"name":"Shop","item":"https:\/\/eu-mark.com\/de\/shop\/"},{"@type":"ListItem","position":3,"name":"Easy Label Software-Set f\u00fcr Thermo-Etikettendrucker mit 2&#8243;, 3&#8243; und 4&#8243; Breite (58, 80 und 100 mm)"}]},{"@type":"WebSite","@id":"https:\/\/eu-mark.com\/de\/#website","url":"https:\/\/eu-mark.com\/de\/","name":"eu-mark.com","description":"Electrochemical marking etching","publisher":{"@id":"https:\/\/eu-mark.com\/de\/#organization"},"potentialAction":[{"@type":"SearchAction","target":{"@type":"EntryPoint","urlTemplate":"https:\/\/eu-mark.com\/de\/?s={search_term_string}"},"query-input":{"@type":"PropertyValueSpecification","valueRequired":true,"valueName":"search_term_string"}}],"inLanguage":"de"},{"@type":"Organization","@id":"https:\/\/eu-mark.com\/de\/#organization","name":"EUMARK","url":"https:\/\/eu-mark.com\/de\/","logo":{"@type":"ImageObject","inLanguage":"de","@id":"https:\/\/eu-mark.com\/de\/#\/schema\/logo\/image\/","url":"https:\/\/eu-mark.com\/wp-content\/uploads\/2025\/02\/eumark-logo-samo-EU-2018_06_19-10_17_06-UTC.jpg","contentUrl":"https:\/\/eu-mark.com\/wp-content\/uploads\/2025\/02\/eumark-logo-samo-EU-2018_06_19-10_17_06-UTC.jpg","width":264,"height":268,"caption":"EUMARK"},"image":{"@id":"https:\/\/eu-mark.com\/de\/#\/schema\/logo\/image\/"},"sameAs":["https:\/\/www.facebook.com\/eumark.de\/","https:\/\/www.youtube.com\/channel\/UCehJsM6xcqIQLzp0y9MjYPg","https:\/\/www.linkedin.com\/company\/eumark\/","https:\/\/www.instagram.com\/eumark_de"]}]}},"_links":{"self":[{"href":"https:\/\/eu-mark.com\/de\/wp-json\/wp\/v2\/product\/7347","targetHints":{"allow":["GET"]}}],"collection":[{"href":"https:\/\/eu-mark.com\/de\/wp-json\/wp\/v2\/product"}],"about":[{"href":"https:\/\/eu-mark.com\/de\/wp-json\/wp\/v2\/types\/product"}],"replies":[{"embeddable":true,"href":"https:\/\/eu-mark.com\/de\/wp-json\/wp\/v2\/comments?post=7347"}],"wp:featuredmedia":[{"embeddable":true,"href":"https:\/\/eu-mark.com\/de\/wp-json\/wp\/v2\/media\/7355"}],"wp:attachment":[{"href":"https:\/\/eu-mark.com\/de\/wp-json\/wp\/v2\/media?parent=7347"}],"wp:term":[{"taxonomy":"product_brand","embeddable":true,"href":"https:\/\/eu-mark.com\/de\/wp-json\/wp\/v2\/product_brand?post=7347"},{"taxonomy":"product_cat","embeddable":true,"href":"https:\/\/eu-mark.com\/de\/wp-json\/wp\/v2\/product_cat?post=7347"},{"taxonomy":"product_tag","embeddable":true,"href":"https:\/\/eu-mark.com\/de\/wp-json\/wp\/v2\/product_tag?post=7347"}],"curies":[{"name":"wp","href":"https:\/\/api.w.org\/{rel}","templated":true}]}}