{"id":7374,"date":"2021-03-31T07:32:06","date_gmt":"2021-03-31T07:32:06","guid":{"rendered":"https:\/\/eu-mark.com\/product\/stempelband-6-stueck-fuer-elektrochemische-markierung-schnelles-schablonenband-58-mm-oder-2-10m-lang\/"},"modified":"2021-03-31T07:32:06","modified_gmt":"2021-03-31T07:32:06","slug":"stempelband-6-stueck-fuer-elektrochemische-markierung-schnelles-schablonenband-58-mm-oder-2-10m-lang","status":"publish","type":"product","link":"https:\/\/eu-mark.com\/de\/product\/stempelband-6-stueck-fuer-elektrochemische-markierung-schnelles-schablonenband-58-mm-oder-2-10m-lang\/","title":{"rendered":"Stempelband 6 St\u00fcck f\u00fcr elektrochemische Markierung schnelles Schablonenband 58 mm oder 2&#8243; 10m lang"},"content":{"rendered":"<p style=\"margin: 0in; font-family: 'Times New Roman'; font-size: 12.0pt; color: black;\">Ersatz f\u00fcr CASIO XR-24 ST STAMP TAPE 24mm.<\/p>\n<p style=\"margin: 0in; font-family: arial; font-size: 10.0pt; color: black;\">6 St\u00fcck Stempelband f\u00fcr elektrochemische Markierung kurz und schnell Schablonenband 58 mm oder 2&#8243; 10m lang<\/p>\n<p style=\"margin: 0in; font-family: arial; font-size: 10.0pt; color: black;\">Casio stellt die Produktion dieses Stempelbandes ein, hier ist eine komplette Ersatzl\u00f6sung. Sie ben\u00f6tigen einen Etikettendrucker mit 58mm oder 2&#8243; 10m L\u00e4nge, 400 Zoll!!! <\/p>\n<p><strong>Kostenloser Versand weltweit<\/strong><\/p>\n<p><a href=\"https:\/\/eu-mark.com\/de\/vorteile-der-elektrochemischen-markierungsgravur\/\">Endlich haben wir eine L\u00f6sung, um schnell, einfach und sehr g\u00fcnstig Schablonen zu Hause oder in der Werkstatt herzustellen.<\/a><\/p>\n<p>Sie ben\u00f6tigen einen Drucker und ein Schablonenband f\u00fcr die Markierung (elektrochemische Markierung ist das elektrochemische \u00c4tzen einer Metalloberfl\u00e4che)<\/p>\n<p><a href=\"https:\/\/eumark.biz\/en-us\/blogs\/news\/achieving-remarkable-marks-with-eumark-electrolytes-unleashing-the-power-of-excellence\">Wenn Sie unseren Schablonendrucker mit Schablonenb\u00e4ndern verwenden, ben\u00f6tigen Sie nur wenige Minuten, um eine eigene Schablone zu erstellen und schnell zu markieren.<\/a><\/p>\n","protected":false},"excerpt":{"rendered":"<p>Kostenloser Versand weltweit<\/p>\n<p>Debit- oder Kreditkarte Mit PayPal zur Kasse gehen Sie m\u00fcssen kein PayPal-Konto haben<\/p>\n<p style=\"margin: 0in; font-family: 'Times New Roman'; font-size: 12.0pt; color: black;\">Ersatz f\u00fcr CASIO XR-24 ST STAMP TAPE 24mm.<\/p>\n<p style=\"margin: 0in; font-family: arial; font-size: 10.0pt; color: black;\">6 St\u00fcck Stempelband f\u00fcr elektrochemische Markierung kurzes und schnelles Schablonenband 58 mm oder 2&#8243;, 10m lang, 400 Zoll!!!<\/p>\n<p style=\"margin: 0in; font-family: arial; font-size: 10.0pt; color: black;\">Casio stellt die Produktion dieses Stempelbandes ein. Hier ist eine komplette Ersatzl\u00f6sung. Sie ben\u00f6tigen einen 58mm oder 2&#8243; Etikettendrucker. <\/p>\n","protected":false},"featured_media":7371,"comment_status":"open","ping_status":"closed","template":"","meta":[],"product_brand":[],"product_cat":[154],"product_tag":[],"class_list":{"0":"post-7374","1":"product","2":"type-product","3":"status-publish","4":"has-post-thumbnail","6":"product_cat-elektrochemisches-atzen","7":"product_shipping_class-mxxx-de","9":"first","10":"instock","11":"shipping-taxable","12":"purchasable","13":"product-type-simple"},"yoast_head":"<!-- This site is optimized with the Yoast SEO plugin v27.4 - https:\/\/yoast.com\/product\/yoast-seo-wordpress\/ -->\n<title>Stempelband 6 St\u00fcck f\u00fcr elektrochemische Markierung Schnellschablone<\/title>\n<meta name=\"description\" content=\"Endlich haben wir eine L\u00f6sung f\u00fcr die schnelle, einfache und sehr preiswerte Herstellung von Schablonen zu Hause oder in der Werkstatt: Sie ben\u00f6tigen einen Drucker und Schablonenband zum Markieren.\" \/>\n<meta name=\"robots\" content=\"index, follow, max-snippet:-1, max-image-preview:large, max-video-preview:-1\" \/>\n<link rel=\"canonical\" href=\"https:\/\/eu-mark.com\/de\/product\/stempelband-6-stueck-fuer-elektrochemische-markierung-schnelles-schablonenband-58-mm-oder-2-10m-lang\/\" \/>\n<meta property=\"og:locale\" content=\"de_DE\" \/>\n<meta property=\"og:type\" content=\"article\" \/>\n<meta property=\"og:title\" content=\"Stempelband 6 St\u00fcck f\u00fcr elektrochemische Markierung Schnellschablone\" \/>\n<meta property=\"og:description\" content=\"Endlich haben wir eine L\u00f6sung f\u00fcr die schnelle, einfache und sehr preiswerte Herstellung von Schablonen zu Hause oder in der Werkstatt: Sie ben\u00f6tigen einen Drucker und Schablonenband zum Markieren.\" \/>\n<meta property=\"og:url\" content=\"https:\/\/eu-mark.com\/de\/product\/stempelband-6-stueck-fuer-elektrochemische-markierung-schnelles-schablonenband-58-mm-oder-2-10m-lang\/\" \/>\n<meta property=\"og:site_name\" content=\"Electrochemical marking etching\" \/>\n<meta property=\"article:publisher\" content=\"https:\/\/www.facebook.com\/eumark.de\/\" \/>\n<meta property=\"og:image\" content=\"https:\/\/eu-mark.com\/wp-content\/uploads\/2021\/04\/stencil_tape_2inch_eumark_02.jpg\" \/>\n\t<meta property=\"og:image:width\" content=\"1000\" \/>\n\t<meta property=\"og:image:height\" content=\"667\" \/>\n\t<meta property=\"og:image:type\" content=\"image\/jpeg\" \/>\n<meta name=\"twitter:card\" content=\"summary_large_image\" \/>\n<meta name=\"twitter:label1\" content=\"Gesch\u00e4tzte Lesezeit\" \/>\n\t<meta name=\"twitter:data1\" content=\"1\u00a0Minute\" \/>\n<script type=\"application\/ld+json\" class=\"yoast-schema-graph\">{\"@context\":\"https:\\\/\\\/schema.org\",\"@graph\":[{\"@type\":\"WebPage\",\"@id\":\"https:\\\/\\\/eu-mark.com\\\/de\\\/product\\\/stempelband-6-stueck-fuer-elektrochemische-markierung-schnelles-schablonenband-58-mm-oder-2-10m-lang\\\/\",\"url\":\"https:\\\/\\\/eu-mark.com\\\/de\\\/product\\\/stempelband-6-stueck-fuer-elektrochemische-markierung-schnelles-schablonenband-58-mm-oder-2-10m-lang\\\/\",\"name\":\"Stempelband 6 St\u00fcck f\u00fcr elektrochemische Markierung Schnellschablone\",\"isPartOf\":{\"@id\":\"https:\\\/\\\/eu-mark.com\\\/de\\\/#website\"},\"primaryImageOfPage\":{\"@id\":\"https:\\\/\\\/eu-mark.com\\\/de\\\/product\\\/stempelband-6-stueck-fuer-elektrochemische-markierung-schnelles-schablonenband-58-mm-oder-2-10m-lang\\\/#primaryimage\"},\"image\":{\"@id\":\"https:\\\/\\\/eu-mark.com\\\/de\\\/product\\\/stempelband-6-stueck-fuer-elektrochemische-markierung-schnelles-schablonenband-58-mm-oder-2-10m-lang\\\/#primaryimage\"},\"thumbnailUrl\":\"https:\\\/\\\/eu-mark.com\\\/wp-content\\\/uploads\\\/2021\\\/04\\\/stencil_tape_2inch_eumark_02.jpg\",\"datePublished\":\"2021-03-31T07:32:06+00:00\",\"description\":\"Endlich haben wir eine L\u00f6sung f\u00fcr die schnelle, einfache und sehr preiswerte Herstellung von Schablonen zu Hause oder in der Werkstatt: Sie ben\u00f6tigen einen Drucker und Schablonenband zum Markieren.\",\"breadcrumb\":{\"@id\":\"https:\\\/\\\/eu-mark.com\\\/de\\\/product\\\/stempelband-6-stueck-fuer-elektrochemische-markierung-schnelles-schablonenband-58-mm-oder-2-10m-lang\\\/#breadcrumb\"},\"inLanguage\":\"de\",\"potentialAction\":[{\"@type\":\"ReadAction\",\"target\":[\"https:\\\/\\\/eu-mark.com\\\/de\\\/product\\\/stempelband-6-stueck-fuer-elektrochemische-markierung-schnelles-schablonenband-58-mm-oder-2-10m-lang\\\/\"]}]},{\"@type\":\"ImageObject\",\"inLanguage\":\"de\",\"@id\":\"https:\\\/\\\/eu-mark.com\\\/de\\\/product\\\/stempelband-6-stueck-fuer-elektrochemische-markierung-schnelles-schablonenband-58-mm-oder-2-10m-lang\\\/#primaryimage\",\"url\":\"https:\\\/\\\/eu-mark.com\\\/wp-content\\\/uploads\\\/2021\\\/04\\\/stencil_tape_2inch_eumark_02.jpg\",\"contentUrl\":\"https:\\\/\\\/eu-mark.com\\\/wp-content\\\/uploads\\\/2021\\\/04\\\/stencil_tape_2inch_eumark_02.jpg\",\"width\":1000,\"height\":667},{\"@type\":\"BreadcrumbList\",\"@id\":\"https:\\\/\\\/eu-mark.com\\\/de\\\/product\\\/stempelband-6-stueck-fuer-elektrochemische-markierung-schnelles-schablonenband-58-mm-oder-2-10m-lang\\\/#breadcrumb\",\"itemListElement\":[{\"@type\":\"ListItem\",\"position\":1,\"name\":\"Startseite\",\"item\":\"https:\\\/\\\/eu-mark.com\\\/de\\\/home\\\/\"},{\"@type\":\"ListItem\",\"position\":2,\"name\":\"Shop\",\"item\":\"https:\\\/\\\/eu-mark.com\\\/de\\\/shop\\\/\"},{\"@type\":\"ListItem\",\"position\":3,\"name\":\"Stempelband 6 St\u00fcck f\u00fcr elektrochemische Markierung schnelles Schablonenband 58 mm oder 2&#8243; 10m lang\"}]},{\"@type\":\"WebSite\",\"@id\":\"https:\\\/\\\/eu-mark.com\\\/de\\\/#website\",\"url\":\"https:\\\/\\\/eu-mark.com\\\/de\\\/\",\"name\":\"eu-mark.com\",\"description\":\"Electrochemical marking etching\",\"publisher\":{\"@id\":\"https:\\\/\\\/eu-mark.com\\\/de\\\/#organization\"},\"potentialAction\":[{\"@type\":\"SearchAction\",\"target\":{\"@type\":\"EntryPoint\",\"urlTemplate\":\"https:\\\/\\\/eu-mark.com\\\/de\\\/?s={search_term_string}\"},\"query-input\":{\"@type\":\"PropertyValueSpecification\",\"valueRequired\":true,\"valueName\":\"search_term_string\"}}],\"inLanguage\":\"de\"},{\"@type\":\"Organization\",\"@id\":\"https:\\\/\\\/eu-mark.com\\\/de\\\/#organization\",\"name\":\"EUMARK\",\"url\":\"https:\\\/\\\/eu-mark.com\\\/de\\\/\",\"logo\":{\"@type\":\"ImageObject\",\"inLanguage\":\"de\",\"@id\":\"https:\\\/\\\/eu-mark.com\\\/de\\\/#\\\/schema\\\/logo\\\/image\\\/\",\"url\":\"https:\\\/\\\/eu-mark.com\\\/wp-content\\\/uploads\\\/2025\\\/02\\\/eumark-logo-samo-EU-2018_06_19-10_17_06-UTC.jpg\",\"contentUrl\":\"https:\\\/\\\/eu-mark.com\\\/wp-content\\\/uploads\\\/2025\\\/02\\\/eumark-logo-samo-EU-2018_06_19-10_17_06-UTC.jpg\",\"width\":264,\"height\":268,\"caption\":\"EUMARK\"},\"image\":{\"@id\":\"https:\\\/\\\/eu-mark.com\\\/de\\\/#\\\/schema\\\/logo\\\/image\\\/\"},\"sameAs\":[\"https:\\\/\\\/www.facebook.com\\\/eumark.de\\\/\",\"https:\\\/\\\/www.youtube.com\\\/channel\\\/UCehJsM6xcqIQLzp0y9MjYPg\",\"https:\\\/\\\/www.linkedin.com\\\/company\\\/eumark\\\/\",\"https:\\\/\\\/www.instagram.com\\\/eumark_de\"]}]}<\/script>\n<!-- \/ Yoast SEO plugin. -->","yoast_head_json":{"title":"Stempelband 6 St\u00fcck f\u00fcr elektrochemische Markierung Schnellschablone","description":"Endlich haben wir eine L\u00f6sung f\u00fcr die schnelle, einfache und sehr preiswerte Herstellung von Schablonen zu Hause oder in der Werkstatt: Sie ben\u00f6tigen einen Drucker und Schablonenband zum Markieren.","robots":{"index":"index","follow":"follow","max-snippet":"max-snippet:-1","max-image-preview":"max-image-preview:large","max-video-preview":"max-video-preview:-1"},"canonical":"https:\/\/eu-mark.com\/de\/product\/stempelband-6-stueck-fuer-elektrochemische-markierung-schnelles-schablonenband-58-mm-oder-2-10m-lang\/","og_locale":"de_DE","og_type":"article","og_title":"Stempelband 6 St\u00fcck f\u00fcr elektrochemische Markierung Schnellschablone","og_description":"Endlich haben wir eine L\u00f6sung f\u00fcr die schnelle, einfache und sehr preiswerte Herstellung von Schablonen zu Hause oder in der Werkstatt: Sie ben\u00f6tigen einen Drucker und Schablonenband zum Markieren.","og_url":"https:\/\/eu-mark.com\/de\/product\/stempelband-6-stueck-fuer-elektrochemische-markierung-schnelles-schablonenband-58-mm-oder-2-10m-lang\/","og_site_name":"Electrochemical marking etching","article_publisher":"https:\/\/www.facebook.com\/eumark.de\/","og_image":[{"width":1000,"height":667,"url":"https:\/\/eu-mark.com\/wp-content\/uploads\/2021\/04\/stencil_tape_2inch_eumark_02.jpg","type":"image\/jpeg"}],"twitter_card":"summary_large_image","twitter_misc":{"Gesch\u00e4tzte Lesezeit":"1\u00a0Minute"},"schema":{"@context":"https:\/\/schema.org","@graph":[{"@type":"WebPage","@id":"https:\/\/eu-mark.com\/de\/product\/stempelband-6-stueck-fuer-elektrochemische-markierung-schnelles-schablonenband-58-mm-oder-2-10m-lang\/","url":"https:\/\/eu-mark.com\/de\/product\/stempelband-6-stueck-fuer-elektrochemische-markierung-schnelles-schablonenband-58-mm-oder-2-10m-lang\/","name":"Stempelband 6 St\u00fcck f\u00fcr elektrochemische Markierung Schnellschablone","isPartOf":{"@id":"https:\/\/eu-mark.com\/de\/#website"},"primaryImageOfPage":{"@id":"https:\/\/eu-mark.com\/de\/product\/stempelband-6-stueck-fuer-elektrochemische-markierung-schnelles-schablonenband-58-mm-oder-2-10m-lang\/#primaryimage"},"image":{"@id":"https:\/\/eu-mark.com\/de\/product\/stempelband-6-stueck-fuer-elektrochemische-markierung-schnelles-schablonenband-58-mm-oder-2-10m-lang\/#primaryimage"},"thumbnailUrl":"https:\/\/eu-mark.com\/wp-content\/uploads\/2021\/04\/stencil_tape_2inch_eumark_02.jpg","datePublished":"2021-03-31T07:32:06+00:00","description":"Endlich haben wir eine L\u00f6sung f\u00fcr die schnelle, einfache und sehr preiswerte Herstellung von Schablonen zu Hause oder in der Werkstatt: Sie ben\u00f6tigen einen Drucker und Schablonenband zum Markieren.","breadcrumb":{"@id":"https:\/\/eu-mark.com\/de\/product\/stempelband-6-stueck-fuer-elektrochemische-markierung-schnelles-schablonenband-58-mm-oder-2-10m-lang\/#breadcrumb"},"inLanguage":"de","potentialAction":[{"@type":"ReadAction","target":["https:\/\/eu-mark.com\/de\/product\/stempelband-6-stueck-fuer-elektrochemische-markierung-schnelles-schablonenband-58-mm-oder-2-10m-lang\/"]}]},{"@type":"ImageObject","inLanguage":"de","@id":"https:\/\/eu-mark.com\/de\/product\/stempelband-6-stueck-fuer-elektrochemische-markierung-schnelles-schablonenband-58-mm-oder-2-10m-lang\/#primaryimage","url":"https:\/\/eu-mark.com\/wp-content\/uploads\/2021\/04\/stencil_tape_2inch_eumark_02.jpg","contentUrl":"https:\/\/eu-mark.com\/wp-content\/uploads\/2021\/04\/stencil_tape_2inch_eumark_02.jpg","width":1000,"height":667},{"@type":"BreadcrumbList","@id":"https:\/\/eu-mark.com\/de\/product\/stempelband-6-stueck-fuer-elektrochemische-markierung-schnelles-schablonenband-58-mm-oder-2-10m-lang\/#breadcrumb","itemListElement":[{"@type":"ListItem","position":1,"name":"Startseite","item":"https:\/\/eu-mark.com\/de\/home\/"},{"@type":"ListItem","position":2,"name":"Shop","item":"https:\/\/eu-mark.com\/de\/shop\/"},{"@type":"ListItem","position":3,"name":"Stempelband 6 St\u00fcck f\u00fcr elektrochemische Markierung schnelles Schablonenband 58 mm oder 2&#8243; 10m lang"}]},{"@type":"WebSite","@id":"https:\/\/eu-mark.com\/de\/#website","url":"https:\/\/eu-mark.com\/de\/","name":"eu-mark.com","description":"Electrochemical marking etching","publisher":{"@id":"https:\/\/eu-mark.com\/de\/#organization"},"potentialAction":[{"@type":"SearchAction","target":{"@type":"EntryPoint","urlTemplate":"https:\/\/eu-mark.com\/de\/?s={search_term_string}"},"query-input":{"@type":"PropertyValueSpecification","valueRequired":true,"valueName":"search_term_string"}}],"inLanguage":"de"},{"@type":"Organization","@id":"https:\/\/eu-mark.com\/de\/#organization","name":"EUMARK","url":"https:\/\/eu-mark.com\/de\/","logo":{"@type":"ImageObject","inLanguage":"de","@id":"https:\/\/eu-mark.com\/de\/#\/schema\/logo\/image\/","url":"https:\/\/eu-mark.com\/wp-content\/uploads\/2025\/02\/eumark-logo-samo-EU-2018_06_19-10_17_06-UTC.jpg","contentUrl":"https:\/\/eu-mark.com\/wp-content\/uploads\/2025\/02\/eumark-logo-samo-EU-2018_06_19-10_17_06-UTC.jpg","width":264,"height":268,"caption":"EUMARK"},"image":{"@id":"https:\/\/eu-mark.com\/de\/#\/schema\/logo\/image\/"},"sameAs":["https:\/\/www.facebook.com\/eumark.de\/","https:\/\/www.youtube.com\/channel\/UCehJsM6xcqIQLzp0y9MjYPg","https:\/\/www.linkedin.com\/company\/eumark\/","https:\/\/www.instagram.com\/eumark_de"]}]}},"_links":{"self":[{"href":"https:\/\/eu-mark.com\/de\/wp-json\/wp\/v2\/product\/7374","targetHints":{"allow":["GET"]}}],"collection":[{"href":"https:\/\/eu-mark.com\/de\/wp-json\/wp\/v2\/product"}],"about":[{"href":"https:\/\/eu-mark.com\/de\/wp-json\/wp\/v2\/types\/product"}],"replies":[{"embeddable":true,"href":"https:\/\/eu-mark.com\/de\/wp-json\/wp\/v2\/comments?post=7374"}],"wp:featuredmedia":[{"embeddable":true,"href":"https:\/\/eu-mark.com\/de\/wp-json\/wp\/v2\/media\/7371"}],"wp:attachment":[{"href":"https:\/\/eu-mark.com\/de\/wp-json\/wp\/v2\/media?parent=7374"}],"wp:term":[{"taxonomy":"product_brand","embeddable":true,"href":"https:\/\/eu-mark.com\/de\/wp-json\/wp\/v2\/product_brand?post=7374"},{"taxonomy":"product_cat","embeddable":true,"href":"https:\/\/eu-mark.com\/de\/wp-json\/wp\/v2\/product_cat?post=7374"},{"taxonomy":"product_tag","embeddable":true,"href":"https:\/\/eu-mark.com\/de\/wp-json\/wp\/v2\/product_tag?post=7374"}],"curies":[{"name":"wp","href":"https:\/\/api.w.org\/{rel}","templated":true}]}}