{"id":7376,"date":"2021-04-07T14:05:57","date_gmt":"2021-04-07T14:05:57","guid":{"rendered":"https:\/\/eu-mark.com\/product\/schnellschablone-fuer-elektrochemische-markierungsaetzung-3-stueck-50x50mm-oder-2-x2-groesse-signiertechnik\/"},"modified":"2021-04-07T14:05:57","modified_gmt":"2021-04-07T14:05:57","slug":"schnellschablone-fuer-elektrochemische-markierungsaetzung-3-stueck-50x50mm-oder-2-x2-groesse-signiertechnik","status":"publish","type":"product","link":"https:\/\/eu-mark.com\/de\/product\/schnellschablone-fuer-elektrochemische-markierungsaetzung-3-stueck-50x50mm-oder-2-x2-groesse-signiertechnik\/","title":{"rendered":"Schnellschablone f\u00fcr elektrochemische Markierungs\u00e4tzung 3 St\u00fcck (50x50mm oder 2 &#8222;x2&#8220; Gr\u00f6\u00dfe) SIGNIERTECHNIK"},"content":{"rendered":"<p>Schnellschablonen f\u00fcr elektrochemische Markierungs\u00e4tzung (SIGNIRTECHNIK)<\/p>\n<ul>\n<li>keine Reprokosten<\/li>\n<li>203 dpi Fotoreproduktion<\/li>\n<li>schnelle und sehr g\u00fcnstige Lebensschablonen<\/li>\n<li>Barcodes, QR-Codes und Formate, die Sie ben\u00f6tigen, erstellen wir f\u00fcr Sie<\/li>\n<li>Schicken Sie uns einfach Ihr Logo in einem beliebigen Format, wir antworten zur Best\u00e4tigung und senden es Ihnen kostenlos zu<\/li>\n<\/ul>\n<p>&nbsp;<\/p>\n","protected":false},"excerpt":{"rendered":"<p><strong>Kostenloser Versand weltweit<\/strong><\/p>\n<p>Debit- oder Kreditkarte mit PayPal zur Kasse gehen Sie brauchen kein PayPal-Konto zu haben Endlich haben wir eine L\u00f6sung, um schnell, einfach und sehr g\u00fcnstig Schablonen zu Hause oder in der Werkstatt herzustellen. Schnellschablonen f\u00fcr die elektrochemische Markierungs\u00e4tzung (SIGNIRTECHNIK)<\/p>\n<ul>\n<li>keine Reprokosten<\/li>\n<li>203 dpi Fotoreproduktion<\/li>\n<li>schnelle und sehr g\u00fcnstige Lebensschablonen<\/li>\n<li>Barcodes, QR-Codes und Formate, die Sie ben\u00f6tigen, erstellen wir f\u00fcr Sie<\/li>\n<li>Schicken Sie uns einfach Ihr Logo in einem beliebigen Format, wir antworten zur Best\u00e4tigung und senden es Ihnen kostenlos zu<\/li>\n<\/ul>\n<ul>\n<li>Schicken Sie uns einfach Ihr Logo in einem beliebigen Format, wir antworten zur Best\u00e4tigung und senden es Ihnen kostenlos zu<img loading=\"lazy\" decoding=\"async\" class=\"alignnone size-medium wp-image-4607\" src=\"https:\/\/eu-mark.com\/wp-content\/uploads\/2021\/03\/MDJ_4837-300x200.jpg\" alt=\"\" width=\"300\" height=\"200\" srcset=\"https:\/\/eu-mark.com\/wp-content\/uploads\/2021\/03\/MDJ_4837-300x200.jpg 300w, https:\/\/eu-mark.com\/wp-content\/uploads\/2021\/03\/MDJ_4837-1024x683.jpg 1024w, https:\/\/eu-mark.com\/wp-content\/uploads\/2021\/03\/MDJ_4837-768x512.jpg 768w, https:\/\/eu-mark.com\/wp-content\/uploads\/2021\/03\/MDJ_4837-1536x1024.jpg 1536w, https:\/\/eu-mark.com\/wp-content\/uploads\/2021\/03\/MDJ_4837-2048x1365.jpg 2048w, https:\/\/eu-mark.com\/wp-content\/uploads\/2021\/03\/MDJ_4837-510x340.jpg 510w, https:\/\/eu-mark.com\/wp-content\/uploads\/2021\/03\/MDJ_4837.jpg 1600w\" sizes=\"auto, (max-width: 300px) 100vw, 300px\" \/><\/li>\n<\/ul>\n","protected":false},"featured_media":7371,"comment_status":"closed","ping_status":"closed","template":"","meta":[],"product_brand":[],"product_cat":[154],"product_tag":[151,149,159,205,150,204,153],"class_list":{"0":"post-7376","1":"product","2":"type-product","3":"status-publish","4":"has-post-thumbnail","6":"product_cat-elektrochemisches-atzen","7":"product_tag-atzen","8":"product_tag-elektrochemisch","9":"product_tag-filz-de","10":"product_tag-gravieren","11":"product_tag-kennzeichnung","12":"product_tag-messer","13":"product_tag-stahl","15":"first","16":"instock","17":"featured","18":"shipping-taxable","19":"purchasable","20":"product-type-simple"},"yoast_head":"<!-- This site is optimized with the Yoast SEO plugin v27.4 - https:\/\/yoast.com\/product\/yoast-seo-wordpress\/ -->\n<title>Quick Stencil f\u00fcr elektrochemische Markierungs\u00e4tzung<\/title>\n<meta name=\"description\" content=\"Schnellschablonen f\u00fcr die elektrochemische Markierungs\u00e4tzung (SIGNIRTECHNIK) Schicken Sie uns einfach Ihr Logo in einem beliebigen Format, wir antworten zur Best\u00e4tigung und senden Ihnen kostenlos\" \/>\n<meta name=\"robots\" content=\"index, follow, max-snippet:-1, max-image-preview:large, max-video-preview:-1\" \/>\n<link rel=\"canonical\" href=\"https:\/\/eu-mark.com\/de\/product\/schnellschablone-fuer-elektrochemische-markierungsaetzung-3-stueck-50x50mm-oder-2-x2-groesse-signiertechnik\/\" \/>\n<meta property=\"og:locale\" content=\"de_DE\" \/>\n<meta property=\"og:type\" content=\"article\" \/>\n<meta property=\"og:title\" content=\"Quick Stencil f\u00fcr elektrochemische Markierungs\u00e4tzung\" \/>\n<meta property=\"og:description\" content=\"Schnellschablonen f\u00fcr die elektrochemische Markierungs\u00e4tzung (SIGNIRTECHNIK) Schicken Sie uns einfach Ihr Logo in einem beliebigen Format, wir antworten zur Best\u00e4tigung und senden Ihnen kostenlos\" \/>\n<meta property=\"og:url\" content=\"https:\/\/eu-mark.com\/de\/product\/schnellschablone-fuer-elektrochemische-markierungsaetzung-3-stueck-50x50mm-oder-2-x2-groesse-signiertechnik\/\" \/>\n<meta property=\"og:site_name\" content=\"Electrochemical marking etching\" \/>\n<meta property=\"article:publisher\" content=\"https:\/\/www.facebook.com\/eumark.de\/\" \/>\n<meta property=\"og:image\" content=\"https:\/\/eu-mark.com\/wp-content\/uploads\/2021\/04\/stencil_tape_2inch_eumark_02.jpg\" \/>\n\t<meta property=\"og:image:width\" content=\"1000\" \/>\n\t<meta property=\"og:image:height\" content=\"667\" \/>\n\t<meta property=\"og:image:type\" content=\"image\/jpeg\" \/>\n<meta name=\"twitter:card\" content=\"summary_large_image\" \/>\n<script type=\"application\/ld+json\" class=\"yoast-schema-graph\">{\"@context\":\"https:\\\/\\\/schema.org\",\"@graph\":[{\"@type\":\"WebPage\",\"@id\":\"https:\\\/\\\/eu-mark.com\\\/de\\\/product\\\/schnellschablone-fuer-elektrochemische-markierungsaetzung-3-stueck-50x50mm-oder-2-x2-groesse-signiertechnik\\\/\",\"url\":\"https:\\\/\\\/eu-mark.com\\\/de\\\/product\\\/schnellschablone-fuer-elektrochemische-markierungsaetzung-3-stueck-50x50mm-oder-2-x2-groesse-signiertechnik\\\/\",\"name\":\"Quick Stencil f\u00fcr elektrochemische Markierungs\u00e4tzung\",\"isPartOf\":{\"@id\":\"https:\\\/\\\/eu-mark.com\\\/de\\\/#website\"},\"primaryImageOfPage\":{\"@id\":\"https:\\\/\\\/eu-mark.com\\\/de\\\/product\\\/schnellschablone-fuer-elektrochemische-markierungsaetzung-3-stueck-50x50mm-oder-2-x2-groesse-signiertechnik\\\/#primaryimage\"},\"image\":{\"@id\":\"https:\\\/\\\/eu-mark.com\\\/de\\\/product\\\/schnellschablone-fuer-elektrochemische-markierungsaetzung-3-stueck-50x50mm-oder-2-x2-groesse-signiertechnik\\\/#primaryimage\"},\"thumbnailUrl\":\"https:\\\/\\\/eu-mark.com\\\/wp-content\\\/uploads\\\/2021\\\/04\\\/stencil_tape_2inch_eumark_02.jpg\",\"datePublished\":\"2021-04-07T14:05:57+00:00\",\"description\":\"Schnellschablonen f\u00fcr die elektrochemische Markierungs\u00e4tzung (SIGNIRTECHNIK) Schicken Sie uns einfach Ihr Logo in einem beliebigen Format, wir antworten zur Best\u00e4tigung und senden Ihnen kostenlos\",\"breadcrumb\":{\"@id\":\"https:\\\/\\\/eu-mark.com\\\/de\\\/product\\\/schnellschablone-fuer-elektrochemische-markierungsaetzung-3-stueck-50x50mm-oder-2-x2-groesse-signiertechnik\\\/#breadcrumb\"},\"inLanguage\":\"de\",\"potentialAction\":[{\"@type\":\"ReadAction\",\"target\":[\"https:\\\/\\\/eu-mark.com\\\/de\\\/product\\\/schnellschablone-fuer-elektrochemische-markierungsaetzung-3-stueck-50x50mm-oder-2-x2-groesse-signiertechnik\\\/\"]}]},{\"@type\":\"ImageObject\",\"inLanguage\":\"de\",\"@id\":\"https:\\\/\\\/eu-mark.com\\\/de\\\/product\\\/schnellschablone-fuer-elektrochemische-markierungsaetzung-3-stueck-50x50mm-oder-2-x2-groesse-signiertechnik\\\/#primaryimage\",\"url\":\"https:\\\/\\\/eu-mark.com\\\/wp-content\\\/uploads\\\/2021\\\/04\\\/stencil_tape_2inch_eumark_02.jpg\",\"contentUrl\":\"https:\\\/\\\/eu-mark.com\\\/wp-content\\\/uploads\\\/2021\\\/04\\\/stencil_tape_2inch_eumark_02.jpg\",\"width\":1000,\"height\":667},{\"@type\":\"BreadcrumbList\",\"@id\":\"https:\\\/\\\/eu-mark.com\\\/de\\\/product\\\/schnellschablone-fuer-elektrochemische-markierungsaetzung-3-stueck-50x50mm-oder-2-x2-groesse-signiertechnik\\\/#breadcrumb\",\"itemListElement\":[{\"@type\":\"ListItem\",\"position\":1,\"name\":\"Startseite\",\"item\":\"https:\\\/\\\/eu-mark.com\\\/de\\\/home\\\/\"},{\"@type\":\"ListItem\",\"position\":2,\"name\":\"Shop\",\"item\":\"https:\\\/\\\/eu-mark.com\\\/de\\\/shop\\\/\"},{\"@type\":\"ListItem\",\"position\":3,\"name\":\"Schnellschablone f\u00fcr elektrochemische Markierungs\u00e4tzung 3 St\u00fcck (50x50mm oder 2 &#8220;x2&#8221; Gr\u00f6\u00dfe) SIGNIERTECHNIK\"}]},{\"@type\":\"WebSite\",\"@id\":\"https:\\\/\\\/eu-mark.com\\\/de\\\/#website\",\"url\":\"https:\\\/\\\/eu-mark.com\\\/de\\\/\",\"name\":\"eu-mark.com\",\"description\":\"Electrochemical marking etching\",\"publisher\":{\"@id\":\"https:\\\/\\\/eu-mark.com\\\/de\\\/#organization\"},\"potentialAction\":[{\"@type\":\"SearchAction\",\"target\":{\"@type\":\"EntryPoint\",\"urlTemplate\":\"https:\\\/\\\/eu-mark.com\\\/de\\\/?s={search_term_string}\"},\"query-input\":{\"@type\":\"PropertyValueSpecification\",\"valueRequired\":true,\"valueName\":\"search_term_string\"}}],\"inLanguage\":\"de\"},{\"@type\":\"Organization\",\"@id\":\"https:\\\/\\\/eu-mark.com\\\/de\\\/#organization\",\"name\":\"EUMARK\",\"url\":\"https:\\\/\\\/eu-mark.com\\\/de\\\/\",\"logo\":{\"@type\":\"ImageObject\",\"inLanguage\":\"de\",\"@id\":\"https:\\\/\\\/eu-mark.com\\\/de\\\/#\\\/schema\\\/logo\\\/image\\\/\",\"url\":\"https:\\\/\\\/eu-mark.com\\\/wp-content\\\/uploads\\\/2025\\\/02\\\/eumark-logo-samo-EU-2018_06_19-10_17_06-UTC.jpg\",\"contentUrl\":\"https:\\\/\\\/eu-mark.com\\\/wp-content\\\/uploads\\\/2025\\\/02\\\/eumark-logo-samo-EU-2018_06_19-10_17_06-UTC.jpg\",\"width\":264,\"height\":268,\"caption\":\"EUMARK\"},\"image\":{\"@id\":\"https:\\\/\\\/eu-mark.com\\\/de\\\/#\\\/schema\\\/logo\\\/image\\\/\"},\"sameAs\":[\"https:\\\/\\\/www.facebook.com\\\/eumark.de\\\/\",\"https:\\\/\\\/www.youtube.com\\\/channel\\\/UCehJsM6xcqIQLzp0y9MjYPg\",\"https:\\\/\\\/www.linkedin.com\\\/company\\\/eumark\\\/\",\"https:\\\/\\\/www.instagram.com\\\/eumark_de\"]}]}<\/script>\n<!-- \/ Yoast SEO plugin. -->","yoast_head_json":{"title":"Quick Stencil f\u00fcr elektrochemische Markierungs\u00e4tzung","description":"Schnellschablonen f\u00fcr die elektrochemische Markierungs\u00e4tzung (SIGNIRTECHNIK) Schicken Sie uns einfach Ihr Logo in einem beliebigen Format, wir antworten zur Best\u00e4tigung und senden Ihnen kostenlos","robots":{"index":"index","follow":"follow","max-snippet":"max-snippet:-1","max-image-preview":"max-image-preview:large","max-video-preview":"max-video-preview:-1"},"canonical":"https:\/\/eu-mark.com\/de\/product\/schnellschablone-fuer-elektrochemische-markierungsaetzung-3-stueck-50x50mm-oder-2-x2-groesse-signiertechnik\/","og_locale":"de_DE","og_type":"article","og_title":"Quick Stencil f\u00fcr elektrochemische Markierungs\u00e4tzung","og_description":"Schnellschablonen f\u00fcr die elektrochemische Markierungs\u00e4tzung (SIGNIRTECHNIK) Schicken Sie uns einfach Ihr Logo in einem beliebigen Format, wir antworten zur Best\u00e4tigung und senden Ihnen kostenlos","og_url":"https:\/\/eu-mark.com\/de\/product\/schnellschablone-fuer-elektrochemische-markierungsaetzung-3-stueck-50x50mm-oder-2-x2-groesse-signiertechnik\/","og_site_name":"Electrochemical marking etching","article_publisher":"https:\/\/www.facebook.com\/eumark.de\/","og_image":[{"width":1000,"height":667,"url":"https:\/\/eu-mark.com\/wp-content\/uploads\/2021\/04\/stencil_tape_2inch_eumark_02.jpg","type":"image\/jpeg"}],"twitter_card":"summary_large_image","schema":{"@context":"https:\/\/schema.org","@graph":[{"@type":"WebPage","@id":"https:\/\/eu-mark.com\/de\/product\/schnellschablone-fuer-elektrochemische-markierungsaetzung-3-stueck-50x50mm-oder-2-x2-groesse-signiertechnik\/","url":"https:\/\/eu-mark.com\/de\/product\/schnellschablone-fuer-elektrochemische-markierungsaetzung-3-stueck-50x50mm-oder-2-x2-groesse-signiertechnik\/","name":"Quick Stencil f\u00fcr elektrochemische Markierungs\u00e4tzung","isPartOf":{"@id":"https:\/\/eu-mark.com\/de\/#website"},"primaryImageOfPage":{"@id":"https:\/\/eu-mark.com\/de\/product\/schnellschablone-fuer-elektrochemische-markierungsaetzung-3-stueck-50x50mm-oder-2-x2-groesse-signiertechnik\/#primaryimage"},"image":{"@id":"https:\/\/eu-mark.com\/de\/product\/schnellschablone-fuer-elektrochemische-markierungsaetzung-3-stueck-50x50mm-oder-2-x2-groesse-signiertechnik\/#primaryimage"},"thumbnailUrl":"https:\/\/eu-mark.com\/wp-content\/uploads\/2021\/04\/stencil_tape_2inch_eumark_02.jpg","datePublished":"2021-04-07T14:05:57+00:00","description":"Schnellschablonen f\u00fcr die elektrochemische Markierungs\u00e4tzung (SIGNIRTECHNIK) Schicken Sie uns einfach Ihr Logo in einem beliebigen Format, wir antworten zur Best\u00e4tigung und senden Ihnen kostenlos","breadcrumb":{"@id":"https:\/\/eu-mark.com\/de\/product\/schnellschablone-fuer-elektrochemische-markierungsaetzung-3-stueck-50x50mm-oder-2-x2-groesse-signiertechnik\/#breadcrumb"},"inLanguage":"de","potentialAction":[{"@type":"ReadAction","target":["https:\/\/eu-mark.com\/de\/product\/schnellschablone-fuer-elektrochemische-markierungsaetzung-3-stueck-50x50mm-oder-2-x2-groesse-signiertechnik\/"]}]},{"@type":"ImageObject","inLanguage":"de","@id":"https:\/\/eu-mark.com\/de\/product\/schnellschablone-fuer-elektrochemische-markierungsaetzung-3-stueck-50x50mm-oder-2-x2-groesse-signiertechnik\/#primaryimage","url":"https:\/\/eu-mark.com\/wp-content\/uploads\/2021\/04\/stencil_tape_2inch_eumark_02.jpg","contentUrl":"https:\/\/eu-mark.com\/wp-content\/uploads\/2021\/04\/stencil_tape_2inch_eumark_02.jpg","width":1000,"height":667},{"@type":"BreadcrumbList","@id":"https:\/\/eu-mark.com\/de\/product\/schnellschablone-fuer-elektrochemische-markierungsaetzung-3-stueck-50x50mm-oder-2-x2-groesse-signiertechnik\/#breadcrumb","itemListElement":[{"@type":"ListItem","position":1,"name":"Startseite","item":"https:\/\/eu-mark.com\/de\/home\/"},{"@type":"ListItem","position":2,"name":"Shop","item":"https:\/\/eu-mark.com\/de\/shop\/"},{"@type":"ListItem","position":3,"name":"Schnellschablone f\u00fcr elektrochemische Markierungs\u00e4tzung 3 St\u00fcck (50x50mm oder 2 &#8220;x2&#8221; Gr\u00f6\u00dfe) SIGNIERTECHNIK"}]},{"@type":"WebSite","@id":"https:\/\/eu-mark.com\/de\/#website","url":"https:\/\/eu-mark.com\/de\/","name":"eu-mark.com","description":"Electrochemical marking etching","publisher":{"@id":"https:\/\/eu-mark.com\/de\/#organization"},"potentialAction":[{"@type":"SearchAction","target":{"@type":"EntryPoint","urlTemplate":"https:\/\/eu-mark.com\/de\/?s={search_term_string}"},"query-input":{"@type":"PropertyValueSpecification","valueRequired":true,"valueName":"search_term_string"}}],"inLanguage":"de"},{"@type":"Organization","@id":"https:\/\/eu-mark.com\/de\/#organization","name":"EUMARK","url":"https:\/\/eu-mark.com\/de\/","logo":{"@type":"ImageObject","inLanguage":"de","@id":"https:\/\/eu-mark.com\/de\/#\/schema\/logo\/image\/","url":"https:\/\/eu-mark.com\/wp-content\/uploads\/2025\/02\/eumark-logo-samo-EU-2018_06_19-10_17_06-UTC.jpg","contentUrl":"https:\/\/eu-mark.com\/wp-content\/uploads\/2025\/02\/eumark-logo-samo-EU-2018_06_19-10_17_06-UTC.jpg","width":264,"height":268,"caption":"EUMARK"},"image":{"@id":"https:\/\/eu-mark.com\/de\/#\/schema\/logo\/image\/"},"sameAs":["https:\/\/www.facebook.com\/eumark.de\/","https:\/\/www.youtube.com\/channel\/UCehJsM6xcqIQLzp0y9MjYPg","https:\/\/www.linkedin.com\/company\/eumark\/","https:\/\/www.instagram.com\/eumark_de"]}]}},"_links":{"self":[{"href":"https:\/\/eu-mark.com\/de\/wp-json\/wp\/v2\/product\/7376","targetHints":{"allow":["GET"]}}],"collection":[{"href":"https:\/\/eu-mark.com\/de\/wp-json\/wp\/v2\/product"}],"about":[{"href":"https:\/\/eu-mark.com\/de\/wp-json\/wp\/v2\/types\/product"}],"replies":[{"embeddable":true,"href":"https:\/\/eu-mark.com\/de\/wp-json\/wp\/v2\/comments?post=7376"}],"wp:featuredmedia":[{"embeddable":true,"href":"https:\/\/eu-mark.com\/de\/wp-json\/wp\/v2\/media\/7371"}],"wp:attachment":[{"href":"https:\/\/eu-mark.com\/de\/wp-json\/wp\/v2\/media?parent=7376"}],"wp:term":[{"taxonomy":"product_brand","embeddable":true,"href":"https:\/\/eu-mark.com\/de\/wp-json\/wp\/v2\/product_brand?post=7376"},{"taxonomy":"product_cat","embeddable":true,"href":"https:\/\/eu-mark.com\/de\/wp-json\/wp\/v2\/product_cat?post=7376"},{"taxonomy":"product_tag","embeddable":true,"href":"https:\/\/eu-mark.com\/de\/wp-json\/wp\/v2\/product_tag?post=7376"}],"curies":[{"name":"wp","href":"https:\/\/api.w.org\/{rel}","templated":true}]}}