{"id":7406,"date":"2023-09-04T08:29:58","date_gmt":"2023-09-04T08:29:58","guid":{"rendered":"https:\/\/eu-mark.com\/product\/elektrochemische-markierungs-und-aetzmaschine-eumark-super-set-04\/"},"modified":"2026-02-09T12:17:43","modified_gmt":"2026-02-09T12:17:43","slug":"elektrochemische-markierungs-und-aetzmaschine-eumark-super-set-04","status":"publish","type":"product","link":"https:\/\/eu-mark.com\/de\/product\/elektrochemische-markierungs-und-aetzmaschine-eumark-super-set-04\/","title":{"rendered":"Elektrochemische Markierungs- und \u00c4tzmaschine EUmark SUPER SET 04"},"content":{"rendered":"<h1 style=\"text-align: center;\">Metall markieren. Kennzeichnung von Metallteilen mit Ihrem Logo oder Ihrer Seriennummer. <\/h1>\n<p style=\"text-align: center;\"><strong>SUPER SET 04<\/strong><\/p>\n<p>Elektrochemische Markierungs- und \u00c4tzmaschine zur schnellen Markierung von Metall<\/p>\n<p>Beschriften Sie Metalloberfl\u00e4chen schnell und einfach mit Ihrem eigenen Logo, Text usw. 110\/220V Betrieb mit Sicherung, auch mit Thermosicherung. Wenn Sie eine langlebige Fotoschablone oder eine schnelle und g\u00fcnstige Schablone ben\u00f6tigen, kontaktieren Sie uns bitte. EUmark Super Set 04 enth\u00e4lt: <em><strong>Maschine, Schablonendrucker 410 108mm 4 inch, Schablonenband 108mm x 100m lang 1 St\u00fcck, Kabel, Handstempel, 2 St\u00fcck Markierungsfilz &#8211; Filz f\u00fcr elektrochemische Markierungs\u00e4tzung 375x500mm 10\u2033x19\u2033 <\/strong><\/em><em><b>Markierungsfilz Filz , Elektrolyt M21, M22, M23 <\/b><span style=\"font-size: 14.4px;\"><b>Neutralit\u00e4t alle 0,2 L<\/b><\/span><b>, Muster f\u00fcr langlebige Schablonen, auch Muster f\u00fcr schnelle Schablonen aus dem Schablonendrucker. <\/b><\/em>   <\/p>\n<p><strong>Endlich haben wir eine L\u00f6sung, um schnell, einfach und sehr g\u00fcnstig Schablonen zu Hause oder in der Werkstatt herzustellen.<\/strong><\/p>\n<p><strong>Sie ben\u00f6tigen einen Drucker und ein Schablonenband f\u00fcr die Markierung (elektrochemische Markierung ist das elektrochemische \u00c4tzen einer Metalloberfl\u00e4che)<\/strong><\/p>\n<p><strong>Wenn Sie unseren Schablonendrucker mit Schablonenb\u00e4ndern verwenden, ben\u00f6tigen Sie nur wenige Minuten, um eine eigene Schablone zu erstellen und schnell zu markieren.<\/strong><\/p>\n<p><em><strong>1. <a href=\"https:\/\/eu-mark.com\/de\/vorteile-der-elektrochemischen-markierungsgravur\/\">Was ist eine elektrochemische Markierung?<\/a><\/strong><\/em>  Bei der elektrochemischen Markierung handelt es sich um das elektrochemische \u00c4tzen von Metalloberfl\u00e4chen unter Verwendung einer geringen Menge elektrischen Stroms, eines Elektrolyts, eines Markers mit einer Unterlage, die das Elektrolyt aufnimmt und den Strom leitet, und einer Schablone mit dem gew\u00fcnschten Bild.<\/p>\n<p><em><strong>2. Fakten zur elektrochemischen Markierung<\/strong> <\/em>(schnell, billig, einfach, sicher und hochwertig) Die elektrochemische Markierung ist die schnellste Technik zur dauerhaften Markierung von leitenden Metalloberfl\u00e4chen. Sie erzeugt eine scharfe, saubere, attraktive und kosteng\u00fcnstige Markierung, ohne das zu markierende Teil zu besch\u00e4digen, zu belasten oder zu verformen. Der Abdruck ist dauerhaft und randlos.    Es gibt keine Korrosion oder andere negative Auswirkungen auf das Material. Der Prozess dauert nur ein paar Sekunden und die Markierungen sind etwa 0,025 mm tief. Je nach Funktion und gew\u00e4hltem Elektrolyt k\u00f6nnen Sie klare \u00c4tzspuren, schwarze Oxidspuren oder wei\u00dfe Spuren auf chemisch geschw\u00e4rzten Bauteilen erzielen. Die Form des Werkst\u00fccks kann flach, rund, massiv oder hohl, montiert oder nicht montiert sein. Das Ger\u00e4t ist sehr zuverl\u00e4ssig, langlebig und eignet sich f\u00fcr viele industrielle Anforderungen. Der gesamte Prozess ist sehr einfach, ben\u00f6tigt nicht viel Platz, kann w\u00e4hrend der Herstellung oder vor der Auslieferung durchgef\u00fchrt werden, erfordert keine spezielle Ausbildung und ist sehr sicher.     <\/p>\n<p><em><strong>3. Wo k\u00f6nnen Sie elektrochemische Markierungen verwenden?<\/strong><\/em> Eine Vielzahl von Herstellern verwendet elektrochemische Markierungen, Gravuren. Das Verfahren wird h\u00e4ufig zur Kennzeichnung von Besteck, Werkzeugen, Gewindebohrern, Bohrern, S\u00e4gebl\u00e4ttern und in der Automobil- und Luftfahrtindustrie eingesetzt. Auch kleine Unternehmen, Hobbyisten und K\u00fcnstler k\u00f6nnen die elektrochemische Markierung, Gravur verwenden.  <\/p>\n<p><strong>4. Elektrochemische Markierungsger\u00e4te:<\/strong><\/p>\n<ul>\n<li><strong><em>Markierungsger\u00e4t.<\/em> <\/strong>Dieses Ger\u00e4t gibt es in mehreren Varianten, je nach Gr\u00f6\u00dfe und spezifischen Bed\u00fcrfnissen. Die Basismodelle unterscheiden sich durch m\u00f6gliche Betriebsarten, Steuerungen f\u00fcr automatischen oder halbautomatischen Betrieb usw. <\/li>\n<li><em><strong>Marker mit Pad Marker<\/strong><\/em> mit Pad k\u00f6nnen manuell, halbautomatisch oder automatisch betrieben werden. Sie dienen der Aufnahme der Schablone, der Zufuhr von Elektrolyt sowie dem Schlie\u00dfen eines Stromkreises, um ein St\u00fcck zu markieren. <\/li>\n<li><a href=\"https:\/\/eu-mark.com\/de\/die-kunst-der-elektrochemischen-markierungsgravur-beherrschen-verbessern-der-schablonenqualitaet\/\"><em><strong>Schablone Klein<\/strong><\/em><\/a>d\u00fcnnes St\u00fcck Spezialmaterial, das das gew\u00fcnschte Design enth\u00e4lt. Es gibt zwei Grundmodelle: eine langlebige Schablone mit hoher Aufl\u00f6sung (f\u00fcr bis zu 5000 Markierungen) und eine kurze (schnelle) Schablone f\u00fcr schnelle Markierungen in kleinen Serien.<\/li>\n<li><em><strong><a href=\"https:\/\/eu-mark.com\/de\/vorteile-der-elektrochemischen-markierungsgravur\/\">Elektrolyt<\/a>.<\/strong> <\/em> Diese harmlosen Salzl\u00f6sungen werden f\u00fcr die Stromleitung und die notwendigen Chemikalien f\u00fcr klare Markierungen oder schwarze oder wei\u00dfe Oxidmarkierungen verwendet. a. Reiniger Diese L\u00f6sungen werden verwendet, um den Rest des Elektrolyts nach der Markierung zu entfernen, um die Korrosion zu verringern.<\/li>\n<\/ul>\n<table width=\"888\">\n<tbody>\n<tr>\n<td width=\"100\"><\/td>\n<td width=\"61\">Schwarze Markierung<\/td>\n<td width=\"76\">Tiefge\u00e4tzte Lichtmarkierung<\/td>\n<td width=\"82\">Schablonendrucker P58D 58mm breit<\/td>\n<td width=\"77\">Schablonendrucker 410 110mm breite 108m lange Schablone<\/td>\n<td width=\"82\">Schablonendrucker P58 58mm breit f\u00fcr Schablonenband 10m lang<\/td>\n<td width=\"84\">Schablonenband 58mm breit 10m lang<\/td>\n<td width=\"64\">M21, M22, M23 N11 je 50ml<\/td>\n<td width=\"64\">M21, M22, M23 N11 je 200ml<\/td>\n<td width=\"70\">M22 50ml<\/td>\n<td width=\"64\">2 psc Markierungsfilz &#8211; Filz f\u00fcr elektrochemische Markierungs\u00e4tzung 375x500mm<\/td>\n<td width=\"64\">2 psc Markierungsfilz &#8211; Filz f\u00fcr elektrochemische Markierung von \u00c4tzproben<\/td>\n<\/tr>\n<tr>\n<td>Eumark Set 04A<\/td>\n<td>JA<\/td>\n<td>JA<\/td>\n<td>NO<\/td>\n<td>JA<\/td>\n<td>NO<\/td>\n<td>NO<\/td>\n<td>JA<\/td>\n<td>NO<\/td>\n<td><\/td>\n<td>JA<\/td>\n<td>NO<\/td>\n<\/tr>\n<tr>\n<td>Eumark Satz 04<\/td>\n<td>JA<\/td>\n<td>JA<\/td>\n<td>NO<\/td>\n<td>JA<\/td>\n<td>NO<\/td>\n<td>NO<\/td>\n<td>NO<\/td>\n<td>JA<\/td>\n<td><\/td>\n<td>JA<\/td>\n<td>Nein<\/td>\n<\/tr>\n<tr>\n<td>Eumark Satz 03<\/td>\n<td>JA<\/td>\n<td>JA<\/td>\n<td>JA<\/td>\n<td>NO<\/td>\n<td>JA<\/td>\n<td>JA 6St.<\/td>\n<td>NO<\/td>\n<td>NO<\/td>\n<td><\/td>\n<td>JA<\/td>\n<td>JA<\/td>\n<\/tr>\n<tr>\n<td>Eumark Satz 02<\/td>\n<td>JA<\/td>\n<td>JA<\/td>\n<td>JA<\/td>\n<td>NO<\/td>\n<td>JA<\/td>\n<td>JA<\/td>\n<td>NO<\/td>\n<td>NO<\/td>\n<td><\/td>\n<td>NO<\/td>\n<td>JA<\/td>\n<\/tr>\n<tr>\n<td>Eumark Satz 01<\/td>\n<td>JA<\/td>\n<td>JA<\/td>\n<td>NO<\/td>\n<td>NO<\/td>\n<td>NO<\/td>\n<td>NO<\/td>\n<td>NO<\/td>\n<td>NO<\/td>\n<td><\/td>\n<td>NO<\/td>\n<td>JA<\/td>\n<\/tr>\n<tr>\n<td>Eumark Satz 05<\/td>\n<td>JA<\/td>\n<td>NO<\/td>\n<td>NO<\/td>\n<td>NO<\/td>\n<td>NO<\/td>\n<td>NO<\/td>\n<td>JA<\/td>\n<td>NO<\/td>\n<td>JA<\/td>\n<td>NO<\/td>\n<td>NO<\/td>\n<\/tr>\n<tr>\n<td>Eumark Satz 06<\/td>\n<td>JA<\/td>\n<td>NO<\/td>\n<td>JA<\/td>\n<td>NO<\/td>\n<td>JA<\/td>\n<td>JA<\/td>\n<td>JA<\/td>\n<td>NO<\/td>\n<td>JA<\/td>\n<td>NO<\/td>\n<td>NO<\/td>\n<\/tr>\n<\/tbody>\n<\/table>\n<p><img loading=\"lazy\" decoding=\"async\" class=\"alignnone wp-image-5116 size-medium\" src=\"https:\/\/eu-mark.com\/wp-content\/uploads\/2016\/12\/making_engraving-electrochemical_template-264x300.jpg\" alt=\"Elektrochemische Markierungs- und \u00c4tzmaschine zur schnellen Markierung von Metall  \" width=\"264\" height=\"300\"><\/p>\n<p>Elektrochemische Markierungs- und \u00c4tzmaschine zur schnellen Markierung von Metall<\/p>\n","protected":false},"excerpt":{"rendered":"<p>Mit dem EUmark SUPER SET 04 bieten wir Ihnen eine bahnbrechende L\u00f6sung f\u00fcr die schnelle, unkomplizierte und kosteng\u00fcnstige Herstellung von Schablonen in Ihrem Zuhause oder Ihrer Werkstatt.<\/p>\n<p>Alles, was Sie f\u00fcr eine effiziente Markierung ben\u00f6tigen, sind ein Drucker und ein Schablonenband, das die elektrochemische Markierungstechnik zum \u00c4tzen von Metalloberfl\u00e4chen verwendet. Wenn Sie unseren Schablonendrucker zusammen mit den kompatiblen Klebeb\u00e4ndern verwenden, k\u00f6nnen Sie m\u00fchelos Ihre eigene Schablone herstellen und in nur wenigen Minuten schnelle Markierungen vornehmen. <\/p>\n","protected":false},"featured_media":7416,"comment_status":"closed","ping_status":"closed","template":"","meta":[],"product_brand":[],"product_cat":[207],"product_tag":[151,149,150,152,204,153],"class_list":{"0":"post-7406","1":"product","2":"type-product","3":"status-publish","4":"has-post-thumbnail","6":"product_cat-elektrochemische-atzsets","7":"product_tag-atzen","8":"product_tag-elektrochemisch","9":"product_tag-kennzeichnung","10":"product_tag-maschine","11":"product_tag-messer","12":"product_tag-stahl","13":"product_shipping_class-dhl-satz-04","15":"first","16":"instock","17":"sale","18":"featured","19":"shipping-taxable","20":"purchasable","21":"product-type-simple"},"yoast_head":"<!-- This site is optimized with the Yoast SEO plugin v27.4 - https:\/\/yoast.com\/product\/yoast-seo-wordpress\/ -->\n<title>Elektrochemische Markierung \u00c4tzmaschine schnelle Markierung von Metall<\/title>\n<meta name=\"description\" content=\"Elektrochemische Markierungs- und \u00c4tzmaschine zur schnellen Markierung von Metall Endlich haben wir eine L\u00f6sung, um schnell, einfach und sehr preiswert Schablonen zu Hause oder in der Werkstatt herzustellen.\" \/>\n<meta name=\"robots\" content=\"index, follow, max-snippet:-1, max-image-preview:large, max-video-preview:-1\" \/>\n<link rel=\"canonical\" href=\"https:\/\/eu-mark.com\/de\/product\/elektrochemische-markierungs-und-aetzmaschine-eumark-super-set-04\/\" \/>\n<meta property=\"og:locale\" content=\"de_DE\" \/>\n<meta property=\"og:type\" content=\"article\" \/>\n<meta property=\"og:title\" content=\"Elektrochemische Markierung \u00c4tzmaschine schnelle Markierung von Metall\" \/>\n<meta property=\"og:description\" content=\"Elektrochemische Markierungs- und \u00c4tzmaschine zur schnellen Markierung von Metall Endlich haben wir eine L\u00f6sung, um schnell, einfach und sehr preiswert Schablonen zu Hause oder in der Werkstatt herzustellen.\" \/>\n<meta property=\"og:url\" content=\"https:\/\/eu-mark.com\/de\/product\/elektrochemische-markierungs-und-aetzmaschine-eumark-super-set-04\/\" \/>\n<meta property=\"og:site_name\" content=\"Electrochemical marking etching\" \/>\n<meta property=\"article:publisher\" content=\"https:\/\/www.facebook.com\/eumark.de\/\" \/>\n<meta property=\"article:modified_time\" content=\"2026-02-09T12:17:43+00:00\" \/>\n<meta property=\"og:image\" content=\"https:\/\/eu-mark.com\/wp-content\/uploads\/2023\/09\/Eumark-Super-set-04-web.webp\" \/>\n\t<meta property=\"og:image:width\" content=\"971\" \/>\n\t<meta property=\"og:image:height\" content=\"629\" \/>\n\t<meta property=\"og:image:type\" content=\"image\/webp\" \/>\n<meta name=\"twitter:card\" content=\"summary_large_image\" \/>\n<meta name=\"twitter:label1\" content=\"Gesch\u00e4tzte Lesezeit\" \/>\n\t<meta name=\"twitter:data1\" content=\"4 Minuten\" \/>\n<script type=\"application\/ld+json\" class=\"yoast-schema-graph\">{\"@context\":\"https:\\\/\\\/schema.org\",\"@graph\":[{\"@type\":\"WebPage\",\"@id\":\"https:\\\/\\\/eu-mark.com\\\/de\\\/product\\\/elektrochemische-markierungs-und-aetzmaschine-eumark-super-set-04\\\/\",\"url\":\"https:\\\/\\\/eu-mark.com\\\/de\\\/product\\\/elektrochemische-markierungs-und-aetzmaschine-eumark-super-set-04\\\/\",\"name\":\"Elektrochemische Markierung \u00c4tzmaschine schnelle Markierung von Metall\",\"isPartOf\":{\"@id\":\"https:\\\/\\\/eu-mark.com\\\/de\\\/#website\"},\"primaryImageOfPage\":{\"@id\":\"https:\\\/\\\/eu-mark.com\\\/de\\\/product\\\/elektrochemische-markierungs-und-aetzmaschine-eumark-super-set-04\\\/#primaryimage\"},\"image\":{\"@id\":\"https:\\\/\\\/eu-mark.com\\\/de\\\/product\\\/elektrochemische-markierungs-und-aetzmaschine-eumark-super-set-04\\\/#primaryimage\"},\"thumbnailUrl\":\"https:\\\/\\\/eu-mark.com\\\/wp-content\\\/uploads\\\/2023\\\/09\\\/Eumark-Super-set-04-web.webp\",\"datePublished\":\"2023-09-04T08:29:58+00:00\",\"dateModified\":\"2026-02-09T12:17:43+00:00\",\"description\":\"Elektrochemische Markierungs- und \u00c4tzmaschine zur schnellen Markierung von Metall Endlich haben wir eine L\u00f6sung, um schnell, einfach und sehr preiswert Schablonen zu Hause oder in der Werkstatt herzustellen.\",\"breadcrumb\":{\"@id\":\"https:\\\/\\\/eu-mark.com\\\/de\\\/product\\\/elektrochemische-markierungs-und-aetzmaschine-eumark-super-set-04\\\/#breadcrumb\"},\"inLanguage\":\"de\",\"potentialAction\":[{\"@type\":\"ReadAction\",\"target\":[\"https:\\\/\\\/eu-mark.com\\\/de\\\/product\\\/elektrochemische-markierungs-und-aetzmaschine-eumark-super-set-04\\\/\"]}]},{\"@type\":\"ImageObject\",\"inLanguage\":\"de\",\"@id\":\"https:\\\/\\\/eu-mark.com\\\/de\\\/product\\\/elektrochemische-markierungs-und-aetzmaschine-eumark-super-set-04\\\/#primaryimage\",\"url\":\"https:\\\/\\\/eu-mark.com\\\/wp-content\\\/uploads\\\/2023\\\/09\\\/Eumark-Super-set-04-web.webp\",\"contentUrl\":\"https:\\\/\\\/eu-mark.com\\\/wp-content\\\/uploads\\\/2023\\\/09\\\/Eumark-Super-set-04-web.webp\",\"width\":971,\"height\":629,\"caption\":\"Eumark Super set 04 Bahnmarkierung \u00c4tzen Komplettl\u00f6sung\"},{\"@type\":\"BreadcrumbList\",\"@id\":\"https:\\\/\\\/eu-mark.com\\\/de\\\/product\\\/elektrochemische-markierungs-und-aetzmaschine-eumark-super-set-04\\\/#breadcrumb\",\"itemListElement\":[{\"@type\":\"ListItem\",\"position\":1,\"name\":\"Startseite\",\"item\":\"https:\\\/\\\/eu-mark.com\\\/de\\\/home\\\/\"},{\"@type\":\"ListItem\",\"position\":2,\"name\":\"Shop\",\"item\":\"https:\\\/\\\/eu-mark.com\\\/de\\\/shop\\\/\"},{\"@type\":\"ListItem\",\"position\":3,\"name\":\"Elektrochemische Markierungs- und \u00c4tzmaschine EUmark SUPER SET 04\"}]},{\"@type\":\"WebSite\",\"@id\":\"https:\\\/\\\/eu-mark.com\\\/de\\\/#website\",\"url\":\"https:\\\/\\\/eu-mark.com\\\/de\\\/\",\"name\":\"eu-mark.com\",\"description\":\"Electrochemical marking etching\",\"publisher\":{\"@id\":\"https:\\\/\\\/eu-mark.com\\\/de\\\/#organization\"},\"potentialAction\":[{\"@type\":\"SearchAction\",\"target\":{\"@type\":\"EntryPoint\",\"urlTemplate\":\"https:\\\/\\\/eu-mark.com\\\/de\\\/?s={search_term_string}\"},\"query-input\":{\"@type\":\"PropertyValueSpecification\",\"valueRequired\":true,\"valueName\":\"search_term_string\"}}],\"inLanguage\":\"de\"},{\"@type\":\"Organization\",\"@id\":\"https:\\\/\\\/eu-mark.com\\\/de\\\/#organization\",\"name\":\"EUMARK\",\"url\":\"https:\\\/\\\/eu-mark.com\\\/de\\\/\",\"logo\":{\"@type\":\"ImageObject\",\"inLanguage\":\"de\",\"@id\":\"https:\\\/\\\/eu-mark.com\\\/de\\\/#\\\/schema\\\/logo\\\/image\\\/\",\"url\":\"https:\\\/\\\/eu-mark.com\\\/wp-content\\\/uploads\\\/2025\\\/02\\\/eumark-logo-samo-EU-2018_06_19-10_17_06-UTC.jpg\",\"contentUrl\":\"https:\\\/\\\/eu-mark.com\\\/wp-content\\\/uploads\\\/2025\\\/02\\\/eumark-logo-samo-EU-2018_06_19-10_17_06-UTC.jpg\",\"width\":264,\"height\":268,\"caption\":\"EUMARK\"},\"image\":{\"@id\":\"https:\\\/\\\/eu-mark.com\\\/de\\\/#\\\/schema\\\/logo\\\/image\\\/\"},\"sameAs\":[\"https:\\\/\\\/www.facebook.com\\\/eumark.de\\\/\",\"https:\\\/\\\/www.youtube.com\\\/channel\\\/UCehJsM6xcqIQLzp0y9MjYPg\",\"https:\\\/\\\/www.linkedin.com\\\/company\\\/eumark\\\/\",\"https:\\\/\\\/www.instagram.com\\\/eumark_de\"]}]}<\/script>\n<!-- \/ Yoast SEO plugin. -->","yoast_head_json":{"title":"Elektrochemische Markierung \u00c4tzmaschine schnelle Markierung von Metall","description":"Elektrochemische Markierungs- und \u00c4tzmaschine zur schnellen Markierung von Metall Endlich haben wir eine L\u00f6sung, um schnell, einfach und sehr preiswert Schablonen zu Hause oder in der Werkstatt herzustellen.","robots":{"index":"index","follow":"follow","max-snippet":"max-snippet:-1","max-image-preview":"max-image-preview:large","max-video-preview":"max-video-preview:-1"},"canonical":"https:\/\/eu-mark.com\/de\/product\/elektrochemische-markierungs-und-aetzmaschine-eumark-super-set-04\/","og_locale":"de_DE","og_type":"article","og_title":"Elektrochemische Markierung \u00c4tzmaschine schnelle Markierung von Metall","og_description":"Elektrochemische Markierungs- und \u00c4tzmaschine zur schnellen Markierung von Metall Endlich haben wir eine L\u00f6sung, um schnell, einfach und sehr preiswert Schablonen zu Hause oder in der Werkstatt herzustellen.","og_url":"https:\/\/eu-mark.com\/de\/product\/elektrochemische-markierungs-und-aetzmaschine-eumark-super-set-04\/","og_site_name":"Electrochemical marking etching","article_publisher":"https:\/\/www.facebook.com\/eumark.de\/","article_modified_time":"2026-02-09T12:17:43+00:00","og_image":[{"width":971,"height":629,"url":"https:\/\/eu-mark.com\/wp-content\/uploads\/2023\/09\/Eumark-Super-set-04-web.webp","type":"image\/webp"}],"twitter_card":"summary_large_image","twitter_misc":{"Gesch\u00e4tzte Lesezeit":"4 Minuten"},"schema":{"@context":"https:\/\/schema.org","@graph":[{"@type":"WebPage","@id":"https:\/\/eu-mark.com\/de\/product\/elektrochemische-markierungs-und-aetzmaschine-eumark-super-set-04\/","url":"https:\/\/eu-mark.com\/de\/product\/elektrochemische-markierungs-und-aetzmaschine-eumark-super-set-04\/","name":"Elektrochemische Markierung \u00c4tzmaschine schnelle Markierung von Metall","isPartOf":{"@id":"https:\/\/eu-mark.com\/de\/#website"},"primaryImageOfPage":{"@id":"https:\/\/eu-mark.com\/de\/product\/elektrochemische-markierungs-und-aetzmaschine-eumark-super-set-04\/#primaryimage"},"image":{"@id":"https:\/\/eu-mark.com\/de\/product\/elektrochemische-markierungs-und-aetzmaschine-eumark-super-set-04\/#primaryimage"},"thumbnailUrl":"https:\/\/eu-mark.com\/wp-content\/uploads\/2023\/09\/Eumark-Super-set-04-web.webp","datePublished":"2023-09-04T08:29:58+00:00","dateModified":"2026-02-09T12:17:43+00:00","description":"Elektrochemische Markierungs- und \u00c4tzmaschine zur schnellen Markierung von Metall Endlich haben wir eine L\u00f6sung, um schnell, einfach und sehr preiswert Schablonen zu Hause oder in der Werkstatt herzustellen.","breadcrumb":{"@id":"https:\/\/eu-mark.com\/de\/product\/elektrochemische-markierungs-und-aetzmaschine-eumark-super-set-04\/#breadcrumb"},"inLanguage":"de","potentialAction":[{"@type":"ReadAction","target":["https:\/\/eu-mark.com\/de\/product\/elektrochemische-markierungs-und-aetzmaschine-eumark-super-set-04\/"]}]},{"@type":"ImageObject","inLanguage":"de","@id":"https:\/\/eu-mark.com\/de\/product\/elektrochemische-markierungs-und-aetzmaschine-eumark-super-set-04\/#primaryimage","url":"https:\/\/eu-mark.com\/wp-content\/uploads\/2023\/09\/Eumark-Super-set-04-web.webp","contentUrl":"https:\/\/eu-mark.com\/wp-content\/uploads\/2023\/09\/Eumark-Super-set-04-web.webp","width":971,"height":629,"caption":"Eumark Super set 04 Bahnmarkierung \u00c4tzen Komplettl\u00f6sung"},{"@type":"BreadcrumbList","@id":"https:\/\/eu-mark.com\/de\/product\/elektrochemische-markierungs-und-aetzmaschine-eumark-super-set-04\/#breadcrumb","itemListElement":[{"@type":"ListItem","position":1,"name":"Startseite","item":"https:\/\/eu-mark.com\/de\/home\/"},{"@type":"ListItem","position":2,"name":"Shop","item":"https:\/\/eu-mark.com\/de\/shop\/"},{"@type":"ListItem","position":3,"name":"Elektrochemische Markierungs- und \u00c4tzmaschine EUmark SUPER SET 04"}]},{"@type":"WebSite","@id":"https:\/\/eu-mark.com\/de\/#website","url":"https:\/\/eu-mark.com\/de\/","name":"eu-mark.com","description":"Electrochemical marking etching","publisher":{"@id":"https:\/\/eu-mark.com\/de\/#organization"},"potentialAction":[{"@type":"SearchAction","target":{"@type":"EntryPoint","urlTemplate":"https:\/\/eu-mark.com\/de\/?s={search_term_string}"},"query-input":{"@type":"PropertyValueSpecification","valueRequired":true,"valueName":"search_term_string"}}],"inLanguage":"de"},{"@type":"Organization","@id":"https:\/\/eu-mark.com\/de\/#organization","name":"EUMARK","url":"https:\/\/eu-mark.com\/de\/","logo":{"@type":"ImageObject","inLanguage":"de","@id":"https:\/\/eu-mark.com\/de\/#\/schema\/logo\/image\/","url":"https:\/\/eu-mark.com\/wp-content\/uploads\/2025\/02\/eumark-logo-samo-EU-2018_06_19-10_17_06-UTC.jpg","contentUrl":"https:\/\/eu-mark.com\/wp-content\/uploads\/2025\/02\/eumark-logo-samo-EU-2018_06_19-10_17_06-UTC.jpg","width":264,"height":268,"caption":"EUMARK"},"image":{"@id":"https:\/\/eu-mark.com\/de\/#\/schema\/logo\/image\/"},"sameAs":["https:\/\/www.facebook.com\/eumark.de\/","https:\/\/www.youtube.com\/channel\/UCehJsM6xcqIQLzp0y9MjYPg","https:\/\/www.linkedin.com\/company\/eumark\/","https:\/\/www.instagram.com\/eumark_de"]}]}},"_links":{"self":[{"href":"https:\/\/eu-mark.com\/de\/wp-json\/wp\/v2\/product\/7406","targetHints":{"allow":["GET"]}}],"collection":[{"href":"https:\/\/eu-mark.com\/de\/wp-json\/wp\/v2\/product"}],"about":[{"href":"https:\/\/eu-mark.com\/de\/wp-json\/wp\/v2\/types\/product"}],"replies":[{"embeddable":true,"href":"https:\/\/eu-mark.com\/de\/wp-json\/wp\/v2\/comments?post=7406"}],"wp:featuredmedia":[{"embeddable":true,"href":"https:\/\/eu-mark.com\/de\/wp-json\/wp\/v2\/media\/7416"}],"wp:attachment":[{"href":"https:\/\/eu-mark.com\/de\/wp-json\/wp\/v2\/media?parent=7406"}],"wp:term":[{"taxonomy":"product_brand","embeddable":true,"href":"https:\/\/eu-mark.com\/de\/wp-json\/wp\/v2\/product_brand?post=7406"},{"taxonomy":"product_cat","embeddable":true,"href":"https:\/\/eu-mark.com\/de\/wp-json\/wp\/v2\/product_cat?post=7406"},{"taxonomy":"product_tag","embeddable":true,"href":"https:\/\/eu-mark.com\/de\/wp-json\/wp\/v2\/product_tag?post=7406"}],"curies":[{"name":"wp","href":"https:\/\/api.w.org\/{rel}","templated":true}]}}