{"id":7531,"date":"2022-01-25T09:00:57","date_gmt":"2022-01-25T09:00:57","guid":{"rendered":"https:\/\/eu-mark.com\/product\/elektrochemische-markierungs-und-aetzmaschine-eumark-set-05-compact\/"},"modified":"2022-01-25T09:00:57","modified_gmt":"2022-01-25T09:00:57","slug":"elektrochemische-markierungs-und-aetzmaschine-eumark-set-05-compact","status":"publish","type":"product","link":"https:\/\/eu-mark.com\/de\/product\/elektrochemische-markierungs-und-aetzmaschine-eumark-set-05-compact\/","title":{"rendered":"Elektrochemische Markierungs- und \u00c4tzmaschine EUmark set 05 compact"},"content":{"rendered":"<h1 style=\"text-align: center;\">Metall markieren. Kennzeichnung von Metallteilen mit Ihrem Logo oder Ihrer Seriennummer. <\/h1>\n<p>Beschriften Sie Metalloberfl\u00e4chen schnell und einfach mit Ihrem eigenen Logo, Text usw. 110\/220V Betrieb mit Sicherung, auch mit Thermosicherung. Wenn Sie eine langlebige Fotoschablone oder eine schnelle und g\u00fcnstige Schablone ben\u00f6tigen, kontaktieren Sie uns bitte. EUmark Se t05 enth\u00e4lt: <em><b>Ger\u00e4t, Kabel, Handstempel, Elektrolytprobe M21 oder M22, Muster der langlebigen Schablone, auch Muster der schnellen Schablone aus dem <a href=\"https:\/\/eu-mark.com\/de\/product\/eumark-schablonendrucker-58mm-mit-schablonenbaendern-6-stueck-58mmx10meter-lang\/\">Schablonendrucker<\/a>. <\/b><\/em>   <\/p>\n<p><em><strong>1. <a href=\"https:\/\/eu-mark.com\/de\/mit-eumark-electrolytes-bemerkenswerte-ergebnisse-erzielen-entfesseln-sie-die-kraft-der-exzellenz\/\">Was ist eine elektrochemische Markierung?<\/a><\/strong><\/em>  Bei der elektrochemischen Markierung handelt es sich um das elektrochemische \u00c4tzen von Metalloberfl\u00e4chen unter Verwendung einer geringen Menge elektrischen Stroms, eines Elektrolyts, eines Markers mit einer Unterlage, die das Elektrolyt aufnimmt und den Strom leitet, und einer Schablone mit dem gew\u00fcnschten Bild. <em><strong>2. Fakten zur elektrochemischen Markierung<\/strong> <\/em>(schnell, billig, einfach, sicher und hochwertig) Die elektrochemische Markierung ist die schnellste Technik zur dauerhaften Markierung von leitf\u00e4higen Metalloberfl\u00e4chen. Sie erzeugt eine scharfe, saubere, attraktive und kosteng\u00fcnstige Markierung, ohne das zu markierende Teil zu besch\u00e4digen, zu belasten oder zu verformen. Der Abdruck ist dauerhaft und randlos. Es gibt keine Korrosion oder andere negative Auswirkungen auf das Material.<\/p>\n<p>     Der Vorgang dauert nur ein paar Sekunden und die Markierungen sind etwa 0,025 mm tief. Je nach Funktion und gew\u00e4hltem Elektrolyt k\u00f6nnen Sie klare \u00c4tzmarkierungen, schwarze Oxidmarkierungen oder wei\u00dfe Markierungen auf chemisch geschw\u00e4rzten Komponenten erzielen. Die Form des Werkst\u00fccks kann flach, rund, massiv oder hohl, montiert oder nicht montiert sein. Das Ger\u00e4t ist sehr zuverl\u00e4ssig, langlebig und eignet sich f\u00fcr viele industrielle Anforderungen. Der gesamte Prozess ist sehr einfach, ben\u00f6tigt nicht viel Platz, kann w\u00e4hrend der Herstellung oder vor der Auslieferung durchgef\u00fchrt werden, erfordert keine spezielle Ausbildung und ist sehr sicher.    <\/p>\n<p><em><strong>3. <a href=\"https:\/\/eumark.biz\/en-us\/blogs\/news\/advantages-of-electrochemical-marking-engraving\">Wo k\u00f6nnen Sie elektrochemische Markierungen verwenden?<\/a><\/strong><\/em>  Eine Vielzahl von Herstellern verwendet die Elektromarkierung. Das Verfahren wird h\u00e4ufig zur Kennzeichnung von Besteck, Werkzeugen, Gewindebohrern, Bohrern, S\u00e4gebl\u00e4ttern und in der Automobil- und Luftfahrtindustrie eingesetzt. Auch kleine Unternehmen, Hobbyisten und K\u00fcnstler k\u00f6nnen die Elektromarkierung nutzen.  <\/p>\n<p><strong>4. Elektrochemische Markierungsger\u00e4te:<\/strong><\/p>\n<ul>\n<li><strong><em>Markierungsger\u00e4t.<\/em> <\/strong>Dieses Ger\u00e4t gibt es in mehreren Varianten, je nach Gr\u00f6\u00dfe und spezifischen Bed\u00fcrfnissen. Die Basismodelle unterscheiden sich durch m\u00f6gliche Betriebsarten, Steuerungen f\u00fcr automatischen oder halbautomatischen Betrieb usw. <\/li>\n<li><em><strong>Marker mit Pad Marker<\/strong><\/em> mit Pad k\u00f6nnen manuell, halbautomatisch oder automatisch betrieben werden. Sie dienen der Aufnahme der Schablone, der Zufuhr von Elektrolyt sowie dem Schlie\u00dfen eines Stromkreises, um ein St\u00fcck zu markieren. <\/li>\n<li><a href=\"https:\/\/eu-mark.com\/de\/die-kunst-der-elektrochemischen-markierungsgravur-beherrschen-verbessern-der-schablonenqualitaet\/\"><em><strong>Schablone Klein<\/strong><\/em><\/a>Ein d\u00fcnnes St\u00fcck Spezialmaterial, das das gew\u00fcnschte Motiv enth\u00e4lt. Es gibt zwei Grundmodelle: eine langlebige Schablone mit hoher Aufl\u00f6sung (f\u00fcr bis zu 5000 Markierungen) und eine kurze (schnelle) Schablone f\u00fcr schnelle Markierungen in kleinen Serien. <\/li>\n<li><em><strong><a href=\"https:\/\/eumark.biz\/en-us\/blogs\/news\/advantages-of-electrochemical-marking-engraving\">Elektrolyt<\/a>.<\/strong> <\/em>Diese harmlosen Salzl\u00f6sungen werden f\u00fcr die Stromleitung und die notwendigen Chemikalien f\u00fcr klare Markierungen oder schwarze oder wei\u00dfe Oxidmarkierungen verwendet. a. Reiniger Diese L\u00f6sungen werden verwendet, um den Rest des Elektrolyten nach der Markierung zu entfernen, um die Korrosion zu verringern.  <\/li>\n<\/ul>\n<table width=\"888\">\n<tbody>\n<tr>\n<td width=\"100\"><\/td>\n<td width=\"61\">Schwarze Markierung<\/td>\n<td width=\"76\">Tiefge\u00e4tzte Lichtmarkierung<\/td>\n<td width=\"82\">Schablonendrucker P58D 58mm breit<\/td>\n<td width=\"77\">Schablonendrucker 410 110mm breite 108m lange Schablone<\/td>\n<td width=\"82\">Schablonendrucker P58 58mm breit f\u00fcr Schablonenband 10m lang<\/td>\n<td width=\"84\">Schablonenband 58mm breit 10m lang<\/td>\n<td width=\"64\">M21, M22, M23 N11 je 50ml<\/td>\n<td width=\"64\">M21, M22, M23 N11 je 500ml<\/td>\n<td width=\"70\">M22 50ml<\/td>\n<td width=\"64\">2 psc Markierungsfilz &#8211; Filz f\u00fcr elektrochemische Markierungs\u00e4tzung 375x500mm<\/td>\n<td width=\"64\">2 psc Markierungsfilz &#8211; Filz f\u00fcr elektrochemische Markierung von \u00c4tzproben<\/td>\n<\/tr>\n<tr>\n<td>Eumark Set 04A<\/td>\n<td>JA<\/td>\n<td>JA<\/td>\n<td>NO<\/td>\n<td>JA<\/td>\n<td>NO<\/td>\n<td>NO<\/td>\n<td>JA<\/td>\n<td>NO<\/td>\n<td><\/td>\n<td>JA<\/td>\n<td>NO<\/td>\n<\/tr>\n<tr>\n<td>Eumark Satz 04<\/td>\n<td>JA<\/td>\n<td>JA<\/td>\n<td>NO<\/td>\n<td>JA<\/td>\n<td>NO<\/td>\n<td>NO<\/td>\n<td>NO<\/td>\n<td>JA<\/td>\n<td><\/td>\n<td>JA<\/td>\n<td>Nein<\/td>\n<\/tr>\n<tr>\n<td>Eumark Satz 03<\/td>\n<td>JA<\/td>\n<td>JA<\/td>\n<td>JA<\/td>\n<td>NO<\/td>\n<td>JA<\/td>\n<td>JA 6St.<\/td>\n<td>NO<\/td>\n<td>NO<\/td>\n<td><\/td>\n<td>JA<\/td>\n<td>JA<\/td>\n<\/tr>\n<tr>\n<td>Eumark Satz 02<\/td>\n<td>JA<\/td>\n<td>JA<\/td>\n<td>JA<\/td>\n<td>NO<\/td>\n<td>JA<\/td>\n<td>JA<\/td>\n<td>NO<\/td>\n<td>NO<\/td>\n<td><\/td>\n<td>NO<\/td>\n<td>JA<\/td>\n<\/tr>\n<tr>\n<td>Eumark Satz 01<\/td>\n<td>JA<\/td>\n<td>JA<\/td>\n<td>NO<\/td>\n<td>NO<\/td>\n<td>NO<\/td>\n<td>NO<\/td>\n<td>NO<\/td>\n<td>NO<\/td>\n<td><\/td>\n<td>NO<\/td>\n<td>JA<\/td>\n<\/tr>\n<tr>\n<td>Eumark Satz 05<\/td>\n<td>JA<\/td>\n<td>NO<\/td>\n<td>NO<\/td>\n<td>NO<\/td>\n<td>NO<\/td>\n<td>NO<\/td>\n<td>JA<\/td>\n<td>NO<\/td>\n<td>JA<\/td>\n<td>NO<\/td>\n<td>NO<\/td>\n<\/tr>\n<tr>\n<td>Eumark Satz 06<\/td>\n<td>JA<\/td>\n<td>NO<\/td>\n<td>JA<\/td>\n<td>NO<\/td>\n<td>JA<\/td>\n<td>JA<\/td>\n<td>JA<\/td>\n<td>NO<\/td>\n<td>JA<\/td>\n<td>NO<\/td>\n<td>NO<\/td>\n<\/tr>\n<\/tbody>\n<\/table>\n","protected":false},"excerpt":{"rendered":"<div><strong>KOSTENLOSER globaler Versand inbegriffen<\/strong><\/div>\n<div><\/div>\n<div><strong>Sichere Zahlungsoptionen<\/strong><\/div>\n<div><\/div>\n<div>Bezahlen Sie bequem mit Ihrer Kredit- oder Debitkarte \u00fcber PayPal w\u00e4hrend des Bestellvorgangs. Kein PayPal-Konto erforderlich. <\/div>\n<div><\/div>\n<div>\n<div><strong>Schnelles, genaues, zerst\u00f6rungsfreies \u00c4tzen, Markieren und Gravieren von Metall<\/strong><\/div>\n<div><\/div>\n<div>Erleben Sie die schnelle und pr\u00e4zise Kennzeichnung und Gravur von Metalloberfl\u00e4chen mit elektrochemischer Technologie. Erzielen Sie Effizienz ohne Beeintr\u00e4chtigung der Materialintegrit\u00e4t. <\/div>\n<\/div>\n<div><\/div>\n","protected":false},"featured_media":7622,"comment_status":"closed","ping_status":"closed","template":"","meta":[],"product_brand":[],"product_cat":[154],"product_tag":[151,149,150,152,204,153],"class_list":{"0":"post-7531","1":"product","2":"type-product","3":"status-publish","4":"has-post-thumbnail","6":"product_cat-elektrochemisches-atzen","7":"product_tag-atzen","8":"product_tag-elektrochemisch","9":"product_tag-kennzeichnung","10":"product_tag-maschine","11":"product_tag-messer","12":"product_tag-stahl","14":"first","15":"instock","16":"sale","17":"featured","18":"shipping-taxable","19":"purchasable","20":"product-type-simple"},"yoast_head":"<!-- This site is optimized with the Yoast SEO plugin v27.4 - https:\/\/yoast.com\/product\/yoast-seo-wordpress\/ -->\n<title>Gravur von Metallteilen mit Ihrem Logo oder Ihrer Seriennummer Electrochemical marking etching<\/title>\n<meta name=\"description\" content=\"Schnell, billig, einfach, sicher und hochwertig. Die elektrochemische Markierung ist die schnellste Technik zur dauerhaften Markierung von leitenden Metalloberfl\u00e4chen. Sie erzeugt eine scharfe, saubere, attraktive und wirtschaftliche Markierung. Electrochemical marking etching Elektrochemische Markierungs- und \u00c4tzmaschine EUmark set 05 compact\" \/>\n<meta name=\"robots\" content=\"index, follow, max-snippet:-1, max-image-preview:large, max-video-preview:-1\" \/>\n<link rel=\"canonical\" href=\"https:\/\/eu-mark.com\/de\/product\/elektrochemische-markierungs-und-aetzmaschine-eumark-set-05-compact\/\" \/>\n<meta property=\"og:locale\" content=\"de_DE\" \/>\n<meta property=\"og:type\" content=\"article\" \/>\n<meta property=\"og:title\" content=\"Gravur von Metallteilen mit Ihrem Logo oder Ihrer Seriennummer Electrochemical marking etching\" \/>\n<meta property=\"og:description\" content=\"Schnell, billig, einfach, sicher und hochwertig. Die elektrochemische Markierung ist die schnellste Technik zur dauerhaften Markierung von leitenden Metalloberfl\u00e4chen. Sie erzeugt eine scharfe, saubere, attraktive und wirtschaftliche Markierung. Electrochemical marking etching Elektrochemische Markierungs- und \u00c4tzmaschine EUmark set 05 compact\" \/>\n<meta property=\"og:url\" content=\"https:\/\/eu-mark.com\/de\/product\/elektrochemische-markierungs-und-aetzmaschine-eumark-set-05-compact\/\" \/>\n<meta property=\"og:site_name\" content=\"Electrochemical marking etching\" \/>\n<meta property=\"article:publisher\" content=\"https:\/\/www.facebook.com\/eumark.de\/\" \/>\n<meta property=\"og:image\" content=\"https:\/\/eu-mark.com\/wp-content\/uploads\/2022\/01\/Eumark-set-05-web.webp\" \/>\n\t<meta property=\"og:image:width\" content=\"971\" \/>\n\t<meta property=\"og:image:height\" content=\"648\" \/>\n\t<meta property=\"og:image:type\" content=\"image\/webp\" \/>\n<meta name=\"twitter:card\" content=\"summary_large_image\" \/>\n<meta name=\"twitter:label1\" content=\"Gesch\u00e4tzte Lesezeit\" \/>\n\t<meta name=\"twitter:data1\" content=\"3 Minuten\" \/>\n<script type=\"application\/ld+json\" class=\"yoast-schema-graph\">{\"@context\":\"https:\\\/\\\/schema.org\",\"@graph\":[{\"@type\":\"WebPage\",\"@id\":\"https:\\\/\\\/eu-mark.com\\\/de\\\/product\\\/elektrochemische-markierungs-und-aetzmaschine-eumark-set-05-compact\\\/\",\"url\":\"https:\\\/\\\/eu-mark.com\\\/de\\\/product\\\/elektrochemische-markierungs-und-aetzmaschine-eumark-set-05-compact\\\/\",\"name\":\"Gravur von Metallteilen mit Ihrem Logo oder Ihrer Seriennummer Electrochemical marking etching\",\"isPartOf\":{\"@id\":\"https:\\\/\\\/eu-mark.com\\\/de\\\/#website\"},\"primaryImageOfPage\":{\"@id\":\"https:\\\/\\\/eu-mark.com\\\/de\\\/product\\\/elektrochemische-markierungs-und-aetzmaschine-eumark-set-05-compact\\\/#primaryimage\"},\"image\":{\"@id\":\"https:\\\/\\\/eu-mark.com\\\/de\\\/product\\\/elektrochemische-markierungs-und-aetzmaschine-eumark-set-05-compact\\\/#primaryimage\"},\"thumbnailUrl\":\"https:\\\/\\\/eu-mark.com\\\/wp-content\\\/uploads\\\/2022\\\/01\\\/Eumark-set-05-web.webp\",\"datePublished\":\"2022-01-25T09:00:57+00:00\",\"description\":\"Schnell, billig, einfach, sicher und hochwertig. Die elektrochemische Markierung ist die schnellste Technik zur dauerhaften Markierung von leitenden Metalloberfl\u00e4chen. Sie erzeugt eine scharfe, saubere, attraktive und wirtschaftliche Markierung. Electrochemical marking etching Elektrochemische Markierungs- und \u00c4tzmaschine EUmark set 05 compact\",\"breadcrumb\":{\"@id\":\"https:\\\/\\\/eu-mark.com\\\/de\\\/product\\\/elektrochemische-markierungs-und-aetzmaschine-eumark-set-05-compact\\\/#breadcrumb\"},\"inLanguage\":\"de\",\"potentialAction\":[{\"@type\":\"ReadAction\",\"target\":[\"https:\\\/\\\/eu-mark.com\\\/de\\\/product\\\/elektrochemische-markierungs-und-aetzmaschine-eumark-set-05-compact\\\/\"]}]},{\"@type\":\"ImageObject\",\"inLanguage\":\"de\",\"@id\":\"https:\\\/\\\/eu-mark.com\\\/de\\\/product\\\/elektrochemische-markierungs-und-aetzmaschine-eumark-set-05-compact\\\/#primaryimage\",\"url\":\"https:\\\/\\\/eu-mark.com\\\/wp-content\\\/uploads\\\/2022\\\/01\\\/Eumark-set-05-web.webp\",\"contentUrl\":\"https:\\\/\\\/eu-mark.com\\\/wp-content\\\/uploads\\\/2022\\\/01\\\/Eumark-set-05-web.webp\",\"width\":971,\"height\":648},{\"@type\":\"BreadcrumbList\",\"@id\":\"https:\\\/\\\/eu-mark.com\\\/de\\\/product\\\/elektrochemische-markierungs-und-aetzmaschine-eumark-set-05-compact\\\/#breadcrumb\",\"itemListElement\":[{\"@type\":\"ListItem\",\"position\":1,\"name\":\"Startseite\",\"item\":\"https:\\\/\\\/eu-mark.com\\\/de\\\/home\\\/\"},{\"@type\":\"ListItem\",\"position\":2,\"name\":\"Shop\",\"item\":\"https:\\\/\\\/eu-mark.com\\\/de\\\/shop\\\/\"},{\"@type\":\"ListItem\",\"position\":3,\"name\":\"Elektrochemische Markierungs- und \u00c4tzmaschine EUmark set 05 compact\"}]},{\"@type\":\"WebSite\",\"@id\":\"https:\\\/\\\/eu-mark.com\\\/de\\\/#website\",\"url\":\"https:\\\/\\\/eu-mark.com\\\/de\\\/\",\"name\":\"eu-mark.com\",\"description\":\"Electrochemical marking etching\",\"publisher\":{\"@id\":\"https:\\\/\\\/eu-mark.com\\\/de\\\/#organization\"},\"potentialAction\":[{\"@type\":\"SearchAction\",\"target\":{\"@type\":\"EntryPoint\",\"urlTemplate\":\"https:\\\/\\\/eu-mark.com\\\/de\\\/?s={search_term_string}\"},\"query-input\":{\"@type\":\"PropertyValueSpecification\",\"valueRequired\":true,\"valueName\":\"search_term_string\"}}],\"inLanguage\":\"de\"},{\"@type\":\"Organization\",\"@id\":\"https:\\\/\\\/eu-mark.com\\\/de\\\/#organization\",\"name\":\"EUMARK\",\"url\":\"https:\\\/\\\/eu-mark.com\\\/de\\\/\",\"logo\":{\"@type\":\"ImageObject\",\"inLanguage\":\"de\",\"@id\":\"https:\\\/\\\/eu-mark.com\\\/de\\\/#\\\/schema\\\/logo\\\/image\\\/\",\"url\":\"https:\\\/\\\/eu-mark.com\\\/wp-content\\\/uploads\\\/2025\\\/02\\\/eumark-logo-samo-EU-2018_06_19-10_17_06-UTC.jpg\",\"contentUrl\":\"https:\\\/\\\/eu-mark.com\\\/wp-content\\\/uploads\\\/2025\\\/02\\\/eumark-logo-samo-EU-2018_06_19-10_17_06-UTC.jpg\",\"width\":264,\"height\":268,\"caption\":\"EUMARK\"},\"image\":{\"@id\":\"https:\\\/\\\/eu-mark.com\\\/de\\\/#\\\/schema\\\/logo\\\/image\\\/\"},\"sameAs\":[\"https:\\\/\\\/www.facebook.com\\\/eumark.de\\\/\",\"https:\\\/\\\/www.youtube.com\\\/channel\\\/UCehJsM6xcqIQLzp0y9MjYPg\",\"https:\\\/\\\/www.linkedin.com\\\/company\\\/eumark\\\/\",\"https:\\\/\\\/www.instagram.com\\\/eumark_de\"]}]}<\/script>\n<!-- \/ Yoast SEO plugin. -->","yoast_head_json":{"title":"Gravur von Metallteilen mit Ihrem Logo oder Ihrer Seriennummer Electrochemical marking etching","description":"Schnell, billig, einfach, sicher und hochwertig. Die elektrochemische Markierung ist die schnellste Technik zur dauerhaften Markierung von leitenden Metalloberfl\u00e4chen. Sie erzeugt eine scharfe, saubere, attraktive und wirtschaftliche Markierung. Electrochemical marking etching Elektrochemische Markierungs- und \u00c4tzmaschine EUmark set 05 compact","robots":{"index":"index","follow":"follow","max-snippet":"max-snippet:-1","max-image-preview":"max-image-preview:large","max-video-preview":"max-video-preview:-1"},"canonical":"https:\/\/eu-mark.com\/de\/product\/elektrochemische-markierungs-und-aetzmaschine-eumark-set-05-compact\/","og_locale":"de_DE","og_type":"article","og_title":"Gravur von Metallteilen mit Ihrem Logo oder Ihrer Seriennummer Electrochemical marking etching","og_description":"Schnell, billig, einfach, sicher und hochwertig. Die elektrochemische Markierung ist die schnellste Technik zur dauerhaften Markierung von leitenden Metalloberfl\u00e4chen. Sie erzeugt eine scharfe, saubere, attraktive und wirtschaftliche Markierung. Electrochemical marking etching Elektrochemische Markierungs- und \u00c4tzmaschine EUmark set 05 compact","og_url":"https:\/\/eu-mark.com\/de\/product\/elektrochemische-markierungs-und-aetzmaschine-eumark-set-05-compact\/","og_site_name":"Electrochemical marking etching","article_publisher":"https:\/\/www.facebook.com\/eumark.de\/","og_image":[{"width":971,"height":648,"url":"https:\/\/eu-mark.com\/wp-content\/uploads\/2022\/01\/Eumark-set-05-web.webp","type":"image\/webp"}],"twitter_card":"summary_large_image","twitter_misc":{"Gesch\u00e4tzte Lesezeit":"3 Minuten"},"schema":{"@context":"https:\/\/schema.org","@graph":[{"@type":"WebPage","@id":"https:\/\/eu-mark.com\/de\/product\/elektrochemische-markierungs-und-aetzmaschine-eumark-set-05-compact\/","url":"https:\/\/eu-mark.com\/de\/product\/elektrochemische-markierungs-und-aetzmaschine-eumark-set-05-compact\/","name":"Gravur von Metallteilen mit Ihrem Logo oder Ihrer Seriennummer Electrochemical marking etching","isPartOf":{"@id":"https:\/\/eu-mark.com\/de\/#website"},"primaryImageOfPage":{"@id":"https:\/\/eu-mark.com\/de\/product\/elektrochemische-markierungs-und-aetzmaschine-eumark-set-05-compact\/#primaryimage"},"image":{"@id":"https:\/\/eu-mark.com\/de\/product\/elektrochemische-markierungs-und-aetzmaschine-eumark-set-05-compact\/#primaryimage"},"thumbnailUrl":"https:\/\/eu-mark.com\/wp-content\/uploads\/2022\/01\/Eumark-set-05-web.webp","datePublished":"2022-01-25T09:00:57+00:00","description":"Schnell, billig, einfach, sicher und hochwertig. Die elektrochemische Markierung ist die schnellste Technik zur dauerhaften Markierung von leitenden Metalloberfl\u00e4chen. Sie erzeugt eine scharfe, saubere, attraktive und wirtschaftliche Markierung. Electrochemical marking etching Elektrochemische Markierungs- und \u00c4tzmaschine EUmark set 05 compact","breadcrumb":{"@id":"https:\/\/eu-mark.com\/de\/product\/elektrochemische-markierungs-und-aetzmaschine-eumark-set-05-compact\/#breadcrumb"},"inLanguage":"de","potentialAction":[{"@type":"ReadAction","target":["https:\/\/eu-mark.com\/de\/product\/elektrochemische-markierungs-und-aetzmaschine-eumark-set-05-compact\/"]}]},{"@type":"ImageObject","inLanguage":"de","@id":"https:\/\/eu-mark.com\/de\/product\/elektrochemische-markierungs-und-aetzmaschine-eumark-set-05-compact\/#primaryimage","url":"https:\/\/eu-mark.com\/wp-content\/uploads\/2022\/01\/Eumark-set-05-web.webp","contentUrl":"https:\/\/eu-mark.com\/wp-content\/uploads\/2022\/01\/Eumark-set-05-web.webp","width":971,"height":648},{"@type":"BreadcrumbList","@id":"https:\/\/eu-mark.com\/de\/product\/elektrochemische-markierungs-und-aetzmaschine-eumark-set-05-compact\/#breadcrumb","itemListElement":[{"@type":"ListItem","position":1,"name":"Startseite","item":"https:\/\/eu-mark.com\/de\/home\/"},{"@type":"ListItem","position":2,"name":"Shop","item":"https:\/\/eu-mark.com\/de\/shop\/"},{"@type":"ListItem","position":3,"name":"Elektrochemische Markierungs- und \u00c4tzmaschine EUmark set 05 compact"}]},{"@type":"WebSite","@id":"https:\/\/eu-mark.com\/de\/#website","url":"https:\/\/eu-mark.com\/de\/","name":"eu-mark.com","description":"Electrochemical marking etching","publisher":{"@id":"https:\/\/eu-mark.com\/de\/#organization"},"potentialAction":[{"@type":"SearchAction","target":{"@type":"EntryPoint","urlTemplate":"https:\/\/eu-mark.com\/de\/?s={search_term_string}"},"query-input":{"@type":"PropertyValueSpecification","valueRequired":true,"valueName":"search_term_string"}}],"inLanguage":"de"},{"@type":"Organization","@id":"https:\/\/eu-mark.com\/de\/#organization","name":"EUMARK","url":"https:\/\/eu-mark.com\/de\/","logo":{"@type":"ImageObject","inLanguage":"de","@id":"https:\/\/eu-mark.com\/de\/#\/schema\/logo\/image\/","url":"https:\/\/eu-mark.com\/wp-content\/uploads\/2025\/02\/eumark-logo-samo-EU-2018_06_19-10_17_06-UTC.jpg","contentUrl":"https:\/\/eu-mark.com\/wp-content\/uploads\/2025\/02\/eumark-logo-samo-EU-2018_06_19-10_17_06-UTC.jpg","width":264,"height":268,"caption":"EUMARK"},"image":{"@id":"https:\/\/eu-mark.com\/de\/#\/schema\/logo\/image\/"},"sameAs":["https:\/\/www.facebook.com\/eumark.de\/","https:\/\/www.youtube.com\/channel\/UCehJsM6xcqIQLzp0y9MjYPg","https:\/\/www.linkedin.com\/company\/eumark\/","https:\/\/www.instagram.com\/eumark_de"]}]}},"_links":{"self":[{"href":"https:\/\/eu-mark.com\/de\/wp-json\/wp\/v2\/product\/7531","targetHints":{"allow":["GET"]}}],"collection":[{"href":"https:\/\/eu-mark.com\/de\/wp-json\/wp\/v2\/product"}],"about":[{"href":"https:\/\/eu-mark.com\/de\/wp-json\/wp\/v2\/types\/product"}],"replies":[{"embeddable":true,"href":"https:\/\/eu-mark.com\/de\/wp-json\/wp\/v2\/comments?post=7531"}],"wp:featuredmedia":[{"embeddable":true,"href":"https:\/\/eu-mark.com\/de\/wp-json\/wp\/v2\/media\/7622"}],"wp:attachment":[{"href":"https:\/\/eu-mark.com\/de\/wp-json\/wp\/v2\/media?parent=7531"}],"wp:term":[{"taxonomy":"product_brand","embeddable":true,"href":"https:\/\/eu-mark.com\/de\/wp-json\/wp\/v2\/product_brand?post=7531"},{"taxonomy":"product_cat","embeddable":true,"href":"https:\/\/eu-mark.com\/de\/wp-json\/wp\/v2\/product_cat?post=7531"},{"taxonomy":"product_tag","embeddable":true,"href":"https:\/\/eu-mark.com\/de\/wp-json\/wp\/v2\/product_tag?post=7531"}],"curies":[{"name":"wp","href":"https:\/\/api.w.org\/{rel}","templated":true}]}}