{"id":7543,"date":"2021-08-27T08:34:38","date_gmt":"2021-08-27T08:34:38","guid":{"rendered":"https:\/\/eu-mark.com\/product\/m23-elektrolyt-fuer-elektrochemische-markierung-nicht-korrosiv-500ml-16-9-fl-oz\/"},"modified":"2021-08-27T08:34:38","modified_gmt":"2021-08-27T08:34:38","slug":"m23-elektrolyt-fuer-elektrochemische-markierung-nicht-korrosiv-500ml-16-9-fl-oz","status":"publish","type":"product","link":"https:\/\/eu-mark.com\/de\/product\/m23-elektrolyt-fuer-elektrochemische-markierung-nicht-korrosiv-500ml-16-9-fl-oz\/","title":{"rendered":"M23 Elektrolyt f\u00fcr elektrochemische Markierung nicht korrosiv 500ml 16.9 fl. oz."},"content":{"rendered":"<p><a href=\"https:\/\/eu-mark.com\/de\/mit-eumark-electrolytes-bemerkenswerte-ergebnisse-erzielen-entfesseln-sie-die-kraft-der-exzellenz\/\">M23 ist nicht korrosiv<\/a>, einfach markieren und mit einem Tuch abwischen. Bei hochkorrosiven St\u00e4hlen, wie S\u00e4ge- oder Werkzeugst\u00e4hlen, ist keine Neutralit\u00e4t erforderlich.<\/p>\n<p><a href=\"https:\/\/eumark.biz\/en-us\/blogs\/news\/achieving-remarkable-marks-with-eumark-electrolytes-unleashing-the-power-of-excellence\"><strong>M23: Korrosionsfreier Glanz f\u00fcr hochkorrosive St\u00e4hle<\/strong><\/a><\/p>\n<p>Der M23-Elektrolyt von Eumark revolutioniert den Markierungsprozess f\u00fcr hochkorrodierte St\u00e4hle. Seine nicht korrosiven Eigenschaften erm\u00f6glichen es Ihnen, die Oberfl\u00e4che zu markieren und sie anschlie\u00dfend m\u00fchelos mit einem trockenen Tuch abzuwischen. M23 macht zus\u00e4tzliche Schritte oder Neutralisierungsmittel \u00fcberfl\u00fcssig und vereinfacht so den Markierungsprozess, w\u00e4hrend die Integrit\u00e4t von hochkorrosionsbest\u00e4ndigen St\u00e4hlen erhalten bleibt. Ganz gleich, ob es sich um S\u00e4ge- oder Werkzeugst\u00e4hle handelt, M23 bietet eine zuverl\u00e4ssige und effiziente L\u00f6sung, um au\u00dfergew\u00f6hnliche Markierungen zu erzielen, ohne die Integrit\u00e4t der Oberfl\u00e4che zu beeintr\u00e4chtigen.   <\/p>\n","protected":false},"excerpt":{"rendered":"<p>M23 ist nicht korrosiv, einfach markieren und mit einem Tuch abwischen, keine Notwendigkeit der Neutralit\u00e4t von hochkorrosiven St\u00e4hlen, wie S\u00e4ge oder einige Werkzeugst\u00e4hle<br \/>\nKOSTENLOSER Versand weltweit<\/p>\n<p>Debit- oder Kreditkarte mit PayPal zur Kasse gehen<\/p>\n<p>Sie m\u00fcssen kein PayPal-Konto haben<\/p>\n","protected":false},"featured_media":8018,"comment_status":"open","ping_status":"closed","template":"","meta":[],"product_brand":[],"product_cat":[147],"product_tag":[151,149,150,152,153],"class_list":{"0":"post-7543","1":"product","2":"type-product","3":"status-publish","4":"has-post-thumbnail","6":"product_cat-chemikalien","7":"product_tag-atzen","8":"product_tag-elektrochemisch","9":"product_tag-kennzeichnung","10":"product_tag-maschine","11":"product_tag-stahl","13":"first","14":"instock","15":"shipping-taxable","16":"purchasable","17":"product-type-simple"},"yoast_head":"<!-- This site is optimized with the Yoast SEO plugin v27.4 - https:\/\/yoast.com\/product\/yoast-seo-wordpress\/ -->\n<title>M23 Elektrolyt f\u00fcr elektrochemische Markierung nicht korrosiv<\/title>\n<meta name=\"description\" content=\"M23 Elektrolyt f\u00fcr elektrochemische Markierungen nicht korrosiv, M23 macht zus\u00e4tzliche Schritte oder Neutralisierungsmittel \u00fcberfl\u00fcssig und vereinfacht die Markierung. Electrochemical marking etching\" \/>\n<meta name=\"robots\" content=\"index, follow, max-snippet:-1, max-image-preview:large, max-video-preview:-1\" \/>\n<link rel=\"canonical\" href=\"https:\/\/eu-mark.com\/de\/product\/m23-elektrolyt-fuer-elektrochemische-markierung-nicht-korrosiv-500ml-16-9-fl-oz\/\" \/>\n<meta property=\"og:locale\" content=\"de_DE\" \/>\n<meta property=\"og:type\" content=\"article\" \/>\n<meta property=\"og:title\" content=\"M23 Elektrolyt f\u00fcr elektrochemische Markierung nicht korrosiv\" \/>\n<meta property=\"og:description\" content=\"M23 Elektrolyt f\u00fcr elektrochemische Markierungen nicht korrosiv, M23 macht zus\u00e4tzliche Schritte oder Neutralisierungsmittel \u00fcberfl\u00fcssig und vereinfacht die Markierung. Electrochemical marking etching\" \/>\n<meta property=\"og:url\" content=\"https:\/\/eu-mark.com\/de\/product\/m23-elektrolyt-fuer-elektrochemische-markierung-nicht-korrosiv-500ml-16-9-fl-oz\/\" \/>\n<meta property=\"og:site_name\" content=\"Electrochemical marking etching\" \/>\n<meta property=\"article:publisher\" content=\"https:\/\/www.facebook.com\/eumark.de\/\" \/>\n<meta property=\"og:image\" content=\"https:\/\/eu-mark.com\/wp-content\/uploads\/2023\/08\/eumark_marking_engraving_electrolyte_fluid_14.jpg\" \/>\n\t<meta property=\"og:image:width\" content=\"1000\" \/>\n\t<meta property=\"og:image:height\" content=\"1000\" \/>\n\t<meta property=\"og:image:type\" content=\"image\/jpeg\" \/>\n<meta name=\"twitter:card\" content=\"summary_large_image\" \/>\n<meta name=\"twitter:label1\" content=\"Gesch\u00e4tzte Lesezeit\" \/>\n\t<meta name=\"twitter:data1\" content=\"1\u00a0Minute\" \/>\n<script type=\"application\/ld+json\" class=\"yoast-schema-graph\">{\"@context\":\"https:\\\/\\\/schema.org\",\"@graph\":[{\"@type\":\"WebPage\",\"@id\":\"https:\\\/\\\/eu-mark.com\\\/de\\\/product\\\/m23-elektrolyt-fuer-elektrochemische-markierung-nicht-korrosiv-500ml-16-9-fl-oz\\\/\",\"url\":\"https:\\\/\\\/eu-mark.com\\\/de\\\/product\\\/m23-elektrolyt-fuer-elektrochemische-markierung-nicht-korrosiv-500ml-16-9-fl-oz\\\/\",\"name\":\"M23 Elektrolyt f\u00fcr elektrochemische Markierung nicht korrosiv\",\"isPartOf\":{\"@id\":\"https:\\\/\\\/eu-mark.com\\\/de\\\/#website\"},\"primaryImageOfPage\":{\"@id\":\"https:\\\/\\\/eu-mark.com\\\/de\\\/product\\\/m23-elektrolyt-fuer-elektrochemische-markierung-nicht-korrosiv-500ml-16-9-fl-oz\\\/#primaryimage\"},\"image\":{\"@id\":\"https:\\\/\\\/eu-mark.com\\\/de\\\/product\\\/m23-elektrolyt-fuer-elektrochemische-markierung-nicht-korrosiv-500ml-16-9-fl-oz\\\/#primaryimage\"},\"thumbnailUrl\":\"https:\\\/\\\/eu-mark.com\\\/wp-content\\\/uploads\\\/2023\\\/08\\\/eumark_marking_engraving_electrolyte_fluid_14.jpg\",\"datePublished\":\"2021-08-27T08:34:38+00:00\",\"description\":\"M23 Elektrolyt f\u00fcr elektrochemische Markierungen nicht korrosiv, M23 macht zus\u00e4tzliche Schritte oder Neutralisierungsmittel \u00fcberfl\u00fcssig und vereinfacht die Markierung. Electrochemical marking etching\",\"breadcrumb\":{\"@id\":\"https:\\\/\\\/eu-mark.com\\\/de\\\/product\\\/m23-elektrolyt-fuer-elektrochemische-markierung-nicht-korrosiv-500ml-16-9-fl-oz\\\/#breadcrumb\"},\"inLanguage\":\"de\",\"potentialAction\":[{\"@type\":\"ReadAction\",\"target\":[\"https:\\\/\\\/eu-mark.com\\\/de\\\/product\\\/m23-elektrolyt-fuer-elektrochemische-markierung-nicht-korrosiv-500ml-16-9-fl-oz\\\/\"]}]},{\"@type\":\"ImageObject\",\"inLanguage\":\"de\",\"@id\":\"https:\\\/\\\/eu-mark.com\\\/de\\\/product\\\/m23-elektrolyt-fuer-elektrochemische-markierung-nicht-korrosiv-500ml-16-9-fl-oz\\\/#primaryimage\",\"url\":\"https:\\\/\\\/eu-mark.com\\\/wp-content\\\/uploads\\\/2023\\\/08\\\/eumark_marking_engraving_electrolyte_fluid_14.jpg\",\"contentUrl\":\"https:\\\/\\\/eu-mark.com\\\/wp-content\\\/uploads\\\/2023\\\/08\\\/eumark_marking_engraving_electrolyte_fluid_14.jpg\",\"width\":1000,\"height\":1000,\"caption\":\"eumark marking engraving electrolyte fluid M23\"},{\"@type\":\"BreadcrumbList\",\"@id\":\"https:\\\/\\\/eu-mark.com\\\/de\\\/product\\\/m23-elektrolyt-fuer-elektrochemische-markierung-nicht-korrosiv-500ml-16-9-fl-oz\\\/#breadcrumb\",\"itemListElement\":[{\"@type\":\"ListItem\",\"position\":1,\"name\":\"Startseite\",\"item\":\"https:\\\/\\\/eu-mark.com\\\/de\\\/home\\\/\"},{\"@type\":\"ListItem\",\"position\":2,\"name\":\"Shop\",\"item\":\"https:\\\/\\\/eu-mark.com\\\/de\\\/shop\\\/\"},{\"@type\":\"ListItem\",\"position\":3,\"name\":\"M23 Elektrolyt f\u00fcr elektrochemische Markierung nicht korrosiv 500ml 16.9 fl. oz.\"}]},{\"@type\":\"WebSite\",\"@id\":\"https:\\\/\\\/eu-mark.com\\\/de\\\/#website\",\"url\":\"https:\\\/\\\/eu-mark.com\\\/de\\\/\",\"name\":\"eu-mark.com\",\"description\":\"Electrochemical marking etching\",\"publisher\":{\"@id\":\"https:\\\/\\\/eu-mark.com\\\/de\\\/#organization\"},\"potentialAction\":[{\"@type\":\"SearchAction\",\"target\":{\"@type\":\"EntryPoint\",\"urlTemplate\":\"https:\\\/\\\/eu-mark.com\\\/de\\\/?s={search_term_string}\"},\"query-input\":{\"@type\":\"PropertyValueSpecification\",\"valueRequired\":true,\"valueName\":\"search_term_string\"}}],\"inLanguage\":\"de\"},{\"@type\":\"Organization\",\"@id\":\"https:\\\/\\\/eu-mark.com\\\/de\\\/#organization\",\"name\":\"EUMARK\",\"url\":\"https:\\\/\\\/eu-mark.com\\\/de\\\/\",\"logo\":{\"@type\":\"ImageObject\",\"inLanguage\":\"de\",\"@id\":\"https:\\\/\\\/eu-mark.com\\\/de\\\/#\\\/schema\\\/logo\\\/image\\\/\",\"url\":\"https:\\\/\\\/eu-mark.com\\\/wp-content\\\/uploads\\\/2025\\\/02\\\/eumark-logo-samo-EU-2018_06_19-10_17_06-UTC.jpg\",\"contentUrl\":\"https:\\\/\\\/eu-mark.com\\\/wp-content\\\/uploads\\\/2025\\\/02\\\/eumark-logo-samo-EU-2018_06_19-10_17_06-UTC.jpg\",\"width\":264,\"height\":268,\"caption\":\"EUMARK\"},\"image\":{\"@id\":\"https:\\\/\\\/eu-mark.com\\\/de\\\/#\\\/schema\\\/logo\\\/image\\\/\"},\"sameAs\":[\"https:\\\/\\\/www.facebook.com\\\/eumark.de\\\/\",\"https:\\\/\\\/www.youtube.com\\\/channel\\\/UCehJsM6xcqIQLzp0y9MjYPg\",\"https:\\\/\\\/www.linkedin.com\\\/company\\\/eumark\\\/\",\"https:\\\/\\\/www.instagram.com\\\/eumark_de\"]}]}<\/script>\n<!-- \/ Yoast SEO plugin. -->","yoast_head_json":{"title":"M23 Elektrolyt f\u00fcr elektrochemische Markierung nicht korrosiv","description":"M23 Elektrolyt f\u00fcr elektrochemische Markierungen nicht korrosiv, M23 macht zus\u00e4tzliche Schritte oder Neutralisierungsmittel \u00fcberfl\u00fcssig und vereinfacht die Markierung. Electrochemical marking etching","robots":{"index":"index","follow":"follow","max-snippet":"max-snippet:-1","max-image-preview":"max-image-preview:large","max-video-preview":"max-video-preview:-1"},"canonical":"https:\/\/eu-mark.com\/de\/product\/m23-elektrolyt-fuer-elektrochemische-markierung-nicht-korrosiv-500ml-16-9-fl-oz\/","og_locale":"de_DE","og_type":"article","og_title":"M23 Elektrolyt f\u00fcr elektrochemische Markierung nicht korrosiv","og_description":"M23 Elektrolyt f\u00fcr elektrochemische Markierungen nicht korrosiv, M23 macht zus\u00e4tzliche Schritte oder Neutralisierungsmittel \u00fcberfl\u00fcssig und vereinfacht die Markierung. Electrochemical marking etching","og_url":"https:\/\/eu-mark.com\/de\/product\/m23-elektrolyt-fuer-elektrochemische-markierung-nicht-korrosiv-500ml-16-9-fl-oz\/","og_site_name":"Electrochemical marking etching","article_publisher":"https:\/\/www.facebook.com\/eumark.de\/","og_image":[{"width":1000,"height":1000,"url":"https:\/\/eu-mark.com\/wp-content\/uploads\/2023\/08\/eumark_marking_engraving_electrolyte_fluid_14.jpg","type":"image\/jpeg"}],"twitter_card":"summary_large_image","twitter_misc":{"Gesch\u00e4tzte Lesezeit":"1\u00a0Minute"},"schema":{"@context":"https:\/\/schema.org","@graph":[{"@type":"WebPage","@id":"https:\/\/eu-mark.com\/de\/product\/m23-elektrolyt-fuer-elektrochemische-markierung-nicht-korrosiv-500ml-16-9-fl-oz\/","url":"https:\/\/eu-mark.com\/de\/product\/m23-elektrolyt-fuer-elektrochemische-markierung-nicht-korrosiv-500ml-16-9-fl-oz\/","name":"M23 Elektrolyt f\u00fcr elektrochemische Markierung nicht korrosiv","isPartOf":{"@id":"https:\/\/eu-mark.com\/de\/#website"},"primaryImageOfPage":{"@id":"https:\/\/eu-mark.com\/de\/product\/m23-elektrolyt-fuer-elektrochemische-markierung-nicht-korrosiv-500ml-16-9-fl-oz\/#primaryimage"},"image":{"@id":"https:\/\/eu-mark.com\/de\/product\/m23-elektrolyt-fuer-elektrochemische-markierung-nicht-korrosiv-500ml-16-9-fl-oz\/#primaryimage"},"thumbnailUrl":"https:\/\/eu-mark.com\/wp-content\/uploads\/2023\/08\/eumark_marking_engraving_electrolyte_fluid_14.jpg","datePublished":"2021-08-27T08:34:38+00:00","description":"M23 Elektrolyt f\u00fcr elektrochemische Markierungen nicht korrosiv, M23 macht zus\u00e4tzliche Schritte oder Neutralisierungsmittel \u00fcberfl\u00fcssig und vereinfacht die Markierung. Electrochemical marking etching","breadcrumb":{"@id":"https:\/\/eu-mark.com\/de\/product\/m23-elektrolyt-fuer-elektrochemische-markierung-nicht-korrosiv-500ml-16-9-fl-oz\/#breadcrumb"},"inLanguage":"de","potentialAction":[{"@type":"ReadAction","target":["https:\/\/eu-mark.com\/de\/product\/m23-elektrolyt-fuer-elektrochemische-markierung-nicht-korrosiv-500ml-16-9-fl-oz\/"]}]},{"@type":"ImageObject","inLanguage":"de","@id":"https:\/\/eu-mark.com\/de\/product\/m23-elektrolyt-fuer-elektrochemische-markierung-nicht-korrosiv-500ml-16-9-fl-oz\/#primaryimage","url":"https:\/\/eu-mark.com\/wp-content\/uploads\/2023\/08\/eumark_marking_engraving_electrolyte_fluid_14.jpg","contentUrl":"https:\/\/eu-mark.com\/wp-content\/uploads\/2023\/08\/eumark_marking_engraving_electrolyte_fluid_14.jpg","width":1000,"height":1000,"caption":"eumark marking engraving electrolyte fluid M23"},{"@type":"BreadcrumbList","@id":"https:\/\/eu-mark.com\/de\/product\/m23-elektrolyt-fuer-elektrochemische-markierung-nicht-korrosiv-500ml-16-9-fl-oz\/#breadcrumb","itemListElement":[{"@type":"ListItem","position":1,"name":"Startseite","item":"https:\/\/eu-mark.com\/de\/home\/"},{"@type":"ListItem","position":2,"name":"Shop","item":"https:\/\/eu-mark.com\/de\/shop\/"},{"@type":"ListItem","position":3,"name":"M23 Elektrolyt f\u00fcr elektrochemische Markierung nicht korrosiv 500ml 16.9 fl. oz."}]},{"@type":"WebSite","@id":"https:\/\/eu-mark.com\/de\/#website","url":"https:\/\/eu-mark.com\/de\/","name":"eu-mark.com","description":"Electrochemical marking etching","publisher":{"@id":"https:\/\/eu-mark.com\/de\/#organization"},"potentialAction":[{"@type":"SearchAction","target":{"@type":"EntryPoint","urlTemplate":"https:\/\/eu-mark.com\/de\/?s={search_term_string}"},"query-input":{"@type":"PropertyValueSpecification","valueRequired":true,"valueName":"search_term_string"}}],"inLanguage":"de"},{"@type":"Organization","@id":"https:\/\/eu-mark.com\/de\/#organization","name":"EUMARK","url":"https:\/\/eu-mark.com\/de\/","logo":{"@type":"ImageObject","inLanguage":"de","@id":"https:\/\/eu-mark.com\/de\/#\/schema\/logo\/image\/","url":"https:\/\/eu-mark.com\/wp-content\/uploads\/2025\/02\/eumark-logo-samo-EU-2018_06_19-10_17_06-UTC.jpg","contentUrl":"https:\/\/eu-mark.com\/wp-content\/uploads\/2025\/02\/eumark-logo-samo-EU-2018_06_19-10_17_06-UTC.jpg","width":264,"height":268,"caption":"EUMARK"},"image":{"@id":"https:\/\/eu-mark.com\/de\/#\/schema\/logo\/image\/"},"sameAs":["https:\/\/www.facebook.com\/eumark.de\/","https:\/\/www.youtube.com\/channel\/UCehJsM6xcqIQLzp0y9MjYPg","https:\/\/www.linkedin.com\/company\/eumark\/","https:\/\/www.instagram.com\/eumark_de"]}]}},"_links":{"self":[{"href":"https:\/\/eu-mark.com\/de\/wp-json\/wp\/v2\/product\/7543","targetHints":{"allow":["GET"]}}],"collection":[{"href":"https:\/\/eu-mark.com\/de\/wp-json\/wp\/v2\/product"}],"about":[{"href":"https:\/\/eu-mark.com\/de\/wp-json\/wp\/v2\/types\/product"}],"replies":[{"embeddable":true,"href":"https:\/\/eu-mark.com\/de\/wp-json\/wp\/v2\/comments?post=7543"}],"wp:featuredmedia":[{"embeddable":true,"href":"https:\/\/eu-mark.com\/de\/wp-json\/wp\/v2\/media\/8018"}],"wp:attachment":[{"href":"https:\/\/eu-mark.com\/de\/wp-json\/wp\/v2\/media?parent=7543"}],"wp:term":[{"taxonomy":"product_brand","embeddable":true,"href":"https:\/\/eu-mark.com\/de\/wp-json\/wp\/v2\/product_brand?post=7543"},{"taxonomy":"product_cat","embeddable":true,"href":"https:\/\/eu-mark.com\/de\/wp-json\/wp\/v2\/product_cat?post=7543"},{"taxonomy":"product_tag","embeddable":true,"href":"https:\/\/eu-mark.com\/de\/wp-json\/wp\/v2\/product_tag?post=7543"}],"curies":[{"name":"wp","href":"https:\/\/api.w.org\/{rel}","templated":true}]}}