{"id":7623,"date":"2021-08-27T08:27:08","date_gmt":"2021-08-27T08:27:08","guid":{"rendered":"https:\/\/eu-mark.com\/product\/m22-elektrolyt-fuer-elektrochemische-markierung-500ml-16-9-fl-oz\/"},"modified":"2021-08-27T08:27:08","modified_gmt":"2021-08-27T08:27:08","slug":"m22-elektrolyt-fuer-elektrochemische-markierung-500ml-16-9-fl-oz","status":"publish","type":"product","link":"https:\/\/eu-mark.com\/de\/product\/m22-elektrolyt-fuer-elektrochemische-markierung-500ml-16-9-fl-oz\/","title":{"rendered":"M22 Elektrolyt f\u00fcr elektrochemische Markierung 500ml 16.9 fl. oz."},"content":{"rendered":"<p><a href=\"https:\/\/eu-mark.com\/de\/mit-eumark-electrolytes-bemerkenswerte-ergebnisse-erzielen-entfesseln-sie-die-kraft-der-exzellenz\/\">M22 ist sehr dunkel<\/a>, aber Sie m\u00fcssen Schablone und Filz oft reinigen. pH 7 sehr \u00f6kologisch&#8230; <\/p>\n<p><a href=\"https:\/\/eumark.biz\/en-us\/blogs\/news\/achieving-remarkable-marks-with-eumark-electrolytes-unleashing-the-power-of-excellence\"><strong>M22: Dunkle und beeindruckende Markierungen mit der F\u00e4higkeit, tief zu \u00e4tzen<\/strong><\/a><\/p>\n<p>Der M22-Elektrolyt von Eumark ist bekannt f\u00fcr seine F\u00e4higkeit, dunkle, visuell auff\u00e4llige Markierungen zu erzeugen. Um die visuelle Wirkung noch zu verst\u00e4rken, k\u00f6nnen Sie nach der Markierung mit einem Tuch einen d\u00fcnnen \u00d6lfilm auftragen und so verbl\u00fcffende Ergebnisse erzielen. M22 kann tief \u00e4tzen und eignet sich f\u00fcr Edelstahl, Stahl, vernickelte, verchromte, zinkhaltige, titanhaltige und andere elektrisch leitende Oberfl\u00e4chen. Es ist jedoch zu beachten, dass eine regelm\u00e4\u00dfige Reinigung der <a href=\"https:\/\/eumark.biz\/en-us\/blogs\/news\/mastering-the-art-of-electrochemical-marking-engraving-enhancing-stencil-quality\">Schablonen<\/a> und Filze erforderlich sein kann. Dar\u00fcber hinaus macht der pH-Wert von M22, der nahe bei 7 liegt, es zu einer umweltfreundlichen Wahl, was das Engagement von Eumark f\u00fcr den Umweltschutz widerspiegelt.   <\/p>\n","protected":false},"excerpt":{"rendered":"<p>M22 ist sehr dunkel, aber Sie m\u00fcssen die Schablone und den Filz oft reinigen. pH 7 sehr \u00f6kologisch&#8230;<br \/>\nKOSTENLOSER Versand weltweit Debit- oder Kreditkartenzahlung mit PayPal beim Bezahlen Sie m\u00fcssen kein PayPal-Konto haben <\/p>\n","protected":false},"featured_media":8021,"comment_status":"open","ping_status":"closed","template":"","meta":[],"product_brand":[],"product_cat":[147],"product_tag":[151,149,150,152,153],"class_list":{"0":"post-7623","1":"product","2":"type-product","3":"status-publish","4":"has-post-thumbnail","6":"product_cat-chemikalien","7":"product_tag-atzen","8":"product_tag-elektrochemisch","9":"product_tag-kennzeichnung","10":"product_tag-maschine","11":"product_tag-stahl","13":"first","14":"instock","15":"shipping-taxable","16":"purchasable","17":"product-type-simple"},"yoast_head":"<!-- This site is optimized with the Yoast SEO plugin v27.4 - https:\/\/yoast.com\/product\/yoast-seo-wordpress\/ -->\n<title>M22 Elektrolyt f\u00fcr elektrochemische Markierung<\/title>\n<meta name=\"description\" content=\"Elektrolyt f\u00fcr elektrochemische Markierungen Der M22-Elektrolyt von Eumark ist bekannt f\u00fcr seine F\u00e4higkeit, dunkle, visuell auff\u00e4llige Markierungen zu erzeugen.\" \/>\n<meta name=\"robots\" content=\"index, follow, max-snippet:-1, max-image-preview:large, max-video-preview:-1\" \/>\n<link rel=\"canonical\" href=\"https:\/\/eu-mark.com\/de\/product\/m22-elektrolyt-fuer-elektrochemische-markierung-500ml-16-9-fl-oz\/\" \/>\n<meta property=\"og:locale\" content=\"de_DE\" \/>\n<meta property=\"og:type\" content=\"article\" \/>\n<meta property=\"og:title\" content=\"M22 Elektrolyt f\u00fcr elektrochemische Markierung\" \/>\n<meta property=\"og:description\" content=\"Elektrolyt f\u00fcr elektrochemische Markierungen Der M22-Elektrolyt von Eumark ist bekannt f\u00fcr seine F\u00e4higkeit, dunkle, visuell auff\u00e4llige Markierungen zu erzeugen.\" \/>\n<meta property=\"og:url\" content=\"https:\/\/eu-mark.com\/de\/product\/m22-elektrolyt-fuer-elektrochemische-markierung-500ml-16-9-fl-oz\/\" \/>\n<meta property=\"og:site_name\" content=\"Electrochemical marking etching\" \/>\n<meta property=\"article:publisher\" content=\"https:\/\/www.facebook.com\/eumark.de\/\" \/>\n<meta property=\"og:image\" content=\"https:\/\/eu-mark.com\/wp-content\/uploads\/2023\/08\/eumark_marking_engraving_electrolyte_fluid_13.jpg\" \/>\n\t<meta property=\"og:image:width\" content=\"1000\" \/>\n\t<meta property=\"og:image:height\" content=\"1000\" \/>\n\t<meta property=\"og:image:type\" content=\"image\/jpeg\" \/>\n<meta name=\"twitter:card\" content=\"summary_large_image\" \/>\n<meta name=\"twitter:label1\" content=\"Gesch\u00e4tzte Lesezeit\" \/>\n\t<meta name=\"twitter:data1\" content=\"1\u00a0Minute\" \/>\n<script type=\"application\/ld+json\" class=\"yoast-schema-graph\">{\"@context\":\"https:\\\/\\\/schema.org\",\"@graph\":[{\"@type\":\"WebPage\",\"@id\":\"https:\\\/\\\/eu-mark.com\\\/de\\\/product\\\/m22-elektrolyt-fuer-elektrochemische-markierung-500ml-16-9-fl-oz\\\/\",\"url\":\"https:\\\/\\\/eu-mark.com\\\/de\\\/product\\\/m22-elektrolyt-fuer-elektrochemische-markierung-500ml-16-9-fl-oz\\\/\",\"name\":\"M22 Elektrolyt f\u00fcr elektrochemische Markierung\",\"isPartOf\":{\"@id\":\"https:\\\/\\\/eu-mark.com\\\/de\\\/#website\"},\"primaryImageOfPage\":{\"@id\":\"https:\\\/\\\/eu-mark.com\\\/de\\\/product\\\/m22-elektrolyt-fuer-elektrochemische-markierung-500ml-16-9-fl-oz\\\/#primaryimage\"},\"image\":{\"@id\":\"https:\\\/\\\/eu-mark.com\\\/de\\\/product\\\/m22-elektrolyt-fuer-elektrochemische-markierung-500ml-16-9-fl-oz\\\/#primaryimage\"},\"thumbnailUrl\":\"https:\\\/\\\/eu-mark.com\\\/wp-content\\\/uploads\\\/2023\\\/08\\\/eumark_marking_engraving_electrolyte_fluid_13.jpg\",\"datePublished\":\"2021-08-27T08:27:08+00:00\",\"description\":\"Elektrolyt f\u00fcr elektrochemische Markierungen Der M22-Elektrolyt von Eumark ist bekannt f\u00fcr seine F\u00e4higkeit, dunkle, visuell auff\u00e4llige Markierungen zu erzeugen.\",\"breadcrumb\":{\"@id\":\"https:\\\/\\\/eu-mark.com\\\/de\\\/product\\\/m22-elektrolyt-fuer-elektrochemische-markierung-500ml-16-9-fl-oz\\\/#breadcrumb\"},\"inLanguage\":\"de\",\"potentialAction\":[{\"@type\":\"ReadAction\",\"target\":[\"https:\\\/\\\/eu-mark.com\\\/de\\\/product\\\/m22-elektrolyt-fuer-elektrochemische-markierung-500ml-16-9-fl-oz\\\/\"]}]},{\"@type\":\"ImageObject\",\"inLanguage\":\"de\",\"@id\":\"https:\\\/\\\/eu-mark.com\\\/de\\\/product\\\/m22-elektrolyt-fuer-elektrochemische-markierung-500ml-16-9-fl-oz\\\/#primaryimage\",\"url\":\"https:\\\/\\\/eu-mark.com\\\/wp-content\\\/uploads\\\/2023\\\/08\\\/eumark_marking_engraving_electrolyte_fluid_13.jpg\",\"contentUrl\":\"https:\\\/\\\/eu-mark.com\\\/wp-content\\\/uploads\\\/2023\\\/08\\\/eumark_marking_engraving_electrolyte_fluid_13.jpg\",\"width\":1000,\"height\":1000,\"caption\":\"eumark marking engraving electrolyte fluid M22\"},{\"@type\":\"BreadcrumbList\",\"@id\":\"https:\\\/\\\/eu-mark.com\\\/de\\\/product\\\/m22-elektrolyt-fuer-elektrochemische-markierung-500ml-16-9-fl-oz\\\/#breadcrumb\",\"itemListElement\":[{\"@type\":\"ListItem\",\"position\":1,\"name\":\"Startseite\",\"item\":\"https:\\\/\\\/eu-mark.com\\\/de\\\/home\\\/\"},{\"@type\":\"ListItem\",\"position\":2,\"name\":\"Shop\",\"item\":\"https:\\\/\\\/eu-mark.com\\\/de\\\/shop\\\/\"},{\"@type\":\"ListItem\",\"position\":3,\"name\":\"M22 Elektrolyt f\u00fcr elektrochemische Markierung 500ml 16.9 fl. oz.\"}]},{\"@type\":\"WebSite\",\"@id\":\"https:\\\/\\\/eu-mark.com\\\/de\\\/#website\",\"url\":\"https:\\\/\\\/eu-mark.com\\\/de\\\/\",\"name\":\"eu-mark.com\",\"description\":\"Electrochemical marking etching\",\"publisher\":{\"@id\":\"https:\\\/\\\/eu-mark.com\\\/de\\\/#organization\"},\"potentialAction\":[{\"@type\":\"SearchAction\",\"target\":{\"@type\":\"EntryPoint\",\"urlTemplate\":\"https:\\\/\\\/eu-mark.com\\\/de\\\/?s={search_term_string}\"},\"query-input\":{\"@type\":\"PropertyValueSpecification\",\"valueRequired\":true,\"valueName\":\"search_term_string\"}}],\"inLanguage\":\"de\"},{\"@type\":\"Organization\",\"@id\":\"https:\\\/\\\/eu-mark.com\\\/de\\\/#organization\",\"name\":\"EUMARK\",\"url\":\"https:\\\/\\\/eu-mark.com\\\/de\\\/\",\"logo\":{\"@type\":\"ImageObject\",\"inLanguage\":\"de\",\"@id\":\"https:\\\/\\\/eu-mark.com\\\/de\\\/#\\\/schema\\\/logo\\\/image\\\/\",\"url\":\"https:\\\/\\\/eu-mark.com\\\/wp-content\\\/uploads\\\/2025\\\/02\\\/eumark-logo-samo-EU-2018_06_19-10_17_06-UTC.jpg\",\"contentUrl\":\"https:\\\/\\\/eu-mark.com\\\/wp-content\\\/uploads\\\/2025\\\/02\\\/eumark-logo-samo-EU-2018_06_19-10_17_06-UTC.jpg\",\"width\":264,\"height\":268,\"caption\":\"EUMARK\"},\"image\":{\"@id\":\"https:\\\/\\\/eu-mark.com\\\/de\\\/#\\\/schema\\\/logo\\\/image\\\/\"},\"sameAs\":[\"https:\\\/\\\/www.facebook.com\\\/eumark.de\\\/\",\"https:\\\/\\\/www.youtube.com\\\/channel\\\/UCehJsM6xcqIQLzp0y9MjYPg\",\"https:\\\/\\\/www.linkedin.com\\\/company\\\/eumark\\\/\",\"https:\\\/\\\/www.instagram.com\\\/eumark_de\"]}]}<\/script>\n<!-- \/ Yoast SEO plugin. -->","yoast_head_json":{"title":"M22 Elektrolyt f\u00fcr elektrochemische Markierung","description":"Elektrolyt f\u00fcr elektrochemische Markierungen Der M22-Elektrolyt von Eumark ist bekannt f\u00fcr seine F\u00e4higkeit, dunkle, visuell auff\u00e4llige Markierungen zu erzeugen.","robots":{"index":"index","follow":"follow","max-snippet":"max-snippet:-1","max-image-preview":"max-image-preview:large","max-video-preview":"max-video-preview:-1"},"canonical":"https:\/\/eu-mark.com\/de\/product\/m22-elektrolyt-fuer-elektrochemische-markierung-500ml-16-9-fl-oz\/","og_locale":"de_DE","og_type":"article","og_title":"M22 Elektrolyt f\u00fcr elektrochemische Markierung","og_description":"Elektrolyt f\u00fcr elektrochemische Markierungen Der M22-Elektrolyt von Eumark ist bekannt f\u00fcr seine F\u00e4higkeit, dunkle, visuell auff\u00e4llige Markierungen zu erzeugen.","og_url":"https:\/\/eu-mark.com\/de\/product\/m22-elektrolyt-fuer-elektrochemische-markierung-500ml-16-9-fl-oz\/","og_site_name":"Electrochemical marking etching","article_publisher":"https:\/\/www.facebook.com\/eumark.de\/","og_image":[{"width":1000,"height":1000,"url":"https:\/\/eu-mark.com\/wp-content\/uploads\/2023\/08\/eumark_marking_engraving_electrolyte_fluid_13.jpg","type":"image\/jpeg"}],"twitter_card":"summary_large_image","twitter_misc":{"Gesch\u00e4tzte Lesezeit":"1\u00a0Minute"},"schema":{"@context":"https:\/\/schema.org","@graph":[{"@type":"WebPage","@id":"https:\/\/eu-mark.com\/de\/product\/m22-elektrolyt-fuer-elektrochemische-markierung-500ml-16-9-fl-oz\/","url":"https:\/\/eu-mark.com\/de\/product\/m22-elektrolyt-fuer-elektrochemische-markierung-500ml-16-9-fl-oz\/","name":"M22 Elektrolyt f\u00fcr elektrochemische Markierung","isPartOf":{"@id":"https:\/\/eu-mark.com\/de\/#website"},"primaryImageOfPage":{"@id":"https:\/\/eu-mark.com\/de\/product\/m22-elektrolyt-fuer-elektrochemische-markierung-500ml-16-9-fl-oz\/#primaryimage"},"image":{"@id":"https:\/\/eu-mark.com\/de\/product\/m22-elektrolyt-fuer-elektrochemische-markierung-500ml-16-9-fl-oz\/#primaryimage"},"thumbnailUrl":"https:\/\/eu-mark.com\/wp-content\/uploads\/2023\/08\/eumark_marking_engraving_electrolyte_fluid_13.jpg","datePublished":"2021-08-27T08:27:08+00:00","description":"Elektrolyt f\u00fcr elektrochemische Markierungen Der M22-Elektrolyt von Eumark ist bekannt f\u00fcr seine F\u00e4higkeit, dunkle, visuell auff\u00e4llige Markierungen zu erzeugen.","breadcrumb":{"@id":"https:\/\/eu-mark.com\/de\/product\/m22-elektrolyt-fuer-elektrochemische-markierung-500ml-16-9-fl-oz\/#breadcrumb"},"inLanguage":"de","potentialAction":[{"@type":"ReadAction","target":["https:\/\/eu-mark.com\/de\/product\/m22-elektrolyt-fuer-elektrochemische-markierung-500ml-16-9-fl-oz\/"]}]},{"@type":"ImageObject","inLanguage":"de","@id":"https:\/\/eu-mark.com\/de\/product\/m22-elektrolyt-fuer-elektrochemische-markierung-500ml-16-9-fl-oz\/#primaryimage","url":"https:\/\/eu-mark.com\/wp-content\/uploads\/2023\/08\/eumark_marking_engraving_electrolyte_fluid_13.jpg","contentUrl":"https:\/\/eu-mark.com\/wp-content\/uploads\/2023\/08\/eumark_marking_engraving_electrolyte_fluid_13.jpg","width":1000,"height":1000,"caption":"eumark marking engraving electrolyte fluid M22"},{"@type":"BreadcrumbList","@id":"https:\/\/eu-mark.com\/de\/product\/m22-elektrolyt-fuer-elektrochemische-markierung-500ml-16-9-fl-oz\/#breadcrumb","itemListElement":[{"@type":"ListItem","position":1,"name":"Startseite","item":"https:\/\/eu-mark.com\/de\/home\/"},{"@type":"ListItem","position":2,"name":"Shop","item":"https:\/\/eu-mark.com\/de\/shop\/"},{"@type":"ListItem","position":3,"name":"M22 Elektrolyt f\u00fcr elektrochemische Markierung 500ml 16.9 fl. oz."}]},{"@type":"WebSite","@id":"https:\/\/eu-mark.com\/de\/#website","url":"https:\/\/eu-mark.com\/de\/","name":"eu-mark.com","description":"Electrochemical marking etching","publisher":{"@id":"https:\/\/eu-mark.com\/de\/#organization"},"potentialAction":[{"@type":"SearchAction","target":{"@type":"EntryPoint","urlTemplate":"https:\/\/eu-mark.com\/de\/?s={search_term_string}"},"query-input":{"@type":"PropertyValueSpecification","valueRequired":true,"valueName":"search_term_string"}}],"inLanguage":"de"},{"@type":"Organization","@id":"https:\/\/eu-mark.com\/de\/#organization","name":"EUMARK","url":"https:\/\/eu-mark.com\/de\/","logo":{"@type":"ImageObject","inLanguage":"de","@id":"https:\/\/eu-mark.com\/de\/#\/schema\/logo\/image\/","url":"https:\/\/eu-mark.com\/wp-content\/uploads\/2025\/02\/eumark-logo-samo-EU-2018_06_19-10_17_06-UTC.jpg","contentUrl":"https:\/\/eu-mark.com\/wp-content\/uploads\/2025\/02\/eumark-logo-samo-EU-2018_06_19-10_17_06-UTC.jpg","width":264,"height":268,"caption":"EUMARK"},"image":{"@id":"https:\/\/eu-mark.com\/de\/#\/schema\/logo\/image\/"},"sameAs":["https:\/\/www.facebook.com\/eumark.de\/","https:\/\/www.youtube.com\/channel\/UCehJsM6xcqIQLzp0y9MjYPg","https:\/\/www.linkedin.com\/company\/eumark\/","https:\/\/www.instagram.com\/eumark_de"]}]}},"_links":{"self":[{"href":"https:\/\/eu-mark.com\/de\/wp-json\/wp\/v2\/product\/7623","targetHints":{"allow":["GET"]}}],"collection":[{"href":"https:\/\/eu-mark.com\/de\/wp-json\/wp\/v2\/product"}],"about":[{"href":"https:\/\/eu-mark.com\/de\/wp-json\/wp\/v2\/types\/product"}],"replies":[{"embeddable":true,"href":"https:\/\/eu-mark.com\/de\/wp-json\/wp\/v2\/comments?post=7623"}],"wp:featuredmedia":[{"embeddable":true,"href":"https:\/\/eu-mark.com\/de\/wp-json\/wp\/v2\/media\/8021"}],"wp:attachment":[{"href":"https:\/\/eu-mark.com\/de\/wp-json\/wp\/v2\/media?parent=7623"}],"wp:term":[{"taxonomy":"product_brand","embeddable":true,"href":"https:\/\/eu-mark.com\/de\/wp-json\/wp\/v2\/product_brand?post=7623"},{"taxonomy":"product_cat","embeddable":true,"href":"https:\/\/eu-mark.com\/de\/wp-json\/wp\/v2\/product_cat?post=7623"},{"taxonomy":"product_tag","embeddable":true,"href":"https:\/\/eu-mark.com\/de\/wp-json\/wp\/v2\/product_tag?post=7623"}],"curies":[{"name":"wp","href":"https:\/\/api.w.org\/{rel}","templated":true}]}}