{"id":7625,"date":"2021-08-27T08:53:01","date_gmt":"2021-08-27T08:53:01","guid":{"rendered":"https:\/\/eu-mark.com\/product\/m21-m22-m23-n11-elektrolyt-fuer-elektrochemische-markierungen-4x-500ml-16-9-fl-oz-alle-4-saetze\/"},"modified":"2021-08-27T08:53:01","modified_gmt":"2021-08-27T08:53:01","slug":"m21-m22-m23-n11-elektrolyt-fuer-elektrochemische-markierungen-4x-500ml-16-9-fl-oz-alle-4-saetze","status":"publish","type":"product","link":"https:\/\/eu-mark.com\/de\/product\/m21-m22-m23-n11-elektrolyt-fuer-elektrochemische-markierungen-4x-500ml-16-9-fl-oz-alle-4-saetze\/","title":{"rendered":"M21 M22 M23 N11 Elektrolyt f\u00fcr elektrochemische Markierungen 4x 500ml 16.9 fl. oz. Alle 4 S\u00e4tze"},"content":{"rendered":"<p>Die <a href=\"https:\/\/eu-mark.com\/de\/mit-eumark-electrolytes-bemerkenswerte-ergebnisse-erzielen-entfesseln-sie-die-kraft-der-exzellenz\/\">Elektrolyte von Eumark<\/a> sind der Inbegriff f\u00fcr exzellente Markierungen, gest\u00fctzt auf \u00fcber zwei Jahrzehnte Erfahrung in der Branche. Ob Sie sich f\u00fcr M21 f\u00fcr gleichbleibend exzellente Leistung, M22 f\u00fcr dunkle und beeindruckende Markierungen, M23 f\u00fcr korrosionsfreie Brillanz oder N11 f\u00fcr Korrosionsschutz entscheiden. Mit \u00fcber 20 Jahren Erfahrung hat Eumark eine Reihe von Elektrolyten entwickelt, die herausragende Leistungen und beeindruckende Markierungen liefern. Hauptmerkmale und Anwendungsbereiche der <a href=\"https:\/\/eumark.biz\/en-us\/blogs\/news\/achieving-remarkable-marks-with-eumark-electrolytes-unleashing-the-power-of-excellence\">Eumark-Elektrolyte &#8211; M21, M22, M23 und N11.<\/a> M21 ist sehr gut f\u00fcr viele Markierungen bei gleicher Benetzung des Filzes, er besitzt die F\u00e4higkeit zur Selbstreinigung<br \/>\nM22 ist sehr dunkel, aber Sie m\u00fcssen Schablone und Filz oft reinigen. pH 7 sehr \u00f6kologisch&#8230;<br \/>\nM23 ist nicht korrosiv, einfach markieren und danach mit einem Tuch abwischen, keine Notwendigkeit der Neutralit\u00e4t von hochkorrosiven St\u00e4hlen, wie S\u00e4ge oder einige Werkzeugst\u00e4hle<br \/>\nN11 Neutralit\u00e4t mit pH-Indikator <\/p>\n","protected":false},"excerpt":{"rendered":"<div><strong>KOSTENLOSER globaler Versand inbegriffen<\/strong><\/div>\n<div><\/div>\n<div><strong>Sichere Zahlungsoptionen<\/strong><\/div>\n<div><\/div>\n<div>Bezahlen Sie bequem mit Ihrer Kredit- oder Debitkarte \u00fcber PayPal w\u00e4hrend des Bestellvorgangs. <strong>Kein PayPal-Konto erforderlich<\/strong>.<\/div>\n<p>M21 ist sehr gut f\u00fcr viele Markierungen bei gleicher Benetzung des Filzes, er besitzt die F\u00e4higkeit zur Selbstreinigung<br \/>\nM22 ist sehr dunkel, aber Sie m\u00fcssen Schablone und Filz oft reinigen. pH 7 sehr \u00f6kologisch&#8230;<br \/>\nM23 ist nicht korrosiv, einfach markieren und danach mit einem Tuch abwischen, keine Notwendigkeit der Neutralit\u00e4t von hochkorrosiven St\u00e4hlen, wie S\u00e4ge oder einige Werkzeugst\u00e4hle<br \/>\nN11 Neutralit\u00e4t mit pH-Indikator <\/p>\n","protected":false},"featured_media":7784,"comment_status":"open","ping_status":"closed","template":"","meta":[],"product_brand":[],"product_cat":[147],"product_tag":[151,149,205,150,152,204,153],"class_list":{"0":"post-7625","1":"product","2":"type-product","3":"status-publish","4":"has-post-thumbnail","6":"product_cat-chemikalien","7":"product_tag-atzen","8":"product_tag-elektrochemisch","9":"product_tag-gravieren","10":"product_tag-kennzeichnung","11":"product_tag-maschine","12":"product_tag-messer","13":"product_tag-stahl","15":"first","16":"instock","17":"shipping-taxable","18":"purchasable","19":"product-type-simple"},"yoast_head":"<!-- This site is optimized with the Yoast SEO plugin v27.4 - https:\/\/yoast.com\/product\/yoast-seo-wordpress\/ -->\n<title>Elektrolyt f\u00fcr elektrochemische Markierung, tiefes \u00c4tzen oder zus\u00e4tzliche Markierung<\/title>\n<meta name=\"description\" content=\"Elektrolyt f\u00fcr die elektrochemische Markierung von tiefem \u00c4tzen oder Extra Mark. Mit \u00fcber 20 Jahren Erfahrung hat Eumark eine Reihe von Elektrolyten entwickelt, die eine hervorragende Leistung bieten. M21 M22 M23 N11 Elektrolyt f\u00fcr elektrochemische Markierungen 4x 500ml 16.9 fl. oz. Alle 4 S\u00e4tze\" \/>\n<meta name=\"robots\" content=\"index, follow, max-snippet:-1, max-image-preview:large, max-video-preview:-1\" \/>\n<link rel=\"canonical\" href=\"https:\/\/eu-mark.com\/de\/product\/m21-m22-m23-n11-elektrolyt-fuer-elektrochemische-markierungen-4x-500ml-16-9-fl-oz-alle-4-saetze\/\" \/>\n<meta property=\"og:locale\" content=\"de_DE\" \/>\n<meta property=\"og:type\" content=\"article\" \/>\n<meta property=\"og:title\" content=\"Elektrolyt f\u00fcr elektrochemische Markierung, tiefes \u00c4tzen oder zus\u00e4tzliche Markierung\" \/>\n<meta property=\"og:description\" content=\"Elektrolyt f\u00fcr die elektrochemische Markierung von tiefem \u00c4tzen oder Extra Mark. Mit \u00fcber 20 Jahren Erfahrung hat Eumark eine Reihe von Elektrolyten entwickelt, die eine hervorragende Leistung bieten. M21 M22 M23 N11 Elektrolyt f\u00fcr elektrochemische Markierungen 4x 500ml 16.9 fl. oz. Alle 4 S\u00e4tze\" \/>\n<meta property=\"og:url\" content=\"https:\/\/eu-mark.com\/de\/product\/m21-m22-m23-n11-elektrolyt-fuer-elektrochemische-markierungen-4x-500ml-16-9-fl-oz-alle-4-saetze\/\" \/>\n<meta property=\"og:site_name\" content=\"Electrochemical marking etching\" \/>\n<meta property=\"article:publisher\" content=\"https:\/\/www.facebook.com\/eumark.de\/\" \/>\n<meta property=\"og:image\" content=\"https:\/\/eu-mark.com\/wp-content\/uploads\/2023\/08\/eumark_marking_engraving_electrolyte_fluid_19.jpg\" \/>\n\t<meta property=\"og:image:width\" content=\"1000\" \/>\n\t<meta property=\"og:image:height\" content=\"1000\" \/>\n\t<meta property=\"og:image:type\" content=\"image\/jpeg\" \/>\n<meta name=\"twitter:card\" content=\"summary_large_image\" \/>\n<meta name=\"twitter:label1\" content=\"Gesch\u00e4tzte Lesezeit\" \/>\n\t<meta name=\"twitter:data1\" content=\"1\u00a0Minute\" \/>\n<script type=\"application\/ld+json\" class=\"yoast-schema-graph\">{\"@context\":\"https:\\\/\\\/schema.org\",\"@graph\":[{\"@type\":\"WebPage\",\"@id\":\"https:\\\/\\\/eu-mark.com\\\/de\\\/product\\\/m21-m22-m23-n11-elektrolyt-fuer-elektrochemische-markierungen-4x-500ml-16-9-fl-oz-alle-4-saetze\\\/\",\"url\":\"https:\\\/\\\/eu-mark.com\\\/de\\\/product\\\/m21-m22-m23-n11-elektrolyt-fuer-elektrochemische-markierungen-4x-500ml-16-9-fl-oz-alle-4-saetze\\\/\",\"name\":\"Elektrolyt f\u00fcr elektrochemische Markierung, tiefes \u00c4tzen oder zus\u00e4tzliche Markierung\",\"isPartOf\":{\"@id\":\"https:\\\/\\\/eu-mark.com\\\/de\\\/#website\"},\"primaryImageOfPage\":{\"@id\":\"https:\\\/\\\/eu-mark.com\\\/de\\\/product\\\/m21-m22-m23-n11-elektrolyt-fuer-elektrochemische-markierungen-4x-500ml-16-9-fl-oz-alle-4-saetze\\\/#primaryimage\"},\"image\":{\"@id\":\"https:\\\/\\\/eu-mark.com\\\/de\\\/product\\\/m21-m22-m23-n11-elektrolyt-fuer-elektrochemische-markierungen-4x-500ml-16-9-fl-oz-alle-4-saetze\\\/#primaryimage\"},\"thumbnailUrl\":\"https:\\\/\\\/eu-mark.com\\\/wp-content\\\/uploads\\\/2023\\\/08\\\/eumark_marking_engraving_electrolyte_fluid_19.jpg\",\"datePublished\":\"2021-08-27T08:53:01+00:00\",\"description\":\"Elektrolyt f\u00fcr die elektrochemische Markierung von tiefem \u00c4tzen oder Extra Mark. Mit \u00fcber 20 Jahren Erfahrung hat Eumark eine Reihe von Elektrolyten entwickelt, die eine hervorragende Leistung bieten. M21 M22 M23 N11 Elektrolyt f\u00fcr elektrochemische Markierungen 4x 500ml 16.9 fl. oz. Alle 4 S\u00e4tze\",\"breadcrumb\":{\"@id\":\"https:\\\/\\\/eu-mark.com\\\/de\\\/product\\\/m21-m22-m23-n11-elektrolyt-fuer-elektrochemische-markierungen-4x-500ml-16-9-fl-oz-alle-4-saetze\\\/#breadcrumb\"},\"inLanguage\":\"de\",\"potentialAction\":[{\"@type\":\"ReadAction\",\"target\":[\"https:\\\/\\\/eu-mark.com\\\/de\\\/product\\\/m21-m22-m23-n11-elektrolyt-fuer-elektrochemische-markierungen-4x-500ml-16-9-fl-oz-alle-4-saetze\\\/\"]}]},{\"@type\":\"ImageObject\",\"inLanguage\":\"de\",\"@id\":\"https:\\\/\\\/eu-mark.com\\\/de\\\/product\\\/m21-m22-m23-n11-elektrolyt-fuer-elektrochemische-markierungen-4x-500ml-16-9-fl-oz-alle-4-saetze\\\/#primaryimage\",\"url\":\"https:\\\/\\\/eu-mark.com\\\/wp-content\\\/uploads\\\/2023\\\/08\\\/eumark_marking_engraving_electrolyte_fluid_19.jpg\",\"contentUrl\":\"https:\\\/\\\/eu-mark.com\\\/wp-content\\\/uploads\\\/2023\\\/08\\\/eumark_marking_engraving_electrolyte_fluid_19.jpg\",\"width\":1000,\"height\":1000,\"caption\":\"eumark Markierung Gravur Elektrolytfl\u00fcssigkeit\"},{\"@type\":\"BreadcrumbList\",\"@id\":\"https:\\\/\\\/eu-mark.com\\\/de\\\/product\\\/m21-m22-m23-n11-elektrolyt-fuer-elektrochemische-markierungen-4x-500ml-16-9-fl-oz-alle-4-saetze\\\/#breadcrumb\",\"itemListElement\":[{\"@type\":\"ListItem\",\"position\":1,\"name\":\"Startseite\",\"item\":\"https:\\\/\\\/eu-mark.com\\\/de\\\/home\\\/\"},{\"@type\":\"ListItem\",\"position\":2,\"name\":\"Shop\",\"item\":\"https:\\\/\\\/eu-mark.com\\\/de\\\/shop\\\/\"},{\"@type\":\"ListItem\",\"position\":3,\"name\":\"M21 M22 M23 N11 Elektrolyt f\u00fcr elektrochemische Markierungen 4x 500ml 16.9 fl. oz. Alle 4 S\u00e4tze\"}]},{\"@type\":\"WebSite\",\"@id\":\"https:\\\/\\\/eu-mark.com\\\/de\\\/#website\",\"url\":\"https:\\\/\\\/eu-mark.com\\\/de\\\/\",\"name\":\"eu-mark.com\",\"description\":\"Electrochemical marking etching\",\"publisher\":{\"@id\":\"https:\\\/\\\/eu-mark.com\\\/de\\\/#organization\"},\"potentialAction\":[{\"@type\":\"SearchAction\",\"target\":{\"@type\":\"EntryPoint\",\"urlTemplate\":\"https:\\\/\\\/eu-mark.com\\\/de\\\/?s={search_term_string}\"},\"query-input\":{\"@type\":\"PropertyValueSpecification\",\"valueRequired\":true,\"valueName\":\"search_term_string\"}}],\"inLanguage\":\"de\"},{\"@type\":\"Organization\",\"@id\":\"https:\\\/\\\/eu-mark.com\\\/de\\\/#organization\",\"name\":\"EUMARK\",\"url\":\"https:\\\/\\\/eu-mark.com\\\/de\\\/\",\"logo\":{\"@type\":\"ImageObject\",\"inLanguage\":\"de\",\"@id\":\"https:\\\/\\\/eu-mark.com\\\/de\\\/#\\\/schema\\\/logo\\\/image\\\/\",\"url\":\"https:\\\/\\\/eu-mark.com\\\/wp-content\\\/uploads\\\/2025\\\/02\\\/eumark-logo-samo-EU-2018_06_19-10_17_06-UTC.jpg\",\"contentUrl\":\"https:\\\/\\\/eu-mark.com\\\/wp-content\\\/uploads\\\/2025\\\/02\\\/eumark-logo-samo-EU-2018_06_19-10_17_06-UTC.jpg\",\"width\":264,\"height\":268,\"caption\":\"EUMARK\"},\"image\":{\"@id\":\"https:\\\/\\\/eu-mark.com\\\/de\\\/#\\\/schema\\\/logo\\\/image\\\/\"},\"sameAs\":[\"https:\\\/\\\/www.facebook.com\\\/eumark.de\\\/\",\"https:\\\/\\\/www.youtube.com\\\/channel\\\/UCehJsM6xcqIQLzp0y9MjYPg\",\"https:\\\/\\\/www.linkedin.com\\\/company\\\/eumark\\\/\",\"https:\\\/\\\/www.instagram.com\\\/eumark_de\"]}]}<\/script>\n<!-- \/ Yoast SEO plugin. -->","yoast_head_json":{"title":"Elektrolyt f\u00fcr elektrochemische Markierung, tiefes \u00c4tzen oder zus\u00e4tzliche Markierung","description":"Elektrolyt f\u00fcr die elektrochemische Markierung von tiefem \u00c4tzen oder Extra Mark. Mit \u00fcber 20 Jahren Erfahrung hat Eumark eine Reihe von Elektrolyten entwickelt, die eine hervorragende Leistung bieten. M21 M22 M23 N11 Elektrolyt f\u00fcr elektrochemische Markierungen 4x 500ml 16.9 fl. oz. Alle 4 S\u00e4tze","robots":{"index":"index","follow":"follow","max-snippet":"max-snippet:-1","max-image-preview":"max-image-preview:large","max-video-preview":"max-video-preview:-1"},"canonical":"https:\/\/eu-mark.com\/de\/product\/m21-m22-m23-n11-elektrolyt-fuer-elektrochemische-markierungen-4x-500ml-16-9-fl-oz-alle-4-saetze\/","og_locale":"de_DE","og_type":"article","og_title":"Elektrolyt f\u00fcr elektrochemische Markierung, tiefes \u00c4tzen oder zus\u00e4tzliche Markierung","og_description":"Elektrolyt f\u00fcr die elektrochemische Markierung von tiefem \u00c4tzen oder Extra Mark. Mit \u00fcber 20 Jahren Erfahrung hat Eumark eine Reihe von Elektrolyten entwickelt, die eine hervorragende Leistung bieten. M21 M22 M23 N11 Elektrolyt f\u00fcr elektrochemische Markierungen 4x 500ml 16.9 fl. oz. Alle 4 S\u00e4tze","og_url":"https:\/\/eu-mark.com\/de\/product\/m21-m22-m23-n11-elektrolyt-fuer-elektrochemische-markierungen-4x-500ml-16-9-fl-oz-alle-4-saetze\/","og_site_name":"Electrochemical marking etching","article_publisher":"https:\/\/www.facebook.com\/eumark.de\/","og_image":[{"width":1000,"height":1000,"url":"https:\/\/eu-mark.com\/wp-content\/uploads\/2023\/08\/eumark_marking_engraving_electrolyte_fluid_19.jpg","type":"image\/jpeg"}],"twitter_card":"summary_large_image","twitter_misc":{"Gesch\u00e4tzte Lesezeit":"1\u00a0Minute"},"schema":{"@context":"https:\/\/schema.org","@graph":[{"@type":"WebPage","@id":"https:\/\/eu-mark.com\/de\/product\/m21-m22-m23-n11-elektrolyt-fuer-elektrochemische-markierungen-4x-500ml-16-9-fl-oz-alle-4-saetze\/","url":"https:\/\/eu-mark.com\/de\/product\/m21-m22-m23-n11-elektrolyt-fuer-elektrochemische-markierungen-4x-500ml-16-9-fl-oz-alle-4-saetze\/","name":"Elektrolyt f\u00fcr elektrochemische Markierung, tiefes \u00c4tzen oder zus\u00e4tzliche Markierung","isPartOf":{"@id":"https:\/\/eu-mark.com\/de\/#website"},"primaryImageOfPage":{"@id":"https:\/\/eu-mark.com\/de\/product\/m21-m22-m23-n11-elektrolyt-fuer-elektrochemische-markierungen-4x-500ml-16-9-fl-oz-alle-4-saetze\/#primaryimage"},"image":{"@id":"https:\/\/eu-mark.com\/de\/product\/m21-m22-m23-n11-elektrolyt-fuer-elektrochemische-markierungen-4x-500ml-16-9-fl-oz-alle-4-saetze\/#primaryimage"},"thumbnailUrl":"https:\/\/eu-mark.com\/wp-content\/uploads\/2023\/08\/eumark_marking_engraving_electrolyte_fluid_19.jpg","datePublished":"2021-08-27T08:53:01+00:00","description":"Elektrolyt f\u00fcr die elektrochemische Markierung von tiefem \u00c4tzen oder Extra Mark. Mit \u00fcber 20 Jahren Erfahrung hat Eumark eine Reihe von Elektrolyten entwickelt, die eine hervorragende Leistung bieten. M21 M22 M23 N11 Elektrolyt f\u00fcr elektrochemische Markierungen 4x 500ml 16.9 fl. oz. Alle 4 S\u00e4tze","breadcrumb":{"@id":"https:\/\/eu-mark.com\/de\/product\/m21-m22-m23-n11-elektrolyt-fuer-elektrochemische-markierungen-4x-500ml-16-9-fl-oz-alle-4-saetze\/#breadcrumb"},"inLanguage":"de","potentialAction":[{"@type":"ReadAction","target":["https:\/\/eu-mark.com\/de\/product\/m21-m22-m23-n11-elektrolyt-fuer-elektrochemische-markierungen-4x-500ml-16-9-fl-oz-alle-4-saetze\/"]}]},{"@type":"ImageObject","inLanguage":"de","@id":"https:\/\/eu-mark.com\/de\/product\/m21-m22-m23-n11-elektrolyt-fuer-elektrochemische-markierungen-4x-500ml-16-9-fl-oz-alle-4-saetze\/#primaryimage","url":"https:\/\/eu-mark.com\/wp-content\/uploads\/2023\/08\/eumark_marking_engraving_electrolyte_fluid_19.jpg","contentUrl":"https:\/\/eu-mark.com\/wp-content\/uploads\/2023\/08\/eumark_marking_engraving_electrolyte_fluid_19.jpg","width":1000,"height":1000,"caption":"eumark Markierung Gravur Elektrolytfl\u00fcssigkeit"},{"@type":"BreadcrumbList","@id":"https:\/\/eu-mark.com\/de\/product\/m21-m22-m23-n11-elektrolyt-fuer-elektrochemische-markierungen-4x-500ml-16-9-fl-oz-alle-4-saetze\/#breadcrumb","itemListElement":[{"@type":"ListItem","position":1,"name":"Startseite","item":"https:\/\/eu-mark.com\/de\/home\/"},{"@type":"ListItem","position":2,"name":"Shop","item":"https:\/\/eu-mark.com\/de\/shop\/"},{"@type":"ListItem","position":3,"name":"M21 M22 M23 N11 Elektrolyt f\u00fcr elektrochemische Markierungen 4x 500ml 16.9 fl. oz. Alle 4 S\u00e4tze"}]},{"@type":"WebSite","@id":"https:\/\/eu-mark.com\/de\/#website","url":"https:\/\/eu-mark.com\/de\/","name":"eu-mark.com","description":"Electrochemical marking etching","publisher":{"@id":"https:\/\/eu-mark.com\/de\/#organization"},"potentialAction":[{"@type":"SearchAction","target":{"@type":"EntryPoint","urlTemplate":"https:\/\/eu-mark.com\/de\/?s={search_term_string}"},"query-input":{"@type":"PropertyValueSpecification","valueRequired":true,"valueName":"search_term_string"}}],"inLanguage":"de"},{"@type":"Organization","@id":"https:\/\/eu-mark.com\/de\/#organization","name":"EUMARK","url":"https:\/\/eu-mark.com\/de\/","logo":{"@type":"ImageObject","inLanguage":"de","@id":"https:\/\/eu-mark.com\/de\/#\/schema\/logo\/image\/","url":"https:\/\/eu-mark.com\/wp-content\/uploads\/2025\/02\/eumark-logo-samo-EU-2018_06_19-10_17_06-UTC.jpg","contentUrl":"https:\/\/eu-mark.com\/wp-content\/uploads\/2025\/02\/eumark-logo-samo-EU-2018_06_19-10_17_06-UTC.jpg","width":264,"height":268,"caption":"EUMARK"},"image":{"@id":"https:\/\/eu-mark.com\/de\/#\/schema\/logo\/image\/"},"sameAs":["https:\/\/www.facebook.com\/eumark.de\/","https:\/\/www.youtube.com\/channel\/UCehJsM6xcqIQLzp0y9MjYPg","https:\/\/www.linkedin.com\/company\/eumark\/","https:\/\/www.instagram.com\/eumark_de"]}]}},"_links":{"self":[{"href":"https:\/\/eu-mark.com\/de\/wp-json\/wp\/v2\/product\/7625","targetHints":{"allow":["GET"]}}],"collection":[{"href":"https:\/\/eu-mark.com\/de\/wp-json\/wp\/v2\/product"}],"about":[{"href":"https:\/\/eu-mark.com\/de\/wp-json\/wp\/v2\/types\/product"}],"replies":[{"embeddable":true,"href":"https:\/\/eu-mark.com\/de\/wp-json\/wp\/v2\/comments?post=7625"}],"wp:featuredmedia":[{"embeddable":true,"href":"https:\/\/eu-mark.com\/de\/wp-json\/wp\/v2\/media\/7784"}],"wp:attachment":[{"href":"https:\/\/eu-mark.com\/de\/wp-json\/wp\/v2\/media?parent=7625"}],"wp:term":[{"taxonomy":"product_brand","embeddable":true,"href":"https:\/\/eu-mark.com\/de\/wp-json\/wp\/v2\/product_brand?post=7625"},{"taxonomy":"product_cat","embeddable":true,"href":"https:\/\/eu-mark.com\/de\/wp-json\/wp\/v2\/product_cat?post=7625"},{"taxonomy":"product_tag","embeddable":true,"href":"https:\/\/eu-mark.com\/de\/wp-json\/wp\/v2\/product_tag?post=7625"}],"curies":[{"name":"wp","href":"https:\/\/api.w.org\/{rel}","templated":true}]}}