{"id":7627,"date":"2021-08-27T08:40:02","date_gmt":"2021-08-27T08:40:02","guid":{"rendered":"https:\/\/eu-mark.com\/product\/n11-neutralitaet-mit-ph-indikator-500ml-16-9-fl-oz\/"},"modified":"2021-08-27T08:40:02","modified_gmt":"2021-08-27T08:40:02","slug":"n11-neutralitaet-mit-ph-indikator-500ml-16-9-fl-oz","status":"publish","type":"product","link":"https:\/\/eu-mark.com\/de\/product\/n11-neutralitaet-mit-ph-indikator-500ml-16-9-fl-oz\/","title":{"rendered":"N11 Neutralit\u00e4t mit pH-Indikator 500ml 16.9 fl. oz."},"content":{"rendered":"<p>N11 Neutralit\u00e4t mit pH-Indikator<\/p>\n<p><strong>N11:<a href=\"https:\/\/eu-mark.com\/de\/mit-eumark-electrolytes-bemerkenswerte-ergebnisse-erzielen-entfesseln-sie-die-kraft-der-exzellenz\/\"> Korrosionsschutz durch wirksame Neutralisierung<\/a><\/strong><\/p>\n<p><a href=\"https:\/\/eu-mark.com\/de\/mit-eumark-electrolytes-bemerkenswerte-ergebnisse-erzielen-entfesseln-sie-die-kraft-der-exzellenz\/\">Der<\/a> Elektrolyt N11 <a href=\"https:\/\/eu-mark.com\/de\/mit-eumark-electrolytes-bemerkenswerte-ergebnisse-erzielen-entfesseln-sie-die-kraft-der-exzellenz\/\">von Eumark<\/a> sorgt mit seinem pH-Indikator und seinen neutralisierenden Eigenschaften f\u00fcr Korrosionsschutz. Nach der Markierung k\u00f6nnen Sie mit N11 die Oberfl\u00e4che neutralisieren, um Korrosion wirksam zu verhindern und die langfristige Haltbarkeit der markierten Oberfl\u00e4chen zu gew\u00e4hrleisten. Obwohl der pH-Indikator mit der Zeit verblassen kann, ist die Regenerierung ein einfacher Prozess. Wenden Sie sich an Eumark, und das erfahrene Team wird Sie durch die einfachen Schritte f\u00fchren. <a href=\"https:\/\/eumark.biz\/en-us\/blogs\/news\/achieving-remarkable-marks-with-eumark-electrolytes-unleashing-the-power-of-excellence\">Mit N11<\/a> k\u00f6nnen Sie sicher sein, dass Ihre Markierungen den Test der Zeit \u00fcberstehen und makellos und korrosionsfrei bleiben.   <\/p>\n","protected":false},"excerpt":{"rendered":"<p>KOSTENLOSER Versand weltweit<\/p>\n<p>Debit- oder Kreditkarte mit PayPal zur Kasse gehen<\/p>\n<p>Sie m\u00fcssen kein PayPal-Konto haben<\/p>\n","protected":false},"featured_media":8015,"comment_status":"open","ping_status":"closed","template":"","meta":[],"product_brand":[],"product_cat":[147],"product_tag":[151,149,150,152,153],"class_list":{"0":"post-7627","1":"product","2":"type-product","3":"status-publish","4":"has-post-thumbnail","6":"product_cat-chemikalien","7":"product_tag-atzen","8":"product_tag-elektrochemisch","9":"product_tag-kennzeichnung","10":"product_tag-maschine","11":"product_tag-stahl","13":"first","14":"instock","15":"shipping-taxable","16":"purchasable","17":"product-type-simple"},"yoast_head":"<!-- This site is optimized with the Yoast SEO plugin v27.4 - https:\/\/yoast.com\/product\/yoast-seo-wordpress\/ -->\n<title>N11 Neutralit\u00e4t mit pH-Indikator 500ml 16.9 fl. oz. - Electrochemical marking etching<\/title>\n<meta name=\"description\" content=\"N11 Neutrality von Eumark f\u00fcr die elektrochemische Markierung sorgt mit seinem pH-Indikator und seinen neutralisierenden Eigenschaften f\u00fcr Korrosionsschutz. Electrochemical marking etching N11 Neutralit\u00e4t mit pH-Indikator 500ml 16.9 fl. oz.\" \/>\n<meta name=\"robots\" content=\"index, follow, max-snippet:-1, max-image-preview:large, max-video-preview:-1\" \/>\n<link rel=\"canonical\" href=\"https:\/\/eu-mark.com\/de\/product\/n11-neutralitaet-mit-ph-indikator-500ml-16-9-fl-oz\/\" \/>\n<meta property=\"og:locale\" content=\"de_DE\" \/>\n<meta property=\"og:type\" content=\"article\" \/>\n<meta property=\"og:title\" content=\"N11 Neutralit\u00e4t mit pH-Indikator 500ml 16.9 fl. oz. - Electrochemical marking etching\" \/>\n<meta property=\"og:description\" content=\"N11 Neutrality von Eumark f\u00fcr die elektrochemische Markierung sorgt mit seinem pH-Indikator und seinen neutralisierenden Eigenschaften f\u00fcr Korrosionsschutz. Electrochemical marking etching N11 Neutralit\u00e4t mit pH-Indikator 500ml 16.9 fl. oz.\" \/>\n<meta property=\"og:url\" content=\"https:\/\/eu-mark.com\/de\/product\/n11-neutralitaet-mit-ph-indikator-500ml-16-9-fl-oz\/\" \/>\n<meta property=\"og:site_name\" content=\"Electrochemical marking etching\" \/>\n<meta property=\"article:publisher\" content=\"https:\/\/www.facebook.com\/eumark.de\/\" \/>\n<meta property=\"og:image\" content=\"https:\/\/eu-mark.com\/wp-content\/uploads\/2023\/08\/eumark_marking_engraving_electrolyte_fluid_15.jpg\" \/>\n\t<meta property=\"og:image:width\" content=\"1000\" \/>\n\t<meta property=\"og:image:height\" content=\"1000\" \/>\n\t<meta property=\"og:image:type\" content=\"image\/jpeg\" \/>\n<meta name=\"twitter:card\" content=\"summary_large_image\" \/>\n<meta name=\"twitter:label1\" content=\"Gesch\u00e4tzte Lesezeit\" \/>\n\t<meta name=\"twitter:data1\" content=\"1\u00a0Minute\" \/>\n<script type=\"application\/ld+json\" class=\"yoast-schema-graph\">{\"@context\":\"https:\\\/\\\/schema.org\",\"@graph\":[{\"@type\":\"WebPage\",\"@id\":\"https:\\\/\\\/eu-mark.com\\\/de\\\/product\\\/n11-neutralitaet-mit-ph-indikator-500ml-16-9-fl-oz\\\/\",\"url\":\"https:\\\/\\\/eu-mark.com\\\/de\\\/product\\\/n11-neutralitaet-mit-ph-indikator-500ml-16-9-fl-oz\\\/\",\"name\":\"N11 Neutralit\u00e4t mit pH-Indikator 500ml 16.9 fl. oz. - Electrochemical marking etching\",\"isPartOf\":{\"@id\":\"https:\\\/\\\/eu-mark.com\\\/de\\\/#website\"},\"primaryImageOfPage\":{\"@id\":\"https:\\\/\\\/eu-mark.com\\\/de\\\/product\\\/n11-neutralitaet-mit-ph-indikator-500ml-16-9-fl-oz\\\/#primaryimage\"},\"image\":{\"@id\":\"https:\\\/\\\/eu-mark.com\\\/de\\\/product\\\/n11-neutralitaet-mit-ph-indikator-500ml-16-9-fl-oz\\\/#primaryimage\"},\"thumbnailUrl\":\"https:\\\/\\\/eu-mark.com\\\/wp-content\\\/uploads\\\/2023\\\/08\\\/eumark_marking_engraving_electrolyte_fluid_15.jpg\",\"datePublished\":\"2021-08-27T08:40:02+00:00\",\"description\":\"N11 Neutrality von Eumark f\u00fcr die elektrochemische Markierung sorgt mit seinem pH-Indikator und seinen neutralisierenden Eigenschaften f\u00fcr Korrosionsschutz. Electrochemical marking etching N11 Neutralit\u00e4t mit pH-Indikator 500ml 16.9 fl. oz.\",\"breadcrumb\":{\"@id\":\"https:\\\/\\\/eu-mark.com\\\/de\\\/product\\\/n11-neutralitaet-mit-ph-indikator-500ml-16-9-fl-oz\\\/#breadcrumb\"},\"inLanguage\":\"de\",\"potentialAction\":[{\"@type\":\"ReadAction\",\"target\":[\"https:\\\/\\\/eu-mark.com\\\/de\\\/product\\\/n11-neutralitaet-mit-ph-indikator-500ml-16-9-fl-oz\\\/\"]}]},{\"@type\":\"ImageObject\",\"inLanguage\":\"de\",\"@id\":\"https:\\\/\\\/eu-mark.com\\\/de\\\/product\\\/n11-neutralitaet-mit-ph-indikator-500ml-16-9-fl-oz\\\/#primaryimage\",\"url\":\"https:\\\/\\\/eu-mark.com\\\/wp-content\\\/uploads\\\/2023\\\/08\\\/eumark_marking_engraving_electrolyte_fluid_15.jpg\",\"contentUrl\":\"https:\\\/\\\/eu-mark.com\\\/wp-content\\\/uploads\\\/2023\\\/08\\\/eumark_marking_engraving_electrolyte_fluid_15.jpg\",\"width\":1000,\"height\":1000,\"caption\":\"eumark marking engraving electrolyte fluid N11\"},{\"@type\":\"BreadcrumbList\",\"@id\":\"https:\\\/\\\/eu-mark.com\\\/de\\\/product\\\/n11-neutralitaet-mit-ph-indikator-500ml-16-9-fl-oz\\\/#breadcrumb\",\"itemListElement\":[{\"@type\":\"ListItem\",\"position\":1,\"name\":\"Startseite\",\"item\":\"https:\\\/\\\/eu-mark.com\\\/de\\\/home\\\/\"},{\"@type\":\"ListItem\",\"position\":2,\"name\":\"Shop\",\"item\":\"https:\\\/\\\/eu-mark.com\\\/de\\\/shop\\\/\"},{\"@type\":\"ListItem\",\"position\":3,\"name\":\"N11 Neutralit\u00e4t mit pH-Indikator 500ml 16.9 fl. oz.\"}]},{\"@type\":\"WebSite\",\"@id\":\"https:\\\/\\\/eu-mark.com\\\/de\\\/#website\",\"url\":\"https:\\\/\\\/eu-mark.com\\\/de\\\/\",\"name\":\"eu-mark.com\",\"description\":\"Electrochemical marking etching\",\"publisher\":{\"@id\":\"https:\\\/\\\/eu-mark.com\\\/de\\\/#organization\"},\"potentialAction\":[{\"@type\":\"SearchAction\",\"target\":{\"@type\":\"EntryPoint\",\"urlTemplate\":\"https:\\\/\\\/eu-mark.com\\\/de\\\/?s={search_term_string}\"},\"query-input\":{\"@type\":\"PropertyValueSpecification\",\"valueRequired\":true,\"valueName\":\"search_term_string\"}}],\"inLanguage\":\"de\"},{\"@type\":\"Organization\",\"@id\":\"https:\\\/\\\/eu-mark.com\\\/de\\\/#organization\",\"name\":\"EUMARK\",\"url\":\"https:\\\/\\\/eu-mark.com\\\/de\\\/\",\"logo\":{\"@type\":\"ImageObject\",\"inLanguage\":\"de\",\"@id\":\"https:\\\/\\\/eu-mark.com\\\/de\\\/#\\\/schema\\\/logo\\\/image\\\/\",\"url\":\"https:\\\/\\\/eu-mark.com\\\/wp-content\\\/uploads\\\/2025\\\/02\\\/eumark-logo-samo-EU-2018_06_19-10_17_06-UTC.jpg\",\"contentUrl\":\"https:\\\/\\\/eu-mark.com\\\/wp-content\\\/uploads\\\/2025\\\/02\\\/eumark-logo-samo-EU-2018_06_19-10_17_06-UTC.jpg\",\"width\":264,\"height\":268,\"caption\":\"EUMARK\"},\"image\":{\"@id\":\"https:\\\/\\\/eu-mark.com\\\/de\\\/#\\\/schema\\\/logo\\\/image\\\/\"},\"sameAs\":[\"https:\\\/\\\/www.facebook.com\\\/eumark.de\\\/\",\"https:\\\/\\\/www.youtube.com\\\/channel\\\/UCehJsM6xcqIQLzp0y9MjYPg\",\"https:\\\/\\\/www.linkedin.com\\\/company\\\/eumark\\\/\",\"https:\\\/\\\/www.instagram.com\\\/eumark_de\"]}]}<\/script>\n<!-- \/ Yoast SEO plugin. -->","yoast_head_json":{"title":"N11 Neutralit\u00e4t mit pH-Indikator 500ml 16.9 fl. oz. - Electrochemical marking etching","description":"N11 Neutrality von Eumark f\u00fcr die elektrochemische Markierung sorgt mit seinem pH-Indikator und seinen neutralisierenden Eigenschaften f\u00fcr Korrosionsschutz. Electrochemical marking etching N11 Neutralit\u00e4t mit pH-Indikator 500ml 16.9 fl. oz.","robots":{"index":"index","follow":"follow","max-snippet":"max-snippet:-1","max-image-preview":"max-image-preview:large","max-video-preview":"max-video-preview:-1"},"canonical":"https:\/\/eu-mark.com\/de\/product\/n11-neutralitaet-mit-ph-indikator-500ml-16-9-fl-oz\/","og_locale":"de_DE","og_type":"article","og_title":"N11 Neutralit\u00e4t mit pH-Indikator 500ml 16.9 fl. oz. - Electrochemical marking etching","og_description":"N11 Neutrality von Eumark f\u00fcr die elektrochemische Markierung sorgt mit seinem pH-Indikator und seinen neutralisierenden Eigenschaften f\u00fcr Korrosionsschutz. Electrochemical marking etching N11 Neutralit\u00e4t mit pH-Indikator 500ml 16.9 fl. oz.","og_url":"https:\/\/eu-mark.com\/de\/product\/n11-neutralitaet-mit-ph-indikator-500ml-16-9-fl-oz\/","og_site_name":"Electrochemical marking etching","article_publisher":"https:\/\/www.facebook.com\/eumark.de\/","og_image":[{"width":1000,"height":1000,"url":"https:\/\/eu-mark.com\/wp-content\/uploads\/2023\/08\/eumark_marking_engraving_electrolyte_fluid_15.jpg","type":"image\/jpeg"}],"twitter_card":"summary_large_image","twitter_misc":{"Gesch\u00e4tzte Lesezeit":"1\u00a0Minute"},"schema":{"@context":"https:\/\/schema.org","@graph":[{"@type":"WebPage","@id":"https:\/\/eu-mark.com\/de\/product\/n11-neutralitaet-mit-ph-indikator-500ml-16-9-fl-oz\/","url":"https:\/\/eu-mark.com\/de\/product\/n11-neutralitaet-mit-ph-indikator-500ml-16-9-fl-oz\/","name":"N11 Neutralit\u00e4t mit pH-Indikator 500ml 16.9 fl. oz. - Electrochemical marking etching","isPartOf":{"@id":"https:\/\/eu-mark.com\/de\/#website"},"primaryImageOfPage":{"@id":"https:\/\/eu-mark.com\/de\/product\/n11-neutralitaet-mit-ph-indikator-500ml-16-9-fl-oz\/#primaryimage"},"image":{"@id":"https:\/\/eu-mark.com\/de\/product\/n11-neutralitaet-mit-ph-indikator-500ml-16-9-fl-oz\/#primaryimage"},"thumbnailUrl":"https:\/\/eu-mark.com\/wp-content\/uploads\/2023\/08\/eumark_marking_engraving_electrolyte_fluid_15.jpg","datePublished":"2021-08-27T08:40:02+00:00","description":"N11 Neutrality von Eumark f\u00fcr die elektrochemische Markierung sorgt mit seinem pH-Indikator und seinen neutralisierenden Eigenschaften f\u00fcr Korrosionsschutz. Electrochemical marking etching N11 Neutralit\u00e4t mit pH-Indikator 500ml 16.9 fl. oz.","breadcrumb":{"@id":"https:\/\/eu-mark.com\/de\/product\/n11-neutralitaet-mit-ph-indikator-500ml-16-9-fl-oz\/#breadcrumb"},"inLanguage":"de","potentialAction":[{"@type":"ReadAction","target":["https:\/\/eu-mark.com\/de\/product\/n11-neutralitaet-mit-ph-indikator-500ml-16-9-fl-oz\/"]}]},{"@type":"ImageObject","inLanguage":"de","@id":"https:\/\/eu-mark.com\/de\/product\/n11-neutralitaet-mit-ph-indikator-500ml-16-9-fl-oz\/#primaryimage","url":"https:\/\/eu-mark.com\/wp-content\/uploads\/2023\/08\/eumark_marking_engraving_electrolyte_fluid_15.jpg","contentUrl":"https:\/\/eu-mark.com\/wp-content\/uploads\/2023\/08\/eumark_marking_engraving_electrolyte_fluid_15.jpg","width":1000,"height":1000,"caption":"eumark marking engraving electrolyte fluid N11"},{"@type":"BreadcrumbList","@id":"https:\/\/eu-mark.com\/de\/product\/n11-neutralitaet-mit-ph-indikator-500ml-16-9-fl-oz\/#breadcrumb","itemListElement":[{"@type":"ListItem","position":1,"name":"Startseite","item":"https:\/\/eu-mark.com\/de\/home\/"},{"@type":"ListItem","position":2,"name":"Shop","item":"https:\/\/eu-mark.com\/de\/shop\/"},{"@type":"ListItem","position":3,"name":"N11 Neutralit\u00e4t mit pH-Indikator 500ml 16.9 fl. oz."}]},{"@type":"WebSite","@id":"https:\/\/eu-mark.com\/de\/#website","url":"https:\/\/eu-mark.com\/de\/","name":"eu-mark.com","description":"Electrochemical marking etching","publisher":{"@id":"https:\/\/eu-mark.com\/de\/#organization"},"potentialAction":[{"@type":"SearchAction","target":{"@type":"EntryPoint","urlTemplate":"https:\/\/eu-mark.com\/de\/?s={search_term_string}"},"query-input":{"@type":"PropertyValueSpecification","valueRequired":true,"valueName":"search_term_string"}}],"inLanguage":"de"},{"@type":"Organization","@id":"https:\/\/eu-mark.com\/de\/#organization","name":"EUMARK","url":"https:\/\/eu-mark.com\/de\/","logo":{"@type":"ImageObject","inLanguage":"de","@id":"https:\/\/eu-mark.com\/de\/#\/schema\/logo\/image\/","url":"https:\/\/eu-mark.com\/wp-content\/uploads\/2025\/02\/eumark-logo-samo-EU-2018_06_19-10_17_06-UTC.jpg","contentUrl":"https:\/\/eu-mark.com\/wp-content\/uploads\/2025\/02\/eumark-logo-samo-EU-2018_06_19-10_17_06-UTC.jpg","width":264,"height":268,"caption":"EUMARK"},"image":{"@id":"https:\/\/eu-mark.com\/de\/#\/schema\/logo\/image\/"},"sameAs":["https:\/\/www.facebook.com\/eumark.de\/","https:\/\/www.youtube.com\/channel\/UCehJsM6xcqIQLzp0y9MjYPg","https:\/\/www.linkedin.com\/company\/eumark\/","https:\/\/www.instagram.com\/eumark_de"]}]}},"_links":{"self":[{"href":"https:\/\/eu-mark.com\/de\/wp-json\/wp\/v2\/product\/7627","targetHints":{"allow":["GET"]}}],"collection":[{"href":"https:\/\/eu-mark.com\/de\/wp-json\/wp\/v2\/product"}],"about":[{"href":"https:\/\/eu-mark.com\/de\/wp-json\/wp\/v2\/types\/product"}],"replies":[{"embeddable":true,"href":"https:\/\/eu-mark.com\/de\/wp-json\/wp\/v2\/comments?post=7627"}],"wp:featuredmedia":[{"embeddable":true,"href":"https:\/\/eu-mark.com\/de\/wp-json\/wp\/v2\/media\/8015"}],"wp:attachment":[{"href":"https:\/\/eu-mark.com\/de\/wp-json\/wp\/v2\/media?parent=7627"}],"wp:term":[{"taxonomy":"product_brand","embeddable":true,"href":"https:\/\/eu-mark.com\/de\/wp-json\/wp\/v2\/product_brand?post=7627"},{"taxonomy":"product_cat","embeddable":true,"href":"https:\/\/eu-mark.com\/de\/wp-json\/wp\/v2\/product_cat?post=7627"},{"taxonomy":"product_tag","embeddable":true,"href":"https:\/\/eu-mark.com\/de\/wp-json\/wp\/v2\/product_tag?post=7627"}],"curies":[{"name":"wp","href":"https:\/\/api.w.org\/{rel}","templated":true}]}}