{"id":6527,"date":"2017-01-21T12:14:37","date_gmt":"2017-01-21T12:14:37","guid":{"rendered":"https:\/\/eu-mark.com\/electrochemical-etching\/"},"modified":"2025-01-27T09:35:20","modified_gmt":"2025-01-27T09:35:20","slug":"electrochemical-etching","status":"publish","type":"page","link":"https:\/\/eu-mark.com\/es\/electrochemical-etching\/","title":{"rendered":"C\u00f3mo"},"content":{"rendered":"\n\n\n\n\t<section class=\"section\" id=\"section_1057155374\">\n\t\t<div class=\"section-bg fill\" >\n\t\t\t\t\t\t\t\t\t\n\t\t\t\n\n\t\t<\/div>\n\n\t\t\n\n\t\t<div class=\"section-content relative\">\n\t\t\t\n<div class=\"row row-collapse align-middle\"  id=\"row-77888650\">\n\n\t<div id=\"col-467079879\" class=\"col small-12 large-12\"  >\n\t\t\t\t<div class=\"col-inner\"  >\n\t\t\t\n\t\t\t\n<div class=\"row row-collapse align-middle\"  id=\"row-352297792\">\n\n\t<div id=\"col-2029439810\" class=\"col medium-6 small-12 large-6\"  >\n\t\t\t\t<div class=\"col-inner\"  >\n\t\t\t\n\t\t\t\n\t<div class=\"img has-hover x md-x lg-x y md-y lg-y\" id=\"image_617866152\">\n\t\t\t\t\t\t\t\t<div class=\"img-inner dark\" >\n\t\t\t<img loading=\"lazy\" decoding=\"async\" width=\"1000\" height=\"1000\" src=\"https:\/\/eu-mark.com\/wp-content\/uploads\/2016\/12\/eumark03_set_marking_engraving_03.jpg\" class=\"attachment-large size-large\" alt=\"\" srcset=\"https:\/\/eu-mark.com\/wp-content\/uploads\/2016\/12\/eumark03_set_marking_engraving_03.jpg 1000w, https:\/\/eu-mark.com\/wp-content\/uploads\/2016\/12\/eumark03_set_marking_engraving_03-300x300.jpg 300w, https:\/\/eu-mark.com\/wp-content\/uploads\/2016\/12\/eumark03_set_marking_engraving_03-150x150.jpg 150w, https:\/\/eu-mark.com\/wp-content\/uploads\/2016\/12\/eumark03_set_marking_engraving_03-768x768.jpg 768w, https:\/\/eu-mark.com\/wp-content\/uploads\/2016\/12\/eumark03_set_marking_engraving_03-510x510.jpg 510w, https:\/\/eu-mark.com\/wp-content\/uploads\/2016\/12\/eumark03_set_marking_engraving_03-100x100.jpg 100w\" sizes=\"auto, (max-width: 1000px) 100vw, 1000px\" \/>\t\t\t\t\t\t\n\t\t\t\t\t<\/div>\n\t\t\t\t\t\t\t\t\n<style>\n#image_617866152 {\n  width: 100%;\n}\n<\/style>\n\t<\/div>\n\t\n\t\t<\/div>\n\t\t\t\t\n<style>\n#col-2029439810 > .col-inner {\n  padding: 0px 0px 0px 0px;\n  margin: 0px 0px 0px 0px;\n}\n<\/style>\n\t<\/div>\n\n\t\n\n\t<div id=\"col-521655110\" class=\"col medium-6 small-12 large-6\"  >\n\t\t\t\t<div class=\"col-inner text-center dark\" style=\"background-color:rgb(50, 70, 96);\" data-parallax-fade=\"true\" data-parallax=\"1\">\n\t\t\t\n\t\t\t\n\t<div id=\"gap-524841645\" class=\"gap-element clearfix\" style=\"display:block; height:auto;\">\n\t\t\n<style>\n#gap-524841645 {\n  padding-top: 30px;\n}\n@media (min-width:550px) {\n  #gap-524841645 {\n    padding-top: 15px;\n  }\n}\n<\/style>\n\t<\/div>\n\t\n<h1 class=\"uppercase\"><strong>Unboxing del Set EuMark<\/strong><\/h1>\n<p class=\"lead\">(\u00bfQu\u00e9 consigo aqu\u00ed?)<\/p>\n<div class=\"video-button-wrapper\" style=\"font-size:130%\"><a href=\"https:\/\/www.youtube.com\/watch?v=XahjSkKBSc8\" class=\"button open-video icon circle is-outline is-xlarge\" role=\"button\" aria-label=\"Open video in lightbox\" data-flatsome-role-button><i class=\"icon-play\" aria-hidden=\"true\" style=\"font-size:1.5em;\"><\/i><\/a><\/div>\n\t<div id=\"gap-801671345\" class=\"gap-element clearfix\" style=\"display:block; height:auto;\">\n\t\t\n<style>\n#gap-801671345 {\n  padding-top: 15px;\n}\n<\/style>\n\t<\/div>\n\t\n\t\t<\/div>\n\t\t\t\t\n<style>\n#col-521655110 > .col-inner {\n  padding: 30px 30px 10px 30px;\n}\n@media (min-width:550px) {\n  #col-521655110 > .col-inner {\n    padding: 60px 60px 40px 60px;\n  }\n}\n@media (min-width:850px) {\n  #col-521655110 > .col-inner {\n    padding: 60px 60px 60px 60px;\n  }\n}\n<\/style>\n\t<\/div>\n\n\t\n\n<style>\n#row-352297792 > .col > .col-inner {\n  padding: 0px 0px 0px 0px;\n}\n@media (min-width:550px) {\n  #row-352297792 > .col > .col-inner {\n    padding: 80px 0px 80px 0px;\n  }\n}\n@media (min-width:850px) {\n  #row-352297792 > .col > .col-inner {\n    padding: 80px 0px 80px 0px;\n  }\n}\n<\/style>\n<\/div>\n\t\t<\/div>\n\t\t\t\t\n<style>\n#col-467079879 > .col-inner {\n  padding: 0px 0px 0px 0px;\n  margin: 0px 0px 0px 0px;\n}\n<\/style>\n\t<\/div>\n\n\t\n\n<style>\n#row-77888650 > .col > .col-inner {\n  padding: 0px 0px 0px 0px;\n}\n@media (min-width:550px) {\n  #row-77888650 > .col > .col-inner {\n    padding: 0px 15px 0px 15px;\n  }\n}\n@media (min-width:850px) {\n  #row-77888650 > .col > .col-inner {\n    padding: 0px 0px 0px 0px;\n  }\n}\n<\/style>\n<\/div>\n\t\t<\/div>\n\n\t\t\n<style>\n#section_1057155374 {\n  padding-top: 0px;\n  padding-bottom: 0px;\n  margin-bottom: 0px;\n  background-color: #446084;\n}\n@media (min-width:550px) {\n  #section_1057155374 {\n    padding-top: 0px;\n    padding-bottom: 0px;\n  }\n}\n<\/style>\n\t<\/section>\n\t\n\n\t<section class=\"section\" id=\"section_384076472\">\n\t\t<div class=\"section-bg fill\" >\n\t\t\t\t\t\t\t\t\t\n\t\t\t\n\n\t\t<\/div>\n\n\t\t\n\n\t\t<div class=\"section-content relative\">\n\t\t\t\n<div class=\"row row-collapse align-middle\"  id=\"row-1144427195\">\n\n\t<div id=\"col-2130620304\" class=\"col small-12 large-12\"  >\n\t\t\t\t<div class=\"col-inner\"  >\n\t\t\t\n\t\t\t\n<div class=\"row row-collapse align-middle\"  id=\"row-435401718\">\n\n\t<div id=\"col-1061939189\" class=\"col medium-6 small-12 large-6\"  >\n\t\t\t\t<div class=\"col-inner text-center dark\" style=\"background-color:rgb(68, 96, 132);\" data-parallax-fade=\"true\" data-parallax=\"1\">\n\t\t\t\n\t\t\t\n\t<div id=\"gap-1228920440\" class=\"gap-element clearfix\" style=\"display:block; height:auto;\">\n\t\t\n<style>\n#gap-1228920440 {\n  padding-top: 30px;\n}\n@media (min-width:550px) {\n  #gap-1228920440 {\n    padding-top: 15px;\n  }\n}\n<\/style>\n\t<\/div>\n\t\n<h1 class=\"uppercase\"><strong>EuMark Set 01 c\u00f3mo utilizarlo<\/strong><\/h1>\n<p class=\"lead\">(\u00bfC\u00f3mo se utiliza?)<\/p>\n<div class=\"video-button-wrapper\" style=\"font-size:130%\"><a href=\"https:\/\/www.youtube.com\/watch?v=9DGvj9yAeXE\" class=\"button open-video icon circle is-outline is-xlarge\" role=\"button\" aria-label=\"Open video in lightbox\" data-flatsome-role-button><i class=\"icon-play\" aria-hidden=\"true\" style=\"font-size:1.5em;\"><\/i><\/a><\/div>\n\t<div id=\"gap-1768848428\" class=\"gap-element clearfix\" style=\"display:block; height:auto;\">\n\t\t\n<style>\n#gap-1768848428 {\n  padding-top: 15px;\n}\n<\/style>\n\t<\/div>\n\t\n\t\t<\/div>\n\t\t\t\t\n<style>\n#col-1061939189 > .col-inner {\n  padding: 30px 30px 10px 30px;\n}\n@media (min-width:550px) {\n  #col-1061939189 > .col-inner {\n    padding: 30px 30px 40px 60px;\n  }\n}\n@media (min-width:850px) {\n  #col-1061939189 > .col-inner {\n    padding: 60px 60px 30px 60px;\n  }\n}\n<\/style>\n\t<\/div>\n\n\t\n\n\t<div id=\"col-548573458\" class=\"col medium-6 small-12 large-6 small-col-first\"  >\n\t\t\t\t<div class=\"col-inner\"  >\n\t\t\t\n\t\t\t\n\t<div class=\"img has-hover how-image x md-x lg-x y md-y lg-y\" id=\"image_1687293895\">\n\t\t\t\t\t\t\t\t<div class=\"img-inner dark\" >\n\t\t\t<img loading=\"lazy\" decoding=\"async\" width=\"902\" height=\"1024\" src=\"https:\/\/eu-mark.com\/wp-content\/uploads\/2016\/12\/making_engraving-electrochemical_template-902x1024.jpg\" class=\"attachment-large size-large\" alt=\"\" srcset=\"https:\/\/eu-mark.com\/wp-content\/uploads\/2016\/12\/making_engraving-electrochemical_template-902x1024.jpg 902w, https:\/\/eu-mark.com\/wp-content\/uploads\/2016\/12\/making_engraving-electrochemical_template-264x300.jpg 264w, https:\/\/eu-mark.com\/wp-content\/uploads\/2016\/12\/making_engraving-electrochemical_template-768x872.jpg 768w, https:\/\/eu-mark.com\/wp-content\/uploads\/2016\/12\/making_engraving-electrochemical_template-510x579.jpg 510w, https:\/\/eu-mark.com\/wp-content\/uploads\/2016\/12\/making_engraving-electrochemical_template-e1724747496568.jpg 800w\" sizes=\"auto, (max-width: 902px) 100vw, 902px\" \/>\t\t\t\t\t\t\n\t\t\t\t\t<\/div>\n\t\t\t\t\t\t\t\t\n<style>\n#image_1687293895 {\n  width: 100%;\n}\n<\/style>\n\t<\/div>\n\t\n\t\t<\/div>\n\t\t\t\t\n<style>\n#col-548573458 > .col-inner {\n  padding: 0px 0px 0px 0px;\n  margin: 0px 0px 0px 0px;\n}\n<\/style>\n\t<\/div>\n\n\t\n\n<style>\n#row-435401718 > .col > .col-inner {\n  padding: 0px 0px 0px 0px;\n}\n@media (min-width:550px) {\n  #row-435401718 > .col > .col-inner {\n    padding: 80px 0px 80px 0px;\n  }\n}\n<\/style>\n<\/div>\n\t\t<\/div>\n\t\t\t\t\n<style>\n#col-2130620304 > .col-inner {\n  padding: 0px 0px 0px 0px;\n  margin: 0px 0px 0px 0px;\n}\n<\/style>\n\t<\/div>\n\n\t\n\n<style>\n#row-1144427195 > .col > .col-inner {\n  padding: 0px 0px 0px 0px;\n}\n@media (min-width:550px) {\n  #row-1144427195 > .col > .col-inner {\n    padding: 0px 15px 0px 15px;\n  }\n}\n@media (min-width:850px) {\n  #row-1144427195 > .col > .col-inner {\n    padding: 0px 0px 0px 0px;\n  }\n}\n<\/style>\n<\/div>\n\t\t<\/div>\n\n\t\t\n<style>\n#section_384076472 {\n  padding-top: 0px;\n  padding-bottom: 0px;\n  margin-bottom: 0px;\n  background-color: rgb(50, 70, 96);\n}\n<\/style>\n\t<\/section>\n\t\n","protected":false},"excerpt":{"rendered":"","protected":false},"author":2,"featured_media":0,"parent":0,"menu_order":0,"comment_status":"closed","ping_status":"closed","template":"page-blank.php","meta":{"footnotes":""},"class_list":["post-6527","page","type-page","status-publish","hentry"],"yoast_head":"<!-- This site is optimized with the Yoast SEO plugin v27.4 - https:\/\/yoast.com\/product\/yoast-seo-wordpress\/ -->\n<title>Grabado electroqu\u00edmico de superficies met\u00e1licas, m\u00e1quina de grabado electroqu\u00edmico<\/title>\n<meta name=\"description\" content=\"Una amplia gama de fabricantes utiliza el electromarcaje. El proceso se utiliza mucho para marcar cuchiller\u00eda, herramientas, machos de roscar, brocas, hojas de sierra y en las industrias del autom\u00f3vil y del aire. M\u00e1quina de grabado electroqu\u00edmico.\" \/>\n<meta name=\"robots\" content=\"index, follow, max-snippet:-1, max-image-preview:large, max-video-preview:-1\" \/>\n<link rel=\"canonical\" href=\"https:\/\/eu-mark.com\/es\/electrochemical-etching\/\" \/>\n<meta property=\"og:locale\" content=\"es_ES\" \/>\n<meta property=\"og:type\" content=\"article\" \/>\n<meta property=\"og:title\" content=\"Grabado electroqu\u00edmico de superficies met\u00e1licas, m\u00e1quina de grabado electroqu\u00edmico\" \/>\n<meta property=\"og:description\" content=\"Una amplia gama de fabricantes utiliza el electromarcaje. El proceso se utiliza mucho para marcar cuchiller\u00eda, herramientas, machos de roscar, brocas, hojas de sierra y en las industrias del autom\u00f3vil y del aire. M\u00e1quina de grabado electroqu\u00edmico.\" \/>\n<meta property=\"og:url\" content=\"https:\/\/eu-mark.com\/es\/electrochemical-etching\/\" \/>\n<meta property=\"og:site_name\" content=\"Electrochemical marking etching\" \/>\n<meta property=\"article:publisher\" content=\"https:\/\/www.facebook.com\/eumark.de\/\" \/>\n<meta property=\"article:modified_time\" content=\"2025-01-27T09:35:20+00:00\" \/>\n<meta property=\"og:image\" content=\"https:\/\/eu-mark.com\/wp-content\/uploads\/2024\/02\/marking_engraving-electrochemical_template02-e1707574167675.webp\" \/>\n\t<meta property=\"og:image:width\" content=\"600\" \/>\n\t<meta property=\"og:image:height\" content=\"681\" \/>\n\t<meta property=\"og:image:type\" content=\"image\/webp\" \/>\n<meta name=\"twitter:card\" content=\"summary_large_image\" \/>\n<meta name=\"twitter:label1\" content=\"Tiempo de lectura\" \/>\n\t<meta name=\"twitter:data1\" content=\"2 minutos\" \/>\n<script type=\"application\/ld+json\" class=\"yoast-schema-graph\">{\"@context\":\"https:\\\/\\\/schema.org\",\"@graph\":[{\"@type\":\"WebPage\",\"@id\":\"https:\\\/\\\/eu-mark.com\\\/es\\\/electrochemical-etching\\\/\",\"url\":\"https:\\\/\\\/eu-mark.com\\\/es\\\/electrochemical-etching\\\/\",\"name\":\"Grabado electroqu\u00edmico de superficies met\u00e1licas, m\u00e1quina de grabado electroqu\u00edmico\",\"isPartOf\":{\"@id\":\"https:\\\/\\\/eu-mark.com\\\/es\\\/#website\"},\"datePublished\":\"2017-01-21T12:14:37+00:00\",\"dateModified\":\"2025-01-27T09:35:20+00:00\",\"description\":\"Una amplia gama de fabricantes utiliza el electromarcaje. El proceso se utiliza mucho para marcar cuchiller\u00eda, herramientas, machos de roscar, brocas, hojas de sierra y en las industrias del autom\u00f3vil y del aire. M\u00e1quina de grabado electroqu\u00edmico.\",\"breadcrumb\":{\"@id\":\"https:\\\/\\\/eu-mark.com\\\/es\\\/electrochemical-etching\\\/#breadcrumb\"},\"inLanguage\":\"es\",\"potentialAction\":[{\"@type\":\"ReadAction\",\"target\":[\"https:\\\/\\\/eu-mark.com\\\/es\\\/electrochemical-etching\\\/\"]}]},{\"@type\":\"BreadcrumbList\",\"@id\":\"https:\\\/\\\/eu-mark.com\\\/es\\\/electrochemical-etching\\\/#breadcrumb\",\"itemListElement\":[{\"@type\":\"ListItem\",\"position\":1,\"name\":\"Inicio\",\"item\":\"https:\\\/\\\/eu-mark.com\\\/es\\\/home\\\/\"},{\"@type\":\"ListItem\",\"position\":2,\"name\":\"C\u00f3mo\"}]},{\"@type\":\"WebSite\",\"@id\":\"https:\\\/\\\/eu-mark.com\\\/es\\\/#website\",\"url\":\"https:\\\/\\\/eu-mark.com\\\/es\\\/\",\"name\":\"eu-mark.com\",\"description\":\"Electrochemical marking etching\",\"publisher\":{\"@id\":\"https:\\\/\\\/eu-mark.com\\\/es\\\/#organization\"},\"potentialAction\":[{\"@type\":\"SearchAction\",\"target\":{\"@type\":\"EntryPoint\",\"urlTemplate\":\"https:\\\/\\\/eu-mark.com\\\/es\\\/?s={search_term_string}\"},\"query-input\":{\"@type\":\"PropertyValueSpecification\",\"valueRequired\":true,\"valueName\":\"search_term_string\"}}],\"inLanguage\":\"es\"},{\"@type\":\"Organization\",\"@id\":\"https:\\\/\\\/eu-mark.com\\\/es\\\/#organization\",\"name\":\"EUMARK\",\"url\":\"https:\\\/\\\/eu-mark.com\\\/es\\\/\",\"logo\":{\"@type\":\"ImageObject\",\"inLanguage\":\"es\",\"@id\":\"https:\\\/\\\/eu-mark.com\\\/es\\\/#\\\/schema\\\/logo\\\/image\\\/\",\"url\":\"https:\\\/\\\/eu-mark.com\\\/wp-content\\\/uploads\\\/2025\\\/02\\\/eumark-logo-samo-EU-2018_06_19-10_17_06-UTC.jpg\",\"contentUrl\":\"https:\\\/\\\/eu-mark.com\\\/wp-content\\\/uploads\\\/2025\\\/02\\\/eumark-logo-samo-EU-2018_06_19-10_17_06-UTC.jpg\",\"width\":264,\"height\":268,\"caption\":\"EUMARK\"},\"image\":{\"@id\":\"https:\\\/\\\/eu-mark.com\\\/es\\\/#\\\/schema\\\/logo\\\/image\\\/\"},\"sameAs\":[\"https:\\\/\\\/www.facebook.com\\\/eumark.de\\\/\",\"https:\\\/\\\/www.youtube.com\\\/channel\\\/UCehJsM6xcqIQLzp0y9MjYPg\",\"https:\\\/\\\/www.linkedin.com\\\/company\\\/eumark\\\/\",\"https:\\\/\\\/www.instagram.com\\\/eumark_de\"]}]}<\/script>\n<!-- \/ Yoast SEO plugin. -->","yoast_head_json":{"title":"Grabado electroqu\u00edmico de superficies met\u00e1licas, m\u00e1quina de grabado electroqu\u00edmico","description":"Una amplia gama de fabricantes utiliza el electromarcaje. El proceso se utiliza mucho para marcar cuchiller\u00eda, herramientas, machos de roscar, brocas, hojas de sierra y en las industrias del autom\u00f3vil y del aire. M\u00e1quina de grabado electroqu\u00edmico.","robots":{"index":"index","follow":"follow","max-snippet":"max-snippet:-1","max-image-preview":"max-image-preview:large","max-video-preview":"max-video-preview:-1"},"canonical":"https:\/\/eu-mark.com\/es\/electrochemical-etching\/","og_locale":"es_ES","og_type":"article","og_title":"Grabado electroqu\u00edmico de superficies met\u00e1licas, m\u00e1quina de grabado electroqu\u00edmico","og_description":"Una amplia gama de fabricantes utiliza el electromarcaje. El proceso se utiliza mucho para marcar cuchiller\u00eda, herramientas, machos de roscar, brocas, hojas de sierra y en las industrias del autom\u00f3vil y del aire. M\u00e1quina de grabado electroqu\u00edmico.","og_url":"https:\/\/eu-mark.com\/es\/electrochemical-etching\/","og_site_name":"Electrochemical marking etching","article_publisher":"https:\/\/www.facebook.com\/eumark.de\/","article_modified_time":"2025-01-27T09:35:20+00:00","og_image":[{"width":600,"height":681,"url":"https:\/\/eu-mark.com\/wp-content\/uploads\/2024\/02\/marking_engraving-electrochemical_template02-e1707574167675.webp","type":"image\/webp"}],"twitter_card":"summary_large_image","twitter_misc":{"Tiempo de lectura":"2 minutos"},"schema":{"@context":"https:\/\/schema.org","@graph":[{"@type":"WebPage","@id":"https:\/\/eu-mark.com\/es\/electrochemical-etching\/","url":"https:\/\/eu-mark.com\/es\/electrochemical-etching\/","name":"Grabado electroqu\u00edmico de superficies met\u00e1licas, m\u00e1quina de grabado electroqu\u00edmico","isPartOf":{"@id":"https:\/\/eu-mark.com\/es\/#website"},"datePublished":"2017-01-21T12:14:37+00:00","dateModified":"2025-01-27T09:35:20+00:00","description":"Una amplia gama de fabricantes utiliza el electromarcaje. El proceso se utiliza mucho para marcar cuchiller\u00eda, herramientas, machos de roscar, brocas, hojas de sierra y en las industrias del autom\u00f3vil y del aire. M\u00e1quina de grabado electroqu\u00edmico.","breadcrumb":{"@id":"https:\/\/eu-mark.com\/es\/electrochemical-etching\/#breadcrumb"},"inLanguage":"es","potentialAction":[{"@type":"ReadAction","target":["https:\/\/eu-mark.com\/es\/electrochemical-etching\/"]}]},{"@type":"BreadcrumbList","@id":"https:\/\/eu-mark.com\/es\/electrochemical-etching\/#breadcrumb","itemListElement":[{"@type":"ListItem","position":1,"name":"Inicio","item":"https:\/\/eu-mark.com\/es\/home\/"},{"@type":"ListItem","position":2,"name":"C\u00f3mo"}]},{"@type":"WebSite","@id":"https:\/\/eu-mark.com\/es\/#website","url":"https:\/\/eu-mark.com\/es\/","name":"eu-mark.com","description":"Electrochemical marking etching","publisher":{"@id":"https:\/\/eu-mark.com\/es\/#organization"},"potentialAction":[{"@type":"SearchAction","target":{"@type":"EntryPoint","urlTemplate":"https:\/\/eu-mark.com\/es\/?s={search_term_string}"},"query-input":{"@type":"PropertyValueSpecification","valueRequired":true,"valueName":"search_term_string"}}],"inLanguage":"es"},{"@type":"Organization","@id":"https:\/\/eu-mark.com\/es\/#organization","name":"EUMARK","url":"https:\/\/eu-mark.com\/es\/","logo":{"@type":"ImageObject","inLanguage":"es","@id":"https:\/\/eu-mark.com\/es\/#\/schema\/logo\/image\/","url":"https:\/\/eu-mark.com\/wp-content\/uploads\/2025\/02\/eumark-logo-samo-EU-2018_06_19-10_17_06-UTC.jpg","contentUrl":"https:\/\/eu-mark.com\/wp-content\/uploads\/2025\/02\/eumark-logo-samo-EU-2018_06_19-10_17_06-UTC.jpg","width":264,"height":268,"caption":"EUMARK"},"image":{"@id":"https:\/\/eu-mark.com\/es\/#\/schema\/logo\/image\/"},"sameAs":["https:\/\/www.facebook.com\/eumark.de\/","https:\/\/www.youtube.com\/channel\/UCehJsM6xcqIQLzp0y9MjYPg","https:\/\/www.linkedin.com\/company\/eumark\/","https:\/\/www.instagram.com\/eumark_de"]}]}},"_links":{"self":[{"href":"https:\/\/eu-mark.com\/es\/wp-json\/wp\/v2\/pages\/6527","targetHints":{"allow":["GET"]}}],"collection":[{"href":"https:\/\/eu-mark.com\/es\/wp-json\/wp\/v2\/pages"}],"about":[{"href":"https:\/\/eu-mark.com\/es\/wp-json\/wp\/v2\/types\/page"}],"author":[{"embeddable":true,"href":"https:\/\/eu-mark.com\/es\/wp-json\/wp\/v2\/users\/2"}],"replies":[{"embeddable":true,"href":"https:\/\/eu-mark.com\/es\/wp-json\/wp\/v2\/comments?post=6527"}],"version-history":[{"count":0,"href":"https:\/\/eu-mark.com\/es\/wp-json\/wp\/v2\/pages\/6527\/revisions"}],"wp:attachment":[{"href":"https:\/\/eu-mark.com\/es\/wp-json\/wp\/v2\/media?parent=6527"}],"curies":[{"name":"wp","href":"https:\/\/api.w.org\/{rel}","templated":true}]}}