{"id":6538,"date":"2021-08-17T11:18:28","date_gmt":"2021-08-17T11:18:28","guid":{"rendered":"https:\/\/eu-mark.com\/product\/m21-electrolito-para-marcaje-electroquimico-500ml-16-9-fl-oz\/"},"modified":"2021-08-17T11:18:28","modified_gmt":"2021-08-17T11:18:28","slug":"m21-electrolito-para-marcaje-electroquimico-500ml-16-9-fl-oz","status":"publish","type":"product","link":"https:\/\/eu-mark.com\/es\/product\/m21-electrolito-para-marcaje-electroquimico-500ml-16-9-fl-oz\/","title":{"rendered":"M21 Electrolito para marcaje electroqu\u00edmico 500ml 16.9 fl. oz."},"content":{"rendered":"<p><a href=\"https:\/\/eu-mark.com\/es\/lograr-marcas-notables-con-los-electrolitos-eumark-desatando-el-poder-de-la-excelencia\/\">El M21 es muy bueno para marcar muchas veces con la misma humectaci\u00f3n del fieltro, posee capacidad de autolimpieza.<\/a><\/p>\n<p><a href=\"https:\/\/eumark.biz\/en-us\/blogs\/news\/achieving-remarkable-marks-with-eumark-electrolytes-unleashing-the-power-of-excellence\"><strong>M21: Excelencia constante con capacidad de autolimpieza<\/strong><\/a><\/p>\n<p>El electrolito M21 de Eumark destaca como la mejor opci\u00f3n para conseguir marcas notables y constantes en m\u00faltiples aplicaciones. Con sus excelentes propiedades humectantes sobre superficies de fieltro, el M21 garantiza un marcado uniforme y preciso en todo momento. Para mejorar su ya impresionante rendimiento, aplicar una fina capa de aceite con un pa\u00f1o despu\u00e9s de marcar da como resultado marcas a\u00fan m\u00e1s excepcionales. La M21 es adecuada para una amplia gama de materiales, como acero inoxidable, acero y superficies niqueladas. Con M21, puedes conseguir sin esfuerzo marcas excepcionales que dejen una impresi\u00f3n duradera.    <\/p>\n","protected":false},"excerpt":{"rendered":"<p>M21 es muy bueno para muchos tiempos de marcado con la misma humectaci\u00f3n del fieltro, posee capacidad de autolimpieza<\/p>\n<p>Env\u00edo GRATUITO a todo el mundo<\/p>\n<p>tarjeta de d\u00e9bito o cr\u00e9dito proceder con PayPal en el pago<\/p>\n<p>No es necesario tener cuenta PayPal<\/p>\n","protected":false},"featured_media":6397,"comment_status":"open","ping_status":"closed","template":"","meta":[],"product_brand":[],"product_cat":[78],"product_tag":[76,71,74,75,72],"class_list":{"0":"post-6538","1":"product","2":"type-product","3":"status-publish","4":"has-post-thumbnail","6":"product_cat-productos-quimicos","7":"product_tag-acero","8":"product_tag-electroquimico","9":"product_tag-grabado","10":"product_tag-maquina","11":"product_tag-marcado","13":"first","14":"instock","15":"shipping-taxable","16":"purchasable","17":"product-type-simple"},"yoast_head":"<!-- This site is optimized with the Yoast SEO plugin v27.4 - https:\/\/yoast.com\/product\/yoast-seo-wordpress\/ -->\n<title>M21: Excelencia constante con capacidad de autolimpieza<\/title>\n<meta name=\"description\" content=\"M21: Excelencia constante con capacidad de autolimpieza, con sus excelentes propiedades de humectaci\u00f3n de superficies, garantiza una marca uniforme y precisa en todo momento. Electrochemical marking etching\" \/>\n<meta name=\"robots\" content=\"index, follow, max-snippet:-1, max-image-preview:large, max-video-preview:-1\" \/>\n<link rel=\"canonical\" href=\"https:\/\/eu-mark.com\/es\/product\/m21-electrolito-para-marcaje-electroquimico-500ml-16-9-fl-oz\/\" \/>\n<meta property=\"og:locale\" content=\"es_ES\" \/>\n<meta property=\"og:type\" content=\"article\" \/>\n<meta property=\"og:title\" content=\"M21: Excelencia constante con capacidad de autolimpieza\" \/>\n<meta property=\"og:description\" content=\"M21: Excelencia constante con capacidad de autolimpieza, con sus excelentes propiedades de humectaci\u00f3n de superficies, garantiza una marca uniforme y precisa en todo momento. Electrochemical marking etching\" \/>\n<meta property=\"og:url\" content=\"https:\/\/eu-mark.com\/es\/product\/m21-electrolito-para-marcaje-electroquimico-500ml-16-9-fl-oz\/\" \/>\n<meta property=\"og:site_name\" content=\"Electrochemical marking etching\" \/>\n<meta property=\"article:publisher\" content=\"https:\/\/www.facebook.com\/eumark.de\/\" \/>\n<meta property=\"og:image\" content=\"https:\/\/eu-mark.com\/wp-content\/uploads\/2023\/08\/eumark_marking_engraving_electrolyte_fluid_11.jpg\" \/>\n\t<meta property=\"og:image:width\" content=\"1000\" \/>\n\t<meta property=\"og:image:height\" content=\"1000\" \/>\n\t<meta property=\"og:image:type\" content=\"image\/jpeg\" \/>\n<meta name=\"twitter:card\" content=\"summary_large_image\" \/>\n<meta name=\"twitter:label1\" content=\"Tiempo de lectura\" \/>\n\t<meta name=\"twitter:data1\" content=\"1 minuto\" \/>\n<script type=\"application\/ld+json\" class=\"yoast-schema-graph\">{\"@context\":\"https:\\\/\\\/schema.org\",\"@graph\":[{\"@type\":\"WebPage\",\"@id\":\"https:\\\/\\\/eu-mark.com\\\/es\\\/product\\\/m21-electrolito-para-marcaje-electroquimico-500ml-16-9-fl-oz\\\/\",\"url\":\"https:\\\/\\\/eu-mark.com\\\/es\\\/product\\\/m21-electrolito-para-marcaje-electroquimico-500ml-16-9-fl-oz\\\/\",\"name\":\"M21: Excelencia constante con capacidad de autolimpieza\",\"isPartOf\":{\"@id\":\"https:\\\/\\\/eu-mark.com\\\/es\\\/#website\"},\"primaryImageOfPage\":{\"@id\":\"https:\\\/\\\/eu-mark.com\\\/es\\\/product\\\/m21-electrolito-para-marcaje-electroquimico-500ml-16-9-fl-oz\\\/#primaryimage\"},\"image\":{\"@id\":\"https:\\\/\\\/eu-mark.com\\\/es\\\/product\\\/m21-electrolito-para-marcaje-electroquimico-500ml-16-9-fl-oz\\\/#primaryimage\"},\"thumbnailUrl\":\"https:\\\/\\\/eu-mark.com\\\/wp-content\\\/uploads\\\/2023\\\/08\\\/eumark_marking_engraving_electrolyte_fluid_11.jpg\",\"datePublished\":\"2021-08-17T11:18:28+00:00\",\"description\":\"M21: Excelencia constante con capacidad de autolimpieza, con sus excelentes propiedades de humectaci\u00f3n de superficies, garantiza una marca uniforme y precisa en todo momento. Electrochemical marking etching\",\"breadcrumb\":{\"@id\":\"https:\\\/\\\/eu-mark.com\\\/es\\\/product\\\/m21-electrolito-para-marcaje-electroquimico-500ml-16-9-fl-oz\\\/#breadcrumb\"},\"inLanguage\":\"es\",\"potentialAction\":[{\"@type\":\"ReadAction\",\"target\":[\"https:\\\/\\\/eu-mark.com\\\/es\\\/product\\\/m21-electrolito-para-marcaje-electroquimico-500ml-16-9-fl-oz\\\/\"]}]},{\"@type\":\"ImageObject\",\"inLanguage\":\"es\",\"@id\":\"https:\\\/\\\/eu-mark.com\\\/es\\\/product\\\/m21-electrolito-para-marcaje-electroquimico-500ml-16-9-fl-oz\\\/#primaryimage\",\"url\":\"https:\\\/\\\/eu-mark.com\\\/wp-content\\\/uploads\\\/2023\\\/08\\\/eumark_marking_engraving_electrolyte_fluid_11.jpg\",\"contentUrl\":\"https:\\\/\\\/eu-mark.com\\\/wp-content\\\/uploads\\\/2023\\\/08\\\/eumark_marking_engraving_electrolyte_fluid_11.jpg\",\"width\":1000,\"height\":1000},{\"@type\":\"BreadcrumbList\",\"@id\":\"https:\\\/\\\/eu-mark.com\\\/es\\\/product\\\/m21-electrolito-para-marcaje-electroquimico-500ml-16-9-fl-oz\\\/#breadcrumb\",\"itemListElement\":[{\"@type\":\"ListItem\",\"position\":1,\"name\":\"Inicio\",\"item\":\"https:\\\/\\\/eu-mark.com\\\/es\\\/home\\\/\"},{\"@type\":\"ListItem\",\"position\":2,\"name\":\"Tienda\",\"item\":\"https:\\\/\\\/eu-mark.com\\\/es\\\/tienda\\\/\"},{\"@type\":\"ListItem\",\"position\":3,\"name\":\"M21 Electrolito para marcaje electroqu\u00edmico 500ml 16.9 fl. oz.\"}]},{\"@type\":\"WebSite\",\"@id\":\"https:\\\/\\\/eu-mark.com\\\/es\\\/#website\",\"url\":\"https:\\\/\\\/eu-mark.com\\\/es\\\/\",\"name\":\"eu-mark.com\",\"description\":\"Electrochemical marking etching\",\"publisher\":{\"@id\":\"https:\\\/\\\/eu-mark.com\\\/es\\\/#organization\"},\"potentialAction\":[{\"@type\":\"SearchAction\",\"target\":{\"@type\":\"EntryPoint\",\"urlTemplate\":\"https:\\\/\\\/eu-mark.com\\\/es\\\/?s={search_term_string}\"},\"query-input\":{\"@type\":\"PropertyValueSpecification\",\"valueRequired\":true,\"valueName\":\"search_term_string\"}}],\"inLanguage\":\"es\"},{\"@type\":\"Organization\",\"@id\":\"https:\\\/\\\/eu-mark.com\\\/es\\\/#organization\",\"name\":\"EUMARK\",\"url\":\"https:\\\/\\\/eu-mark.com\\\/es\\\/\",\"logo\":{\"@type\":\"ImageObject\",\"inLanguage\":\"es\",\"@id\":\"https:\\\/\\\/eu-mark.com\\\/es\\\/#\\\/schema\\\/logo\\\/image\\\/\",\"url\":\"https:\\\/\\\/eu-mark.com\\\/wp-content\\\/uploads\\\/2025\\\/02\\\/eumark-logo-samo-EU-2018_06_19-10_17_06-UTC.jpg\",\"contentUrl\":\"https:\\\/\\\/eu-mark.com\\\/wp-content\\\/uploads\\\/2025\\\/02\\\/eumark-logo-samo-EU-2018_06_19-10_17_06-UTC.jpg\",\"width\":264,\"height\":268,\"caption\":\"EUMARK\"},\"image\":{\"@id\":\"https:\\\/\\\/eu-mark.com\\\/es\\\/#\\\/schema\\\/logo\\\/image\\\/\"},\"sameAs\":[\"https:\\\/\\\/www.facebook.com\\\/eumark.de\\\/\",\"https:\\\/\\\/www.youtube.com\\\/channel\\\/UCehJsM6xcqIQLzp0y9MjYPg\",\"https:\\\/\\\/www.linkedin.com\\\/company\\\/eumark\\\/\",\"https:\\\/\\\/www.instagram.com\\\/eumark_de\"]}]}<\/script>\n<!-- \/ Yoast SEO plugin. -->","yoast_head_json":{"title":"M21: Excelencia constante con capacidad de autolimpieza","description":"M21: Excelencia constante con capacidad de autolimpieza, con sus excelentes propiedades de humectaci\u00f3n de superficies, garantiza una marca uniforme y precisa en todo momento. Electrochemical marking etching","robots":{"index":"index","follow":"follow","max-snippet":"max-snippet:-1","max-image-preview":"max-image-preview:large","max-video-preview":"max-video-preview:-1"},"canonical":"https:\/\/eu-mark.com\/es\/product\/m21-electrolito-para-marcaje-electroquimico-500ml-16-9-fl-oz\/","og_locale":"es_ES","og_type":"article","og_title":"M21: Excelencia constante con capacidad de autolimpieza","og_description":"M21: Excelencia constante con capacidad de autolimpieza, con sus excelentes propiedades de humectaci\u00f3n de superficies, garantiza una marca uniforme y precisa en todo momento. Electrochemical marking etching","og_url":"https:\/\/eu-mark.com\/es\/product\/m21-electrolito-para-marcaje-electroquimico-500ml-16-9-fl-oz\/","og_site_name":"Electrochemical marking etching","article_publisher":"https:\/\/www.facebook.com\/eumark.de\/","og_image":[{"width":1000,"height":1000,"url":"https:\/\/eu-mark.com\/wp-content\/uploads\/2023\/08\/eumark_marking_engraving_electrolyte_fluid_11.jpg","type":"image\/jpeg"}],"twitter_card":"summary_large_image","twitter_misc":{"Tiempo de lectura":"1 minuto"},"schema":{"@context":"https:\/\/schema.org","@graph":[{"@type":"WebPage","@id":"https:\/\/eu-mark.com\/es\/product\/m21-electrolito-para-marcaje-electroquimico-500ml-16-9-fl-oz\/","url":"https:\/\/eu-mark.com\/es\/product\/m21-electrolito-para-marcaje-electroquimico-500ml-16-9-fl-oz\/","name":"M21: Excelencia constante con capacidad de autolimpieza","isPartOf":{"@id":"https:\/\/eu-mark.com\/es\/#website"},"primaryImageOfPage":{"@id":"https:\/\/eu-mark.com\/es\/product\/m21-electrolito-para-marcaje-electroquimico-500ml-16-9-fl-oz\/#primaryimage"},"image":{"@id":"https:\/\/eu-mark.com\/es\/product\/m21-electrolito-para-marcaje-electroquimico-500ml-16-9-fl-oz\/#primaryimage"},"thumbnailUrl":"https:\/\/eu-mark.com\/wp-content\/uploads\/2023\/08\/eumark_marking_engraving_electrolyte_fluid_11.jpg","datePublished":"2021-08-17T11:18:28+00:00","description":"M21: Excelencia constante con capacidad de autolimpieza, con sus excelentes propiedades de humectaci\u00f3n de superficies, garantiza una marca uniforme y precisa en todo momento. Electrochemical marking etching","breadcrumb":{"@id":"https:\/\/eu-mark.com\/es\/product\/m21-electrolito-para-marcaje-electroquimico-500ml-16-9-fl-oz\/#breadcrumb"},"inLanguage":"es","potentialAction":[{"@type":"ReadAction","target":["https:\/\/eu-mark.com\/es\/product\/m21-electrolito-para-marcaje-electroquimico-500ml-16-9-fl-oz\/"]}]},{"@type":"ImageObject","inLanguage":"es","@id":"https:\/\/eu-mark.com\/es\/product\/m21-electrolito-para-marcaje-electroquimico-500ml-16-9-fl-oz\/#primaryimage","url":"https:\/\/eu-mark.com\/wp-content\/uploads\/2023\/08\/eumark_marking_engraving_electrolyte_fluid_11.jpg","contentUrl":"https:\/\/eu-mark.com\/wp-content\/uploads\/2023\/08\/eumark_marking_engraving_electrolyte_fluid_11.jpg","width":1000,"height":1000},{"@type":"BreadcrumbList","@id":"https:\/\/eu-mark.com\/es\/product\/m21-electrolito-para-marcaje-electroquimico-500ml-16-9-fl-oz\/#breadcrumb","itemListElement":[{"@type":"ListItem","position":1,"name":"Inicio","item":"https:\/\/eu-mark.com\/es\/home\/"},{"@type":"ListItem","position":2,"name":"Tienda","item":"https:\/\/eu-mark.com\/es\/tienda\/"},{"@type":"ListItem","position":3,"name":"M21 Electrolito para marcaje electroqu\u00edmico 500ml 16.9 fl. oz."}]},{"@type":"WebSite","@id":"https:\/\/eu-mark.com\/es\/#website","url":"https:\/\/eu-mark.com\/es\/","name":"eu-mark.com","description":"Electrochemical marking etching","publisher":{"@id":"https:\/\/eu-mark.com\/es\/#organization"},"potentialAction":[{"@type":"SearchAction","target":{"@type":"EntryPoint","urlTemplate":"https:\/\/eu-mark.com\/es\/?s={search_term_string}"},"query-input":{"@type":"PropertyValueSpecification","valueRequired":true,"valueName":"search_term_string"}}],"inLanguage":"es"},{"@type":"Organization","@id":"https:\/\/eu-mark.com\/es\/#organization","name":"EUMARK","url":"https:\/\/eu-mark.com\/es\/","logo":{"@type":"ImageObject","inLanguage":"es","@id":"https:\/\/eu-mark.com\/es\/#\/schema\/logo\/image\/","url":"https:\/\/eu-mark.com\/wp-content\/uploads\/2025\/02\/eumark-logo-samo-EU-2018_06_19-10_17_06-UTC.jpg","contentUrl":"https:\/\/eu-mark.com\/wp-content\/uploads\/2025\/02\/eumark-logo-samo-EU-2018_06_19-10_17_06-UTC.jpg","width":264,"height":268,"caption":"EUMARK"},"image":{"@id":"https:\/\/eu-mark.com\/es\/#\/schema\/logo\/image\/"},"sameAs":["https:\/\/www.facebook.com\/eumark.de\/","https:\/\/www.youtube.com\/channel\/UCehJsM6xcqIQLzp0y9MjYPg","https:\/\/www.linkedin.com\/company\/eumark\/","https:\/\/www.instagram.com\/eumark_de"]}]}},"_links":{"self":[{"href":"https:\/\/eu-mark.com\/es\/wp-json\/wp\/v2\/product\/6538","targetHints":{"allow":["GET"]}}],"collection":[{"href":"https:\/\/eu-mark.com\/es\/wp-json\/wp\/v2\/product"}],"about":[{"href":"https:\/\/eu-mark.com\/es\/wp-json\/wp\/v2\/types\/product"}],"replies":[{"embeddable":true,"href":"https:\/\/eu-mark.com\/es\/wp-json\/wp\/v2\/comments?post=6538"}],"wp:featuredmedia":[{"embeddable":true,"href":"https:\/\/eu-mark.com\/es\/wp-json\/wp\/v2\/media\/6397"}],"wp:attachment":[{"href":"https:\/\/eu-mark.com\/es\/wp-json\/wp\/v2\/media?parent=6538"}],"wp:term":[{"taxonomy":"product_brand","embeddable":true,"href":"https:\/\/eu-mark.com\/es\/wp-json\/wp\/v2\/product_brand?post=6538"},{"taxonomy":"product_cat","embeddable":true,"href":"https:\/\/eu-mark.com\/es\/wp-json\/wp\/v2\/product_cat?post=6538"},{"taxonomy":"product_tag","embeddable":true,"href":"https:\/\/eu-mark.com\/es\/wp-json\/wp\/v2\/product_tag?post=6538"}],"curies":[{"name":"wp","href":"https:\/\/api.w.org\/{rel}","templated":true}]}}