{"id":6555,"date":"2022-01-25T11:46:39","date_gmt":"2022-01-25T11:46:39","guid":{"rendered":"https:\/\/eu-mark.com\/product\/maquina-de-grabado-y-marcado-electroquimico-eumark-set-06-compacta-con-impresora-de-plantillas\/"},"modified":"2022-01-25T11:46:39","modified_gmt":"2022-01-25T11:46:39","slug":"maquina-de-grabado-y-marcado-electroquimico-eumark-set-06-compacta-con-impresora-de-plantillas","status":"publish","type":"product","link":"https:\/\/eu-mark.com\/es\/product\/maquina-de-grabado-y-marcado-electroquimico-eumark-set-06-compacta-con-impresora-de-plantillas\/","title":{"rendered":"M\u00e1quina de grabado y marcado electroqu\u00edmico EUmark set 06 compacta con impresora de plantillas"},"content":{"rendered":"<h1 style=\"text-align: center;\">Marcado grabado metal. Marcado de piezas met\u00e1licas con tu logotipo o n\u00famero de serie. <\/h1>\n<p>R\u00e1pido y f\u00e1cil de marcar la superficie met\u00e1lica con tu logotipo personalizado, texto, etc. Funcionamiento de 110\/220 V con protecci\u00f3n por fusible, tambi\u00e9n con fusible t\u00e9rmico. Si necesitas plantillas fotogr\u00e1ficas de larga duraci\u00f3n o plantillas r\u00e1pidas y baratas, ponte en contacto con nosotros. El Juego 06 de marcaje UE contiene:    <em><b>M\u00e1quina, cables, sello manual, impresora est\u00e9ncil P58D, muestra de electrolito M21 o M22, muestra de est\u00e9ncil de larga duraci\u00f3n, tambi\u00e9n una cinta de est\u00e9ncil para impresora est\u00e9ncil. Software para PC, android e iPhone incluido. <\/b><\/em><\/p>\n<p><em><strong>1. <a href=\"https:\/\/eu-mark.com\/es\/electrochemical-etching-machine\/\">\u00bfQu\u00e9 es el marcado electroqu\u00edmico?<\/a><\/strong><\/em>  El marcado electroqu\u00edmico es el grabado electroqu\u00edmico de superficies met\u00e1licas mediante una peque\u00f1a cantidad de corriente el\u00e9ctrica, un electrolito, un marcador con almohadilla para contener el electrolito y transportar la corriente y una plantilla con la imagen deseada. <em><strong>2. <a href=\"https:\/\/eumark.biz\/blogs\/news\/achieving-remarkable-marks-with-eumark-electrolytes-unleashing-the-power-of-excellence\">Datos sobre el marcado electroqu\u00edmico<\/a><\/strong> <\/em>(r\u00e1pido, barato, sencillo, seguro y de alta calidad) El marcado electroqu\u00edmico es la t\u00e9cnica m\u00e1s r\u00e1pida para el marcado permanente de superficies met\u00e1licas conductoras. Produce una marca n\u00edtida, limpia, atractiva y econ\u00f3mica, sin da\u00f1ar, estresar ni deformar la pieza marcada. La impresi\u00f3n es duradera y sin bordes. No se produce corrosi\u00f3n ni ning\u00fan otro efecto negativo sobre el material. El proceso dura s\u00f3lo unos segundos y las marcas tienen una profundidad de unos 0,025 mm. Seg\u00fan la funci\u00f3n y el electrolito seleccionados, puedes conseguir marcas de grabado claras, marcas de \u00f3xido negro o marcas blancas en componentes ennegrecidos qu\u00edmicamente. La forma de la pieza puede ser plana, redonda, maciza o hueca, ensamblada o sin ensamblar. El equipo es muy fiable, duradero y se adapta a muchas necesidades industriales. Todo el proceso es muy sencillo, no requiere mucho espacio, puede realizarse durante la fabricaci\u00f3n o antes de la entrega, no requiere ninguna formaci\u00f3n especial y es muy seguro.<\/p>\n<p><em><strong>3. <a href=\"https:\/\/eu-mark.com\/es\/ventajas-del-grabado-electroquimico\/\">\u00bfD\u00f3nde puedes utilizar el marcado electroqu\u00edmico?<\/a><\/strong><\/em>  Una amplia gama de fabricantes utiliza el electromarcado. El proceso se utiliza mucho para marcar cuchiller\u00eda, herramientas, machos de roscar, taladros, hojas de sierra y en las industrias del autom\u00f3vil y del aire. Tambi\u00e9n las peque\u00f1as empresas, los aficionados y los artistas pueden utilizar el electromarcado.  <\/p>\n<p><strong>4. Equipo de marcado electroqu\u00edmico:<\/strong><\/p>\n<ul>\n<li><strong><em>Dispositivo de marcado.<\/em> <\/strong>Esta unidad la puedes encontrar en m\u00e1s variantes dependiendo del tama\u00f1o y las necesidades espec\u00edficas. Los modelos b\u00e1sicos se diferencian por los posibles modos de funcionamiento, los controladores para funcionamiento autom\u00e1tico o semiautom\u00e1tico, etc. <\/li>\n<li><em><strong>Marcador con almohadilla Los marcadores<\/strong><\/em> con almohadilla pueden ser de funcionamiento manual, semiautom\u00e1tico y autom\u00e1tico. Sirven para sujetar la plantilla, el suministro de electrolito y cerrar un circuito el\u00e9ctrico para marcar la pieza. <\/li>\n<li><a href=\"https:\/\/eu-mark.com\/es\/dominar-el-arte-del-marcado-electroquimico-grabado-mejorar-la-calidad-del-estencil\/\"><em><strong>Plantilla Peque\u00f1a<\/strong><\/em><\/a>, pieza fina de material especial que contiene el dise\u00f1o requerido. Existen dos modelos b\u00e1sicos: est\u00e9ncil de larga duraci\u00f3n con alta resoluci\u00f3n (puede utilizarse hasta 5000 marcas) y est\u00e9ncil corto (r\u00e1pido) para marcar r\u00e1pidamente en series peque\u00f1as. <\/li>\n<li><em><strong><a href=\"https:\/\/eu-mark.com\/es\/lograr-marcas-notables-con-los-electrolitos-eumark-desatando-el-poder-de-la-excelencia\/\">Electrolito<\/a>.<\/strong> <\/em>Estas soluciones salinas inocuas se utilizan para la conducci\u00f3n de la corriente y los productos qu\u00edmicos necesarios para aclarar cada marca o las marcas de \u00f3xido blanco o negro. a. Limpiador Estas soluciones se utilizan para eliminar el resto del electrolito despu\u00e9s del marcado con el fin de reducir la corrosi\u00f3n.  <\/li>\n<\/ul>\n<table width=\"888\">\n<tbody>\n<tr>\n<td width=\"100\"><\/td>\n<td width=\"61\">Marcado negro<\/td>\n<td width=\"76\">Marcado por luz de grabado profundo<\/td>\n<td width=\"82\">Impresora est\u00e9ncil P58D 58mm ancho<\/td>\n<td width=\"77\">Impresora est\u00e9ncil 410 110mm de ancho 108m de largo est\u00e9ncil<\/td>\n<td width=\"82\">Impresora est\u00e9ncil P58 58mm ancho para cinta est\u00e9ncil 10m largo<\/td>\n<td width=\"84\">Cinta de estarcir 58 mm de ancho 10 m de largo<\/td>\n<td width=\"64\">M21, M22, M23 N11 50 ml c\/u<\/td>\n<td width=\"64\">M21, M22, M23 N11 200 ml c\/u<\/td>\n<td width=\"70\">M22 50ml<\/td>\n<td width=\"64\">2 psc Fieltro de marcaje &#8211; Filz para marcaje electroqu\u00edmico grabado 375x500mm<\/td>\n<td width=\"64\">2 Fieltro de marcado psc &#8211; Filz para muestras de grabado de marcado electroqu\u00edmico<\/td>\n<\/tr>\n<tr>\n<td>Conjunto Eumark 04A<\/td>\n<td>S\u00cd<\/td>\n<td>S\u00cd<\/td>\n<td>NO<\/td>\n<td>S\u00cd<\/td>\n<td>NO<\/td>\n<td>NO<\/td>\n<td>S\u00cd<\/td>\n<td>NO<\/td>\n<td><\/td>\n<td>S\u00cd<\/td>\n<td>NO<\/td>\n<\/tr>\n<tr>\n<td>Eumark set 04<\/td>\n<td>S\u00cd<\/td>\n<td>S\u00cd<\/td>\n<td>NO<\/td>\n<td>S\u00cd<\/td>\n<td>NO<\/td>\n<td>NO<\/td>\n<td>NO<\/td>\n<td>S\u00cd<\/td>\n<td><\/td>\n<td>S\u00cd<\/td>\n<td>No<\/td>\n<\/tr>\n<tr>\n<td>Eumark set 03<\/td>\n<td>S\u00cd<\/td>\n<td>S\u00cd<\/td>\n<td>S\u00cd<\/td>\n<td>NO<\/td>\n<td>S\u00cd<\/td>\n<td>S\u00cd 6 piezas<\/td>\n<td>NO<\/td>\n<td>NO<\/td>\n<td><\/td>\n<td>S\u00cd<\/td>\n<td>S\u00cd<\/td>\n<\/tr>\n<tr>\n<td>Eumark set 02<\/td>\n<td>S\u00cd<\/td>\n<td>S\u00cd<\/td>\n<td>S\u00cd<\/td>\n<td>NO<\/td>\n<td>S\u00cd<\/td>\n<td>S\u00cd<\/td>\n<td>NO<\/td>\n<td>NO<\/td>\n<td><\/td>\n<td>NO<\/td>\n<td>S\u00cd<\/td>\n<\/tr>\n<tr>\n<td>Eumark set 01<\/td>\n<td>S\u00cd<\/td>\n<td>S\u00cd<\/td>\n<td>NO<\/td>\n<td>NO<\/td>\n<td>NO<\/td>\n<td>NO<\/td>\n<td>NO<\/td>\n<td>NO<\/td>\n<td><\/td>\n<td>NO<\/td>\n<td>S\u00cd<\/td>\n<\/tr>\n<tr>\n<td>Eumark set 05<\/td>\n<td>S\u00cd<\/td>\n<td>NO<\/td>\n<td>NO<\/td>\n<td>NO<\/td>\n<td>NO<\/td>\n<td>NO<\/td>\n<td>S\u00cd<\/td>\n<td>NO<\/td>\n<td>S\u00cd<\/td>\n<td>NO<\/td>\n<td>NO<\/td>\n<\/tr>\n<tr>\n<td>Eumark set 06<\/td>\n<td>S\u00cd<\/td>\n<td>NO<\/td>\n<td>S\u00cd<\/td>\n<td>NO<\/td>\n<td>S\u00cd<\/td>\n<td>S\u00cd<\/td>\n<td>S\u00cd<\/td>\n<td>NO<\/td>\n<td>S\u00cd<\/td>\n<td>NO<\/td>\n<td>NO<\/td>\n<\/tr>\n<\/tbody>\n<\/table>\n","protected":false},"excerpt":{"rendered":"<div><strong>Env\u00edo mundial GRATUITO incluido<\/strong><\/div>\n<div><\/div>\n<div><strong>Opciones de pago seguras<\/strong><\/div>\n<div><\/div>\n<div>Paga c\u00f3modamente con tu tarjeta de d\u00e9bito o cr\u00e9dito a trav\u00e9s de PayPal durante el pago. No se requiere cuenta PayPal. <\/div>\n<div><\/div>\n<div>\n<div><strong>Grabado R\u00e1pido, Preciso y No Destructivo de Metales por Aguafuerte<\/strong><\/div>\n<div><\/div>\n<div>Experimenta el marcado y grabado r\u00e1pido y preciso de superficies met\u00e1licas con la tecnolog\u00eda electroqu\u00edmica. Consigue eficacia sin comprometer la integridad del material. <\/div>\n<\/div>\n<p>.<\/p>\n","protected":false},"featured_media":6486,"comment_status":"closed","ping_status":"closed","template":"","meta":[],"product_brand":[],"product_cat":[70,95],"product_tag":[76,73,71,97,98,74,75,72],"class_list":{"0":"post-6555","1":"product","2":"type-product","3":"status-publish","4":"has-post-thumbnail","6":"product_cat-conjuntos-de-grabado-electroquimico","7":"product_cat-grabado-electroquimico","8":"product_tag-acero","9":"product_tag-cuchillo","10":"product_tag-electroquimico","11":"product_tag-fieltro","12":"product_tag-filz-es","13":"product_tag-grabado","14":"product_tag-maquina","15":"product_tag-marcado","17":"first","18":"instock","19":"sale","20":"featured","21":"shipping-taxable","22":"purchasable","23":"product-type-simple"},"yoast_head":"<!-- This site is optimized with the Yoast SEO plugin v27.4 - https:\/\/yoast.com\/product\/yoast-seo-wordpress\/ -->\n<title>marcado grabado de piezas met\u00e1licas Electrochemical marking etching<\/title>\n<meta name=\"description\" content=\"Descubre las ventajas del marcado electroqu\u00edmico: una soluci\u00f3n r\u00e1pida, asequible y de alta calidad para el marcado permanente en superficies met\u00e1licas conductoras. Ideal para diversas aplicaciones industriales, el marcado electroqu\u00edmico produce impresiones sin bordes y sin corrosi\u00f3n en cuesti\u00f3n de segundos. Electrochemical marking etching\" \/>\n<meta name=\"robots\" content=\"index, follow, max-snippet:-1, max-image-preview:large, max-video-preview:-1\" \/>\n<link rel=\"canonical\" href=\"https:\/\/eu-mark.com\/es\/product\/maquina-de-grabado-y-marcado-electroquimico-eumark-set-06-compacta-con-impresora-de-plantillas\/\" \/>\n<meta property=\"og:locale\" content=\"es_ES\" \/>\n<meta property=\"og:type\" content=\"article\" \/>\n<meta property=\"og:title\" content=\"Marcar metal. Marcar piezas met\u00e1licas con tu logotipo o n\u00famero de serie.\" \/>\n<meta property=\"og:description\" content=\"M\u00e1quina de grabado y marcaje electroqu\u00edmico EU mark set 06 compact con impresora stencil\" \/>\n<meta property=\"og:url\" content=\"https:\/\/eu-mark.com\/es\/product\/maquina-de-grabado-y-marcado-electroquimico-eumark-set-06-compacta-con-impresora-de-plantillas\/\" \/>\n<meta property=\"og:site_name\" content=\"Electrochemical marking etching\" \/>\n<meta property=\"article:publisher\" content=\"https:\/\/www.facebook.com\/eumark.de\/\" \/>\n<meta property=\"og:image\" content=\"https:\/\/eu-mark.com\/wp-content\/uploads\/2016\/12\/eumark06_set_marking_engraving-03-300x300.jpg\" \/>\n<meta name=\"twitter:card\" content=\"summary_large_image\" \/>\n<meta name=\"twitter:label1\" content=\"Tiempo de lectura\" \/>\n\t<meta name=\"twitter:data1\" content=\"4 minutos\" \/>\n<script type=\"application\/ld+json\" class=\"yoast-schema-graph\">{\"@context\":\"https:\\\/\\\/schema.org\",\"@graph\":[{\"@type\":\"WebPage\",\"@id\":\"https:\\\/\\\/eu-mark.com\\\/es\\\/product\\\/maquina-de-grabado-y-marcado-electroquimico-eumark-set-06-compacta-con-impresora-de-plantillas\\\/\",\"url\":\"https:\\\/\\\/eu-mark.com\\\/es\\\/product\\\/maquina-de-grabado-y-marcado-electroquimico-eumark-set-06-compacta-con-impresora-de-plantillas\\\/\",\"name\":\"marcado grabado de piezas met\u00e1licas Electrochemical marking etching\",\"isPartOf\":{\"@id\":\"https:\\\/\\\/eu-mark.com\\\/es\\\/#website\"},\"primaryImageOfPage\":{\"@id\":\"https:\\\/\\\/eu-mark.com\\\/es\\\/product\\\/maquina-de-grabado-y-marcado-electroquimico-eumark-set-06-compacta-con-impresora-de-plantillas\\\/#primaryimage\"},\"image\":{\"@id\":\"https:\\\/\\\/eu-mark.com\\\/es\\\/product\\\/maquina-de-grabado-y-marcado-electroquimico-eumark-set-06-compacta-con-impresora-de-plantillas\\\/#primaryimage\"},\"thumbnailUrl\":\"https:\\\/\\\/eu-mark.com\\\/wp-content\\\/uploads\\\/2022\\\/01\\\/06-eumark-marking-set.webp\",\"datePublished\":\"2022-01-25T11:46:39+00:00\",\"description\":\"Descubre las ventajas del marcado electroqu\u00edmico: una soluci\u00f3n r\u00e1pida, asequible y de alta calidad para el marcado permanente en superficies met\u00e1licas conductoras. Ideal para diversas aplicaciones industriales, el marcado electroqu\u00edmico produce impresiones sin bordes y sin corrosi\u00f3n en cuesti\u00f3n de segundos. Electrochemical marking etching\",\"breadcrumb\":{\"@id\":\"https:\\\/\\\/eu-mark.com\\\/es\\\/product\\\/maquina-de-grabado-y-marcado-electroquimico-eumark-set-06-compacta-con-impresora-de-plantillas\\\/#breadcrumb\"},\"inLanguage\":\"es\",\"potentialAction\":[{\"@type\":\"ReadAction\",\"target\":[\"https:\\\/\\\/eu-mark.com\\\/es\\\/product\\\/maquina-de-grabado-y-marcado-electroquimico-eumark-set-06-compacta-con-impresora-de-plantillas\\\/\"]}]},{\"@type\":\"ImageObject\",\"inLanguage\":\"es\",\"@id\":\"https:\\\/\\\/eu-mark.com\\\/es\\\/product\\\/maquina-de-grabado-y-marcado-electroquimico-eumark-set-06-compacta-con-impresora-de-plantillas\\\/#primaryimage\",\"url\":\"https:\\\/\\\/eu-mark.com\\\/wp-content\\\/uploads\\\/2022\\\/01\\\/06-eumark-marking-set.webp\",\"contentUrl\":\"https:\\\/\\\/eu-mark.com\\\/wp-content\\\/uploads\\\/2022\\\/01\\\/06-eumark-marking-set.webp\",\"width\":1000,\"height\":750},{\"@type\":\"BreadcrumbList\",\"@id\":\"https:\\\/\\\/eu-mark.com\\\/es\\\/product\\\/maquina-de-grabado-y-marcado-electroquimico-eumark-set-06-compacta-con-impresora-de-plantillas\\\/#breadcrumb\",\"itemListElement\":[{\"@type\":\"ListItem\",\"position\":1,\"name\":\"Inicio\",\"item\":\"https:\\\/\\\/eu-mark.com\\\/es\\\/home\\\/\"},{\"@type\":\"ListItem\",\"position\":2,\"name\":\"Tienda\",\"item\":\"https:\\\/\\\/eu-mark.com\\\/es\\\/tienda\\\/\"},{\"@type\":\"ListItem\",\"position\":3,\"name\":\"M\u00e1quina de grabado y marcado electroqu\u00edmico EUmark set 06 compacta con impresora de plantillas\"}]},{\"@type\":\"WebSite\",\"@id\":\"https:\\\/\\\/eu-mark.com\\\/es\\\/#website\",\"url\":\"https:\\\/\\\/eu-mark.com\\\/es\\\/\",\"name\":\"eu-mark.com\",\"description\":\"Electrochemical marking etching\",\"publisher\":{\"@id\":\"https:\\\/\\\/eu-mark.com\\\/es\\\/#organization\"},\"potentialAction\":[{\"@type\":\"SearchAction\",\"target\":{\"@type\":\"EntryPoint\",\"urlTemplate\":\"https:\\\/\\\/eu-mark.com\\\/es\\\/?s={search_term_string}\"},\"query-input\":{\"@type\":\"PropertyValueSpecification\",\"valueRequired\":true,\"valueName\":\"search_term_string\"}}],\"inLanguage\":\"es\"},{\"@type\":\"Organization\",\"@id\":\"https:\\\/\\\/eu-mark.com\\\/es\\\/#organization\",\"name\":\"EUMARK\",\"url\":\"https:\\\/\\\/eu-mark.com\\\/es\\\/\",\"logo\":{\"@type\":\"ImageObject\",\"inLanguage\":\"es\",\"@id\":\"https:\\\/\\\/eu-mark.com\\\/es\\\/#\\\/schema\\\/logo\\\/image\\\/\",\"url\":\"https:\\\/\\\/eu-mark.com\\\/wp-content\\\/uploads\\\/2025\\\/02\\\/eumark-logo-samo-EU-2018_06_19-10_17_06-UTC.jpg\",\"contentUrl\":\"https:\\\/\\\/eu-mark.com\\\/wp-content\\\/uploads\\\/2025\\\/02\\\/eumark-logo-samo-EU-2018_06_19-10_17_06-UTC.jpg\",\"width\":264,\"height\":268,\"caption\":\"EUMARK\"},\"image\":{\"@id\":\"https:\\\/\\\/eu-mark.com\\\/es\\\/#\\\/schema\\\/logo\\\/image\\\/\"},\"sameAs\":[\"https:\\\/\\\/www.facebook.com\\\/eumark.de\\\/\",\"https:\\\/\\\/www.youtube.com\\\/channel\\\/UCehJsM6xcqIQLzp0y9MjYPg\",\"https:\\\/\\\/www.linkedin.com\\\/company\\\/eumark\\\/\",\"https:\\\/\\\/www.instagram.com\\\/eumark_de\"]}]}<\/script>\n<!-- \/ Yoast SEO plugin. -->","yoast_head_json":{"title":"marcado grabado de piezas met\u00e1licas Electrochemical marking etching","description":"Descubre las ventajas del marcado electroqu\u00edmico: una soluci\u00f3n r\u00e1pida, asequible y de alta calidad para el marcado permanente en superficies met\u00e1licas conductoras. Ideal para diversas aplicaciones industriales, el marcado electroqu\u00edmico produce impresiones sin bordes y sin corrosi\u00f3n en cuesti\u00f3n de segundos. Electrochemical marking etching","robots":{"index":"index","follow":"follow","max-snippet":"max-snippet:-1","max-image-preview":"max-image-preview:large","max-video-preview":"max-video-preview:-1"},"canonical":"https:\/\/eu-mark.com\/es\/product\/maquina-de-grabado-y-marcado-electroquimico-eumark-set-06-compacta-con-impresora-de-plantillas\/","og_locale":"es_ES","og_type":"article","og_title":"Marcar metal. Marcar piezas met\u00e1licas con tu logotipo o n\u00famero de serie.","og_description":"M\u00e1quina de grabado y marcaje electroqu\u00edmico EU mark set 06 compact con impresora stencil","og_url":"https:\/\/eu-mark.com\/es\/product\/maquina-de-grabado-y-marcado-electroquimico-eumark-set-06-compacta-con-impresora-de-plantillas\/","og_site_name":"Electrochemical marking etching","article_publisher":"https:\/\/www.facebook.com\/eumark.de\/","og_image":[{"url":"https:\/\/eu-mark.com\/wp-content\/uploads\/2016\/12\/eumark06_set_marking_engraving-03-300x300.jpg","type":"","width":"","height":""}],"twitter_card":"summary_large_image","twitter_misc":{"Tiempo de lectura":"4 minutos"},"schema":{"@context":"https:\/\/schema.org","@graph":[{"@type":"WebPage","@id":"https:\/\/eu-mark.com\/es\/product\/maquina-de-grabado-y-marcado-electroquimico-eumark-set-06-compacta-con-impresora-de-plantillas\/","url":"https:\/\/eu-mark.com\/es\/product\/maquina-de-grabado-y-marcado-electroquimico-eumark-set-06-compacta-con-impresora-de-plantillas\/","name":"marcado grabado de piezas met\u00e1licas Electrochemical marking etching","isPartOf":{"@id":"https:\/\/eu-mark.com\/es\/#website"},"primaryImageOfPage":{"@id":"https:\/\/eu-mark.com\/es\/product\/maquina-de-grabado-y-marcado-electroquimico-eumark-set-06-compacta-con-impresora-de-plantillas\/#primaryimage"},"image":{"@id":"https:\/\/eu-mark.com\/es\/product\/maquina-de-grabado-y-marcado-electroquimico-eumark-set-06-compacta-con-impresora-de-plantillas\/#primaryimage"},"thumbnailUrl":"https:\/\/eu-mark.com\/wp-content\/uploads\/2022\/01\/06-eumark-marking-set.webp","datePublished":"2022-01-25T11:46:39+00:00","description":"Descubre las ventajas del marcado electroqu\u00edmico: una soluci\u00f3n r\u00e1pida, asequible y de alta calidad para el marcado permanente en superficies met\u00e1licas conductoras. Ideal para diversas aplicaciones industriales, el marcado electroqu\u00edmico produce impresiones sin bordes y sin corrosi\u00f3n en cuesti\u00f3n de segundos. Electrochemical marking etching","breadcrumb":{"@id":"https:\/\/eu-mark.com\/es\/product\/maquina-de-grabado-y-marcado-electroquimico-eumark-set-06-compacta-con-impresora-de-plantillas\/#breadcrumb"},"inLanguage":"es","potentialAction":[{"@type":"ReadAction","target":["https:\/\/eu-mark.com\/es\/product\/maquina-de-grabado-y-marcado-electroquimico-eumark-set-06-compacta-con-impresora-de-plantillas\/"]}]},{"@type":"ImageObject","inLanguage":"es","@id":"https:\/\/eu-mark.com\/es\/product\/maquina-de-grabado-y-marcado-electroquimico-eumark-set-06-compacta-con-impresora-de-plantillas\/#primaryimage","url":"https:\/\/eu-mark.com\/wp-content\/uploads\/2022\/01\/06-eumark-marking-set.webp","contentUrl":"https:\/\/eu-mark.com\/wp-content\/uploads\/2022\/01\/06-eumark-marking-set.webp","width":1000,"height":750},{"@type":"BreadcrumbList","@id":"https:\/\/eu-mark.com\/es\/product\/maquina-de-grabado-y-marcado-electroquimico-eumark-set-06-compacta-con-impresora-de-plantillas\/#breadcrumb","itemListElement":[{"@type":"ListItem","position":1,"name":"Inicio","item":"https:\/\/eu-mark.com\/es\/home\/"},{"@type":"ListItem","position":2,"name":"Tienda","item":"https:\/\/eu-mark.com\/es\/tienda\/"},{"@type":"ListItem","position":3,"name":"M\u00e1quina de grabado y marcado electroqu\u00edmico EUmark set 06 compacta con impresora de plantillas"}]},{"@type":"WebSite","@id":"https:\/\/eu-mark.com\/es\/#website","url":"https:\/\/eu-mark.com\/es\/","name":"eu-mark.com","description":"Electrochemical marking etching","publisher":{"@id":"https:\/\/eu-mark.com\/es\/#organization"},"potentialAction":[{"@type":"SearchAction","target":{"@type":"EntryPoint","urlTemplate":"https:\/\/eu-mark.com\/es\/?s={search_term_string}"},"query-input":{"@type":"PropertyValueSpecification","valueRequired":true,"valueName":"search_term_string"}}],"inLanguage":"es"},{"@type":"Organization","@id":"https:\/\/eu-mark.com\/es\/#organization","name":"EUMARK","url":"https:\/\/eu-mark.com\/es\/","logo":{"@type":"ImageObject","inLanguage":"es","@id":"https:\/\/eu-mark.com\/es\/#\/schema\/logo\/image\/","url":"https:\/\/eu-mark.com\/wp-content\/uploads\/2025\/02\/eumark-logo-samo-EU-2018_06_19-10_17_06-UTC.jpg","contentUrl":"https:\/\/eu-mark.com\/wp-content\/uploads\/2025\/02\/eumark-logo-samo-EU-2018_06_19-10_17_06-UTC.jpg","width":264,"height":268,"caption":"EUMARK"},"image":{"@id":"https:\/\/eu-mark.com\/es\/#\/schema\/logo\/image\/"},"sameAs":["https:\/\/www.facebook.com\/eumark.de\/","https:\/\/www.youtube.com\/channel\/UCehJsM6xcqIQLzp0y9MjYPg","https:\/\/www.linkedin.com\/company\/eumark\/","https:\/\/www.instagram.com\/eumark_de"]}]}},"_links":{"self":[{"href":"https:\/\/eu-mark.com\/es\/wp-json\/wp\/v2\/product\/6555","targetHints":{"allow":["GET"]}}],"collection":[{"href":"https:\/\/eu-mark.com\/es\/wp-json\/wp\/v2\/product"}],"about":[{"href":"https:\/\/eu-mark.com\/es\/wp-json\/wp\/v2\/types\/product"}],"replies":[{"embeddable":true,"href":"https:\/\/eu-mark.com\/es\/wp-json\/wp\/v2\/comments?post=6555"}],"wp:featuredmedia":[{"embeddable":true,"href":"https:\/\/eu-mark.com\/es\/wp-json\/wp\/v2\/media\/6486"}],"wp:attachment":[{"href":"https:\/\/eu-mark.com\/es\/wp-json\/wp\/v2\/media?parent=6555"}],"wp:term":[{"taxonomy":"product_brand","embeddable":true,"href":"https:\/\/eu-mark.com\/es\/wp-json\/wp\/v2\/product_brand?post=6555"},{"taxonomy":"product_cat","embeddable":true,"href":"https:\/\/eu-mark.com\/es\/wp-json\/wp\/v2\/product_cat?post=6555"},{"taxonomy":"product_tag","embeddable":true,"href":"https:\/\/eu-mark.com\/es\/wp-json\/wp\/v2\/product_tag?post=6555"}],"curies":[{"name":"wp","href":"https:\/\/api.w.org\/{rel}","templated":true}]}}