{"id":6562,"date":"2023-11-16T15:12:57","date_gmt":"2023-11-16T15:12:57","guid":{"rendered":"https:\/\/eu-mark.com\/product\/eumark-impresora-de-estencil-de-100-mm-o-4-de-ancho-con-cinta-de-estencil-de-108-m-o-355-pies-de-longitud\/"},"modified":"2023-11-16T15:12:57","modified_gmt":"2023-11-16T15:12:57","slug":"eumark-impresora-de-estencil-de-100-mm-o-4-de-ancho-con-cinta-de-estencil-de-108-m-o-355-pies-de-longitud","status":"publish","type":"product","link":"https:\/\/eu-mark.com\/es\/product\/eumark-impresora-de-estencil-de-100-mm-o-4-de-ancho-con-cinta-de-estencil-de-108-m-o-355-pies-de-longitud\/","title":{"rendered":"EUmark Impresora de est\u00e9ncil de 100 mm o 4&#8243; de ancho con cinta de est\u00e9ncil de 108 m o 355 pies de longitud"},"content":{"rendered":"<h3 data-sanitized-data-mce-fragment=\"1\"><strong>La Impresora de est\u00e9nciles de 100 mm o 4&#8243; de ancho es una herramienta eficaz para cortar y grabar est\u00e9nciles con precisi\u00f3n en diversos metales. Este dispositivo cuenta con una potente capacidad para producir est\u00e9nciles de alta resoluci\u00f3n con una anchura m\u00e1xima de impresi\u00f3n de 100 mm (4&#8243;) y una longitud de cinta de est\u00e9ncil de 108 m (355 pies). Software incluido <\/strong>.<\/h3>\n<p>El marcado electroqu\u00edmico es un proceso de marcado o grabado de superficies met\u00e1licas mediante electricidad. Es un proceso de marcado sin contacto que puede crear marcas permanentes de alto contraste en diversas superficies met\u00e1licas. Este proceso puede utilizarse para una amplia gama de aplicaciones, como la identificaci\u00f3n de piezas, el marcado y la trazabilidad. El proceso de marcado electroqu\u00edmico consiste en aplicar una plantilla o m\u00e1scara a la superficie met\u00e1lica que se desea marcar. La plantilla suele estar hecha de un material fino y aislante de la electricidad, como vinilo o goma. La plantilla tiene un dise\u00f1o o patr\u00f3n recortado, que ser\u00e1 la marca que quede en la superficie met\u00e1lica una vez finalizado el proceso. La plantilla se aplica a la superficie met\u00e1lica, y se aplica una soluci\u00f3n electrol\u00edtica conductora a la plantilla y a la superficie met\u00e1lica. A continuaci\u00f3n, se fija a la superficie met\u00e1lica un electrodo positivo, tambi\u00e9n llamado \u00e1nodo, y se sumerge en la soluci\u00f3n electrol\u00edtica un electrodo negativo, tambi\u00e9n llamado c\u00e1todo. Cuando se aplica una corriente el\u00e9ctrica a los electrodos, se graba la superficie met\u00e1lica y queda el marcado. El marcado producido por el marcado electroqu\u00edmico es permanente y puede soportar condiciones ambientales adversas. Tambi\u00e9n es muy preciso y puede producir marcas con una resoluci\u00f3n de hasta 0,001 pulgadas. El proceso tambi\u00e9n es relativamente r\u00e1pido, con tiempos de marcado que oscilan entre unos segundos y unos minutos, seg\u00fan el tama\u00f1o y la complejidad de la marca. El marcado electroqu\u00edmico se utiliza ampliamente en diversas industrias, como la aeroespacial, automovil\u00edstica, m\u00e9dica y militar. Es especialmente \u00fatil para marcar piezas que deben ser trazables, como las utilizadas en aplicaciones cr\u00edticas, donde el control de calidad es esencial. El proceso tambi\u00e9n es respetuoso con el medio ambiente, ya que no produce subproductos nocivos ni genera residuos peligrosos. En resumen, el marcado electroqu\u00edmico es un proceso vers\u00e1til y fiable para marcar superficies met\u00e1licas. Ofrece un marcado permanente y de alto contraste que puede soportar condiciones ambientales duras y se utiliza ampliamente en diversas industrias.  <\/p>\n<p><img loading=\"lazy\" decoding=\"async\" class=\"alignnone size-medium wp-image-5228\" src=\"https:\/\/eu-mark.com\/wp-content\/uploads\/2021\/04\/making-template-stencil-printer-01-300x300.jpg\" alt=\"hacer plantilla plantilla impresora\" width=\"300\" height=\"300\" srcset=\"https:\/\/eu-mark.com\/wp-content\/uploads\/2021\/04\/making-template-stencil-printer-01-300x300.jpg 300w, https:\/\/eu-mark.com\/wp-content\/uploads\/2021\/04\/making-template-stencil-printer-01-150x150.jpg 150w, https:\/\/eu-mark.com\/wp-content\/uploads\/2021\/04\/making-template-stencil-printer-01-768x768.jpg 768w, https:\/\/eu-mark.com\/wp-content\/uploads\/2021\/04\/making-template-stencil-printer-01-510x510.jpg 510w, https:\/\/eu-mark.com\/wp-content\/uploads\/2021\/04\/making-template-stencil-printer-01-100x100.jpg 100w, https:\/\/eu-mark.com\/wp-content\/uploads\/2021\/04\/making-template-stencil-printer-01-60x60.jpg 60w, https:\/\/eu-mark.com\/wp-content\/uploads\/2021\/04\/making-template-stencil-printer-01-90x90.jpg 90w, https:\/\/eu-mark.com\/wp-content\/uploads\/2021\/04\/making-template-stencil-printer-01.jpg 1000w\" sizes=\"auto, (max-width: 300px) 100vw, 300px\" \/><\/p>\n<p>Marcado de metal Marcado de piezas met\u00e1licas con texto de logotipo o n\u00famero de serie, c\u00f3digo QR, c\u00f3digo de barras, etc.<\/p>\n","protected":false},"excerpt":{"rendered":"<p><strong>Env\u00edo GRATIS a todo el mundo<\/strong><\/p>\n<p>Presentamos la impresora de plantillas EUmark, con una anchura de 100 mm o 4&#8243; y una generosa cinta de 108 m o 355 pies de longitud. Por fin presentamos una soluci\u00f3n para crear plantillas de forma r\u00e1pida, sencilla y econ\u00f3mica en tu casa o taller. Todo lo que se necesita es la impresora y la cinta de estarcido para un marcado eficaz, empleando el proceso de marcado electroqu\u00edmico para grabar superficies met\u00e1licas. Utilizando nuestra impresora de est\u00e9nciles junto con las cintas compatibles, crear tu est\u00e9ncil personalizado y hacer marcas r\u00e1pidas s\u00f3lo te llevar\u00e1 unos minutos. Ya sean n\u00fameros de serie, c\u00f3digos QR, c\u00f3digos de barras, fechas, texto o incluso logotipos, \u00a1puedes conseguirlo todo en un par de minutos!<\/p>\n","protected":false},"featured_media":6491,"comment_status":"open","ping_status":"closed","template":"","meta":[],"product_brand":[],"product_cat":[99],"product_tag":[],"class_list":{"0":"post-6562","1":"product","2":"type-product","3":"status-publish","4":"has-post-thumbnail","6":"product_cat-impresoras-de-plantillas","8":"first","9":"instock","10":"shipping-taxable","11":"purchasable","12":"product-type-simple"},"yoast_head":"<!-- This site is optimized with the Yoast SEO plugin v27.4 - https:\/\/yoast.com\/product\/yoast-seo-wordpress\/ -->\n<title>Marcado del metal Marcado de la pieza met\u00e1lica con el texto del logotipo o el n\u00famero de serie<\/title>\n<meta name=\"description\" content=\"Marcado de metal Marcado de piezas met\u00e1licas con texto de logotipo o n\u00famero de serie. Por fin tenemos la soluci\u00f3n para hacer plantillas r\u00e1pidas, f\u00e1ciles y muy econ\u00f3micas en casa o en el taller.Necesitas impresora y cinta de plantillas para marcar\" \/>\n<meta name=\"robots\" content=\"index, follow, max-snippet:-1, max-image-preview:large, max-video-preview:-1\" \/>\n<link rel=\"canonical\" href=\"https:\/\/eu-mark.com\/es\/product\/eumark-impresora-de-estencil-de-100-mm-o-4-de-ancho-con-cinta-de-estencil-de-108-m-o-355-pies-de-longitud\/\" \/>\n<meta property=\"og:locale\" content=\"es_ES\" \/>\n<meta property=\"og:type\" content=\"article\" \/>\n<meta property=\"og:title\" content=\"Marcado del metal Marcado de la pieza met\u00e1lica con el texto del logotipo o el n\u00famero de serie\" \/>\n<meta property=\"og:description\" content=\"Marcado de metal Marcado de piezas met\u00e1licas con texto de logotipo o n\u00famero de serie. Por fin tenemos la soluci\u00f3n para hacer plantillas r\u00e1pidas, f\u00e1ciles y muy econ\u00f3micas en casa o en el taller.Necesitas impresora y cinta de plantillas para marcar\" \/>\n<meta property=\"og:url\" content=\"https:\/\/eu-mark.com\/es\/product\/eumark-impresora-de-estencil-de-100-mm-o-4-de-ancho-con-cinta-de-estencil-de-108-m-o-355-pies-de-longitud\/\" \/>\n<meta property=\"og:site_name\" content=\"Electrochemical marking etching\" \/>\n<meta property=\"article:publisher\" content=\"https:\/\/www.facebook.com\/eumark.de\/\" \/>\n<meta property=\"og:image\" content=\"https:\/\/eu-mark.com\/wp-content\/uploads\/2023\/11\/EUmark-Stencil-printer-100mm-or-4\u2033-wide-with-stencil-tape-108m-or-355-feet-long-web.webp\" \/>\n\t<meta property=\"og:image:width\" content=\"971\" \/>\n\t<meta property=\"og:image:height\" content=\"648\" \/>\n\t<meta property=\"og:image:type\" content=\"image\/webp\" \/>\n<meta name=\"twitter:card\" content=\"summary_large_image\" \/>\n<meta name=\"twitter:label1\" content=\"Tiempo de lectura\" \/>\n\t<meta name=\"twitter:data1\" content=\"2 minutos\" \/>\n<script type=\"application\/ld+json\" class=\"yoast-schema-graph\">{\"@context\":\"https:\\\/\\\/schema.org\",\"@graph\":[{\"@type\":\"WebPage\",\"@id\":\"https:\\\/\\\/eu-mark.com\\\/es\\\/product\\\/eumark-impresora-de-estencil-de-100-mm-o-4-de-ancho-con-cinta-de-estencil-de-108-m-o-355-pies-de-longitud\\\/\",\"url\":\"https:\\\/\\\/eu-mark.com\\\/es\\\/product\\\/eumark-impresora-de-estencil-de-100-mm-o-4-de-ancho-con-cinta-de-estencil-de-108-m-o-355-pies-de-longitud\\\/\",\"name\":\"Marcado del metal Marcado de la pieza met\u00e1lica con el texto del logotipo o el n\u00famero de serie\",\"isPartOf\":{\"@id\":\"https:\\\/\\\/eu-mark.com\\\/es\\\/#website\"},\"primaryImageOfPage\":{\"@id\":\"https:\\\/\\\/eu-mark.com\\\/es\\\/product\\\/eumark-impresora-de-estencil-de-100-mm-o-4-de-ancho-con-cinta-de-estencil-de-108-m-o-355-pies-de-longitud\\\/#primaryimage\"},\"image\":{\"@id\":\"https:\\\/\\\/eu-mark.com\\\/es\\\/product\\\/eumark-impresora-de-estencil-de-100-mm-o-4-de-ancho-con-cinta-de-estencil-de-108-m-o-355-pies-de-longitud\\\/#primaryimage\"},\"thumbnailUrl\":\"https:\\\/\\\/eu-mark.com\\\/wp-content\\\/uploads\\\/2023\\\/11\\\/EUmark-Stencil-printer-100mm-or-4\u2033-wide-with-stencil-tape-108m-or-355-feet-long-web.webp\",\"datePublished\":\"2023-11-16T15:12:57+00:00\",\"description\":\"Marcado de metal Marcado de piezas met\u00e1licas con texto de logotipo o n\u00famero de serie. Por fin tenemos la soluci\u00f3n para hacer plantillas r\u00e1pidas, f\u00e1ciles y muy econ\u00f3micas en casa o en el taller.Necesitas impresora y cinta de plantillas para marcar\",\"breadcrumb\":{\"@id\":\"https:\\\/\\\/eu-mark.com\\\/es\\\/product\\\/eumark-impresora-de-estencil-de-100-mm-o-4-de-ancho-con-cinta-de-estencil-de-108-m-o-355-pies-de-longitud\\\/#breadcrumb\"},\"inLanguage\":\"es\",\"potentialAction\":[{\"@type\":\"ReadAction\",\"target\":[\"https:\\\/\\\/eu-mark.com\\\/es\\\/product\\\/eumark-impresora-de-estencil-de-100-mm-o-4-de-ancho-con-cinta-de-estencil-de-108-m-o-355-pies-de-longitud\\\/\"]}]},{\"@type\":\"ImageObject\",\"inLanguage\":\"es\",\"@id\":\"https:\\\/\\\/eu-mark.com\\\/es\\\/product\\\/eumark-impresora-de-estencil-de-100-mm-o-4-de-ancho-con-cinta-de-estencil-de-108-m-o-355-pies-de-longitud\\\/#primaryimage\",\"url\":\"https:\\\/\\\/eu-mark.com\\\/wp-content\\\/uploads\\\/2023\\\/11\\\/EUmark-Stencil-printer-100mm-or-4\u2033-wide-with-stencil-tape-108m-or-355-feet-long-web.webp\",\"contentUrl\":\"https:\\\/\\\/eu-mark.com\\\/wp-content\\\/uploads\\\/2023\\\/11\\\/EUmark-Stencil-printer-100mm-or-4\u2033-wide-with-stencil-tape-108m-or-355-feet-long-web.webp\",\"width\":971,\"height\":648},{\"@type\":\"BreadcrumbList\",\"@id\":\"https:\\\/\\\/eu-mark.com\\\/es\\\/product\\\/eumark-impresora-de-estencil-de-100-mm-o-4-de-ancho-con-cinta-de-estencil-de-108-m-o-355-pies-de-longitud\\\/#breadcrumb\",\"itemListElement\":[{\"@type\":\"ListItem\",\"position\":1,\"name\":\"Inicio\",\"item\":\"https:\\\/\\\/eu-mark.com\\\/es\\\/home\\\/\"},{\"@type\":\"ListItem\",\"position\":2,\"name\":\"Tienda\",\"item\":\"https:\\\/\\\/eu-mark.com\\\/es\\\/tienda\\\/\"},{\"@type\":\"ListItem\",\"position\":3,\"name\":\"EUmark Impresora de est\u00e9ncil de 100 mm o 4&#8243; de ancho con cinta de est\u00e9ncil de 108 m o 355 pies de longitud\"}]},{\"@type\":\"WebSite\",\"@id\":\"https:\\\/\\\/eu-mark.com\\\/es\\\/#website\",\"url\":\"https:\\\/\\\/eu-mark.com\\\/es\\\/\",\"name\":\"eu-mark.com\",\"description\":\"Electrochemical marking etching\",\"publisher\":{\"@id\":\"https:\\\/\\\/eu-mark.com\\\/es\\\/#organization\"},\"potentialAction\":[{\"@type\":\"SearchAction\",\"target\":{\"@type\":\"EntryPoint\",\"urlTemplate\":\"https:\\\/\\\/eu-mark.com\\\/es\\\/?s={search_term_string}\"},\"query-input\":{\"@type\":\"PropertyValueSpecification\",\"valueRequired\":true,\"valueName\":\"search_term_string\"}}],\"inLanguage\":\"es\"},{\"@type\":\"Organization\",\"@id\":\"https:\\\/\\\/eu-mark.com\\\/es\\\/#organization\",\"name\":\"EUMARK\",\"url\":\"https:\\\/\\\/eu-mark.com\\\/es\\\/\",\"logo\":{\"@type\":\"ImageObject\",\"inLanguage\":\"es\",\"@id\":\"https:\\\/\\\/eu-mark.com\\\/es\\\/#\\\/schema\\\/logo\\\/image\\\/\",\"url\":\"https:\\\/\\\/eu-mark.com\\\/wp-content\\\/uploads\\\/2025\\\/02\\\/eumark-logo-samo-EU-2018_06_19-10_17_06-UTC.jpg\",\"contentUrl\":\"https:\\\/\\\/eu-mark.com\\\/wp-content\\\/uploads\\\/2025\\\/02\\\/eumark-logo-samo-EU-2018_06_19-10_17_06-UTC.jpg\",\"width\":264,\"height\":268,\"caption\":\"EUMARK\"},\"image\":{\"@id\":\"https:\\\/\\\/eu-mark.com\\\/es\\\/#\\\/schema\\\/logo\\\/image\\\/\"},\"sameAs\":[\"https:\\\/\\\/www.facebook.com\\\/eumark.de\\\/\",\"https:\\\/\\\/www.youtube.com\\\/channel\\\/UCehJsM6xcqIQLzp0y9MjYPg\",\"https:\\\/\\\/www.linkedin.com\\\/company\\\/eumark\\\/\",\"https:\\\/\\\/www.instagram.com\\\/eumark_de\"]}]}<\/script>\n<!-- \/ Yoast SEO plugin. -->","yoast_head_json":{"title":"Marcado del metal Marcado de la pieza met\u00e1lica con el texto del logotipo o el n\u00famero de serie","description":"Marcado de metal Marcado de piezas met\u00e1licas con texto de logotipo o n\u00famero de serie. Por fin tenemos la soluci\u00f3n para hacer plantillas r\u00e1pidas, f\u00e1ciles y muy econ\u00f3micas en casa o en el taller.Necesitas impresora y cinta de plantillas para marcar","robots":{"index":"index","follow":"follow","max-snippet":"max-snippet:-1","max-image-preview":"max-image-preview:large","max-video-preview":"max-video-preview:-1"},"canonical":"https:\/\/eu-mark.com\/es\/product\/eumark-impresora-de-estencil-de-100-mm-o-4-de-ancho-con-cinta-de-estencil-de-108-m-o-355-pies-de-longitud\/","og_locale":"es_ES","og_type":"article","og_title":"Marcado del metal Marcado de la pieza met\u00e1lica con el texto del logotipo o el n\u00famero de serie","og_description":"Marcado de metal Marcado de piezas met\u00e1licas con texto de logotipo o n\u00famero de serie. Por fin tenemos la soluci\u00f3n para hacer plantillas r\u00e1pidas, f\u00e1ciles y muy econ\u00f3micas en casa o en el taller.Necesitas impresora y cinta de plantillas para marcar","og_url":"https:\/\/eu-mark.com\/es\/product\/eumark-impresora-de-estencil-de-100-mm-o-4-de-ancho-con-cinta-de-estencil-de-108-m-o-355-pies-de-longitud\/","og_site_name":"Electrochemical marking etching","article_publisher":"https:\/\/www.facebook.com\/eumark.de\/","og_image":[{"width":971,"height":648,"url":"https:\/\/eu-mark.com\/wp-content\/uploads\/2023\/11\/EUmark-Stencil-printer-100mm-or-4\u2033-wide-with-stencil-tape-108m-or-355-feet-long-web.webp","type":"image\/webp"}],"twitter_card":"summary_large_image","twitter_misc":{"Tiempo de lectura":"2 minutos"},"schema":{"@context":"https:\/\/schema.org","@graph":[{"@type":"WebPage","@id":"https:\/\/eu-mark.com\/es\/product\/eumark-impresora-de-estencil-de-100-mm-o-4-de-ancho-con-cinta-de-estencil-de-108-m-o-355-pies-de-longitud\/","url":"https:\/\/eu-mark.com\/es\/product\/eumark-impresora-de-estencil-de-100-mm-o-4-de-ancho-con-cinta-de-estencil-de-108-m-o-355-pies-de-longitud\/","name":"Marcado del metal Marcado de la pieza met\u00e1lica con el texto del logotipo o el n\u00famero de serie","isPartOf":{"@id":"https:\/\/eu-mark.com\/es\/#website"},"primaryImageOfPage":{"@id":"https:\/\/eu-mark.com\/es\/product\/eumark-impresora-de-estencil-de-100-mm-o-4-de-ancho-con-cinta-de-estencil-de-108-m-o-355-pies-de-longitud\/#primaryimage"},"image":{"@id":"https:\/\/eu-mark.com\/es\/product\/eumark-impresora-de-estencil-de-100-mm-o-4-de-ancho-con-cinta-de-estencil-de-108-m-o-355-pies-de-longitud\/#primaryimage"},"thumbnailUrl":"https:\/\/eu-mark.com\/wp-content\/uploads\/2023\/11\/EUmark-Stencil-printer-100mm-or-4\u2033-wide-with-stencil-tape-108m-or-355-feet-long-web.webp","datePublished":"2023-11-16T15:12:57+00:00","description":"Marcado de metal Marcado de piezas met\u00e1licas con texto de logotipo o n\u00famero de serie. Por fin tenemos la soluci\u00f3n para hacer plantillas r\u00e1pidas, f\u00e1ciles y muy econ\u00f3micas en casa o en el taller.Necesitas impresora y cinta de plantillas para marcar","breadcrumb":{"@id":"https:\/\/eu-mark.com\/es\/product\/eumark-impresora-de-estencil-de-100-mm-o-4-de-ancho-con-cinta-de-estencil-de-108-m-o-355-pies-de-longitud\/#breadcrumb"},"inLanguage":"es","potentialAction":[{"@type":"ReadAction","target":["https:\/\/eu-mark.com\/es\/product\/eumark-impresora-de-estencil-de-100-mm-o-4-de-ancho-con-cinta-de-estencil-de-108-m-o-355-pies-de-longitud\/"]}]},{"@type":"ImageObject","inLanguage":"es","@id":"https:\/\/eu-mark.com\/es\/product\/eumark-impresora-de-estencil-de-100-mm-o-4-de-ancho-con-cinta-de-estencil-de-108-m-o-355-pies-de-longitud\/#primaryimage","url":"https:\/\/eu-mark.com\/wp-content\/uploads\/2023\/11\/EUmark-Stencil-printer-100mm-or-4\u2033-wide-with-stencil-tape-108m-or-355-feet-long-web.webp","contentUrl":"https:\/\/eu-mark.com\/wp-content\/uploads\/2023\/11\/EUmark-Stencil-printer-100mm-or-4\u2033-wide-with-stencil-tape-108m-or-355-feet-long-web.webp","width":971,"height":648},{"@type":"BreadcrumbList","@id":"https:\/\/eu-mark.com\/es\/product\/eumark-impresora-de-estencil-de-100-mm-o-4-de-ancho-con-cinta-de-estencil-de-108-m-o-355-pies-de-longitud\/#breadcrumb","itemListElement":[{"@type":"ListItem","position":1,"name":"Inicio","item":"https:\/\/eu-mark.com\/es\/home\/"},{"@type":"ListItem","position":2,"name":"Tienda","item":"https:\/\/eu-mark.com\/es\/tienda\/"},{"@type":"ListItem","position":3,"name":"EUmark Impresora de est\u00e9ncil de 100 mm o 4&#8243; de ancho con cinta de est\u00e9ncil de 108 m o 355 pies de longitud"}]},{"@type":"WebSite","@id":"https:\/\/eu-mark.com\/es\/#website","url":"https:\/\/eu-mark.com\/es\/","name":"eu-mark.com","description":"Electrochemical marking etching","publisher":{"@id":"https:\/\/eu-mark.com\/es\/#organization"},"potentialAction":[{"@type":"SearchAction","target":{"@type":"EntryPoint","urlTemplate":"https:\/\/eu-mark.com\/es\/?s={search_term_string}"},"query-input":{"@type":"PropertyValueSpecification","valueRequired":true,"valueName":"search_term_string"}}],"inLanguage":"es"},{"@type":"Organization","@id":"https:\/\/eu-mark.com\/es\/#organization","name":"EUMARK","url":"https:\/\/eu-mark.com\/es\/","logo":{"@type":"ImageObject","inLanguage":"es","@id":"https:\/\/eu-mark.com\/es\/#\/schema\/logo\/image\/","url":"https:\/\/eu-mark.com\/wp-content\/uploads\/2025\/02\/eumark-logo-samo-EU-2018_06_19-10_17_06-UTC.jpg","contentUrl":"https:\/\/eu-mark.com\/wp-content\/uploads\/2025\/02\/eumark-logo-samo-EU-2018_06_19-10_17_06-UTC.jpg","width":264,"height":268,"caption":"EUMARK"},"image":{"@id":"https:\/\/eu-mark.com\/es\/#\/schema\/logo\/image\/"},"sameAs":["https:\/\/www.facebook.com\/eumark.de\/","https:\/\/www.youtube.com\/channel\/UCehJsM6xcqIQLzp0y9MjYPg","https:\/\/www.linkedin.com\/company\/eumark\/","https:\/\/www.instagram.com\/eumark_de"]}]}},"_links":{"self":[{"href":"https:\/\/eu-mark.com\/es\/wp-json\/wp\/v2\/product\/6562","targetHints":{"allow":["GET"]}}],"collection":[{"href":"https:\/\/eu-mark.com\/es\/wp-json\/wp\/v2\/product"}],"about":[{"href":"https:\/\/eu-mark.com\/es\/wp-json\/wp\/v2\/types\/product"}],"replies":[{"embeddable":true,"href":"https:\/\/eu-mark.com\/es\/wp-json\/wp\/v2\/comments?post=6562"}],"wp:featuredmedia":[{"embeddable":true,"href":"https:\/\/eu-mark.com\/es\/wp-json\/wp\/v2\/media\/6491"}],"wp:attachment":[{"href":"https:\/\/eu-mark.com\/es\/wp-json\/wp\/v2\/media?parent=6562"}],"wp:term":[{"taxonomy":"product_brand","embeddable":true,"href":"https:\/\/eu-mark.com\/es\/wp-json\/wp\/v2\/product_brand?post=6562"},{"taxonomy":"product_cat","embeddable":true,"href":"https:\/\/eu-mark.com\/es\/wp-json\/wp\/v2\/product_cat?post=6562"},{"taxonomy":"product_tag","embeddable":true,"href":"https:\/\/eu-mark.com\/es\/wp-json\/wp\/v2\/product_tag?post=6562"}],"curies":[{"name":"wp","href":"https:\/\/api.w.org\/{rel}","templated":true}]}}