{"id":6566,"date":"2021-03-25T11:39:13","date_gmt":"2021-03-25T11:39:13","guid":{"rendered":"https:\/\/eu-mark.com\/product\/impresora-estencil-eumark-58mm-con-cintas-estencil-6-uds-58mmx10metros-de-largo\/"},"modified":"2021-03-25T11:39:13","modified_gmt":"2021-03-25T11:39:13","slug":"impresora-estencil-eumark-58mm-con-cintas-estencil-6-uds-58mmx10metros-de-largo","status":"publish","type":"product","link":"https:\/\/eu-mark.com\/es\/product\/impresora-estencil-eumark-58mm-con-cintas-estencil-6-uds-58mmx10metros-de-largo\/","title":{"rendered":"Impresora est\u00e9ncil EUmark 58mm con cintas est\u00e9ncil 6 uds (58mmx10metros de largo)"},"content":{"rendered":"<h1 style=\"text-align: center;\">Marcado de metal. Marcado de piezas met\u00e1licas con tu logotipo o n\u00famero de serie. <a href=\"https:\/\/eumark.biz\/en-us\/blogs\/news\/mastering-the-art-of-electrochemical-marking-engraving-enhancing-stencil-quality\">Recambio de cinta de estarcido Casio<\/a>. <\/h1>\n<p>Por fin tenemos la soluci\u00f3n para hacer plantillas r\u00e1pidas, f\u00e1ciles y muy asequibles en casa o en el taller.<\/p>\n<p>Necesitas impresora y cinta de estarcir para el marcado (el marcado electroqu\u00edmico es el grabado electroqu\u00edmico de la superficie met\u00e1lica)<\/p>\n<p>Si utilizas nuestra impresora de plantillas con cintas de plantillas, s\u00f3lo necesitar\u00e1s unos minutos para hacer tu propia plantilla y marcarla r\u00e1pidamente.<\/p>\n<p>Marcado del metal Marcado de la pieza met\u00e1lica con el texto del logotipo o el n\u00famero de serie<\/p>\n<p><em><strong>\u00a1Los n\u00fameros de serie, la fecha, el texto e incluso el logotipo se pueden hacer en un par de minutos!<\/strong><\/em><\/p>\n<p><em><strong>1.\u00bfQu\u00e9 es el marcado electroqu\u00edmico?<\/strong><\/em>  El marcado electroqu\u00edmico es el grabado electroqu\u00edmico de superficies met\u00e1licas mediante una peque\u00f1a cantidad de corriente el\u00e9ctrica, un electrolito, un marcador con almohadilla para contener el electrolito y transportar la corriente y una plantilla con la imagen deseada. <em><strong>2. <a href=\"https:\/\/eu-mark.com\/es\/ventajas-del-grabado-electroquimico\/\">Datos sobre el marcado electroqu\u00edmico<\/a><\/strong> <\/em>(r\u00e1pido, barato, sencillo, seguro y de alta calidad) El marcado electroqu\u00edmico es la t\u00e9cnica m\u00e1s r\u00e1pida para el marcado permanente de superficies met\u00e1licas conductoras. Produce una marca n\u00edtida, limpia, atractiva y econ\u00f3mica, sin da\u00f1ar, estresar ni deformar la pieza marcada. La impresi\u00f3n es duradera y sin bordes. No se produce corrosi\u00f3n ni ning\u00fan otro efecto negativo sobre el material. El proceso dura s\u00f3lo unos segundos y las marcas tienen una profundidad de unos 0,025 mm. Seg\u00fan la funci\u00f3n y el electrolito seleccionados, puedes conseguir marcas de grabado claras, marcas de \u00f3xido negro o marcas blancas en componentes ennegrecidos qu\u00edmicamente. La forma de la pieza puede ser plana, redonda, maciza o hueca, ensamblada o sin ensamblar. El equipo es muy fiable, duradero y se adapta a muchas necesidades industriales. Todo el proceso es muy sencillo, no requiere mucho espacio, puede realizarse durante la fabricaci\u00f3n o antes de la entrega, no requiere ninguna formaci\u00f3n especial y es muy seguro. <em><strong>3. \u00bfD\u00f3nde se puede utilizar el marcado electroqu\u00edmico?<\/strong><\/em> Una amplia gama de fabricantes utiliza el marcado electroqu\u00edmico. El proceso se utiliza mucho para marcar cuchiller\u00eda, herramientas, machos de roscar, taladros, hojas de sierra y en las industrias automovil\u00edstica y aeron\u00e1utica. Tambi\u00e9n las peque\u00f1as empresas, los aficionados y los artistas pueden utilizar el marcado electroqu\u00edmico.<\/p>\n<p><img loading=\"lazy\" decoding=\"async\" class=\"alignnone size-medium wp-image-5228\" src=\"https:\/\/eu-mark.com\/wp-content\/uploads\/2021\/04\/making-template-stencil-printer-01-300x300.jpg\" alt=\"hacer plantilla plantilla impresora\" width=\"300\" height=\"300\" srcset=\"https:\/\/eu-mark.com\/wp-content\/uploads\/2021\/04\/making-template-stencil-printer-01-300x300.jpg 300w, https:\/\/eu-mark.com\/wp-content\/uploads\/2021\/04\/making-template-stencil-printer-01-150x150.jpg 150w, https:\/\/eu-mark.com\/wp-content\/uploads\/2021\/04\/making-template-stencil-printer-01-768x768.jpg 768w, https:\/\/eu-mark.com\/wp-content\/uploads\/2021\/04\/making-template-stencil-printer-01-510x510.jpg 510w, https:\/\/eu-mark.com\/wp-content\/uploads\/2021\/04\/making-template-stencil-printer-01-100x100.jpg 100w, https:\/\/eu-mark.com\/wp-content\/uploads\/2021\/04\/making-template-stencil-printer-01-60x60.jpg 60w, https:\/\/eu-mark.com\/wp-content\/uploads\/2021\/04\/making-template-stencil-printer-01-90x90.jpg 90w, https:\/\/eu-mark.com\/wp-content\/uploads\/2021\/04\/making-template-stencil-printer-01.jpg 1000w\" sizes=\"auto, (max-width: 300px) 100vw, 300px\" \/><\/p>\n<p>Marcado del metal Marcado de la pieza met\u00e1lica con el texto del logotipo o el n\u00famero de serie<\/p>\n","protected":false},"excerpt":{"rendered":"<p><strong>Env\u00edo GRATIS a todo el mundo<\/strong><\/p>\n<p>tarjeta de d\u00e9bito o cr\u00e9dito proceder con PayPal al pagar No necesitas tener cuenta PayPal<\/p>\n<p>Por fin tenemos la soluci\u00f3n para hacer plantillas r\u00e1pidas, f\u00e1ciles y muy asequibles en casa o en el taller.<\/p>\n<p>Necesitas impresora y cinta de estarcir para el marcado (el marcado electroqu\u00edmico es el grabado electroqu\u00edmico de la superficie met\u00e1lica)<\/p>\n<p>Si utilizas nuestra impresora de plantillas con cintas de plantillas, s\u00f3lo necesitar\u00e1s unos minutos para hacer tu propia plantilla y marcarla r\u00e1pidamente.<\/p>\n<p><em><strong>\u00a1Los n\u00fameros de serie, la fecha, el texto e incluso el logotipo se pueden hacer en un par de minutos!<\/strong><\/em><\/p>\n","protected":false},"featured_media":6449,"comment_status":"open","ping_status":"closed","template":"","meta":[],"product_brand":[],"product_cat":[95],"product_tag":[],"class_list":{"0":"post-6566","1":"product","2":"type-product","3":"status-publish","4":"has-post-thumbnail","6":"product_cat-grabado-electroquimico","8":"first","9":"instock","10":"shipping-taxable","11":"purchasable","12":"product-type-simple"},"yoast_head":"<!-- This site is optimized with the Yoast SEO plugin v27.4 - https:\/\/yoast.com\/product\/yoast-seo-wordpress\/ -->\n<title>Marcado del metal Marcado de la pieza met\u00e1lica con el texto del logotipo o el n\u00famero de serie<\/title>\n<meta name=\"description\" content=\"Marcar metal Marcar la pieza met\u00e1lica con el texto del logotipo o el n\u00famero de serie. Por fin tenemos la soluci\u00f3n para hacer plantillas r\u00e1pidas, f\u00e1ciles y muy econ\u00f3micas en casa o en el taller.Necesitas impresora y cinta de plantillas para marcar\" \/>\n<meta name=\"robots\" content=\"index, follow, max-snippet:-1, max-image-preview:large, max-video-preview:-1\" \/>\n<link rel=\"canonical\" href=\"https:\/\/eu-mark.com\/es\/product\/impresora-estencil-eumark-58mm-con-cintas-estencil-6-uds-58mmx10metros-de-largo\/\" \/>\n<meta property=\"og:locale\" content=\"es_ES\" \/>\n<meta property=\"og:type\" content=\"article\" \/>\n<meta property=\"og:title\" content=\"Marcado del metal Marcado de la pieza met\u00e1lica con el texto del logotipo o el n\u00famero de serie\" \/>\n<meta property=\"og:description\" content=\"Marcar metal Marcar la pieza met\u00e1lica con el texto del logotipo o el n\u00famero de serie. Por fin tenemos la soluci\u00f3n para hacer plantillas r\u00e1pidas, f\u00e1ciles y muy econ\u00f3micas en casa o en el taller.Necesitas impresora y cinta de plantillas para marcar\" \/>\n<meta property=\"og:url\" content=\"https:\/\/eu-mark.com\/es\/product\/impresora-estencil-eumark-58mm-con-cintas-estencil-6-uds-58mmx10metros-de-largo\/\" \/>\n<meta property=\"og:site_name\" content=\"Electrochemical marking etching\" \/>\n<meta property=\"article:publisher\" content=\"https:\/\/www.facebook.com\/eumark.de\/\" \/>\n<meta property=\"og:image\" content=\"https:\/\/eu-mark.com\/wp-content\/uploads\/2021\/04\/stencil_printer_eumark_P58D_2inch.jpg\" \/>\n\t<meta property=\"og:image:width\" content=\"1000\" \/>\n\t<meta property=\"og:image:height\" content=\"1000\" \/>\n\t<meta property=\"og:image:type\" content=\"image\/jpeg\" \/>\n<meta name=\"twitter:card\" content=\"summary_large_image\" \/>\n<meta name=\"twitter:label1\" content=\"Tiempo de lectura\" \/>\n\t<meta name=\"twitter:data1\" content=\"2 minutos\" \/>\n<script type=\"application\/ld+json\" class=\"yoast-schema-graph\">{\"@context\":\"https:\\\/\\\/schema.org\",\"@graph\":[{\"@type\":\"WebPage\",\"@id\":\"https:\\\/\\\/eu-mark.com\\\/es\\\/product\\\/impresora-estencil-eumark-58mm-con-cintas-estencil-6-uds-58mmx10metros-de-largo\\\/\",\"url\":\"https:\\\/\\\/eu-mark.com\\\/es\\\/product\\\/impresora-estencil-eumark-58mm-con-cintas-estencil-6-uds-58mmx10metros-de-largo\\\/\",\"name\":\"Marcado del metal Marcado de la pieza met\u00e1lica con el texto del logotipo o el n\u00famero de serie\",\"isPartOf\":{\"@id\":\"https:\\\/\\\/eu-mark.com\\\/es\\\/#website\"},\"primaryImageOfPage\":{\"@id\":\"https:\\\/\\\/eu-mark.com\\\/es\\\/product\\\/impresora-estencil-eumark-58mm-con-cintas-estencil-6-uds-58mmx10metros-de-largo\\\/#primaryimage\"},\"image\":{\"@id\":\"https:\\\/\\\/eu-mark.com\\\/es\\\/product\\\/impresora-estencil-eumark-58mm-con-cintas-estencil-6-uds-58mmx10metros-de-largo\\\/#primaryimage\"},\"thumbnailUrl\":\"https:\\\/\\\/eu-mark.com\\\/wp-content\\\/uploads\\\/2021\\\/04\\\/stencil_printer_eumark_P58D_2inch.jpg\",\"datePublished\":\"2021-03-25T11:39:13+00:00\",\"description\":\"Marcar metal Marcar la pieza met\u00e1lica con el texto del logotipo o el n\u00famero de serie. Por fin tenemos la soluci\u00f3n para hacer plantillas r\u00e1pidas, f\u00e1ciles y muy econ\u00f3micas en casa o en el taller.Necesitas impresora y cinta de plantillas para marcar\",\"breadcrumb\":{\"@id\":\"https:\\\/\\\/eu-mark.com\\\/es\\\/product\\\/impresora-estencil-eumark-58mm-con-cintas-estencil-6-uds-58mmx10metros-de-largo\\\/#breadcrumb\"},\"inLanguage\":\"es\",\"potentialAction\":[{\"@type\":\"ReadAction\",\"target\":[\"https:\\\/\\\/eu-mark.com\\\/es\\\/product\\\/impresora-estencil-eumark-58mm-con-cintas-estencil-6-uds-58mmx10metros-de-largo\\\/\"]}]},{\"@type\":\"ImageObject\",\"inLanguage\":\"es\",\"@id\":\"https:\\\/\\\/eu-mark.com\\\/es\\\/product\\\/impresora-estencil-eumark-58mm-con-cintas-estencil-6-uds-58mmx10metros-de-largo\\\/#primaryimage\",\"url\":\"https:\\\/\\\/eu-mark.com\\\/wp-content\\\/uploads\\\/2021\\\/04\\\/stencil_printer_eumark_P58D_2inch.jpg\",\"contentUrl\":\"https:\\\/\\\/eu-mark.com\\\/wp-content\\\/uploads\\\/2021\\\/04\\\/stencil_printer_eumark_P58D_2inch.jpg\",\"width\":1000,\"height\":1000},{\"@type\":\"BreadcrumbList\",\"@id\":\"https:\\\/\\\/eu-mark.com\\\/es\\\/product\\\/impresora-estencil-eumark-58mm-con-cintas-estencil-6-uds-58mmx10metros-de-largo\\\/#breadcrumb\",\"itemListElement\":[{\"@type\":\"ListItem\",\"position\":1,\"name\":\"Inicio\",\"item\":\"https:\\\/\\\/eu-mark.com\\\/es\\\/home\\\/\"},{\"@type\":\"ListItem\",\"position\":2,\"name\":\"Tienda\",\"item\":\"https:\\\/\\\/eu-mark.com\\\/es\\\/tienda\\\/\"},{\"@type\":\"ListItem\",\"position\":3,\"name\":\"Impresora est\u00e9ncil EUmark 58mm con cintas est\u00e9ncil 6 uds (58mmx10metros de largo)\"}]},{\"@type\":\"WebSite\",\"@id\":\"https:\\\/\\\/eu-mark.com\\\/es\\\/#website\",\"url\":\"https:\\\/\\\/eu-mark.com\\\/es\\\/\",\"name\":\"eu-mark.com\",\"description\":\"Electrochemical marking etching\",\"publisher\":{\"@id\":\"https:\\\/\\\/eu-mark.com\\\/es\\\/#organization\"},\"potentialAction\":[{\"@type\":\"SearchAction\",\"target\":{\"@type\":\"EntryPoint\",\"urlTemplate\":\"https:\\\/\\\/eu-mark.com\\\/es\\\/?s={search_term_string}\"},\"query-input\":{\"@type\":\"PropertyValueSpecification\",\"valueRequired\":true,\"valueName\":\"search_term_string\"}}],\"inLanguage\":\"es\"},{\"@type\":\"Organization\",\"@id\":\"https:\\\/\\\/eu-mark.com\\\/es\\\/#organization\",\"name\":\"EUMARK\",\"url\":\"https:\\\/\\\/eu-mark.com\\\/es\\\/\",\"logo\":{\"@type\":\"ImageObject\",\"inLanguage\":\"es\",\"@id\":\"https:\\\/\\\/eu-mark.com\\\/es\\\/#\\\/schema\\\/logo\\\/image\\\/\",\"url\":\"https:\\\/\\\/eu-mark.com\\\/wp-content\\\/uploads\\\/2025\\\/02\\\/eumark-logo-samo-EU-2018_06_19-10_17_06-UTC.jpg\",\"contentUrl\":\"https:\\\/\\\/eu-mark.com\\\/wp-content\\\/uploads\\\/2025\\\/02\\\/eumark-logo-samo-EU-2018_06_19-10_17_06-UTC.jpg\",\"width\":264,\"height\":268,\"caption\":\"EUMARK\"},\"image\":{\"@id\":\"https:\\\/\\\/eu-mark.com\\\/es\\\/#\\\/schema\\\/logo\\\/image\\\/\"},\"sameAs\":[\"https:\\\/\\\/www.facebook.com\\\/eumark.de\\\/\",\"https:\\\/\\\/www.youtube.com\\\/channel\\\/UCehJsM6xcqIQLzp0y9MjYPg\",\"https:\\\/\\\/www.linkedin.com\\\/company\\\/eumark\\\/\",\"https:\\\/\\\/www.instagram.com\\\/eumark_de\"]}]}<\/script>\n<!-- \/ Yoast SEO plugin. -->","yoast_head_json":{"title":"Marcado del metal Marcado de la pieza met\u00e1lica con el texto del logotipo o el n\u00famero de serie","description":"Marcar metal Marcar la pieza met\u00e1lica con el texto del logotipo o el n\u00famero de serie. Por fin tenemos la soluci\u00f3n para hacer plantillas r\u00e1pidas, f\u00e1ciles y muy econ\u00f3micas en casa o en el taller.Necesitas impresora y cinta de plantillas para marcar","robots":{"index":"index","follow":"follow","max-snippet":"max-snippet:-1","max-image-preview":"max-image-preview:large","max-video-preview":"max-video-preview:-1"},"canonical":"https:\/\/eu-mark.com\/es\/product\/impresora-estencil-eumark-58mm-con-cintas-estencil-6-uds-58mmx10metros-de-largo\/","og_locale":"es_ES","og_type":"article","og_title":"Marcado del metal Marcado de la pieza met\u00e1lica con el texto del logotipo o el n\u00famero de serie","og_description":"Marcar metal Marcar la pieza met\u00e1lica con el texto del logotipo o el n\u00famero de serie. Por fin tenemos la soluci\u00f3n para hacer plantillas r\u00e1pidas, f\u00e1ciles y muy econ\u00f3micas en casa o en el taller.Necesitas impresora y cinta de plantillas para marcar","og_url":"https:\/\/eu-mark.com\/es\/product\/impresora-estencil-eumark-58mm-con-cintas-estencil-6-uds-58mmx10metros-de-largo\/","og_site_name":"Electrochemical marking etching","article_publisher":"https:\/\/www.facebook.com\/eumark.de\/","og_image":[{"width":1000,"height":1000,"url":"https:\/\/eu-mark.com\/wp-content\/uploads\/2021\/04\/stencil_printer_eumark_P58D_2inch.jpg","type":"image\/jpeg"}],"twitter_card":"summary_large_image","twitter_misc":{"Tiempo de lectura":"2 minutos"},"schema":{"@context":"https:\/\/schema.org","@graph":[{"@type":"WebPage","@id":"https:\/\/eu-mark.com\/es\/product\/impresora-estencil-eumark-58mm-con-cintas-estencil-6-uds-58mmx10metros-de-largo\/","url":"https:\/\/eu-mark.com\/es\/product\/impresora-estencil-eumark-58mm-con-cintas-estencil-6-uds-58mmx10metros-de-largo\/","name":"Marcado del metal Marcado de la pieza met\u00e1lica con el texto del logotipo o el n\u00famero de serie","isPartOf":{"@id":"https:\/\/eu-mark.com\/es\/#website"},"primaryImageOfPage":{"@id":"https:\/\/eu-mark.com\/es\/product\/impresora-estencil-eumark-58mm-con-cintas-estencil-6-uds-58mmx10metros-de-largo\/#primaryimage"},"image":{"@id":"https:\/\/eu-mark.com\/es\/product\/impresora-estencil-eumark-58mm-con-cintas-estencil-6-uds-58mmx10metros-de-largo\/#primaryimage"},"thumbnailUrl":"https:\/\/eu-mark.com\/wp-content\/uploads\/2021\/04\/stencil_printer_eumark_P58D_2inch.jpg","datePublished":"2021-03-25T11:39:13+00:00","description":"Marcar metal Marcar la pieza met\u00e1lica con el texto del logotipo o el n\u00famero de serie. Por fin tenemos la soluci\u00f3n para hacer plantillas r\u00e1pidas, f\u00e1ciles y muy econ\u00f3micas en casa o en el taller.Necesitas impresora y cinta de plantillas para marcar","breadcrumb":{"@id":"https:\/\/eu-mark.com\/es\/product\/impresora-estencil-eumark-58mm-con-cintas-estencil-6-uds-58mmx10metros-de-largo\/#breadcrumb"},"inLanguage":"es","potentialAction":[{"@type":"ReadAction","target":["https:\/\/eu-mark.com\/es\/product\/impresora-estencil-eumark-58mm-con-cintas-estencil-6-uds-58mmx10metros-de-largo\/"]}]},{"@type":"ImageObject","inLanguage":"es","@id":"https:\/\/eu-mark.com\/es\/product\/impresora-estencil-eumark-58mm-con-cintas-estencil-6-uds-58mmx10metros-de-largo\/#primaryimage","url":"https:\/\/eu-mark.com\/wp-content\/uploads\/2021\/04\/stencil_printer_eumark_P58D_2inch.jpg","contentUrl":"https:\/\/eu-mark.com\/wp-content\/uploads\/2021\/04\/stencil_printer_eumark_P58D_2inch.jpg","width":1000,"height":1000},{"@type":"BreadcrumbList","@id":"https:\/\/eu-mark.com\/es\/product\/impresora-estencil-eumark-58mm-con-cintas-estencil-6-uds-58mmx10metros-de-largo\/#breadcrumb","itemListElement":[{"@type":"ListItem","position":1,"name":"Inicio","item":"https:\/\/eu-mark.com\/es\/home\/"},{"@type":"ListItem","position":2,"name":"Tienda","item":"https:\/\/eu-mark.com\/es\/tienda\/"},{"@type":"ListItem","position":3,"name":"Impresora est\u00e9ncil EUmark 58mm con cintas est\u00e9ncil 6 uds (58mmx10metros de largo)"}]},{"@type":"WebSite","@id":"https:\/\/eu-mark.com\/es\/#website","url":"https:\/\/eu-mark.com\/es\/","name":"eu-mark.com","description":"Electrochemical marking etching","publisher":{"@id":"https:\/\/eu-mark.com\/es\/#organization"},"potentialAction":[{"@type":"SearchAction","target":{"@type":"EntryPoint","urlTemplate":"https:\/\/eu-mark.com\/es\/?s={search_term_string}"},"query-input":{"@type":"PropertyValueSpecification","valueRequired":true,"valueName":"search_term_string"}}],"inLanguage":"es"},{"@type":"Organization","@id":"https:\/\/eu-mark.com\/es\/#organization","name":"EUMARK","url":"https:\/\/eu-mark.com\/es\/","logo":{"@type":"ImageObject","inLanguage":"es","@id":"https:\/\/eu-mark.com\/es\/#\/schema\/logo\/image\/","url":"https:\/\/eu-mark.com\/wp-content\/uploads\/2025\/02\/eumark-logo-samo-EU-2018_06_19-10_17_06-UTC.jpg","contentUrl":"https:\/\/eu-mark.com\/wp-content\/uploads\/2025\/02\/eumark-logo-samo-EU-2018_06_19-10_17_06-UTC.jpg","width":264,"height":268,"caption":"EUMARK"},"image":{"@id":"https:\/\/eu-mark.com\/es\/#\/schema\/logo\/image\/"},"sameAs":["https:\/\/www.facebook.com\/eumark.de\/","https:\/\/www.youtube.com\/channel\/UCehJsM6xcqIQLzp0y9MjYPg","https:\/\/www.linkedin.com\/company\/eumark\/","https:\/\/www.instagram.com\/eumark_de"]}]}},"_links":{"self":[{"href":"https:\/\/eu-mark.com\/es\/wp-json\/wp\/v2\/product\/6566","targetHints":{"allow":["GET"]}}],"collection":[{"href":"https:\/\/eu-mark.com\/es\/wp-json\/wp\/v2\/product"}],"about":[{"href":"https:\/\/eu-mark.com\/es\/wp-json\/wp\/v2\/types\/product"}],"replies":[{"embeddable":true,"href":"https:\/\/eu-mark.com\/es\/wp-json\/wp\/v2\/comments?post=6566"}],"wp:featuredmedia":[{"embeddable":true,"href":"https:\/\/eu-mark.com\/es\/wp-json\/wp\/v2\/media\/6449"}],"wp:attachment":[{"href":"https:\/\/eu-mark.com\/es\/wp-json\/wp\/v2\/media?parent=6566"}],"wp:term":[{"taxonomy":"product_brand","embeddable":true,"href":"https:\/\/eu-mark.com\/es\/wp-json\/wp\/v2\/product_brand?post=6566"},{"taxonomy":"product_cat","embeddable":true,"href":"https:\/\/eu-mark.com\/es\/wp-json\/wp\/v2\/product_cat?post=6566"},{"taxonomy":"product_tag","embeddable":true,"href":"https:\/\/eu-mark.com\/es\/wp-json\/wp\/v2\/product_tag?post=6566"}],"curies":[{"name":"wp","href":"https:\/\/api.w.org\/{rel}","templated":true}]}}