{"id":6568,"date":"2021-08-27T08:53:01","date_gmt":"2021-08-27T08:53:01","guid":{"rendered":"https:\/\/eu-mark.com\/product\/m21-m22-m23-n11-electrolito-para-marcaje-electroquimico-4x-500ml-16-9-fl-oz-juego-de-4\/"},"modified":"2021-08-27T08:53:01","modified_gmt":"2021-08-27T08:53:01","slug":"m21-m22-m23-n11-electrolito-para-marcaje-electroquimico-4x-500ml-16-9-fl-oz-juego-de-4","status":"publish","type":"product","link":"https:\/\/eu-mark.com\/es\/product\/m21-m22-m23-n11-electrolito-para-marcaje-electroquimico-4x-500ml-16-9-fl-oz-juego-de-4\/","title":{"rendered":"M21 M22 M23 N11 Electrolito para marcaje electroqu\u00edmico 4x 500ml 16.9 fl. oz. Juego de 4"},"content":{"rendered":"<p><a href=\"https:\/\/eu-mark.com\/es\/lograr-marcas-notables-con-los-electrolitos-eumark-desatando-el-poder-de-la-excelencia\/\">Los electrolitos Eumark<\/a> son el ep\u00edtome de la excelencia en marcaje, respaldados por m\u00e1s de dos d\u00e9cadas de experiencia en el sector. Tanto si eliges M21 para una excelencia constante, M22 para marcas oscuras e impresionantes, M23 para un brillo no corrosivo o N11 para prevenir la corrosi\u00f3n. Con m\u00e1s de 20 a\u00f1os de experiencia, Eumark ha desarrollado una gama de electrolitos que ofrecen un rendimiento extraordinario y marcas impresionantes. Caracter\u00edsticas principales y aplicaciones objetivo de <a href=\"https:\/\/eumark.biz\/en-us\/blogs\/news\/achieving-remarkable-marks-with-eumark-electrolytes-unleashing-the-power-of-excellence\">los electrolitos Eumark-M21, M22, M23 y N11.<\/a> M21 es muy bueno para marcar muchas veces con la misma humectaci\u00f3n del fieltro, posee capacidad de autolimpieza<br \/>\nM22 es muy oscuro, pero hay que limpiar a menudo la pantalla y el fieltro. pH 7 muy ecol\u00f3gico&#8230;<br \/>\nM23 no es corrosivo, s\u00f3lo hay que marcar y limpiar con un pa\u00f1o despu\u00e9s, no es necesaria la neutralidad de aceros muy corrosivos, como la sierra o algunos aceros para herramientas<br \/>\nN11 Neutralidad con indicador de pH <\/p>\n","protected":false},"excerpt":{"rendered":"<div><strong>Env\u00edo mundial GRATUITO incluido<\/strong><\/div>\n<div><\/div>\n<div><strong>Opciones de pago seguras<\/strong><\/div>\n<div><\/div>\n<div>Paga c\u00f3modamente con tu tarjeta de d\u00e9bito o cr\u00e9dito a trav\u00e9s de PayPal durante el pago. <strong>No se requiere cuenta PayPal<\/strong>.<\/div>\n<p>M21 es muy bueno para marcar muchas veces con la misma humectaci\u00f3n del fieltro, posee capacidad de autolimpieza<br \/>\nM22 es muy oscuro, pero hay que limpiar a menudo la pantalla y el fieltro. pH 7 muy ecol\u00f3gico&#8230;<br \/>\nM23 no es corrosivo, s\u00f3lo hay que marcar y limpiar con un pa\u00f1o despu\u00e9s, no es necesaria la neutralidad de aceros muy corrosivos, como la sierra o algunos aceros para herramientas<br \/>\nN11 Neutralidad con indicador de pH <\/p>\n","protected":false},"featured_media":6405,"comment_status":"open","ping_status":"closed","template":"","meta":[],"product_brand":[],"product_cat":[78],"product_tag":[76,73,71,101,74,75,72],"class_list":{"0":"post-6568","1":"product","2":"type-product","3":"status-publish","4":"has-post-thumbnail","6":"product_cat-productos-quimicos","7":"product_tag-acero","8":"product_tag-cuchillo","9":"product_tag-electroquimico","10":"product_tag-grabado-es","11":"product_tag-grabado","12":"product_tag-maquina","13":"product_tag-marcado","15":"first","16":"instock","17":"shipping-taxable","18":"purchasable","19":"product-type-simple"},"yoast_head":"<!-- This site is optimized with the Yoast SEO plugin v27.4 - https:\/\/yoast.com\/product\/yoast-seo-wordpress\/ -->\n<title>Electrolito para marcado electroqu\u00edmico grabado profundo o marca extra<\/title>\n<meta name=\"description\" content=\"Electrolito para marcaje electroqu\u00edmico grabado profundo o extra marcado. Con m\u00e1s de 20 a\u00f1os de experiencia, Eumark ha desarrollado una gama de electrolitos que ofrecen un rendimiento excepcional. M21 M22 M23 N11 Electrolito para marcaje electroqu\u00edmico 4x 500ml 16.9 fl. oz. Juego de 4\" \/>\n<meta name=\"robots\" content=\"index, follow, max-snippet:-1, max-image-preview:large, max-video-preview:-1\" \/>\n<link rel=\"canonical\" href=\"https:\/\/eu-mark.com\/es\/product\/m21-m22-m23-n11-electrolito-para-marcaje-electroquimico-4x-500ml-16-9-fl-oz-juego-de-4\/\" \/>\n<meta property=\"og:locale\" content=\"es_ES\" \/>\n<meta property=\"og:type\" content=\"article\" \/>\n<meta property=\"og:title\" content=\"Electrolito para marcado electroqu\u00edmico grabado profundo o marca extra\" \/>\n<meta property=\"og:description\" content=\"Electrolito para marcaje electroqu\u00edmico grabado profundo o extra marcado. Con m\u00e1s de 20 a\u00f1os de experiencia, Eumark ha desarrollado una gama de electrolitos que ofrecen un rendimiento excepcional. M21 M22 M23 N11 Electrolito para marcaje electroqu\u00edmico 4x 500ml 16.9 fl. oz. Juego de 4\" \/>\n<meta property=\"og:url\" content=\"https:\/\/eu-mark.com\/es\/product\/m21-m22-m23-n11-electrolito-para-marcaje-electroquimico-4x-500ml-16-9-fl-oz-juego-de-4\/\" \/>\n<meta property=\"og:site_name\" content=\"Electrochemical marking etching\" \/>\n<meta property=\"article:publisher\" content=\"https:\/\/www.facebook.com\/eumark.de\/\" \/>\n<meta property=\"og:image\" content=\"https:\/\/eu-mark.com\/wp-content\/uploads\/2023\/08\/eumark_marking_engraving_electrolyte_fluid_19.jpg\" \/>\n\t<meta property=\"og:image:width\" content=\"1000\" \/>\n\t<meta property=\"og:image:height\" content=\"1000\" \/>\n\t<meta property=\"og:image:type\" content=\"image\/jpeg\" \/>\n<meta name=\"twitter:card\" content=\"summary_large_image\" \/>\n<meta name=\"twitter:label1\" content=\"Tiempo de lectura\" \/>\n\t<meta name=\"twitter:data1\" content=\"1 minuto\" \/>\n<script type=\"application\/ld+json\" class=\"yoast-schema-graph\">{\"@context\":\"https:\\\/\\\/schema.org\",\"@graph\":[{\"@type\":\"WebPage\",\"@id\":\"https:\\\/\\\/eu-mark.com\\\/es\\\/product\\\/m21-m22-m23-n11-electrolito-para-marcaje-electroquimico-4x-500ml-16-9-fl-oz-juego-de-4\\\/\",\"url\":\"https:\\\/\\\/eu-mark.com\\\/es\\\/product\\\/m21-m22-m23-n11-electrolito-para-marcaje-electroquimico-4x-500ml-16-9-fl-oz-juego-de-4\\\/\",\"name\":\"Electrolito para marcado electroqu\u00edmico grabado profundo o marca extra\",\"isPartOf\":{\"@id\":\"https:\\\/\\\/eu-mark.com\\\/es\\\/#website\"},\"primaryImageOfPage\":{\"@id\":\"https:\\\/\\\/eu-mark.com\\\/es\\\/product\\\/m21-m22-m23-n11-electrolito-para-marcaje-electroquimico-4x-500ml-16-9-fl-oz-juego-de-4\\\/#primaryimage\"},\"image\":{\"@id\":\"https:\\\/\\\/eu-mark.com\\\/es\\\/product\\\/m21-m22-m23-n11-electrolito-para-marcaje-electroquimico-4x-500ml-16-9-fl-oz-juego-de-4\\\/#primaryimage\"},\"thumbnailUrl\":\"https:\\\/\\\/eu-mark.com\\\/wp-content\\\/uploads\\\/2023\\\/08\\\/eumark_marking_engraving_electrolyte_fluid_19.jpg\",\"datePublished\":\"2021-08-27T08:53:01+00:00\",\"description\":\"Electrolito para marcaje electroqu\u00edmico grabado profundo o extra marcado. Con m\u00e1s de 20 a\u00f1os de experiencia, Eumark ha desarrollado una gama de electrolitos que ofrecen un rendimiento excepcional. M21 M22 M23 N11 Electrolito para marcaje electroqu\u00edmico 4x 500ml 16.9 fl. oz. Juego de 4\",\"breadcrumb\":{\"@id\":\"https:\\\/\\\/eu-mark.com\\\/es\\\/product\\\/m21-m22-m23-n11-electrolito-para-marcaje-electroquimico-4x-500ml-16-9-fl-oz-juego-de-4\\\/#breadcrumb\"},\"inLanguage\":\"es\",\"potentialAction\":[{\"@type\":\"ReadAction\",\"target\":[\"https:\\\/\\\/eu-mark.com\\\/es\\\/product\\\/m21-m22-m23-n11-electrolito-para-marcaje-electroquimico-4x-500ml-16-9-fl-oz-juego-de-4\\\/\"]}]},{\"@type\":\"ImageObject\",\"inLanguage\":\"es\",\"@id\":\"https:\\\/\\\/eu-mark.com\\\/es\\\/product\\\/m21-m22-m23-n11-electrolito-para-marcaje-electroquimico-4x-500ml-16-9-fl-oz-juego-de-4\\\/#primaryimage\",\"url\":\"https:\\\/\\\/eu-mark.com\\\/wp-content\\\/uploads\\\/2023\\\/08\\\/eumark_marking_engraving_electrolyte_fluid_19.jpg\",\"contentUrl\":\"https:\\\/\\\/eu-mark.com\\\/wp-content\\\/uploads\\\/2023\\\/08\\\/eumark_marking_engraving_electrolyte_fluid_19.jpg\",\"width\":1000,\"height\":1000},{\"@type\":\"BreadcrumbList\",\"@id\":\"https:\\\/\\\/eu-mark.com\\\/es\\\/product\\\/m21-m22-m23-n11-electrolito-para-marcaje-electroquimico-4x-500ml-16-9-fl-oz-juego-de-4\\\/#breadcrumb\",\"itemListElement\":[{\"@type\":\"ListItem\",\"position\":1,\"name\":\"Inicio\",\"item\":\"https:\\\/\\\/eu-mark.com\\\/es\\\/home\\\/\"},{\"@type\":\"ListItem\",\"position\":2,\"name\":\"Tienda\",\"item\":\"https:\\\/\\\/eu-mark.com\\\/es\\\/tienda\\\/\"},{\"@type\":\"ListItem\",\"position\":3,\"name\":\"M21 M22 M23 N11 Electrolito para marcaje electroqu\u00edmico 4x 500ml 16.9 fl. oz. Juego de 4\"}]},{\"@type\":\"WebSite\",\"@id\":\"https:\\\/\\\/eu-mark.com\\\/es\\\/#website\",\"url\":\"https:\\\/\\\/eu-mark.com\\\/es\\\/\",\"name\":\"eu-mark.com\",\"description\":\"Electrochemical marking etching\",\"publisher\":{\"@id\":\"https:\\\/\\\/eu-mark.com\\\/es\\\/#organization\"},\"potentialAction\":[{\"@type\":\"SearchAction\",\"target\":{\"@type\":\"EntryPoint\",\"urlTemplate\":\"https:\\\/\\\/eu-mark.com\\\/es\\\/?s={search_term_string}\"},\"query-input\":{\"@type\":\"PropertyValueSpecification\",\"valueRequired\":true,\"valueName\":\"search_term_string\"}}],\"inLanguage\":\"es\"},{\"@type\":\"Organization\",\"@id\":\"https:\\\/\\\/eu-mark.com\\\/es\\\/#organization\",\"name\":\"EUMARK\",\"url\":\"https:\\\/\\\/eu-mark.com\\\/es\\\/\",\"logo\":{\"@type\":\"ImageObject\",\"inLanguage\":\"es\",\"@id\":\"https:\\\/\\\/eu-mark.com\\\/es\\\/#\\\/schema\\\/logo\\\/image\\\/\",\"url\":\"https:\\\/\\\/eu-mark.com\\\/wp-content\\\/uploads\\\/2025\\\/02\\\/eumark-logo-samo-EU-2018_06_19-10_17_06-UTC.jpg\",\"contentUrl\":\"https:\\\/\\\/eu-mark.com\\\/wp-content\\\/uploads\\\/2025\\\/02\\\/eumark-logo-samo-EU-2018_06_19-10_17_06-UTC.jpg\",\"width\":264,\"height\":268,\"caption\":\"EUMARK\"},\"image\":{\"@id\":\"https:\\\/\\\/eu-mark.com\\\/es\\\/#\\\/schema\\\/logo\\\/image\\\/\"},\"sameAs\":[\"https:\\\/\\\/www.facebook.com\\\/eumark.de\\\/\",\"https:\\\/\\\/www.youtube.com\\\/channel\\\/UCehJsM6xcqIQLzp0y9MjYPg\",\"https:\\\/\\\/www.linkedin.com\\\/company\\\/eumark\\\/\",\"https:\\\/\\\/www.instagram.com\\\/eumark_de\"]}]}<\/script>\n<!-- \/ Yoast SEO plugin. -->","yoast_head_json":{"title":"Electrolito para marcado electroqu\u00edmico grabado profundo o marca extra","description":"Electrolito para marcaje electroqu\u00edmico grabado profundo o extra marcado. Con m\u00e1s de 20 a\u00f1os de experiencia, Eumark ha desarrollado una gama de electrolitos que ofrecen un rendimiento excepcional. M21 M22 M23 N11 Electrolito para marcaje electroqu\u00edmico 4x 500ml 16.9 fl. oz. Juego de 4","robots":{"index":"index","follow":"follow","max-snippet":"max-snippet:-1","max-image-preview":"max-image-preview:large","max-video-preview":"max-video-preview:-1"},"canonical":"https:\/\/eu-mark.com\/es\/product\/m21-m22-m23-n11-electrolito-para-marcaje-electroquimico-4x-500ml-16-9-fl-oz-juego-de-4\/","og_locale":"es_ES","og_type":"article","og_title":"Electrolito para marcado electroqu\u00edmico grabado profundo o marca extra","og_description":"Electrolito para marcaje electroqu\u00edmico grabado profundo o extra marcado. Con m\u00e1s de 20 a\u00f1os de experiencia, Eumark ha desarrollado una gama de electrolitos que ofrecen un rendimiento excepcional. M21 M22 M23 N11 Electrolito para marcaje electroqu\u00edmico 4x 500ml 16.9 fl. oz. Juego de 4","og_url":"https:\/\/eu-mark.com\/es\/product\/m21-m22-m23-n11-electrolito-para-marcaje-electroquimico-4x-500ml-16-9-fl-oz-juego-de-4\/","og_site_name":"Electrochemical marking etching","article_publisher":"https:\/\/www.facebook.com\/eumark.de\/","og_image":[{"width":1000,"height":1000,"url":"https:\/\/eu-mark.com\/wp-content\/uploads\/2023\/08\/eumark_marking_engraving_electrolyte_fluid_19.jpg","type":"image\/jpeg"}],"twitter_card":"summary_large_image","twitter_misc":{"Tiempo de lectura":"1 minuto"},"schema":{"@context":"https:\/\/schema.org","@graph":[{"@type":"WebPage","@id":"https:\/\/eu-mark.com\/es\/product\/m21-m22-m23-n11-electrolito-para-marcaje-electroquimico-4x-500ml-16-9-fl-oz-juego-de-4\/","url":"https:\/\/eu-mark.com\/es\/product\/m21-m22-m23-n11-electrolito-para-marcaje-electroquimico-4x-500ml-16-9-fl-oz-juego-de-4\/","name":"Electrolito para marcado electroqu\u00edmico grabado profundo o marca extra","isPartOf":{"@id":"https:\/\/eu-mark.com\/es\/#website"},"primaryImageOfPage":{"@id":"https:\/\/eu-mark.com\/es\/product\/m21-m22-m23-n11-electrolito-para-marcaje-electroquimico-4x-500ml-16-9-fl-oz-juego-de-4\/#primaryimage"},"image":{"@id":"https:\/\/eu-mark.com\/es\/product\/m21-m22-m23-n11-electrolito-para-marcaje-electroquimico-4x-500ml-16-9-fl-oz-juego-de-4\/#primaryimage"},"thumbnailUrl":"https:\/\/eu-mark.com\/wp-content\/uploads\/2023\/08\/eumark_marking_engraving_electrolyte_fluid_19.jpg","datePublished":"2021-08-27T08:53:01+00:00","description":"Electrolito para marcaje electroqu\u00edmico grabado profundo o extra marcado. Con m\u00e1s de 20 a\u00f1os de experiencia, Eumark ha desarrollado una gama de electrolitos que ofrecen un rendimiento excepcional. M21 M22 M23 N11 Electrolito para marcaje electroqu\u00edmico 4x 500ml 16.9 fl. oz. Juego de 4","breadcrumb":{"@id":"https:\/\/eu-mark.com\/es\/product\/m21-m22-m23-n11-electrolito-para-marcaje-electroquimico-4x-500ml-16-9-fl-oz-juego-de-4\/#breadcrumb"},"inLanguage":"es","potentialAction":[{"@type":"ReadAction","target":["https:\/\/eu-mark.com\/es\/product\/m21-m22-m23-n11-electrolito-para-marcaje-electroquimico-4x-500ml-16-9-fl-oz-juego-de-4\/"]}]},{"@type":"ImageObject","inLanguage":"es","@id":"https:\/\/eu-mark.com\/es\/product\/m21-m22-m23-n11-electrolito-para-marcaje-electroquimico-4x-500ml-16-9-fl-oz-juego-de-4\/#primaryimage","url":"https:\/\/eu-mark.com\/wp-content\/uploads\/2023\/08\/eumark_marking_engraving_electrolyte_fluid_19.jpg","contentUrl":"https:\/\/eu-mark.com\/wp-content\/uploads\/2023\/08\/eumark_marking_engraving_electrolyte_fluid_19.jpg","width":1000,"height":1000},{"@type":"BreadcrumbList","@id":"https:\/\/eu-mark.com\/es\/product\/m21-m22-m23-n11-electrolito-para-marcaje-electroquimico-4x-500ml-16-9-fl-oz-juego-de-4\/#breadcrumb","itemListElement":[{"@type":"ListItem","position":1,"name":"Inicio","item":"https:\/\/eu-mark.com\/es\/home\/"},{"@type":"ListItem","position":2,"name":"Tienda","item":"https:\/\/eu-mark.com\/es\/tienda\/"},{"@type":"ListItem","position":3,"name":"M21 M22 M23 N11 Electrolito para marcaje electroqu\u00edmico 4x 500ml 16.9 fl. oz. Juego de 4"}]},{"@type":"WebSite","@id":"https:\/\/eu-mark.com\/es\/#website","url":"https:\/\/eu-mark.com\/es\/","name":"eu-mark.com","description":"Electrochemical marking etching","publisher":{"@id":"https:\/\/eu-mark.com\/es\/#organization"},"potentialAction":[{"@type":"SearchAction","target":{"@type":"EntryPoint","urlTemplate":"https:\/\/eu-mark.com\/es\/?s={search_term_string}"},"query-input":{"@type":"PropertyValueSpecification","valueRequired":true,"valueName":"search_term_string"}}],"inLanguage":"es"},{"@type":"Organization","@id":"https:\/\/eu-mark.com\/es\/#organization","name":"EUMARK","url":"https:\/\/eu-mark.com\/es\/","logo":{"@type":"ImageObject","inLanguage":"es","@id":"https:\/\/eu-mark.com\/es\/#\/schema\/logo\/image\/","url":"https:\/\/eu-mark.com\/wp-content\/uploads\/2025\/02\/eumark-logo-samo-EU-2018_06_19-10_17_06-UTC.jpg","contentUrl":"https:\/\/eu-mark.com\/wp-content\/uploads\/2025\/02\/eumark-logo-samo-EU-2018_06_19-10_17_06-UTC.jpg","width":264,"height":268,"caption":"EUMARK"},"image":{"@id":"https:\/\/eu-mark.com\/es\/#\/schema\/logo\/image\/"},"sameAs":["https:\/\/www.facebook.com\/eumark.de\/","https:\/\/www.youtube.com\/channel\/UCehJsM6xcqIQLzp0y9MjYPg","https:\/\/www.linkedin.com\/company\/eumark\/","https:\/\/www.instagram.com\/eumark_de"]}]}},"_links":{"self":[{"href":"https:\/\/eu-mark.com\/es\/wp-json\/wp\/v2\/product\/6568","targetHints":{"allow":["GET"]}}],"collection":[{"href":"https:\/\/eu-mark.com\/es\/wp-json\/wp\/v2\/product"}],"about":[{"href":"https:\/\/eu-mark.com\/es\/wp-json\/wp\/v2\/types\/product"}],"replies":[{"embeddable":true,"href":"https:\/\/eu-mark.com\/es\/wp-json\/wp\/v2\/comments?post=6568"}],"wp:featuredmedia":[{"embeddable":true,"href":"https:\/\/eu-mark.com\/es\/wp-json\/wp\/v2\/media\/6405"}],"wp:attachment":[{"href":"https:\/\/eu-mark.com\/es\/wp-json\/wp\/v2\/media?parent=6568"}],"wp:term":[{"taxonomy":"product_brand","embeddable":true,"href":"https:\/\/eu-mark.com\/es\/wp-json\/wp\/v2\/product_brand?post=6568"},{"taxonomy":"product_cat","embeddable":true,"href":"https:\/\/eu-mark.com\/es\/wp-json\/wp\/v2\/product_cat?post=6568"},{"taxonomy":"product_tag","embeddable":true,"href":"https:\/\/eu-mark.com\/es\/wp-json\/wp\/v2\/product_tag?post=6568"}],"curies":[{"name":"wp","href":"https:\/\/api.w.org\/{rel}","templated":true}]}}