{"id":6569,"date":"2017-05-29T14:13:13","date_gmt":"2017-05-29T14:13:13","guid":{"rendered":"https:\/\/eu-mark.com\/product\/2-psc-fieltro-de-marcaje-filz-hq-alta-calidad-para-marcaje-electroquimico-grabado-375x500mm-10-x19\/"},"modified":"2017-05-29T14:13:13","modified_gmt":"2017-05-29T14:13:13","slug":"2-psc-fieltro-de-marcaje-filz-hq-alta-calidad-para-marcaje-electroquimico-grabado-375x500mm-10-x19","status":"publish","type":"product","link":"https:\/\/eu-mark.com\/es\/product\/2-psc-fieltro-de-marcaje-filz-hq-alta-calidad-para-marcaje-electroquimico-grabado-375x500mm-10-x19\/","title":{"rendered":"2 psc Fieltro de marcaje &#8211; Filz HQ Alta calidad para marcaje electroqu\u00edmico grabado 375x500mm 10 \u00abx19\u00bb"},"content":{"rendered":"<p>El fieltro de marcado est\u00e1 dise\u00f1ado para el marcado electroqu\u00edmico y acepta todos los electrolitos de marcado, tambi\u00e9n ayuda a ahorrar producto de marcado para que puedas utilizarlo f\u00e1cilmente durante mucho tiempo, sin necesidad de sustituirlo.<\/p>\n<table align=\"center\">\n<tbody>\n<tr>\n<td>\n<div id=\"ds_div\">\n<p>Si necesitas ayuda o apoyo en el campo del marcado electroqu\u00edmico, como plantillas, electrolitos o cualquier otro tipo de ayuda, ponte en contacto conmigo. Tengo m\u00e1s de 15 a\u00f1os de experiencia en este campo.<\/p>\n<p>Y ponte en contacto conmigo si tienes alguna duda o problema. <b>Tipo B HQ de alta calidad<\/b><\/p>\n<\/div>\n<\/td>\n<\/tr>\n<\/tbody>\n<\/table>\n<p>Si necesitas ayuda o apoyo en el campo del marcado electroqu\u00edmico, como plantillas, electrolitos o cualquier otro tipo de ayuda, ponte en contacto conmigo. Tengo m\u00e1s de 15 a\u00f1os de experiencia en este campo. Si tienes alguna duda o problema, ponte en contacto conmigo.<\/p>\n","protected":false},"excerpt":{"rendered":"<p><strong>Env\u00edo GRATIS a todo el mundo<\/strong><\/p>\n","protected":false},"featured_media":5950,"comment_status":"closed","ping_status":"closed","template":"","meta":[],"product_brand":[],"product_cat":[95],"product_tag":[71,97,98,72],"class_list":{"0":"post-6569","1":"product","2":"type-product","3":"status-publish","4":"has-post-thumbnail","6":"product_cat-grabado-electroquimico","7":"product_tag-electroquimico","8":"product_tag-fieltro","9":"product_tag-filz-es","10":"product_tag-marcado","11":"product_shipping_class-mxxx-es","13":"first","14":"instock","15":"featured","16":"shipping-taxable","17":"purchasable","18":"product-type-simple"},"yoast_head":"<!-- This site is optimized with the Yoast SEO plugin v27.4 - https:\/\/yoast.com\/product\/yoast-seo-wordpress\/ -->\n<title>2 psc Fieltro de marcaje - Filz HQ Alta calidad para marcaje electroqu\u00edmico grabado 375x500mm 10 &quot;x19&quot; - Electrochemical marking etching<\/title>\n<meta name=\"description\" content=\"Env\u00edo GRATIS a todo el mundo\" \/>\n<meta name=\"robots\" content=\"index, follow, max-snippet:-1, max-image-preview:large, max-video-preview:-1\" \/>\n<link rel=\"canonical\" href=\"https:\/\/eu-mark.com\/es\/product\/2-psc-fieltro-de-marcaje-filz-hq-alta-calidad-para-marcaje-electroquimico-grabado-375x500mm-10-x19\/\" \/>\n<meta property=\"og:locale\" content=\"es_ES\" \/>\n<meta property=\"og:type\" content=\"article\" \/>\n<meta property=\"og:title\" content=\"2 psc Fieltro de marcaje - Filz HQ Alta calidad para marcaje electroqu\u00edmico grabado 375x500mm 10 &quot;x19&quot; - Electrochemical marking etching\" \/>\n<meta property=\"og:description\" content=\"Env\u00edo GRATIS a todo el mundo\" \/>\n<meta property=\"og:url\" content=\"https:\/\/eu-mark.com\/es\/product\/2-psc-fieltro-de-marcaje-filz-hq-alta-calidad-para-marcaje-electroquimico-grabado-375x500mm-10-x19\/\" \/>\n<meta property=\"og:site_name\" content=\"Electrochemical marking etching\" \/>\n<meta property=\"article:publisher\" content=\"https:\/\/www.facebook.com\/eumark.de\/\" \/>\n<meta property=\"og:image\" content=\"https:\/\/eu-mark.com\/wp-content\/uploads\/2016\/12\/IMG_7536.jpg\" \/>\n\t<meta property=\"og:image:width\" content=\"1600\" \/>\n\t<meta property=\"og:image:height\" content=\"1067\" \/>\n\t<meta property=\"og:image:type\" content=\"image\/jpeg\" \/>\n<meta name=\"twitter:card\" content=\"summary_large_image\" \/>\n<meta name=\"twitter:label1\" content=\"Tiempo de lectura\" \/>\n\t<meta name=\"twitter:data1\" content=\"1 minuto\" \/>\n<script type=\"application\/ld+json\" class=\"yoast-schema-graph\">{\"@context\":\"https:\\\/\\\/schema.org\",\"@graph\":[{\"@type\":\"WebPage\",\"@id\":\"https:\\\/\\\/eu-mark.com\\\/es\\\/product\\\/2-psc-fieltro-de-marcaje-filz-hq-alta-calidad-para-marcaje-electroquimico-grabado-375x500mm-10-x19\\\/\",\"url\":\"https:\\\/\\\/eu-mark.com\\\/es\\\/product\\\/2-psc-fieltro-de-marcaje-filz-hq-alta-calidad-para-marcaje-electroquimico-grabado-375x500mm-10-x19\\\/\",\"name\":\"2 psc Fieltro de marcaje - Filz HQ Alta calidad para marcaje electroqu\u00edmico grabado 375x500mm 10 \\\"x19\\\" - Electrochemical marking etching\",\"isPartOf\":{\"@id\":\"https:\\\/\\\/eu-mark.com\\\/es\\\/#website\"},\"primaryImageOfPage\":{\"@id\":\"https:\\\/\\\/eu-mark.com\\\/es\\\/product\\\/2-psc-fieltro-de-marcaje-filz-hq-alta-calidad-para-marcaje-electroquimico-grabado-375x500mm-10-x19\\\/#primaryimage\"},\"image\":{\"@id\":\"https:\\\/\\\/eu-mark.com\\\/es\\\/product\\\/2-psc-fieltro-de-marcaje-filz-hq-alta-calidad-para-marcaje-electroquimico-grabado-375x500mm-10-x19\\\/#primaryimage\"},\"thumbnailUrl\":\"https:\\\/\\\/eu-mark.com\\\/wp-content\\\/uploads\\\/2016\\\/12\\\/IMG_7536.jpg\",\"datePublished\":\"2017-05-29T14:13:13+00:00\",\"description\":\"Env\u00edo GRATIS a todo el mundo\",\"breadcrumb\":{\"@id\":\"https:\\\/\\\/eu-mark.com\\\/es\\\/product\\\/2-psc-fieltro-de-marcaje-filz-hq-alta-calidad-para-marcaje-electroquimico-grabado-375x500mm-10-x19\\\/#breadcrumb\"},\"inLanguage\":\"es\",\"potentialAction\":[{\"@type\":\"ReadAction\",\"target\":[\"https:\\\/\\\/eu-mark.com\\\/es\\\/product\\\/2-psc-fieltro-de-marcaje-filz-hq-alta-calidad-para-marcaje-electroquimico-grabado-375x500mm-10-x19\\\/\"]}]},{\"@type\":\"ImageObject\",\"inLanguage\":\"es\",\"@id\":\"https:\\\/\\\/eu-mark.com\\\/es\\\/product\\\/2-psc-fieltro-de-marcaje-filz-hq-alta-calidad-para-marcaje-electroquimico-grabado-375x500mm-10-x19\\\/#primaryimage\",\"url\":\"https:\\\/\\\/eu-mark.com\\\/wp-content\\\/uploads\\\/2016\\\/12\\\/IMG_7536.jpg\",\"contentUrl\":\"https:\\\/\\\/eu-mark.com\\\/wp-content\\\/uploads\\\/2016\\\/12\\\/IMG_7536.jpg\",\"width\":1600,\"height\":1067,\"caption\":\"Felt Filtz for electrochemical marking A i B HQ\"},{\"@type\":\"BreadcrumbList\",\"@id\":\"https:\\\/\\\/eu-mark.com\\\/es\\\/product\\\/2-psc-fieltro-de-marcaje-filz-hq-alta-calidad-para-marcaje-electroquimico-grabado-375x500mm-10-x19\\\/#breadcrumb\",\"itemListElement\":[{\"@type\":\"ListItem\",\"position\":1,\"name\":\"Inicio\",\"item\":\"https:\\\/\\\/eu-mark.com\\\/es\\\/home\\\/\"},{\"@type\":\"ListItem\",\"position\":2,\"name\":\"Tienda\",\"item\":\"https:\\\/\\\/eu-mark.com\\\/es\\\/tienda\\\/\"},{\"@type\":\"ListItem\",\"position\":3,\"name\":\"2 psc Fieltro de marcaje &#8211; Filz HQ Alta calidad para marcaje electroqu\u00edmico grabado 375x500mm 10 \u00abx19\u00bb\"}]},{\"@type\":\"WebSite\",\"@id\":\"https:\\\/\\\/eu-mark.com\\\/es\\\/#website\",\"url\":\"https:\\\/\\\/eu-mark.com\\\/es\\\/\",\"name\":\"eu-mark.com\",\"description\":\"Electrochemical marking etching\",\"publisher\":{\"@id\":\"https:\\\/\\\/eu-mark.com\\\/es\\\/#organization\"},\"potentialAction\":[{\"@type\":\"SearchAction\",\"target\":{\"@type\":\"EntryPoint\",\"urlTemplate\":\"https:\\\/\\\/eu-mark.com\\\/es\\\/?s={search_term_string}\"},\"query-input\":{\"@type\":\"PropertyValueSpecification\",\"valueRequired\":true,\"valueName\":\"search_term_string\"}}],\"inLanguage\":\"es\"},{\"@type\":\"Organization\",\"@id\":\"https:\\\/\\\/eu-mark.com\\\/es\\\/#organization\",\"name\":\"EUMARK\",\"url\":\"https:\\\/\\\/eu-mark.com\\\/es\\\/\",\"logo\":{\"@type\":\"ImageObject\",\"inLanguage\":\"es\",\"@id\":\"https:\\\/\\\/eu-mark.com\\\/es\\\/#\\\/schema\\\/logo\\\/image\\\/\",\"url\":\"https:\\\/\\\/eu-mark.com\\\/wp-content\\\/uploads\\\/2025\\\/02\\\/eumark-logo-samo-EU-2018_06_19-10_17_06-UTC.jpg\",\"contentUrl\":\"https:\\\/\\\/eu-mark.com\\\/wp-content\\\/uploads\\\/2025\\\/02\\\/eumark-logo-samo-EU-2018_06_19-10_17_06-UTC.jpg\",\"width\":264,\"height\":268,\"caption\":\"EUMARK\"},\"image\":{\"@id\":\"https:\\\/\\\/eu-mark.com\\\/es\\\/#\\\/schema\\\/logo\\\/image\\\/\"},\"sameAs\":[\"https:\\\/\\\/www.facebook.com\\\/eumark.de\\\/\",\"https:\\\/\\\/www.youtube.com\\\/channel\\\/UCehJsM6xcqIQLzp0y9MjYPg\",\"https:\\\/\\\/www.linkedin.com\\\/company\\\/eumark\\\/\",\"https:\\\/\\\/www.instagram.com\\\/eumark_de\"]}]}<\/script>\n<!-- \/ Yoast SEO plugin. -->","yoast_head_json":{"title":"2 psc Fieltro de marcaje - Filz HQ Alta calidad para marcaje electroqu\u00edmico grabado 375x500mm 10 \"x19\" - Electrochemical marking etching","description":"Env\u00edo GRATIS a todo el mundo","robots":{"index":"index","follow":"follow","max-snippet":"max-snippet:-1","max-image-preview":"max-image-preview:large","max-video-preview":"max-video-preview:-1"},"canonical":"https:\/\/eu-mark.com\/es\/product\/2-psc-fieltro-de-marcaje-filz-hq-alta-calidad-para-marcaje-electroquimico-grabado-375x500mm-10-x19\/","og_locale":"es_ES","og_type":"article","og_title":"2 psc Fieltro de marcaje - Filz HQ Alta calidad para marcaje electroqu\u00edmico grabado 375x500mm 10 \"x19\" - Electrochemical marking etching","og_description":"Env\u00edo GRATIS a todo el mundo","og_url":"https:\/\/eu-mark.com\/es\/product\/2-psc-fieltro-de-marcaje-filz-hq-alta-calidad-para-marcaje-electroquimico-grabado-375x500mm-10-x19\/","og_site_name":"Electrochemical marking etching","article_publisher":"https:\/\/www.facebook.com\/eumark.de\/","og_image":[{"width":1600,"height":1067,"url":"https:\/\/eu-mark.com\/wp-content\/uploads\/2016\/12\/IMG_7536.jpg","type":"image\/jpeg"}],"twitter_card":"summary_large_image","twitter_misc":{"Tiempo de lectura":"1 minuto"},"schema":{"@context":"https:\/\/schema.org","@graph":[{"@type":"WebPage","@id":"https:\/\/eu-mark.com\/es\/product\/2-psc-fieltro-de-marcaje-filz-hq-alta-calidad-para-marcaje-electroquimico-grabado-375x500mm-10-x19\/","url":"https:\/\/eu-mark.com\/es\/product\/2-psc-fieltro-de-marcaje-filz-hq-alta-calidad-para-marcaje-electroquimico-grabado-375x500mm-10-x19\/","name":"2 psc Fieltro de marcaje - Filz HQ Alta calidad para marcaje electroqu\u00edmico grabado 375x500mm 10 \"x19\" - Electrochemical marking etching","isPartOf":{"@id":"https:\/\/eu-mark.com\/es\/#website"},"primaryImageOfPage":{"@id":"https:\/\/eu-mark.com\/es\/product\/2-psc-fieltro-de-marcaje-filz-hq-alta-calidad-para-marcaje-electroquimico-grabado-375x500mm-10-x19\/#primaryimage"},"image":{"@id":"https:\/\/eu-mark.com\/es\/product\/2-psc-fieltro-de-marcaje-filz-hq-alta-calidad-para-marcaje-electroquimico-grabado-375x500mm-10-x19\/#primaryimage"},"thumbnailUrl":"https:\/\/eu-mark.com\/wp-content\/uploads\/2016\/12\/IMG_7536.jpg","datePublished":"2017-05-29T14:13:13+00:00","description":"Env\u00edo GRATIS a todo el mundo","breadcrumb":{"@id":"https:\/\/eu-mark.com\/es\/product\/2-psc-fieltro-de-marcaje-filz-hq-alta-calidad-para-marcaje-electroquimico-grabado-375x500mm-10-x19\/#breadcrumb"},"inLanguage":"es","potentialAction":[{"@type":"ReadAction","target":["https:\/\/eu-mark.com\/es\/product\/2-psc-fieltro-de-marcaje-filz-hq-alta-calidad-para-marcaje-electroquimico-grabado-375x500mm-10-x19\/"]}]},{"@type":"ImageObject","inLanguage":"es","@id":"https:\/\/eu-mark.com\/es\/product\/2-psc-fieltro-de-marcaje-filz-hq-alta-calidad-para-marcaje-electroquimico-grabado-375x500mm-10-x19\/#primaryimage","url":"https:\/\/eu-mark.com\/wp-content\/uploads\/2016\/12\/IMG_7536.jpg","contentUrl":"https:\/\/eu-mark.com\/wp-content\/uploads\/2016\/12\/IMG_7536.jpg","width":1600,"height":1067,"caption":"Felt Filtz for electrochemical marking A i B HQ"},{"@type":"BreadcrumbList","@id":"https:\/\/eu-mark.com\/es\/product\/2-psc-fieltro-de-marcaje-filz-hq-alta-calidad-para-marcaje-electroquimico-grabado-375x500mm-10-x19\/#breadcrumb","itemListElement":[{"@type":"ListItem","position":1,"name":"Inicio","item":"https:\/\/eu-mark.com\/es\/home\/"},{"@type":"ListItem","position":2,"name":"Tienda","item":"https:\/\/eu-mark.com\/es\/tienda\/"},{"@type":"ListItem","position":3,"name":"2 psc Fieltro de marcaje &#8211; Filz HQ Alta calidad para marcaje electroqu\u00edmico grabado 375x500mm 10 \u00abx19\u00bb"}]},{"@type":"WebSite","@id":"https:\/\/eu-mark.com\/es\/#website","url":"https:\/\/eu-mark.com\/es\/","name":"eu-mark.com","description":"Electrochemical marking etching","publisher":{"@id":"https:\/\/eu-mark.com\/es\/#organization"},"potentialAction":[{"@type":"SearchAction","target":{"@type":"EntryPoint","urlTemplate":"https:\/\/eu-mark.com\/es\/?s={search_term_string}"},"query-input":{"@type":"PropertyValueSpecification","valueRequired":true,"valueName":"search_term_string"}}],"inLanguage":"es"},{"@type":"Organization","@id":"https:\/\/eu-mark.com\/es\/#organization","name":"EUMARK","url":"https:\/\/eu-mark.com\/es\/","logo":{"@type":"ImageObject","inLanguage":"es","@id":"https:\/\/eu-mark.com\/es\/#\/schema\/logo\/image\/","url":"https:\/\/eu-mark.com\/wp-content\/uploads\/2025\/02\/eumark-logo-samo-EU-2018_06_19-10_17_06-UTC.jpg","contentUrl":"https:\/\/eu-mark.com\/wp-content\/uploads\/2025\/02\/eumark-logo-samo-EU-2018_06_19-10_17_06-UTC.jpg","width":264,"height":268,"caption":"EUMARK"},"image":{"@id":"https:\/\/eu-mark.com\/es\/#\/schema\/logo\/image\/"},"sameAs":["https:\/\/www.facebook.com\/eumark.de\/","https:\/\/www.youtube.com\/channel\/UCehJsM6xcqIQLzp0y9MjYPg","https:\/\/www.linkedin.com\/company\/eumark\/","https:\/\/www.instagram.com\/eumark_de"]}]}},"_links":{"self":[{"href":"https:\/\/eu-mark.com\/es\/wp-json\/wp\/v2\/product\/6569","targetHints":{"allow":["GET"]}}],"collection":[{"href":"https:\/\/eu-mark.com\/es\/wp-json\/wp\/v2\/product"}],"about":[{"href":"https:\/\/eu-mark.com\/es\/wp-json\/wp\/v2\/types\/product"}],"replies":[{"embeddable":true,"href":"https:\/\/eu-mark.com\/es\/wp-json\/wp\/v2\/comments?post=6569"}],"wp:featuredmedia":[{"embeddable":true,"href":"https:\/\/eu-mark.com\/es\/wp-json\/wp\/v2\/media\/5950"}],"wp:attachment":[{"href":"https:\/\/eu-mark.com\/es\/wp-json\/wp\/v2\/media?parent=6569"}],"wp:term":[{"taxonomy":"product_brand","embeddable":true,"href":"https:\/\/eu-mark.com\/es\/wp-json\/wp\/v2\/product_brand?post=6569"},{"taxonomy":"product_cat","embeddable":true,"href":"https:\/\/eu-mark.com\/es\/wp-json\/wp\/v2\/product_cat?post=6569"},{"taxonomy":"product_tag","embeddable":true,"href":"https:\/\/eu-mark.com\/es\/wp-json\/wp\/v2\/product_tag?post=6569"}],"curies":[{"name":"wp","href":"https:\/\/api.w.org\/{rel}","templated":true}]}}