{"id":6570,"date":"2021-04-09T07:36:39","date_gmt":"2021-04-09T07:36:39","guid":{"rendered":"https:\/\/eu-mark.com\/product\/cinta-para-sellos-1-unidad-para-marcaje-electroquimico-cinta-rapida-para-plantillas-58-mm-o-2-10-m-de-longitud\/"},"modified":"2021-04-09T07:36:39","modified_gmt":"2021-04-09T07:36:39","slug":"cinta-para-sellos-1-unidad-para-marcaje-electroquimico-cinta-rapida-para-plantillas-58-mm-o-2-10-m-de-longitud","status":"publish","type":"product","link":"https:\/\/eu-mark.com\/es\/product\/cinta-para-sellos-1-unidad-para-marcaje-electroquimico-cinta-rapida-para-plantillas-58-mm-o-2-10-m-de-longitud\/","title":{"rendered":"Cinta para sellos 1 unidad para marcaje electroqu\u00edmico cinta r\u00e1pida para plantillas 58 mm o 2&#8243; 10 m de longitud"},"content":{"rendered":"<p><a href=\"https:\/\/eu-mark.com\/es\/product\/impresora-estencil-eumark-58mm-con-cintas-estencil-6-uds-58mmx10metros-de-largo\/\">La cinta de sellos para marcado electroqu\u00edmico<\/a>, a menudo denominada cinta de est\u00e9ncil r\u00e1pido, es una cinta adhesiva especializada dise\u00f1ada para su uso con las impresoras de est\u00e9ncil Eumark en el proceso de marcado electroqu\u00edmico. Esta cinta act\u00faa como un est\u00e9ncil temporal, permitiendo un marcado preciso y eficaz en diversas superficies. La cinta se corta cuidadosamente para crear un dise\u00f1o o patr\u00f3n de texto, con las zonas deseadas expuestas para el marcado. Cuando se aplica a la superficie, la cinta de estarcido protege las zonas circundantes del <a href=\"https:\/\/eumark.biz\/en-us\/blogs\/news\/achieving-remarkable-marks-with-eumark-electrolytes-unleashing-the-power-of-excellence\">proceso electroqu\u00edmico<\/a>. A continuaci\u00f3n, la impresora de est\u00e9nciles Eumark aplica con precisi\u00f3n la corriente el\u00e9ctrica necesaria para el marcado a trav\u00e9s de las zonas expuestas de la cinta. Una vez completado el marcado, se retira la cinta de estarcido, dejando al descubierto una marca clara y bien definida en la superficie. Este proceso proporciona una soluci\u00f3n r\u00e1pida y fiable para crear marcas permanentes en materiales mediante t\u00e9cnicas electroqu\u00edmicas.      <\/p>\n<p>&nbsp;<\/p>\n<p>Recambio para las impresoras de etiquetas CASIO XR-24 ST STAMP TAPE 24mm o Casio 1 unidad Cinta de sellos para marcaje electroqu\u00edmico corto y r\u00e1pido Cinta de est\u00e9ncil 58 mm o 2&#8243; Casio deja de fabricar esta cinta de sellos, aqu\u00ed tienes la soluci\u00f3n completa de recambio. Necesitas una impresora de etiquetas de 58 mm o 2<\/p>\n<p>Por fin tenemos la soluci\u00f3n para hacer plantillas r\u00e1pidas, f\u00e1ciles y muy asequibles en casa o en el taller.<\/p>\n<p>Necesitas impresora y cinta de estarcir para el marcado<a href=\"https:\/\/eu-mark.com\/es\/ventajas-del-grabado-electroquimico\/\">(el marcado electroqu\u00edmico es el grabado electroqu\u00edmico de la superficie met\u00e1lica<\/a>)<\/p>\n<p>Si utilizas nuestra impresora de plantillas con cintas de plantillas, s\u00f3lo necesitar\u00e1s unos minutos para hacer tu propia plantilla y marcarla r\u00e1pidamente.<\/p>\n","protected":false},"excerpt":{"rendered":"<p><strong>Env\u00edo GRATIS a todo el mundo<\/strong><\/p>\n<p>tarjeta de d\u00e9bito o cr\u00e9dito proceder con PayPal al pagar No necesitas tener cuenta PayPal<\/p>\n<p><a href=\"https:\/\/eumark.biz\/en-us\/products\/electro-chemical-marking-engraving-and-etching-machine-eumark-set-03\">Por fin tenemos la soluci\u00f3n para hacer plantillas r\u00e1pidas, f\u00e1ciles y muy asequibles en casa o en el taller.<\/a><\/p>\n<p><a href=\"https:\/\/eu-mark.com\/product\/eumark-stencil-printer-58mm-with-stencil-tapes-6-pcs-58mmx10meters-long\/\">Necesitas impresora y cinta de estarcir para el marcado<\/a> (el marcado electroqu\u00edmico es el grabado electroqu\u00edmico de la superficie met\u00e1lica)<\/p>\n<p>Si utilizas nuestra impresora de plantillas con cintas de plantillas, s\u00f3lo necesitar\u00e1s unos minutos para hacer tu propia plantilla y marcarla r\u00e1pidamente.<\/p>\n<p style=\"margin: 0in; font-family: 'Times New Roman'; font-size: 12.0pt; color: black;\">Recambio para CASIO XR-24 ST STAMP TAPE 24mm.<\/p>\n<p style=\"margin: 0in; font-family: arial; font-size: 10.0pt; color: black;\">1 ud. Cinta de estampaci\u00f3n para marcaje electroqu\u00edmico cinta de estampaci\u00f3n corta y r\u00e1pida 58 mm \u00f3 2<\/p>\n<p style=\"margin: 0in; font-family: arial; font-size: 10.0pt; color: black;\">Casio ha dejado de producir esta cinta de sellos, aqu\u00ed tienes una soluci\u00f3n completa de sustituci\u00f3n. Necesitas una impresora de etiquetas de 58 mm o 2 <\/p>\n","protected":false},"featured_media":6448,"comment_status":"open","ping_status":"closed","template":"","meta":[],"product_brand":[],"product_cat":[95],"product_tag":[],"class_list":{"0":"post-6570","1":"product","2":"type-product","3":"status-publish","4":"has-post-thumbnail","6":"product_cat-grabado-electroquimico","7":"product_shipping_class-mxxx-es","9":"first","10":"instock","11":"shipping-taxable","12":"purchasable","13":"product-type-simple"},"yoast_head":"<!-- This site is optimized with the Yoast SEO plugin v27.4 - https:\/\/yoast.com\/product\/yoast-seo-wordpress\/ -->\n<title>Cinta para sellos 1 unid. para marcaje electroqu\u00edmico cinta r\u00e1pida para plantillas<\/title>\n<meta name=\"description\" content=\"Por fin tenemos la soluci\u00f3n para hacer plantillas r\u00e1pidas, f\u00e1ciles y muy econ\u00f3micas en casa o en el taller.Necesitas impresora y cinta de plantillas para marcar.\" \/>\n<meta name=\"robots\" content=\"index, follow, max-snippet:-1, max-image-preview:large, max-video-preview:-1\" \/>\n<link rel=\"canonical\" href=\"https:\/\/eu-mark.com\/es\/product\/cinta-para-sellos-1-unidad-para-marcaje-electroquimico-cinta-rapida-para-plantillas-58-mm-o-2-10-m-de-longitud\/\" \/>\n<meta property=\"og:locale\" content=\"es_ES\" \/>\n<meta property=\"og:type\" content=\"article\" \/>\n<meta property=\"og:title\" content=\"Cinta para sellos 1 unid. para marcaje electroqu\u00edmico cinta r\u00e1pida para plantillas\" \/>\n<meta property=\"og:description\" content=\"Por fin tenemos la soluci\u00f3n para hacer plantillas r\u00e1pidas, f\u00e1ciles y muy econ\u00f3micas en casa o en el taller.Necesitas impresora y cinta de plantillas para marcar.\" \/>\n<meta property=\"og:url\" content=\"https:\/\/eu-mark.com\/es\/product\/cinta-para-sellos-1-unidad-para-marcaje-electroquimico-cinta-rapida-para-plantillas-58-mm-o-2-10-m-de-longitud\/\" \/>\n<meta property=\"og:site_name\" content=\"Electrochemical marking etching\" \/>\n<meta property=\"article:publisher\" content=\"https:\/\/www.facebook.com\/eumark.de\/\" \/>\n<meta property=\"og:image\" content=\"https:\/\/eu-mark.com\/wp-content\/uploads\/2021\/04\/making-template-stencil-printer-01.jpg\" \/>\n\t<meta property=\"og:image:width\" content=\"1000\" \/>\n\t<meta property=\"og:image:height\" content=\"1000\" \/>\n\t<meta property=\"og:image:type\" content=\"image\/jpeg\" \/>\n<meta name=\"twitter:card\" content=\"summary_large_image\" \/>\n<meta name=\"twitter:label1\" content=\"Tiempo de lectura\" \/>\n\t<meta name=\"twitter:data1\" content=\"2 minutos\" \/>\n<script type=\"application\/ld+json\" class=\"yoast-schema-graph\">{\"@context\":\"https:\\\/\\\/schema.org\",\"@graph\":[{\"@type\":\"WebPage\",\"@id\":\"https:\\\/\\\/eu-mark.com\\\/es\\\/product\\\/cinta-para-sellos-1-unidad-para-marcaje-electroquimico-cinta-rapida-para-plantillas-58-mm-o-2-10-m-de-longitud\\\/\",\"url\":\"https:\\\/\\\/eu-mark.com\\\/es\\\/product\\\/cinta-para-sellos-1-unidad-para-marcaje-electroquimico-cinta-rapida-para-plantillas-58-mm-o-2-10-m-de-longitud\\\/\",\"name\":\"Cinta para sellos 1 unid. para marcaje electroqu\u00edmico cinta r\u00e1pida para plantillas\",\"isPartOf\":{\"@id\":\"https:\\\/\\\/eu-mark.com\\\/es\\\/#website\"},\"primaryImageOfPage\":{\"@id\":\"https:\\\/\\\/eu-mark.com\\\/es\\\/product\\\/cinta-para-sellos-1-unidad-para-marcaje-electroquimico-cinta-rapida-para-plantillas-58-mm-o-2-10-m-de-longitud\\\/#primaryimage\"},\"image\":{\"@id\":\"https:\\\/\\\/eu-mark.com\\\/es\\\/product\\\/cinta-para-sellos-1-unidad-para-marcaje-electroquimico-cinta-rapida-para-plantillas-58-mm-o-2-10-m-de-longitud\\\/#primaryimage\"},\"thumbnailUrl\":\"https:\\\/\\\/eu-mark.com\\\/wp-content\\\/uploads\\\/2021\\\/04\\\/making-template-stencil-printer-01.jpg\",\"datePublished\":\"2021-04-09T07:36:39+00:00\",\"description\":\"Por fin tenemos la soluci\u00f3n para hacer plantillas r\u00e1pidas, f\u00e1ciles y muy econ\u00f3micas en casa o en el taller.Necesitas impresora y cinta de plantillas para marcar.\",\"breadcrumb\":{\"@id\":\"https:\\\/\\\/eu-mark.com\\\/es\\\/product\\\/cinta-para-sellos-1-unidad-para-marcaje-electroquimico-cinta-rapida-para-plantillas-58-mm-o-2-10-m-de-longitud\\\/#breadcrumb\"},\"inLanguage\":\"es\",\"potentialAction\":[{\"@type\":\"ReadAction\",\"target\":[\"https:\\\/\\\/eu-mark.com\\\/es\\\/product\\\/cinta-para-sellos-1-unidad-para-marcaje-electroquimico-cinta-rapida-para-plantillas-58-mm-o-2-10-m-de-longitud\\\/\"]}]},{\"@type\":\"ImageObject\",\"inLanguage\":\"es\",\"@id\":\"https:\\\/\\\/eu-mark.com\\\/es\\\/product\\\/cinta-para-sellos-1-unidad-para-marcaje-electroquimico-cinta-rapida-para-plantillas-58-mm-o-2-10-m-de-longitud\\\/#primaryimage\",\"url\":\"https:\\\/\\\/eu-mark.com\\\/wp-content\\\/uploads\\\/2021\\\/04\\\/making-template-stencil-printer-01.jpg\",\"contentUrl\":\"https:\\\/\\\/eu-mark.com\\\/wp-content\\\/uploads\\\/2021\\\/04\\\/making-template-stencil-printer-01.jpg\",\"width\":1000,\"height\":1000},{\"@type\":\"BreadcrumbList\",\"@id\":\"https:\\\/\\\/eu-mark.com\\\/es\\\/product\\\/cinta-para-sellos-1-unidad-para-marcaje-electroquimico-cinta-rapida-para-plantillas-58-mm-o-2-10-m-de-longitud\\\/#breadcrumb\",\"itemListElement\":[{\"@type\":\"ListItem\",\"position\":1,\"name\":\"Inicio\",\"item\":\"https:\\\/\\\/eu-mark.com\\\/es\\\/home\\\/\"},{\"@type\":\"ListItem\",\"position\":2,\"name\":\"Tienda\",\"item\":\"https:\\\/\\\/eu-mark.com\\\/es\\\/tienda\\\/\"},{\"@type\":\"ListItem\",\"position\":3,\"name\":\"Cinta para sellos 1 unidad para marcaje electroqu\u00edmico cinta r\u00e1pida para plantillas 58 mm o 2&#8243; 10 m de longitud\"}]},{\"@type\":\"WebSite\",\"@id\":\"https:\\\/\\\/eu-mark.com\\\/es\\\/#website\",\"url\":\"https:\\\/\\\/eu-mark.com\\\/es\\\/\",\"name\":\"eu-mark.com\",\"description\":\"Electrochemical marking etching\",\"publisher\":{\"@id\":\"https:\\\/\\\/eu-mark.com\\\/es\\\/#organization\"},\"potentialAction\":[{\"@type\":\"SearchAction\",\"target\":{\"@type\":\"EntryPoint\",\"urlTemplate\":\"https:\\\/\\\/eu-mark.com\\\/es\\\/?s={search_term_string}\"},\"query-input\":{\"@type\":\"PropertyValueSpecification\",\"valueRequired\":true,\"valueName\":\"search_term_string\"}}],\"inLanguage\":\"es\"},{\"@type\":\"Organization\",\"@id\":\"https:\\\/\\\/eu-mark.com\\\/es\\\/#organization\",\"name\":\"EUMARK\",\"url\":\"https:\\\/\\\/eu-mark.com\\\/es\\\/\",\"logo\":{\"@type\":\"ImageObject\",\"inLanguage\":\"es\",\"@id\":\"https:\\\/\\\/eu-mark.com\\\/es\\\/#\\\/schema\\\/logo\\\/image\\\/\",\"url\":\"https:\\\/\\\/eu-mark.com\\\/wp-content\\\/uploads\\\/2025\\\/02\\\/eumark-logo-samo-EU-2018_06_19-10_17_06-UTC.jpg\",\"contentUrl\":\"https:\\\/\\\/eu-mark.com\\\/wp-content\\\/uploads\\\/2025\\\/02\\\/eumark-logo-samo-EU-2018_06_19-10_17_06-UTC.jpg\",\"width\":264,\"height\":268,\"caption\":\"EUMARK\"},\"image\":{\"@id\":\"https:\\\/\\\/eu-mark.com\\\/es\\\/#\\\/schema\\\/logo\\\/image\\\/\"},\"sameAs\":[\"https:\\\/\\\/www.facebook.com\\\/eumark.de\\\/\",\"https:\\\/\\\/www.youtube.com\\\/channel\\\/UCehJsM6xcqIQLzp0y9MjYPg\",\"https:\\\/\\\/www.linkedin.com\\\/company\\\/eumark\\\/\",\"https:\\\/\\\/www.instagram.com\\\/eumark_de\"]}]}<\/script>\n<!-- \/ Yoast SEO plugin. -->","yoast_head_json":{"title":"Cinta para sellos 1 unid. para marcaje electroqu\u00edmico cinta r\u00e1pida para plantillas","description":"Por fin tenemos la soluci\u00f3n para hacer plantillas r\u00e1pidas, f\u00e1ciles y muy econ\u00f3micas en casa o en el taller.Necesitas impresora y cinta de plantillas para marcar.","robots":{"index":"index","follow":"follow","max-snippet":"max-snippet:-1","max-image-preview":"max-image-preview:large","max-video-preview":"max-video-preview:-1"},"canonical":"https:\/\/eu-mark.com\/es\/product\/cinta-para-sellos-1-unidad-para-marcaje-electroquimico-cinta-rapida-para-plantillas-58-mm-o-2-10-m-de-longitud\/","og_locale":"es_ES","og_type":"article","og_title":"Cinta para sellos 1 unid. para marcaje electroqu\u00edmico cinta r\u00e1pida para plantillas","og_description":"Por fin tenemos la soluci\u00f3n para hacer plantillas r\u00e1pidas, f\u00e1ciles y muy econ\u00f3micas en casa o en el taller.Necesitas impresora y cinta de plantillas para marcar.","og_url":"https:\/\/eu-mark.com\/es\/product\/cinta-para-sellos-1-unidad-para-marcaje-electroquimico-cinta-rapida-para-plantillas-58-mm-o-2-10-m-de-longitud\/","og_site_name":"Electrochemical marking etching","article_publisher":"https:\/\/www.facebook.com\/eumark.de\/","og_image":[{"width":1000,"height":1000,"url":"https:\/\/eu-mark.com\/wp-content\/uploads\/2021\/04\/making-template-stencil-printer-01.jpg","type":"image\/jpeg"}],"twitter_card":"summary_large_image","twitter_misc":{"Tiempo de lectura":"2 minutos"},"schema":{"@context":"https:\/\/schema.org","@graph":[{"@type":"WebPage","@id":"https:\/\/eu-mark.com\/es\/product\/cinta-para-sellos-1-unidad-para-marcaje-electroquimico-cinta-rapida-para-plantillas-58-mm-o-2-10-m-de-longitud\/","url":"https:\/\/eu-mark.com\/es\/product\/cinta-para-sellos-1-unidad-para-marcaje-electroquimico-cinta-rapida-para-plantillas-58-mm-o-2-10-m-de-longitud\/","name":"Cinta para sellos 1 unid. para marcaje electroqu\u00edmico cinta r\u00e1pida para plantillas","isPartOf":{"@id":"https:\/\/eu-mark.com\/es\/#website"},"primaryImageOfPage":{"@id":"https:\/\/eu-mark.com\/es\/product\/cinta-para-sellos-1-unidad-para-marcaje-electroquimico-cinta-rapida-para-plantillas-58-mm-o-2-10-m-de-longitud\/#primaryimage"},"image":{"@id":"https:\/\/eu-mark.com\/es\/product\/cinta-para-sellos-1-unidad-para-marcaje-electroquimico-cinta-rapida-para-plantillas-58-mm-o-2-10-m-de-longitud\/#primaryimage"},"thumbnailUrl":"https:\/\/eu-mark.com\/wp-content\/uploads\/2021\/04\/making-template-stencil-printer-01.jpg","datePublished":"2021-04-09T07:36:39+00:00","description":"Por fin tenemos la soluci\u00f3n para hacer plantillas r\u00e1pidas, f\u00e1ciles y muy econ\u00f3micas en casa o en el taller.Necesitas impresora y cinta de plantillas para marcar.","breadcrumb":{"@id":"https:\/\/eu-mark.com\/es\/product\/cinta-para-sellos-1-unidad-para-marcaje-electroquimico-cinta-rapida-para-plantillas-58-mm-o-2-10-m-de-longitud\/#breadcrumb"},"inLanguage":"es","potentialAction":[{"@type":"ReadAction","target":["https:\/\/eu-mark.com\/es\/product\/cinta-para-sellos-1-unidad-para-marcaje-electroquimico-cinta-rapida-para-plantillas-58-mm-o-2-10-m-de-longitud\/"]}]},{"@type":"ImageObject","inLanguage":"es","@id":"https:\/\/eu-mark.com\/es\/product\/cinta-para-sellos-1-unidad-para-marcaje-electroquimico-cinta-rapida-para-plantillas-58-mm-o-2-10-m-de-longitud\/#primaryimage","url":"https:\/\/eu-mark.com\/wp-content\/uploads\/2021\/04\/making-template-stencil-printer-01.jpg","contentUrl":"https:\/\/eu-mark.com\/wp-content\/uploads\/2021\/04\/making-template-stencil-printer-01.jpg","width":1000,"height":1000},{"@type":"BreadcrumbList","@id":"https:\/\/eu-mark.com\/es\/product\/cinta-para-sellos-1-unidad-para-marcaje-electroquimico-cinta-rapida-para-plantillas-58-mm-o-2-10-m-de-longitud\/#breadcrumb","itemListElement":[{"@type":"ListItem","position":1,"name":"Inicio","item":"https:\/\/eu-mark.com\/es\/home\/"},{"@type":"ListItem","position":2,"name":"Tienda","item":"https:\/\/eu-mark.com\/es\/tienda\/"},{"@type":"ListItem","position":3,"name":"Cinta para sellos 1 unidad para marcaje electroqu\u00edmico cinta r\u00e1pida para plantillas 58 mm o 2&#8243; 10 m de longitud"}]},{"@type":"WebSite","@id":"https:\/\/eu-mark.com\/es\/#website","url":"https:\/\/eu-mark.com\/es\/","name":"eu-mark.com","description":"Electrochemical marking etching","publisher":{"@id":"https:\/\/eu-mark.com\/es\/#organization"},"potentialAction":[{"@type":"SearchAction","target":{"@type":"EntryPoint","urlTemplate":"https:\/\/eu-mark.com\/es\/?s={search_term_string}"},"query-input":{"@type":"PropertyValueSpecification","valueRequired":true,"valueName":"search_term_string"}}],"inLanguage":"es"},{"@type":"Organization","@id":"https:\/\/eu-mark.com\/es\/#organization","name":"EUMARK","url":"https:\/\/eu-mark.com\/es\/","logo":{"@type":"ImageObject","inLanguage":"es","@id":"https:\/\/eu-mark.com\/es\/#\/schema\/logo\/image\/","url":"https:\/\/eu-mark.com\/wp-content\/uploads\/2025\/02\/eumark-logo-samo-EU-2018_06_19-10_17_06-UTC.jpg","contentUrl":"https:\/\/eu-mark.com\/wp-content\/uploads\/2025\/02\/eumark-logo-samo-EU-2018_06_19-10_17_06-UTC.jpg","width":264,"height":268,"caption":"EUMARK"},"image":{"@id":"https:\/\/eu-mark.com\/es\/#\/schema\/logo\/image\/"},"sameAs":["https:\/\/www.facebook.com\/eumark.de\/","https:\/\/www.youtube.com\/channel\/UCehJsM6xcqIQLzp0y9MjYPg","https:\/\/www.linkedin.com\/company\/eumark\/","https:\/\/www.instagram.com\/eumark_de"]}]}},"_links":{"self":[{"href":"https:\/\/eu-mark.com\/es\/wp-json\/wp\/v2\/product\/6570","targetHints":{"allow":["GET"]}}],"collection":[{"href":"https:\/\/eu-mark.com\/es\/wp-json\/wp\/v2\/product"}],"about":[{"href":"https:\/\/eu-mark.com\/es\/wp-json\/wp\/v2\/types\/product"}],"replies":[{"embeddable":true,"href":"https:\/\/eu-mark.com\/es\/wp-json\/wp\/v2\/comments?post=6570"}],"wp:featuredmedia":[{"embeddable":true,"href":"https:\/\/eu-mark.com\/es\/wp-json\/wp\/v2\/media\/6448"}],"wp:attachment":[{"href":"https:\/\/eu-mark.com\/es\/wp-json\/wp\/v2\/media?parent=6570"}],"wp:term":[{"taxonomy":"product_brand","embeddable":true,"href":"https:\/\/eu-mark.com\/es\/wp-json\/wp\/v2\/product_brand?post=6570"},{"taxonomy":"product_cat","embeddable":true,"href":"https:\/\/eu-mark.com\/es\/wp-json\/wp\/v2\/product_cat?post=6570"},{"taxonomy":"product_tag","embeddable":true,"href":"https:\/\/eu-mark.com\/es\/wp-json\/wp\/v2\/product_tag?post=6570"}],"curies":[{"name":"wp","href":"https:\/\/api.w.org\/{rel}","templated":true}]}}