{"id":6572,"date":"2021-04-07T14:05:57","date_gmt":"2021-04-07T14:05:57","guid":{"rendered":"https:\/\/eu-mark.com\/product\/quick-stencil-para-marcado-electroquimico-grabado-3-uds-50x50mm-o-2-x2-tamano-signiertechnik\/"},"modified":"2021-04-07T14:05:57","modified_gmt":"2021-04-07T14:05:57","slug":"quick-stencil-para-marcado-electroquimico-grabado-3-uds-50x50mm-o-2-x2-tamano-signiertechnik","status":"publish","type":"product","link":"https:\/\/eu-mark.com\/es\/product\/quick-stencil-para-marcado-electroquimico-grabado-3-uds-50x50mm-o-2-x2-tamano-signiertechnik\/","title":{"rendered":"Quick Stencil para marcado electroqu\u00edmico grabado 3 uds (50x50mm o 2 \u00abx2\u00bb tama\u00f1o) SIGNIERTECHNIK"},"content":{"rendered":"<p>Plantillas r\u00e1pidas para grabado electroqu\u00edmico (SIGNIRTECHNIK)<\/p>\n<ul>\n<li>sin coste de reproducci\u00f3n<\/li>\n<li>Reproducci\u00f3n fotogr\u00e1fica de 203 dpi<\/li>\n<li>plantillas de vida r\u00e1pidas y muy asequibles<\/li>\n<li>C\u00f3digo de barras, c\u00f3digo QR y el formato que necesites lo generamos para ti<\/li>\n<li>s\u00f3lo tienes que enviarnos tu logotipo en cualquier formato te respondemos para confirmarlo y te lo enviamos gratis<\/li>\n<\/ul>\n<p>&nbsp;<\/p>\n","protected":false},"excerpt":{"rendered":"<p><strong>Env\u00edo GRATIS a todo el mundo<\/strong><\/p>\n<p>tarjeta de d\u00e9bito o cr\u00e9dito proceder con PayPal al pagar No necesitas tener cuenta PayPal<\/p>\n<p>Por fin tenemos la soluci\u00f3n para hacer plantillas r\u00e1pidas, f\u00e1ciles y muy asequibles en casa o en el taller.<\/p>\n<p>Plantillas r\u00e1pidas para grabado electroqu\u00edmico (SIGNIRTECHNIK)<\/p>\n<ul>\n<li>sin coste de reproducci\u00f3n<\/li>\n<li>Reproducci\u00f3n fotogr\u00e1fica de 203 dpi<\/li>\n<li>plantillas de vida r\u00e1pidas y muy asequibles<\/li>\n<li>C\u00f3digo de barras, c\u00f3digo QR y el formato que necesites lo generamos para ti<\/li>\n<li>s\u00f3lo tienes que enviarnos tu logotipo en cualquier formato te respondemos para confirmarlo y te lo enviamos gratis<\/li>\n<\/ul>\n<ul>\n<li>s\u00f3lo tienes que enviarnos tu logotipo en cualquier formato te respondemos para confirmarlo y te lo enviamos gratis<img loading=\"lazy\" decoding=\"async\" class=\"alignnone size-medium wp-image-4607\" src=\"https:\/\/eu-mark.com\/wp-content\/uploads\/2021\/03\/MDJ_4837-300x200.jpg\" alt=\"\" width=\"300\" height=\"200\" srcset=\"https:\/\/eu-mark.com\/wp-content\/uploads\/2021\/03\/MDJ_4837-300x200.jpg 300w, https:\/\/eu-mark.com\/wp-content\/uploads\/2021\/03\/MDJ_4837-1024x683.jpg 1024w, https:\/\/eu-mark.com\/wp-content\/uploads\/2021\/03\/MDJ_4837-768x512.jpg 768w, https:\/\/eu-mark.com\/wp-content\/uploads\/2021\/03\/MDJ_4837-1536x1024.jpg 1536w, https:\/\/eu-mark.com\/wp-content\/uploads\/2021\/03\/MDJ_4837-2048x1365.jpg 2048w, https:\/\/eu-mark.com\/wp-content\/uploads\/2021\/03\/MDJ_4837-510x340.jpg 510w, https:\/\/eu-mark.com\/wp-content\/uploads\/2021\/03\/MDJ_4837.jpg 1600w\" sizes=\"auto, (max-width: 300px) 100vw, 300px\" \/><\/li>\n<\/ul>\n","protected":false},"featured_media":6452,"comment_status":"closed","ping_status":"closed","template":"","meta":[],"product_brand":[],"product_cat":[95],"product_tag":[76,73,71,97,101,74,72],"class_list":{"0":"post-6572","1":"product","2":"type-product","3":"status-publish","4":"has-post-thumbnail","6":"product_cat-grabado-electroquimico","7":"product_tag-acero","8":"product_tag-cuchillo","9":"product_tag-electroquimico","10":"product_tag-fieltro","11":"product_tag-grabado-es","12":"product_tag-grabado","13":"product_tag-marcado","15":"first","16":"instock","17":"featured","18":"shipping-taxable","19":"purchasable","20":"product-type-simple"},"yoast_head":"<!-- This site is optimized with the Yoast SEO plugin v27.4 - https:\/\/yoast.com\/product\/yoast-seo-wordpress\/ -->\n<title>Quick Stencil para grabado electroqu\u00edmico de marcado<\/title>\n<meta name=\"description\" content=\"Plantillas r\u00e1pidas para grabado electroqu\u00edmico de marcaje (SIGNIRTECHNIK) s\u00f3lo tienes que enviarnos tu logotipo en cualquier formato te contestamos para confirmarlo y te lo enviamos gratis\" \/>\n<meta name=\"robots\" content=\"index, follow, max-snippet:-1, max-image-preview:large, max-video-preview:-1\" \/>\n<link rel=\"canonical\" href=\"https:\/\/eu-mark.com\/es\/product\/quick-stencil-para-marcado-electroquimico-grabado-3-uds-50x50mm-o-2-x2-tamano-signiertechnik\/\" \/>\n<meta property=\"og:locale\" content=\"es_ES\" \/>\n<meta property=\"og:type\" content=\"article\" \/>\n<meta property=\"og:title\" content=\"Quick Stencil para grabado electroqu\u00edmico de marcado\" \/>\n<meta property=\"og:description\" content=\"Plantillas r\u00e1pidas para grabado electroqu\u00edmico de marcaje (SIGNIRTECHNIK) s\u00f3lo tienes que enviarnos tu logotipo en cualquier formato te contestamos para confirmarlo y te lo enviamos gratis\" \/>\n<meta property=\"og:url\" content=\"https:\/\/eu-mark.com\/es\/product\/quick-stencil-para-marcado-electroquimico-grabado-3-uds-50x50mm-o-2-x2-tamano-signiertechnik\/\" \/>\n<meta property=\"og:site_name\" content=\"Electrochemical marking etching\" \/>\n<meta property=\"article:publisher\" content=\"https:\/\/www.facebook.com\/eumark.de\/\" \/>\n<meta property=\"og:image\" content=\"https:\/\/eu-mark.com\/wp-content\/uploads\/2021\/04\/stencil_tape_2inch_eumark_02.jpg\" \/>\n\t<meta property=\"og:image:width\" content=\"1000\" \/>\n\t<meta property=\"og:image:height\" content=\"667\" \/>\n\t<meta property=\"og:image:type\" content=\"image\/jpeg\" \/>\n<meta name=\"twitter:card\" content=\"summary_large_image\" \/>\n<script type=\"application\/ld+json\" class=\"yoast-schema-graph\">{\"@context\":\"https:\\\/\\\/schema.org\",\"@graph\":[{\"@type\":\"WebPage\",\"@id\":\"https:\\\/\\\/eu-mark.com\\\/es\\\/product\\\/quick-stencil-para-marcado-electroquimico-grabado-3-uds-50x50mm-o-2-x2-tamano-signiertechnik\\\/\",\"url\":\"https:\\\/\\\/eu-mark.com\\\/es\\\/product\\\/quick-stencil-para-marcado-electroquimico-grabado-3-uds-50x50mm-o-2-x2-tamano-signiertechnik\\\/\",\"name\":\"Quick Stencil para grabado electroqu\u00edmico de marcado\",\"isPartOf\":{\"@id\":\"https:\\\/\\\/eu-mark.com\\\/es\\\/#website\"},\"primaryImageOfPage\":{\"@id\":\"https:\\\/\\\/eu-mark.com\\\/es\\\/product\\\/quick-stencil-para-marcado-electroquimico-grabado-3-uds-50x50mm-o-2-x2-tamano-signiertechnik\\\/#primaryimage\"},\"image\":{\"@id\":\"https:\\\/\\\/eu-mark.com\\\/es\\\/product\\\/quick-stencil-para-marcado-electroquimico-grabado-3-uds-50x50mm-o-2-x2-tamano-signiertechnik\\\/#primaryimage\"},\"thumbnailUrl\":\"https:\\\/\\\/eu-mark.com\\\/wp-content\\\/uploads\\\/2021\\\/04\\\/stencil_tape_2inch_eumark_02.jpg\",\"datePublished\":\"2021-04-07T14:05:57+00:00\",\"description\":\"Plantillas r\u00e1pidas para grabado electroqu\u00edmico de marcaje (SIGNIRTECHNIK) s\u00f3lo tienes que enviarnos tu logotipo en cualquier formato te contestamos para confirmarlo y te lo enviamos gratis\",\"breadcrumb\":{\"@id\":\"https:\\\/\\\/eu-mark.com\\\/es\\\/product\\\/quick-stencil-para-marcado-electroquimico-grabado-3-uds-50x50mm-o-2-x2-tamano-signiertechnik\\\/#breadcrumb\"},\"inLanguage\":\"es\",\"potentialAction\":[{\"@type\":\"ReadAction\",\"target\":[\"https:\\\/\\\/eu-mark.com\\\/es\\\/product\\\/quick-stencil-para-marcado-electroquimico-grabado-3-uds-50x50mm-o-2-x2-tamano-signiertechnik\\\/\"]}]},{\"@type\":\"ImageObject\",\"inLanguage\":\"es\",\"@id\":\"https:\\\/\\\/eu-mark.com\\\/es\\\/product\\\/quick-stencil-para-marcado-electroquimico-grabado-3-uds-50x50mm-o-2-x2-tamano-signiertechnik\\\/#primaryimage\",\"url\":\"https:\\\/\\\/eu-mark.com\\\/wp-content\\\/uploads\\\/2021\\\/04\\\/stencil_tape_2inch_eumark_02.jpg\",\"contentUrl\":\"https:\\\/\\\/eu-mark.com\\\/wp-content\\\/uploads\\\/2021\\\/04\\\/stencil_tape_2inch_eumark_02.jpg\",\"width\":1000,\"height\":667},{\"@type\":\"BreadcrumbList\",\"@id\":\"https:\\\/\\\/eu-mark.com\\\/es\\\/product\\\/quick-stencil-para-marcado-electroquimico-grabado-3-uds-50x50mm-o-2-x2-tamano-signiertechnik\\\/#breadcrumb\",\"itemListElement\":[{\"@type\":\"ListItem\",\"position\":1,\"name\":\"Inicio\",\"item\":\"https:\\\/\\\/eu-mark.com\\\/es\\\/home\\\/\"},{\"@type\":\"ListItem\",\"position\":2,\"name\":\"Tienda\",\"item\":\"https:\\\/\\\/eu-mark.com\\\/es\\\/tienda\\\/\"},{\"@type\":\"ListItem\",\"position\":3,\"name\":\"Quick Stencil para marcado electroqu\u00edmico grabado 3 uds (50x50mm o 2 \u00abx2\u00bb tama\u00f1o) SIGNIERTECHNIK\"}]},{\"@type\":\"WebSite\",\"@id\":\"https:\\\/\\\/eu-mark.com\\\/es\\\/#website\",\"url\":\"https:\\\/\\\/eu-mark.com\\\/es\\\/\",\"name\":\"eu-mark.com\",\"description\":\"Electrochemical marking etching\",\"publisher\":{\"@id\":\"https:\\\/\\\/eu-mark.com\\\/es\\\/#organization\"},\"potentialAction\":[{\"@type\":\"SearchAction\",\"target\":{\"@type\":\"EntryPoint\",\"urlTemplate\":\"https:\\\/\\\/eu-mark.com\\\/es\\\/?s={search_term_string}\"},\"query-input\":{\"@type\":\"PropertyValueSpecification\",\"valueRequired\":true,\"valueName\":\"search_term_string\"}}],\"inLanguage\":\"es\"},{\"@type\":\"Organization\",\"@id\":\"https:\\\/\\\/eu-mark.com\\\/es\\\/#organization\",\"name\":\"EUMARK\",\"url\":\"https:\\\/\\\/eu-mark.com\\\/es\\\/\",\"logo\":{\"@type\":\"ImageObject\",\"inLanguage\":\"es\",\"@id\":\"https:\\\/\\\/eu-mark.com\\\/es\\\/#\\\/schema\\\/logo\\\/image\\\/\",\"url\":\"https:\\\/\\\/eu-mark.com\\\/wp-content\\\/uploads\\\/2025\\\/02\\\/eumark-logo-samo-EU-2018_06_19-10_17_06-UTC.jpg\",\"contentUrl\":\"https:\\\/\\\/eu-mark.com\\\/wp-content\\\/uploads\\\/2025\\\/02\\\/eumark-logo-samo-EU-2018_06_19-10_17_06-UTC.jpg\",\"width\":264,\"height\":268,\"caption\":\"EUMARK\"},\"image\":{\"@id\":\"https:\\\/\\\/eu-mark.com\\\/es\\\/#\\\/schema\\\/logo\\\/image\\\/\"},\"sameAs\":[\"https:\\\/\\\/www.facebook.com\\\/eumark.de\\\/\",\"https:\\\/\\\/www.youtube.com\\\/channel\\\/UCehJsM6xcqIQLzp0y9MjYPg\",\"https:\\\/\\\/www.linkedin.com\\\/company\\\/eumark\\\/\",\"https:\\\/\\\/www.instagram.com\\\/eumark_de\"]}]}<\/script>\n<!-- \/ Yoast SEO plugin. -->","yoast_head_json":{"title":"Quick Stencil para grabado electroqu\u00edmico de marcado","description":"Plantillas r\u00e1pidas para grabado electroqu\u00edmico de marcaje (SIGNIRTECHNIK) s\u00f3lo tienes que enviarnos tu logotipo en cualquier formato te contestamos para confirmarlo y te lo enviamos gratis","robots":{"index":"index","follow":"follow","max-snippet":"max-snippet:-1","max-image-preview":"max-image-preview:large","max-video-preview":"max-video-preview:-1"},"canonical":"https:\/\/eu-mark.com\/es\/product\/quick-stencil-para-marcado-electroquimico-grabado-3-uds-50x50mm-o-2-x2-tamano-signiertechnik\/","og_locale":"es_ES","og_type":"article","og_title":"Quick Stencil para grabado electroqu\u00edmico de marcado","og_description":"Plantillas r\u00e1pidas para grabado electroqu\u00edmico de marcaje (SIGNIRTECHNIK) s\u00f3lo tienes que enviarnos tu logotipo en cualquier formato te contestamos para confirmarlo y te lo enviamos gratis","og_url":"https:\/\/eu-mark.com\/es\/product\/quick-stencil-para-marcado-electroquimico-grabado-3-uds-50x50mm-o-2-x2-tamano-signiertechnik\/","og_site_name":"Electrochemical marking etching","article_publisher":"https:\/\/www.facebook.com\/eumark.de\/","og_image":[{"width":1000,"height":667,"url":"https:\/\/eu-mark.com\/wp-content\/uploads\/2021\/04\/stencil_tape_2inch_eumark_02.jpg","type":"image\/jpeg"}],"twitter_card":"summary_large_image","schema":{"@context":"https:\/\/schema.org","@graph":[{"@type":"WebPage","@id":"https:\/\/eu-mark.com\/es\/product\/quick-stencil-para-marcado-electroquimico-grabado-3-uds-50x50mm-o-2-x2-tamano-signiertechnik\/","url":"https:\/\/eu-mark.com\/es\/product\/quick-stencil-para-marcado-electroquimico-grabado-3-uds-50x50mm-o-2-x2-tamano-signiertechnik\/","name":"Quick Stencil para grabado electroqu\u00edmico de marcado","isPartOf":{"@id":"https:\/\/eu-mark.com\/es\/#website"},"primaryImageOfPage":{"@id":"https:\/\/eu-mark.com\/es\/product\/quick-stencil-para-marcado-electroquimico-grabado-3-uds-50x50mm-o-2-x2-tamano-signiertechnik\/#primaryimage"},"image":{"@id":"https:\/\/eu-mark.com\/es\/product\/quick-stencil-para-marcado-electroquimico-grabado-3-uds-50x50mm-o-2-x2-tamano-signiertechnik\/#primaryimage"},"thumbnailUrl":"https:\/\/eu-mark.com\/wp-content\/uploads\/2021\/04\/stencil_tape_2inch_eumark_02.jpg","datePublished":"2021-04-07T14:05:57+00:00","description":"Plantillas r\u00e1pidas para grabado electroqu\u00edmico de marcaje (SIGNIRTECHNIK) s\u00f3lo tienes que enviarnos tu logotipo en cualquier formato te contestamos para confirmarlo y te lo enviamos gratis","breadcrumb":{"@id":"https:\/\/eu-mark.com\/es\/product\/quick-stencil-para-marcado-electroquimico-grabado-3-uds-50x50mm-o-2-x2-tamano-signiertechnik\/#breadcrumb"},"inLanguage":"es","potentialAction":[{"@type":"ReadAction","target":["https:\/\/eu-mark.com\/es\/product\/quick-stencil-para-marcado-electroquimico-grabado-3-uds-50x50mm-o-2-x2-tamano-signiertechnik\/"]}]},{"@type":"ImageObject","inLanguage":"es","@id":"https:\/\/eu-mark.com\/es\/product\/quick-stencil-para-marcado-electroquimico-grabado-3-uds-50x50mm-o-2-x2-tamano-signiertechnik\/#primaryimage","url":"https:\/\/eu-mark.com\/wp-content\/uploads\/2021\/04\/stencil_tape_2inch_eumark_02.jpg","contentUrl":"https:\/\/eu-mark.com\/wp-content\/uploads\/2021\/04\/stencil_tape_2inch_eumark_02.jpg","width":1000,"height":667},{"@type":"BreadcrumbList","@id":"https:\/\/eu-mark.com\/es\/product\/quick-stencil-para-marcado-electroquimico-grabado-3-uds-50x50mm-o-2-x2-tamano-signiertechnik\/#breadcrumb","itemListElement":[{"@type":"ListItem","position":1,"name":"Inicio","item":"https:\/\/eu-mark.com\/es\/home\/"},{"@type":"ListItem","position":2,"name":"Tienda","item":"https:\/\/eu-mark.com\/es\/tienda\/"},{"@type":"ListItem","position":3,"name":"Quick Stencil para marcado electroqu\u00edmico grabado 3 uds (50x50mm o 2 \u00abx2\u00bb tama\u00f1o) SIGNIERTECHNIK"}]},{"@type":"WebSite","@id":"https:\/\/eu-mark.com\/es\/#website","url":"https:\/\/eu-mark.com\/es\/","name":"eu-mark.com","description":"Electrochemical marking etching","publisher":{"@id":"https:\/\/eu-mark.com\/es\/#organization"},"potentialAction":[{"@type":"SearchAction","target":{"@type":"EntryPoint","urlTemplate":"https:\/\/eu-mark.com\/es\/?s={search_term_string}"},"query-input":{"@type":"PropertyValueSpecification","valueRequired":true,"valueName":"search_term_string"}}],"inLanguage":"es"},{"@type":"Organization","@id":"https:\/\/eu-mark.com\/es\/#organization","name":"EUMARK","url":"https:\/\/eu-mark.com\/es\/","logo":{"@type":"ImageObject","inLanguage":"es","@id":"https:\/\/eu-mark.com\/es\/#\/schema\/logo\/image\/","url":"https:\/\/eu-mark.com\/wp-content\/uploads\/2025\/02\/eumark-logo-samo-EU-2018_06_19-10_17_06-UTC.jpg","contentUrl":"https:\/\/eu-mark.com\/wp-content\/uploads\/2025\/02\/eumark-logo-samo-EU-2018_06_19-10_17_06-UTC.jpg","width":264,"height":268,"caption":"EUMARK"},"image":{"@id":"https:\/\/eu-mark.com\/es\/#\/schema\/logo\/image\/"},"sameAs":["https:\/\/www.facebook.com\/eumark.de\/","https:\/\/www.youtube.com\/channel\/UCehJsM6xcqIQLzp0y9MjYPg","https:\/\/www.linkedin.com\/company\/eumark\/","https:\/\/www.instagram.com\/eumark_de"]}]}},"_links":{"self":[{"href":"https:\/\/eu-mark.com\/es\/wp-json\/wp\/v2\/product\/6572","targetHints":{"allow":["GET"]}}],"collection":[{"href":"https:\/\/eu-mark.com\/es\/wp-json\/wp\/v2\/product"}],"about":[{"href":"https:\/\/eu-mark.com\/es\/wp-json\/wp\/v2\/types\/product"}],"replies":[{"embeddable":true,"href":"https:\/\/eu-mark.com\/es\/wp-json\/wp\/v2\/comments?post=6572"}],"wp:featuredmedia":[{"embeddable":true,"href":"https:\/\/eu-mark.com\/es\/wp-json\/wp\/v2\/media\/6452"}],"wp:attachment":[{"href":"https:\/\/eu-mark.com\/es\/wp-json\/wp\/v2\/media?parent=6572"}],"wp:term":[{"taxonomy":"product_brand","embeddable":true,"href":"https:\/\/eu-mark.com\/es\/wp-json\/wp\/v2\/product_brand?post=6572"},{"taxonomy":"product_cat","embeddable":true,"href":"https:\/\/eu-mark.com\/es\/wp-json\/wp\/v2\/product_cat?post=6572"},{"taxonomy":"product_tag","embeddable":true,"href":"https:\/\/eu-mark.com\/es\/wp-json\/wp\/v2\/product_tag?post=6572"}],"curies":[{"name":"wp","href":"https:\/\/api.w.org\/{rel}","templated":true}]}}