{"id":6573,"date":"2016-12-13T14:58:13","date_gmt":"2016-12-13T14:58:13","guid":{"rendered":"https:\/\/eu-mark.com\/product\/maquina-de-grabado-y-marcado-electroquimico-eumark-set-01\/"},"modified":"2016-12-13T14:58:13","modified_gmt":"2016-12-13T14:58:13","slug":"maquina-de-grabado-y-marcado-electroquimico-eumark-set-01","status":"publish","type":"product","link":"https:\/\/eu-mark.com\/es\/product\/maquina-de-grabado-y-marcado-electroquimico-eumark-set-01\/","title":{"rendered":"M\u00e1quina de grabado y marcado electroqu\u00edmico EUmark set 01"},"content":{"rendered":"<h1 style=\"text-align: center;\">Marcar metal. Marcar piezas met\u00e1licas con tu logotipo o n\u00famero de serie. <\/h1>\n<p>R\u00e1pido y f\u00e1cil de marcar la superficie met\u00e1lica con tu logotipo personalizado, texto, etc. Funcionamiento de 110\/220 V con protecci\u00f3n por fusible, tambi\u00e9n con fusible t\u00e9rmico. Si necesitas plantillas fotogr\u00e1ficas de larga duraci\u00f3n o plantillas r\u00e1pidas y baratas, ponte en contacto con nosotros. EUmark Set01 contiene: <em><b>M\u00e1quina, cables, sello manual, fieltro de marcaje filz, electrolito M21, M22, <\/b><span style=\"font-size: 14.4px;\"><b>Neutralidad<\/b><\/span><b>Muestra de est\u00e9ncil de larga duraci\u00f3n, tambi\u00e9n muestra de est\u00e9ncil r\u00e1pido de impresora de est\u00e9nciles. <\/b><\/em> <em><strong>1. \u00bfQu\u00e9 es el marcado electroqu\u00edmico?<\/strong><\/em> El marcado electroqu\u00edmico es el grabado electroqu\u00edmico de superficies met\u00e1licas utilizando una peque\u00f1a cantidad de corriente el\u00e9ctrica, un electrolito, un marcador con almohadilla para contener el electrolito y transportar la corriente y una plantilla con la imagen deseada. <em><strong>2. Datos sobre el marcado electroqu\u00edmico<\/strong> <\/em>(r\u00e1pido, barato, sencillo, seguro y de alta calidad) El marcado electroqu\u00edmico es la t\u00e9cnica m\u00e1s r\u00e1pida para el marcado permanente de superficies met\u00e1licas conductoras. Produce una marca n\u00edtida, limpia, atractiva y econ\u00f3mica, sin da\u00f1ar, estresar ni deformar la pieza marcada. La impresi\u00f3n es duradera y sin bordes. No se produce corrosi\u00f3n ni ning\u00fan otro efecto negativo sobre el material. El proceso dura s\u00f3lo unos segundos y las marcas tienen una profundidad de unos 0,025 mm. Seg\u00fan la funci\u00f3n y el electrolito seleccionados, puedes conseguir marcas de grabado claras, marcas de \u00f3xido negro o marcas blancas en componentes ennegrecidos qu\u00edmicamente. La forma de la pieza puede ser plana, redonda, maciza o hueca, ensamblada o sin ensamblar. El equipo es muy fiable, duradero y se adapta a muchas necesidades industriales. Todo el proceso es muy sencillo, no requiere mucho espacio, puede realizarse durante la fabricaci\u00f3n o antes de la entrega, no requiere ninguna formaci\u00f3n especial y es muy seguro. <em><strong>3. \u00bfD\u00f3nde se puede utilizar el marcado electroqu\u00edmico?<\/strong><\/em> Una amplia gama de fabricantes utilizan el marcado electroqu\u00edmico. El proceso se utiliza mucho para marcar cuchiller\u00eda, herramientas, machos de roscar, taladros, hojas de sierra y en las industrias automovil\u00edstica y aeron\u00e1utica. Tambi\u00e9n las peque\u00f1as empresas, los aficionados y los artistas pueden utilizar el marcado electroqu\u00edmico.   <\/p>\n<p><strong>4. Equipo de marcado electroqu\u00edmico:<\/strong><\/p>\n<ul>\n<li><strong><em>Dispositivo de marcado.<\/em> <\/strong>Esta unidad la puedes encontrar en m\u00e1s variantes dependiendo del tama\u00f1o y las necesidades espec\u00edficas. Los modelos b\u00e1sicos se diferencian por los posibles modos de funcionamiento, los controladores para funcionamiento autom\u00e1tico o semiautom\u00e1tico, etc. <\/li>\n<li><em><strong>Marcador con almohadilla Los marcadores<\/strong><\/em> con almohadilla pueden ser de funcionamiento manual, semiautom\u00e1tico y autom\u00e1tico. Sirven para sujetar la plantilla, el suministro de electrolito y cerrar un circuito el\u00e9ctrico para marcar la pieza. <\/li>\n<li><em><strong>Plantilla Peque\u00f1a<\/strong><\/em>, pieza fina de material especial que contiene el dise\u00f1o requerido. Existen dos modelos b\u00e1sicos: est\u00e9ncil de larga duraci\u00f3n con alta resoluci\u00f3n (puede utilizarse hasta 5000 marcas) y est\u00e9ncil corto (r\u00e1pido) para un marcado r\u00e1pido en series peque\u00f1as. <\/li>\n<li><em><strong>Electrolito.<\/strong> <\/em>Estas soluciones salinas inocuas se utilizan para la conducci\u00f3n de la corriente y los productos qu\u00edmicos necesarios para aclarar cada una de las marcas o marcas de \u00f3xido blanco o negro. a. Limpiador Estas soluciones se utilizan para eliminar el resto del electrolito despu\u00e9s del marcado con el fin de reducir la corrosi\u00f3n.  <\/li>\n<\/ul>\n<table width=\"888\">\n<tbody>\n<tr>\n<td width=\"100\"><\/td>\n<td width=\"61\">Marcado negro<\/td>\n<td width=\"76\">Marcado por luz de grabado profundo<\/td>\n<td width=\"82\">Impresora est\u00e9ncil P58D 58mm ancho<\/td>\n<td width=\"77\">Impresora est\u00e9ncil 410 110mm de ancho 108m de largo est\u00e9ncil<\/td>\n<td width=\"82\">Impresora est\u00e9ncil P58 58mm ancho para cinta est\u00e9ncil 10m largo<\/td>\n<td width=\"84\">Cinta de estarcir 58 mm de ancho 10 m de largo<\/td>\n<td width=\"64\">M21, M22, M23 N11 50 ml c\/u<\/td>\n<td width=\"64\">M21, M22, M23 N11 500 ml c\/u<\/td>\n<td width=\"70\">M22 50ml<\/td>\n<td width=\"64\">2 uds. Fieltro de marcado &#8211; Filz para grabado electroqu\u00edmico de marcado 375x500mm<\/td>\n<td width=\"64\">2 Fieltro de marcado psc &#8211; Filz para muestras de grabado de marcado electroqu\u00edmico<\/td>\n<\/tr>\n<tr>\n<td>Conjunto Eumark 04A<\/td>\n<td>S\u00cd<\/td>\n<td>S\u00cd<\/td>\n<td>NO<\/td>\n<td>S\u00cd<\/td>\n<td>NO<\/td>\n<td>NO<\/td>\n<td>S\u00cd<\/td>\n<td>NO<\/td>\n<td><\/td>\n<td>S\u00cd<\/td>\n<td>NO<\/td>\n<\/tr>\n<tr>\n<td>Eumark set 04<\/td>\n<td>S\u00cd<\/td>\n<td>S\u00cd<\/td>\n<td>NO<\/td>\n<td>S\u00cd<\/td>\n<td>NO<\/td>\n<td>NO<\/td>\n<td>NO<\/td>\n<td>S\u00cd<\/td>\n<td><\/td>\n<td>S\u00cd<\/td>\n<td>No<\/td>\n<\/tr>\n<tr>\n<td>Eumark set 03<\/td>\n<td>S\u00cd<\/td>\n<td>S\u00cd<\/td>\n<td>S\u00cd<\/td>\n<td>NO<\/td>\n<td>S\u00cd<\/td>\n<td>S\u00cd 6 piezas<\/td>\n<td>NO<\/td>\n<td>NO<\/td>\n<td><\/td>\n<td>S\u00cd<\/td>\n<td>S\u00cd<\/td>\n<\/tr>\n<tr>\n<td>Eumark set 02<\/td>\n<td>S\u00cd<\/td>\n<td>S\u00cd<\/td>\n<td>S\u00cd<\/td>\n<td>NO<\/td>\n<td>S\u00cd<\/td>\n<td>S\u00cd<\/td>\n<td>NO<\/td>\n<td>NO<\/td>\n<td><\/td>\n<td>NO<\/td>\n<td>S\u00cd<\/td>\n<\/tr>\n<tr>\n<td>Eumark set 01<\/td>\n<td>S\u00cd<\/td>\n<td>S\u00cd<\/td>\n<td>NO<\/td>\n<td>NO<\/td>\n<td>NO<\/td>\n<td>NO<\/td>\n<td>NO<\/td>\n<td>NO<\/td>\n<td><\/td>\n<td>NO<\/td>\n<td>S\u00cd<\/td>\n<\/tr>\n<tr>\n<td>Eumark set 05<\/td>\n<td>S\u00cd<\/td>\n<td>NO<\/td>\n<td>NO<\/td>\n<td>NO<\/td>\n<td>NO<\/td>\n<td>NO<\/td>\n<td>S\u00cd<\/td>\n<td>NO<\/td>\n<td>S\u00cd<\/td>\n<td>NO<\/td>\n<td>NO<\/td>\n<\/tr>\n<tr>\n<td>Eumark set 06<\/td>\n<td>S\u00cd<\/td>\n<td>NO<\/td>\n<td>S\u00cd<\/td>\n<td>NO<\/td>\n<td>S\u00cd<\/td>\n<td>S\u00cd<\/td>\n<td>S\u00cd<\/td>\n<td>NO<\/td>\n<td>S\u00cd<\/td>\n<td>NO<\/td>\n<td>NO<\/td>\n<\/tr>\n<\/tbody>\n<\/table>\n","protected":false},"excerpt":{"rendered":"<p><strong>Env\u00edo GRATIS a todo el mundo<\/strong><\/p>\n","protected":false},"featured_media":6490,"comment_status":"closed","ping_status":"closed","template":"","meta":[],"product_brand":[],"product_cat":[95],"product_tag":[76,73,71,74,75,72],"class_list":{"0":"post-6573","1":"product","2":"type-product","3":"status-publish","4":"has-post-thumbnail","6":"product_cat-grabado-electroquimico","7":"product_tag-acero","8":"product_tag-cuchillo","9":"product_tag-electroquimico","10":"product_tag-grabado","11":"product_tag-maquina","12":"product_tag-marcado","14":"first","15":"instock","16":"sale","17":"featured","18":"shipping-taxable","19":"purchasable","20":"product-type-simple"},"yoast_head":"<!-- This site is optimized with the Yoast SEO plugin v27.4 - https:\/\/yoast.com\/product\/yoast-seo-wordpress\/ -->\n<title>Marcar metal. Marcar piezas met\u00e1licas con tu logotipo o n\u00famero de serie.<\/title>\n<meta name=\"description\" content=\"R\u00e1pido, barato, sencillo, seguro y de alta calidad. El marcado electroqu\u00edmico es la t\u00e9cnica m\u00e1s r\u00e1pida para el marcado permanente de superficies met\u00e1licas conductoras. El marcado electroqu\u00edmico es el grabado electroqu\u00edmico de superficies met\u00e1licas mediante una peque\u00f1a cantidad de corriente el\u00e9ctrica. Produce una marca n\u00edtida, limpia, atractiva y econ\u00f3mica.\" \/>\n<meta name=\"robots\" content=\"index, follow, max-snippet:-1, max-image-preview:large, max-video-preview:-1\" \/>\n<link rel=\"canonical\" href=\"https:\/\/eu-mark.com\/es\/product\/maquina-de-grabado-y-marcado-electroquimico-eumark-set-01\/\" \/>\n<meta property=\"og:locale\" content=\"es_ES\" \/>\n<meta property=\"og:type\" content=\"article\" \/>\n<meta property=\"og:title\" content=\"Marcar metal. Marcar piezas met\u00e1licas con tu logotipo o n\u00famero de serie.\" \/>\n<meta property=\"og:description\" content=\"R\u00e1pido, barato, sencillo, seguro y de alta calidad. El marcado electroqu\u00edmico es la t\u00e9cnica m\u00e1s r\u00e1pida para el marcado permanente de superficies met\u00e1licas conductoras. El marcado electroqu\u00edmico es el grabado electroqu\u00edmico de superficies met\u00e1licas mediante una peque\u00f1a cantidad de corriente el\u00e9ctrica. Produce una marca n\u00edtida, limpia, atractiva y econ\u00f3mica.\" \/>\n<meta property=\"og:url\" content=\"https:\/\/eu-mark.com\/es\/product\/maquina-de-grabado-y-marcado-electroquimico-eumark-set-01\/\" \/>\n<meta property=\"og:site_name\" content=\"Electrochemical marking etching\" \/>\n<meta property=\"article:publisher\" content=\"https:\/\/www.facebook.com\/eumark.de\/\" \/>\n<meta property=\"og:image\" content=\"https:\/\/eu-mark.com\/wp-content\/uploads\/2016\/12\/Eumark-set-01-web.webp\" \/>\n\t<meta property=\"og:image:width\" content=\"971\" \/>\n\t<meta property=\"og:image:height\" content=\"648\" \/>\n\t<meta property=\"og:image:type\" content=\"image\/webp\" \/>\n<meta name=\"twitter:card\" content=\"summary_large_image\" \/>\n<meta name=\"twitter:label1\" content=\"Tiempo de lectura\" \/>\n\t<meta name=\"twitter:data1\" content=\"4 minutos\" \/>\n<script type=\"application\/ld+json\" class=\"yoast-schema-graph\">{\"@context\":\"https:\\\/\\\/schema.org\",\"@graph\":[{\"@type\":\"WebPage\",\"@id\":\"https:\\\/\\\/eu-mark.com\\\/es\\\/product\\\/maquina-de-grabado-y-marcado-electroquimico-eumark-set-01\\\/\",\"url\":\"https:\\\/\\\/eu-mark.com\\\/es\\\/product\\\/maquina-de-grabado-y-marcado-electroquimico-eumark-set-01\\\/\",\"name\":\"Marcar metal. Marcar piezas met\u00e1licas con tu logotipo o n\u00famero de serie.\",\"isPartOf\":{\"@id\":\"https:\\\/\\\/eu-mark.com\\\/es\\\/#website\"},\"primaryImageOfPage\":{\"@id\":\"https:\\\/\\\/eu-mark.com\\\/es\\\/product\\\/maquina-de-grabado-y-marcado-electroquimico-eumark-set-01\\\/#primaryimage\"},\"image\":{\"@id\":\"https:\\\/\\\/eu-mark.com\\\/es\\\/product\\\/maquina-de-grabado-y-marcado-electroquimico-eumark-set-01\\\/#primaryimage\"},\"thumbnailUrl\":\"https:\\\/\\\/eu-mark.com\\\/wp-content\\\/uploads\\\/2016\\\/12\\\/Eumark-set-01-web.webp\",\"datePublished\":\"2016-12-13T14:58:13+00:00\",\"description\":\"R\u00e1pido, barato, sencillo, seguro y de alta calidad. El marcado electroqu\u00edmico es la t\u00e9cnica m\u00e1s r\u00e1pida para el marcado permanente de superficies met\u00e1licas conductoras. El marcado electroqu\u00edmico es el grabado electroqu\u00edmico de superficies met\u00e1licas mediante una peque\u00f1a cantidad de corriente el\u00e9ctrica. Produce una marca n\u00edtida, limpia, atractiva y econ\u00f3mica.\",\"breadcrumb\":{\"@id\":\"https:\\\/\\\/eu-mark.com\\\/es\\\/product\\\/maquina-de-grabado-y-marcado-electroquimico-eumark-set-01\\\/#breadcrumb\"},\"inLanguage\":\"es\",\"potentialAction\":[{\"@type\":\"ReadAction\",\"target\":[\"https:\\\/\\\/eu-mark.com\\\/es\\\/product\\\/maquina-de-grabado-y-marcado-electroquimico-eumark-set-01\\\/\"]}]},{\"@type\":\"ImageObject\",\"inLanguage\":\"es\",\"@id\":\"https:\\\/\\\/eu-mark.com\\\/es\\\/product\\\/maquina-de-grabado-y-marcado-electroquimico-eumark-set-01\\\/#primaryimage\",\"url\":\"https:\\\/\\\/eu-mark.com\\\/wp-content\\\/uploads\\\/2016\\\/12\\\/Eumark-set-01-web.webp\",\"contentUrl\":\"https:\\\/\\\/eu-mark.com\\\/wp-content\\\/uploads\\\/2016\\\/12\\\/Eumark-set-01-web.webp\",\"width\":971,\"height\":648},{\"@type\":\"BreadcrumbList\",\"@id\":\"https:\\\/\\\/eu-mark.com\\\/es\\\/product\\\/maquina-de-grabado-y-marcado-electroquimico-eumark-set-01\\\/#breadcrumb\",\"itemListElement\":[{\"@type\":\"ListItem\",\"position\":1,\"name\":\"Inicio\",\"item\":\"https:\\\/\\\/eu-mark.com\\\/es\\\/home\\\/\"},{\"@type\":\"ListItem\",\"position\":2,\"name\":\"Tienda\",\"item\":\"https:\\\/\\\/eu-mark.com\\\/es\\\/tienda\\\/\"},{\"@type\":\"ListItem\",\"position\":3,\"name\":\"M\u00e1quina de grabado y marcado electroqu\u00edmico EUmark set 01\"}]},{\"@type\":\"WebSite\",\"@id\":\"https:\\\/\\\/eu-mark.com\\\/es\\\/#website\",\"url\":\"https:\\\/\\\/eu-mark.com\\\/es\\\/\",\"name\":\"eu-mark.com\",\"description\":\"Electrochemical marking etching\",\"publisher\":{\"@id\":\"https:\\\/\\\/eu-mark.com\\\/es\\\/#organization\"},\"potentialAction\":[{\"@type\":\"SearchAction\",\"target\":{\"@type\":\"EntryPoint\",\"urlTemplate\":\"https:\\\/\\\/eu-mark.com\\\/es\\\/?s={search_term_string}\"},\"query-input\":{\"@type\":\"PropertyValueSpecification\",\"valueRequired\":true,\"valueName\":\"search_term_string\"}}],\"inLanguage\":\"es\"},{\"@type\":\"Organization\",\"@id\":\"https:\\\/\\\/eu-mark.com\\\/es\\\/#organization\",\"name\":\"EUMARK\",\"url\":\"https:\\\/\\\/eu-mark.com\\\/es\\\/\",\"logo\":{\"@type\":\"ImageObject\",\"inLanguage\":\"es\",\"@id\":\"https:\\\/\\\/eu-mark.com\\\/es\\\/#\\\/schema\\\/logo\\\/image\\\/\",\"url\":\"https:\\\/\\\/eu-mark.com\\\/wp-content\\\/uploads\\\/2025\\\/02\\\/eumark-logo-samo-EU-2018_06_19-10_17_06-UTC.jpg\",\"contentUrl\":\"https:\\\/\\\/eu-mark.com\\\/wp-content\\\/uploads\\\/2025\\\/02\\\/eumark-logo-samo-EU-2018_06_19-10_17_06-UTC.jpg\",\"width\":264,\"height\":268,\"caption\":\"EUMARK\"},\"image\":{\"@id\":\"https:\\\/\\\/eu-mark.com\\\/es\\\/#\\\/schema\\\/logo\\\/image\\\/\"},\"sameAs\":[\"https:\\\/\\\/www.facebook.com\\\/eumark.de\\\/\",\"https:\\\/\\\/www.youtube.com\\\/channel\\\/UCehJsM6xcqIQLzp0y9MjYPg\",\"https:\\\/\\\/www.linkedin.com\\\/company\\\/eumark\\\/\",\"https:\\\/\\\/www.instagram.com\\\/eumark_de\"]}]}<\/script>\n<!-- \/ Yoast SEO plugin. -->","yoast_head_json":{"title":"Marcar metal. Marcar piezas met\u00e1licas con tu logotipo o n\u00famero de serie.","description":"R\u00e1pido, barato, sencillo, seguro y de alta calidad. El marcado electroqu\u00edmico es la t\u00e9cnica m\u00e1s r\u00e1pida para el marcado permanente de superficies met\u00e1licas conductoras. El marcado electroqu\u00edmico es el grabado electroqu\u00edmico de superficies met\u00e1licas mediante una peque\u00f1a cantidad de corriente el\u00e9ctrica. Produce una marca n\u00edtida, limpia, atractiva y econ\u00f3mica.","robots":{"index":"index","follow":"follow","max-snippet":"max-snippet:-1","max-image-preview":"max-image-preview:large","max-video-preview":"max-video-preview:-1"},"canonical":"https:\/\/eu-mark.com\/es\/product\/maquina-de-grabado-y-marcado-electroquimico-eumark-set-01\/","og_locale":"es_ES","og_type":"article","og_title":"Marcar metal. Marcar piezas met\u00e1licas con tu logotipo o n\u00famero de serie.","og_description":"R\u00e1pido, barato, sencillo, seguro y de alta calidad. El marcado electroqu\u00edmico es la t\u00e9cnica m\u00e1s r\u00e1pida para el marcado permanente de superficies met\u00e1licas conductoras. El marcado electroqu\u00edmico es el grabado electroqu\u00edmico de superficies met\u00e1licas mediante una peque\u00f1a cantidad de corriente el\u00e9ctrica. Produce una marca n\u00edtida, limpia, atractiva y econ\u00f3mica.","og_url":"https:\/\/eu-mark.com\/es\/product\/maquina-de-grabado-y-marcado-electroquimico-eumark-set-01\/","og_site_name":"Electrochemical marking etching","article_publisher":"https:\/\/www.facebook.com\/eumark.de\/","og_image":[{"width":971,"height":648,"url":"https:\/\/eu-mark.com\/wp-content\/uploads\/2016\/12\/Eumark-set-01-web.webp","type":"image\/webp"}],"twitter_card":"summary_large_image","twitter_misc":{"Tiempo de lectura":"4 minutos"},"schema":{"@context":"https:\/\/schema.org","@graph":[{"@type":"WebPage","@id":"https:\/\/eu-mark.com\/es\/product\/maquina-de-grabado-y-marcado-electroquimico-eumark-set-01\/","url":"https:\/\/eu-mark.com\/es\/product\/maquina-de-grabado-y-marcado-electroquimico-eumark-set-01\/","name":"Marcar metal. Marcar piezas met\u00e1licas con tu logotipo o n\u00famero de serie.","isPartOf":{"@id":"https:\/\/eu-mark.com\/es\/#website"},"primaryImageOfPage":{"@id":"https:\/\/eu-mark.com\/es\/product\/maquina-de-grabado-y-marcado-electroquimico-eumark-set-01\/#primaryimage"},"image":{"@id":"https:\/\/eu-mark.com\/es\/product\/maquina-de-grabado-y-marcado-electroquimico-eumark-set-01\/#primaryimage"},"thumbnailUrl":"https:\/\/eu-mark.com\/wp-content\/uploads\/2016\/12\/Eumark-set-01-web.webp","datePublished":"2016-12-13T14:58:13+00:00","description":"R\u00e1pido, barato, sencillo, seguro y de alta calidad. El marcado electroqu\u00edmico es la t\u00e9cnica m\u00e1s r\u00e1pida para el marcado permanente de superficies met\u00e1licas conductoras. El marcado electroqu\u00edmico es el grabado electroqu\u00edmico de superficies met\u00e1licas mediante una peque\u00f1a cantidad de corriente el\u00e9ctrica. Produce una marca n\u00edtida, limpia, atractiva y econ\u00f3mica.","breadcrumb":{"@id":"https:\/\/eu-mark.com\/es\/product\/maquina-de-grabado-y-marcado-electroquimico-eumark-set-01\/#breadcrumb"},"inLanguage":"es","potentialAction":[{"@type":"ReadAction","target":["https:\/\/eu-mark.com\/es\/product\/maquina-de-grabado-y-marcado-electroquimico-eumark-set-01\/"]}]},{"@type":"ImageObject","inLanguage":"es","@id":"https:\/\/eu-mark.com\/es\/product\/maquina-de-grabado-y-marcado-electroquimico-eumark-set-01\/#primaryimage","url":"https:\/\/eu-mark.com\/wp-content\/uploads\/2016\/12\/Eumark-set-01-web.webp","contentUrl":"https:\/\/eu-mark.com\/wp-content\/uploads\/2016\/12\/Eumark-set-01-web.webp","width":971,"height":648},{"@type":"BreadcrumbList","@id":"https:\/\/eu-mark.com\/es\/product\/maquina-de-grabado-y-marcado-electroquimico-eumark-set-01\/#breadcrumb","itemListElement":[{"@type":"ListItem","position":1,"name":"Inicio","item":"https:\/\/eu-mark.com\/es\/home\/"},{"@type":"ListItem","position":2,"name":"Tienda","item":"https:\/\/eu-mark.com\/es\/tienda\/"},{"@type":"ListItem","position":3,"name":"M\u00e1quina de grabado y marcado electroqu\u00edmico EUmark set 01"}]},{"@type":"WebSite","@id":"https:\/\/eu-mark.com\/es\/#website","url":"https:\/\/eu-mark.com\/es\/","name":"eu-mark.com","description":"Electrochemical marking etching","publisher":{"@id":"https:\/\/eu-mark.com\/es\/#organization"},"potentialAction":[{"@type":"SearchAction","target":{"@type":"EntryPoint","urlTemplate":"https:\/\/eu-mark.com\/es\/?s={search_term_string}"},"query-input":{"@type":"PropertyValueSpecification","valueRequired":true,"valueName":"search_term_string"}}],"inLanguage":"es"},{"@type":"Organization","@id":"https:\/\/eu-mark.com\/es\/#organization","name":"EUMARK","url":"https:\/\/eu-mark.com\/es\/","logo":{"@type":"ImageObject","inLanguage":"es","@id":"https:\/\/eu-mark.com\/es\/#\/schema\/logo\/image\/","url":"https:\/\/eu-mark.com\/wp-content\/uploads\/2025\/02\/eumark-logo-samo-EU-2018_06_19-10_17_06-UTC.jpg","contentUrl":"https:\/\/eu-mark.com\/wp-content\/uploads\/2025\/02\/eumark-logo-samo-EU-2018_06_19-10_17_06-UTC.jpg","width":264,"height":268,"caption":"EUMARK"},"image":{"@id":"https:\/\/eu-mark.com\/es\/#\/schema\/logo\/image\/"},"sameAs":["https:\/\/www.facebook.com\/eumark.de\/","https:\/\/www.youtube.com\/channel\/UCehJsM6xcqIQLzp0y9MjYPg","https:\/\/www.linkedin.com\/company\/eumark\/","https:\/\/www.instagram.com\/eumark_de"]}]}},"_links":{"self":[{"href":"https:\/\/eu-mark.com\/es\/wp-json\/wp\/v2\/product\/6573","targetHints":{"allow":["GET"]}}],"collection":[{"href":"https:\/\/eu-mark.com\/es\/wp-json\/wp\/v2\/product"}],"about":[{"href":"https:\/\/eu-mark.com\/es\/wp-json\/wp\/v2\/types\/product"}],"replies":[{"embeddable":true,"href":"https:\/\/eu-mark.com\/es\/wp-json\/wp\/v2\/comments?post=6573"}],"wp:featuredmedia":[{"embeddable":true,"href":"https:\/\/eu-mark.com\/es\/wp-json\/wp\/v2\/media\/6490"}],"wp:attachment":[{"href":"https:\/\/eu-mark.com\/es\/wp-json\/wp\/v2\/media?parent=6573"}],"wp:term":[{"taxonomy":"product_brand","embeddable":true,"href":"https:\/\/eu-mark.com\/es\/wp-json\/wp\/v2\/product_brand?post=6573"},{"taxonomy":"product_cat","embeddable":true,"href":"https:\/\/eu-mark.com\/es\/wp-json\/wp\/v2\/product_cat?post=6573"},{"taxonomy":"product_tag","embeddable":true,"href":"https:\/\/eu-mark.com\/es\/wp-json\/wp\/v2\/product_tag?post=6573"}],"curies":[{"name":"wp","href":"https:\/\/api.w.org\/{rel}","templated":true}]}}