{"id":6574,"date":"2021-04-07T14:03:04","date_gmt":"2021-04-07T14:03:04","guid":{"rendered":"https:\/\/eu-mark.com\/product\/juego-de-software-easy-label-para-impresoras-de-etiquetas-termicas-de-2-3-y-4-58-80-y-100-mm-de-ancho\/"},"modified":"2025-02-09T12:13:32","modified_gmt":"2025-02-09T12:13:32","slug":"juego-de-software-easy-label-para-impresoras-de-etiquetas-termicas-de-2-3-y-4-58-80-y-100-mm-de-ancho","status":"publish","type":"product","link":"https:\/\/eu-mark.com\/es\/product\/juego-de-software-easy-label-para-impresoras-de-etiquetas-termicas-de-2-3-y-4-58-80-y-100-mm-de-ancho\/","title":{"rendered":"Juego de software Easy Label para impresoras de etiquetas t\u00e9rmicas de 2&#8243;, 3&#8243; y 4&#8243; 58, 80 y 100 mm de ancho"},"content":{"rendered":"<p>Software Easy Label para impresoras est\u00e9ncil <a href=\"https:\/\/eu-mark.com\/es\/product\/impresora-estencil-eumark-58mm-con-cintas-estencil-6-uds-58mmx10metros-de-largo\/\">P58D<\/a> y <a href=\"https:\/\/eu-mark.com\/es\/product\/eumark-impresora-de-estencil-de-100-mm-o-4-de-ancho-con-cinta-de-estencil-de-108-m-o-355-pies-de-longitud\/\">C410<\/a><\/p>\n<p>Maximiza la eficacia de nuestras impresoras t\u00e9rmicas de etiquetas con el software Easy Label, adaptado a las impresoras de est\u00e9ncil. Esta soluci\u00f3n f\u00e1cil de usar incluye un software de etiquetas compatible con c\u00f3digos de barras, im\u00e1genes y numeraci\u00f3n en serie. Se completa con compatibilidad integrada para dispositivos USB, (Bluetooth, Android y Apple s\u00f3lo para <a href=\"https:\/\/eu-mark.com\/es\/product\/impresora-estencil-eumark-58mm-con-cintas-estencil-6-uds-58mmx10metros-de-largo\/\">la P58D<\/a>), lo que garantiza una experiencia perfecta en varias plataformas.<\/p>\n<div class=\"slider-wrapper relative\" id=\"slider-449495494\" >\n    <div class=\"slider slider-nav-circle slider-nav-large slider-nav-light slider-style-normal\"\n        data-flickity-options='{\n            \"cellAlign\": \"center\",\n            \"imagesLoaded\": true,\n            \"lazyLoad\": 1,\n            \"freeScroll\": false,\n            \"wrapAround\": true,\n            \"autoPlay\": 6000,\n            \"pauseAutoPlayOnHover\" : true,\n            \"prevNextButtons\": true,\n            \"contain\" : true,\n            \"adaptiveHeight\" : true,\n            \"dragThreshold\" : 10,\n            \"percentPosition\": true,\n            \"pageDots\": true,\n            \"rightToLeft\": false,\n            \"draggable\": true,\n            \"selectedAttraction\": 0.1,\n            \"parallax\" : 0,\n            \"friction\": 0.6        }'\n        >\n        \n\t<div class=\"img has-hover x md-x lg-x y md-y lg-y\" id=\"image_1420522534\">\n\t\t\t\t\t\t\t\t<div class=\"img-inner dark\" >\n\t\t\t<img loading=\"lazy\" decoding=\"async\" width=\"1020\" height=\"684\" src=\"https:\/\/eu-mark.com\/wp-content\/uploads\/2021\/04\/Easy-Label-software-for-stencil-printer-P58D-and-CD400-1024x687.png\" class=\"attachment-large size-large\" alt=\"\" srcset=\"https:\/\/eu-mark.com\/wp-content\/uploads\/2021\/04\/Easy-Label-software-for-stencil-printer-P58D-and-CD400-1024x687.png 1024w, https:\/\/eu-mark.com\/wp-content\/uploads\/2021\/04\/Easy-Label-software-for-stencil-printer-P58D-and-CD400-300x201.png 300w, https:\/\/eu-mark.com\/wp-content\/uploads\/2021\/04\/Easy-Label-software-for-stencil-printer-P58D-and-CD400-768x515.png 768w, https:\/\/eu-mark.com\/wp-content\/uploads\/2021\/04\/Easy-Label-software-for-stencil-printer-P58D-and-CD400-1536x1031.png 1536w, https:\/\/eu-mark.com\/wp-content\/uploads\/2021\/04\/Easy-Label-software-for-stencil-printer-P58D-and-CD400-510x342.png 510w, https:\/\/eu-mark.com\/wp-content\/uploads\/2021\/04\/Easy-Label-software-for-stencil-printer-P58D-and-CD400.png 1538w\" sizes=\"auto, (max-width: 1020px) 100vw, 1020px\" \/>\t\t\t\t\t\t\n\t\t\t\t\t<\/div>\n\t\t\t\t\t\t\t\t\n<style>\n#image_1420522534 {\n  width: 52%;\n}\n<\/style>\n\t<\/div>\n\t\n\t<div class=\"img has-hover x md-x lg-x y md-y lg-y\" id=\"image_988068438\">\n\t\t\t\t\t\t\t\t<div class=\"img-inner dark\" >\n\t\t\t<img loading=\"lazy\" decoding=\"async\" width=\"1000\" height=\"1000\" src=\"https:\/\/eu-mark.com\/wp-content\/uploads\/2021\/04\/stencil_tape_marking_engraving_template_eumark2.jpg\" class=\"attachment-large size-large\" alt=\"\" srcset=\"https:\/\/eu-mark.com\/wp-content\/uploads\/2021\/04\/stencil_tape_marking_engraving_template_eumark2.jpg 1000w, https:\/\/eu-mark.com\/wp-content\/uploads\/2021\/04\/stencil_tape_marking_engraving_template_eumark2-300x300.jpg 300w, https:\/\/eu-mark.com\/wp-content\/uploads\/2021\/04\/stencil_tape_marking_engraving_template_eumark2-150x150.jpg 150w, https:\/\/eu-mark.com\/wp-content\/uploads\/2021\/04\/stencil_tape_marking_engraving_template_eumark2-768x768.jpg 768w, https:\/\/eu-mark.com\/wp-content\/uploads\/2021\/04\/stencil_tape_marking_engraving_template_eumark2-510x510.jpg 510w, https:\/\/eu-mark.com\/wp-content\/uploads\/2021\/04\/stencil_tape_marking_engraving_template_eumark2-100x100.jpg 100w, https:\/\/eu-mark.com\/wp-content\/uploads\/2021\/04\/stencil_tape_marking_engraving_template_eumark2-60x60.jpg 60w, https:\/\/eu-mark.com\/wp-content\/uploads\/2021\/04\/stencil_tape_marking_engraving_template_eumark2-90x90.jpg 90w\" sizes=\"auto, (max-width: 1000px) 100vw, 1000px\" \/>\t\t\t\t\t\t\n\t\t\t\t\t<\/div>\n\t\t\t\t\t\t\t\t\n<style>\n#image_988068438 {\n  width: 50%;\n}\n<\/style>\n\t<\/div>\n\t\n\t<div class=\"img has-hover x md-x lg-x y md-y lg-y\" id=\"image_1603498121\">\n\t\t\t\t\t\t\t\t<div class=\"img-inner dark\" >\n\t\t\t<img loading=\"lazy\" decoding=\"async\" width=\"902\" height=\"1024\" src=\"https:\/\/eu-mark.com\/wp-content\/uploads\/2016\/12\/making_engraving-electrochemical_template02-902x1024.jpg\" class=\"attachment-large size-large\" alt=\"\" srcset=\"https:\/\/eu-mark.com\/wp-content\/uploads\/2016\/12\/making_engraving-electrochemical_template02-902x1024.jpg 902w, https:\/\/eu-mark.com\/wp-content\/uploads\/2016\/12\/making_engraving-electrochemical_template02-264x300.jpg 264w, https:\/\/eu-mark.com\/wp-content\/uploads\/2016\/12\/making_engraving-electrochemical_template02-768x872.jpg 768w, https:\/\/eu-mark.com\/wp-content\/uploads\/2016\/12\/making_engraving-electrochemical_template02-510x579.jpg 510w, https:\/\/eu-mark.com\/wp-content\/uploads\/2016\/12\/making_engraving-electrochemical_template02-e1724747552816.jpg 800w\" sizes=\"auto, (max-width: 902px) 100vw, 902px\" \/>\t\t\t\t\t\t\n\t\t\t\t\t<\/div>\n\t\t\t\t\t\t\t\t\n<style>\n#image_1603498121 {\n  width: 50%;\n}\n<\/style>\n\t<\/div>\n\t\n     <\/div>\n\n     <div class=\"loading-spin dark large centered\"><\/div>\n\n\t<\/div>\n\n\n","protected":false},"excerpt":{"rendered":"<p>Env\u00edo GRATIS a todo el mundo<\/p>\n<p>Software Easy Label para impresoras est\u00e9ncil <a href=\"https:\/\/eu-mark.com\/product\/eumark-stencil-printer-58mm-with-stencil-tapes-6-pcs-58mmx10meters-long\/\">P58D<\/a> y <a href=\"https:\/\/eu-mark.com\/product\/stencil-printer-100mm-or-4-wide-with-stencil-tape-108m-or-355-feet-long\/\">C410<\/a><\/p>\n<p>Mejora la eficacia de nuestras impresoras t\u00e9rmicas de etiquetas utilizando el software Easy Label, dise\u00f1ado espec\u00edficamente para impresoras de est\u00e9ncil. Esta soluci\u00f3n f\u00e1cil de usar proporciona un completo paquete de software de etiquetas compatible con c\u00f3digos de barras, im\u00e1genes y numeraci\u00f3n en serie. Es totalmente compatible con dispositivos USB y Bluetooth (Android y Apple s\u00f3lo para la P58D), lo que garantiza una experiencia fluida en varias plataformas.  <\/p>\n","protected":false},"featured_media":6463,"comment_status":"closed","ping_status":"closed","template":"","meta":[],"product_brand":[],"product_cat":[100],"product_tag":[],"class_list":{"0":"post-6574","1":"product","2":"type-product","3":"status-publish","4":"has-post-thumbnail","6":"product_cat-suministros","8":"first","9":"instock","10":"sale","11":"downloadable","12":"shipping-taxable","13":"purchasable","14":"product-type-simple"},"yoast_head":"<!-- This site is optimized with the Yoast SEO plugin v27.4 - https:\/\/yoast.com\/product\/yoast-seo-wordpress\/ -->\n<title>Juego de software Easy Label para impresoras t\u00e9rmicas de etiquetas<\/title>\n<meta name=\"description\" content=\"Software para impresoras est\u00e9ncil Easy Label. El conjunto es \u00f3ptimo para utilizar cualquier impresora t\u00e9rmica de etiquetas para impresoras est\u00e9ncil. Conjunto de software para impresoras t\u00e9rmicas de etiquetas\" \/>\n<meta name=\"robots\" content=\"index, follow, max-snippet:-1, max-image-preview:large, max-video-preview:-1\" \/>\n<link rel=\"canonical\" href=\"https:\/\/eu-mark.com\/es\/product\/juego-de-software-easy-label-para-impresoras-de-etiquetas-termicas-de-2-3-y-4-58-80-y-100-mm-de-ancho\/\" \/>\n<meta property=\"og:locale\" content=\"es_ES\" \/>\n<meta property=\"og:type\" content=\"article\" \/>\n<meta property=\"og:title\" content=\"Juego de software Easy Label para impresoras t\u00e9rmicas de etiquetas\" \/>\n<meta property=\"og:description\" content=\"Software para impresoras est\u00e9ncil Easy Label. El conjunto es \u00f3ptimo para utilizar cualquier impresora t\u00e9rmica de etiquetas para impresoras est\u00e9ncil. Conjunto de software para impresoras t\u00e9rmicas de etiquetas\" \/>\n<meta property=\"og:url\" content=\"https:\/\/eu-mark.com\/es\/product\/juego-de-software-easy-label-para-impresoras-de-etiquetas-termicas-de-2-3-y-4-58-80-y-100-mm-de-ancho\/\" \/>\n<meta property=\"og:site_name\" content=\"Electrochemical marking etching\" \/>\n<meta property=\"article:publisher\" content=\"https:\/\/www.facebook.com\/eumark.de\/\" \/>\n<meta property=\"article:modified_time\" content=\"2025-02-09T12:13:32+00:00\" \/>\n<meta property=\"og:image\" content=\"https:\/\/eu-mark.com\/wp-content\/uploads\/2021\/04\/Easy-Label-software-for-stencil-printer-P58D-and-CD400.png\" \/>\n\t<meta property=\"og:image:width\" content=\"1538\" \/>\n\t<meta property=\"og:image:height\" content=\"1032\" \/>\n\t<meta property=\"og:image:type\" content=\"image\/png\" \/>\n<meta name=\"twitter:card\" content=\"summary_large_image\" \/>\n<meta name=\"twitter:label1\" content=\"Tiempo de lectura\" \/>\n\t<meta name=\"twitter:data1\" content=\"1 minuto\" \/>\n<script type=\"application\/ld+json\" class=\"yoast-schema-graph\">{\"@context\":\"https:\\\/\\\/schema.org\",\"@graph\":[{\"@type\":\"WebPage\",\"@id\":\"https:\\\/\\\/eu-mark.com\\\/es\\\/product\\\/juego-de-software-easy-label-para-impresoras-de-etiquetas-termicas-de-2-3-y-4-58-80-y-100-mm-de-ancho\\\/\",\"url\":\"https:\\\/\\\/eu-mark.com\\\/es\\\/product\\\/juego-de-software-easy-label-para-impresoras-de-etiquetas-termicas-de-2-3-y-4-58-80-y-100-mm-de-ancho\\\/\",\"name\":\"Juego de software Easy Label para impresoras t\u00e9rmicas de etiquetas\",\"isPartOf\":{\"@id\":\"https:\\\/\\\/eu-mark.com\\\/es\\\/#website\"},\"primaryImageOfPage\":{\"@id\":\"https:\\\/\\\/eu-mark.com\\\/es\\\/product\\\/juego-de-software-easy-label-para-impresoras-de-etiquetas-termicas-de-2-3-y-4-58-80-y-100-mm-de-ancho\\\/#primaryimage\"},\"image\":{\"@id\":\"https:\\\/\\\/eu-mark.com\\\/es\\\/product\\\/juego-de-software-easy-label-para-impresoras-de-etiquetas-termicas-de-2-3-y-4-58-80-y-100-mm-de-ancho\\\/#primaryimage\"},\"thumbnailUrl\":\"https:\\\/\\\/eu-mark.com\\\/wp-content\\\/uploads\\\/2021\\\/04\\\/Easy-Label-software-for-stencil-printer-P58D-and-CD400.png\",\"datePublished\":\"2021-04-07T14:03:04+00:00\",\"dateModified\":\"2025-02-09T12:13:32+00:00\",\"description\":\"Software para impresoras est\u00e9ncil Easy Label. El conjunto es \u00f3ptimo para utilizar cualquier impresora t\u00e9rmica de etiquetas para impresoras est\u00e9ncil. Conjunto de software para impresoras t\u00e9rmicas de etiquetas\",\"breadcrumb\":{\"@id\":\"https:\\\/\\\/eu-mark.com\\\/es\\\/product\\\/juego-de-software-easy-label-para-impresoras-de-etiquetas-termicas-de-2-3-y-4-58-80-y-100-mm-de-ancho\\\/#breadcrumb\"},\"inLanguage\":\"es\",\"potentialAction\":[{\"@type\":\"ReadAction\",\"target\":[\"https:\\\/\\\/eu-mark.com\\\/es\\\/product\\\/juego-de-software-easy-label-para-impresoras-de-etiquetas-termicas-de-2-3-y-4-58-80-y-100-mm-de-ancho\\\/\"]}]},{\"@type\":\"ImageObject\",\"inLanguage\":\"es\",\"@id\":\"https:\\\/\\\/eu-mark.com\\\/es\\\/product\\\/juego-de-software-easy-label-para-impresoras-de-etiquetas-termicas-de-2-3-y-4-58-80-y-100-mm-de-ancho\\\/#primaryimage\",\"url\":\"https:\\\/\\\/eu-mark.com\\\/wp-content\\\/uploads\\\/2021\\\/04\\\/Easy-Label-software-for-stencil-printer-P58D-and-CD400.png\",\"contentUrl\":\"https:\\\/\\\/eu-mark.com\\\/wp-content\\\/uploads\\\/2021\\\/04\\\/Easy-Label-software-for-stencil-printer-P58D-and-CD400.png\",\"width\":1538,\"height\":1032},{\"@type\":\"BreadcrumbList\",\"@id\":\"https:\\\/\\\/eu-mark.com\\\/es\\\/product\\\/juego-de-software-easy-label-para-impresoras-de-etiquetas-termicas-de-2-3-y-4-58-80-y-100-mm-de-ancho\\\/#breadcrumb\",\"itemListElement\":[{\"@type\":\"ListItem\",\"position\":1,\"name\":\"Inicio\",\"item\":\"https:\\\/\\\/eu-mark.com\\\/es\\\/home\\\/\"},{\"@type\":\"ListItem\",\"position\":2,\"name\":\"Tienda\",\"item\":\"https:\\\/\\\/eu-mark.com\\\/es\\\/tienda\\\/\"},{\"@type\":\"ListItem\",\"position\":3,\"name\":\"Juego de software Easy Label para impresoras de etiquetas t\u00e9rmicas de 2&#8243;, 3&#8243; y 4&#8243; 58, 80 y 100 mm de ancho\"}]},{\"@type\":\"WebSite\",\"@id\":\"https:\\\/\\\/eu-mark.com\\\/es\\\/#website\",\"url\":\"https:\\\/\\\/eu-mark.com\\\/es\\\/\",\"name\":\"eu-mark.com\",\"description\":\"Electrochemical marking etching\",\"publisher\":{\"@id\":\"https:\\\/\\\/eu-mark.com\\\/es\\\/#organization\"},\"potentialAction\":[{\"@type\":\"SearchAction\",\"target\":{\"@type\":\"EntryPoint\",\"urlTemplate\":\"https:\\\/\\\/eu-mark.com\\\/es\\\/?s={search_term_string}\"},\"query-input\":{\"@type\":\"PropertyValueSpecification\",\"valueRequired\":true,\"valueName\":\"search_term_string\"}}],\"inLanguage\":\"es\"},{\"@type\":\"Organization\",\"@id\":\"https:\\\/\\\/eu-mark.com\\\/es\\\/#organization\",\"name\":\"EUMARK\",\"url\":\"https:\\\/\\\/eu-mark.com\\\/es\\\/\",\"logo\":{\"@type\":\"ImageObject\",\"inLanguage\":\"es\",\"@id\":\"https:\\\/\\\/eu-mark.com\\\/es\\\/#\\\/schema\\\/logo\\\/image\\\/\",\"url\":\"https:\\\/\\\/eu-mark.com\\\/wp-content\\\/uploads\\\/2025\\\/02\\\/eumark-logo-samo-EU-2018_06_19-10_17_06-UTC.jpg\",\"contentUrl\":\"https:\\\/\\\/eu-mark.com\\\/wp-content\\\/uploads\\\/2025\\\/02\\\/eumark-logo-samo-EU-2018_06_19-10_17_06-UTC.jpg\",\"width\":264,\"height\":268,\"caption\":\"EUMARK\"},\"image\":{\"@id\":\"https:\\\/\\\/eu-mark.com\\\/es\\\/#\\\/schema\\\/logo\\\/image\\\/\"},\"sameAs\":[\"https:\\\/\\\/www.facebook.com\\\/eumark.de\\\/\",\"https:\\\/\\\/www.youtube.com\\\/channel\\\/UCehJsM6xcqIQLzp0y9MjYPg\",\"https:\\\/\\\/www.linkedin.com\\\/company\\\/eumark\\\/\",\"https:\\\/\\\/www.instagram.com\\\/eumark_de\"]}]}<\/script>\n<!-- \/ Yoast SEO plugin. -->","yoast_head_json":{"title":"Juego de software Easy Label para impresoras t\u00e9rmicas de etiquetas","description":"Software para impresoras est\u00e9ncil Easy Label. El conjunto es \u00f3ptimo para utilizar cualquier impresora t\u00e9rmica de etiquetas para impresoras est\u00e9ncil. Conjunto de software para impresoras t\u00e9rmicas de etiquetas","robots":{"index":"index","follow":"follow","max-snippet":"max-snippet:-1","max-image-preview":"max-image-preview:large","max-video-preview":"max-video-preview:-1"},"canonical":"https:\/\/eu-mark.com\/es\/product\/juego-de-software-easy-label-para-impresoras-de-etiquetas-termicas-de-2-3-y-4-58-80-y-100-mm-de-ancho\/","og_locale":"es_ES","og_type":"article","og_title":"Juego de software Easy Label para impresoras t\u00e9rmicas de etiquetas","og_description":"Software para impresoras est\u00e9ncil Easy Label. El conjunto es \u00f3ptimo para utilizar cualquier impresora t\u00e9rmica de etiquetas para impresoras est\u00e9ncil. Conjunto de software para impresoras t\u00e9rmicas de etiquetas","og_url":"https:\/\/eu-mark.com\/es\/product\/juego-de-software-easy-label-para-impresoras-de-etiquetas-termicas-de-2-3-y-4-58-80-y-100-mm-de-ancho\/","og_site_name":"Electrochemical marking etching","article_publisher":"https:\/\/www.facebook.com\/eumark.de\/","article_modified_time":"2025-02-09T12:13:32+00:00","og_image":[{"width":1538,"height":1032,"url":"https:\/\/eu-mark.com\/wp-content\/uploads\/2021\/04\/Easy-Label-software-for-stencil-printer-P58D-and-CD400.png","type":"image\/png"}],"twitter_card":"summary_large_image","twitter_misc":{"Tiempo de lectura":"1 minuto"},"schema":{"@context":"https:\/\/schema.org","@graph":[{"@type":"WebPage","@id":"https:\/\/eu-mark.com\/es\/product\/juego-de-software-easy-label-para-impresoras-de-etiquetas-termicas-de-2-3-y-4-58-80-y-100-mm-de-ancho\/","url":"https:\/\/eu-mark.com\/es\/product\/juego-de-software-easy-label-para-impresoras-de-etiquetas-termicas-de-2-3-y-4-58-80-y-100-mm-de-ancho\/","name":"Juego de software Easy Label para impresoras t\u00e9rmicas de etiquetas","isPartOf":{"@id":"https:\/\/eu-mark.com\/es\/#website"},"primaryImageOfPage":{"@id":"https:\/\/eu-mark.com\/es\/product\/juego-de-software-easy-label-para-impresoras-de-etiquetas-termicas-de-2-3-y-4-58-80-y-100-mm-de-ancho\/#primaryimage"},"image":{"@id":"https:\/\/eu-mark.com\/es\/product\/juego-de-software-easy-label-para-impresoras-de-etiquetas-termicas-de-2-3-y-4-58-80-y-100-mm-de-ancho\/#primaryimage"},"thumbnailUrl":"https:\/\/eu-mark.com\/wp-content\/uploads\/2021\/04\/Easy-Label-software-for-stencil-printer-P58D-and-CD400.png","datePublished":"2021-04-07T14:03:04+00:00","dateModified":"2025-02-09T12:13:32+00:00","description":"Software para impresoras est\u00e9ncil Easy Label. El conjunto es \u00f3ptimo para utilizar cualquier impresora t\u00e9rmica de etiquetas para impresoras est\u00e9ncil. Conjunto de software para impresoras t\u00e9rmicas de etiquetas","breadcrumb":{"@id":"https:\/\/eu-mark.com\/es\/product\/juego-de-software-easy-label-para-impresoras-de-etiquetas-termicas-de-2-3-y-4-58-80-y-100-mm-de-ancho\/#breadcrumb"},"inLanguage":"es","potentialAction":[{"@type":"ReadAction","target":["https:\/\/eu-mark.com\/es\/product\/juego-de-software-easy-label-para-impresoras-de-etiquetas-termicas-de-2-3-y-4-58-80-y-100-mm-de-ancho\/"]}]},{"@type":"ImageObject","inLanguage":"es","@id":"https:\/\/eu-mark.com\/es\/product\/juego-de-software-easy-label-para-impresoras-de-etiquetas-termicas-de-2-3-y-4-58-80-y-100-mm-de-ancho\/#primaryimage","url":"https:\/\/eu-mark.com\/wp-content\/uploads\/2021\/04\/Easy-Label-software-for-stencil-printer-P58D-and-CD400.png","contentUrl":"https:\/\/eu-mark.com\/wp-content\/uploads\/2021\/04\/Easy-Label-software-for-stencil-printer-P58D-and-CD400.png","width":1538,"height":1032},{"@type":"BreadcrumbList","@id":"https:\/\/eu-mark.com\/es\/product\/juego-de-software-easy-label-para-impresoras-de-etiquetas-termicas-de-2-3-y-4-58-80-y-100-mm-de-ancho\/#breadcrumb","itemListElement":[{"@type":"ListItem","position":1,"name":"Inicio","item":"https:\/\/eu-mark.com\/es\/home\/"},{"@type":"ListItem","position":2,"name":"Tienda","item":"https:\/\/eu-mark.com\/es\/tienda\/"},{"@type":"ListItem","position":3,"name":"Juego de software Easy Label para impresoras de etiquetas t\u00e9rmicas de 2&#8243;, 3&#8243; y 4&#8243; 58, 80 y 100 mm de ancho"}]},{"@type":"WebSite","@id":"https:\/\/eu-mark.com\/es\/#website","url":"https:\/\/eu-mark.com\/es\/","name":"eu-mark.com","description":"Electrochemical marking etching","publisher":{"@id":"https:\/\/eu-mark.com\/es\/#organization"},"potentialAction":[{"@type":"SearchAction","target":{"@type":"EntryPoint","urlTemplate":"https:\/\/eu-mark.com\/es\/?s={search_term_string}"},"query-input":{"@type":"PropertyValueSpecification","valueRequired":true,"valueName":"search_term_string"}}],"inLanguage":"es"},{"@type":"Organization","@id":"https:\/\/eu-mark.com\/es\/#organization","name":"EUMARK","url":"https:\/\/eu-mark.com\/es\/","logo":{"@type":"ImageObject","inLanguage":"es","@id":"https:\/\/eu-mark.com\/es\/#\/schema\/logo\/image\/","url":"https:\/\/eu-mark.com\/wp-content\/uploads\/2025\/02\/eumark-logo-samo-EU-2018_06_19-10_17_06-UTC.jpg","contentUrl":"https:\/\/eu-mark.com\/wp-content\/uploads\/2025\/02\/eumark-logo-samo-EU-2018_06_19-10_17_06-UTC.jpg","width":264,"height":268,"caption":"EUMARK"},"image":{"@id":"https:\/\/eu-mark.com\/es\/#\/schema\/logo\/image\/"},"sameAs":["https:\/\/www.facebook.com\/eumark.de\/","https:\/\/www.youtube.com\/channel\/UCehJsM6xcqIQLzp0y9MjYPg","https:\/\/www.linkedin.com\/company\/eumark\/","https:\/\/www.instagram.com\/eumark_de"]}]}},"_links":{"self":[{"href":"https:\/\/eu-mark.com\/es\/wp-json\/wp\/v2\/product\/6574","targetHints":{"allow":["GET"]}}],"collection":[{"href":"https:\/\/eu-mark.com\/es\/wp-json\/wp\/v2\/product"}],"about":[{"href":"https:\/\/eu-mark.com\/es\/wp-json\/wp\/v2\/types\/product"}],"replies":[{"embeddable":true,"href":"https:\/\/eu-mark.com\/es\/wp-json\/wp\/v2\/comments?post=6574"}],"wp:featuredmedia":[{"embeddable":true,"href":"https:\/\/eu-mark.com\/es\/wp-json\/wp\/v2\/media\/6463"}],"wp:attachment":[{"href":"https:\/\/eu-mark.com\/es\/wp-json\/wp\/v2\/media?parent=6574"}],"wp:term":[{"taxonomy":"product_brand","embeddable":true,"href":"https:\/\/eu-mark.com\/es\/wp-json\/wp\/v2\/product_brand?post=6574"},{"taxonomy":"product_cat","embeddable":true,"href":"https:\/\/eu-mark.com\/es\/wp-json\/wp\/v2\/product_cat?post=6574"},{"taxonomy":"product_tag","embeddable":true,"href":"https:\/\/eu-mark.com\/es\/wp-json\/wp\/v2\/product_tag?post=6574"}],"curies":[{"name":"wp","href":"https:\/\/api.w.org\/{rel}","templated":true}]}}