{"id":6599,"date":"2024-04-23T12:18:39","date_gmt":"2024-04-23T12:18:39","guid":{"rendered":"https:\/\/eu-mark.com\/product\/imprimante-de-pochoirs-de-gravure-sur-verre-100mm-ou-4-de-large-avec-un-ruban-de-pochoirs-de-108m-ou-355-pieds-de-long\/"},"modified":"2024-04-23T12:18:39","modified_gmt":"2024-04-23T12:18:39","slug":"imprimante-de-pochoirs-de-gravure-sur-verre-100mm-ou-4-de-large-avec-un-ruban-de-pochoirs-de-108m-ou-355-pieds-de-long","status":"publish","type":"product","link":"https:\/\/eu-mark.com\/fr\/product\/imprimante-de-pochoirs-de-gravure-sur-verre-100mm-ou-4-de-large-avec-un-ruban-de-pochoirs-de-108m-ou-355-pieds-de-long\/","title":{"rendered":"Imprimante de pochoirs de gravure sur verre 100mm ou 4&Prime; de large avec un ruban de pochoirs de 108m ou 355 pieds de long"},"content":{"rendered":"<h3 data-sanitized-data-mce-fragment=\"1\"><strong>L&rsquo;imprimante de pochoirs de 100 mm de large est un outil efficace pour la d\u00e9coupe et la gravure pr\u00e9cises de pochoirs sur verre. Cet appareil est dot\u00e9 d&rsquo;une puissante imprimante capable de produire des pochoirs haute r\u00e9solution d&rsquo;une largeur d&rsquo;impression maximale de 100 mm (4&Prime;) et d&rsquo;une longueur de ruban de pochoir de 108 m (355 pieds). Logiciel inclus <\/strong>.<\/h3>\n<h3><strong>\u00ab\u00a0D\u00e9couvrez l&rsquo;art de la gravure sur verre gr\u00e2ce \u00e0 notre imprimante \u00e0 pochoir ultramoderne !<\/strong><\/h3>\n<div><\/div>\n<div>Voici l&rsquo;outil ultime pour la pr\u00e9cision et la cr\u00e9ativit\u00e9 dans la gravure sur verre. Notre imprimante \u00e0 pochoir de pointe permet aux artistes, aux amateurs et aux professionnels de transf\u00e9rer sans effort des motifs complexes sur des surfaces en verre avec une pr\u00e9cision in\u00e9gal\u00e9e. <\/div>\n<div><\/div>\n<div>D\u00e9couvrez la libert\u00e9 de personnaliser des objets en verre, des fen\u00eatres, des miroirs et bien d&rsquo;autres choses encore, avec une finesse et des d\u00e9tails \u00e9poustouflants. Que vous souhaitiez cr\u00e9er des cadeaux personnalis\u00e9s, embellir votre d\u00e9coration int\u00e9rieure ou ajouter une touche unique \u00e0 vos projets commerciaux, notre imprimante \u00e0 pochoir offre une polyvalence et une qualit\u00e9 in\u00e9gal\u00e9es. <\/div>\n<div><\/div>\n<div>Dites adieu aux techniques de gravure manuelle fastidieuses et bonjour \u00e0 l&rsquo;efficacit\u00e9 et \u00e0 la pr\u00e9cision. Gr\u00e2ce \u00e0 notre logiciel intuitif et \u00e0 nos machines performantes, il n&rsquo;a jamais \u00e9t\u00e9 aussi facile de donner vie \u00e0 vos id\u00e9es. <\/div>\n<div><\/div>\n<div>Am\u00e9liorez vos projets de gravure sur verre d\u00e8s aujourd&rsquo;hui gr\u00e2ce \u00e0 notre imprimante \u00e0 pochoir innovante. Lib\u00e9rez votre cr\u00e9ativit\u00e9 et laissez une impression durable avec chaque chef-d&rsquo;\u0153uvre grav\u00e9 !\u00a0\u00bb <\/div>\n<p>&nbsp;<\/p>\n<p>&nbsp;<\/p>\n","protected":false},"excerpt":{"rendered":"<p><strong>Exp\u00e9dition GRATUITE dans le monde entier<\/strong><\/p>\n<p>Nous vous pr\u00e9sentons l&rsquo;imprimante de pochoirs EUmark, d&rsquo;une largeur de 100 mm ou 4&Prime;, associ\u00e9e \u00e0 un ruban de pochoirs g\u00e9n\u00e9reux de 108 m ou 355 pieds de long. Nous vous pr\u00e9sentons enfin une solution pour cr\u00e9er sans effort des pochoirs rapides, faciles et \u00e9conomiques dans les limites de votre maison ou de votre atelier. Tout ce dont vous avez besoin, c&rsquo;est d&rsquo;une imprimante et d&rsquo;une bande de pochoir pour un marquage efficace, en utilisant la gravure sur verre. Gr\u00e2ce \u00e0 notre imprimante de pochoirs et aux rubans compatibles, la cr\u00e9ation de votre pochoir personnalis\u00e9 et la r\u00e9alisation de marquages rapides ne prennent que quelques minutes. Qu&rsquo;il s&rsquo;agisse de num\u00e9ros de s\u00e9rie, de codes QR, de codes-barres, de dates, de textes ou m\u00eame de logos, vous pouvez tout r\u00e9aliser en quelques minutes seulement !<\/p>\n","protected":false},"featured_media":6607,"comment_status":"open","ping_status":"closed","template":"","meta":[],"product_brand":[],"product_cat":[106],"product_tag":[],"class_list":{"0":"post-6599","1":"product","2":"type-product","3":"status-publish","4":"has-post-thumbnail","6":"product_cat-imprimantes-a-pochoirs","8":"first","9":"instock","10":"shipping-taxable","11":"purchasable","12":"product-type-simple"},"yoast_head":"<!-- This site is optimized with the Yoast SEO plugin v27.4 - https:\/\/yoast.com\/product\/yoast-seo-wordpress\/ -->\n<title>Imprimante de pochoirs de gravure sur verre 100mm 4&quot; de large<\/title>\n<meta name=\"description\" content=\"Marquage du m\u00e9tal Marquage de la pi\u00e8ce m\u00e9tallique avec un logo, un texte ou un num\u00e9ro de s\u00e9rie. Nous avons enfin une solution pour r\u00e9aliser des pochoirs rapides, faciles et tr\u00e8s abordables \u00e0 la maison ou \u00e0 l&#039;atelier.\" \/>\n<meta name=\"robots\" content=\"index, follow, max-snippet:-1, max-image-preview:large, max-video-preview:-1\" \/>\n<link rel=\"canonical\" href=\"https:\/\/eu-mark.com\/fr\/product\/imprimante-de-pochoirs-de-gravure-sur-verre-100mm-ou-4-de-large-avec-un-ruban-de-pochoirs-de-108m-ou-355-pieds-de-long\/\" \/>\n<meta property=\"og:locale\" content=\"fr_FR\" \/>\n<meta property=\"og:type\" content=\"article\" \/>\n<meta property=\"og:title\" content=\"Imprimante de pochoirs de gravure sur verre 100mm 4&quot; de large\" \/>\n<meta property=\"og:description\" content=\"Marquage du m\u00e9tal Marquage de la pi\u00e8ce m\u00e9tallique avec un logo, un texte ou un num\u00e9ro de s\u00e9rie. Nous avons enfin une solution pour r\u00e9aliser des pochoirs rapides, faciles et tr\u00e8s abordables \u00e0 la maison ou \u00e0 l&#039;atelier.\" \/>\n<meta property=\"og:url\" content=\"https:\/\/eu-mark.com\/fr\/product\/imprimante-de-pochoirs-de-gravure-sur-verre-100mm-ou-4-de-large-avec-un-ruban-de-pochoirs-de-108m-ou-355-pieds-de-long\/\" \/>\n<meta property=\"og:site_name\" content=\"Electrochemical marking etching\" \/>\n<meta property=\"article:publisher\" content=\"https:\/\/www.facebook.com\/eumark.de\/\" \/>\n<meta property=\"og:image\" content=\"https:\/\/eu-mark.com\/wp-content\/uploads\/2024\/04\/Glass_etch_stencil-printer_02.webp\" \/>\n\t<meta property=\"og:image:width\" content=\"600\" \/>\n\t<meta property=\"og:image:height\" content=\"1067\" \/>\n\t<meta property=\"og:image:type\" content=\"image\/webp\" \/>\n<meta name=\"twitter:card\" content=\"summary_large_image\" \/>\n<meta name=\"twitter:label1\" content=\"Dur\u00e9e de lecture estim\u00e9e\" \/>\n\t<meta name=\"twitter:data1\" content=\"1 minute\" \/>\n<script type=\"application\/ld+json\" class=\"yoast-schema-graph\">{\"@context\":\"https:\\\/\\\/schema.org\",\"@graph\":[{\"@type\":\"WebPage\",\"@id\":\"https:\\\/\\\/eu-mark.com\\\/fr\\\/product\\\/imprimante-de-pochoirs-de-gravure-sur-verre-100mm-ou-4-de-large-avec-un-ruban-de-pochoirs-de-108m-ou-355-pieds-de-long\\\/\",\"url\":\"https:\\\/\\\/eu-mark.com\\\/fr\\\/product\\\/imprimante-de-pochoirs-de-gravure-sur-verre-100mm-ou-4-de-large-avec-un-ruban-de-pochoirs-de-108m-ou-355-pieds-de-long\\\/\",\"name\":\"Imprimante de pochoirs de gravure sur verre 100mm 4\\\" de large\",\"isPartOf\":{\"@id\":\"https:\\\/\\\/eu-mark.com\\\/fr\\\/#website\"},\"primaryImageOfPage\":{\"@id\":\"https:\\\/\\\/eu-mark.com\\\/fr\\\/product\\\/imprimante-de-pochoirs-de-gravure-sur-verre-100mm-ou-4-de-large-avec-un-ruban-de-pochoirs-de-108m-ou-355-pieds-de-long\\\/#primaryimage\"},\"image\":{\"@id\":\"https:\\\/\\\/eu-mark.com\\\/fr\\\/product\\\/imprimante-de-pochoirs-de-gravure-sur-verre-100mm-ou-4-de-large-avec-un-ruban-de-pochoirs-de-108m-ou-355-pieds-de-long\\\/#primaryimage\"},\"thumbnailUrl\":\"https:\\\/\\\/eu-mark.com\\\/wp-content\\\/uploads\\\/2024\\\/04\\\/Glass_etch_stencil-printer_02.webp\",\"datePublished\":\"2024-04-23T12:18:39+00:00\",\"description\":\"Marquage du m\u00e9tal Marquage de la pi\u00e8ce m\u00e9tallique avec un logo, un texte ou un num\u00e9ro de s\u00e9rie. Nous avons enfin une solution pour r\u00e9aliser des pochoirs rapides, faciles et tr\u00e8s abordables \u00e0 la maison ou \u00e0 l'atelier.\",\"breadcrumb\":{\"@id\":\"https:\\\/\\\/eu-mark.com\\\/fr\\\/product\\\/imprimante-de-pochoirs-de-gravure-sur-verre-100mm-ou-4-de-large-avec-un-ruban-de-pochoirs-de-108m-ou-355-pieds-de-long\\\/#breadcrumb\"},\"inLanguage\":\"fr-FR\",\"potentialAction\":[{\"@type\":\"ReadAction\",\"target\":[\"https:\\\/\\\/eu-mark.com\\\/fr\\\/product\\\/imprimante-de-pochoirs-de-gravure-sur-verre-100mm-ou-4-de-large-avec-un-ruban-de-pochoirs-de-108m-ou-355-pieds-de-long\\\/\"]}]},{\"@type\":\"ImageObject\",\"inLanguage\":\"fr-FR\",\"@id\":\"https:\\\/\\\/eu-mark.com\\\/fr\\\/product\\\/imprimante-de-pochoirs-de-gravure-sur-verre-100mm-ou-4-de-large-avec-un-ruban-de-pochoirs-de-108m-ou-355-pieds-de-long\\\/#primaryimage\",\"url\":\"https:\\\/\\\/eu-mark.com\\\/wp-content\\\/uploads\\\/2024\\\/04\\\/Glass_etch_stencil-printer_02.webp\",\"contentUrl\":\"https:\\\/\\\/eu-mark.com\\\/wp-content\\\/uploads\\\/2024\\\/04\\\/Glass_etch_stencil-printer_02.webp\",\"width\":600,\"height\":1067},{\"@type\":\"BreadcrumbList\",\"@id\":\"https:\\\/\\\/eu-mark.com\\\/fr\\\/product\\\/imprimante-de-pochoirs-de-gravure-sur-verre-100mm-ou-4-de-large-avec-un-ruban-de-pochoirs-de-108m-ou-355-pieds-de-long\\\/#breadcrumb\",\"itemListElement\":[{\"@type\":\"ListItem\",\"position\":1,\"name\":\"Accueil\",\"item\":\"https:\\\/\\\/eu-mark.com\\\/fr\\\/accueil\\\/\"},{\"@type\":\"ListItem\",\"position\":2,\"name\":\"Boutique\",\"item\":\"https:\\\/\\\/eu-mark.com\\\/fr\\\/boutique\\\/\"},{\"@type\":\"ListItem\",\"position\":3,\"name\":\"Imprimante de pochoirs de gravure sur verre 100mm ou 4&Prime; de large avec un ruban de pochoirs de 108m ou 355 pieds de long\"}]},{\"@type\":\"WebSite\",\"@id\":\"https:\\\/\\\/eu-mark.com\\\/fr\\\/#website\",\"url\":\"https:\\\/\\\/eu-mark.com\\\/fr\\\/\",\"name\":\"eu-mark.com\",\"description\":\"Electrochemical marking etching\",\"publisher\":{\"@id\":\"https:\\\/\\\/eu-mark.com\\\/fr\\\/#organization\"},\"potentialAction\":[{\"@type\":\"SearchAction\",\"target\":{\"@type\":\"EntryPoint\",\"urlTemplate\":\"https:\\\/\\\/eu-mark.com\\\/fr\\\/?s={search_term_string}\"},\"query-input\":{\"@type\":\"PropertyValueSpecification\",\"valueRequired\":true,\"valueName\":\"search_term_string\"}}],\"inLanguage\":\"fr-FR\"},{\"@type\":\"Organization\",\"@id\":\"https:\\\/\\\/eu-mark.com\\\/fr\\\/#organization\",\"name\":\"EUMARK\",\"url\":\"https:\\\/\\\/eu-mark.com\\\/fr\\\/\",\"logo\":{\"@type\":\"ImageObject\",\"inLanguage\":\"fr-FR\",\"@id\":\"https:\\\/\\\/eu-mark.com\\\/fr\\\/#\\\/schema\\\/logo\\\/image\\\/\",\"url\":\"https:\\\/\\\/eu-mark.com\\\/wp-content\\\/uploads\\\/2025\\\/02\\\/eumark-logo-samo-EU-2018_06_19-10_17_06-UTC.jpg\",\"contentUrl\":\"https:\\\/\\\/eu-mark.com\\\/wp-content\\\/uploads\\\/2025\\\/02\\\/eumark-logo-samo-EU-2018_06_19-10_17_06-UTC.jpg\",\"width\":264,\"height\":268,\"caption\":\"EUMARK\"},\"image\":{\"@id\":\"https:\\\/\\\/eu-mark.com\\\/fr\\\/#\\\/schema\\\/logo\\\/image\\\/\"},\"sameAs\":[\"https:\\\/\\\/www.facebook.com\\\/eumark.de\\\/\",\"https:\\\/\\\/www.youtube.com\\\/channel\\\/UCehJsM6xcqIQLzp0y9MjYPg\",\"https:\\\/\\\/www.linkedin.com\\\/company\\\/eumark\\\/\",\"https:\\\/\\\/www.instagram.com\\\/eumark_de\"]}]}<\/script>\n<!-- \/ Yoast SEO plugin. -->","yoast_head_json":{"title":"Imprimante de pochoirs de gravure sur verre 100mm 4\" de large","description":"Marquage du m\u00e9tal Marquage de la pi\u00e8ce m\u00e9tallique avec un logo, un texte ou un num\u00e9ro de s\u00e9rie. Nous avons enfin une solution pour r\u00e9aliser des pochoirs rapides, faciles et tr\u00e8s abordables \u00e0 la maison ou \u00e0 l'atelier.","robots":{"index":"index","follow":"follow","max-snippet":"max-snippet:-1","max-image-preview":"max-image-preview:large","max-video-preview":"max-video-preview:-1"},"canonical":"https:\/\/eu-mark.com\/fr\/product\/imprimante-de-pochoirs-de-gravure-sur-verre-100mm-ou-4-de-large-avec-un-ruban-de-pochoirs-de-108m-ou-355-pieds-de-long\/","og_locale":"fr_FR","og_type":"article","og_title":"Imprimante de pochoirs de gravure sur verre 100mm 4\" de large","og_description":"Marquage du m\u00e9tal Marquage de la pi\u00e8ce m\u00e9tallique avec un logo, un texte ou un num\u00e9ro de s\u00e9rie. Nous avons enfin une solution pour r\u00e9aliser des pochoirs rapides, faciles et tr\u00e8s abordables \u00e0 la maison ou \u00e0 l'atelier.","og_url":"https:\/\/eu-mark.com\/fr\/product\/imprimante-de-pochoirs-de-gravure-sur-verre-100mm-ou-4-de-large-avec-un-ruban-de-pochoirs-de-108m-ou-355-pieds-de-long\/","og_site_name":"Electrochemical marking etching","article_publisher":"https:\/\/www.facebook.com\/eumark.de\/","og_image":[{"width":600,"height":1067,"url":"https:\/\/eu-mark.com\/wp-content\/uploads\/2024\/04\/Glass_etch_stencil-printer_02.webp","type":"image\/webp"}],"twitter_card":"summary_large_image","twitter_misc":{"Dur\u00e9e de lecture estim\u00e9e":"1 minute"},"schema":{"@context":"https:\/\/schema.org","@graph":[{"@type":"WebPage","@id":"https:\/\/eu-mark.com\/fr\/product\/imprimante-de-pochoirs-de-gravure-sur-verre-100mm-ou-4-de-large-avec-un-ruban-de-pochoirs-de-108m-ou-355-pieds-de-long\/","url":"https:\/\/eu-mark.com\/fr\/product\/imprimante-de-pochoirs-de-gravure-sur-verre-100mm-ou-4-de-large-avec-un-ruban-de-pochoirs-de-108m-ou-355-pieds-de-long\/","name":"Imprimante de pochoirs de gravure sur verre 100mm 4\" de large","isPartOf":{"@id":"https:\/\/eu-mark.com\/fr\/#website"},"primaryImageOfPage":{"@id":"https:\/\/eu-mark.com\/fr\/product\/imprimante-de-pochoirs-de-gravure-sur-verre-100mm-ou-4-de-large-avec-un-ruban-de-pochoirs-de-108m-ou-355-pieds-de-long\/#primaryimage"},"image":{"@id":"https:\/\/eu-mark.com\/fr\/product\/imprimante-de-pochoirs-de-gravure-sur-verre-100mm-ou-4-de-large-avec-un-ruban-de-pochoirs-de-108m-ou-355-pieds-de-long\/#primaryimage"},"thumbnailUrl":"https:\/\/eu-mark.com\/wp-content\/uploads\/2024\/04\/Glass_etch_stencil-printer_02.webp","datePublished":"2024-04-23T12:18:39+00:00","description":"Marquage du m\u00e9tal Marquage de la pi\u00e8ce m\u00e9tallique avec un logo, un texte ou un num\u00e9ro de s\u00e9rie. Nous avons enfin une solution pour r\u00e9aliser des pochoirs rapides, faciles et tr\u00e8s abordables \u00e0 la maison ou \u00e0 l'atelier.","breadcrumb":{"@id":"https:\/\/eu-mark.com\/fr\/product\/imprimante-de-pochoirs-de-gravure-sur-verre-100mm-ou-4-de-large-avec-un-ruban-de-pochoirs-de-108m-ou-355-pieds-de-long\/#breadcrumb"},"inLanguage":"fr-FR","potentialAction":[{"@type":"ReadAction","target":["https:\/\/eu-mark.com\/fr\/product\/imprimante-de-pochoirs-de-gravure-sur-verre-100mm-ou-4-de-large-avec-un-ruban-de-pochoirs-de-108m-ou-355-pieds-de-long\/"]}]},{"@type":"ImageObject","inLanguage":"fr-FR","@id":"https:\/\/eu-mark.com\/fr\/product\/imprimante-de-pochoirs-de-gravure-sur-verre-100mm-ou-4-de-large-avec-un-ruban-de-pochoirs-de-108m-ou-355-pieds-de-long\/#primaryimage","url":"https:\/\/eu-mark.com\/wp-content\/uploads\/2024\/04\/Glass_etch_stencil-printer_02.webp","contentUrl":"https:\/\/eu-mark.com\/wp-content\/uploads\/2024\/04\/Glass_etch_stencil-printer_02.webp","width":600,"height":1067},{"@type":"BreadcrumbList","@id":"https:\/\/eu-mark.com\/fr\/product\/imprimante-de-pochoirs-de-gravure-sur-verre-100mm-ou-4-de-large-avec-un-ruban-de-pochoirs-de-108m-ou-355-pieds-de-long\/#breadcrumb","itemListElement":[{"@type":"ListItem","position":1,"name":"Accueil","item":"https:\/\/eu-mark.com\/fr\/accueil\/"},{"@type":"ListItem","position":2,"name":"Boutique","item":"https:\/\/eu-mark.com\/fr\/boutique\/"},{"@type":"ListItem","position":3,"name":"Imprimante de pochoirs de gravure sur verre 100mm ou 4&Prime; de large avec un ruban de pochoirs de 108m ou 355 pieds de long"}]},{"@type":"WebSite","@id":"https:\/\/eu-mark.com\/fr\/#website","url":"https:\/\/eu-mark.com\/fr\/","name":"eu-mark.com","description":"Electrochemical marking etching","publisher":{"@id":"https:\/\/eu-mark.com\/fr\/#organization"},"potentialAction":[{"@type":"SearchAction","target":{"@type":"EntryPoint","urlTemplate":"https:\/\/eu-mark.com\/fr\/?s={search_term_string}"},"query-input":{"@type":"PropertyValueSpecification","valueRequired":true,"valueName":"search_term_string"}}],"inLanguage":"fr-FR"},{"@type":"Organization","@id":"https:\/\/eu-mark.com\/fr\/#organization","name":"EUMARK","url":"https:\/\/eu-mark.com\/fr\/","logo":{"@type":"ImageObject","inLanguage":"fr-FR","@id":"https:\/\/eu-mark.com\/fr\/#\/schema\/logo\/image\/","url":"https:\/\/eu-mark.com\/wp-content\/uploads\/2025\/02\/eumark-logo-samo-EU-2018_06_19-10_17_06-UTC.jpg","contentUrl":"https:\/\/eu-mark.com\/wp-content\/uploads\/2025\/02\/eumark-logo-samo-EU-2018_06_19-10_17_06-UTC.jpg","width":264,"height":268,"caption":"EUMARK"},"image":{"@id":"https:\/\/eu-mark.com\/fr\/#\/schema\/logo\/image\/"},"sameAs":["https:\/\/www.facebook.com\/eumark.de\/","https:\/\/www.youtube.com\/channel\/UCehJsM6xcqIQLzp0y9MjYPg","https:\/\/www.linkedin.com\/company\/eumark\/","https:\/\/www.instagram.com\/eumark_de"]}]}},"_links":{"self":[{"href":"https:\/\/eu-mark.com\/fr\/wp-json\/wp\/v2\/product\/6599","targetHints":{"allow":["GET"]}}],"collection":[{"href":"https:\/\/eu-mark.com\/fr\/wp-json\/wp\/v2\/product"}],"about":[{"href":"https:\/\/eu-mark.com\/fr\/wp-json\/wp\/v2\/types\/product"}],"replies":[{"embeddable":true,"href":"https:\/\/eu-mark.com\/fr\/wp-json\/wp\/v2\/comments?post=6599"}],"wp:featuredmedia":[{"embeddable":true,"href":"https:\/\/eu-mark.com\/fr\/wp-json\/wp\/v2\/media\/6607"}],"wp:attachment":[{"href":"https:\/\/eu-mark.com\/fr\/wp-json\/wp\/v2\/media?parent=6599"}],"wp:term":[{"taxonomy":"product_brand","embeddable":true,"href":"https:\/\/eu-mark.com\/fr\/wp-json\/wp\/v2\/product_brand?post=6599"},{"taxonomy":"product_cat","embeddable":true,"href":"https:\/\/eu-mark.com\/fr\/wp-json\/wp\/v2\/product_cat?post=6599"},{"taxonomy":"product_tag","embeddable":true,"href":"https:\/\/eu-mark.com\/fr\/wp-json\/wp\/v2\/product_tag?post=6599"}],"curies":[{"name":"wp","href":"https:\/\/api.w.org\/{rel}","templated":true}]}}