{"id":6600,"date":"2021-08-27T08:27:08","date_gmt":"2021-08-27T08:27:08","guid":{"rendered":"https:\/\/eu-mark.com\/product\/m22-electrolyte-pour-marquage-electrochimique-500ml-16-9-fl-oz\/"},"modified":"2021-08-27T08:27:08","modified_gmt":"2021-08-27T08:27:08","slug":"m22-electrolyte-pour-marquage-electrochimique-500ml-16-9-fl-oz","status":"publish","type":"product","link":"https:\/\/eu-mark.com\/fr\/product\/m22-electrolyte-pour-marquage-electrochimique-500ml-16-9-fl-oz\/","title":{"rendered":"M22 Electrolyte pour marquage \u00e9lectrochimique 500ml 16.9 fl. oz."},"content":{"rendered":"<p><a href=\"https:\/\/eu-mark.com\/achieving-remarkable-marks-with-eumark-electrolytes-unleashing-the-power-of-excellence\/\">M22 est tr\u00e8s fonc\u00e9<\/a> mais il faut souvent nettoyer le pochoir et le feutre. pH 7 tr\u00e8s \u00e9cologique&#8230; <\/p>\n<p><a href=\"https:\/\/eumark.biz\/en-us\/blogs\/news\/achieving-remarkable-marks-with-eumark-electrolytes-unleashing-the-power-of-excellence\"><strong>M22 : Des marques sombres et impressionnantes avec des capacit\u00e9s de gravure en profondeur<\/strong><\/a><\/p>\n<p>L&rsquo;\u00e9lectrolyte M22 d&rsquo;Eumark est r\u00e9put\u00e9 pour sa capacit\u00e9 \u00e0 cr\u00e9er des marques sombres et visuellement frappantes. Pour augmenter encore l&rsquo;impact visuel, l&rsquo;application d&rsquo;une fine pellicule d&rsquo;huile \u00e0 l&rsquo;aide d&rsquo;un chiffon apr\u00e8s le marquage donne des r\u00e9sultats \u00e9tonnants. Bien que le M22 offre des capacit\u00e9s de gravure profonde et convienne \u00e0 l&rsquo;acier inoxydable, \u00e0 l&rsquo;acier, au nickel, au chrome, au zinc, au titane et \u00e0 d&rsquo;autres surfaces \u00e9lectroconductrices, il est important de noter qu&rsquo;un nettoyage r\u00e9gulier des <a href=\"https:\/\/eumark.biz\/en-us\/blogs\/news\/mastering-the-art-of-electrochemical-marking-engraving-enhancing-stencil-quality\">pochoirs<\/a> et des feutres peut s&rsquo;av\u00e9rer n\u00e9cessaire. En outre, le pH du M22, proche de 7, en fait un choix \u00e9cologique, refl\u00e9tant l&rsquo;engagement d&rsquo;Eumark en mati\u00e8re de responsabilit\u00e9 environnementale.   <\/p>\n","protected":false},"excerpt":{"rendered":"<p>M22 est tr\u00e8s sombre mais vous devez nettoyer souvent le pochoir et le feutre. pH 7 tr\u00e8s \u00e9cologique&#8230;<br \/>\nLivraison GRATUITE dans le monde entier carte de d\u00e9bit ou de cr\u00e9dit proc\u00e9dez avec PayPal \u00e0 la caisse Vous n&rsquo;avez pas besoin d&rsquo;avoir un compte PayPal <\/p>\n","protected":false},"featured_media":8022,"comment_status":"open","ping_status":"closed","template":"","meta":[],"product_brand":[],"product_cat":[107],"product_tag":[112,108,110,111,109],"class_list":{"0":"post-6600","1":"product","2":"type-product","3":"status-publish","4":"has-post-thumbnail","6":"product_cat-produits-chimiques","7":"product_tag-acier","8":"product_tag-electrochimique","9":"product_tag-gravure","10":"product_tag-machine-fr","11":"product_tag-marquage","13":"first","14":"instock","15":"shipping-taxable","16":"purchasable","17":"product-type-simple"},"yoast_head":"<!-- This site is optimized with the Yoast SEO plugin v27.4 - https:\/\/yoast.com\/product\/yoast-seo-wordpress\/ -->\n<title>M22 Electrolyte pour marquage \u00e9lectrochimique<\/title>\n<meta name=\"description\" content=\"Electrolyte pour le marquage \u00e9lectrochimique L&#039;\u00e9lectrolyte M22 d&#039;Eumark est r\u00e9put\u00e9 pour sa capacit\u00e9 \u00e0 cr\u00e9er des marques sombres et visuellement frappantes.\" \/>\n<meta name=\"robots\" content=\"index, follow, max-snippet:-1, max-image-preview:large, max-video-preview:-1\" \/>\n<link rel=\"canonical\" href=\"https:\/\/eu-mark.com\/fr\/product\/m22-electrolyte-pour-marquage-electrochimique-500ml-16-9-fl-oz\/\" \/>\n<meta property=\"og:locale\" content=\"fr_FR\" \/>\n<meta property=\"og:type\" content=\"article\" \/>\n<meta property=\"og:title\" content=\"M22 Electrolyte pour marquage \u00e9lectrochimique\" \/>\n<meta property=\"og:description\" content=\"Electrolyte pour le marquage \u00e9lectrochimique L&#039;\u00e9lectrolyte M22 d&#039;Eumark est r\u00e9put\u00e9 pour sa capacit\u00e9 \u00e0 cr\u00e9er des marques sombres et visuellement frappantes.\" \/>\n<meta property=\"og:url\" content=\"https:\/\/eu-mark.com\/fr\/product\/m22-electrolyte-pour-marquage-electrochimique-500ml-16-9-fl-oz\/\" \/>\n<meta property=\"og:site_name\" content=\"Electrochemical marking etching\" \/>\n<meta property=\"article:publisher\" content=\"https:\/\/www.facebook.com\/eumark.de\/\" \/>\n<meta property=\"og:image\" content=\"https:\/\/eu-mark.com\/wp-content\/uploads\/2023\/08\/eumark_marking_engraving_electrolyte_fluid_13.jpg\" \/>\n\t<meta property=\"og:image:width\" content=\"1000\" \/>\n\t<meta property=\"og:image:height\" content=\"1000\" \/>\n\t<meta property=\"og:image:type\" content=\"image\/jpeg\" \/>\n<meta name=\"twitter:card\" content=\"summary_large_image\" \/>\n<meta name=\"twitter:label1\" content=\"Dur\u00e9e de lecture estim\u00e9e\" \/>\n\t<meta name=\"twitter:data1\" content=\"1 minute\" \/>\n<script type=\"application\/ld+json\" class=\"yoast-schema-graph\">{\"@context\":\"https:\\\/\\\/schema.org\",\"@graph\":[{\"@type\":\"WebPage\",\"@id\":\"https:\\\/\\\/eu-mark.com\\\/fr\\\/product\\\/m22-electrolyte-pour-marquage-electrochimique-500ml-16-9-fl-oz\\\/\",\"url\":\"https:\\\/\\\/eu-mark.com\\\/fr\\\/product\\\/m22-electrolyte-pour-marquage-electrochimique-500ml-16-9-fl-oz\\\/\",\"name\":\"M22 Electrolyte pour marquage \u00e9lectrochimique\",\"isPartOf\":{\"@id\":\"https:\\\/\\\/eu-mark.com\\\/fr\\\/#website\"},\"primaryImageOfPage\":{\"@id\":\"https:\\\/\\\/eu-mark.com\\\/fr\\\/product\\\/m22-electrolyte-pour-marquage-electrochimique-500ml-16-9-fl-oz\\\/#primaryimage\"},\"image\":{\"@id\":\"https:\\\/\\\/eu-mark.com\\\/fr\\\/product\\\/m22-electrolyte-pour-marquage-electrochimique-500ml-16-9-fl-oz\\\/#primaryimage\"},\"thumbnailUrl\":\"https:\\\/\\\/eu-mark.com\\\/wp-content\\\/uploads\\\/2023\\\/08\\\/eumark_marking_engraving_electrolyte_fluid_13.jpg\",\"datePublished\":\"2021-08-27T08:27:08+00:00\",\"description\":\"Electrolyte pour le marquage \u00e9lectrochimique L'\u00e9lectrolyte M22 d'Eumark est r\u00e9put\u00e9 pour sa capacit\u00e9 \u00e0 cr\u00e9er des marques sombres et visuellement frappantes.\",\"breadcrumb\":{\"@id\":\"https:\\\/\\\/eu-mark.com\\\/fr\\\/product\\\/m22-electrolyte-pour-marquage-electrochimique-500ml-16-9-fl-oz\\\/#breadcrumb\"},\"inLanguage\":\"fr-FR\",\"potentialAction\":[{\"@type\":\"ReadAction\",\"target\":[\"https:\\\/\\\/eu-mark.com\\\/fr\\\/product\\\/m22-electrolyte-pour-marquage-electrochimique-500ml-16-9-fl-oz\\\/\"]}]},{\"@type\":\"ImageObject\",\"inLanguage\":\"fr-FR\",\"@id\":\"https:\\\/\\\/eu-mark.com\\\/fr\\\/product\\\/m22-electrolyte-pour-marquage-electrochimique-500ml-16-9-fl-oz\\\/#primaryimage\",\"url\":\"https:\\\/\\\/eu-mark.com\\\/wp-content\\\/uploads\\\/2023\\\/08\\\/eumark_marking_engraving_electrolyte_fluid_13.jpg\",\"contentUrl\":\"https:\\\/\\\/eu-mark.com\\\/wp-content\\\/uploads\\\/2023\\\/08\\\/eumark_marking_engraving_electrolyte_fluid_13.jpg\",\"width\":1000,\"height\":1000,\"caption\":\"eumark marking engraving electrolyte fluid M22\"},{\"@type\":\"BreadcrumbList\",\"@id\":\"https:\\\/\\\/eu-mark.com\\\/fr\\\/product\\\/m22-electrolyte-pour-marquage-electrochimique-500ml-16-9-fl-oz\\\/#breadcrumb\",\"itemListElement\":[{\"@type\":\"ListItem\",\"position\":1,\"name\":\"Accueil\",\"item\":\"https:\\\/\\\/eu-mark.com\\\/fr\\\/accueil\\\/\"},{\"@type\":\"ListItem\",\"position\":2,\"name\":\"Boutique\",\"item\":\"https:\\\/\\\/eu-mark.com\\\/fr\\\/boutique\\\/\"},{\"@type\":\"ListItem\",\"position\":3,\"name\":\"M22 Electrolyte pour marquage \u00e9lectrochimique 500ml 16.9 fl. oz.\"}]},{\"@type\":\"WebSite\",\"@id\":\"https:\\\/\\\/eu-mark.com\\\/fr\\\/#website\",\"url\":\"https:\\\/\\\/eu-mark.com\\\/fr\\\/\",\"name\":\"eu-mark.com\",\"description\":\"Electrochemical marking etching\",\"publisher\":{\"@id\":\"https:\\\/\\\/eu-mark.com\\\/fr\\\/#organization\"},\"potentialAction\":[{\"@type\":\"SearchAction\",\"target\":{\"@type\":\"EntryPoint\",\"urlTemplate\":\"https:\\\/\\\/eu-mark.com\\\/fr\\\/?s={search_term_string}\"},\"query-input\":{\"@type\":\"PropertyValueSpecification\",\"valueRequired\":true,\"valueName\":\"search_term_string\"}}],\"inLanguage\":\"fr-FR\"},{\"@type\":\"Organization\",\"@id\":\"https:\\\/\\\/eu-mark.com\\\/fr\\\/#organization\",\"name\":\"EUMARK\",\"url\":\"https:\\\/\\\/eu-mark.com\\\/fr\\\/\",\"logo\":{\"@type\":\"ImageObject\",\"inLanguage\":\"fr-FR\",\"@id\":\"https:\\\/\\\/eu-mark.com\\\/fr\\\/#\\\/schema\\\/logo\\\/image\\\/\",\"url\":\"https:\\\/\\\/eu-mark.com\\\/wp-content\\\/uploads\\\/2025\\\/02\\\/eumark-logo-samo-EU-2018_06_19-10_17_06-UTC.jpg\",\"contentUrl\":\"https:\\\/\\\/eu-mark.com\\\/wp-content\\\/uploads\\\/2025\\\/02\\\/eumark-logo-samo-EU-2018_06_19-10_17_06-UTC.jpg\",\"width\":264,\"height\":268,\"caption\":\"EUMARK\"},\"image\":{\"@id\":\"https:\\\/\\\/eu-mark.com\\\/fr\\\/#\\\/schema\\\/logo\\\/image\\\/\"},\"sameAs\":[\"https:\\\/\\\/www.facebook.com\\\/eumark.de\\\/\",\"https:\\\/\\\/www.youtube.com\\\/channel\\\/UCehJsM6xcqIQLzp0y9MjYPg\",\"https:\\\/\\\/www.linkedin.com\\\/company\\\/eumark\\\/\",\"https:\\\/\\\/www.instagram.com\\\/eumark_de\"]}]}<\/script>\n<!-- \/ Yoast SEO plugin. -->","yoast_head_json":{"title":"M22 Electrolyte pour marquage \u00e9lectrochimique","description":"Electrolyte pour le marquage \u00e9lectrochimique L'\u00e9lectrolyte M22 d'Eumark est r\u00e9put\u00e9 pour sa capacit\u00e9 \u00e0 cr\u00e9er des marques sombres et visuellement frappantes.","robots":{"index":"index","follow":"follow","max-snippet":"max-snippet:-1","max-image-preview":"max-image-preview:large","max-video-preview":"max-video-preview:-1"},"canonical":"https:\/\/eu-mark.com\/fr\/product\/m22-electrolyte-pour-marquage-electrochimique-500ml-16-9-fl-oz\/","og_locale":"fr_FR","og_type":"article","og_title":"M22 Electrolyte pour marquage \u00e9lectrochimique","og_description":"Electrolyte pour le marquage \u00e9lectrochimique L'\u00e9lectrolyte M22 d'Eumark est r\u00e9put\u00e9 pour sa capacit\u00e9 \u00e0 cr\u00e9er des marques sombres et visuellement frappantes.","og_url":"https:\/\/eu-mark.com\/fr\/product\/m22-electrolyte-pour-marquage-electrochimique-500ml-16-9-fl-oz\/","og_site_name":"Electrochemical marking etching","article_publisher":"https:\/\/www.facebook.com\/eumark.de\/","og_image":[{"width":1000,"height":1000,"url":"https:\/\/eu-mark.com\/wp-content\/uploads\/2023\/08\/eumark_marking_engraving_electrolyte_fluid_13.jpg","type":"image\/jpeg"}],"twitter_card":"summary_large_image","twitter_misc":{"Dur\u00e9e de lecture estim\u00e9e":"1 minute"},"schema":{"@context":"https:\/\/schema.org","@graph":[{"@type":"WebPage","@id":"https:\/\/eu-mark.com\/fr\/product\/m22-electrolyte-pour-marquage-electrochimique-500ml-16-9-fl-oz\/","url":"https:\/\/eu-mark.com\/fr\/product\/m22-electrolyte-pour-marquage-electrochimique-500ml-16-9-fl-oz\/","name":"M22 Electrolyte pour marquage \u00e9lectrochimique","isPartOf":{"@id":"https:\/\/eu-mark.com\/fr\/#website"},"primaryImageOfPage":{"@id":"https:\/\/eu-mark.com\/fr\/product\/m22-electrolyte-pour-marquage-electrochimique-500ml-16-9-fl-oz\/#primaryimage"},"image":{"@id":"https:\/\/eu-mark.com\/fr\/product\/m22-electrolyte-pour-marquage-electrochimique-500ml-16-9-fl-oz\/#primaryimage"},"thumbnailUrl":"https:\/\/eu-mark.com\/wp-content\/uploads\/2023\/08\/eumark_marking_engraving_electrolyte_fluid_13.jpg","datePublished":"2021-08-27T08:27:08+00:00","description":"Electrolyte pour le marquage \u00e9lectrochimique L'\u00e9lectrolyte M22 d'Eumark est r\u00e9put\u00e9 pour sa capacit\u00e9 \u00e0 cr\u00e9er des marques sombres et visuellement frappantes.","breadcrumb":{"@id":"https:\/\/eu-mark.com\/fr\/product\/m22-electrolyte-pour-marquage-electrochimique-500ml-16-9-fl-oz\/#breadcrumb"},"inLanguage":"fr-FR","potentialAction":[{"@type":"ReadAction","target":["https:\/\/eu-mark.com\/fr\/product\/m22-electrolyte-pour-marquage-electrochimique-500ml-16-9-fl-oz\/"]}]},{"@type":"ImageObject","inLanguage":"fr-FR","@id":"https:\/\/eu-mark.com\/fr\/product\/m22-electrolyte-pour-marquage-electrochimique-500ml-16-9-fl-oz\/#primaryimage","url":"https:\/\/eu-mark.com\/wp-content\/uploads\/2023\/08\/eumark_marking_engraving_electrolyte_fluid_13.jpg","contentUrl":"https:\/\/eu-mark.com\/wp-content\/uploads\/2023\/08\/eumark_marking_engraving_electrolyte_fluid_13.jpg","width":1000,"height":1000,"caption":"eumark marking engraving electrolyte fluid M22"},{"@type":"BreadcrumbList","@id":"https:\/\/eu-mark.com\/fr\/product\/m22-electrolyte-pour-marquage-electrochimique-500ml-16-9-fl-oz\/#breadcrumb","itemListElement":[{"@type":"ListItem","position":1,"name":"Accueil","item":"https:\/\/eu-mark.com\/fr\/accueil\/"},{"@type":"ListItem","position":2,"name":"Boutique","item":"https:\/\/eu-mark.com\/fr\/boutique\/"},{"@type":"ListItem","position":3,"name":"M22 Electrolyte pour marquage \u00e9lectrochimique 500ml 16.9 fl. oz."}]},{"@type":"WebSite","@id":"https:\/\/eu-mark.com\/fr\/#website","url":"https:\/\/eu-mark.com\/fr\/","name":"eu-mark.com","description":"Electrochemical marking etching","publisher":{"@id":"https:\/\/eu-mark.com\/fr\/#organization"},"potentialAction":[{"@type":"SearchAction","target":{"@type":"EntryPoint","urlTemplate":"https:\/\/eu-mark.com\/fr\/?s={search_term_string}"},"query-input":{"@type":"PropertyValueSpecification","valueRequired":true,"valueName":"search_term_string"}}],"inLanguage":"fr-FR"},{"@type":"Organization","@id":"https:\/\/eu-mark.com\/fr\/#organization","name":"EUMARK","url":"https:\/\/eu-mark.com\/fr\/","logo":{"@type":"ImageObject","inLanguage":"fr-FR","@id":"https:\/\/eu-mark.com\/fr\/#\/schema\/logo\/image\/","url":"https:\/\/eu-mark.com\/wp-content\/uploads\/2025\/02\/eumark-logo-samo-EU-2018_06_19-10_17_06-UTC.jpg","contentUrl":"https:\/\/eu-mark.com\/wp-content\/uploads\/2025\/02\/eumark-logo-samo-EU-2018_06_19-10_17_06-UTC.jpg","width":264,"height":268,"caption":"EUMARK"},"image":{"@id":"https:\/\/eu-mark.com\/fr\/#\/schema\/logo\/image\/"},"sameAs":["https:\/\/www.facebook.com\/eumark.de\/","https:\/\/www.youtube.com\/channel\/UCehJsM6xcqIQLzp0y9MjYPg","https:\/\/www.linkedin.com\/company\/eumark\/","https:\/\/www.instagram.com\/eumark_de"]}]}},"_links":{"self":[{"href":"https:\/\/eu-mark.com\/fr\/wp-json\/wp\/v2\/product\/6600","targetHints":{"allow":["GET"]}}],"collection":[{"href":"https:\/\/eu-mark.com\/fr\/wp-json\/wp\/v2\/product"}],"about":[{"href":"https:\/\/eu-mark.com\/fr\/wp-json\/wp\/v2\/types\/product"}],"replies":[{"embeddable":true,"href":"https:\/\/eu-mark.com\/fr\/wp-json\/wp\/v2\/comments?post=6600"}],"wp:featuredmedia":[{"embeddable":true,"href":"https:\/\/eu-mark.com\/fr\/wp-json\/wp\/v2\/media\/8022"}],"wp:attachment":[{"href":"https:\/\/eu-mark.com\/fr\/wp-json\/wp\/v2\/media?parent=6600"}],"wp:term":[{"taxonomy":"product_brand","embeddable":true,"href":"https:\/\/eu-mark.com\/fr\/wp-json\/wp\/v2\/product_brand?post=6600"},{"taxonomy":"product_cat","embeddable":true,"href":"https:\/\/eu-mark.com\/fr\/wp-json\/wp\/v2\/product_cat?post=6600"},{"taxonomy":"product_tag","embeddable":true,"href":"https:\/\/eu-mark.com\/fr\/wp-json\/wp\/v2\/product_tag?post=6600"}],"curies":[{"name":"wp","href":"https:\/\/api.w.org\/{rel}","templated":true}]}}