{"id":6608,"date":"2023-11-16T15:12:57","date_gmt":"2023-11-16T15:12:57","guid":{"rendered":"https:\/\/eu-mark.com\/product\/imprimante-de-pochoirs-eumark-100mm-ou-4-de-large-avec-une-bande-de-pochoirs-de-108m-ou-355-pieds-de-long\/"},"modified":"2023-11-16T15:12:57","modified_gmt":"2023-11-16T15:12:57","slug":"imprimante-de-pochoirs-eumark-100mm-ou-4-de-large-avec-une-bande-de-pochoirs-de-108m-ou-355-pieds-de-long","status":"publish","type":"product","link":"https:\/\/eu-mark.com\/fr\/product\/imprimante-de-pochoirs-eumark-100mm-ou-4-de-large-avec-une-bande-de-pochoirs-de-108m-ou-355-pieds-de-long\/","title":{"rendered":"Imprimante de pochoirs EUmark 100mm ou 4&Prime; de large avec une bande de pochoirs de 108m ou 355 pieds de long"},"content":{"rendered":"<h3 data-sanitized-data-mce-fragment=\"1\"><strong>L&rsquo;imprimante de pochoirs de 100 mm de large est un outil efficace pour d\u00e9couper et graver avec pr\u00e9cision des pochoirs sur une vari\u00e9t\u00e9 de m\u00e9taux. Cet appareil est dot\u00e9 d&rsquo;une puissante imprimante capable de produire des pochoirs haute r\u00e9solution d&rsquo;une largeur d&rsquo;impression maximale de 100 mm (4&Prime;) et d&rsquo;une longueur de ruban de pochoir de 108 m (355 pieds). Logiciel inclus <\/strong>.<\/h3>\n<p>Le marquage \u00e9lectrochimique est un processus de marquage ou de gravure de surfaces m\u00e9talliques \u00e0 l&rsquo;aide de l&rsquo;\u00e9lectricit\u00e9. Il s&rsquo;agit d&rsquo;un proc\u00e9d\u00e9 de marquage sans contact qui permet de cr\u00e9er des marques permanentes et tr\u00e8s contrast\u00e9es sur une grande vari\u00e9t\u00e9 de surfaces m\u00e9talliques. Ce proc\u00e9d\u00e9 peut \u00eatre utilis\u00e9 pour un large \u00e9ventail d&rsquo;applications, notamment l&rsquo;identification des pi\u00e8ces, le marquage et la tra\u00e7abilit\u00e9. Le processus de marquage \u00e9lectrochimique consiste \u00e0 appliquer un pochoir ou un masque sur la surface m\u00e9tallique \u00e0 marquer. Le pochoir est g\u00e9n\u00e9ralement constitu\u00e9 d&rsquo;un mat\u00e9riau fin et \u00e9lectriquement isolant, tel que le vinyle ou le caoutchouc. Le pochoir comporte un dessin ou un motif d\u00e9coup\u00e9, qui constituera le marquage laiss\u00e9 sur la surface m\u00e9tallique \u00e0 l&rsquo;issue du processus. Le pochoir est appliqu\u00e9 sur la surface m\u00e9tallique et une solution \u00e9lectrolytique conductrice est appliqu\u00e9e sur le pochoir et la surface m\u00e9tallique. Une \u00e9lectrode positive, \u00e9galement appel\u00e9e anode, est ensuite fix\u00e9e \u00e0 la surface m\u00e9tallique et une \u00e9lectrode n\u00e9gative, \u00e9galement appel\u00e9e cathode, est immerg\u00e9e dans la solution \u00e9lectrolytique. Lorsqu&rsquo;un courant \u00e9lectrique est appliqu\u00e9 aux \u00e9lectrodes, la surface m\u00e9tallique est grav\u00e9e et le marquage est laiss\u00e9 sur place. Le marquage produit par \u00e9lectrochimie est permanent et peut r\u00e9sister \u00e0 des conditions environnementales difficiles. Il est \u00e9galement tr\u00e8s pr\u00e9cis et peut produire des marques avec une r\u00e9solution allant jusqu&rsquo;\u00e0 0,001 pouce. Le processus est \u00e9galement relativement rapide, avec des temps de marquage allant de quelques secondes \u00e0 quelques minutes, en fonction de la taille et de la complexit\u00e9 du marquage. Le marquage \u00e9lectrochimique est largement utilis\u00e9 dans diverses industries, notamment l&rsquo;a\u00e9rospatiale, l&rsquo;automobile, le m\u00e9dical et le militaire. Il est particuli\u00e8rement utile pour le marquage de pi\u00e8ces qui doivent \u00eatre tra\u00e7ables, comme celles utilis\u00e9es dans des applications critiques, o\u00f9 le contr\u00f4le de la qualit\u00e9 est essentiel. Ce proc\u00e9d\u00e9 est \u00e9galement respectueux de l&rsquo;environnement, car il ne produit pas de sous-produits nocifs et ne g\u00e9n\u00e8re pas de d\u00e9chets dangereux. En r\u00e9sum\u00e9, le marquage \u00e9lectrochimique est un proc\u00e9d\u00e9 polyvalent et fiable pour le marquage des surfaces m\u00e9talliques. Il offre un marquage permanent et tr\u00e8s contrast\u00e9 qui peut r\u00e9sister \u00e0 des conditions environnementales difficiles et qui est largement utilis\u00e9 dans une vari\u00e9t\u00e9 d&rsquo;industries.  <\/p>\n<p><img loading=\"lazy\" decoding=\"async\" class=\"alignnone size-medium wp-image-5228\" src=\"https:\/\/eu-mark.com\/wp-content\/uploads\/2021\/04\/making-template-stencil-printer-01-300x300.jpg\" alt=\"fabrication d'un gabarit imprimante de pochoirs\" width=\"300\" height=\"300\" srcset=\"https:\/\/eu-mark.com\/wp-content\/uploads\/2021\/04\/making-template-stencil-printer-01-300x300.jpg 300w, https:\/\/eu-mark.com\/wp-content\/uploads\/2021\/04\/making-template-stencil-printer-01-150x150.jpg 150w, https:\/\/eu-mark.com\/wp-content\/uploads\/2021\/04\/making-template-stencil-printer-01-768x768.jpg 768w, https:\/\/eu-mark.com\/wp-content\/uploads\/2021\/04\/making-template-stencil-printer-01-510x510.jpg 510w, https:\/\/eu-mark.com\/wp-content\/uploads\/2021\/04\/making-template-stencil-printer-01-100x100.jpg 100w, https:\/\/eu-mark.com\/wp-content\/uploads\/2021\/04\/making-template-stencil-printer-01-60x60.jpg 60w, https:\/\/eu-mark.com\/wp-content\/uploads\/2021\/04\/making-template-stencil-printer-01-90x90.jpg 90w, https:\/\/eu-mark.com\/wp-content\/uploads\/2021\/04\/making-template-stencil-printer-01.jpg 1000w\" sizes=\"auto, (max-width: 300px) 100vw, 300px\" \/><\/p>\n<p>Marquage du m\u00e9tal Marquage d&rsquo;une pi\u00e8ce m\u00e9tallique avec un logo, un texte ou un num\u00e9ro de s\u00e9rie, un code QR, un code-barres, etc.<\/p>\n","protected":false},"excerpt":{"rendered":"<p><strong>Exp\u00e9dition GRATUITE dans le monde entier<\/strong><\/p>\n<p>Nous vous pr\u00e9sentons l&rsquo;imprimante de pochoirs EUmark, d&rsquo;une largeur de 100 mm ou 4&Prime;, associ\u00e9e \u00e0 un ruban de pochoirs g\u00e9n\u00e9reux de 108 m ou 355 pieds de long. Nous vous pr\u00e9sentons enfin une solution pour cr\u00e9er sans effort des pochoirs rapides, faciles et \u00e9conomiques dans les limites de votre maison ou de votre atelier. Tout ce dont vous avez besoin, c&rsquo;est d&rsquo;une imprimante et d&rsquo;une bande de pochoir pour un marquage efficace, en utilisant le processus de marquage \u00e9lectrochimique pour graver les surfaces m\u00e9talliques. En utilisant notre imprimante \u00e0 pochoir et les rubans compatibles, la cr\u00e9ation de votre pochoir personnalis\u00e9 et la r\u00e9alisation de marquages rapides ne prennent que quelques minutes. Qu&rsquo;il s&rsquo;agisse de num\u00e9ros de s\u00e9rie, de codes QR, de codes-barres, de dates, de textes ou m\u00eame de logos, vous pouvez tout r\u00e9aliser en quelques minutes seulement !<\/p>\n","protected":false},"featured_media":6613,"comment_status":"open","ping_status":"closed","template":"","meta":[],"product_brand":[],"product_cat":[106],"product_tag":[],"class_list":{"0":"post-6608","1":"product","2":"type-product","3":"status-publish","4":"has-post-thumbnail","6":"product_cat-imprimantes-a-pochoirs","8":"first","9":"instock","10":"shipping-taxable","11":"purchasable","12":"product-type-simple"},"yoast_head":"<!-- This site is optimized with the Yoast SEO plugin v27.4 - https:\/\/yoast.com\/product\/yoast-seo-wordpress\/ -->\n<title>Marquage du m\u00e9tal Marquage de la pi\u00e8ce m\u00e9tallique avec un logo, un texte ou un num\u00e9ro de s\u00e9rie<\/title>\n<meta name=\"description\" content=\"Marquage du m\u00e9tal Marquage de la pi\u00e8ce m\u00e9tallique avec un logo, un texte ou un num\u00e9ro de s\u00e9rie. Nous avons enfin une solution pour r\u00e9aliser des pochoirs rapides, faciles et tr\u00e8s abordables \u00e0 la maison ou \u00e0 l&#039;atelier.\" \/>\n<meta name=\"robots\" content=\"index, follow, max-snippet:-1, max-image-preview:large, max-video-preview:-1\" \/>\n<link rel=\"canonical\" href=\"https:\/\/eu-mark.com\/fr\/product\/imprimante-de-pochoirs-eumark-100mm-ou-4-de-large-avec-une-bande-de-pochoirs-de-108m-ou-355-pieds-de-long\/\" \/>\n<meta property=\"og:locale\" content=\"fr_FR\" \/>\n<meta property=\"og:type\" content=\"article\" \/>\n<meta property=\"og:title\" content=\"Marquage du m\u00e9tal Marquage de la pi\u00e8ce m\u00e9tallique avec un logo, un texte ou un num\u00e9ro de s\u00e9rie\" \/>\n<meta property=\"og:description\" content=\"Marquage du m\u00e9tal Marquage de la pi\u00e8ce m\u00e9tallique avec un logo, un texte ou un num\u00e9ro de s\u00e9rie. Nous avons enfin une solution pour r\u00e9aliser des pochoirs rapides, faciles et tr\u00e8s abordables \u00e0 la maison ou \u00e0 l&#039;atelier.\" \/>\n<meta property=\"og:url\" content=\"https:\/\/eu-mark.com\/fr\/product\/imprimante-de-pochoirs-eumark-100mm-ou-4-de-large-avec-une-bande-de-pochoirs-de-108m-ou-355-pieds-de-long\/\" \/>\n<meta property=\"og:site_name\" content=\"Electrochemical marking etching\" \/>\n<meta property=\"article:publisher\" content=\"https:\/\/www.facebook.com\/eumark.de\/\" \/>\n<meta property=\"og:image\" content=\"https:\/\/eu-mark.com\/wp-content\/uploads\/2023\/11\/EUmark-Stencil-printer-100mm-or-4\u2033-wide-with-stencil-tape-108m-or-355-feet-long-web.webp\" \/>\n\t<meta property=\"og:image:width\" content=\"971\" \/>\n\t<meta property=\"og:image:height\" content=\"648\" \/>\n\t<meta property=\"og:image:type\" content=\"image\/webp\" \/>\n<meta name=\"twitter:card\" content=\"summary_large_image\" \/>\n<meta name=\"twitter:label1\" content=\"Dur\u00e9e de lecture estim\u00e9e\" \/>\n\t<meta name=\"twitter:data1\" content=\"2 minutes\" \/>\n<script type=\"application\/ld+json\" class=\"yoast-schema-graph\">{\"@context\":\"https:\\\/\\\/schema.org\",\"@graph\":[{\"@type\":\"WebPage\",\"@id\":\"https:\\\/\\\/eu-mark.com\\\/fr\\\/product\\\/imprimante-de-pochoirs-eumark-100mm-ou-4-de-large-avec-une-bande-de-pochoirs-de-108m-ou-355-pieds-de-long\\\/\",\"url\":\"https:\\\/\\\/eu-mark.com\\\/fr\\\/product\\\/imprimante-de-pochoirs-eumark-100mm-ou-4-de-large-avec-une-bande-de-pochoirs-de-108m-ou-355-pieds-de-long\\\/\",\"name\":\"Marquage du m\u00e9tal Marquage de la pi\u00e8ce m\u00e9tallique avec un logo, un texte ou un num\u00e9ro de s\u00e9rie\",\"isPartOf\":{\"@id\":\"https:\\\/\\\/eu-mark.com\\\/fr\\\/#website\"},\"primaryImageOfPage\":{\"@id\":\"https:\\\/\\\/eu-mark.com\\\/fr\\\/product\\\/imprimante-de-pochoirs-eumark-100mm-ou-4-de-large-avec-une-bande-de-pochoirs-de-108m-ou-355-pieds-de-long\\\/#primaryimage\"},\"image\":{\"@id\":\"https:\\\/\\\/eu-mark.com\\\/fr\\\/product\\\/imprimante-de-pochoirs-eumark-100mm-ou-4-de-large-avec-une-bande-de-pochoirs-de-108m-ou-355-pieds-de-long\\\/#primaryimage\"},\"thumbnailUrl\":\"https:\\\/\\\/eu-mark.com\\\/wp-content\\\/uploads\\\/2023\\\/11\\\/EUmark-Stencil-printer-100mm-or-4\u2033-wide-with-stencil-tape-108m-or-355-feet-long-web.webp\",\"datePublished\":\"2023-11-16T15:12:57+00:00\",\"description\":\"Marquage du m\u00e9tal Marquage de la pi\u00e8ce m\u00e9tallique avec un logo, un texte ou un num\u00e9ro de s\u00e9rie. Nous avons enfin une solution pour r\u00e9aliser des pochoirs rapides, faciles et tr\u00e8s abordables \u00e0 la maison ou \u00e0 l'atelier.\",\"breadcrumb\":{\"@id\":\"https:\\\/\\\/eu-mark.com\\\/fr\\\/product\\\/imprimante-de-pochoirs-eumark-100mm-ou-4-de-large-avec-une-bande-de-pochoirs-de-108m-ou-355-pieds-de-long\\\/#breadcrumb\"},\"inLanguage\":\"fr-FR\",\"potentialAction\":[{\"@type\":\"ReadAction\",\"target\":[\"https:\\\/\\\/eu-mark.com\\\/fr\\\/product\\\/imprimante-de-pochoirs-eumark-100mm-ou-4-de-large-avec-une-bande-de-pochoirs-de-108m-ou-355-pieds-de-long\\\/\"]}]},{\"@type\":\"ImageObject\",\"inLanguage\":\"fr-FR\",\"@id\":\"https:\\\/\\\/eu-mark.com\\\/fr\\\/product\\\/imprimante-de-pochoirs-eumark-100mm-ou-4-de-large-avec-une-bande-de-pochoirs-de-108m-ou-355-pieds-de-long\\\/#primaryimage\",\"url\":\"https:\\\/\\\/eu-mark.com\\\/wp-content\\\/uploads\\\/2023\\\/11\\\/EUmark-Stencil-printer-100mm-or-4\u2033-wide-with-stencil-tape-108m-or-355-feet-long-web.webp\",\"contentUrl\":\"https:\\\/\\\/eu-mark.com\\\/wp-content\\\/uploads\\\/2023\\\/11\\\/EUmark-Stencil-printer-100mm-or-4\u2033-wide-with-stencil-tape-108m-or-355-feet-long-web.webp\",\"width\":971,\"height\":648},{\"@type\":\"BreadcrumbList\",\"@id\":\"https:\\\/\\\/eu-mark.com\\\/fr\\\/product\\\/imprimante-de-pochoirs-eumark-100mm-ou-4-de-large-avec-une-bande-de-pochoirs-de-108m-ou-355-pieds-de-long\\\/#breadcrumb\",\"itemListElement\":[{\"@type\":\"ListItem\",\"position\":1,\"name\":\"Accueil\",\"item\":\"https:\\\/\\\/eu-mark.com\\\/fr\\\/accueil\\\/\"},{\"@type\":\"ListItem\",\"position\":2,\"name\":\"Boutique\",\"item\":\"https:\\\/\\\/eu-mark.com\\\/fr\\\/boutique\\\/\"},{\"@type\":\"ListItem\",\"position\":3,\"name\":\"Imprimante de pochoirs EUmark 100mm ou 4&Prime; de large avec une bande de pochoirs de 108m ou 355 pieds de long\"}]},{\"@type\":\"WebSite\",\"@id\":\"https:\\\/\\\/eu-mark.com\\\/fr\\\/#website\",\"url\":\"https:\\\/\\\/eu-mark.com\\\/fr\\\/\",\"name\":\"eu-mark.com\",\"description\":\"Electrochemical marking etching\",\"publisher\":{\"@id\":\"https:\\\/\\\/eu-mark.com\\\/fr\\\/#organization\"},\"potentialAction\":[{\"@type\":\"SearchAction\",\"target\":{\"@type\":\"EntryPoint\",\"urlTemplate\":\"https:\\\/\\\/eu-mark.com\\\/fr\\\/?s={search_term_string}\"},\"query-input\":{\"@type\":\"PropertyValueSpecification\",\"valueRequired\":true,\"valueName\":\"search_term_string\"}}],\"inLanguage\":\"fr-FR\"},{\"@type\":\"Organization\",\"@id\":\"https:\\\/\\\/eu-mark.com\\\/fr\\\/#organization\",\"name\":\"EUMARK\",\"url\":\"https:\\\/\\\/eu-mark.com\\\/fr\\\/\",\"logo\":{\"@type\":\"ImageObject\",\"inLanguage\":\"fr-FR\",\"@id\":\"https:\\\/\\\/eu-mark.com\\\/fr\\\/#\\\/schema\\\/logo\\\/image\\\/\",\"url\":\"https:\\\/\\\/eu-mark.com\\\/wp-content\\\/uploads\\\/2025\\\/02\\\/eumark-logo-samo-EU-2018_06_19-10_17_06-UTC.jpg\",\"contentUrl\":\"https:\\\/\\\/eu-mark.com\\\/wp-content\\\/uploads\\\/2025\\\/02\\\/eumark-logo-samo-EU-2018_06_19-10_17_06-UTC.jpg\",\"width\":264,\"height\":268,\"caption\":\"EUMARK\"},\"image\":{\"@id\":\"https:\\\/\\\/eu-mark.com\\\/fr\\\/#\\\/schema\\\/logo\\\/image\\\/\"},\"sameAs\":[\"https:\\\/\\\/www.facebook.com\\\/eumark.de\\\/\",\"https:\\\/\\\/www.youtube.com\\\/channel\\\/UCehJsM6xcqIQLzp0y9MjYPg\",\"https:\\\/\\\/www.linkedin.com\\\/company\\\/eumark\\\/\",\"https:\\\/\\\/www.instagram.com\\\/eumark_de\"]}]}<\/script>\n<!-- \/ Yoast SEO plugin. -->","yoast_head_json":{"title":"Marquage du m\u00e9tal Marquage de la pi\u00e8ce m\u00e9tallique avec un logo, un texte ou un num\u00e9ro de s\u00e9rie","description":"Marquage du m\u00e9tal Marquage de la pi\u00e8ce m\u00e9tallique avec un logo, un texte ou un num\u00e9ro de s\u00e9rie. Nous avons enfin une solution pour r\u00e9aliser des pochoirs rapides, faciles et tr\u00e8s abordables \u00e0 la maison ou \u00e0 l'atelier.","robots":{"index":"index","follow":"follow","max-snippet":"max-snippet:-1","max-image-preview":"max-image-preview:large","max-video-preview":"max-video-preview:-1"},"canonical":"https:\/\/eu-mark.com\/fr\/product\/imprimante-de-pochoirs-eumark-100mm-ou-4-de-large-avec-une-bande-de-pochoirs-de-108m-ou-355-pieds-de-long\/","og_locale":"fr_FR","og_type":"article","og_title":"Marquage du m\u00e9tal Marquage de la pi\u00e8ce m\u00e9tallique avec un logo, un texte ou un num\u00e9ro de s\u00e9rie","og_description":"Marquage du m\u00e9tal Marquage de la pi\u00e8ce m\u00e9tallique avec un logo, un texte ou un num\u00e9ro de s\u00e9rie. Nous avons enfin une solution pour r\u00e9aliser des pochoirs rapides, faciles et tr\u00e8s abordables \u00e0 la maison ou \u00e0 l'atelier.","og_url":"https:\/\/eu-mark.com\/fr\/product\/imprimante-de-pochoirs-eumark-100mm-ou-4-de-large-avec-une-bande-de-pochoirs-de-108m-ou-355-pieds-de-long\/","og_site_name":"Electrochemical marking etching","article_publisher":"https:\/\/www.facebook.com\/eumark.de\/","og_image":[{"width":971,"height":648,"url":"https:\/\/eu-mark.com\/wp-content\/uploads\/2023\/11\/EUmark-Stencil-printer-100mm-or-4\u2033-wide-with-stencil-tape-108m-or-355-feet-long-web.webp","type":"image\/webp"}],"twitter_card":"summary_large_image","twitter_misc":{"Dur\u00e9e de lecture estim\u00e9e":"2 minutes"},"schema":{"@context":"https:\/\/schema.org","@graph":[{"@type":"WebPage","@id":"https:\/\/eu-mark.com\/fr\/product\/imprimante-de-pochoirs-eumark-100mm-ou-4-de-large-avec-une-bande-de-pochoirs-de-108m-ou-355-pieds-de-long\/","url":"https:\/\/eu-mark.com\/fr\/product\/imprimante-de-pochoirs-eumark-100mm-ou-4-de-large-avec-une-bande-de-pochoirs-de-108m-ou-355-pieds-de-long\/","name":"Marquage du m\u00e9tal Marquage de la pi\u00e8ce m\u00e9tallique avec un logo, un texte ou un num\u00e9ro de s\u00e9rie","isPartOf":{"@id":"https:\/\/eu-mark.com\/fr\/#website"},"primaryImageOfPage":{"@id":"https:\/\/eu-mark.com\/fr\/product\/imprimante-de-pochoirs-eumark-100mm-ou-4-de-large-avec-une-bande-de-pochoirs-de-108m-ou-355-pieds-de-long\/#primaryimage"},"image":{"@id":"https:\/\/eu-mark.com\/fr\/product\/imprimante-de-pochoirs-eumark-100mm-ou-4-de-large-avec-une-bande-de-pochoirs-de-108m-ou-355-pieds-de-long\/#primaryimage"},"thumbnailUrl":"https:\/\/eu-mark.com\/wp-content\/uploads\/2023\/11\/EUmark-Stencil-printer-100mm-or-4\u2033-wide-with-stencil-tape-108m-or-355-feet-long-web.webp","datePublished":"2023-11-16T15:12:57+00:00","description":"Marquage du m\u00e9tal Marquage de la pi\u00e8ce m\u00e9tallique avec un logo, un texte ou un num\u00e9ro de s\u00e9rie. Nous avons enfin une solution pour r\u00e9aliser des pochoirs rapides, faciles et tr\u00e8s abordables \u00e0 la maison ou \u00e0 l'atelier.","breadcrumb":{"@id":"https:\/\/eu-mark.com\/fr\/product\/imprimante-de-pochoirs-eumark-100mm-ou-4-de-large-avec-une-bande-de-pochoirs-de-108m-ou-355-pieds-de-long\/#breadcrumb"},"inLanguage":"fr-FR","potentialAction":[{"@type":"ReadAction","target":["https:\/\/eu-mark.com\/fr\/product\/imprimante-de-pochoirs-eumark-100mm-ou-4-de-large-avec-une-bande-de-pochoirs-de-108m-ou-355-pieds-de-long\/"]}]},{"@type":"ImageObject","inLanguage":"fr-FR","@id":"https:\/\/eu-mark.com\/fr\/product\/imprimante-de-pochoirs-eumark-100mm-ou-4-de-large-avec-une-bande-de-pochoirs-de-108m-ou-355-pieds-de-long\/#primaryimage","url":"https:\/\/eu-mark.com\/wp-content\/uploads\/2023\/11\/EUmark-Stencil-printer-100mm-or-4\u2033-wide-with-stencil-tape-108m-or-355-feet-long-web.webp","contentUrl":"https:\/\/eu-mark.com\/wp-content\/uploads\/2023\/11\/EUmark-Stencil-printer-100mm-or-4\u2033-wide-with-stencil-tape-108m-or-355-feet-long-web.webp","width":971,"height":648},{"@type":"BreadcrumbList","@id":"https:\/\/eu-mark.com\/fr\/product\/imprimante-de-pochoirs-eumark-100mm-ou-4-de-large-avec-une-bande-de-pochoirs-de-108m-ou-355-pieds-de-long\/#breadcrumb","itemListElement":[{"@type":"ListItem","position":1,"name":"Accueil","item":"https:\/\/eu-mark.com\/fr\/accueil\/"},{"@type":"ListItem","position":2,"name":"Boutique","item":"https:\/\/eu-mark.com\/fr\/boutique\/"},{"@type":"ListItem","position":3,"name":"Imprimante de pochoirs EUmark 100mm ou 4&Prime; de large avec une bande de pochoirs de 108m ou 355 pieds de long"}]},{"@type":"WebSite","@id":"https:\/\/eu-mark.com\/fr\/#website","url":"https:\/\/eu-mark.com\/fr\/","name":"eu-mark.com","description":"Electrochemical marking etching","publisher":{"@id":"https:\/\/eu-mark.com\/fr\/#organization"},"potentialAction":[{"@type":"SearchAction","target":{"@type":"EntryPoint","urlTemplate":"https:\/\/eu-mark.com\/fr\/?s={search_term_string}"},"query-input":{"@type":"PropertyValueSpecification","valueRequired":true,"valueName":"search_term_string"}}],"inLanguage":"fr-FR"},{"@type":"Organization","@id":"https:\/\/eu-mark.com\/fr\/#organization","name":"EUMARK","url":"https:\/\/eu-mark.com\/fr\/","logo":{"@type":"ImageObject","inLanguage":"fr-FR","@id":"https:\/\/eu-mark.com\/fr\/#\/schema\/logo\/image\/","url":"https:\/\/eu-mark.com\/wp-content\/uploads\/2025\/02\/eumark-logo-samo-EU-2018_06_19-10_17_06-UTC.jpg","contentUrl":"https:\/\/eu-mark.com\/wp-content\/uploads\/2025\/02\/eumark-logo-samo-EU-2018_06_19-10_17_06-UTC.jpg","width":264,"height":268,"caption":"EUMARK"},"image":{"@id":"https:\/\/eu-mark.com\/fr\/#\/schema\/logo\/image\/"},"sameAs":["https:\/\/www.facebook.com\/eumark.de\/","https:\/\/www.youtube.com\/channel\/UCehJsM6xcqIQLzp0y9MjYPg","https:\/\/www.linkedin.com\/company\/eumark\/","https:\/\/www.instagram.com\/eumark_de"]}]}},"_links":{"self":[{"href":"https:\/\/eu-mark.com\/fr\/wp-json\/wp\/v2\/product\/6608","targetHints":{"allow":["GET"]}}],"collection":[{"href":"https:\/\/eu-mark.com\/fr\/wp-json\/wp\/v2\/product"}],"about":[{"href":"https:\/\/eu-mark.com\/fr\/wp-json\/wp\/v2\/types\/product"}],"replies":[{"embeddable":true,"href":"https:\/\/eu-mark.com\/fr\/wp-json\/wp\/v2\/comments?post=6608"}],"wp:featuredmedia":[{"embeddable":true,"href":"https:\/\/eu-mark.com\/fr\/wp-json\/wp\/v2\/media\/6613"}],"wp:attachment":[{"href":"https:\/\/eu-mark.com\/fr\/wp-json\/wp\/v2\/media?parent=6608"}],"wp:term":[{"taxonomy":"product_brand","embeddable":true,"href":"https:\/\/eu-mark.com\/fr\/wp-json\/wp\/v2\/product_brand?post=6608"},{"taxonomy":"product_cat","embeddable":true,"href":"https:\/\/eu-mark.com\/fr\/wp-json\/wp\/v2\/product_cat?post=6608"},{"taxonomy":"product_tag","embeddable":true,"href":"https:\/\/eu-mark.com\/fr\/wp-json\/wp\/v2\/product_tag?post=6608"}],"curies":[{"name":"wp","href":"https:\/\/api.w.org\/{rel}","templated":true}]}}