{"id":6609,"date":"2021-08-17T11:18:28","date_gmt":"2021-08-17T11:18:28","guid":{"rendered":"https:\/\/eu-mark.com\/product\/m21-electrolyte-pour-marquage-electrochimique-500ml-16-9-fl-oz\/"},"modified":"2021-08-17T11:18:28","modified_gmt":"2021-08-17T11:18:28","slug":"m21-electrolyte-pour-marquage-electrochimique-500ml-16-9-fl-oz","status":"publish","type":"product","link":"https:\/\/eu-mark.com\/fr\/product\/m21-electrolyte-pour-marquage-electrochimique-500ml-16-9-fl-oz\/","title":{"rendered":"M21 Electrolyte pour marquage \u00e9lectrochimique 500ml 16.9 fl. oz."},"content":{"rendered":"<p><a href=\"https:\/\/eu-mark.com\/achieving-remarkable-marks-with-eumark-electrolytes-unleashing-the-power-of-excellence\/\">M21 est tr\u00e8s performant pour de nombreux marquages avec le m\u00eame mouillage de feutre, il poss\u00e8de une capacit\u00e9 d&rsquo;auto-nettoyage.<\/a><\/p>\n<p><a href=\"https:\/\/eumark.biz\/en-us\/blogs\/news\/achieving-remarkable-marks-with-eumark-electrolytes-unleashing-the-power-of-excellence\"><strong>M21 : L&rsquo;excellence constante gr\u00e2ce \u00e0 la capacit\u00e9 d&rsquo;auto-nettoyage<\/strong><\/a><\/p>\n<p>L&rsquo;\u00e9lectrolyte M21 d&rsquo;Eumark s&rsquo;impose comme le meilleur choix pour obtenir des marques toujours remarquables sur plusieurs applications. Gr\u00e2ce \u00e0 ses excellentes propri\u00e9t\u00e9s de mouillage sur les surfaces en feutre, M21 garantit un marquage uniforme et pr\u00e9cis \u00e0 chaque fois. Pour am\u00e9liorer ses performances d\u00e9j\u00e0 impressionnantes, l&rsquo;application d&rsquo;une fine pellicule d&rsquo;huile \u00e0 l&rsquo;aide d&rsquo;un chiffon apr\u00e8s le marquage permet d&rsquo;obtenir des marques encore plus exceptionnelles. M21 convient \u00e0 une large gamme de mat\u00e9riaux, y compris l&rsquo;acier inoxydable, l&rsquo;acier et les surfaces nickel\u00e9es. Avec M21, vous pouvez obtenir sans effort des marques exceptionnelles qui laissent une impression durable.    <\/p>\n","protected":false},"excerpt":{"rendered":"<p>M21 est tr\u00e8s bon pour de nombreux marquages avec la m\u00eame humidification du feutre, il poss\u00e8de une capacit\u00e9 d&rsquo;auto-nettoyage<\/p>\n<p>Livraison GRATUITE dans le monde entier<\/p>\n<p>carte de d\u00e9bit ou de cr\u00e9dit proc\u00e9dez avec PayPal \u00e0 la caisse<\/p>\n<p>Vous n&rsquo;avez pas besoin d&rsquo;avoir un compte PayPal.<\/p>\n","protected":false},"featured_media":8025,"comment_status":"open","ping_status":"closed","template":"","meta":[],"product_brand":[],"product_cat":[107],"product_tag":[112,108,110,111,109],"class_list":{"0":"post-6609","1":"product","2":"type-product","3":"status-publish","4":"has-post-thumbnail","6":"product_cat-produits-chimiques","7":"product_tag-acier","8":"product_tag-electrochimique","9":"product_tag-gravure","10":"product_tag-machine-fr","11":"product_tag-marquage","13":"first","14":"instock","15":"shipping-taxable","16":"purchasable","17":"product-type-simple"},"yoast_head":"<!-- This site is optimized with the Yoast SEO plugin v27.4 - https:\/\/yoast.com\/product\/yoast-seo-wordpress\/ -->\n<title>M21 : L&#039;excellence constante gr\u00e2ce \u00e0 la capacit\u00e9 d&#039;auto-nettoyage<\/title>\n<meta name=\"description\" content=\"M21 : Excellence constante avec capacit\u00e9 d&#039;auto-nettoyage, avec ses excellentes propri\u00e9t\u00e9s de mouillage sur les surfaces, assure un marquage uniforme et pr\u00e9cis \u00e0 chaque fois. Electrochemical marking etching\" \/>\n<meta name=\"robots\" content=\"index, follow, max-snippet:-1, max-image-preview:large, max-video-preview:-1\" \/>\n<link rel=\"canonical\" href=\"https:\/\/eu-mark.com\/fr\/product\/m21-electrolyte-pour-marquage-electrochimique-500ml-16-9-fl-oz\/\" \/>\n<meta property=\"og:locale\" content=\"fr_FR\" \/>\n<meta property=\"og:type\" content=\"article\" \/>\n<meta property=\"og:title\" content=\"M21 : L&#039;excellence constante gr\u00e2ce \u00e0 la capacit\u00e9 d&#039;auto-nettoyage\" \/>\n<meta property=\"og:description\" content=\"M21 : Excellence constante avec capacit\u00e9 d&#039;auto-nettoyage, avec ses excellentes propri\u00e9t\u00e9s de mouillage sur les surfaces, assure un marquage uniforme et pr\u00e9cis \u00e0 chaque fois. Electrochemical marking etching\" \/>\n<meta property=\"og:url\" content=\"https:\/\/eu-mark.com\/fr\/product\/m21-electrolyte-pour-marquage-electrochimique-500ml-16-9-fl-oz\/\" \/>\n<meta property=\"og:site_name\" content=\"Electrochemical marking etching\" \/>\n<meta property=\"article:publisher\" content=\"https:\/\/www.facebook.com\/eumark.de\/\" \/>\n<meta property=\"og:image\" content=\"https:\/\/eu-mark.com\/wp-content\/uploads\/2023\/08\/eumark_marking_engraving_electrolyte_fluid_11.jpg\" \/>\n\t<meta property=\"og:image:width\" content=\"1000\" \/>\n\t<meta property=\"og:image:height\" content=\"1000\" \/>\n\t<meta property=\"og:image:type\" content=\"image\/jpeg\" \/>\n<meta name=\"twitter:card\" content=\"summary_large_image\" \/>\n<meta name=\"twitter:label1\" content=\"Dur\u00e9e de lecture estim\u00e9e\" \/>\n\t<meta name=\"twitter:data1\" content=\"1 minute\" \/>\n<script type=\"application\/ld+json\" class=\"yoast-schema-graph\">{\"@context\":\"https:\\\/\\\/schema.org\",\"@graph\":[{\"@type\":\"WebPage\",\"@id\":\"https:\\\/\\\/eu-mark.com\\\/fr\\\/product\\\/m21-electrolyte-pour-marquage-electrochimique-500ml-16-9-fl-oz\\\/\",\"url\":\"https:\\\/\\\/eu-mark.com\\\/fr\\\/product\\\/m21-electrolyte-pour-marquage-electrochimique-500ml-16-9-fl-oz\\\/\",\"name\":\"M21 : L'excellence constante gr\u00e2ce \u00e0 la capacit\u00e9 d'auto-nettoyage\",\"isPartOf\":{\"@id\":\"https:\\\/\\\/eu-mark.com\\\/fr\\\/#website\"},\"primaryImageOfPage\":{\"@id\":\"https:\\\/\\\/eu-mark.com\\\/fr\\\/product\\\/m21-electrolyte-pour-marquage-electrochimique-500ml-16-9-fl-oz\\\/#primaryimage\"},\"image\":{\"@id\":\"https:\\\/\\\/eu-mark.com\\\/fr\\\/product\\\/m21-electrolyte-pour-marquage-electrochimique-500ml-16-9-fl-oz\\\/#primaryimage\"},\"thumbnailUrl\":\"https:\\\/\\\/eu-mark.com\\\/wp-content\\\/uploads\\\/2023\\\/08\\\/eumark_marking_engraving_electrolyte_fluid_11.jpg\",\"datePublished\":\"2021-08-17T11:18:28+00:00\",\"description\":\"M21 : Excellence constante avec capacit\u00e9 d'auto-nettoyage, avec ses excellentes propri\u00e9t\u00e9s de mouillage sur les surfaces, assure un marquage uniforme et pr\u00e9cis \u00e0 chaque fois. Electrochemical marking etching\",\"breadcrumb\":{\"@id\":\"https:\\\/\\\/eu-mark.com\\\/fr\\\/product\\\/m21-electrolyte-pour-marquage-electrochimique-500ml-16-9-fl-oz\\\/#breadcrumb\"},\"inLanguage\":\"fr-FR\",\"potentialAction\":[{\"@type\":\"ReadAction\",\"target\":[\"https:\\\/\\\/eu-mark.com\\\/fr\\\/product\\\/m21-electrolyte-pour-marquage-electrochimique-500ml-16-9-fl-oz\\\/\"]}]},{\"@type\":\"ImageObject\",\"inLanguage\":\"fr-FR\",\"@id\":\"https:\\\/\\\/eu-mark.com\\\/fr\\\/product\\\/m21-electrolyte-pour-marquage-electrochimique-500ml-16-9-fl-oz\\\/#primaryimage\",\"url\":\"https:\\\/\\\/eu-mark.com\\\/wp-content\\\/uploads\\\/2023\\\/08\\\/eumark_marking_engraving_electrolyte_fluid_11.jpg\",\"contentUrl\":\"https:\\\/\\\/eu-mark.com\\\/wp-content\\\/uploads\\\/2023\\\/08\\\/eumark_marking_engraving_electrolyte_fluid_11.jpg\",\"width\":1000,\"height\":1000,\"caption\":\"eumark marking engraving electrolyte fluid M21\"},{\"@type\":\"BreadcrumbList\",\"@id\":\"https:\\\/\\\/eu-mark.com\\\/fr\\\/product\\\/m21-electrolyte-pour-marquage-electrochimique-500ml-16-9-fl-oz\\\/#breadcrumb\",\"itemListElement\":[{\"@type\":\"ListItem\",\"position\":1,\"name\":\"Accueil\",\"item\":\"https:\\\/\\\/eu-mark.com\\\/fr\\\/accueil\\\/\"},{\"@type\":\"ListItem\",\"position\":2,\"name\":\"Boutique\",\"item\":\"https:\\\/\\\/eu-mark.com\\\/fr\\\/boutique\\\/\"},{\"@type\":\"ListItem\",\"position\":3,\"name\":\"M21 Electrolyte pour marquage \u00e9lectrochimique 500ml 16.9 fl. oz.\"}]},{\"@type\":\"WebSite\",\"@id\":\"https:\\\/\\\/eu-mark.com\\\/fr\\\/#website\",\"url\":\"https:\\\/\\\/eu-mark.com\\\/fr\\\/\",\"name\":\"eu-mark.com\",\"description\":\"Electrochemical marking etching\",\"publisher\":{\"@id\":\"https:\\\/\\\/eu-mark.com\\\/fr\\\/#organization\"},\"potentialAction\":[{\"@type\":\"SearchAction\",\"target\":{\"@type\":\"EntryPoint\",\"urlTemplate\":\"https:\\\/\\\/eu-mark.com\\\/fr\\\/?s={search_term_string}\"},\"query-input\":{\"@type\":\"PropertyValueSpecification\",\"valueRequired\":true,\"valueName\":\"search_term_string\"}}],\"inLanguage\":\"fr-FR\"},{\"@type\":\"Organization\",\"@id\":\"https:\\\/\\\/eu-mark.com\\\/fr\\\/#organization\",\"name\":\"EUMARK\",\"url\":\"https:\\\/\\\/eu-mark.com\\\/fr\\\/\",\"logo\":{\"@type\":\"ImageObject\",\"inLanguage\":\"fr-FR\",\"@id\":\"https:\\\/\\\/eu-mark.com\\\/fr\\\/#\\\/schema\\\/logo\\\/image\\\/\",\"url\":\"https:\\\/\\\/eu-mark.com\\\/wp-content\\\/uploads\\\/2025\\\/02\\\/eumark-logo-samo-EU-2018_06_19-10_17_06-UTC.jpg\",\"contentUrl\":\"https:\\\/\\\/eu-mark.com\\\/wp-content\\\/uploads\\\/2025\\\/02\\\/eumark-logo-samo-EU-2018_06_19-10_17_06-UTC.jpg\",\"width\":264,\"height\":268,\"caption\":\"EUMARK\"},\"image\":{\"@id\":\"https:\\\/\\\/eu-mark.com\\\/fr\\\/#\\\/schema\\\/logo\\\/image\\\/\"},\"sameAs\":[\"https:\\\/\\\/www.facebook.com\\\/eumark.de\\\/\",\"https:\\\/\\\/www.youtube.com\\\/channel\\\/UCehJsM6xcqIQLzp0y9MjYPg\",\"https:\\\/\\\/www.linkedin.com\\\/company\\\/eumark\\\/\",\"https:\\\/\\\/www.instagram.com\\\/eumark_de\"]}]}<\/script>\n<!-- \/ Yoast SEO plugin. -->","yoast_head_json":{"title":"M21 : L'excellence constante gr\u00e2ce \u00e0 la capacit\u00e9 d'auto-nettoyage","description":"M21 : Excellence constante avec capacit\u00e9 d'auto-nettoyage, avec ses excellentes propri\u00e9t\u00e9s de mouillage sur les surfaces, assure un marquage uniforme et pr\u00e9cis \u00e0 chaque fois. Electrochemical marking etching","robots":{"index":"index","follow":"follow","max-snippet":"max-snippet:-1","max-image-preview":"max-image-preview:large","max-video-preview":"max-video-preview:-1"},"canonical":"https:\/\/eu-mark.com\/fr\/product\/m21-electrolyte-pour-marquage-electrochimique-500ml-16-9-fl-oz\/","og_locale":"fr_FR","og_type":"article","og_title":"M21 : L'excellence constante gr\u00e2ce \u00e0 la capacit\u00e9 d'auto-nettoyage","og_description":"M21 : Excellence constante avec capacit\u00e9 d'auto-nettoyage, avec ses excellentes propri\u00e9t\u00e9s de mouillage sur les surfaces, assure un marquage uniforme et pr\u00e9cis \u00e0 chaque fois. Electrochemical marking etching","og_url":"https:\/\/eu-mark.com\/fr\/product\/m21-electrolyte-pour-marquage-electrochimique-500ml-16-9-fl-oz\/","og_site_name":"Electrochemical marking etching","article_publisher":"https:\/\/www.facebook.com\/eumark.de\/","og_image":[{"width":1000,"height":1000,"url":"https:\/\/eu-mark.com\/wp-content\/uploads\/2023\/08\/eumark_marking_engraving_electrolyte_fluid_11.jpg","type":"image\/jpeg"}],"twitter_card":"summary_large_image","twitter_misc":{"Dur\u00e9e de lecture estim\u00e9e":"1 minute"},"schema":{"@context":"https:\/\/schema.org","@graph":[{"@type":"WebPage","@id":"https:\/\/eu-mark.com\/fr\/product\/m21-electrolyte-pour-marquage-electrochimique-500ml-16-9-fl-oz\/","url":"https:\/\/eu-mark.com\/fr\/product\/m21-electrolyte-pour-marquage-electrochimique-500ml-16-9-fl-oz\/","name":"M21 : L'excellence constante gr\u00e2ce \u00e0 la capacit\u00e9 d'auto-nettoyage","isPartOf":{"@id":"https:\/\/eu-mark.com\/fr\/#website"},"primaryImageOfPage":{"@id":"https:\/\/eu-mark.com\/fr\/product\/m21-electrolyte-pour-marquage-electrochimique-500ml-16-9-fl-oz\/#primaryimage"},"image":{"@id":"https:\/\/eu-mark.com\/fr\/product\/m21-electrolyte-pour-marquage-electrochimique-500ml-16-9-fl-oz\/#primaryimage"},"thumbnailUrl":"https:\/\/eu-mark.com\/wp-content\/uploads\/2023\/08\/eumark_marking_engraving_electrolyte_fluid_11.jpg","datePublished":"2021-08-17T11:18:28+00:00","description":"M21 : Excellence constante avec capacit\u00e9 d'auto-nettoyage, avec ses excellentes propri\u00e9t\u00e9s de mouillage sur les surfaces, assure un marquage uniforme et pr\u00e9cis \u00e0 chaque fois. Electrochemical marking etching","breadcrumb":{"@id":"https:\/\/eu-mark.com\/fr\/product\/m21-electrolyte-pour-marquage-electrochimique-500ml-16-9-fl-oz\/#breadcrumb"},"inLanguage":"fr-FR","potentialAction":[{"@type":"ReadAction","target":["https:\/\/eu-mark.com\/fr\/product\/m21-electrolyte-pour-marquage-electrochimique-500ml-16-9-fl-oz\/"]}]},{"@type":"ImageObject","inLanguage":"fr-FR","@id":"https:\/\/eu-mark.com\/fr\/product\/m21-electrolyte-pour-marquage-electrochimique-500ml-16-9-fl-oz\/#primaryimage","url":"https:\/\/eu-mark.com\/wp-content\/uploads\/2023\/08\/eumark_marking_engraving_electrolyte_fluid_11.jpg","contentUrl":"https:\/\/eu-mark.com\/wp-content\/uploads\/2023\/08\/eumark_marking_engraving_electrolyte_fluid_11.jpg","width":1000,"height":1000,"caption":"eumark marking engraving electrolyte fluid M21"},{"@type":"BreadcrumbList","@id":"https:\/\/eu-mark.com\/fr\/product\/m21-electrolyte-pour-marquage-electrochimique-500ml-16-9-fl-oz\/#breadcrumb","itemListElement":[{"@type":"ListItem","position":1,"name":"Accueil","item":"https:\/\/eu-mark.com\/fr\/accueil\/"},{"@type":"ListItem","position":2,"name":"Boutique","item":"https:\/\/eu-mark.com\/fr\/boutique\/"},{"@type":"ListItem","position":3,"name":"M21 Electrolyte pour marquage \u00e9lectrochimique 500ml 16.9 fl. oz."}]},{"@type":"WebSite","@id":"https:\/\/eu-mark.com\/fr\/#website","url":"https:\/\/eu-mark.com\/fr\/","name":"eu-mark.com","description":"Electrochemical marking etching","publisher":{"@id":"https:\/\/eu-mark.com\/fr\/#organization"},"potentialAction":[{"@type":"SearchAction","target":{"@type":"EntryPoint","urlTemplate":"https:\/\/eu-mark.com\/fr\/?s={search_term_string}"},"query-input":{"@type":"PropertyValueSpecification","valueRequired":true,"valueName":"search_term_string"}}],"inLanguage":"fr-FR"},{"@type":"Organization","@id":"https:\/\/eu-mark.com\/fr\/#organization","name":"EUMARK","url":"https:\/\/eu-mark.com\/fr\/","logo":{"@type":"ImageObject","inLanguage":"fr-FR","@id":"https:\/\/eu-mark.com\/fr\/#\/schema\/logo\/image\/","url":"https:\/\/eu-mark.com\/wp-content\/uploads\/2025\/02\/eumark-logo-samo-EU-2018_06_19-10_17_06-UTC.jpg","contentUrl":"https:\/\/eu-mark.com\/wp-content\/uploads\/2025\/02\/eumark-logo-samo-EU-2018_06_19-10_17_06-UTC.jpg","width":264,"height":268,"caption":"EUMARK"},"image":{"@id":"https:\/\/eu-mark.com\/fr\/#\/schema\/logo\/image\/"},"sameAs":["https:\/\/www.facebook.com\/eumark.de\/","https:\/\/www.youtube.com\/channel\/UCehJsM6xcqIQLzp0y9MjYPg","https:\/\/www.linkedin.com\/company\/eumark\/","https:\/\/www.instagram.com\/eumark_de"]}]}},"_links":{"self":[{"href":"https:\/\/eu-mark.com\/fr\/wp-json\/wp\/v2\/product\/6609","targetHints":{"allow":["GET"]}}],"collection":[{"href":"https:\/\/eu-mark.com\/fr\/wp-json\/wp\/v2\/product"}],"about":[{"href":"https:\/\/eu-mark.com\/fr\/wp-json\/wp\/v2\/types\/product"}],"replies":[{"embeddable":true,"href":"https:\/\/eu-mark.com\/fr\/wp-json\/wp\/v2\/comments?post=6609"}],"wp:featuredmedia":[{"embeddable":true,"href":"https:\/\/eu-mark.com\/fr\/wp-json\/wp\/v2\/media\/8025"}],"wp:attachment":[{"href":"https:\/\/eu-mark.com\/fr\/wp-json\/wp\/v2\/media?parent=6609"}],"wp:term":[{"taxonomy":"product_brand","embeddable":true,"href":"https:\/\/eu-mark.com\/fr\/wp-json\/wp\/v2\/product_brand?post=6609"},{"taxonomy":"product_cat","embeddable":true,"href":"https:\/\/eu-mark.com\/fr\/wp-json\/wp\/v2\/product_cat?post=6609"},{"taxonomy":"product_tag","embeddable":true,"href":"https:\/\/eu-mark.com\/fr\/wp-json\/wp\/v2\/product_tag?post=6609"}],"curies":[{"name":"wp","href":"https:\/\/api.w.org\/{rel}","templated":true}]}}