{"id":6615,"date":"2021-08-27T08:53:01","date_gmt":"2021-08-27T08:53:01","guid":{"rendered":"https:\/\/eu-mark.com\/product\/m21-m22-m23-n11-electrolyte-pour-marquage-electrochimique-4x-500ml-16-9-fl-oz-tous-les-4-ensembles\/"},"modified":"2021-08-27T08:53:01","modified_gmt":"2021-08-27T08:53:01","slug":"m21-m22-m23-n11-electrolyte-pour-marquage-electrochimique-4x-500ml-16-9-fl-oz-tous-les-4-ensembles","status":"publish","type":"product","link":"https:\/\/eu-mark.com\/fr\/product\/m21-m22-m23-n11-electrolyte-pour-marquage-electrochimique-4x-500ml-16-9-fl-oz-tous-les-4-ensembles\/","title":{"rendered":"M21 M22 M23 N11 Electrolyte pour marquage \u00e9lectrochimique 4x 500ml 16.9 fl. oz. Tous les 4 ensembles"},"content":{"rendered":"<p>Les <a href=\"https:\/\/eu-mark.com\/achieving-remarkable-marks-with-eumark-electrolytes-unleashing-the-power-of-excellence\/\">\u00e9lectrolytes Eumark<\/a> sont la quintessence de l&rsquo;excellence en mati\u00e8re de marquage et b\u00e9n\u00e9ficient de plus de vingt ans d&rsquo;exp\u00e9rience dans l&rsquo;industrie. Que vous choisissiez M21 pour une excellence constante, M22 pour des marques sombres et impressionnantes, M23 pour une brillance non corrosive ou N11 pour la pr\u00e9vention de la corrosion. Avec plus de 20 ans d&rsquo;exp\u00e9rience, Eumark a d\u00e9velopp\u00e9 une gamme d&rsquo;\u00e9lectrolytes qui offrent des performances exceptionnelles et des marques \u00e9tonnantes. Principales caract\u00e9ristiques et applications cibles des <a href=\"https:\/\/eumark.biz\/en-us\/blogs\/news\/achieving-remarkable-marks-with-eumark-electrolytes-unleashing-the-power-of-excellence\">\u00e9lectrolytes Eumark &#8211; M21, M22, M23 et N11.<\/a> M21 est tr\u00e8s bon pour de nombreux marquages avec le m\u00eame mouillage du feutre, il poss\u00e8de une capacit\u00e9 d&rsquo;auto-nettoyage<br \/>\nM22 est tr\u00e8s sombre mais vous devez souvent nettoyer le pochoir et le feutre. pH 7 tr\u00e8s \u00e9cologique&#8230;<br \/>\nM23 est non corrosif, il suffit de marquer et d&rsquo;essuyer avec un chiffon apr\u00e8s, pas besoin de neutralit\u00e9 pour les aciers tr\u00e8s corrosifs, comme les scies ou certains aciers d&rsquo;outillage<br \/>\nN11 Neutralit\u00e9 avec l&rsquo;indicateur de pH <\/p>\n","protected":false},"excerpt":{"rendered":"<div><strong>Exp\u00e9dition mondiale GRATUITE incluse<\/strong><\/div>\n<div><\/div>\n<div><strong>Options de paiement s\u00e9curis\u00e9<\/strong><\/div>\n<div><\/div>\n<div>Payez commod\u00e9ment avec votre carte de d\u00e9bit ou de cr\u00e9dit par l&rsquo;interm\u00e9diaire de PayPal lors du paiement. <strong>Aucun compte PayPal n&rsquo;est n\u00e9cessaire<\/strong>.<\/div>\n<p>M21 est tr\u00e8s bon pour de nombreux marquages avec le m\u00eame mouillage du feutre, il poss\u00e8de une capacit\u00e9 d&rsquo;auto-nettoyage<br \/>\nM22 est tr\u00e8s fonc\u00e9 mais vous devez souvent nettoyer le pochoir et le feutre. pH 7 tr\u00e8s \u00e9cologique&#8230;<br \/>\nM23 est non corrosif, il suffit de marquer et d&rsquo;essuyer avec un chiffon apr\u00e8s, pas besoin de neutralit\u00e9 pour les aciers tr\u00e8s corrosifs, comme les scies ou certains aciers d&rsquo;outillage<br \/>\nN11 Neutralit\u00e9 avec l&rsquo;indicateur de pH <\/p>\n","protected":false},"featured_media":7775,"comment_status":"open","ping_status":"closed","template":"","meta":[],"product_brand":[],"product_cat":[107],"product_tag":[112,115,108,116,110,111,109],"class_list":{"0":"post-6615","1":"product","2":"type-product","3":"status-publish","4":"has-post-thumbnail","6":"product_cat-produits-chimiques","7":"product_tag-acier","8":"product_tag-couteau","9":"product_tag-electrochimique","10":"product_tag-gravure-fr","11":"product_tag-gravure","12":"product_tag-machine-fr","13":"product_tag-marquage","15":"first","16":"instock","17":"shipping-taxable","18":"purchasable","19":"product-type-simple"},"yoast_head":"<!-- This site is optimized with the Yoast SEO plugin v27.4 - https:\/\/yoast.com\/product\/yoast-seo-wordpress\/ -->\n<title>Electrolyte pour marquage \u00e9lectrochimique gravure profonde ou marquage suppl\u00e9mentaire<\/title>\n<meta name=\"description\" content=\"Electrolyte pour le marquage \u00e9lectrochimique en profondeur ou le marquage suppl\u00e9mentaire. Avec plus de 20 ans d&#039;exp\u00e9rience, Eumark a d\u00e9velopp\u00e9 une gamme d&#039;\u00e9lectrolytes qui offrent des performances exceptionnelles. M21 M22 M23 N11 Electrolyte pour marquage \u00e9lectrochimique 4x 500ml 16.9 fl. oz. Tous les 4 ensembles\" \/>\n<meta name=\"robots\" content=\"index, follow, max-snippet:-1, max-image-preview:large, max-video-preview:-1\" \/>\n<link rel=\"canonical\" href=\"https:\/\/eu-mark.com\/fr\/product\/m21-m22-m23-n11-electrolyte-pour-marquage-electrochimique-4x-500ml-16-9-fl-oz-tous-les-4-ensembles\/\" \/>\n<meta property=\"og:locale\" content=\"fr_FR\" \/>\n<meta property=\"og:type\" content=\"article\" \/>\n<meta property=\"og:title\" content=\"Electrolyte pour marquage \u00e9lectrochimique gravure profonde ou marquage suppl\u00e9mentaire\" \/>\n<meta property=\"og:description\" content=\"Electrolyte pour le marquage \u00e9lectrochimique en profondeur ou le marquage suppl\u00e9mentaire. Avec plus de 20 ans d&#039;exp\u00e9rience, Eumark a d\u00e9velopp\u00e9 une gamme d&#039;\u00e9lectrolytes qui offrent des performances exceptionnelles. M21 M22 M23 N11 Electrolyte pour marquage \u00e9lectrochimique 4x 500ml 16.9 fl. oz. Tous les 4 ensembles\" \/>\n<meta property=\"og:url\" content=\"https:\/\/eu-mark.com\/fr\/product\/m21-m22-m23-n11-electrolyte-pour-marquage-electrochimique-4x-500ml-16-9-fl-oz-tous-les-4-ensembles\/\" \/>\n<meta property=\"og:site_name\" content=\"Electrochemical marking etching\" \/>\n<meta property=\"article:publisher\" content=\"https:\/\/www.facebook.com\/eumark.de\/\" \/>\n<meta property=\"og:image\" content=\"https:\/\/eu-mark.com\/wp-content\/uploads\/2023\/08\/eumark_marking_engraving_electrolyte_fluid_19.jpg\" \/>\n\t<meta property=\"og:image:width\" content=\"1000\" \/>\n\t<meta property=\"og:image:height\" content=\"1000\" \/>\n\t<meta property=\"og:image:type\" content=\"image\/jpeg\" \/>\n<meta name=\"twitter:card\" content=\"summary_large_image\" \/>\n<meta name=\"twitter:label1\" content=\"Dur\u00e9e de lecture estim\u00e9e\" \/>\n\t<meta name=\"twitter:data1\" content=\"1 minute\" \/>\n<script type=\"application\/ld+json\" class=\"yoast-schema-graph\">{\"@context\":\"https:\\\/\\\/schema.org\",\"@graph\":[{\"@type\":\"WebPage\",\"@id\":\"https:\\\/\\\/eu-mark.com\\\/fr\\\/product\\\/m21-m22-m23-n11-electrolyte-pour-marquage-electrochimique-4x-500ml-16-9-fl-oz-tous-les-4-ensembles\\\/\",\"url\":\"https:\\\/\\\/eu-mark.com\\\/fr\\\/product\\\/m21-m22-m23-n11-electrolyte-pour-marquage-electrochimique-4x-500ml-16-9-fl-oz-tous-les-4-ensembles\\\/\",\"name\":\"Electrolyte pour marquage \u00e9lectrochimique gravure profonde ou marquage suppl\u00e9mentaire\",\"isPartOf\":{\"@id\":\"https:\\\/\\\/eu-mark.com\\\/fr\\\/#website\"},\"primaryImageOfPage\":{\"@id\":\"https:\\\/\\\/eu-mark.com\\\/fr\\\/product\\\/m21-m22-m23-n11-electrolyte-pour-marquage-electrochimique-4x-500ml-16-9-fl-oz-tous-les-4-ensembles\\\/#primaryimage\"},\"image\":{\"@id\":\"https:\\\/\\\/eu-mark.com\\\/fr\\\/product\\\/m21-m22-m23-n11-electrolyte-pour-marquage-electrochimique-4x-500ml-16-9-fl-oz-tous-les-4-ensembles\\\/#primaryimage\"},\"thumbnailUrl\":\"https:\\\/\\\/eu-mark.com\\\/wp-content\\\/uploads\\\/2023\\\/08\\\/eumark_marking_engraving_electrolyte_fluid_19.jpg\",\"datePublished\":\"2021-08-27T08:53:01+00:00\",\"description\":\"Electrolyte pour le marquage \u00e9lectrochimique en profondeur ou le marquage suppl\u00e9mentaire. Avec plus de 20 ans d'exp\u00e9rience, Eumark a d\u00e9velopp\u00e9 une gamme d'\u00e9lectrolytes qui offrent des performances exceptionnelles. M21 M22 M23 N11 Electrolyte pour marquage \u00e9lectrochimique 4x 500ml 16.9 fl. oz. Tous les 4 ensembles\",\"breadcrumb\":{\"@id\":\"https:\\\/\\\/eu-mark.com\\\/fr\\\/product\\\/m21-m22-m23-n11-electrolyte-pour-marquage-electrochimique-4x-500ml-16-9-fl-oz-tous-les-4-ensembles\\\/#breadcrumb\"},\"inLanguage\":\"fr-FR\",\"potentialAction\":[{\"@type\":\"ReadAction\",\"target\":[\"https:\\\/\\\/eu-mark.com\\\/fr\\\/product\\\/m21-m22-m23-n11-electrolyte-pour-marquage-electrochimique-4x-500ml-16-9-fl-oz-tous-les-4-ensembles\\\/\"]}]},{\"@type\":\"ImageObject\",\"inLanguage\":\"fr-FR\",\"@id\":\"https:\\\/\\\/eu-mark.com\\\/fr\\\/product\\\/m21-m22-m23-n11-electrolyte-pour-marquage-electrochimique-4x-500ml-16-9-fl-oz-tous-les-4-ensembles\\\/#primaryimage\",\"url\":\"https:\\\/\\\/eu-mark.com\\\/wp-content\\\/uploads\\\/2023\\\/08\\\/eumark_marking_engraving_electrolyte_fluid_19.jpg\",\"contentUrl\":\"https:\\\/\\\/eu-mark.com\\\/wp-content\\\/uploads\\\/2023\\\/08\\\/eumark_marking_engraving_electrolyte_fluid_19.jpg\",\"width\":1000,\"height\":1000,\"caption\":\"eumark marquage gravure fluide \u00e9lectrolyte\"},{\"@type\":\"BreadcrumbList\",\"@id\":\"https:\\\/\\\/eu-mark.com\\\/fr\\\/product\\\/m21-m22-m23-n11-electrolyte-pour-marquage-electrochimique-4x-500ml-16-9-fl-oz-tous-les-4-ensembles\\\/#breadcrumb\",\"itemListElement\":[{\"@type\":\"ListItem\",\"position\":1,\"name\":\"Accueil\",\"item\":\"https:\\\/\\\/eu-mark.com\\\/fr\\\/accueil\\\/\"},{\"@type\":\"ListItem\",\"position\":2,\"name\":\"Boutique\",\"item\":\"https:\\\/\\\/eu-mark.com\\\/fr\\\/boutique\\\/\"},{\"@type\":\"ListItem\",\"position\":3,\"name\":\"M21 M22 M23 N11 Electrolyte pour marquage \u00e9lectrochimique 4x 500ml 16.9 fl. oz. Tous les 4 ensembles\"}]},{\"@type\":\"WebSite\",\"@id\":\"https:\\\/\\\/eu-mark.com\\\/fr\\\/#website\",\"url\":\"https:\\\/\\\/eu-mark.com\\\/fr\\\/\",\"name\":\"eu-mark.com\",\"description\":\"Electrochemical marking etching\",\"publisher\":{\"@id\":\"https:\\\/\\\/eu-mark.com\\\/fr\\\/#organization\"},\"potentialAction\":[{\"@type\":\"SearchAction\",\"target\":{\"@type\":\"EntryPoint\",\"urlTemplate\":\"https:\\\/\\\/eu-mark.com\\\/fr\\\/?s={search_term_string}\"},\"query-input\":{\"@type\":\"PropertyValueSpecification\",\"valueRequired\":true,\"valueName\":\"search_term_string\"}}],\"inLanguage\":\"fr-FR\"},{\"@type\":\"Organization\",\"@id\":\"https:\\\/\\\/eu-mark.com\\\/fr\\\/#organization\",\"name\":\"EUMARK\",\"url\":\"https:\\\/\\\/eu-mark.com\\\/fr\\\/\",\"logo\":{\"@type\":\"ImageObject\",\"inLanguage\":\"fr-FR\",\"@id\":\"https:\\\/\\\/eu-mark.com\\\/fr\\\/#\\\/schema\\\/logo\\\/image\\\/\",\"url\":\"https:\\\/\\\/eu-mark.com\\\/wp-content\\\/uploads\\\/2025\\\/02\\\/eumark-logo-samo-EU-2018_06_19-10_17_06-UTC.jpg\",\"contentUrl\":\"https:\\\/\\\/eu-mark.com\\\/wp-content\\\/uploads\\\/2025\\\/02\\\/eumark-logo-samo-EU-2018_06_19-10_17_06-UTC.jpg\",\"width\":264,\"height\":268,\"caption\":\"EUMARK\"},\"image\":{\"@id\":\"https:\\\/\\\/eu-mark.com\\\/fr\\\/#\\\/schema\\\/logo\\\/image\\\/\"},\"sameAs\":[\"https:\\\/\\\/www.facebook.com\\\/eumark.de\\\/\",\"https:\\\/\\\/www.youtube.com\\\/channel\\\/UCehJsM6xcqIQLzp0y9MjYPg\",\"https:\\\/\\\/www.linkedin.com\\\/company\\\/eumark\\\/\",\"https:\\\/\\\/www.instagram.com\\\/eumark_de\"]}]}<\/script>\n<!-- \/ Yoast SEO plugin. -->","yoast_head_json":{"title":"Electrolyte pour marquage \u00e9lectrochimique gravure profonde ou marquage suppl\u00e9mentaire","description":"Electrolyte pour le marquage \u00e9lectrochimique en profondeur ou le marquage suppl\u00e9mentaire. Avec plus de 20 ans d'exp\u00e9rience, Eumark a d\u00e9velopp\u00e9 une gamme d'\u00e9lectrolytes qui offrent des performances exceptionnelles. M21 M22 M23 N11 Electrolyte pour marquage \u00e9lectrochimique 4x 500ml 16.9 fl. oz. Tous les 4 ensembles","robots":{"index":"index","follow":"follow","max-snippet":"max-snippet:-1","max-image-preview":"max-image-preview:large","max-video-preview":"max-video-preview:-1"},"canonical":"https:\/\/eu-mark.com\/fr\/product\/m21-m22-m23-n11-electrolyte-pour-marquage-electrochimique-4x-500ml-16-9-fl-oz-tous-les-4-ensembles\/","og_locale":"fr_FR","og_type":"article","og_title":"Electrolyte pour marquage \u00e9lectrochimique gravure profonde ou marquage suppl\u00e9mentaire","og_description":"Electrolyte pour le marquage \u00e9lectrochimique en profondeur ou le marquage suppl\u00e9mentaire. Avec plus de 20 ans d'exp\u00e9rience, Eumark a d\u00e9velopp\u00e9 une gamme d'\u00e9lectrolytes qui offrent des performances exceptionnelles. M21 M22 M23 N11 Electrolyte pour marquage \u00e9lectrochimique 4x 500ml 16.9 fl. oz. Tous les 4 ensembles","og_url":"https:\/\/eu-mark.com\/fr\/product\/m21-m22-m23-n11-electrolyte-pour-marquage-electrochimique-4x-500ml-16-9-fl-oz-tous-les-4-ensembles\/","og_site_name":"Electrochemical marking etching","article_publisher":"https:\/\/www.facebook.com\/eumark.de\/","og_image":[{"width":1000,"height":1000,"url":"https:\/\/eu-mark.com\/wp-content\/uploads\/2023\/08\/eumark_marking_engraving_electrolyte_fluid_19.jpg","type":"image\/jpeg"}],"twitter_card":"summary_large_image","twitter_misc":{"Dur\u00e9e de lecture estim\u00e9e":"1 minute"},"schema":{"@context":"https:\/\/schema.org","@graph":[{"@type":"WebPage","@id":"https:\/\/eu-mark.com\/fr\/product\/m21-m22-m23-n11-electrolyte-pour-marquage-electrochimique-4x-500ml-16-9-fl-oz-tous-les-4-ensembles\/","url":"https:\/\/eu-mark.com\/fr\/product\/m21-m22-m23-n11-electrolyte-pour-marquage-electrochimique-4x-500ml-16-9-fl-oz-tous-les-4-ensembles\/","name":"Electrolyte pour marquage \u00e9lectrochimique gravure profonde ou marquage suppl\u00e9mentaire","isPartOf":{"@id":"https:\/\/eu-mark.com\/fr\/#website"},"primaryImageOfPage":{"@id":"https:\/\/eu-mark.com\/fr\/product\/m21-m22-m23-n11-electrolyte-pour-marquage-electrochimique-4x-500ml-16-9-fl-oz-tous-les-4-ensembles\/#primaryimage"},"image":{"@id":"https:\/\/eu-mark.com\/fr\/product\/m21-m22-m23-n11-electrolyte-pour-marquage-electrochimique-4x-500ml-16-9-fl-oz-tous-les-4-ensembles\/#primaryimage"},"thumbnailUrl":"https:\/\/eu-mark.com\/wp-content\/uploads\/2023\/08\/eumark_marking_engraving_electrolyte_fluid_19.jpg","datePublished":"2021-08-27T08:53:01+00:00","description":"Electrolyte pour le marquage \u00e9lectrochimique en profondeur ou le marquage suppl\u00e9mentaire. Avec plus de 20 ans d'exp\u00e9rience, Eumark a d\u00e9velopp\u00e9 une gamme d'\u00e9lectrolytes qui offrent des performances exceptionnelles. M21 M22 M23 N11 Electrolyte pour marquage \u00e9lectrochimique 4x 500ml 16.9 fl. oz. Tous les 4 ensembles","breadcrumb":{"@id":"https:\/\/eu-mark.com\/fr\/product\/m21-m22-m23-n11-electrolyte-pour-marquage-electrochimique-4x-500ml-16-9-fl-oz-tous-les-4-ensembles\/#breadcrumb"},"inLanguage":"fr-FR","potentialAction":[{"@type":"ReadAction","target":["https:\/\/eu-mark.com\/fr\/product\/m21-m22-m23-n11-electrolyte-pour-marquage-electrochimique-4x-500ml-16-9-fl-oz-tous-les-4-ensembles\/"]}]},{"@type":"ImageObject","inLanguage":"fr-FR","@id":"https:\/\/eu-mark.com\/fr\/product\/m21-m22-m23-n11-electrolyte-pour-marquage-electrochimique-4x-500ml-16-9-fl-oz-tous-les-4-ensembles\/#primaryimage","url":"https:\/\/eu-mark.com\/wp-content\/uploads\/2023\/08\/eumark_marking_engraving_electrolyte_fluid_19.jpg","contentUrl":"https:\/\/eu-mark.com\/wp-content\/uploads\/2023\/08\/eumark_marking_engraving_electrolyte_fluid_19.jpg","width":1000,"height":1000,"caption":"eumark marquage gravure fluide \u00e9lectrolyte"},{"@type":"BreadcrumbList","@id":"https:\/\/eu-mark.com\/fr\/product\/m21-m22-m23-n11-electrolyte-pour-marquage-electrochimique-4x-500ml-16-9-fl-oz-tous-les-4-ensembles\/#breadcrumb","itemListElement":[{"@type":"ListItem","position":1,"name":"Accueil","item":"https:\/\/eu-mark.com\/fr\/accueil\/"},{"@type":"ListItem","position":2,"name":"Boutique","item":"https:\/\/eu-mark.com\/fr\/boutique\/"},{"@type":"ListItem","position":3,"name":"M21 M22 M23 N11 Electrolyte pour marquage \u00e9lectrochimique 4x 500ml 16.9 fl. oz. Tous les 4 ensembles"}]},{"@type":"WebSite","@id":"https:\/\/eu-mark.com\/fr\/#website","url":"https:\/\/eu-mark.com\/fr\/","name":"eu-mark.com","description":"Electrochemical marking etching","publisher":{"@id":"https:\/\/eu-mark.com\/fr\/#organization"},"potentialAction":[{"@type":"SearchAction","target":{"@type":"EntryPoint","urlTemplate":"https:\/\/eu-mark.com\/fr\/?s={search_term_string}"},"query-input":{"@type":"PropertyValueSpecification","valueRequired":true,"valueName":"search_term_string"}}],"inLanguage":"fr-FR"},{"@type":"Organization","@id":"https:\/\/eu-mark.com\/fr\/#organization","name":"EUMARK","url":"https:\/\/eu-mark.com\/fr\/","logo":{"@type":"ImageObject","inLanguage":"fr-FR","@id":"https:\/\/eu-mark.com\/fr\/#\/schema\/logo\/image\/","url":"https:\/\/eu-mark.com\/wp-content\/uploads\/2025\/02\/eumark-logo-samo-EU-2018_06_19-10_17_06-UTC.jpg","contentUrl":"https:\/\/eu-mark.com\/wp-content\/uploads\/2025\/02\/eumark-logo-samo-EU-2018_06_19-10_17_06-UTC.jpg","width":264,"height":268,"caption":"EUMARK"},"image":{"@id":"https:\/\/eu-mark.com\/fr\/#\/schema\/logo\/image\/"},"sameAs":["https:\/\/www.facebook.com\/eumark.de\/","https:\/\/www.youtube.com\/channel\/UCehJsM6xcqIQLzp0y9MjYPg","https:\/\/www.linkedin.com\/company\/eumark\/","https:\/\/www.instagram.com\/eumark_de"]}]}},"_links":{"self":[{"href":"https:\/\/eu-mark.com\/fr\/wp-json\/wp\/v2\/product\/6615","targetHints":{"allow":["GET"]}}],"collection":[{"href":"https:\/\/eu-mark.com\/fr\/wp-json\/wp\/v2\/product"}],"about":[{"href":"https:\/\/eu-mark.com\/fr\/wp-json\/wp\/v2\/types\/product"}],"replies":[{"embeddable":true,"href":"https:\/\/eu-mark.com\/fr\/wp-json\/wp\/v2\/comments?post=6615"}],"wp:featuredmedia":[{"embeddable":true,"href":"https:\/\/eu-mark.com\/fr\/wp-json\/wp\/v2\/media\/7775"}],"wp:attachment":[{"href":"https:\/\/eu-mark.com\/fr\/wp-json\/wp\/v2\/media?parent=6615"}],"wp:term":[{"taxonomy":"product_brand","embeddable":true,"href":"https:\/\/eu-mark.com\/fr\/wp-json\/wp\/v2\/product_brand?post=6615"},{"taxonomy":"product_cat","embeddable":true,"href":"https:\/\/eu-mark.com\/fr\/wp-json\/wp\/v2\/product_cat?post=6615"},{"taxonomy":"product_tag","embeddable":true,"href":"https:\/\/eu-mark.com\/fr\/wp-json\/wp\/v2\/product_tag?post=6615"}],"curies":[{"name":"wp","href":"https:\/\/api.w.org\/{rel}","templated":true}]}}