{"id":6628,"date":"2021-08-27T08:34:38","date_gmt":"2021-08-27T08:34:38","guid":{"rendered":"https:\/\/eu-mark.com\/product\/m23-electrolyte-pour-marquage-electrochimique-non-corrosif-500ml-16-9-fl-oz\/"},"modified":"2021-08-27T08:34:38","modified_gmt":"2021-08-27T08:34:38","slug":"m23-electrolyte-pour-marquage-electrochimique-non-corrosif-500ml-16-9-fl-oz","status":"publish","type":"product","link":"https:\/\/eu-mark.com\/fr\/product\/m23-electrolyte-pour-marquage-electrochimique-non-corrosif-500ml-16-9-fl-oz\/","title":{"rendered":"M23 Electrolyte pour marquage \u00e9lectrochimique non corrosif 500ml 16.9 fl. oz."},"content":{"rendered":"<p><a href=\"https:\/\/eu-mark.com\/achieving-remarkable-marks-with-eumark-electrolytes-unleashing-the-power-of-excellence\/\">M23 n&rsquo;est pas corrosif<\/a>, il suffit de le marquer et de l&rsquo;essuyer avec un chiffon. Il n&rsquo;est pas n\u00e9cessaire d&rsquo;assurer la neutralit\u00e9 des aciers hautement corrosifs, comme les aciers \u00e0 scie ou certains aciers d&rsquo;outillage.<\/p>\n<p><a href=\"https:\/\/eumark.biz\/en-us\/blogs\/news\/achieving-remarkable-marks-with-eumark-electrolytes-unleashing-the-power-of-excellence\"><strong>M23 : Brillance non corrosive pour les aciers hautement corrosifs<\/strong><\/a><\/p>\n<p>L&rsquo;\u00e9lectrolyte M23 d&rsquo;Eumark r\u00e9volutionne le processus de marquage des aciers hautement corrosifs. Ses propri\u00e9t\u00e9s non corrosives vous permettent de marquer la surface et de la nettoyer ensuite sans effort avec un chiffon sec. M23 \u00e9limine le besoin d&rsquo;\u00e9tapes suppl\u00e9mentaires ou d&rsquo;agents neutralisants, ce qui simplifie le processus de marquage tout en pr\u00e9servant l&rsquo;int\u00e9grit\u00e9 des aciers hautement corrosifs. Qu&rsquo;il s&rsquo;agisse d&rsquo;aciers de sciage ou d&rsquo;aciers d&rsquo;outillage, M23 constitue une solution fiable et efficace pour obtenir des marques exceptionnelles sans compromettre l&rsquo;int\u00e9grit\u00e9 de la surface.   <\/p>\n","protected":false},"excerpt":{"rendered":"<p>M23 n&rsquo;est pas corrosif, il suffit de le marquer et de l&rsquo;essuyer avec un chiffon apr\u00e8s, il n&rsquo;est pas n\u00e9cessaire de neutraliser les aciers hautement corrosifs, comme les aciers \u00e0 scie ou certains aciers \u00e0 outils<br \/>\nLivraison GRATUITE dans le monde entier<\/p>\n<p>carte de d\u00e9bit ou de cr\u00e9dit proc\u00e9dez avec PayPal \u00e0 la caisse<\/p>\n<p>Vous n&rsquo;avez pas besoin d&rsquo;avoir un compte PayPal.<\/p>\n","protected":false},"featured_media":8019,"comment_status":"open","ping_status":"closed","template":"","meta":[],"product_brand":[],"product_cat":[107],"product_tag":[112,108,110,111,109],"class_list":{"0":"post-6628","1":"product","2":"type-product","3":"status-publish","4":"has-post-thumbnail","6":"product_cat-produits-chimiques","7":"product_tag-acier","8":"product_tag-electrochimique","9":"product_tag-gravure","10":"product_tag-machine-fr","11":"product_tag-marquage","13":"first","14":"instock","15":"shipping-taxable","16":"purchasable","17":"product-type-simple"},"yoast_head":"<!-- This site is optimized with the Yoast SEO plugin v27.4 - https:\/\/yoast.com\/product\/yoast-seo-wordpress\/ -->\n<title>M23 Electrolyte pour marquage \u00e9lectrochimique non corrosif<\/title>\n<meta name=\"description\" content=\"M23 Electrolyte pour le marquage \u00e9lectrochimique non corrosif, M23 \u00e9limine le besoin d&#039;\u00e9tapes suppl\u00e9mentaires ou d&#039;agents neutralisants, simplifiant ainsi le marquage. Electrochemical marking etching\" \/>\n<meta name=\"robots\" content=\"index, follow, max-snippet:-1, max-image-preview:large, max-video-preview:-1\" \/>\n<link rel=\"canonical\" href=\"https:\/\/eu-mark.com\/fr\/product\/m23-electrolyte-pour-marquage-electrochimique-non-corrosif-500ml-16-9-fl-oz\/\" \/>\n<meta property=\"og:locale\" content=\"fr_FR\" \/>\n<meta property=\"og:type\" content=\"article\" \/>\n<meta property=\"og:title\" content=\"M23 Electrolyte pour marquage \u00e9lectrochimique non corrosif\" \/>\n<meta property=\"og:description\" content=\"M23 Electrolyte pour le marquage \u00e9lectrochimique non corrosif, M23 \u00e9limine le besoin d&#039;\u00e9tapes suppl\u00e9mentaires ou d&#039;agents neutralisants, simplifiant ainsi le marquage. Electrochemical marking etching\" \/>\n<meta property=\"og:url\" content=\"https:\/\/eu-mark.com\/fr\/product\/m23-electrolyte-pour-marquage-electrochimique-non-corrosif-500ml-16-9-fl-oz\/\" \/>\n<meta property=\"og:site_name\" content=\"Electrochemical marking etching\" \/>\n<meta property=\"article:publisher\" content=\"https:\/\/www.facebook.com\/eumark.de\/\" \/>\n<meta property=\"og:image\" content=\"https:\/\/eu-mark.com\/wp-content\/uploads\/2023\/08\/eumark_marking_engraving_electrolyte_fluid_14.jpg\" \/>\n\t<meta property=\"og:image:width\" content=\"1000\" \/>\n\t<meta property=\"og:image:height\" content=\"1000\" \/>\n\t<meta property=\"og:image:type\" content=\"image\/jpeg\" \/>\n<meta name=\"twitter:card\" content=\"summary_large_image\" \/>\n<meta name=\"twitter:label1\" content=\"Dur\u00e9e de lecture estim\u00e9e\" \/>\n\t<meta name=\"twitter:data1\" content=\"1 minute\" \/>\n<script type=\"application\/ld+json\" class=\"yoast-schema-graph\">{\"@context\":\"https:\\\/\\\/schema.org\",\"@graph\":[{\"@type\":\"WebPage\",\"@id\":\"https:\\\/\\\/eu-mark.com\\\/fr\\\/product\\\/m23-electrolyte-pour-marquage-electrochimique-non-corrosif-500ml-16-9-fl-oz\\\/\",\"url\":\"https:\\\/\\\/eu-mark.com\\\/fr\\\/product\\\/m23-electrolyte-pour-marquage-electrochimique-non-corrosif-500ml-16-9-fl-oz\\\/\",\"name\":\"M23 Electrolyte pour marquage \u00e9lectrochimique non corrosif\",\"isPartOf\":{\"@id\":\"https:\\\/\\\/eu-mark.com\\\/fr\\\/#website\"},\"primaryImageOfPage\":{\"@id\":\"https:\\\/\\\/eu-mark.com\\\/fr\\\/product\\\/m23-electrolyte-pour-marquage-electrochimique-non-corrosif-500ml-16-9-fl-oz\\\/#primaryimage\"},\"image\":{\"@id\":\"https:\\\/\\\/eu-mark.com\\\/fr\\\/product\\\/m23-electrolyte-pour-marquage-electrochimique-non-corrosif-500ml-16-9-fl-oz\\\/#primaryimage\"},\"thumbnailUrl\":\"https:\\\/\\\/eu-mark.com\\\/wp-content\\\/uploads\\\/2023\\\/08\\\/eumark_marking_engraving_electrolyte_fluid_14.jpg\",\"datePublished\":\"2021-08-27T08:34:38+00:00\",\"description\":\"M23 Electrolyte pour le marquage \u00e9lectrochimique non corrosif, M23 \u00e9limine le besoin d'\u00e9tapes suppl\u00e9mentaires ou d'agents neutralisants, simplifiant ainsi le marquage. Electrochemical marking etching\",\"breadcrumb\":{\"@id\":\"https:\\\/\\\/eu-mark.com\\\/fr\\\/product\\\/m23-electrolyte-pour-marquage-electrochimique-non-corrosif-500ml-16-9-fl-oz\\\/#breadcrumb\"},\"inLanguage\":\"fr-FR\",\"potentialAction\":[{\"@type\":\"ReadAction\",\"target\":[\"https:\\\/\\\/eu-mark.com\\\/fr\\\/product\\\/m23-electrolyte-pour-marquage-electrochimique-non-corrosif-500ml-16-9-fl-oz\\\/\"]}]},{\"@type\":\"ImageObject\",\"inLanguage\":\"fr-FR\",\"@id\":\"https:\\\/\\\/eu-mark.com\\\/fr\\\/product\\\/m23-electrolyte-pour-marquage-electrochimique-non-corrosif-500ml-16-9-fl-oz\\\/#primaryimage\",\"url\":\"https:\\\/\\\/eu-mark.com\\\/wp-content\\\/uploads\\\/2023\\\/08\\\/eumark_marking_engraving_electrolyte_fluid_14.jpg\",\"contentUrl\":\"https:\\\/\\\/eu-mark.com\\\/wp-content\\\/uploads\\\/2023\\\/08\\\/eumark_marking_engraving_electrolyte_fluid_14.jpg\",\"width\":1000,\"height\":1000,\"caption\":\"eumark marking engraving electrolyte fluid M23\"},{\"@type\":\"BreadcrumbList\",\"@id\":\"https:\\\/\\\/eu-mark.com\\\/fr\\\/product\\\/m23-electrolyte-pour-marquage-electrochimique-non-corrosif-500ml-16-9-fl-oz\\\/#breadcrumb\",\"itemListElement\":[{\"@type\":\"ListItem\",\"position\":1,\"name\":\"Accueil\",\"item\":\"https:\\\/\\\/eu-mark.com\\\/fr\\\/accueil\\\/\"},{\"@type\":\"ListItem\",\"position\":2,\"name\":\"Boutique\",\"item\":\"https:\\\/\\\/eu-mark.com\\\/fr\\\/boutique\\\/\"},{\"@type\":\"ListItem\",\"position\":3,\"name\":\"M23 Electrolyte pour marquage \u00e9lectrochimique non corrosif 500ml 16.9 fl. oz.\"}]},{\"@type\":\"WebSite\",\"@id\":\"https:\\\/\\\/eu-mark.com\\\/fr\\\/#website\",\"url\":\"https:\\\/\\\/eu-mark.com\\\/fr\\\/\",\"name\":\"eu-mark.com\",\"description\":\"Electrochemical marking etching\",\"publisher\":{\"@id\":\"https:\\\/\\\/eu-mark.com\\\/fr\\\/#organization\"},\"potentialAction\":[{\"@type\":\"SearchAction\",\"target\":{\"@type\":\"EntryPoint\",\"urlTemplate\":\"https:\\\/\\\/eu-mark.com\\\/fr\\\/?s={search_term_string}\"},\"query-input\":{\"@type\":\"PropertyValueSpecification\",\"valueRequired\":true,\"valueName\":\"search_term_string\"}}],\"inLanguage\":\"fr-FR\"},{\"@type\":\"Organization\",\"@id\":\"https:\\\/\\\/eu-mark.com\\\/fr\\\/#organization\",\"name\":\"EUMARK\",\"url\":\"https:\\\/\\\/eu-mark.com\\\/fr\\\/\",\"logo\":{\"@type\":\"ImageObject\",\"inLanguage\":\"fr-FR\",\"@id\":\"https:\\\/\\\/eu-mark.com\\\/fr\\\/#\\\/schema\\\/logo\\\/image\\\/\",\"url\":\"https:\\\/\\\/eu-mark.com\\\/wp-content\\\/uploads\\\/2025\\\/02\\\/eumark-logo-samo-EU-2018_06_19-10_17_06-UTC.jpg\",\"contentUrl\":\"https:\\\/\\\/eu-mark.com\\\/wp-content\\\/uploads\\\/2025\\\/02\\\/eumark-logo-samo-EU-2018_06_19-10_17_06-UTC.jpg\",\"width\":264,\"height\":268,\"caption\":\"EUMARK\"},\"image\":{\"@id\":\"https:\\\/\\\/eu-mark.com\\\/fr\\\/#\\\/schema\\\/logo\\\/image\\\/\"},\"sameAs\":[\"https:\\\/\\\/www.facebook.com\\\/eumark.de\\\/\",\"https:\\\/\\\/www.youtube.com\\\/channel\\\/UCehJsM6xcqIQLzp0y9MjYPg\",\"https:\\\/\\\/www.linkedin.com\\\/company\\\/eumark\\\/\",\"https:\\\/\\\/www.instagram.com\\\/eumark_de\"]}]}<\/script>\n<!-- \/ Yoast SEO plugin. -->","yoast_head_json":{"title":"M23 Electrolyte pour marquage \u00e9lectrochimique non corrosif","description":"M23 Electrolyte pour le marquage \u00e9lectrochimique non corrosif, M23 \u00e9limine le besoin d'\u00e9tapes suppl\u00e9mentaires ou d'agents neutralisants, simplifiant ainsi le marquage. Electrochemical marking etching","robots":{"index":"index","follow":"follow","max-snippet":"max-snippet:-1","max-image-preview":"max-image-preview:large","max-video-preview":"max-video-preview:-1"},"canonical":"https:\/\/eu-mark.com\/fr\/product\/m23-electrolyte-pour-marquage-electrochimique-non-corrosif-500ml-16-9-fl-oz\/","og_locale":"fr_FR","og_type":"article","og_title":"M23 Electrolyte pour marquage \u00e9lectrochimique non corrosif","og_description":"M23 Electrolyte pour le marquage \u00e9lectrochimique non corrosif, M23 \u00e9limine le besoin d'\u00e9tapes suppl\u00e9mentaires ou d'agents neutralisants, simplifiant ainsi le marquage. Electrochemical marking etching","og_url":"https:\/\/eu-mark.com\/fr\/product\/m23-electrolyte-pour-marquage-electrochimique-non-corrosif-500ml-16-9-fl-oz\/","og_site_name":"Electrochemical marking etching","article_publisher":"https:\/\/www.facebook.com\/eumark.de\/","og_image":[{"width":1000,"height":1000,"url":"https:\/\/eu-mark.com\/wp-content\/uploads\/2023\/08\/eumark_marking_engraving_electrolyte_fluid_14.jpg","type":"image\/jpeg"}],"twitter_card":"summary_large_image","twitter_misc":{"Dur\u00e9e de lecture estim\u00e9e":"1 minute"},"schema":{"@context":"https:\/\/schema.org","@graph":[{"@type":"WebPage","@id":"https:\/\/eu-mark.com\/fr\/product\/m23-electrolyte-pour-marquage-electrochimique-non-corrosif-500ml-16-9-fl-oz\/","url":"https:\/\/eu-mark.com\/fr\/product\/m23-electrolyte-pour-marquage-electrochimique-non-corrosif-500ml-16-9-fl-oz\/","name":"M23 Electrolyte pour marquage \u00e9lectrochimique non corrosif","isPartOf":{"@id":"https:\/\/eu-mark.com\/fr\/#website"},"primaryImageOfPage":{"@id":"https:\/\/eu-mark.com\/fr\/product\/m23-electrolyte-pour-marquage-electrochimique-non-corrosif-500ml-16-9-fl-oz\/#primaryimage"},"image":{"@id":"https:\/\/eu-mark.com\/fr\/product\/m23-electrolyte-pour-marquage-electrochimique-non-corrosif-500ml-16-9-fl-oz\/#primaryimage"},"thumbnailUrl":"https:\/\/eu-mark.com\/wp-content\/uploads\/2023\/08\/eumark_marking_engraving_electrolyte_fluid_14.jpg","datePublished":"2021-08-27T08:34:38+00:00","description":"M23 Electrolyte pour le marquage \u00e9lectrochimique non corrosif, M23 \u00e9limine le besoin d'\u00e9tapes suppl\u00e9mentaires ou d'agents neutralisants, simplifiant ainsi le marquage. Electrochemical marking etching","breadcrumb":{"@id":"https:\/\/eu-mark.com\/fr\/product\/m23-electrolyte-pour-marquage-electrochimique-non-corrosif-500ml-16-9-fl-oz\/#breadcrumb"},"inLanguage":"fr-FR","potentialAction":[{"@type":"ReadAction","target":["https:\/\/eu-mark.com\/fr\/product\/m23-electrolyte-pour-marquage-electrochimique-non-corrosif-500ml-16-9-fl-oz\/"]}]},{"@type":"ImageObject","inLanguage":"fr-FR","@id":"https:\/\/eu-mark.com\/fr\/product\/m23-electrolyte-pour-marquage-electrochimique-non-corrosif-500ml-16-9-fl-oz\/#primaryimage","url":"https:\/\/eu-mark.com\/wp-content\/uploads\/2023\/08\/eumark_marking_engraving_electrolyte_fluid_14.jpg","contentUrl":"https:\/\/eu-mark.com\/wp-content\/uploads\/2023\/08\/eumark_marking_engraving_electrolyte_fluid_14.jpg","width":1000,"height":1000,"caption":"eumark marking engraving electrolyte fluid M23"},{"@type":"BreadcrumbList","@id":"https:\/\/eu-mark.com\/fr\/product\/m23-electrolyte-pour-marquage-electrochimique-non-corrosif-500ml-16-9-fl-oz\/#breadcrumb","itemListElement":[{"@type":"ListItem","position":1,"name":"Accueil","item":"https:\/\/eu-mark.com\/fr\/accueil\/"},{"@type":"ListItem","position":2,"name":"Boutique","item":"https:\/\/eu-mark.com\/fr\/boutique\/"},{"@type":"ListItem","position":3,"name":"M23 Electrolyte pour marquage \u00e9lectrochimique non corrosif 500ml 16.9 fl. oz."}]},{"@type":"WebSite","@id":"https:\/\/eu-mark.com\/fr\/#website","url":"https:\/\/eu-mark.com\/fr\/","name":"eu-mark.com","description":"Electrochemical marking etching","publisher":{"@id":"https:\/\/eu-mark.com\/fr\/#organization"},"potentialAction":[{"@type":"SearchAction","target":{"@type":"EntryPoint","urlTemplate":"https:\/\/eu-mark.com\/fr\/?s={search_term_string}"},"query-input":{"@type":"PropertyValueSpecification","valueRequired":true,"valueName":"search_term_string"}}],"inLanguage":"fr-FR"},{"@type":"Organization","@id":"https:\/\/eu-mark.com\/fr\/#organization","name":"EUMARK","url":"https:\/\/eu-mark.com\/fr\/","logo":{"@type":"ImageObject","inLanguage":"fr-FR","@id":"https:\/\/eu-mark.com\/fr\/#\/schema\/logo\/image\/","url":"https:\/\/eu-mark.com\/wp-content\/uploads\/2025\/02\/eumark-logo-samo-EU-2018_06_19-10_17_06-UTC.jpg","contentUrl":"https:\/\/eu-mark.com\/wp-content\/uploads\/2025\/02\/eumark-logo-samo-EU-2018_06_19-10_17_06-UTC.jpg","width":264,"height":268,"caption":"EUMARK"},"image":{"@id":"https:\/\/eu-mark.com\/fr\/#\/schema\/logo\/image\/"},"sameAs":["https:\/\/www.facebook.com\/eumark.de\/","https:\/\/www.youtube.com\/channel\/UCehJsM6xcqIQLzp0y9MjYPg","https:\/\/www.linkedin.com\/company\/eumark\/","https:\/\/www.instagram.com\/eumark_de"]}]}},"_links":{"self":[{"href":"https:\/\/eu-mark.com\/fr\/wp-json\/wp\/v2\/product\/6628","targetHints":{"allow":["GET"]}}],"collection":[{"href":"https:\/\/eu-mark.com\/fr\/wp-json\/wp\/v2\/product"}],"about":[{"href":"https:\/\/eu-mark.com\/fr\/wp-json\/wp\/v2\/types\/product"}],"replies":[{"embeddable":true,"href":"https:\/\/eu-mark.com\/fr\/wp-json\/wp\/v2\/comments?post=6628"}],"wp:featuredmedia":[{"embeddable":true,"href":"https:\/\/eu-mark.com\/fr\/wp-json\/wp\/v2\/media\/8019"}],"wp:attachment":[{"href":"https:\/\/eu-mark.com\/fr\/wp-json\/wp\/v2\/media?parent=6628"}],"wp:term":[{"taxonomy":"product_brand","embeddable":true,"href":"https:\/\/eu-mark.com\/fr\/wp-json\/wp\/v2\/product_brand?post=6628"},{"taxonomy":"product_cat","embeddable":true,"href":"https:\/\/eu-mark.com\/fr\/wp-json\/wp\/v2\/product_cat?post=6628"},{"taxonomy":"product_tag","embeddable":true,"href":"https:\/\/eu-mark.com\/fr\/wp-json\/wp\/v2\/product_tag?post=6628"}],"curies":[{"name":"wp","href":"https:\/\/api.w.org\/{rel}","templated":true}]}}