{"id":6629,"date":"2021-04-07T14:03:04","date_gmt":"2021-04-07T14:03:04","guid":{"rendered":"https:\/\/eu-mark.com\/product\/logiciel-easy-label-pour-imprimantes-detiquettes-thermiques-2-3-et-4-de-58-80-et-100-mm-de-large\/"},"modified":"2025-02-09T12:13:29","modified_gmt":"2025-02-09T12:13:29","slug":"logiciel-easy-label-pour-imprimantes-detiquettes-thermiques-2-3-et-4-de-58-80-et-100-mm-de-large","status":"publish","type":"product","link":"https:\/\/eu-mark.com\/fr\/product\/logiciel-easy-label-pour-imprimantes-detiquettes-thermiques-2-3-et-4-de-58-80-et-100-mm-de-large\/","title":{"rendered":"Logiciel Easy Label pour imprimantes d&rsquo;\u00e9tiquettes thermiques 2&Prime;, 3&Prime; et 4&Prime; de 58, 80 et 100 mm de large"},"content":{"rendered":"<p>Logiciel Easy Label pour les imprimantes \u00e0 pochoirs <a href=\"https:\/\/eu-mark.com\/fr\/product\/imprimante-de-pochoirs-eumark-58mm-avec-6-bandes-de-pochoirs-58mmx10meters-long\/\">P58D<\/a> et <a href=\"https:\/\/eu-mark.com\/fr\/product\/imprimante-de-pochoirs-eumark-100mm-ou-4-de-large-avec-une-bande-de-pochoirs-de-108m-ou-355-pieds-de-long\/\">C410<\/a><\/p>\n<p>Optimisez l&rsquo;efficacit\u00e9 de nos imprimantes d&rsquo;\u00e9tiquettes thermiques gr\u00e2ce au logiciel Easy Label, con\u00e7u pour les imprimantes \u00e0 pochoir. Cette solution conviviale comprend un logiciel d&rsquo;\u00e9tiquetage prenant en charge les codes \u00e0 barres, les images et la num\u00e9rotation en s\u00e9rie. Elle est dot\u00e9e d&rsquo;une compatibilit\u00e9 int\u00e9gr\u00e9e avec les p\u00e9riph\u00e9riques USB (Bluetooth, Android et Apple uniquement pour la <a href=\"https:\/\/eu-mark.com\/fr\/product\/imprimante-de-pochoirs-eumark-58mm-avec-6-bandes-de-pochoirs-58mmx10meters-long\/\">P58D<\/a>), ce qui garantit une exp\u00e9rience transparente sur diff\u00e9rentes plateformes.<\/p>\n<div class=\"slider-wrapper relative\" id=\"slider-2078798510\" >\n    <div class=\"slider slider-nav-circle slider-nav-large slider-nav-light slider-style-normal\"\n        data-flickity-options='{\n            \"cellAlign\": \"center\",\n            \"imagesLoaded\": true,\n            \"lazyLoad\": 1,\n            \"freeScroll\": false,\n            \"wrapAround\": true,\n            \"autoPlay\": 6000,\n            \"pauseAutoPlayOnHover\" : true,\n            \"prevNextButtons\": true,\n            \"contain\" : true,\n            \"adaptiveHeight\" : true,\n            \"dragThreshold\" : 10,\n            \"percentPosition\": true,\n            \"pageDots\": true,\n            \"rightToLeft\": false,\n            \"draggable\": true,\n            \"selectedAttraction\": 0.1,\n            \"parallax\" : 0,\n            \"friction\": 0.6        }'\n        >\n        \n\t<div class=\"img has-hover x md-x lg-x y md-y lg-y\" id=\"image_71228884\">\n\t\t\t\t\t\t\t\t<div class=\"img-inner dark\" >\n\t\t\t<img loading=\"lazy\" decoding=\"async\" width=\"1020\" height=\"684\" src=\"https:\/\/eu-mark.com\/wp-content\/uploads\/2021\/04\/Easy-Label-software-for-stencil-printer-P58D-and-CD400-1024x687.png\" class=\"attachment-large size-large\" alt=\"\" srcset=\"https:\/\/eu-mark.com\/wp-content\/uploads\/2021\/04\/Easy-Label-software-for-stencil-printer-P58D-and-CD400-1024x687.png 1024w, https:\/\/eu-mark.com\/wp-content\/uploads\/2021\/04\/Easy-Label-software-for-stencil-printer-P58D-and-CD400-300x201.png 300w, https:\/\/eu-mark.com\/wp-content\/uploads\/2021\/04\/Easy-Label-software-for-stencil-printer-P58D-and-CD400-768x515.png 768w, https:\/\/eu-mark.com\/wp-content\/uploads\/2021\/04\/Easy-Label-software-for-stencil-printer-P58D-and-CD400-1536x1031.png 1536w, https:\/\/eu-mark.com\/wp-content\/uploads\/2021\/04\/Easy-Label-software-for-stencil-printer-P58D-and-CD400-510x342.png 510w, https:\/\/eu-mark.com\/wp-content\/uploads\/2021\/04\/Easy-Label-software-for-stencil-printer-P58D-and-CD400.png 1538w\" sizes=\"auto, (max-width: 1020px) 100vw, 1020px\" \/>\t\t\t\t\t\t\n\t\t\t\t\t<\/div>\n\t\t\t\t\t\t\t\t\n<style>\n#image_71228884 {\n  width: 52%;\n}\n<\/style>\n\t<\/div>\n\t\n\t<div class=\"img has-hover x md-x lg-x y md-y lg-y\" id=\"image_65243844\">\n\t\t\t\t\t\t\t\t<div class=\"img-inner dark\" >\n\t\t\t<img loading=\"lazy\" decoding=\"async\" width=\"1000\" height=\"1000\" src=\"https:\/\/eu-mark.com\/wp-content\/uploads\/2021\/04\/stencil_tape_marking_engraving_template_eumark2.jpg\" class=\"attachment-large size-large\" alt=\"\" srcset=\"https:\/\/eu-mark.com\/wp-content\/uploads\/2021\/04\/stencil_tape_marking_engraving_template_eumark2.jpg 1000w, https:\/\/eu-mark.com\/wp-content\/uploads\/2021\/04\/stencil_tape_marking_engraving_template_eumark2-300x300.jpg 300w, https:\/\/eu-mark.com\/wp-content\/uploads\/2021\/04\/stencil_tape_marking_engraving_template_eumark2-150x150.jpg 150w, https:\/\/eu-mark.com\/wp-content\/uploads\/2021\/04\/stencil_tape_marking_engraving_template_eumark2-768x768.jpg 768w, https:\/\/eu-mark.com\/wp-content\/uploads\/2021\/04\/stencil_tape_marking_engraving_template_eumark2-510x510.jpg 510w, https:\/\/eu-mark.com\/wp-content\/uploads\/2021\/04\/stencil_tape_marking_engraving_template_eumark2-100x100.jpg 100w, https:\/\/eu-mark.com\/wp-content\/uploads\/2021\/04\/stencil_tape_marking_engraving_template_eumark2-60x60.jpg 60w, https:\/\/eu-mark.com\/wp-content\/uploads\/2021\/04\/stencil_tape_marking_engraving_template_eumark2-90x90.jpg 90w\" sizes=\"auto, (max-width: 1000px) 100vw, 1000px\" \/>\t\t\t\t\t\t\n\t\t\t\t\t<\/div>\n\t\t\t\t\t\t\t\t\n<style>\n#image_65243844 {\n  width: 50%;\n}\n<\/style>\n\t<\/div>\n\t\n\t<div class=\"img has-hover x md-x lg-x y md-y lg-y\" id=\"image_997011856\">\n\t\t\t\t\t\t\t\t<div class=\"img-inner dark\" >\n\t\t\t<img loading=\"lazy\" decoding=\"async\" width=\"902\" height=\"1024\" src=\"https:\/\/eu-mark.com\/wp-content\/uploads\/2016\/12\/making_engraving-electrochemical_template02-902x1024.jpg\" class=\"attachment-large size-large\" alt=\"marquage gravure gabarit \u00e9lectrochimique\" srcset=\"https:\/\/eu-mark.com\/wp-content\/uploads\/2016\/12\/making_engraving-electrochemical_template02-902x1024.jpg 902w, https:\/\/eu-mark.com\/wp-content\/uploads\/2016\/12\/making_engraving-electrochemical_template02-264x300.jpg 264w, https:\/\/eu-mark.com\/wp-content\/uploads\/2016\/12\/making_engraving-electrochemical_template02-768x872.jpg 768w, https:\/\/eu-mark.com\/wp-content\/uploads\/2016\/12\/making_engraving-electrochemical_template02-510x579.jpg 510w, https:\/\/eu-mark.com\/wp-content\/uploads\/2016\/12\/making_engraving-electrochemical_template02-e1724747552816.jpg 800w\" sizes=\"auto, (max-width: 902px) 100vw, 902px\" \/>\t\t\t\t\t\t\n\t\t\t\t\t<\/div>\n\t\t\t\t\t\t\t\t\n<style>\n#image_997011856 {\n  width: 50%;\n}\n<\/style>\n\t<\/div>\n\t\n     <\/div>\n\n     <div class=\"loading-spin dark large centered\"><\/div>\n\n\t<\/div>\n\n\n","protected":false},"excerpt":{"rendered":"<p>Exp\u00e9dition GRATUITE dans le monde entier<\/p>\n<p>Logiciel Easy Label pour les imprimantes \u00e0 pochoirs <a href=\"https:\/\/eu-mark.com\/product\/eumark-stencil-printer-58mm-with-stencil-tapes-6-pcs-58mmx10meters-long\/\">P58D<\/a> et <a href=\"https:\/\/eu-mark.com\/product\/stencil-printer-100mm-or-4-wide-with-stencil-tape-108m-or-355-feet-long\/\">C410<\/a><\/p>\n<p>Am\u00e9liorez l&rsquo;efficacit\u00e9 de nos imprimantes d&rsquo;\u00e9tiquettes thermiques en utilisant le logiciel Easy Label, sp\u00e9cialement con\u00e7u pour les imprimantes \u00e0 pochoir. Cette solution conviviale offre un logiciel d&rsquo;\u00e9tiquetage complet prenant en charge les codes-barres, les images et la num\u00e9rotation en s\u00e9rie. Il est enti\u00e8rement compatible avec les appareils USB et Bluetooth (Android et Apple uniquement pour le P58D), ce qui garantit une exp\u00e9rience fluide sur diff\u00e9rentes plateformes.  <\/p>\n","protected":false},"featured_media":6633,"comment_status":"closed","ping_status":"closed","template":"","meta":[],"product_brand":[],"product_cat":[118],"product_tag":[],"class_list":{"0":"post-6629","1":"product","2":"type-product","3":"status-publish","4":"has-post-thumbnail","6":"product_cat-fournitures","8":"first","9":"instock","10":"sale","11":"downloadable","12":"shipping-taxable","13":"purchasable","14":"product-type-simple"},"yoast_head":"<!-- This site is optimized with the Yoast SEO plugin v27.4 - https:\/\/yoast.com\/product\/yoast-seo-wordpress\/ -->\n<title>Logiciel Easy Label pour les imprimantes d&#039;\u00e9tiquettes thermiques<\/title>\n<meta name=\"description\" content=\"Logiciel d&#039;impression Easy Label Stencil. L&#039;ensemble est optimal pour l&#039;utilisation de toutes les imprimantes thermiques d&#039;\u00e9tiquettes pour les imprimantes de pochoirs. Logiciels pour imprimantes d&#039;\u00e9tiquettes thermiques\" \/>\n<meta name=\"robots\" content=\"index, follow, max-snippet:-1, max-image-preview:large, max-video-preview:-1\" \/>\n<link rel=\"canonical\" href=\"https:\/\/eu-mark.com\/fr\/product\/logiciel-easy-label-pour-imprimantes-detiquettes-thermiques-2-3-et-4-de-58-80-et-100-mm-de-large\/\" \/>\n<meta property=\"og:locale\" content=\"fr_FR\" \/>\n<meta property=\"og:type\" content=\"article\" \/>\n<meta property=\"og:title\" content=\"Logiciel Easy Label pour les imprimantes d&#039;\u00e9tiquettes thermiques\" \/>\n<meta property=\"og:description\" content=\"Logiciel d&#039;impression Easy Label Stencil. L&#039;ensemble est optimal pour l&#039;utilisation de toutes les imprimantes thermiques d&#039;\u00e9tiquettes pour les imprimantes de pochoirs. Logiciels pour imprimantes d&#039;\u00e9tiquettes thermiques\" \/>\n<meta property=\"og:url\" content=\"https:\/\/eu-mark.com\/fr\/product\/logiciel-easy-label-pour-imprimantes-detiquettes-thermiques-2-3-et-4-de-58-80-et-100-mm-de-large\/\" \/>\n<meta property=\"og:site_name\" content=\"Electrochemical marking etching\" \/>\n<meta property=\"article:publisher\" content=\"https:\/\/www.facebook.com\/eumark.de\/\" \/>\n<meta property=\"article:modified_time\" content=\"2025-02-09T12:13:29+00:00\" \/>\n<meta property=\"og:image\" content=\"https:\/\/eu-mark.com\/wp-content\/uploads\/2021\/04\/Easy-Label-software-for-stencil-printer-P58D-and-CD400.png\" \/>\n\t<meta property=\"og:image:width\" content=\"1538\" \/>\n\t<meta property=\"og:image:height\" content=\"1032\" \/>\n\t<meta property=\"og:image:type\" content=\"image\/png\" \/>\n<meta name=\"twitter:card\" content=\"summary_large_image\" \/>\n<meta name=\"twitter:label1\" content=\"Dur\u00e9e de lecture estim\u00e9e\" \/>\n\t<meta name=\"twitter:data1\" content=\"1 minute\" \/>\n<script type=\"application\/ld+json\" class=\"yoast-schema-graph\">{\"@context\":\"https:\\\/\\\/schema.org\",\"@graph\":[{\"@type\":\"WebPage\",\"@id\":\"https:\\\/\\\/eu-mark.com\\\/fr\\\/product\\\/logiciel-easy-label-pour-imprimantes-detiquettes-thermiques-2-3-et-4-de-58-80-et-100-mm-de-large\\\/\",\"url\":\"https:\\\/\\\/eu-mark.com\\\/fr\\\/product\\\/logiciel-easy-label-pour-imprimantes-detiquettes-thermiques-2-3-et-4-de-58-80-et-100-mm-de-large\\\/\",\"name\":\"Logiciel Easy Label pour les imprimantes d'\u00e9tiquettes thermiques\",\"isPartOf\":{\"@id\":\"https:\\\/\\\/eu-mark.com\\\/fr\\\/#website\"},\"primaryImageOfPage\":{\"@id\":\"https:\\\/\\\/eu-mark.com\\\/fr\\\/product\\\/logiciel-easy-label-pour-imprimantes-detiquettes-thermiques-2-3-et-4-de-58-80-et-100-mm-de-large\\\/#primaryimage\"},\"image\":{\"@id\":\"https:\\\/\\\/eu-mark.com\\\/fr\\\/product\\\/logiciel-easy-label-pour-imprimantes-detiquettes-thermiques-2-3-et-4-de-58-80-et-100-mm-de-large\\\/#primaryimage\"},\"thumbnailUrl\":\"https:\\\/\\\/eu-mark.com\\\/wp-content\\\/uploads\\\/2021\\\/04\\\/Easy-Label-software-for-stencil-printer-P58D-and-CD400.png\",\"datePublished\":\"2021-04-07T14:03:04+00:00\",\"dateModified\":\"2025-02-09T12:13:29+00:00\",\"description\":\"Logiciel d'impression Easy Label Stencil. L'ensemble est optimal pour l'utilisation de toutes les imprimantes thermiques d'\u00e9tiquettes pour les imprimantes de pochoirs. Logiciels pour imprimantes d'\u00e9tiquettes thermiques\",\"breadcrumb\":{\"@id\":\"https:\\\/\\\/eu-mark.com\\\/fr\\\/product\\\/logiciel-easy-label-pour-imprimantes-detiquettes-thermiques-2-3-et-4-de-58-80-et-100-mm-de-large\\\/#breadcrumb\"},\"inLanguage\":\"fr-FR\",\"potentialAction\":[{\"@type\":\"ReadAction\",\"target\":[\"https:\\\/\\\/eu-mark.com\\\/fr\\\/product\\\/logiciel-easy-label-pour-imprimantes-detiquettes-thermiques-2-3-et-4-de-58-80-et-100-mm-de-large\\\/\"]}]},{\"@type\":\"ImageObject\",\"inLanguage\":\"fr-FR\",\"@id\":\"https:\\\/\\\/eu-mark.com\\\/fr\\\/product\\\/logiciel-easy-label-pour-imprimantes-detiquettes-thermiques-2-3-et-4-de-58-80-et-100-mm-de-large\\\/#primaryimage\",\"url\":\"https:\\\/\\\/eu-mark.com\\\/wp-content\\\/uploads\\\/2021\\\/04\\\/Easy-Label-software-for-stencil-printer-P58D-and-CD400.png\",\"contentUrl\":\"https:\\\/\\\/eu-mark.com\\\/wp-content\\\/uploads\\\/2021\\\/04\\\/Easy-Label-software-for-stencil-printer-P58D-and-CD400.png\",\"width\":1538,\"height\":1032},{\"@type\":\"BreadcrumbList\",\"@id\":\"https:\\\/\\\/eu-mark.com\\\/fr\\\/product\\\/logiciel-easy-label-pour-imprimantes-detiquettes-thermiques-2-3-et-4-de-58-80-et-100-mm-de-large\\\/#breadcrumb\",\"itemListElement\":[{\"@type\":\"ListItem\",\"position\":1,\"name\":\"Accueil\",\"item\":\"https:\\\/\\\/eu-mark.com\\\/fr\\\/accueil\\\/\"},{\"@type\":\"ListItem\",\"position\":2,\"name\":\"Boutique\",\"item\":\"https:\\\/\\\/eu-mark.com\\\/fr\\\/boutique\\\/\"},{\"@type\":\"ListItem\",\"position\":3,\"name\":\"Logiciel Easy Label pour imprimantes d&rsquo;\u00e9tiquettes thermiques 2&Prime;, 3&Prime; et 4&Prime; de 58, 80 et 100 mm de large\"}]},{\"@type\":\"WebSite\",\"@id\":\"https:\\\/\\\/eu-mark.com\\\/fr\\\/#website\",\"url\":\"https:\\\/\\\/eu-mark.com\\\/fr\\\/\",\"name\":\"eu-mark.com\",\"description\":\"Electrochemical marking etching\",\"publisher\":{\"@id\":\"https:\\\/\\\/eu-mark.com\\\/fr\\\/#organization\"},\"potentialAction\":[{\"@type\":\"SearchAction\",\"target\":{\"@type\":\"EntryPoint\",\"urlTemplate\":\"https:\\\/\\\/eu-mark.com\\\/fr\\\/?s={search_term_string}\"},\"query-input\":{\"@type\":\"PropertyValueSpecification\",\"valueRequired\":true,\"valueName\":\"search_term_string\"}}],\"inLanguage\":\"fr-FR\"},{\"@type\":\"Organization\",\"@id\":\"https:\\\/\\\/eu-mark.com\\\/fr\\\/#organization\",\"name\":\"EUMARK\",\"url\":\"https:\\\/\\\/eu-mark.com\\\/fr\\\/\",\"logo\":{\"@type\":\"ImageObject\",\"inLanguage\":\"fr-FR\",\"@id\":\"https:\\\/\\\/eu-mark.com\\\/fr\\\/#\\\/schema\\\/logo\\\/image\\\/\",\"url\":\"https:\\\/\\\/eu-mark.com\\\/wp-content\\\/uploads\\\/2025\\\/02\\\/eumark-logo-samo-EU-2018_06_19-10_17_06-UTC.jpg\",\"contentUrl\":\"https:\\\/\\\/eu-mark.com\\\/wp-content\\\/uploads\\\/2025\\\/02\\\/eumark-logo-samo-EU-2018_06_19-10_17_06-UTC.jpg\",\"width\":264,\"height\":268,\"caption\":\"EUMARK\"},\"image\":{\"@id\":\"https:\\\/\\\/eu-mark.com\\\/fr\\\/#\\\/schema\\\/logo\\\/image\\\/\"},\"sameAs\":[\"https:\\\/\\\/www.facebook.com\\\/eumark.de\\\/\",\"https:\\\/\\\/www.youtube.com\\\/channel\\\/UCehJsM6xcqIQLzp0y9MjYPg\",\"https:\\\/\\\/www.linkedin.com\\\/company\\\/eumark\\\/\",\"https:\\\/\\\/www.instagram.com\\\/eumark_de\"]}]}<\/script>\n<!-- \/ Yoast SEO plugin. -->","yoast_head_json":{"title":"Logiciel Easy Label pour les imprimantes d'\u00e9tiquettes thermiques","description":"Logiciel d'impression Easy Label Stencil. L'ensemble est optimal pour l'utilisation de toutes les imprimantes thermiques d'\u00e9tiquettes pour les imprimantes de pochoirs. Logiciels pour imprimantes d'\u00e9tiquettes thermiques","robots":{"index":"index","follow":"follow","max-snippet":"max-snippet:-1","max-image-preview":"max-image-preview:large","max-video-preview":"max-video-preview:-1"},"canonical":"https:\/\/eu-mark.com\/fr\/product\/logiciel-easy-label-pour-imprimantes-detiquettes-thermiques-2-3-et-4-de-58-80-et-100-mm-de-large\/","og_locale":"fr_FR","og_type":"article","og_title":"Logiciel Easy Label pour les imprimantes d'\u00e9tiquettes thermiques","og_description":"Logiciel d'impression Easy Label Stencil. L'ensemble est optimal pour l'utilisation de toutes les imprimantes thermiques d'\u00e9tiquettes pour les imprimantes de pochoirs. Logiciels pour imprimantes d'\u00e9tiquettes thermiques","og_url":"https:\/\/eu-mark.com\/fr\/product\/logiciel-easy-label-pour-imprimantes-detiquettes-thermiques-2-3-et-4-de-58-80-et-100-mm-de-large\/","og_site_name":"Electrochemical marking etching","article_publisher":"https:\/\/www.facebook.com\/eumark.de\/","article_modified_time":"2025-02-09T12:13:29+00:00","og_image":[{"width":1538,"height":1032,"url":"https:\/\/eu-mark.com\/wp-content\/uploads\/2021\/04\/Easy-Label-software-for-stencil-printer-P58D-and-CD400.png","type":"image\/png"}],"twitter_card":"summary_large_image","twitter_misc":{"Dur\u00e9e de lecture estim\u00e9e":"1 minute"},"schema":{"@context":"https:\/\/schema.org","@graph":[{"@type":"WebPage","@id":"https:\/\/eu-mark.com\/fr\/product\/logiciel-easy-label-pour-imprimantes-detiquettes-thermiques-2-3-et-4-de-58-80-et-100-mm-de-large\/","url":"https:\/\/eu-mark.com\/fr\/product\/logiciel-easy-label-pour-imprimantes-detiquettes-thermiques-2-3-et-4-de-58-80-et-100-mm-de-large\/","name":"Logiciel Easy Label pour les imprimantes d'\u00e9tiquettes thermiques","isPartOf":{"@id":"https:\/\/eu-mark.com\/fr\/#website"},"primaryImageOfPage":{"@id":"https:\/\/eu-mark.com\/fr\/product\/logiciel-easy-label-pour-imprimantes-detiquettes-thermiques-2-3-et-4-de-58-80-et-100-mm-de-large\/#primaryimage"},"image":{"@id":"https:\/\/eu-mark.com\/fr\/product\/logiciel-easy-label-pour-imprimantes-detiquettes-thermiques-2-3-et-4-de-58-80-et-100-mm-de-large\/#primaryimage"},"thumbnailUrl":"https:\/\/eu-mark.com\/wp-content\/uploads\/2021\/04\/Easy-Label-software-for-stencil-printer-P58D-and-CD400.png","datePublished":"2021-04-07T14:03:04+00:00","dateModified":"2025-02-09T12:13:29+00:00","description":"Logiciel d'impression Easy Label Stencil. L'ensemble est optimal pour l'utilisation de toutes les imprimantes thermiques d'\u00e9tiquettes pour les imprimantes de pochoirs. Logiciels pour imprimantes d'\u00e9tiquettes thermiques","breadcrumb":{"@id":"https:\/\/eu-mark.com\/fr\/product\/logiciel-easy-label-pour-imprimantes-detiquettes-thermiques-2-3-et-4-de-58-80-et-100-mm-de-large\/#breadcrumb"},"inLanguage":"fr-FR","potentialAction":[{"@type":"ReadAction","target":["https:\/\/eu-mark.com\/fr\/product\/logiciel-easy-label-pour-imprimantes-detiquettes-thermiques-2-3-et-4-de-58-80-et-100-mm-de-large\/"]}]},{"@type":"ImageObject","inLanguage":"fr-FR","@id":"https:\/\/eu-mark.com\/fr\/product\/logiciel-easy-label-pour-imprimantes-detiquettes-thermiques-2-3-et-4-de-58-80-et-100-mm-de-large\/#primaryimage","url":"https:\/\/eu-mark.com\/wp-content\/uploads\/2021\/04\/Easy-Label-software-for-stencil-printer-P58D-and-CD400.png","contentUrl":"https:\/\/eu-mark.com\/wp-content\/uploads\/2021\/04\/Easy-Label-software-for-stencil-printer-P58D-and-CD400.png","width":1538,"height":1032},{"@type":"BreadcrumbList","@id":"https:\/\/eu-mark.com\/fr\/product\/logiciel-easy-label-pour-imprimantes-detiquettes-thermiques-2-3-et-4-de-58-80-et-100-mm-de-large\/#breadcrumb","itemListElement":[{"@type":"ListItem","position":1,"name":"Accueil","item":"https:\/\/eu-mark.com\/fr\/accueil\/"},{"@type":"ListItem","position":2,"name":"Boutique","item":"https:\/\/eu-mark.com\/fr\/boutique\/"},{"@type":"ListItem","position":3,"name":"Logiciel Easy Label pour imprimantes d&rsquo;\u00e9tiquettes thermiques 2&Prime;, 3&Prime; et 4&Prime; de 58, 80 et 100 mm de large"}]},{"@type":"WebSite","@id":"https:\/\/eu-mark.com\/fr\/#website","url":"https:\/\/eu-mark.com\/fr\/","name":"eu-mark.com","description":"Electrochemical marking etching","publisher":{"@id":"https:\/\/eu-mark.com\/fr\/#organization"},"potentialAction":[{"@type":"SearchAction","target":{"@type":"EntryPoint","urlTemplate":"https:\/\/eu-mark.com\/fr\/?s={search_term_string}"},"query-input":{"@type":"PropertyValueSpecification","valueRequired":true,"valueName":"search_term_string"}}],"inLanguage":"fr-FR"},{"@type":"Organization","@id":"https:\/\/eu-mark.com\/fr\/#organization","name":"EUMARK","url":"https:\/\/eu-mark.com\/fr\/","logo":{"@type":"ImageObject","inLanguage":"fr-FR","@id":"https:\/\/eu-mark.com\/fr\/#\/schema\/logo\/image\/","url":"https:\/\/eu-mark.com\/wp-content\/uploads\/2025\/02\/eumark-logo-samo-EU-2018_06_19-10_17_06-UTC.jpg","contentUrl":"https:\/\/eu-mark.com\/wp-content\/uploads\/2025\/02\/eumark-logo-samo-EU-2018_06_19-10_17_06-UTC.jpg","width":264,"height":268,"caption":"EUMARK"},"image":{"@id":"https:\/\/eu-mark.com\/fr\/#\/schema\/logo\/image\/"},"sameAs":["https:\/\/www.facebook.com\/eumark.de\/","https:\/\/www.youtube.com\/channel\/UCehJsM6xcqIQLzp0y9MjYPg","https:\/\/www.linkedin.com\/company\/eumark\/","https:\/\/www.instagram.com\/eumark_de"]}]}},"_links":{"self":[{"href":"https:\/\/eu-mark.com\/fr\/wp-json\/wp\/v2\/product\/6629","targetHints":{"allow":["GET"]}}],"collection":[{"href":"https:\/\/eu-mark.com\/fr\/wp-json\/wp\/v2\/product"}],"about":[{"href":"https:\/\/eu-mark.com\/fr\/wp-json\/wp\/v2\/types\/product"}],"replies":[{"embeddable":true,"href":"https:\/\/eu-mark.com\/fr\/wp-json\/wp\/v2\/comments?post=6629"}],"wp:featuredmedia":[{"embeddable":true,"href":"https:\/\/eu-mark.com\/fr\/wp-json\/wp\/v2\/media\/6633"}],"wp:attachment":[{"href":"https:\/\/eu-mark.com\/fr\/wp-json\/wp\/v2\/media?parent=6629"}],"wp:term":[{"taxonomy":"product_brand","embeddable":true,"href":"https:\/\/eu-mark.com\/fr\/wp-json\/wp\/v2\/product_brand?post=6629"},{"taxonomy":"product_cat","embeddable":true,"href":"https:\/\/eu-mark.com\/fr\/wp-json\/wp\/v2\/product_cat?post=6629"},{"taxonomy":"product_tag","embeddable":true,"href":"https:\/\/eu-mark.com\/fr\/wp-json\/wp\/v2\/product_tag?post=6629"}],"curies":[{"name":"wp","href":"https:\/\/api.w.org\/{rel}","templated":true}]}}