{"id":6636,"date":"2021-03-31T07:32:06","date_gmt":"2021-03-31T07:32:06","guid":{"rendered":"https:\/\/eu-mark.com\/product\/ruban-de-marquage-6-pcs-pour-marquage-electrochimique-ruban-de-marquage-rapide-58-mm-ou-2-10m-de-long\/"},"modified":"2021-03-31T07:32:06","modified_gmt":"2021-03-31T07:32:06","slug":"ruban-de-marquage-6-pcs-pour-marquage-electrochimique-ruban-de-marquage-rapide-58-mm-ou-2-10m-de-long","status":"publish","type":"product","link":"https:\/\/eu-mark.com\/fr\/product\/ruban-de-marquage-6-pcs-pour-marquage-electrochimique-ruban-de-marquage-rapide-58-mm-ou-2-10m-de-long\/","title":{"rendered":"Ruban de marquage 6 pcs pour marquage \u00e9lectrochimique ruban de marquage rapide 58 mm ou 2&Prime; 10m de long"},"content":{"rendered":"<p style=\"margin: 0in; font-family: 'Times New Roman'; font-size: 12.0pt; color: black;\">Remplacement pour CASIO XR-24 ST STAMP TAPE 24mm.<\/p>\n<p style=\"margin: 0in; font-family: arial; font-size: 10.0pt; color: black;\">6 pcs Stamp tape for electrochemical marking short and quick stencil tape 58 mm or 2&Prime; 10m long<\/p>\n<p style=\"margin: 0in; font-family: arial; font-size: 10.0pt; color: black;\">Casio a arr\u00eat\u00e9 la production de cette bande de timbres, voici une solution de remplacement compl\u00e8te. Vous avez besoin d&rsquo;une imprimante d&rsquo;\u00e9tiquettes 58mm ou 2&Prime; 10m de long, 400 inch !!! <\/p>\n<p><strong>Exp\u00e9dition GRATUITE dans le monde entier<\/strong><\/p>\n<p><a href=\"https:\/\/eu-mark.com\/advantages-of-electrochemical-marking-engraving\/\">Enfin, nous avons une solution pour r\u00e9aliser des pochoirs rapides, faciles et tr\u00e8s abordables \u00e0 la maison ou en atelier.<\/a><\/p>\n<p>Vous avez besoin d&rsquo;une imprimante et d&rsquo;un ruban adh\u00e9sif pour le marquage (le marquage \u00e9lectrochimique est une gravure \u00e9lectrochimique de la surface d&rsquo;un m\u00e9tal).<\/p>\n<p><a href=\"https:\/\/eumark.biz\/en-us\/blogs\/news\/achieving-remarkable-marks-with-eumark-electrolytes-unleashing-the-power-of-excellence\">Lorsque vous utilisez notre imprimante \u00e0 pochoirs avec des bandes de pochoirs, il ne vous faut que quelques minutes pour r\u00e9aliser votre propre pochoir et votre marquage rapide.<\/a><\/p>\n","protected":false},"excerpt":{"rendered":"<p>Livraison GRATUITE dans le monde entier carte de d\u00e9bit ou de cr\u00e9dit proc\u00e9dez avec PayPal \u00e0 la caisse Vous n&rsquo;avez pas besoin d&rsquo;avoir un compte PayPal<\/p>\n<p style=\"margin: 0in; font-family: 'Times New Roman'; font-size: 12.0pt; color: black;\">Remplacement pour CASIO XR-24 ST STAMP TAPE 24mm.<\/p>\n<p style=\"margin: 0in; font-family: arial; font-size: 10.0pt; color: black;\">6 pcs Stamp tape for electrochemical marking short and quick stencil tape 58 mm or 2&Prime;, 10m long, 400 inch !!!<\/p>\n<p style=\"margin: 0in; font-family: arial; font-size: 10.0pt; color: black;\">Casio a cess\u00e9 de produire cette bande de timbres, voici une solution de remplacement compl\u00e8te. Vous avez besoin d&rsquo;une imprimante d&rsquo;\u00e9tiquettes 58mm ou 2&Prime; <\/p>\n","protected":false},"featured_media":6624,"comment_status":"open","ping_status":"closed","template":"","meta":[],"product_brand":[],"product_cat":[114],"product_tag":[],"class_list":{"0":"post-6636","1":"product","2":"type-product","3":"status-publish","4":"has-post-thumbnail","6":"product_cat-gravure-electrochimique","7":"product_shipping_class-mxxx-fr","9":"first","10":"instock","11":"shipping-taxable","12":"purchasable","13":"product-type-simple"},"yoast_head":"<!-- This site is optimized with the Yoast SEO plugin v27.4 - https:\/\/yoast.com\/product\/yoast-seo-wordpress\/ -->\n<title>Ruban de marquage 6 pcs pour marquage \u00e9lectrochimique pochoir rapide<\/title>\n<meta name=\"description\" content=\"Nous avons enfin une solution pour r\u00e9aliser des pochoirs rapides, faciles et tr\u00e8s abordables \u00e0 la maison ou \u00e0 l&#039;atelier.\" \/>\n<meta name=\"robots\" content=\"index, follow, max-snippet:-1, max-image-preview:large, max-video-preview:-1\" \/>\n<link rel=\"canonical\" href=\"https:\/\/eu-mark.com\/fr\/product\/ruban-de-marquage-6-pcs-pour-marquage-electrochimique-ruban-de-marquage-rapide-58-mm-ou-2-10m-de-long\/\" \/>\n<meta property=\"og:locale\" content=\"fr_FR\" \/>\n<meta property=\"og:type\" content=\"article\" \/>\n<meta property=\"og:title\" content=\"Ruban de marquage 6 pcs pour marquage \u00e9lectrochimique pochoir rapide\" \/>\n<meta property=\"og:description\" content=\"Nous avons enfin une solution pour r\u00e9aliser des pochoirs rapides, faciles et tr\u00e8s abordables \u00e0 la maison ou \u00e0 l&#039;atelier.\" \/>\n<meta property=\"og:url\" content=\"https:\/\/eu-mark.com\/fr\/product\/ruban-de-marquage-6-pcs-pour-marquage-electrochimique-ruban-de-marquage-rapide-58-mm-ou-2-10m-de-long\/\" \/>\n<meta property=\"og:site_name\" content=\"Electrochemical marking etching\" \/>\n<meta property=\"article:publisher\" content=\"https:\/\/www.facebook.com\/eumark.de\/\" \/>\n<meta property=\"og:image\" content=\"https:\/\/eu-mark.com\/wp-content\/uploads\/2021\/04\/stencil_tape_2inch_eumark_02.jpg\" \/>\n\t<meta property=\"og:image:width\" content=\"1000\" \/>\n\t<meta property=\"og:image:height\" content=\"667\" \/>\n\t<meta property=\"og:image:type\" content=\"image\/jpeg\" \/>\n<meta name=\"twitter:card\" content=\"summary_large_image\" \/>\n<meta name=\"twitter:label1\" content=\"Dur\u00e9e de lecture estim\u00e9e\" \/>\n\t<meta name=\"twitter:data1\" content=\"1 minute\" \/>\n<script type=\"application\/ld+json\" class=\"yoast-schema-graph\">{\"@context\":\"https:\\\/\\\/schema.org\",\"@graph\":[{\"@type\":\"WebPage\",\"@id\":\"https:\\\/\\\/eu-mark.com\\\/fr\\\/product\\\/ruban-de-marquage-6-pcs-pour-marquage-electrochimique-ruban-de-marquage-rapide-58-mm-ou-2-10m-de-long\\\/\",\"url\":\"https:\\\/\\\/eu-mark.com\\\/fr\\\/product\\\/ruban-de-marquage-6-pcs-pour-marquage-electrochimique-ruban-de-marquage-rapide-58-mm-ou-2-10m-de-long\\\/\",\"name\":\"Ruban de marquage 6 pcs pour marquage \u00e9lectrochimique pochoir rapide\",\"isPartOf\":{\"@id\":\"https:\\\/\\\/eu-mark.com\\\/fr\\\/#website\"},\"primaryImageOfPage\":{\"@id\":\"https:\\\/\\\/eu-mark.com\\\/fr\\\/product\\\/ruban-de-marquage-6-pcs-pour-marquage-electrochimique-ruban-de-marquage-rapide-58-mm-ou-2-10m-de-long\\\/#primaryimage\"},\"image\":{\"@id\":\"https:\\\/\\\/eu-mark.com\\\/fr\\\/product\\\/ruban-de-marquage-6-pcs-pour-marquage-electrochimique-ruban-de-marquage-rapide-58-mm-ou-2-10m-de-long\\\/#primaryimage\"},\"thumbnailUrl\":\"https:\\\/\\\/eu-mark.com\\\/wp-content\\\/uploads\\\/2021\\\/04\\\/stencil_tape_2inch_eumark_02.jpg\",\"datePublished\":\"2021-03-31T07:32:06+00:00\",\"description\":\"Nous avons enfin une solution pour r\u00e9aliser des pochoirs rapides, faciles et tr\u00e8s abordables \u00e0 la maison ou \u00e0 l'atelier.\",\"breadcrumb\":{\"@id\":\"https:\\\/\\\/eu-mark.com\\\/fr\\\/product\\\/ruban-de-marquage-6-pcs-pour-marquage-electrochimique-ruban-de-marquage-rapide-58-mm-ou-2-10m-de-long\\\/#breadcrumb\"},\"inLanguage\":\"fr-FR\",\"potentialAction\":[{\"@type\":\"ReadAction\",\"target\":[\"https:\\\/\\\/eu-mark.com\\\/fr\\\/product\\\/ruban-de-marquage-6-pcs-pour-marquage-electrochimique-ruban-de-marquage-rapide-58-mm-ou-2-10m-de-long\\\/\"]}]},{\"@type\":\"ImageObject\",\"inLanguage\":\"fr-FR\",\"@id\":\"https:\\\/\\\/eu-mark.com\\\/fr\\\/product\\\/ruban-de-marquage-6-pcs-pour-marquage-electrochimique-ruban-de-marquage-rapide-58-mm-ou-2-10m-de-long\\\/#primaryimage\",\"url\":\"https:\\\/\\\/eu-mark.com\\\/wp-content\\\/uploads\\\/2021\\\/04\\\/stencil_tape_2inch_eumark_02.jpg\",\"contentUrl\":\"https:\\\/\\\/eu-mark.com\\\/wp-content\\\/uploads\\\/2021\\\/04\\\/stencil_tape_2inch_eumark_02.jpg\",\"width\":1000,\"height\":667},{\"@type\":\"BreadcrumbList\",\"@id\":\"https:\\\/\\\/eu-mark.com\\\/fr\\\/product\\\/ruban-de-marquage-6-pcs-pour-marquage-electrochimique-ruban-de-marquage-rapide-58-mm-ou-2-10m-de-long\\\/#breadcrumb\",\"itemListElement\":[{\"@type\":\"ListItem\",\"position\":1,\"name\":\"Accueil\",\"item\":\"https:\\\/\\\/eu-mark.com\\\/fr\\\/accueil\\\/\"},{\"@type\":\"ListItem\",\"position\":2,\"name\":\"Boutique\",\"item\":\"https:\\\/\\\/eu-mark.com\\\/fr\\\/boutique\\\/\"},{\"@type\":\"ListItem\",\"position\":3,\"name\":\"Ruban de marquage 6 pcs pour marquage \u00e9lectrochimique ruban de marquage rapide 58 mm ou 2&Prime; 10m de long\"}]},{\"@type\":\"WebSite\",\"@id\":\"https:\\\/\\\/eu-mark.com\\\/fr\\\/#website\",\"url\":\"https:\\\/\\\/eu-mark.com\\\/fr\\\/\",\"name\":\"eu-mark.com\",\"description\":\"Electrochemical marking etching\",\"publisher\":{\"@id\":\"https:\\\/\\\/eu-mark.com\\\/fr\\\/#organization\"},\"potentialAction\":[{\"@type\":\"SearchAction\",\"target\":{\"@type\":\"EntryPoint\",\"urlTemplate\":\"https:\\\/\\\/eu-mark.com\\\/fr\\\/?s={search_term_string}\"},\"query-input\":{\"@type\":\"PropertyValueSpecification\",\"valueRequired\":true,\"valueName\":\"search_term_string\"}}],\"inLanguage\":\"fr-FR\"},{\"@type\":\"Organization\",\"@id\":\"https:\\\/\\\/eu-mark.com\\\/fr\\\/#organization\",\"name\":\"EUMARK\",\"url\":\"https:\\\/\\\/eu-mark.com\\\/fr\\\/\",\"logo\":{\"@type\":\"ImageObject\",\"inLanguage\":\"fr-FR\",\"@id\":\"https:\\\/\\\/eu-mark.com\\\/fr\\\/#\\\/schema\\\/logo\\\/image\\\/\",\"url\":\"https:\\\/\\\/eu-mark.com\\\/wp-content\\\/uploads\\\/2025\\\/02\\\/eumark-logo-samo-EU-2018_06_19-10_17_06-UTC.jpg\",\"contentUrl\":\"https:\\\/\\\/eu-mark.com\\\/wp-content\\\/uploads\\\/2025\\\/02\\\/eumark-logo-samo-EU-2018_06_19-10_17_06-UTC.jpg\",\"width\":264,\"height\":268,\"caption\":\"EUMARK\"},\"image\":{\"@id\":\"https:\\\/\\\/eu-mark.com\\\/fr\\\/#\\\/schema\\\/logo\\\/image\\\/\"},\"sameAs\":[\"https:\\\/\\\/www.facebook.com\\\/eumark.de\\\/\",\"https:\\\/\\\/www.youtube.com\\\/channel\\\/UCehJsM6xcqIQLzp0y9MjYPg\",\"https:\\\/\\\/www.linkedin.com\\\/company\\\/eumark\\\/\",\"https:\\\/\\\/www.instagram.com\\\/eumark_de\"]}]}<\/script>\n<!-- \/ Yoast SEO plugin. -->","yoast_head_json":{"title":"Ruban de marquage 6 pcs pour marquage \u00e9lectrochimique pochoir rapide","description":"Nous avons enfin une solution pour r\u00e9aliser des pochoirs rapides, faciles et tr\u00e8s abordables \u00e0 la maison ou \u00e0 l'atelier.","robots":{"index":"index","follow":"follow","max-snippet":"max-snippet:-1","max-image-preview":"max-image-preview:large","max-video-preview":"max-video-preview:-1"},"canonical":"https:\/\/eu-mark.com\/fr\/product\/ruban-de-marquage-6-pcs-pour-marquage-electrochimique-ruban-de-marquage-rapide-58-mm-ou-2-10m-de-long\/","og_locale":"fr_FR","og_type":"article","og_title":"Ruban de marquage 6 pcs pour marquage \u00e9lectrochimique pochoir rapide","og_description":"Nous avons enfin une solution pour r\u00e9aliser des pochoirs rapides, faciles et tr\u00e8s abordables \u00e0 la maison ou \u00e0 l'atelier.","og_url":"https:\/\/eu-mark.com\/fr\/product\/ruban-de-marquage-6-pcs-pour-marquage-electrochimique-ruban-de-marquage-rapide-58-mm-ou-2-10m-de-long\/","og_site_name":"Electrochemical marking etching","article_publisher":"https:\/\/www.facebook.com\/eumark.de\/","og_image":[{"width":1000,"height":667,"url":"https:\/\/eu-mark.com\/wp-content\/uploads\/2021\/04\/stencil_tape_2inch_eumark_02.jpg","type":"image\/jpeg"}],"twitter_card":"summary_large_image","twitter_misc":{"Dur\u00e9e de lecture estim\u00e9e":"1 minute"},"schema":{"@context":"https:\/\/schema.org","@graph":[{"@type":"WebPage","@id":"https:\/\/eu-mark.com\/fr\/product\/ruban-de-marquage-6-pcs-pour-marquage-electrochimique-ruban-de-marquage-rapide-58-mm-ou-2-10m-de-long\/","url":"https:\/\/eu-mark.com\/fr\/product\/ruban-de-marquage-6-pcs-pour-marquage-electrochimique-ruban-de-marquage-rapide-58-mm-ou-2-10m-de-long\/","name":"Ruban de marquage 6 pcs pour marquage \u00e9lectrochimique pochoir rapide","isPartOf":{"@id":"https:\/\/eu-mark.com\/fr\/#website"},"primaryImageOfPage":{"@id":"https:\/\/eu-mark.com\/fr\/product\/ruban-de-marquage-6-pcs-pour-marquage-electrochimique-ruban-de-marquage-rapide-58-mm-ou-2-10m-de-long\/#primaryimage"},"image":{"@id":"https:\/\/eu-mark.com\/fr\/product\/ruban-de-marquage-6-pcs-pour-marquage-electrochimique-ruban-de-marquage-rapide-58-mm-ou-2-10m-de-long\/#primaryimage"},"thumbnailUrl":"https:\/\/eu-mark.com\/wp-content\/uploads\/2021\/04\/stencil_tape_2inch_eumark_02.jpg","datePublished":"2021-03-31T07:32:06+00:00","description":"Nous avons enfin une solution pour r\u00e9aliser des pochoirs rapides, faciles et tr\u00e8s abordables \u00e0 la maison ou \u00e0 l'atelier.","breadcrumb":{"@id":"https:\/\/eu-mark.com\/fr\/product\/ruban-de-marquage-6-pcs-pour-marquage-electrochimique-ruban-de-marquage-rapide-58-mm-ou-2-10m-de-long\/#breadcrumb"},"inLanguage":"fr-FR","potentialAction":[{"@type":"ReadAction","target":["https:\/\/eu-mark.com\/fr\/product\/ruban-de-marquage-6-pcs-pour-marquage-electrochimique-ruban-de-marquage-rapide-58-mm-ou-2-10m-de-long\/"]}]},{"@type":"ImageObject","inLanguage":"fr-FR","@id":"https:\/\/eu-mark.com\/fr\/product\/ruban-de-marquage-6-pcs-pour-marquage-electrochimique-ruban-de-marquage-rapide-58-mm-ou-2-10m-de-long\/#primaryimage","url":"https:\/\/eu-mark.com\/wp-content\/uploads\/2021\/04\/stencil_tape_2inch_eumark_02.jpg","contentUrl":"https:\/\/eu-mark.com\/wp-content\/uploads\/2021\/04\/stencil_tape_2inch_eumark_02.jpg","width":1000,"height":667},{"@type":"BreadcrumbList","@id":"https:\/\/eu-mark.com\/fr\/product\/ruban-de-marquage-6-pcs-pour-marquage-electrochimique-ruban-de-marquage-rapide-58-mm-ou-2-10m-de-long\/#breadcrumb","itemListElement":[{"@type":"ListItem","position":1,"name":"Accueil","item":"https:\/\/eu-mark.com\/fr\/accueil\/"},{"@type":"ListItem","position":2,"name":"Boutique","item":"https:\/\/eu-mark.com\/fr\/boutique\/"},{"@type":"ListItem","position":3,"name":"Ruban de marquage 6 pcs pour marquage \u00e9lectrochimique ruban de marquage rapide 58 mm ou 2&Prime; 10m de long"}]},{"@type":"WebSite","@id":"https:\/\/eu-mark.com\/fr\/#website","url":"https:\/\/eu-mark.com\/fr\/","name":"eu-mark.com","description":"Electrochemical marking etching","publisher":{"@id":"https:\/\/eu-mark.com\/fr\/#organization"},"potentialAction":[{"@type":"SearchAction","target":{"@type":"EntryPoint","urlTemplate":"https:\/\/eu-mark.com\/fr\/?s={search_term_string}"},"query-input":{"@type":"PropertyValueSpecification","valueRequired":true,"valueName":"search_term_string"}}],"inLanguage":"fr-FR"},{"@type":"Organization","@id":"https:\/\/eu-mark.com\/fr\/#organization","name":"EUMARK","url":"https:\/\/eu-mark.com\/fr\/","logo":{"@type":"ImageObject","inLanguage":"fr-FR","@id":"https:\/\/eu-mark.com\/fr\/#\/schema\/logo\/image\/","url":"https:\/\/eu-mark.com\/wp-content\/uploads\/2025\/02\/eumark-logo-samo-EU-2018_06_19-10_17_06-UTC.jpg","contentUrl":"https:\/\/eu-mark.com\/wp-content\/uploads\/2025\/02\/eumark-logo-samo-EU-2018_06_19-10_17_06-UTC.jpg","width":264,"height":268,"caption":"EUMARK"},"image":{"@id":"https:\/\/eu-mark.com\/fr\/#\/schema\/logo\/image\/"},"sameAs":["https:\/\/www.facebook.com\/eumark.de\/","https:\/\/www.youtube.com\/channel\/UCehJsM6xcqIQLzp0y9MjYPg","https:\/\/www.linkedin.com\/company\/eumark\/","https:\/\/www.instagram.com\/eumark_de"]}]}},"_links":{"self":[{"href":"https:\/\/eu-mark.com\/fr\/wp-json\/wp\/v2\/product\/6636","targetHints":{"allow":["GET"]}}],"collection":[{"href":"https:\/\/eu-mark.com\/fr\/wp-json\/wp\/v2\/product"}],"about":[{"href":"https:\/\/eu-mark.com\/fr\/wp-json\/wp\/v2\/types\/product"}],"replies":[{"embeddable":true,"href":"https:\/\/eu-mark.com\/fr\/wp-json\/wp\/v2\/comments?post=6636"}],"wp:featuredmedia":[{"embeddable":true,"href":"https:\/\/eu-mark.com\/fr\/wp-json\/wp\/v2\/media\/6624"}],"wp:attachment":[{"href":"https:\/\/eu-mark.com\/fr\/wp-json\/wp\/v2\/media?parent=6636"}],"wp:term":[{"taxonomy":"product_brand","embeddable":true,"href":"https:\/\/eu-mark.com\/fr\/wp-json\/wp\/v2\/product_brand?post=6636"},{"taxonomy":"product_cat","embeddable":true,"href":"https:\/\/eu-mark.com\/fr\/wp-json\/wp\/v2\/product_cat?post=6636"},{"taxonomy":"product_tag","embeddable":true,"href":"https:\/\/eu-mark.com\/fr\/wp-json\/wp\/v2\/product_tag?post=6636"}],"curies":[{"name":"wp","href":"https:\/\/api.w.org\/{rel}","templated":true}]}}