{"id":6660,"date":"2021-03-25T11:39:13","date_gmt":"2021-03-25T11:39:13","guid":{"rendered":"https:\/\/eu-mark.com\/product\/imprimante-de-pochoirs-eumark-58mm-avec-6-bandes-de-pochoirs-58mmx10meters-long\/"},"modified":"2021-03-25T11:39:13","modified_gmt":"2021-03-25T11:39:13","slug":"imprimante-de-pochoirs-eumark-58mm-avec-6-bandes-de-pochoirs-58mmx10meters-long","status":"publish","type":"product","link":"https:\/\/eu-mark.com\/fr\/product\/imprimante-de-pochoirs-eumark-58mm-avec-6-bandes-de-pochoirs-58mmx10meters-long\/","title":{"rendered":"Imprimante de pochoirs EUmark 58mm avec 6 bandes de pochoirs (58mmx10meters long)"},"content":{"rendered":"<h1 style=\"text-align: center;\">Marquage du m\u00e9tal. Marquage d&rsquo;une pi\u00e8ce m\u00e9tallique avec votre logo ou votre num\u00e9ro de s\u00e9rie. <a href=\"https:\/\/eumark.biz\/en-us\/blogs\/news\/mastering-the-art-of-electrochemical-marking-engraving-enhancing-stencil-quality\">Remplacement de la bande de pochoirs Casio<\/a>. <\/h1>\n<p>Nous avons enfin une solution pour fabriquer des pochoirs rapidement, facilement et \u00e0 un prix tr\u00e8s abordable \u00e0 la maison ou en atelier. Vous avez besoin d&rsquo;une imprimante et d&rsquo;une bande de pochoir pour le marquage (le marquage \u00e9lectrochimique est la gravure \u00e9lectrochimique d&rsquo;une surface m\u00e9tallique). Lorsque vous utilisez notre imprimante \u00e0 pochoir et nos bandes de pochoir, il ne vous faut que quelques minutes pour fabriquer votre propre pochoir et faire un marquage rapide. Marquage du m\u00e9tal Marquage d&rsquo;une pi\u00e8ce m\u00e9tallique avec un logo, un texte ou un num\u00e9ro de s\u00e9rie<\/p>\n<p><em><strong>Les num\u00e9ros de s\u00e9rie, la date, le texte et m\u00eame le logo peuvent \u00eatre r\u00e9alis\u00e9s en quelques minutes seulement !<\/strong><\/em><\/p>\n<p><em><strong>1) Qu&rsquo;est-ce que le marquage \u00e9lectrochimique ?<\/strong><\/em>  Le marquage \u00e9lectrochimique est la gravure \u00e9lectrochimique de surfaces m\u00e9talliques \u00e0 l&rsquo;aide d&rsquo;une faible quantit\u00e9 de courant \u00e9lectrique, d&rsquo;un \u00e9lectrolyte, d&rsquo;un marqueur muni d&rsquo;un tampon pour contenir l&rsquo;\u00e9lectrolyte et transporter le courant, et d&rsquo;un pochoir avec l&rsquo;image requise. <em><strong>2. <a href=\"https:\/\/eu-mark.com\/advantages-of-electrochemical-marking-engraving\/\">Faits relatifs au marquage \u00e9lectrochimique<\/a><\/strong> <\/em>(rapide, bon march\u00e9, simple, s\u00fbr et de haute qualit\u00e9) Le marquage \u00e9lectrochimique est la technique la plus rapide pour le marquage permanent des surfaces m\u00e9talliques conductrices. Il produit une marque nette, propre, attrayante et \u00e9conomique sans endommager, stresser ou d\u00e9former la pi\u00e8ce marqu\u00e9e. L&rsquo;impression est durable et sans bord. Il n&rsquo;y a pas de corrosion ou d&rsquo;autres effets n\u00e9gatifs sur le mat\u00e9riau. Le processus ne prend que quelques secondes et les marques ont une profondeur d&rsquo;environ 0,025 mm. Selon la fonction et l&rsquo;\u00e9lectrolyte choisis, vous pouvez obtenir des marques de gravure claires, des marques d&rsquo;oxyde noir ou des marques blanches sur des composants noircis chimiquement. La forme de la pi\u00e8ce peut \u00eatre plate, ronde, pleine ou creuse, assembl\u00e9e ou non. L&rsquo;\u00e9quipement est tr\u00e8s fiable, durable et adapt\u00e9 \u00e0 de nombreux besoins industriels. L&rsquo;ensemble du processus est tr\u00e8s simple, ne n\u00e9cessite pas beaucoup d&rsquo;espace, peut \u00eatre effectu\u00e9 pendant la fabrication ou avant la livraison, ne n\u00e9cessite pas de formation sp\u00e9ciale et est tr\u00e8s s\u00fbr. <em><strong>3. O\u00f9 pouvez-vous utiliser le marquage \u00e9lectrochimique ?<\/strong><\/em> Un grand nombre de fabricants utilisent le marquage \u00e9lectrochimique. Le processus est largement utilis\u00e9 pour marquer la coutellerie, les outils, les tarauds, les perceuses, les lames de scie et les industries automobile et a\u00e9ronautique. Les petites entreprises, les amateurs et les artistes peuvent \u00e9galement utiliser le marquage \u00e9lectrochimique.<\/p>\n<p><img loading=\"lazy\" decoding=\"async\" class=\"alignnone size-medium wp-image-5228\" src=\"https:\/\/eu-mark.com\/wp-content\/uploads\/2021\/04\/making-template-stencil-printer-01-300x300.jpg\" alt=\"fabrication d'un gabarit imprimante de pochoirs\" width=\"300\" height=\"300\" srcset=\"https:\/\/eu-mark.com\/wp-content\/uploads\/2021\/04\/making-template-stencil-printer-01-300x300.jpg 300w, https:\/\/eu-mark.com\/wp-content\/uploads\/2021\/04\/making-template-stencil-printer-01-150x150.jpg 150w, https:\/\/eu-mark.com\/wp-content\/uploads\/2021\/04\/making-template-stencil-printer-01-768x768.jpg 768w, https:\/\/eu-mark.com\/wp-content\/uploads\/2021\/04\/making-template-stencil-printer-01-510x510.jpg 510w, https:\/\/eu-mark.com\/wp-content\/uploads\/2021\/04\/making-template-stencil-printer-01-100x100.jpg 100w, https:\/\/eu-mark.com\/wp-content\/uploads\/2021\/04\/making-template-stencil-printer-01-60x60.jpg 60w, https:\/\/eu-mark.com\/wp-content\/uploads\/2021\/04\/making-template-stencil-printer-01-90x90.jpg 90w, https:\/\/eu-mark.com\/wp-content\/uploads\/2021\/04\/making-template-stencil-printer-01.jpg 1000w\" sizes=\"auto, (max-width: 300px) 100vw, 300px\" \/><\/p>\n<p>Marquage du m\u00e9tal Marquage de la pi\u00e8ce m\u00e9tallique avec un logo, un texte ou un num\u00e9ro de s\u00e9rie<\/p>\n","protected":false},"excerpt":{"rendered":"<p><strong>Exp\u00e9dition GRATUITE dans le monde entier<\/strong><\/p>\n<p>carte de d\u00e9bit ou de cr\u00e9dit proc\u00e9dez avec PayPal \u00e0 la fin de votre commande Pas besoin d&rsquo;avoir un compte PayPal Imprimante de pochoirs EUmark 58mm avec bandes de pochoirs 6 pcs (58mmx10meters long) Nous avons enfin une solution pour r\u00e9aliser des pochoirs rapidement, facilement et \u00e0 un prix tr\u00e8s abordable \u00e0 la maison ou dans votre atelier. Vous avez besoin d&rsquo;une imprimante et d&rsquo;un ruban adh\u00e9sif pour le marquage (le marquage \u00e9lectrochimique est la gravure \u00e9lectrochimique d&rsquo;une surface m\u00e9tallique). Lorsque vous utilisez notre imprimante \u00e0 pochoir avec les rubans adh\u00e9sifs, vous n&rsquo;avez besoin que de quelques minutes pour fabriquer votre propre pochoir et faire un marquage rapide.<\/p>\n<p><em><strong>Les num\u00e9ros de s\u00e9rie, la date, le texte et m\u00eame le logo peuvent \u00eatre r\u00e9alis\u00e9s en quelques minutes seulement !<\/strong><\/em><\/p>\n","protected":false},"featured_media":6621,"comment_status":"open","ping_status":"closed","template":"","meta":[],"product_brand":[],"product_cat":[114],"product_tag":[],"class_list":{"0":"post-6660","1":"product","2":"type-product","3":"status-publish","4":"has-post-thumbnail","6":"product_cat-gravure-electrochimique","8":"first","9":"instock","10":"shipping-taxable","11":"purchasable","12":"product-type-simple"},"yoast_head":"<!-- This site is optimized with the Yoast SEO plugin v27.4 - https:\/\/yoast.com\/product\/yoast-seo-wordpress\/ -->\n<title>Marquage du m\u00e9tal Marquage de la pi\u00e8ce m\u00e9tallique avec un logo, un texte ou un num\u00e9ro de s\u00e9rie<\/title>\n<meta name=\"description\" content=\"Marquage du m\u00e9tal Marquage d&#039;une pi\u00e8ce m\u00e9tallique avec un logo, un texte ou un num\u00e9ro de s\u00e9rie. Nous avons enfin une solution pour r\u00e9aliser des pochoirs rapidement, facilement et \u00e0 un prix tr\u00e8s abordable \u00e0 la maison ou en atelier.\" \/>\n<meta name=\"robots\" content=\"index, follow, max-snippet:-1, max-image-preview:large, max-video-preview:-1\" \/>\n<link rel=\"canonical\" href=\"https:\/\/eu-mark.com\/fr\/product\/imprimante-de-pochoirs-eumark-58mm-avec-6-bandes-de-pochoirs-58mmx10meters-long\/\" \/>\n<meta property=\"og:locale\" content=\"fr_FR\" \/>\n<meta property=\"og:type\" content=\"article\" \/>\n<meta property=\"og:title\" content=\"Marquage du m\u00e9tal Marquage de la pi\u00e8ce m\u00e9tallique avec un logo, un texte ou un num\u00e9ro de s\u00e9rie\" \/>\n<meta property=\"og:description\" content=\"Marquage du m\u00e9tal Marquage d&#039;une pi\u00e8ce m\u00e9tallique avec un logo, un texte ou un num\u00e9ro de s\u00e9rie. Nous avons enfin une solution pour r\u00e9aliser des pochoirs rapidement, facilement et \u00e0 un prix tr\u00e8s abordable \u00e0 la maison ou en atelier.\" \/>\n<meta property=\"og:url\" content=\"https:\/\/eu-mark.com\/fr\/product\/imprimante-de-pochoirs-eumark-58mm-avec-6-bandes-de-pochoirs-58mmx10meters-long\/\" \/>\n<meta property=\"og:site_name\" content=\"Electrochemical marking etching\" \/>\n<meta property=\"article:publisher\" content=\"https:\/\/www.facebook.com\/eumark.de\/\" \/>\n<meta property=\"og:image\" content=\"https:\/\/eu-mark.com\/wp-content\/uploads\/2021\/04\/stencil_printer_eumark_P58D_2inch.jpg\" \/>\n\t<meta property=\"og:image:width\" content=\"1000\" \/>\n\t<meta property=\"og:image:height\" content=\"1000\" \/>\n\t<meta property=\"og:image:type\" content=\"image\/jpeg\" \/>\n<meta name=\"twitter:card\" content=\"summary_large_image\" \/>\n<meta name=\"twitter:label1\" content=\"Dur\u00e9e de lecture estim\u00e9e\" \/>\n\t<meta name=\"twitter:data1\" content=\"2 minutes\" \/>\n<script type=\"application\/ld+json\" class=\"yoast-schema-graph\">{\"@context\":\"https:\\\/\\\/schema.org\",\"@graph\":[{\"@type\":\"WebPage\",\"@id\":\"https:\\\/\\\/eu-mark.com\\\/fr\\\/product\\\/imprimante-de-pochoirs-eumark-58mm-avec-6-bandes-de-pochoirs-58mmx10meters-long\\\/\",\"url\":\"https:\\\/\\\/eu-mark.com\\\/fr\\\/product\\\/imprimante-de-pochoirs-eumark-58mm-avec-6-bandes-de-pochoirs-58mmx10meters-long\\\/\",\"name\":\"Marquage du m\u00e9tal Marquage de la pi\u00e8ce m\u00e9tallique avec un logo, un texte ou un num\u00e9ro de s\u00e9rie\",\"isPartOf\":{\"@id\":\"https:\\\/\\\/eu-mark.com\\\/fr\\\/#website\"},\"primaryImageOfPage\":{\"@id\":\"https:\\\/\\\/eu-mark.com\\\/fr\\\/product\\\/imprimante-de-pochoirs-eumark-58mm-avec-6-bandes-de-pochoirs-58mmx10meters-long\\\/#primaryimage\"},\"image\":{\"@id\":\"https:\\\/\\\/eu-mark.com\\\/fr\\\/product\\\/imprimante-de-pochoirs-eumark-58mm-avec-6-bandes-de-pochoirs-58mmx10meters-long\\\/#primaryimage\"},\"thumbnailUrl\":\"https:\\\/\\\/eu-mark.com\\\/wp-content\\\/uploads\\\/2021\\\/04\\\/stencil_printer_eumark_P58D_2inch.jpg\",\"datePublished\":\"2021-03-25T11:39:13+00:00\",\"description\":\"Marquage du m\u00e9tal Marquage d'une pi\u00e8ce m\u00e9tallique avec un logo, un texte ou un num\u00e9ro de s\u00e9rie. Nous avons enfin une solution pour r\u00e9aliser des pochoirs rapidement, facilement et \u00e0 un prix tr\u00e8s abordable \u00e0 la maison ou en atelier.\",\"breadcrumb\":{\"@id\":\"https:\\\/\\\/eu-mark.com\\\/fr\\\/product\\\/imprimante-de-pochoirs-eumark-58mm-avec-6-bandes-de-pochoirs-58mmx10meters-long\\\/#breadcrumb\"},\"inLanguage\":\"fr-FR\",\"potentialAction\":[{\"@type\":\"ReadAction\",\"target\":[\"https:\\\/\\\/eu-mark.com\\\/fr\\\/product\\\/imprimante-de-pochoirs-eumark-58mm-avec-6-bandes-de-pochoirs-58mmx10meters-long\\\/\"]}]},{\"@type\":\"ImageObject\",\"inLanguage\":\"fr-FR\",\"@id\":\"https:\\\/\\\/eu-mark.com\\\/fr\\\/product\\\/imprimante-de-pochoirs-eumark-58mm-avec-6-bandes-de-pochoirs-58mmx10meters-long\\\/#primaryimage\",\"url\":\"https:\\\/\\\/eu-mark.com\\\/wp-content\\\/uploads\\\/2021\\\/04\\\/stencil_printer_eumark_P58D_2inch.jpg\",\"contentUrl\":\"https:\\\/\\\/eu-mark.com\\\/wp-content\\\/uploads\\\/2021\\\/04\\\/stencil_printer_eumark_P58D_2inch.jpg\",\"width\":1000,\"height\":1000},{\"@type\":\"BreadcrumbList\",\"@id\":\"https:\\\/\\\/eu-mark.com\\\/fr\\\/product\\\/imprimante-de-pochoirs-eumark-58mm-avec-6-bandes-de-pochoirs-58mmx10meters-long\\\/#breadcrumb\",\"itemListElement\":[{\"@type\":\"ListItem\",\"position\":1,\"name\":\"Accueil\",\"item\":\"https:\\\/\\\/eu-mark.com\\\/fr\\\/accueil\\\/\"},{\"@type\":\"ListItem\",\"position\":2,\"name\":\"Boutique\",\"item\":\"https:\\\/\\\/eu-mark.com\\\/fr\\\/boutique\\\/\"},{\"@type\":\"ListItem\",\"position\":3,\"name\":\"Imprimante de pochoirs EUmark 58mm avec 6 bandes de pochoirs (58mmx10meters long)\"}]},{\"@type\":\"WebSite\",\"@id\":\"https:\\\/\\\/eu-mark.com\\\/fr\\\/#website\",\"url\":\"https:\\\/\\\/eu-mark.com\\\/fr\\\/\",\"name\":\"eu-mark.com\",\"description\":\"Electrochemical marking etching\",\"publisher\":{\"@id\":\"https:\\\/\\\/eu-mark.com\\\/fr\\\/#organization\"},\"potentialAction\":[{\"@type\":\"SearchAction\",\"target\":{\"@type\":\"EntryPoint\",\"urlTemplate\":\"https:\\\/\\\/eu-mark.com\\\/fr\\\/?s={search_term_string}\"},\"query-input\":{\"@type\":\"PropertyValueSpecification\",\"valueRequired\":true,\"valueName\":\"search_term_string\"}}],\"inLanguage\":\"fr-FR\"},{\"@type\":\"Organization\",\"@id\":\"https:\\\/\\\/eu-mark.com\\\/fr\\\/#organization\",\"name\":\"EUMARK\",\"url\":\"https:\\\/\\\/eu-mark.com\\\/fr\\\/\",\"logo\":{\"@type\":\"ImageObject\",\"inLanguage\":\"fr-FR\",\"@id\":\"https:\\\/\\\/eu-mark.com\\\/fr\\\/#\\\/schema\\\/logo\\\/image\\\/\",\"url\":\"https:\\\/\\\/eu-mark.com\\\/wp-content\\\/uploads\\\/2025\\\/02\\\/eumark-logo-samo-EU-2018_06_19-10_17_06-UTC.jpg\",\"contentUrl\":\"https:\\\/\\\/eu-mark.com\\\/wp-content\\\/uploads\\\/2025\\\/02\\\/eumark-logo-samo-EU-2018_06_19-10_17_06-UTC.jpg\",\"width\":264,\"height\":268,\"caption\":\"EUMARK\"},\"image\":{\"@id\":\"https:\\\/\\\/eu-mark.com\\\/fr\\\/#\\\/schema\\\/logo\\\/image\\\/\"},\"sameAs\":[\"https:\\\/\\\/www.facebook.com\\\/eumark.de\\\/\",\"https:\\\/\\\/www.youtube.com\\\/channel\\\/UCehJsM6xcqIQLzp0y9MjYPg\",\"https:\\\/\\\/www.linkedin.com\\\/company\\\/eumark\\\/\",\"https:\\\/\\\/www.instagram.com\\\/eumark_de\"]}]}<\/script>\n<!-- \/ Yoast SEO plugin. -->","yoast_head_json":{"title":"Marquage du m\u00e9tal Marquage de la pi\u00e8ce m\u00e9tallique avec un logo, un texte ou un num\u00e9ro de s\u00e9rie","description":"Marquage du m\u00e9tal Marquage d'une pi\u00e8ce m\u00e9tallique avec un logo, un texte ou un num\u00e9ro de s\u00e9rie. Nous avons enfin une solution pour r\u00e9aliser des pochoirs rapidement, facilement et \u00e0 un prix tr\u00e8s abordable \u00e0 la maison ou en atelier.","robots":{"index":"index","follow":"follow","max-snippet":"max-snippet:-1","max-image-preview":"max-image-preview:large","max-video-preview":"max-video-preview:-1"},"canonical":"https:\/\/eu-mark.com\/fr\/product\/imprimante-de-pochoirs-eumark-58mm-avec-6-bandes-de-pochoirs-58mmx10meters-long\/","og_locale":"fr_FR","og_type":"article","og_title":"Marquage du m\u00e9tal Marquage de la pi\u00e8ce m\u00e9tallique avec un logo, un texte ou un num\u00e9ro de s\u00e9rie","og_description":"Marquage du m\u00e9tal Marquage d'une pi\u00e8ce m\u00e9tallique avec un logo, un texte ou un num\u00e9ro de s\u00e9rie. Nous avons enfin une solution pour r\u00e9aliser des pochoirs rapidement, facilement et \u00e0 un prix tr\u00e8s abordable \u00e0 la maison ou en atelier.","og_url":"https:\/\/eu-mark.com\/fr\/product\/imprimante-de-pochoirs-eumark-58mm-avec-6-bandes-de-pochoirs-58mmx10meters-long\/","og_site_name":"Electrochemical marking etching","article_publisher":"https:\/\/www.facebook.com\/eumark.de\/","og_image":[{"width":1000,"height":1000,"url":"https:\/\/eu-mark.com\/wp-content\/uploads\/2021\/04\/stencil_printer_eumark_P58D_2inch.jpg","type":"image\/jpeg"}],"twitter_card":"summary_large_image","twitter_misc":{"Dur\u00e9e de lecture estim\u00e9e":"2 minutes"},"schema":{"@context":"https:\/\/schema.org","@graph":[{"@type":"WebPage","@id":"https:\/\/eu-mark.com\/fr\/product\/imprimante-de-pochoirs-eumark-58mm-avec-6-bandes-de-pochoirs-58mmx10meters-long\/","url":"https:\/\/eu-mark.com\/fr\/product\/imprimante-de-pochoirs-eumark-58mm-avec-6-bandes-de-pochoirs-58mmx10meters-long\/","name":"Marquage du m\u00e9tal Marquage de la pi\u00e8ce m\u00e9tallique avec un logo, un texte ou un num\u00e9ro de s\u00e9rie","isPartOf":{"@id":"https:\/\/eu-mark.com\/fr\/#website"},"primaryImageOfPage":{"@id":"https:\/\/eu-mark.com\/fr\/product\/imprimante-de-pochoirs-eumark-58mm-avec-6-bandes-de-pochoirs-58mmx10meters-long\/#primaryimage"},"image":{"@id":"https:\/\/eu-mark.com\/fr\/product\/imprimante-de-pochoirs-eumark-58mm-avec-6-bandes-de-pochoirs-58mmx10meters-long\/#primaryimage"},"thumbnailUrl":"https:\/\/eu-mark.com\/wp-content\/uploads\/2021\/04\/stencil_printer_eumark_P58D_2inch.jpg","datePublished":"2021-03-25T11:39:13+00:00","description":"Marquage du m\u00e9tal Marquage d'une pi\u00e8ce m\u00e9tallique avec un logo, un texte ou un num\u00e9ro de s\u00e9rie. Nous avons enfin une solution pour r\u00e9aliser des pochoirs rapidement, facilement et \u00e0 un prix tr\u00e8s abordable \u00e0 la maison ou en atelier.","breadcrumb":{"@id":"https:\/\/eu-mark.com\/fr\/product\/imprimante-de-pochoirs-eumark-58mm-avec-6-bandes-de-pochoirs-58mmx10meters-long\/#breadcrumb"},"inLanguage":"fr-FR","potentialAction":[{"@type":"ReadAction","target":["https:\/\/eu-mark.com\/fr\/product\/imprimante-de-pochoirs-eumark-58mm-avec-6-bandes-de-pochoirs-58mmx10meters-long\/"]}]},{"@type":"ImageObject","inLanguage":"fr-FR","@id":"https:\/\/eu-mark.com\/fr\/product\/imprimante-de-pochoirs-eumark-58mm-avec-6-bandes-de-pochoirs-58mmx10meters-long\/#primaryimage","url":"https:\/\/eu-mark.com\/wp-content\/uploads\/2021\/04\/stencil_printer_eumark_P58D_2inch.jpg","contentUrl":"https:\/\/eu-mark.com\/wp-content\/uploads\/2021\/04\/stencil_printer_eumark_P58D_2inch.jpg","width":1000,"height":1000},{"@type":"BreadcrumbList","@id":"https:\/\/eu-mark.com\/fr\/product\/imprimante-de-pochoirs-eumark-58mm-avec-6-bandes-de-pochoirs-58mmx10meters-long\/#breadcrumb","itemListElement":[{"@type":"ListItem","position":1,"name":"Accueil","item":"https:\/\/eu-mark.com\/fr\/accueil\/"},{"@type":"ListItem","position":2,"name":"Boutique","item":"https:\/\/eu-mark.com\/fr\/boutique\/"},{"@type":"ListItem","position":3,"name":"Imprimante de pochoirs EUmark 58mm avec 6 bandes de pochoirs (58mmx10meters long)"}]},{"@type":"WebSite","@id":"https:\/\/eu-mark.com\/fr\/#website","url":"https:\/\/eu-mark.com\/fr\/","name":"eu-mark.com","description":"Electrochemical marking etching","publisher":{"@id":"https:\/\/eu-mark.com\/fr\/#organization"},"potentialAction":[{"@type":"SearchAction","target":{"@type":"EntryPoint","urlTemplate":"https:\/\/eu-mark.com\/fr\/?s={search_term_string}"},"query-input":{"@type":"PropertyValueSpecification","valueRequired":true,"valueName":"search_term_string"}}],"inLanguage":"fr-FR"},{"@type":"Organization","@id":"https:\/\/eu-mark.com\/fr\/#organization","name":"EUMARK","url":"https:\/\/eu-mark.com\/fr\/","logo":{"@type":"ImageObject","inLanguage":"fr-FR","@id":"https:\/\/eu-mark.com\/fr\/#\/schema\/logo\/image\/","url":"https:\/\/eu-mark.com\/wp-content\/uploads\/2025\/02\/eumark-logo-samo-EU-2018_06_19-10_17_06-UTC.jpg","contentUrl":"https:\/\/eu-mark.com\/wp-content\/uploads\/2025\/02\/eumark-logo-samo-EU-2018_06_19-10_17_06-UTC.jpg","width":264,"height":268,"caption":"EUMARK"},"image":{"@id":"https:\/\/eu-mark.com\/fr\/#\/schema\/logo\/image\/"},"sameAs":["https:\/\/www.facebook.com\/eumark.de\/","https:\/\/www.youtube.com\/channel\/UCehJsM6xcqIQLzp0y9MjYPg","https:\/\/www.linkedin.com\/company\/eumark\/","https:\/\/www.instagram.com\/eumark_de"]}]}},"_links":{"self":[{"href":"https:\/\/eu-mark.com\/fr\/wp-json\/wp\/v2\/product\/6660","targetHints":{"allow":["GET"]}}],"collection":[{"href":"https:\/\/eu-mark.com\/fr\/wp-json\/wp\/v2\/product"}],"about":[{"href":"https:\/\/eu-mark.com\/fr\/wp-json\/wp\/v2\/types\/product"}],"replies":[{"embeddable":true,"href":"https:\/\/eu-mark.com\/fr\/wp-json\/wp\/v2\/comments?post=6660"}],"wp:featuredmedia":[{"embeddable":true,"href":"https:\/\/eu-mark.com\/fr\/wp-json\/wp\/v2\/media\/6621"}],"wp:attachment":[{"href":"https:\/\/eu-mark.com\/fr\/wp-json\/wp\/v2\/media?parent=6660"}],"wp:term":[{"taxonomy":"product_brand","embeddable":true,"href":"https:\/\/eu-mark.com\/fr\/wp-json\/wp\/v2\/product_brand?post=6660"},{"taxonomy":"product_cat","embeddable":true,"href":"https:\/\/eu-mark.com\/fr\/wp-json\/wp\/v2\/product_cat?post=6660"},{"taxonomy":"product_tag","embeddable":true,"href":"https:\/\/eu-mark.com\/fr\/wp-json\/wp\/v2\/product_tag?post=6660"}],"curies":[{"name":"wp","href":"https:\/\/api.w.org\/{rel}","templated":true}]}}