{"id":6801,"date":"2016-12-13T14:51:37","date_gmt":"2016-12-13T14:51:37","guid":{"rendered":"https:\/\/eu-mark.com\/product\/feutre-de-marquage-filz-pour-marquage-electrochimique-et-gravure-375x500mm-10-x19\/"},"modified":"2016-12-13T14:51:37","modified_gmt":"2016-12-13T14:51:37","slug":"feutre-de-marquage-filz-pour-marquage-electrochimique-et-gravure-375x500mm-10-x19","status":"publish","type":"product","link":"https:\/\/eu-mark.com\/fr\/product\/feutre-de-marquage-filz-pour-marquage-electrochimique-et-gravure-375x500mm-10-x19\/","title":{"rendered":"Feutre de marquage &#8211; Filz pour marquage \u00e9lectrochimique et gravure 375x500mm 10 \u00ab\u00a0x19\u00a0\u00bb"},"content":{"rendered":"<p>Le feutre de marquage est con\u00e7u pour le marquage \u00e9lectrochimique et accepte tous les \u00e9lectrolytes de marquage. Il permet \u00e9galement d&rsquo;\u00e9conomiser le produit de marquage, de sorte que vous pouvez facilement l&rsquo;utiliser pendant une longue p\u00e9riode, sans avoir \u00e0 le remplacer.<\/p>\n<table align=\"center\">\n<tbody>\n<tr>\n<td>\n<div id=\"ds_div\">\n<p>Si vous avez besoin d&rsquo;aide ou de soutien dans le domaine du marquage \u00e9lectrochimique, comme des pochoirs, des \u00e9lectrolytes ou toute autre aide, veuillez me contacter. J&rsquo;ai plus de 15 ans d&rsquo;exp\u00e9rience dans ce domaine.<\/p>\n<p>Et n&rsquo;h\u00e9sitez pas \u00e0 me contacter si vous avez des questions ou des probl\u00e8mes. <b>Qualit\u00e9 standard de type A<\/b><\/p>\n<\/div>\n<\/td>\n<\/tr>\n<\/tbody>\n<\/table>\n<p>Si vous avez besoin d&rsquo;aide ou de soutien dans le domaine du marquage \u00e9lectrochimique, comme des pochoirs, des \u00e9lectrolytes ou toute autre aide, veuillez me contacter. J&rsquo;ai plus de 15 ans d&rsquo;exp\u00e9rience dans ce domaine. N&rsquo;h\u00e9sitez pas \u00e0 me contacter si vous avez des questions ou des probl\u00e8mes.<\/p>\n","protected":false},"excerpt":{"rendered":"<p><strong>Exp\u00e9dition GRATUITE dans le monde entier<\/strong><\/p>\n","protected":false},"featured_media":8031,"comment_status":"closed","ping_status":"closed","template":"","meta":[],"product_brand":[],"product_cat":[114],"product_tag":[108,128,109,117],"class_list":{"0":"post-6801","1":"product","2":"type-product","3":"status-publish","4":"has-post-thumbnail","6":"product_cat-gravure-electrochimique","7":"product_tag-electrochimique","8":"product_tag-filz-fr","9":"product_tag-marquage","10":"product_tag-ressentie","11":"product_shipping_class-mxxx-fr","13":"first","14":"instock","15":"featured","16":"shipping-taxable","17":"purchasable","18":"product-type-simple"},"yoast_head":"<!-- This site is optimized with the Yoast SEO plugin v27.4 - https:\/\/yoast.com\/product\/yoast-seo-wordpress\/ -->\n<title>Feutre de marquage - Filz pour marquage \u00e9lectrochimique et gravure 375x500mm 10 &quot;x19&quot; - Electrochemical marking etching Electrochemical marking etching %<\/title>\n<meta name=\"description\" content=\"Exp\u00e9dition GRATUITE dans le monde entier\" \/>\n<meta name=\"robots\" content=\"index, follow, max-snippet:-1, max-image-preview:large, max-video-preview:-1\" \/>\n<link rel=\"canonical\" href=\"https:\/\/eu-mark.com\/fr\/product\/feutre-de-marquage-filz-pour-marquage-electrochimique-et-gravure-375x500mm-10-x19\/\" \/>\n<meta property=\"og:locale\" content=\"fr_FR\" \/>\n<meta property=\"og:type\" content=\"article\" \/>\n<meta property=\"og:title\" content=\"Feutre de marquage - Filz pour marquage \u00e9lectrochimique et gravure 375x500mm 10 &quot;x19&quot; - Electrochemical marking etching Electrochemical marking etching %\" \/>\n<meta property=\"og:description\" content=\"Exp\u00e9dition GRATUITE dans le monde entier\" \/>\n<meta property=\"og:url\" content=\"https:\/\/eu-mark.com\/fr\/product\/feutre-de-marquage-filz-pour-marquage-electrochimique-et-gravure-375x500mm-10-x19\/\" \/>\n<meta property=\"og:site_name\" content=\"Electrochemical marking etching\" \/>\n<meta property=\"article:publisher\" content=\"https:\/\/www.facebook.com\/eumark.de\/\" \/>\n<meta property=\"og:image\" content=\"https:\/\/eu-mark.com\/wp-content\/uploads\/2016\/12\/making_engraving-electrochemical_template-14-300x300.jpg\" \/>\n<meta name=\"twitter:card\" content=\"summary_large_image\" \/>\n<meta name=\"twitter:label1\" content=\"Dur\u00e9e de lecture estim\u00e9e\" \/>\n\t<meta name=\"twitter:data1\" content=\"1 minute\" \/>\n<script type=\"application\/ld+json\" class=\"yoast-schema-graph\">{\"@context\":\"https:\\\/\\\/schema.org\",\"@graph\":[{\"@type\":\"WebPage\",\"@id\":\"https:\\\/\\\/eu-mark.com\\\/fr\\\/product\\\/feutre-de-marquage-filz-pour-marquage-electrochimique-et-gravure-375x500mm-10-x19\\\/\",\"url\":\"https:\\\/\\\/eu-mark.com\\\/fr\\\/product\\\/feutre-de-marquage-filz-pour-marquage-electrochimique-et-gravure-375x500mm-10-x19\\\/\",\"name\":\"Feutre de marquage - Filz pour marquage \u00e9lectrochimique et gravure 375x500mm 10 \\\"x19\\\" - Electrochemical marking etching Electrochemical marking etching %\",\"isPartOf\":{\"@id\":\"https:\\\/\\\/eu-mark.com\\\/fr\\\/#website\"},\"primaryImageOfPage\":{\"@id\":\"https:\\\/\\\/eu-mark.com\\\/fr\\\/product\\\/feutre-de-marquage-filz-pour-marquage-electrochimique-et-gravure-375x500mm-10-x19\\\/#primaryimage\"},\"image\":{\"@id\":\"https:\\\/\\\/eu-mark.com\\\/fr\\\/product\\\/feutre-de-marquage-filz-pour-marquage-electrochimique-et-gravure-375x500mm-10-x19\\\/#primaryimage\"},\"thumbnailUrl\":\"https:\\\/\\\/eu-mark.com\\\/wp-content\\\/uploads\\\/2016\\\/12\\\/IMG_7538-e1688649499245.jpg\",\"datePublished\":\"2016-12-13T14:51:37+00:00\",\"description\":\"Exp\u00e9dition GRATUITE dans le monde entier\",\"breadcrumb\":{\"@id\":\"https:\\\/\\\/eu-mark.com\\\/fr\\\/product\\\/feutre-de-marquage-filz-pour-marquage-electrochimique-et-gravure-375x500mm-10-x19\\\/#breadcrumb\"},\"inLanguage\":\"fr-FR\",\"potentialAction\":[{\"@type\":\"ReadAction\",\"target\":[\"https:\\\/\\\/eu-mark.com\\\/fr\\\/product\\\/feutre-de-marquage-filz-pour-marquage-electrochimique-et-gravure-375x500mm-10-x19\\\/\"]}]},{\"@type\":\"ImageObject\",\"inLanguage\":\"fr-FR\",\"@id\":\"https:\\\/\\\/eu-mark.com\\\/fr\\\/product\\\/feutre-de-marquage-filz-pour-marquage-electrochimique-et-gravure-375x500mm-10-x19\\\/#primaryimage\",\"url\":\"https:\\\/\\\/eu-mark.com\\\/wp-content\\\/uploads\\\/2016\\\/12\\\/IMG_7538-e1688649499245.jpg\",\"contentUrl\":\"https:\\\/\\\/eu-mark.com\\\/wp-content\\\/uploads\\\/2016\\\/12\\\/IMG_7538-e1688649499245.jpg\",\"width\":1200,\"height\":800,\"caption\":\"Felt Filtz for electrochemical marking A i B HQ\"},{\"@type\":\"BreadcrumbList\",\"@id\":\"https:\\\/\\\/eu-mark.com\\\/fr\\\/product\\\/feutre-de-marquage-filz-pour-marquage-electrochimique-et-gravure-375x500mm-10-x19\\\/#breadcrumb\",\"itemListElement\":[{\"@type\":\"ListItem\",\"position\":1,\"name\":\"Accueil\",\"item\":\"https:\\\/\\\/eu-mark.com\\\/fr\\\/accueil\\\/\"},{\"@type\":\"ListItem\",\"position\":2,\"name\":\"Boutique\",\"item\":\"https:\\\/\\\/eu-mark.com\\\/fr\\\/boutique\\\/\"},{\"@type\":\"ListItem\",\"position\":3,\"name\":\"Feutre de marquage &#8211; Filz pour marquage \u00e9lectrochimique et gravure 375x500mm 10 \u00ab\u00a0x19\u00a0\u00bb\"}]},{\"@type\":\"WebSite\",\"@id\":\"https:\\\/\\\/eu-mark.com\\\/fr\\\/#website\",\"url\":\"https:\\\/\\\/eu-mark.com\\\/fr\\\/\",\"name\":\"eu-mark.com\",\"description\":\"Electrochemical marking etching\",\"publisher\":{\"@id\":\"https:\\\/\\\/eu-mark.com\\\/fr\\\/#organization\"},\"potentialAction\":[{\"@type\":\"SearchAction\",\"target\":{\"@type\":\"EntryPoint\",\"urlTemplate\":\"https:\\\/\\\/eu-mark.com\\\/fr\\\/?s={search_term_string}\"},\"query-input\":{\"@type\":\"PropertyValueSpecification\",\"valueRequired\":true,\"valueName\":\"search_term_string\"}}],\"inLanguage\":\"fr-FR\"},{\"@type\":\"Organization\",\"@id\":\"https:\\\/\\\/eu-mark.com\\\/fr\\\/#organization\",\"name\":\"EUMARK\",\"url\":\"https:\\\/\\\/eu-mark.com\\\/fr\\\/\",\"logo\":{\"@type\":\"ImageObject\",\"inLanguage\":\"fr-FR\",\"@id\":\"https:\\\/\\\/eu-mark.com\\\/fr\\\/#\\\/schema\\\/logo\\\/image\\\/\",\"url\":\"https:\\\/\\\/eu-mark.com\\\/wp-content\\\/uploads\\\/2025\\\/02\\\/eumark-logo-samo-EU-2018_06_19-10_17_06-UTC.jpg\",\"contentUrl\":\"https:\\\/\\\/eu-mark.com\\\/wp-content\\\/uploads\\\/2025\\\/02\\\/eumark-logo-samo-EU-2018_06_19-10_17_06-UTC.jpg\",\"width\":264,\"height\":268,\"caption\":\"EUMARK\"},\"image\":{\"@id\":\"https:\\\/\\\/eu-mark.com\\\/fr\\\/#\\\/schema\\\/logo\\\/image\\\/\"},\"sameAs\":[\"https:\\\/\\\/www.facebook.com\\\/eumark.de\\\/\",\"https:\\\/\\\/www.youtube.com\\\/channel\\\/UCehJsM6xcqIQLzp0y9MjYPg\",\"https:\\\/\\\/www.linkedin.com\\\/company\\\/eumark\\\/\",\"https:\\\/\\\/www.instagram.com\\\/eumark_de\"]}]}<\/script>\n<!-- \/ Yoast SEO plugin. -->","yoast_head_json":{"title":"Feutre de marquage - Filz pour marquage \u00e9lectrochimique et gravure 375x500mm 10 \"x19\" - Electrochemical marking etching Electrochemical marking etching %","description":"Exp\u00e9dition GRATUITE dans le monde entier","robots":{"index":"index","follow":"follow","max-snippet":"max-snippet:-1","max-image-preview":"max-image-preview:large","max-video-preview":"max-video-preview:-1"},"canonical":"https:\/\/eu-mark.com\/fr\/product\/feutre-de-marquage-filz-pour-marquage-electrochimique-et-gravure-375x500mm-10-x19\/","og_locale":"fr_FR","og_type":"article","og_title":"Feutre de marquage - Filz pour marquage \u00e9lectrochimique et gravure 375x500mm 10 \"x19\" - Electrochemical marking etching Electrochemical marking etching %","og_description":"Exp\u00e9dition GRATUITE dans le monde entier","og_url":"https:\/\/eu-mark.com\/fr\/product\/feutre-de-marquage-filz-pour-marquage-electrochimique-et-gravure-375x500mm-10-x19\/","og_site_name":"Electrochemical marking etching","article_publisher":"https:\/\/www.facebook.com\/eumark.de\/","og_image":[{"url":"https:\/\/eu-mark.com\/wp-content\/uploads\/2016\/12\/making_engraving-electrochemical_template-14-300x300.jpg","type":"","width":"","height":""}],"twitter_card":"summary_large_image","twitter_misc":{"Dur\u00e9e de lecture estim\u00e9e":"1 minute"},"schema":{"@context":"https:\/\/schema.org","@graph":[{"@type":"WebPage","@id":"https:\/\/eu-mark.com\/fr\/product\/feutre-de-marquage-filz-pour-marquage-electrochimique-et-gravure-375x500mm-10-x19\/","url":"https:\/\/eu-mark.com\/fr\/product\/feutre-de-marquage-filz-pour-marquage-electrochimique-et-gravure-375x500mm-10-x19\/","name":"Feutre de marquage - Filz pour marquage \u00e9lectrochimique et gravure 375x500mm 10 \"x19\" - Electrochemical marking etching Electrochemical marking etching %","isPartOf":{"@id":"https:\/\/eu-mark.com\/fr\/#website"},"primaryImageOfPage":{"@id":"https:\/\/eu-mark.com\/fr\/product\/feutre-de-marquage-filz-pour-marquage-electrochimique-et-gravure-375x500mm-10-x19\/#primaryimage"},"image":{"@id":"https:\/\/eu-mark.com\/fr\/product\/feutre-de-marquage-filz-pour-marquage-electrochimique-et-gravure-375x500mm-10-x19\/#primaryimage"},"thumbnailUrl":"https:\/\/eu-mark.com\/wp-content\/uploads\/2016\/12\/IMG_7538-e1688649499245.jpg","datePublished":"2016-12-13T14:51:37+00:00","description":"Exp\u00e9dition GRATUITE dans le monde entier","breadcrumb":{"@id":"https:\/\/eu-mark.com\/fr\/product\/feutre-de-marquage-filz-pour-marquage-electrochimique-et-gravure-375x500mm-10-x19\/#breadcrumb"},"inLanguage":"fr-FR","potentialAction":[{"@type":"ReadAction","target":["https:\/\/eu-mark.com\/fr\/product\/feutre-de-marquage-filz-pour-marquage-electrochimique-et-gravure-375x500mm-10-x19\/"]}]},{"@type":"ImageObject","inLanguage":"fr-FR","@id":"https:\/\/eu-mark.com\/fr\/product\/feutre-de-marquage-filz-pour-marquage-electrochimique-et-gravure-375x500mm-10-x19\/#primaryimage","url":"https:\/\/eu-mark.com\/wp-content\/uploads\/2016\/12\/IMG_7538-e1688649499245.jpg","contentUrl":"https:\/\/eu-mark.com\/wp-content\/uploads\/2016\/12\/IMG_7538-e1688649499245.jpg","width":1200,"height":800,"caption":"Felt Filtz for electrochemical marking A i B HQ"},{"@type":"BreadcrumbList","@id":"https:\/\/eu-mark.com\/fr\/product\/feutre-de-marquage-filz-pour-marquage-electrochimique-et-gravure-375x500mm-10-x19\/#breadcrumb","itemListElement":[{"@type":"ListItem","position":1,"name":"Accueil","item":"https:\/\/eu-mark.com\/fr\/accueil\/"},{"@type":"ListItem","position":2,"name":"Boutique","item":"https:\/\/eu-mark.com\/fr\/boutique\/"},{"@type":"ListItem","position":3,"name":"Feutre de marquage &#8211; Filz pour marquage \u00e9lectrochimique et gravure 375x500mm 10 \u00ab\u00a0x19\u00a0\u00bb"}]},{"@type":"WebSite","@id":"https:\/\/eu-mark.com\/fr\/#website","url":"https:\/\/eu-mark.com\/fr\/","name":"eu-mark.com","description":"Electrochemical marking etching","publisher":{"@id":"https:\/\/eu-mark.com\/fr\/#organization"},"potentialAction":[{"@type":"SearchAction","target":{"@type":"EntryPoint","urlTemplate":"https:\/\/eu-mark.com\/fr\/?s={search_term_string}"},"query-input":{"@type":"PropertyValueSpecification","valueRequired":true,"valueName":"search_term_string"}}],"inLanguage":"fr-FR"},{"@type":"Organization","@id":"https:\/\/eu-mark.com\/fr\/#organization","name":"EUMARK","url":"https:\/\/eu-mark.com\/fr\/","logo":{"@type":"ImageObject","inLanguage":"fr-FR","@id":"https:\/\/eu-mark.com\/fr\/#\/schema\/logo\/image\/","url":"https:\/\/eu-mark.com\/wp-content\/uploads\/2025\/02\/eumark-logo-samo-EU-2018_06_19-10_17_06-UTC.jpg","contentUrl":"https:\/\/eu-mark.com\/wp-content\/uploads\/2025\/02\/eumark-logo-samo-EU-2018_06_19-10_17_06-UTC.jpg","width":264,"height":268,"caption":"EUMARK"},"image":{"@id":"https:\/\/eu-mark.com\/fr\/#\/schema\/logo\/image\/"},"sameAs":["https:\/\/www.facebook.com\/eumark.de\/","https:\/\/www.youtube.com\/channel\/UCehJsM6xcqIQLzp0y9MjYPg","https:\/\/www.linkedin.com\/company\/eumark\/","https:\/\/www.instagram.com\/eumark_de"]}]}},"_links":{"self":[{"href":"https:\/\/eu-mark.com\/fr\/wp-json\/wp\/v2\/product\/6801","targetHints":{"allow":["GET"]}}],"collection":[{"href":"https:\/\/eu-mark.com\/fr\/wp-json\/wp\/v2\/product"}],"about":[{"href":"https:\/\/eu-mark.com\/fr\/wp-json\/wp\/v2\/types\/product"}],"replies":[{"embeddable":true,"href":"https:\/\/eu-mark.com\/fr\/wp-json\/wp\/v2\/comments?post=6801"}],"wp:featuredmedia":[{"embeddable":true,"href":"https:\/\/eu-mark.com\/fr\/wp-json\/wp\/v2\/media\/8031"}],"wp:attachment":[{"href":"https:\/\/eu-mark.com\/fr\/wp-json\/wp\/v2\/media?parent=6801"}],"wp:term":[{"taxonomy":"product_brand","embeddable":true,"href":"https:\/\/eu-mark.com\/fr\/wp-json\/wp\/v2\/product_brand?post=6801"},{"taxonomy":"product_cat","embeddable":true,"href":"https:\/\/eu-mark.com\/fr\/wp-json\/wp\/v2\/product_cat?post=6801"},{"taxonomy":"product_tag","embeddable":true,"href":"https:\/\/eu-mark.com\/fr\/wp-json\/wp\/v2\/product_tag?post=6801"}],"curies":[{"name":"wp","href":"https:\/\/api.w.org\/{rel}","templated":true}]}}