{"id":6823,"date":"2021-03-25T11:51:17","date_gmt":"2021-03-25T11:51:17","guid":{"rendered":"https:\/\/eu-mark.com\/product\/machine-de-marquage-et-de-gravure-electrochimique-eumark-set-02\/"},"modified":"2021-03-25T11:51:17","modified_gmt":"2021-03-25T11:51:17","slug":"machine-de-marquage-et-de-gravure-electrochimique-eumark-set-02","status":"publish","type":"product","link":"https:\/\/eu-mark.com\/fr\/product\/machine-de-marquage-et-de-gravure-electrochimique-eumark-set-02\/","title":{"rendered":"Machine de marquage et de gravure \u00e9lectrochimique EUmark set 02"},"content":{"rendered":"<h1 style=\"text-align: center;\">Marquer le m\u00e9tal. Marquer une pi\u00e8ce m\u00e9tallique avec votre logo ou votre num\u00e9ro de s\u00e9rie. <\/h1>\n<p>Marquage rapide et facile des surfaces m\u00e9talliques avec votre logo personnalis\u00e9, texte, etc. Fonctionnement 110\/220V avec protection par fusible et fusible thermique. Si vous avez besoin d&rsquo;un pochoir photo de longue dur\u00e9e ou d&rsquo;un pochoir rapide et bon march\u00e9, veuillez nous contacter. EUmark Set02 contient : <em><b>Machine, imprimante \u00e0 pochoir P58D, ruban pour pochoir 58mm x 10m de long, c\u00e2bles, tampon manuel, feutre de marquage filz, \u00e9lectrolyte M21, M22, M23 N11 <\/b><span style=\"font-size: 14.4px;\"><b>Neutralit\u00e9<\/b><\/span><b>La machine de marquage au pochoir P58D contient : un \u00e9chantillon de pochoir \u00e0 longue dur\u00e9e de vie, ainsi qu&rsquo;un \u00e9chantillon de pochoir rapide provenant de l&rsquo;imprimante \u00e0 pochoir. <\/b><\/em>   <\/p>\n<p><strong>Enfin, nous avons une solution pour r\u00e9aliser des pochoirs rapides, faciles et tr\u00e8s abordables \u00e0 la maison ou \u00e0 l&rsquo;atelier.<\/strong><\/p>\n<p><strong>Vous avez besoin d&rsquo;une imprimante et d&rsquo;un ruban adh\u00e9sif pour le marquage (le marquage \u00e9lectrochimique est une gravure \u00e9lectrochimique de la surface d&rsquo;un m\u00e9tal).<\/strong><\/p>\n<p><strong>Lorsque vous utilisez notre imprimante \u00e0 pochoirs avec des bandes de pochoirs, il ne vous faut que quelques minutes pour r\u00e9aliser votre propre pochoir et votre marquage rapide.<\/strong><\/p>\n<p><em><strong>1. <a href=\"https:\/\/eu-mark.com\/fr\/avantages-du-marquage-electrochimique-gravure\/\">Qu&rsquo;est-ce que le marquage \u00e9lectrochimique ?<\/a><\/strong><\/em>  Le marquage \u00e9lectrochimique est la gravure \u00e9lectrochimique de surfaces m\u00e9talliques \u00e0 l&rsquo;aide d&rsquo;une faible quantit\u00e9 de courant \u00e9lectrique, d&rsquo;un \u00e9lectrolyte, d&rsquo;un marqueur muni d&rsquo;un tampon pour contenir l&rsquo;\u00e9lectrolyte et transporter le courant, et d&rsquo;un pochoir avec l&rsquo;image requise. <em><strong>2. Faits relatifs au marquage \u00e9lectrochimique<\/strong> <\/em>(rapide, bon march\u00e9, simple, s\u00fbr et de haute qualit\u00e9) Le marquage \u00e9lectrochimique est la technique la plus rapide pour le marquage permanent des surfaces m\u00e9talliques conductrices. Il produit une marque nette, propre, attrayante et \u00e9conomique sans endommager, stresser ou d\u00e9former la pi\u00e8ce marqu\u00e9e. L&rsquo;impression est durable et sans bord. Il n&rsquo;y a pas de corrosion ou d&rsquo;autres effets n\u00e9gatifs sur le mat\u00e9riau.<\/p>\n<p>     Le processus ne prend que quelques secondes et les marques ont une profondeur d&rsquo;environ 0,025 mm. Selon la fonction et l&rsquo;\u00e9lectrolyte choisis, vous pouvez obtenir des marques de gravure claires, des marques d&rsquo;oxyde noir ou des marques blanches sur des composants noircis chimiquement. La forme de la pi\u00e8ce peut \u00eatre plate, ronde, solide ou creuse, assembl\u00e9e ou non. L&rsquo;\u00e9quipement est tr\u00e8s fiable, durable et adapt\u00e9 \u00e0 de nombreux besoins industriels. L&rsquo;ensemble du processus est tr\u00e8s simple, ne n\u00e9cessite pas beaucoup d&rsquo;espace, peut \u00eatre effectu\u00e9 pendant la fabrication ou avant la livraison, ne n\u00e9cessite pas de formation sp\u00e9ciale et est tr\u00e8s s\u00fbr. <em><strong>3. O\u00f9 pouvez-vous utiliser le marquage \u00e9lectrochimique ?<\/strong><\/em> Un grand nombre de fabricants utilisent le marquage \u00e9lectrochimique. Le processus est largement utilis\u00e9 pour marquer la coutellerie, les outils, les tarauds, les perceuses, les lames de scie et les industries automobile et a\u00e9ronautique. Les petites entreprises, les amateurs et les artistes peuvent \u00e9galement utiliser le marquage \u00e9lectrochimique.    <\/p>\n<p><strong>4. \u00c9quipement de marquage \u00e9lectrochimique :<\/strong><\/p>\n<ul>\n<li><strong><em>Dispositif de marquage.<\/em> <\/strong>Cet appareil peut \u00eatre d\u00e9clin\u00e9 en plusieurs variantes en fonction de la taille et des besoins sp\u00e9cifiques. Les mod\u00e8les de base se distinguent par les modes de fonctionnement possibles, les contr\u00f4leurs pour le fonctionnement automatique ou semi-automatique, etc. <\/li>\n<li><em><strong>Marqueur avec tampon Marqueurs<\/strong><\/em> avec tampon peuvent \u00eatre manuels, semi-automatiques et automatiques. Ils sont utilis\u00e9s pour maintenir le pochoir, l&rsquo;alimentation en \u00e9lectrolyte ainsi que pour fermer un circuit \u00e9lectrique afin de marquer la pi\u00e8ce. <\/li>\n<li><em><strong>Pochoir Petit<\/strong><\/em>Le pochoir est une pi\u00e8ce mince d&rsquo;un mat\u00e9riau sp\u00e9cial contenant le dessin requis. Il existe deux mod\u00e8les de base : le pochoir de longue dur\u00e9e \u00e0 haute r\u00e9solution (pouvant \u00eatre utilis\u00e9 jusqu&rsquo;\u00e0 5000 marques) et le pochoir court (rapide) pour un marquage rapide en petites s\u00e9ries. <\/li>\n<li><em><strong>\u00c9lectrolyte.<\/strong> <\/em>Ces solutions salines inoffensives sont utilis\u00e9es pour la conduction du courant et les produits chimiques n\u00e9cessaires pour obtenir des marques claires ou des marques d&rsquo;oxyde noires ou blanches. a. Nettoyant Ces solutions sont utilis\u00e9es pour \u00e9liminer le reste de l&rsquo;\u00e9lectrolyte apr\u00e8s le marquage afin de r\u00e9duire la corrosion.  <\/li>\n<\/ul>\n<table width=\"888\">\n<tbody>\n<tr>\n<td width=\"100\"><\/td>\n<td width=\"61\">Marquage noir<\/td>\n<td width=\"76\">Marquage lumineux par gravure profonde<\/td>\n<td width=\"82\">Imprimante \u00e0 pochoir P58D 58mm de large<\/td>\n<td width=\"77\">Imprimante \u00e0 pochoir 410 Pochoir de 110 mm de large et de 108 m de long<\/td>\n<td width=\"82\">Imprimante \u00e0 pochoir P58 58mm de large pour ruban de pochoir 10m de long<\/td>\n<td width=\"84\">Ruban pour pochoir 58mm de large 10m de long<\/td>\n<td width=\"64\">M21, M22, M23 N11 50ml chacun<\/td>\n<td width=\"64\">M21, M22, M23 N11 200ml chacun<\/td>\n<td width=\"70\">M22 50ml<\/td>\n<td width=\"64\">2 psc Marking Felt &#8211; Filz pour le marquage et la gravure \u00e9lectrochimiques 375x500mm<\/td>\n<td width=\"64\">2 psc Marking Felt &#8211; Filz pour le marquage \u00e9lectrochimique et la gravure d&rsquo;\u00e9chantillons<\/td>\n<\/tr>\n<tr>\n<td>Eumark set 04A<\/td>\n<td>OUI<\/td>\n<td>OUI<\/td>\n<td>NON<\/td>\n<td>OUI<\/td>\n<td>NON<\/td>\n<td>NON<\/td>\n<td>OUI<\/td>\n<td>NON<\/td>\n<td><\/td>\n<td>OUI<\/td>\n<td>NON<\/td>\n<\/tr>\n<tr>\n<td>Eumark set 04<\/td>\n<td>OUI<\/td>\n<td>OUI<\/td>\n<td>NON<\/td>\n<td>OUI<\/td>\n<td>NON<\/td>\n<td>NON<\/td>\n<td>NON<\/td>\n<td>OUI<\/td>\n<td><\/td>\n<td>OUI<\/td>\n<td>Non<\/td>\n<\/tr>\n<tr>\n<td>Eumark set 03<\/td>\n<td>OUI<\/td>\n<td>OUI<\/td>\n<td>OUI<\/td>\n<td>NON<\/td>\n<td>OUI<\/td>\n<td>OUI 6pcs<\/td>\n<td>NON<\/td>\n<td>NON<\/td>\n<td><\/td>\n<td>OUI<\/td>\n<td>OUI<\/td>\n<\/tr>\n<tr>\n<td>Eumark set 02<\/td>\n<td>OUI<\/td>\n<td>OUI<\/td>\n<td>OUI<\/td>\n<td>NON<\/td>\n<td>OUI<\/td>\n<td>OUI<\/td>\n<td>NON<\/td>\n<td>NON<\/td>\n<td><\/td>\n<td>NON<\/td>\n<td>OUI<\/td>\n<\/tr>\n<tr>\n<td>Eumark set 01<\/td>\n<td>OUI<\/td>\n<td>OUI<\/td>\n<td>NON<\/td>\n<td>NON<\/td>\n<td>NON<\/td>\n<td>NON<\/td>\n<td>NON<\/td>\n<td>NON<\/td>\n<td><\/td>\n<td>NON<\/td>\n<td>OUI<\/td>\n<\/tr>\n<tr>\n<td>Eumark set 05<\/td>\n<td>OUI<\/td>\n<td>NON<\/td>\n<td>NON<\/td>\n<td>NON<\/td>\n<td>NON<\/td>\n<td>NON<\/td>\n<td>OUI<\/td>\n<td>NON<\/td>\n<td>OUI<\/td>\n<td>NON<\/td>\n<td>NON<\/td>\n<\/tr>\n<tr>\n<td>Eumark set 06<\/td>\n<td>OUI<\/td>\n<td>NON<\/td>\n<td>OUI<\/td>\n<td>NON<\/td>\n<td>OUI<\/td>\n<td>OUI<\/td>\n<td>OUI<\/td>\n<td>NON<\/td>\n<td>OUI<\/td>\n<td>NON<\/td>\n<td>NON<\/td>\n<\/tr>\n<\/tbody>\n<\/table>\n","protected":false},"excerpt":{"rendered":"<p><strong>Livraison GRATUITE dans le monde entier<\/strong><\/p>\n<p>carte de d\u00e9bit ou de cr\u00e9dit proc\u00e9dez avec PayPal \u00e0 la caisse<\/p>\n<p>Pas besoin d&rsquo;avoir un compte PayPal<\/p>\n<p>Enfin nous avons la solution pour faire des pochoirs rapides, faciles et tr\u00e8s abordables \u00e0 la maison ou \u00e0 l&rsquo;atelier.<\/p>\n<p>Vous avez besoin d&rsquo;une imprimante et d&rsquo;une bande de pochoir pour le marquage (le marquage \u00e9lectrochimique est la gravure \u00e9lectrochimique d&rsquo;une surface m\u00e9tallique)<\/p>\n<p>Lorsque vous utilisez notre imprimante \u00e0 pochoir avec des bandes de pochoir, vous n&rsquo;avez besoin que de quelques minutes pour faire votre propre pochoir et un marquage rapide.<\/p>\n","protected":false},"featured_media":6829,"comment_status":"closed","ping_status":"closed","template":"","meta":[],"product_brand":[],"product_cat":[114,137],"product_tag":[112,115,108,110,111,109],"class_list":{"0":"post-6823","1":"product","2":"type-product","3":"status-publish","4":"has-post-thumbnail","6":"product_cat-gravure-electrochimique","7":"product_cat-jeux-de-gravure-electrochimique","8":"product_tag-acier","9":"product_tag-couteau","10":"product_tag-electrochimique","11":"product_tag-gravure","12":"product_tag-machine-fr","13":"product_tag-marquage","15":"first","16":"instock","17":"sale","18":"featured","19":"shipping-taxable","20":"purchasable","21":"product-type-simple"},"yoast_head":"<!-- This site is optimized with the Yoast SEO plugin v27.4 - https:\/\/yoast.com\/product\/yoast-seo-wordpress\/ -->\n<title>Marquer le m\u00e9tal. Marquer une pi\u00e8ce m\u00e9tallique avec votre logo ou votre num\u00e9ro de s\u00e9rie.<\/title>\n<meta name=\"description\" content=\"Marquage \u00e9lectrochimique et gravure \u00e0 la machine \u00e0 graver. Enfin, nous avons une solution pour r\u00e9aliser des pochoirs rapides, faciles et tr\u00e8s abordables \u00e0 la maison ou \u00e0 l&#039;atelier.\" \/>\n<meta name=\"robots\" content=\"index, follow, max-snippet:-1, max-image-preview:large, max-video-preview:-1\" \/>\n<link rel=\"canonical\" href=\"https:\/\/eu-mark.com\/fr\/product\/machine-de-marquage-et-de-gravure-electrochimique-eumark-set-02\/\" \/>\n<meta property=\"og:locale\" content=\"fr_FR\" \/>\n<meta property=\"og:type\" content=\"article\" \/>\n<meta property=\"og:title\" content=\"Marquer le m\u00e9tal. Marquer une pi\u00e8ce m\u00e9tallique avec votre logo ou votre num\u00e9ro de s\u00e9rie.\" \/>\n<meta property=\"og:description\" content=\"Marquage \u00e9lectrochimique et gravure \u00e0 la machine \u00e0 graver. Enfin, nous avons une solution pour r\u00e9aliser des pochoirs rapides, faciles et tr\u00e8s abordables \u00e0 la maison ou \u00e0 l&#039;atelier.\" \/>\n<meta property=\"og:url\" content=\"https:\/\/eu-mark.com\/fr\/product\/machine-de-marquage-et-de-gravure-electrochimique-eumark-set-02\/\" \/>\n<meta property=\"og:site_name\" content=\"Electrochemical marking etching\" \/>\n<meta property=\"article:publisher\" content=\"https:\/\/www.facebook.com\/eumark.de\/\" \/>\n<meta property=\"og:image\" content=\"https:\/\/eu-mark.com\/wp-content\/uploads\/2021\/03\/Eumark-set-02-web.webp\" \/>\n\t<meta property=\"og:image:width\" content=\"971\" \/>\n\t<meta property=\"og:image:height\" content=\"648\" \/>\n\t<meta property=\"og:image:type\" content=\"image\/webp\" \/>\n<meta name=\"twitter:card\" content=\"summary_large_image\" \/>\n<meta name=\"twitter:label1\" content=\"Dur\u00e9e de lecture estim\u00e9e\" \/>\n\t<meta name=\"twitter:data1\" content=\"4 minutes\" \/>\n<script type=\"application\/ld+json\" class=\"yoast-schema-graph\">{\"@context\":\"https:\\\/\\\/schema.org\",\"@graph\":[{\"@type\":\"WebPage\",\"@id\":\"https:\\\/\\\/eu-mark.com\\\/fr\\\/product\\\/machine-de-marquage-et-de-gravure-electrochimique-eumark-set-02\\\/\",\"url\":\"https:\\\/\\\/eu-mark.com\\\/fr\\\/product\\\/machine-de-marquage-et-de-gravure-electrochimique-eumark-set-02\\\/\",\"name\":\"Marquer le m\u00e9tal. Marquer une pi\u00e8ce m\u00e9tallique avec votre logo ou votre num\u00e9ro de s\u00e9rie.\",\"isPartOf\":{\"@id\":\"https:\\\/\\\/eu-mark.com\\\/fr\\\/#website\"},\"primaryImageOfPage\":{\"@id\":\"https:\\\/\\\/eu-mark.com\\\/fr\\\/product\\\/machine-de-marquage-et-de-gravure-electrochimique-eumark-set-02\\\/#primaryimage\"},\"image\":{\"@id\":\"https:\\\/\\\/eu-mark.com\\\/fr\\\/product\\\/machine-de-marquage-et-de-gravure-electrochimique-eumark-set-02\\\/#primaryimage\"},\"thumbnailUrl\":\"https:\\\/\\\/eu-mark.com\\\/wp-content\\\/uploads\\\/2021\\\/03\\\/Eumark-set-02-web.webp\",\"datePublished\":\"2021-03-25T11:51:17+00:00\",\"description\":\"Marquage \u00e9lectrochimique et gravure \u00e0 la machine \u00e0 graver. Enfin, nous avons une solution pour r\u00e9aliser des pochoirs rapides, faciles et tr\u00e8s abordables \u00e0 la maison ou \u00e0 l'atelier.\",\"breadcrumb\":{\"@id\":\"https:\\\/\\\/eu-mark.com\\\/fr\\\/product\\\/machine-de-marquage-et-de-gravure-electrochimique-eumark-set-02\\\/#breadcrumb\"},\"inLanguage\":\"fr-FR\",\"potentialAction\":[{\"@type\":\"ReadAction\",\"target\":[\"https:\\\/\\\/eu-mark.com\\\/fr\\\/product\\\/machine-de-marquage-et-de-gravure-electrochimique-eumark-set-02\\\/\"]}]},{\"@type\":\"ImageObject\",\"inLanguage\":\"fr-FR\",\"@id\":\"https:\\\/\\\/eu-mark.com\\\/fr\\\/product\\\/machine-de-marquage-et-de-gravure-electrochimique-eumark-set-02\\\/#primaryimage\",\"url\":\"https:\\\/\\\/eu-mark.com\\\/wp-content\\\/uploads\\\/2021\\\/03\\\/Eumark-set-02-web.webp\",\"contentUrl\":\"https:\\\/\\\/eu-mark.com\\\/wp-content\\\/uploads\\\/2021\\\/03\\\/Eumark-set-02-web.webp\",\"width\":971,\"height\":648},{\"@type\":\"BreadcrumbList\",\"@id\":\"https:\\\/\\\/eu-mark.com\\\/fr\\\/product\\\/machine-de-marquage-et-de-gravure-electrochimique-eumark-set-02\\\/#breadcrumb\",\"itemListElement\":[{\"@type\":\"ListItem\",\"position\":1,\"name\":\"Accueil\",\"item\":\"https:\\\/\\\/eu-mark.com\\\/fr\\\/accueil\\\/\"},{\"@type\":\"ListItem\",\"position\":2,\"name\":\"Boutique\",\"item\":\"https:\\\/\\\/eu-mark.com\\\/fr\\\/boutique\\\/\"},{\"@type\":\"ListItem\",\"position\":3,\"name\":\"Machine de marquage et de gravure \u00e9lectrochimique EUmark set 02\"}]},{\"@type\":\"WebSite\",\"@id\":\"https:\\\/\\\/eu-mark.com\\\/fr\\\/#website\",\"url\":\"https:\\\/\\\/eu-mark.com\\\/fr\\\/\",\"name\":\"eu-mark.com\",\"description\":\"Electrochemical marking etching\",\"publisher\":{\"@id\":\"https:\\\/\\\/eu-mark.com\\\/fr\\\/#organization\"},\"potentialAction\":[{\"@type\":\"SearchAction\",\"target\":{\"@type\":\"EntryPoint\",\"urlTemplate\":\"https:\\\/\\\/eu-mark.com\\\/fr\\\/?s={search_term_string}\"},\"query-input\":{\"@type\":\"PropertyValueSpecification\",\"valueRequired\":true,\"valueName\":\"search_term_string\"}}],\"inLanguage\":\"fr-FR\"},{\"@type\":\"Organization\",\"@id\":\"https:\\\/\\\/eu-mark.com\\\/fr\\\/#organization\",\"name\":\"EUMARK\",\"url\":\"https:\\\/\\\/eu-mark.com\\\/fr\\\/\",\"logo\":{\"@type\":\"ImageObject\",\"inLanguage\":\"fr-FR\",\"@id\":\"https:\\\/\\\/eu-mark.com\\\/fr\\\/#\\\/schema\\\/logo\\\/image\\\/\",\"url\":\"https:\\\/\\\/eu-mark.com\\\/wp-content\\\/uploads\\\/2025\\\/02\\\/eumark-logo-samo-EU-2018_06_19-10_17_06-UTC.jpg\",\"contentUrl\":\"https:\\\/\\\/eu-mark.com\\\/wp-content\\\/uploads\\\/2025\\\/02\\\/eumark-logo-samo-EU-2018_06_19-10_17_06-UTC.jpg\",\"width\":264,\"height\":268,\"caption\":\"EUMARK\"},\"image\":{\"@id\":\"https:\\\/\\\/eu-mark.com\\\/fr\\\/#\\\/schema\\\/logo\\\/image\\\/\"},\"sameAs\":[\"https:\\\/\\\/www.facebook.com\\\/eumark.de\\\/\",\"https:\\\/\\\/www.youtube.com\\\/channel\\\/UCehJsM6xcqIQLzp0y9MjYPg\",\"https:\\\/\\\/www.linkedin.com\\\/company\\\/eumark\\\/\",\"https:\\\/\\\/www.instagram.com\\\/eumark_de\"]}]}<\/script>\n<!-- \/ Yoast SEO plugin. -->","yoast_head_json":{"title":"Marquer le m\u00e9tal. Marquer une pi\u00e8ce m\u00e9tallique avec votre logo ou votre num\u00e9ro de s\u00e9rie.","description":"Marquage \u00e9lectrochimique et gravure \u00e0 la machine \u00e0 graver. Enfin, nous avons une solution pour r\u00e9aliser des pochoirs rapides, faciles et tr\u00e8s abordables \u00e0 la maison ou \u00e0 l'atelier.","robots":{"index":"index","follow":"follow","max-snippet":"max-snippet:-1","max-image-preview":"max-image-preview:large","max-video-preview":"max-video-preview:-1"},"canonical":"https:\/\/eu-mark.com\/fr\/product\/machine-de-marquage-et-de-gravure-electrochimique-eumark-set-02\/","og_locale":"fr_FR","og_type":"article","og_title":"Marquer le m\u00e9tal. Marquer une pi\u00e8ce m\u00e9tallique avec votre logo ou votre num\u00e9ro de s\u00e9rie.","og_description":"Marquage \u00e9lectrochimique et gravure \u00e0 la machine \u00e0 graver. Enfin, nous avons une solution pour r\u00e9aliser des pochoirs rapides, faciles et tr\u00e8s abordables \u00e0 la maison ou \u00e0 l'atelier.","og_url":"https:\/\/eu-mark.com\/fr\/product\/machine-de-marquage-et-de-gravure-electrochimique-eumark-set-02\/","og_site_name":"Electrochemical marking etching","article_publisher":"https:\/\/www.facebook.com\/eumark.de\/","og_image":[{"width":971,"height":648,"url":"https:\/\/eu-mark.com\/wp-content\/uploads\/2021\/03\/Eumark-set-02-web.webp","type":"image\/webp"}],"twitter_card":"summary_large_image","twitter_misc":{"Dur\u00e9e de lecture estim\u00e9e":"4 minutes"},"schema":{"@context":"https:\/\/schema.org","@graph":[{"@type":"WebPage","@id":"https:\/\/eu-mark.com\/fr\/product\/machine-de-marquage-et-de-gravure-electrochimique-eumark-set-02\/","url":"https:\/\/eu-mark.com\/fr\/product\/machine-de-marquage-et-de-gravure-electrochimique-eumark-set-02\/","name":"Marquer le m\u00e9tal. Marquer une pi\u00e8ce m\u00e9tallique avec votre logo ou votre num\u00e9ro de s\u00e9rie.","isPartOf":{"@id":"https:\/\/eu-mark.com\/fr\/#website"},"primaryImageOfPage":{"@id":"https:\/\/eu-mark.com\/fr\/product\/machine-de-marquage-et-de-gravure-electrochimique-eumark-set-02\/#primaryimage"},"image":{"@id":"https:\/\/eu-mark.com\/fr\/product\/machine-de-marquage-et-de-gravure-electrochimique-eumark-set-02\/#primaryimage"},"thumbnailUrl":"https:\/\/eu-mark.com\/wp-content\/uploads\/2021\/03\/Eumark-set-02-web.webp","datePublished":"2021-03-25T11:51:17+00:00","description":"Marquage \u00e9lectrochimique et gravure \u00e0 la machine \u00e0 graver. Enfin, nous avons une solution pour r\u00e9aliser des pochoirs rapides, faciles et tr\u00e8s abordables \u00e0 la maison ou \u00e0 l'atelier.","breadcrumb":{"@id":"https:\/\/eu-mark.com\/fr\/product\/machine-de-marquage-et-de-gravure-electrochimique-eumark-set-02\/#breadcrumb"},"inLanguage":"fr-FR","potentialAction":[{"@type":"ReadAction","target":["https:\/\/eu-mark.com\/fr\/product\/machine-de-marquage-et-de-gravure-electrochimique-eumark-set-02\/"]}]},{"@type":"ImageObject","inLanguage":"fr-FR","@id":"https:\/\/eu-mark.com\/fr\/product\/machine-de-marquage-et-de-gravure-electrochimique-eumark-set-02\/#primaryimage","url":"https:\/\/eu-mark.com\/wp-content\/uploads\/2021\/03\/Eumark-set-02-web.webp","contentUrl":"https:\/\/eu-mark.com\/wp-content\/uploads\/2021\/03\/Eumark-set-02-web.webp","width":971,"height":648},{"@type":"BreadcrumbList","@id":"https:\/\/eu-mark.com\/fr\/product\/machine-de-marquage-et-de-gravure-electrochimique-eumark-set-02\/#breadcrumb","itemListElement":[{"@type":"ListItem","position":1,"name":"Accueil","item":"https:\/\/eu-mark.com\/fr\/accueil\/"},{"@type":"ListItem","position":2,"name":"Boutique","item":"https:\/\/eu-mark.com\/fr\/boutique\/"},{"@type":"ListItem","position":3,"name":"Machine de marquage et de gravure \u00e9lectrochimique EUmark set 02"}]},{"@type":"WebSite","@id":"https:\/\/eu-mark.com\/fr\/#website","url":"https:\/\/eu-mark.com\/fr\/","name":"eu-mark.com","description":"Electrochemical marking etching","publisher":{"@id":"https:\/\/eu-mark.com\/fr\/#organization"},"potentialAction":[{"@type":"SearchAction","target":{"@type":"EntryPoint","urlTemplate":"https:\/\/eu-mark.com\/fr\/?s={search_term_string}"},"query-input":{"@type":"PropertyValueSpecification","valueRequired":true,"valueName":"search_term_string"}}],"inLanguage":"fr-FR"},{"@type":"Organization","@id":"https:\/\/eu-mark.com\/fr\/#organization","name":"EUMARK","url":"https:\/\/eu-mark.com\/fr\/","logo":{"@type":"ImageObject","inLanguage":"fr-FR","@id":"https:\/\/eu-mark.com\/fr\/#\/schema\/logo\/image\/","url":"https:\/\/eu-mark.com\/wp-content\/uploads\/2025\/02\/eumark-logo-samo-EU-2018_06_19-10_17_06-UTC.jpg","contentUrl":"https:\/\/eu-mark.com\/wp-content\/uploads\/2025\/02\/eumark-logo-samo-EU-2018_06_19-10_17_06-UTC.jpg","width":264,"height":268,"caption":"EUMARK"},"image":{"@id":"https:\/\/eu-mark.com\/fr\/#\/schema\/logo\/image\/"},"sameAs":["https:\/\/www.facebook.com\/eumark.de\/","https:\/\/www.youtube.com\/channel\/UCehJsM6xcqIQLzp0y9MjYPg","https:\/\/www.linkedin.com\/company\/eumark\/","https:\/\/www.instagram.com\/eumark_de"]}]}},"_links":{"self":[{"href":"https:\/\/eu-mark.com\/fr\/wp-json\/wp\/v2\/product\/6823","targetHints":{"allow":["GET"]}}],"collection":[{"href":"https:\/\/eu-mark.com\/fr\/wp-json\/wp\/v2\/product"}],"about":[{"href":"https:\/\/eu-mark.com\/fr\/wp-json\/wp\/v2\/types\/product"}],"replies":[{"embeddable":true,"href":"https:\/\/eu-mark.com\/fr\/wp-json\/wp\/v2\/comments?post=6823"}],"wp:featuredmedia":[{"embeddable":true,"href":"https:\/\/eu-mark.com\/fr\/wp-json\/wp\/v2\/media\/6829"}],"wp:attachment":[{"href":"https:\/\/eu-mark.com\/fr\/wp-json\/wp\/v2\/media?parent=6823"}],"wp:term":[{"taxonomy":"product_brand","embeddable":true,"href":"https:\/\/eu-mark.com\/fr\/wp-json\/wp\/v2\/product_brand?post=6823"},{"taxonomy":"product_cat","embeddable":true,"href":"https:\/\/eu-mark.com\/fr\/wp-json\/wp\/v2\/product_cat?post=6823"},{"taxonomy":"product_tag","embeddable":true,"href":"https:\/\/eu-mark.com\/fr\/wp-json\/wp\/v2\/product_tag?post=6823"}],"curies":[{"name":"wp","href":"https:\/\/api.w.org\/{rel}","templated":true}]}}