{"id":6981,"date":"2016-12-13T14:51:37","date_gmt":"2016-12-13T14:51:37","guid":{"rendered":"https:\/\/eu-mark.com\/product\/feltro-de-marcacao-filz-para-gravacao-eletroquimica-de-marcacoes-375x500mm-10-x19\/"},"modified":"2016-12-13T14:51:37","modified_gmt":"2016-12-13T14:51:37","slug":"feltro-de-marcacao-filz-para-gravacao-eletroquimica-de-marcacoes-375x500mm-10-x19","status":"publish","type":"product","link":"https:\/\/eu-mark.com\/pt-br\/product\/feltro-de-marcacao-filz-para-gravacao-eletroquimica-de-marcacoes-375x500mm-10-x19\/","title":{"rendered":"Feltro de marca\u00e7\u00e3o &#8211; Filz para grava\u00e7\u00e3o eletroqu\u00edmica de marca\u00e7\u00f5es 375x500mm 10 &#8220;x19&#8221;"},"content":{"rendered":"<p>O feltro de marca\u00e7\u00e3o \u00e9 projetado para marca\u00e7\u00e3o eletroqu\u00edmica e aceita todos os eletr\u00f3litos de marca\u00e7\u00e3o, al\u00e9m de ajudar a economizar o produto de marca\u00e7\u00e3o para que voc\u00ea possa us\u00e1-lo facilmente por muito tempo, sem necessidade de substitui\u00e7\u00e3o.<\/p>\n<table align=\"center\">\n<tbody>\n<tr>\n<td>\n<div id=\"ds_div\">\n<p>Se voc\u00ea precisar de ajuda ou suporte na \u00e1rea de marca\u00e7\u00e3o eletroqu\u00edmica, como est\u00eanceis, eletr\u00f3litos ou qualquer outra ajuda, entre em contato comigo. Tenho mais de 15 anos de experi\u00eancia nesse campo de marca\u00e7\u00e3o.<\/p>\n<p>E entre em contato comigo primeiro se voc\u00ea tiver alguma d\u00favida ou problema. <b>Qualidade padr\u00e3o do tipo A<\/b><\/p>\n<\/div>\n<\/td>\n<\/tr>\n<\/tbody>\n<\/table>\n<p>Se voc\u00ea precisar de ajuda ou suporte na \u00e1rea de marca\u00e7\u00e3o eletroqu\u00edmica, como est\u00eanceis, eletr\u00f3litos ou qualquer outra ajuda, entre em contato comigo. Tenho mais de 15 anos de experi\u00eancia nesse campo de marca\u00e7\u00e3o. E entre em contato comigo primeiro se voc\u00ea tiver alguma d\u00favida ou problema.<\/p>\n","protected":false},"excerpt":{"rendered":"<p><strong>Frete gr\u00e1tis para todo o mundo<\/strong><\/p>\n","protected":false},"featured_media":8032,"comment_status":"closed","ping_status":"closed","template":"","meta":[],"product_brand":[],"product_cat":[146],"product_tag":[157,156,158,155],"class_list":{"0":"post-6981","1":"product","2":"type-product","3":"status-publish","4":"has-post-thumbnail","6":"product_cat-gravacao-eletroquimica","7":"product_tag-eletroquimico","8":"product_tag-filz-pt-br","9":"product_tag-marcacao","10":"product_tag-sentida","11":"product_shipping_class-mxxx-pt-br","13":"first","14":"instock","15":"featured","16":"shipping-taxable","17":"purchasable","18":"product-type-simple"},"yoast_head":"<!-- This site is optimized with the Yoast SEO plugin v27.4 - https:\/\/yoast.com\/product\/yoast-seo-wordpress\/ -->\n<title>Feltro de marca\u00e7\u00e3o - Filz para grava\u00e7\u00e3o eletroqu\u00edmica de marca\u00e7\u00f5es 375x500mm 10 &quot;x19&quot; - Electrochemical marking etching Electrochemical marking etching %<\/title>\n<meta name=\"description\" content=\"Frete gr\u00e1tis para todo o mundo\" \/>\n<meta name=\"robots\" content=\"index, follow, max-snippet:-1, max-image-preview:large, max-video-preview:-1\" \/>\n<link rel=\"canonical\" href=\"https:\/\/eu-mark.com\/pt-br\/product\/feltro-de-marcacao-filz-para-gravacao-eletroquimica-de-marcacoes-375x500mm-10-x19\/\" \/>\n<meta property=\"og:locale\" content=\"pt_BR\" \/>\n<meta property=\"og:type\" content=\"article\" \/>\n<meta property=\"og:title\" content=\"Feltro de marca\u00e7\u00e3o - Filz para grava\u00e7\u00e3o eletroqu\u00edmica de marca\u00e7\u00f5es 375x500mm 10 &quot;x19&quot; - Electrochemical marking etching Electrochemical marking etching %\" \/>\n<meta property=\"og:description\" content=\"Frete gr\u00e1tis para todo o mundo\" \/>\n<meta property=\"og:url\" content=\"https:\/\/eu-mark.com\/pt-br\/product\/feltro-de-marcacao-filz-para-gravacao-eletroquimica-de-marcacoes-375x500mm-10-x19\/\" \/>\n<meta property=\"og:site_name\" content=\"Electrochemical marking etching\" \/>\n<meta property=\"article:publisher\" content=\"https:\/\/www.facebook.com\/eumark.de\/\" \/>\n<meta property=\"og:image\" content=\"https:\/\/eu-mark.com\/wp-content\/uploads\/2016\/12\/making_engraving-electrochemical_template-14-300x300.jpg\" \/>\n<meta name=\"twitter:card\" content=\"summary_large_image\" \/>\n<meta name=\"twitter:label1\" content=\"Est. tempo de leitura\" \/>\n\t<meta name=\"twitter:data1\" content=\"1 minuto\" \/>\n<script type=\"application\/ld+json\" class=\"yoast-schema-graph\">{\"@context\":\"https:\\\/\\\/schema.org\",\"@graph\":[{\"@type\":\"WebPage\",\"@id\":\"https:\\\/\\\/eu-mark.com\\\/pt-br\\\/product\\\/feltro-de-marcacao-filz-para-gravacao-eletroquimica-de-marcacoes-375x500mm-10-x19\\\/\",\"url\":\"https:\\\/\\\/eu-mark.com\\\/pt-br\\\/product\\\/feltro-de-marcacao-filz-para-gravacao-eletroquimica-de-marcacoes-375x500mm-10-x19\\\/\",\"name\":\"Feltro de marca\u00e7\u00e3o - Filz para grava\u00e7\u00e3o eletroqu\u00edmica de marca\u00e7\u00f5es 375x500mm 10 \\\"x19\\\" - Electrochemical marking etching Electrochemical marking etching %\",\"isPartOf\":{\"@id\":\"https:\\\/\\\/eu-mark.com\\\/pt-br\\\/#website\"},\"primaryImageOfPage\":{\"@id\":\"https:\\\/\\\/eu-mark.com\\\/pt-br\\\/product\\\/feltro-de-marcacao-filz-para-gravacao-eletroquimica-de-marcacoes-375x500mm-10-x19\\\/#primaryimage\"},\"image\":{\"@id\":\"https:\\\/\\\/eu-mark.com\\\/pt-br\\\/product\\\/feltro-de-marcacao-filz-para-gravacao-eletroquimica-de-marcacoes-375x500mm-10-x19\\\/#primaryimage\"},\"thumbnailUrl\":\"https:\\\/\\\/eu-mark.com\\\/wp-content\\\/uploads\\\/2016\\\/12\\\/IMG_7538-e1688649499245.jpg\",\"datePublished\":\"2016-12-13T14:51:37+00:00\",\"description\":\"Frete gr\u00e1tis para todo o mundo\",\"breadcrumb\":{\"@id\":\"https:\\\/\\\/eu-mark.com\\\/pt-br\\\/product\\\/feltro-de-marcacao-filz-para-gravacao-eletroquimica-de-marcacoes-375x500mm-10-x19\\\/#breadcrumb\"},\"inLanguage\":\"pt-BR\",\"potentialAction\":[{\"@type\":\"ReadAction\",\"target\":[\"https:\\\/\\\/eu-mark.com\\\/pt-br\\\/product\\\/feltro-de-marcacao-filz-para-gravacao-eletroquimica-de-marcacoes-375x500mm-10-x19\\\/\"]}]},{\"@type\":\"ImageObject\",\"inLanguage\":\"pt-BR\",\"@id\":\"https:\\\/\\\/eu-mark.com\\\/pt-br\\\/product\\\/feltro-de-marcacao-filz-para-gravacao-eletroquimica-de-marcacoes-375x500mm-10-x19\\\/#primaryimage\",\"url\":\"https:\\\/\\\/eu-mark.com\\\/wp-content\\\/uploads\\\/2016\\\/12\\\/IMG_7538-e1688649499245.jpg\",\"contentUrl\":\"https:\\\/\\\/eu-mark.com\\\/wp-content\\\/uploads\\\/2016\\\/12\\\/IMG_7538-e1688649499245.jpg\",\"width\":1200,\"height\":800,\"caption\":\"Felt Filtz for electrochemical marking A i B HQ\"},{\"@type\":\"BreadcrumbList\",\"@id\":\"https:\\\/\\\/eu-mark.com\\\/pt-br\\\/product\\\/feltro-de-marcacao-filz-para-gravacao-eletroquimica-de-marcacoes-375x500mm-10-x19\\\/#breadcrumb\",\"itemListElement\":[{\"@type\":\"ListItem\",\"position\":1,\"name\":\"In\u00edcio\",\"item\":\"https:\\\/\\\/eu-mark.com\\\/pt-br\\\/home\\\/\"},{\"@type\":\"ListItem\",\"position\":2,\"name\":\"Loja\",\"item\":\"https:\\\/\\\/eu-mark.com\\\/pt-br\\\/loja\\\/\"},{\"@type\":\"ListItem\",\"position\":3,\"name\":\"Feltro de marca\u00e7\u00e3o &#8211; Filz para grava\u00e7\u00e3o eletroqu\u00edmica de marca\u00e7\u00f5es 375x500mm 10 &#8222;x19&#8220;\"}]},{\"@type\":\"WebSite\",\"@id\":\"https:\\\/\\\/eu-mark.com\\\/pt-br\\\/#website\",\"url\":\"https:\\\/\\\/eu-mark.com\\\/pt-br\\\/\",\"name\":\"eu-mark.com\",\"description\":\"Electrochemical marking etching\",\"publisher\":{\"@id\":\"https:\\\/\\\/eu-mark.com\\\/pt-br\\\/#organization\"},\"potentialAction\":[{\"@type\":\"SearchAction\",\"target\":{\"@type\":\"EntryPoint\",\"urlTemplate\":\"https:\\\/\\\/eu-mark.com\\\/pt-br\\\/?s={search_term_string}\"},\"query-input\":{\"@type\":\"PropertyValueSpecification\",\"valueRequired\":true,\"valueName\":\"search_term_string\"}}],\"inLanguage\":\"pt-BR\"},{\"@type\":\"Organization\",\"@id\":\"https:\\\/\\\/eu-mark.com\\\/pt-br\\\/#organization\",\"name\":\"EUMARK\",\"url\":\"https:\\\/\\\/eu-mark.com\\\/pt-br\\\/\",\"logo\":{\"@type\":\"ImageObject\",\"inLanguage\":\"pt-BR\",\"@id\":\"https:\\\/\\\/eu-mark.com\\\/pt-br\\\/#\\\/schema\\\/logo\\\/image\\\/\",\"url\":\"https:\\\/\\\/eu-mark.com\\\/wp-content\\\/uploads\\\/2025\\\/02\\\/eumark-logo-samo-EU-2018_06_19-10_17_06-UTC.jpg\",\"contentUrl\":\"https:\\\/\\\/eu-mark.com\\\/wp-content\\\/uploads\\\/2025\\\/02\\\/eumark-logo-samo-EU-2018_06_19-10_17_06-UTC.jpg\",\"width\":264,\"height\":268,\"caption\":\"EUMARK\"},\"image\":{\"@id\":\"https:\\\/\\\/eu-mark.com\\\/pt-br\\\/#\\\/schema\\\/logo\\\/image\\\/\"},\"sameAs\":[\"https:\\\/\\\/www.facebook.com\\\/eumark.de\\\/\",\"https:\\\/\\\/www.youtube.com\\\/channel\\\/UCehJsM6xcqIQLzp0y9MjYPg\",\"https:\\\/\\\/www.linkedin.com\\\/company\\\/eumark\\\/\",\"https:\\\/\\\/www.instagram.com\\\/eumark_de\"]}]}<\/script>\n<!-- \/ Yoast SEO plugin. -->","yoast_head_json":{"title":"Feltro de marca\u00e7\u00e3o - Filz para grava\u00e7\u00e3o eletroqu\u00edmica de marca\u00e7\u00f5es 375x500mm 10 \"x19\" - Electrochemical marking etching Electrochemical marking etching %","description":"Frete gr\u00e1tis para todo o mundo","robots":{"index":"index","follow":"follow","max-snippet":"max-snippet:-1","max-image-preview":"max-image-preview:large","max-video-preview":"max-video-preview:-1"},"canonical":"https:\/\/eu-mark.com\/pt-br\/product\/feltro-de-marcacao-filz-para-gravacao-eletroquimica-de-marcacoes-375x500mm-10-x19\/","og_locale":"pt_BR","og_type":"article","og_title":"Feltro de marca\u00e7\u00e3o - Filz para grava\u00e7\u00e3o eletroqu\u00edmica de marca\u00e7\u00f5es 375x500mm 10 \"x19\" - Electrochemical marking etching Electrochemical marking etching %","og_description":"Frete gr\u00e1tis para todo o mundo","og_url":"https:\/\/eu-mark.com\/pt-br\/product\/feltro-de-marcacao-filz-para-gravacao-eletroquimica-de-marcacoes-375x500mm-10-x19\/","og_site_name":"Electrochemical marking etching","article_publisher":"https:\/\/www.facebook.com\/eumark.de\/","og_image":[{"url":"https:\/\/eu-mark.com\/wp-content\/uploads\/2016\/12\/making_engraving-electrochemical_template-14-300x300.jpg","type":"","width":"","height":""}],"twitter_card":"summary_large_image","twitter_misc":{"Est. tempo de leitura":"1 minuto"},"schema":{"@context":"https:\/\/schema.org","@graph":[{"@type":"WebPage","@id":"https:\/\/eu-mark.com\/pt-br\/product\/feltro-de-marcacao-filz-para-gravacao-eletroquimica-de-marcacoes-375x500mm-10-x19\/","url":"https:\/\/eu-mark.com\/pt-br\/product\/feltro-de-marcacao-filz-para-gravacao-eletroquimica-de-marcacoes-375x500mm-10-x19\/","name":"Feltro de marca\u00e7\u00e3o - Filz para grava\u00e7\u00e3o eletroqu\u00edmica de marca\u00e7\u00f5es 375x500mm 10 \"x19\" - Electrochemical marking etching Electrochemical marking etching %","isPartOf":{"@id":"https:\/\/eu-mark.com\/pt-br\/#website"},"primaryImageOfPage":{"@id":"https:\/\/eu-mark.com\/pt-br\/product\/feltro-de-marcacao-filz-para-gravacao-eletroquimica-de-marcacoes-375x500mm-10-x19\/#primaryimage"},"image":{"@id":"https:\/\/eu-mark.com\/pt-br\/product\/feltro-de-marcacao-filz-para-gravacao-eletroquimica-de-marcacoes-375x500mm-10-x19\/#primaryimage"},"thumbnailUrl":"https:\/\/eu-mark.com\/wp-content\/uploads\/2016\/12\/IMG_7538-e1688649499245.jpg","datePublished":"2016-12-13T14:51:37+00:00","description":"Frete gr\u00e1tis para todo o mundo","breadcrumb":{"@id":"https:\/\/eu-mark.com\/pt-br\/product\/feltro-de-marcacao-filz-para-gravacao-eletroquimica-de-marcacoes-375x500mm-10-x19\/#breadcrumb"},"inLanguage":"pt-BR","potentialAction":[{"@type":"ReadAction","target":["https:\/\/eu-mark.com\/pt-br\/product\/feltro-de-marcacao-filz-para-gravacao-eletroquimica-de-marcacoes-375x500mm-10-x19\/"]}]},{"@type":"ImageObject","inLanguage":"pt-BR","@id":"https:\/\/eu-mark.com\/pt-br\/product\/feltro-de-marcacao-filz-para-gravacao-eletroquimica-de-marcacoes-375x500mm-10-x19\/#primaryimage","url":"https:\/\/eu-mark.com\/wp-content\/uploads\/2016\/12\/IMG_7538-e1688649499245.jpg","contentUrl":"https:\/\/eu-mark.com\/wp-content\/uploads\/2016\/12\/IMG_7538-e1688649499245.jpg","width":1200,"height":800,"caption":"Felt Filtz for electrochemical marking A i B HQ"},{"@type":"BreadcrumbList","@id":"https:\/\/eu-mark.com\/pt-br\/product\/feltro-de-marcacao-filz-para-gravacao-eletroquimica-de-marcacoes-375x500mm-10-x19\/#breadcrumb","itemListElement":[{"@type":"ListItem","position":1,"name":"In\u00edcio","item":"https:\/\/eu-mark.com\/pt-br\/home\/"},{"@type":"ListItem","position":2,"name":"Loja","item":"https:\/\/eu-mark.com\/pt-br\/loja\/"},{"@type":"ListItem","position":3,"name":"Feltro de marca\u00e7\u00e3o &#8211; Filz para grava\u00e7\u00e3o eletroqu\u00edmica de marca\u00e7\u00f5es 375x500mm 10 &#8222;x19&#8220;"}]},{"@type":"WebSite","@id":"https:\/\/eu-mark.com\/pt-br\/#website","url":"https:\/\/eu-mark.com\/pt-br\/","name":"eu-mark.com","description":"Electrochemical marking etching","publisher":{"@id":"https:\/\/eu-mark.com\/pt-br\/#organization"},"potentialAction":[{"@type":"SearchAction","target":{"@type":"EntryPoint","urlTemplate":"https:\/\/eu-mark.com\/pt-br\/?s={search_term_string}"},"query-input":{"@type":"PropertyValueSpecification","valueRequired":true,"valueName":"search_term_string"}}],"inLanguage":"pt-BR"},{"@type":"Organization","@id":"https:\/\/eu-mark.com\/pt-br\/#organization","name":"EUMARK","url":"https:\/\/eu-mark.com\/pt-br\/","logo":{"@type":"ImageObject","inLanguage":"pt-BR","@id":"https:\/\/eu-mark.com\/pt-br\/#\/schema\/logo\/image\/","url":"https:\/\/eu-mark.com\/wp-content\/uploads\/2025\/02\/eumark-logo-samo-EU-2018_06_19-10_17_06-UTC.jpg","contentUrl":"https:\/\/eu-mark.com\/wp-content\/uploads\/2025\/02\/eumark-logo-samo-EU-2018_06_19-10_17_06-UTC.jpg","width":264,"height":268,"caption":"EUMARK"},"image":{"@id":"https:\/\/eu-mark.com\/pt-br\/#\/schema\/logo\/image\/"},"sameAs":["https:\/\/www.facebook.com\/eumark.de\/","https:\/\/www.youtube.com\/channel\/UCehJsM6xcqIQLzp0y9MjYPg","https:\/\/www.linkedin.com\/company\/eumark\/","https:\/\/www.instagram.com\/eumark_de"]}]}},"_links":{"self":[{"href":"https:\/\/eu-mark.com\/pt-br\/wp-json\/wp\/v2\/product\/6981","targetHints":{"allow":["GET"]}}],"collection":[{"href":"https:\/\/eu-mark.com\/pt-br\/wp-json\/wp\/v2\/product"}],"about":[{"href":"https:\/\/eu-mark.com\/pt-br\/wp-json\/wp\/v2\/types\/product"}],"replies":[{"embeddable":true,"href":"https:\/\/eu-mark.com\/pt-br\/wp-json\/wp\/v2\/comments?post=6981"}],"wp:featuredmedia":[{"embeddable":true,"href":"https:\/\/eu-mark.com\/pt-br\/wp-json\/wp\/v2\/media\/8032"}],"wp:attachment":[{"href":"https:\/\/eu-mark.com\/pt-br\/wp-json\/wp\/v2\/media?parent=6981"}],"wp:term":[{"taxonomy":"product_brand","embeddable":true,"href":"https:\/\/eu-mark.com\/pt-br\/wp-json\/wp\/v2\/product_brand?post=6981"},{"taxonomy":"product_cat","embeddable":true,"href":"https:\/\/eu-mark.com\/pt-br\/wp-json\/wp\/v2\/product_cat?post=6981"},{"taxonomy":"product_tag","embeddable":true,"href":"https:\/\/eu-mark.com\/pt-br\/wp-json\/wp\/v2\/product_tag?post=6981"}],"curies":[{"name":"wp","href":"https:\/\/api.w.org\/{rel}","templated":true}]}}