{"id":7132,"date":"2021-03-25T11:39:13","date_gmt":"2021-03-25T11:39:13","guid":{"rendered":"https:\/\/eu-mark.com\/product\/impressora-de-estencil-eumark-58-mm-com-fitas-de-estencil-6-unidades-58-mm-x-10-metros-de-comprimento\/"},"modified":"2021-03-25T11:39:13","modified_gmt":"2021-03-25T11:39:13","slug":"impressora-de-estencil-eumark-58-mm-com-fitas-de-estencil-6-unidades-58-mm-x-10-metros-de-comprimento","status":"publish","type":"product","link":"https:\/\/eu-mark.com\/pt-br\/product\/impressora-de-estencil-eumark-58-mm-com-fitas-de-estencil-6-unidades-58-mm-x-10-metros-de-comprimento\/","title":{"rendered":"Impressora de est\u00eancil EUmark 58 mm com fitas de est\u00eancil 6 unidades (58 mm x 10 metros de comprimento)"},"content":{"rendered":"<h1 style=\"text-align: center;\">Marca\u00e7\u00e3o de metal. Marca\u00e7\u00e3o de pe\u00e7as met\u00e1licas com seu logotipo ou n\u00famero de s\u00e9rie. <a href=\"https:\/\/eumark.biz\/en-us\/blogs\/news\/mastering-the-art-of-electrochemical-marking-engraving-enhancing-stencil-quality\">Substitui\u00e7\u00e3o da fita de est\u00eancil da Casio<\/a>. <\/h1>\n<p>Finalmente, temos a solu\u00e7\u00e3o para voc\u00ea fazer est\u00eanceis de forma r\u00e1pida, f\u00e1cil e muito econ\u00f4mica em casa ou na oficina. Voc\u00ea precisa de uma impressora e de uma fita de est\u00eancil para marcar (a marca\u00e7\u00e3o eletroqu\u00edmica \u00e9 uma grava\u00e7\u00e3o eletroqu\u00edmica da superf\u00edcie do metal). Quando voc\u00ea usa nossa impressora de est\u00eancil com fitas de est\u00eancil, precisa de apenas alguns minutos para fazer seu pr\u00f3prio est\u00eancil e marcar rapidamente. Marca\u00e7\u00e3o de metal Marca\u00e7\u00e3o de pe\u00e7as met\u00e1licas com logotipo, texto ou n\u00famero de s\u00e9rie<\/p>\n<p><em><strong>N\u00fameros de s\u00e9rie, data, texto e at\u00e9 mesmo o logotipo podem ser feitos em apenas alguns minutos!!!<\/strong><\/em><\/p>\n<p><em><strong>1. o que \u00e9 marca\u00e7\u00e3o eletroqu\u00edmica?<\/strong><\/em>  A marca\u00e7\u00e3o eletroqu\u00edmica \u00e9 uma grava\u00e7\u00e3o eletroqu\u00edmica de superf\u00edcies met\u00e1licas que utiliza uma pequena quantidade de corrente el\u00e9trica, um eletr\u00f3lito, um marcador com uma almofada para reter o eletr\u00f3lito e conduzir a corrente e um est\u00eancil com a imagem necess\u00e1ria. <em><strong>2. <a href=\"\">Fatos sobre marca\u00e7\u00e3o eletroqu\u00edmica<\/a><\/strong> <\/em>(r\u00e1pida, barata, simples, segura e de alta qualidade) A marca\u00e7\u00e3o eletroqu\u00edmica \u00e9 a t\u00e9cnica mais r\u00e1pida para a marca\u00e7\u00e3o permanente de superf\u00edcies met\u00e1licas condutoras. Ela produz uma marca n\u00edtida, limpa, atraente e econ\u00f4mica sem danificar, estressar ou distorcer a pe\u00e7a marcada. A impress\u00e3o \u00e9 dur\u00e1vel e sem bordas. N\u00e3o h\u00e1 corros\u00e3o ou outro efeito negativo sobre o material.<\/p>\n<p>     O processo leva apenas alguns segundos e as marcas t\u00eam cerca de 0,025 mm de profundidade. Dependendo da fun\u00e7\u00e3o e do eletr\u00f3lito selecionado, voc\u00ea pode obter marcas claras de corros\u00e3o, marcas de \u00f3xido preto ou marcas brancas em componentes quimicamente escurecidos. O formato da pe\u00e7a pode ser plano, redondo, s\u00f3lido ou oco, montado ou n\u00e3o. O equipamento \u00e9 muito confi\u00e1vel, de longa dura\u00e7\u00e3o e adequado a muitas necessidades industriais. Todo o processo \u00e9 muito simples, n\u00e3o requer muito espa\u00e7o, pode ser realizado durante a fabrica\u00e7\u00e3o ou antes da entrega, n\u00e3o requer nenhum treinamento especial e \u00e9 muito seguro. <em><strong>3. Onde voc\u00ea pode usar a marca\u00e7\u00e3o eletroqu\u00edmica?<\/strong><\/em> Uma grande variedade de fabricantes utiliza a marca\u00e7\u00e3o eletroqu\u00edmica. O processo \u00e9 amplamente utilizado para marcar talheres, ferramentas, machos, brocas, l\u00e2minas de serra e nos setores automotivo e a\u00e9reo. Al\u00e9m disso, pequenas empresas, amadores e artistas podem usar a marca\u00e7\u00e3o eletroqu\u00edmica.    <\/p>\n<p><img loading=\"lazy\" decoding=\"async\" class=\"alignnone size-medium wp-image-5228\" src=\"https:\/\/eu-mark.com\/wp-content\/uploads\/2021\/04\/making-template-stencil-printer-01-300x300.jpg\" alt=\"Impressora de est\u00eancil de modelo\" width=\"300\" height=\"300\" srcset=\"https:\/\/eu-mark.com\/wp-content\/uploads\/2021\/04\/making-template-stencil-printer-01-300x300.jpg 300w, https:\/\/eu-mark.com\/wp-content\/uploads\/2021\/04\/making-template-stencil-printer-01-150x150.jpg 150w, https:\/\/eu-mark.com\/wp-content\/uploads\/2021\/04\/making-template-stencil-printer-01-768x768.jpg 768w, https:\/\/eu-mark.com\/wp-content\/uploads\/2021\/04\/making-template-stencil-printer-01-510x510.jpg 510w, https:\/\/eu-mark.com\/wp-content\/uploads\/2021\/04\/making-template-stencil-printer-01-100x100.jpg 100w, https:\/\/eu-mark.com\/wp-content\/uploads\/2021\/04\/making-template-stencil-printer-01-60x60.jpg 60w, https:\/\/eu-mark.com\/wp-content\/uploads\/2021\/04\/making-template-stencil-printer-01-90x90.jpg 90w, https:\/\/eu-mark.com\/wp-content\/uploads\/2021\/04\/making-template-stencil-printer-01.jpg 1000w\" sizes=\"auto, (max-width: 300px) 100vw, 300px\" \/><\/p>\n<p>Marca\u00e7\u00e3o de metal Marca\u00e7\u00e3o de pe\u00e7a met\u00e1lica com logotipo, texto ou n\u00famero de s\u00e9rie<\/p>\n","protected":false},"excerpt":{"rendered":"<p><strong>Frete gr\u00e1tis para todo o mundo<\/strong><\/p>\n<p>Voc\u00ea n\u00e3o precisa ter uma conta no PayPal Impressora de est\u00eancil EUmark de 58 mm com fitas de est\u00eancil 6 unidades (58 mm x 10 metros de comprimento) Finalmente, temos a solu\u00e7\u00e3o para fazer est\u00eancis de forma r\u00e1pida, f\u00e1cil e muito econ\u00f4mica em casa ou na oficina. Voc\u00ea precisa de uma impressora e de uma fita de est\u00eancil para marcar (a marca\u00e7\u00e3o eletroqu\u00edmica \u00e9 uma grava\u00e7\u00e3o eletroqu\u00edmica da superf\u00edcie do metal). Quando voc\u00ea usa nossa impressora de est\u00eancil com fitas de est\u00eancil, precisa de apenas alguns minutos para fazer seu pr\u00f3prio est\u00eancil e marcar rapidamente.<\/p>\n<p><em><strong>N\u00fameros de s\u00e9rie, data, texto e at\u00e9 mesmo o logotipo podem ser feitos em apenas alguns minutos!!!<\/strong><\/em><\/p>\n","protected":false},"featured_media":7356,"comment_status":"open","ping_status":"closed","template":"","meta":[],"product_brand":[],"product_cat":[146],"product_tag":[],"class_list":{"0":"post-7132","1":"product","2":"type-product","3":"status-publish","4":"has-post-thumbnail","6":"product_cat-gravacao-eletroquimica","8":"first","9":"instock","10":"shipping-taxable","11":"purchasable","12":"product-type-simple"},"yoast_head":"<!-- This site is optimized with the Yoast SEO plugin v27.4 - https:\/\/yoast.com\/product\/yoast-seo-wordpress\/ -->\n<title>Marca\u00e7\u00e3o de metal Marca\u00e7\u00e3o de pe\u00e7a met\u00e1lica com logotipo, texto ou n\u00famero de s\u00e9rie<\/title>\n<meta name=\"description\" content=\"Marca\u00e7\u00e3o de metal Marca\u00e7\u00e3o de pe\u00e7as met\u00e1licas com logotipo, texto ou n\u00famero de s\u00e9rie. Finalmente, temos a solu\u00e7\u00e3o para fazer est\u00eanceis de forma r\u00e1pida, f\u00e1cil e muito econ\u00f4mica em casa ou na oficina, pois voc\u00ea precisa de uma impressora e fita de est\u00eancil para marcar\" \/>\n<meta name=\"robots\" content=\"index, follow, max-snippet:-1, max-image-preview:large, max-video-preview:-1\" \/>\n<link rel=\"canonical\" href=\"https:\/\/eu-mark.com\/pt-br\/product\/impressora-de-estencil-eumark-58-mm-com-fitas-de-estencil-6-unidades-58-mm-x-10-metros-de-comprimento\/\" \/>\n<meta property=\"og:locale\" content=\"pt_BR\" \/>\n<meta property=\"og:type\" content=\"article\" \/>\n<meta property=\"og:title\" content=\"Marca\u00e7\u00e3o de metal Marca\u00e7\u00e3o de pe\u00e7a met\u00e1lica com logotipo, texto ou n\u00famero de s\u00e9rie\" \/>\n<meta property=\"og:description\" content=\"Marca\u00e7\u00e3o de metal Marca\u00e7\u00e3o de pe\u00e7as met\u00e1licas com logotipo, texto ou n\u00famero de s\u00e9rie. Finalmente, temos a solu\u00e7\u00e3o para fazer est\u00eanceis de forma r\u00e1pida, f\u00e1cil e muito econ\u00f4mica em casa ou na oficina, pois voc\u00ea precisa de uma impressora e fita de est\u00eancil para marcar\" \/>\n<meta property=\"og:url\" content=\"https:\/\/eu-mark.com\/pt-br\/product\/impressora-de-estencil-eumark-58-mm-com-fitas-de-estencil-6-unidades-58-mm-x-10-metros-de-comprimento\/\" \/>\n<meta property=\"og:site_name\" content=\"Electrochemical marking etching\" \/>\n<meta property=\"article:publisher\" content=\"https:\/\/www.facebook.com\/eumark.de\/\" \/>\n<meta property=\"og:image\" content=\"https:\/\/eu-mark.com\/wp-content\/uploads\/2021\/04\/stencil_printer_eumark_P58D_2inch.jpg\" \/>\n\t<meta property=\"og:image:width\" content=\"1000\" \/>\n\t<meta property=\"og:image:height\" content=\"1000\" \/>\n\t<meta property=\"og:image:type\" content=\"image\/jpeg\" \/>\n<meta name=\"twitter:card\" content=\"summary_large_image\" \/>\n<meta name=\"twitter:label1\" content=\"Est. tempo de leitura\" \/>\n\t<meta name=\"twitter:data1\" content=\"2 minutos\" \/>\n<script type=\"application\/ld+json\" class=\"yoast-schema-graph\">{\"@context\":\"https:\\\/\\\/schema.org\",\"@graph\":[{\"@type\":\"WebPage\",\"@id\":\"https:\\\/\\\/eu-mark.com\\\/pt-br\\\/product\\\/impressora-de-estencil-eumark-58-mm-com-fitas-de-estencil-6-unidades-58-mm-x-10-metros-de-comprimento\\\/\",\"url\":\"https:\\\/\\\/eu-mark.com\\\/pt-br\\\/product\\\/impressora-de-estencil-eumark-58-mm-com-fitas-de-estencil-6-unidades-58-mm-x-10-metros-de-comprimento\\\/\",\"name\":\"Marca\u00e7\u00e3o de metal Marca\u00e7\u00e3o de pe\u00e7a met\u00e1lica com logotipo, texto ou n\u00famero de s\u00e9rie\",\"isPartOf\":{\"@id\":\"https:\\\/\\\/eu-mark.com\\\/pt-br\\\/#website\"},\"primaryImageOfPage\":{\"@id\":\"https:\\\/\\\/eu-mark.com\\\/pt-br\\\/product\\\/impressora-de-estencil-eumark-58-mm-com-fitas-de-estencil-6-unidades-58-mm-x-10-metros-de-comprimento\\\/#primaryimage\"},\"image\":{\"@id\":\"https:\\\/\\\/eu-mark.com\\\/pt-br\\\/product\\\/impressora-de-estencil-eumark-58-mm-com-fitas-de-estencil-6-unidades-58-mm-x-10-metros-de-comprimento\\\/#primaryimage\"},\"thumbnailUrl\":\"https:\\\/\\\/eu-mark.com\\\/wp-content\\\/uploads\\\/2021\\\/04\\\/stencil_printer_eumark_P58D_2inch.jpg\",\"datePublished\":\"2021-03-25T11:39:13+00:00\",\"description\":\"Marca\u00e7\u00e3o de metal Marca\u00e7\u00e3o de pe\u00e7as met\u00e1licas com logotipo, texto ou n\u00famero de s\u00e9rie. Finalmente, temos a solu\u00e7\u00e3o para fazer est\u00eanceis de forma r\u00e1pida, f\u00e1cil e muito econ\u00f4mica em casa ou na oficina, pois voc\u00ea precisa de uma impressora e fita de est\u00eancil para marcar\",\"breadcrumb\":{\"@id\":\"https:\\\/\\\/eu-mark.com\\\/pt-br\\\/product\\\/impressora-de-estencil-eumark-58-mm-com-fitas-de-estencil-6-unidades-58-mm-x-10-metros-de-comprimento\\\/#breadcrumb\"},\"inLanguage\":\"pt-BR\",\"potentialAction\":[{\"@type\":\"ReadAction\",\"target\":[\"https:\\\/\\\/eu-mark.com\\\/pt-br\\\/product\\\/impressora-de-estencil-eumark-58-mm-com-fitas-de-estencil-6-unidades-58-mm-x-10-metros-de-comprimento\\\/\"]}]},{\"@type\":\"ImageObject\",\"inLanguage\":\"pt-BR\",\"@id\":\"https:\\\/\\\/eu-mark.com\\\/pt-br\\\/product\\\/impressora-de-estencil-eumark-58-mm-com-fitas-de-estencil-6-unidades-58-mm-x-10-metros-de-comprimento\\\/#primaryimage\",\"url\":\"https:\\\/\\\/eu-mark.com\\\/wp-content\\\/uploads\\\/2021\\\/04\\\/stencil_printer_eumark_P58D_2inch.jpg\",\"contentUrl\":\"https:\\\/\\\/eu-mark.com\\\/wp-content\\\/uploads\\\/2021\\\/04\\\/stencil_printer_eumark_P58D_2inch.jpg\",\"width\":1000,\"height\":1000},{\"@type\":\"BreadcrumbList\",\"@id\":\"https:\\\/\\\/eu-mark.com\\\/pt-br\\\/product\\\/impressora-de-estencil-eumark-58-mm-com-fitas-de-estencil-6-unidades-58-mm-x-10-metros-de-comprimento\\\/#breadcrumb\",\"itemListElement\":[{\"@type\":\"ListItem\",\"position\":1,\"name\":\"In\u00edcio\",\"item\":\"https:\\\/\\\/eu-mark.com\\\/pt-br\\\/home\\\/\"},{\"@type\":\"ListItem\",\"position\":2,\"name\":\"Loja\",\"item\":\"https:\\\/\\\/eu-mark.com\\\/pt-br\\\/loja\\\/\"},{\"@type\":\"ListItem\",\"position\":3,\"name\":\"Impressora de est\u00eancil EUmark 58 mm com fitas de est\u00eancil 6 unidades (58 mm x 10 metros de comprimento)\"}]},{\"@type\":\"WebSite\",\"@id\":\"https:\\\/\\\/eu-mark.com\\\/pt-br\\\/#website\",\"url\":\"https:\\\/\\\/eu-mark.com\\\/pt-br\\\/\",\"name\":\"eu-mark.com\",\"description\":\"Electrochemical marking etching\",\"publisher\":{\"@id\":\"https:\\\/\\\/eu-mark.com\\\/pt-br\\\/#organization\"},\"potentialAction\":[{\"@type\":\"SearchAction\",\"target\":{\"@type\":\"EntryPoint\",\"urlTemplate\":\"https:\\\/\\\/eu-mark.com\\\/pt-br\\\/?s={search_term_string}\"},\"query-input\":{\"@type\":\"PropertyValueSpecification\",\"valueRequired\":true,\"valueName\":\"search_term_string\"}}],\"inLanguage\":\"pt-BR\"},{\"@type\":\"Organization\",\"@id\":\"https:\\\/\\\/eu-mark.com\\\/pt-br\\\/#organization\",\"name\":\"EUMARK\",\"url\":\"https:\\\/\\\/eu-mark.com\\\/pt-br\\\/\",\"logo\":{\"@type\":\"ImageObject\",\"inLanguage\":\"pt-BR\",\"@id\":\"https:\\\/\\\/eu-mark.com\\\/pt-br\\\/#\\\/schema\\\/logo\\\/image\\\/\",\"url\":\"https:\\\/\\\/eu-mark.com\\\/wp-content\\\/uploads\\\/2025\\\/02\\\/eumark-logo-samo-EU-2018_06_19-10_17_06-UTC.jpg\",\"contentUrl\":\"https:\\\/\\\/eu-mark.com\\\/wp-content\\\/uploads\\\/2025\\\/02\\\/eumark-logo-samo-EU-2018_06_19-10_17_06-UTC.jpg\",\"width\":264,\"height\":268,\"caption\":\"EUMARK\"},\"image\":{\"@id\":\"https:\\\/\\\/eu-mark.com\\\/pt-br\\\/#\\\/schema\\\/logo\\\/image\\\/\"},\"sameAs\":[\"https:\\\/\\\/www.facebook.com\\\/eumark.de\\\/\",\"https:\\\/\\\/www.youtube.com\\\/channel\\\/UCehJsM6xcqIQLzp0y9MjYPg\",\"https:\\\/\\\/www.linkedin.com\\\/company\\\/eumark\\\/\",\"https:\\\/\\\/www.instagram.com\\\/eumark_de\"]}]}<\/script>\n<!-- \/ Yoast SEO plugin. -->","yoast_head_json":{"title":"Marca\u00e7\u00e3o de metal Marca\u00e7\u00e3o de pe\u00e7a met\u00e1lica com logotipo, texto ou n\u00famero de s\u00e9rie","description":"Marca\u00e7\u00e3o de metal Marca\u00e7\u00e3o de pe\u00e7as met\u00e1licas com logotipo, texto ou n\u00famero de s\u00e9rie. Finalmente, temos a solu\u00e7\u00e3o para fazer est\u00eanceis de forma r\u00e1pida, f\u00e1cil e muito econ\u00f4mica em casa ou na oficina, pois voc\u00ea precisa de uma impressora e fita de est\u00eancil para marcar","robots":{"index":"index","follow":"follow","max-snippet":"max-snippet:-1","max-image-preview":"max-image-preview:large","max-video-preview":"max-video-preview:-1"},"canonical":"https:\/\/eu-mark.com\/pt-br\/product\/impressora-de-estencil-eumark-58-mm-com-fitas-de-estencil-6-unidades-58-mm-x-10-metros-de-comprimento\/","og_locale":"pt_BR","og_type":"article","og_title":"Marca\u00e7\u00e3o de metal Marca\u00e7\u00e3o de pe\u00e7a met\u00e1lica com logotipo, texto ou n\u00famero de s\u00e9rie","og_description":"Marca\u00e7\u00e3o de metal Marca\u00e7\u00e3o de pe\u00e7as met\u00e1licas com logotipo, texto ou n\u00famero de s\u00e9rie. Finalmente, temos a solu\u00e7\u00e3o para fazer est\u00eanceis de forma r\u00e1pida, f\u00e1cil e muito econ\u00f4mica em casa ou na oficina, pois voc\u00ea precisa de uma impressora e fita de est\u00eancil para marcar","og_url":"https:\/\/eu-mark.com\/pt-br\/product\/impressora-de-estencil-eumark-58-mm-com-fitas-de-estencil-6-unidades-58-mm-x-10-metros-de-comprimento\/","og_site_name":"Electrochemical marking etching","article_publisher":"https:\/\/www.facebook.com\/eumark.de\/","og_image":[{"width":1000,"height":1000,"url":"https:\/\/eu-mark.com\/wp-content\/uploads\/2021\/04\/stencil_printer_eumark_P58D_2inch.jpg","type":"image\/jpeg"}],"twitter_card":"summary_large_image","twitter_misc":{"Est. tempo de leitura":"2 minutos"},"schema":{"@context":"https:\/\/schema.org","@graph":[{"@type":"WebPage","@id":"https:\/\/eu-mark.com\/pt-br\/product\/impressora-de-estencil-eumark-58-mm-com-fitas-de-estencil-6-unidades-58-mm-x-10-metros-de-comprimento\/","url":"https:\/\/eu-mark.com\/pt-br\/product\/impressora-de-estencil-eumark-58-mm-com-fitas-de-estencil-6-unidades-58-mm-x-10-metros-de-comprimento\/","name":"Marca\u00e7\u00e3o de metal Marca\u00e7\u00e3o de pe\u00e7a met\u00e1lica com logotipo, texto ou n\u00famero de s\u00e9rie","isPartOf":{"@id":"https:\/\/eu-mark.com\/pt-br\/#website"},"primaryImageOfPage":{"@id":"https:\/\/eu-mark.com\/pt-br\/product\/impressora-de-estencil-eumark-58-mm-com-fitas-de-estencil-6-unidades-58-mm-x-10-metros-de-comprimento\/#primaryimage"},"image":{"@id":"https:\/\/eu-mark.com\/pt-br\/product\/impressora-de-estencil-eumark-58-mm-com-fitas-de-estencil-6-unidades-58-mm-x-10-metros-de-comprimento\/#primaryimage"},"thumbnailUrl":"https:\/\/eu-mark.com\/wp-content\/uploads\/2021\/04\/stencil_printer_eumark_P58D_2inch.jpg","datePublished":"2021-03-25T11:39:13+00:00","description":"Marca\u00e7\u00e3o de metal Marca\u00e7\u00e3o de pe\u00e7as met\u00e1licas com logotipo, texto ou n\u00famero de s\u00e9rie. Finalmente, temos a solu\u00e7\u00e3o para fazer est\u00eanceis de forma r\u00e1pida, f\u00e1cil e muito econ\u00f4mica em casa ou na oficina, pois voc\u00ea precisa de uma impressora e fita de est\u00eancil para marcar","breadcrumb":{"@id":"https:\/\/eu-mark.com\/pt-br\/product\/impressora-de-estencil-eumark-58-mm-com-fitas-de-estencil-6-unidades-58-mm-x-10-metros-de-comprimento\/#breadcrumb"},"inLanguage":"pt-BR","potentialAction":[{"@type":"ReadAction","target":["https:\/\/eu-mark.com\/pt-br\/product\/impressora-de-estencil-eumark-58-mm-com-fitas-de-estencil-6-unidades-58-mm-x-10-metros-de-comprimento\/"]}]},{"@type":"ImageObject","inLanguage":"pt-BR","@id":"https:\/\/eu-mark.com\/pt-br\/product\/impressora-de-estencil-eumark-58-mm-com-fitas-de-estencil-6-unidades-58-mm-x-10-metros-de-comprimento\/#primaryimage","url":"https:\/\/eu-mark.com\/wp-content\/uploads\/2021\/04\/stencil_printer_eumark_P58D_2inch.jpg","contentUrl":"https:\/\/eu-mark.com\/wp-content\/uploads\/2021\/04\/stencil_printer_eumark_P58D_2inch.jpg","width":1000,"height":1000},{"@type":"BreadcrumbList","@id":"https:\/\/eu-mark.com\/pt-br\/product\/impressora-de-estencil-eumark-58-mm-com-fitas-de-estencil-6-unidades-58-mm-x-10-metros-de-comprimento\/#breadcrumb","itemListElement":[{"@type":"ListItem","position":1,"name":"In\u00edcio","item":"https:\/\/eu-mark.com\/pt-br\/home\/"},{"@type":"ListItem","position":2,"name":"Loja","item":"https:\/\/eu-mark.com\/pt-br\/loja\/"},{"@type":"ListItem","position":3,"name":"Impressora de est\u00eancil EUmark 58 mm com fitas de est\u00eancil 6 unidades (58 mm x 10 metros de comprimento)"}]},{"@type":"WebSite","@id":"https:\/\/eu-mark.com\/pt-br\/#website","url":"https:\/\/eu-mark.com\/pt-br\/","name":"eu-mark.com","description":"Electrochemical marking etching","publisher":{"@id":"https:\/\/eu-mark.com\/pt-br\/#organization"},"potentialAction":[{"@type":"SearchAction","target":{"@type":"EntryPoint","urlTemplate":"https:\/\/eu-mark.com\/pt-br\/?s={search_term_string}"},"query-input":{"@type":"PropertyValueSpecification","valueRequired":true,"valueName":"search_term_string"}}],"inLanguage":"pt-BR"},{"@type":"Organization","@id":"https:\/\/eu-mark.com\/pt-br\/#organization","name":"EUMARK","url":"https:\/\/eu-mark.com\/pt-br\/","logo":{"@type":"ImageObject","inLanguage":"pt-BR","@id":"https:\/\/eu-mark.com\/pt-br\/#\/schema\/logo\/image\/","url":"https:\/\/eu-mark.com\/wp-content\/uploads\/2025\/02\/eumark-logo-samo-EU-2018_06_19-10_17_06-UTC.jpg","contentUrl":"https:\/\/eu-mark.com\/wp-content\/uploads\/2025\/02\/eumark-logo-samo-EU-2018_06_19-10_17_06-UTC.jpg","width":264,"height":268,"caption":"EUMARK"},"image":{"@id":"https:\/\/eu-mark.com\/pt-br\/#\/schema\/logo\/image\/"},"sameAs":["https:\/\/www.facebook.com\/eumark.de\/","https:\/\/www.youtube.com\/channel\/UCehJsM6xcqIQLzp0y9MjYPg","https:\/\/www.linkedin.com\/company\/eumark\/","https:\/\/www.instagram.com\/eumark_de"]}]}},"_links":{"self":[{"href":"https:\/\/eu-mark.com\/pt-br\/wp-json\/wp\/v2\/product\/7132","targetHints":{"allow":["GET"]}}],"collection":[{"href":"https:\/\/eu-mark.com\/pt-br\/wp-json\/wp\/v2\/product"}],"about":[{"href":"https:\/\/eu-mark.com\/pt-br\/wp-json\/wp\/v2\/types\/product"}],"replies":[{"embeddable":true,"href":"https:\/\/eu-mark.com\/pt-br\/wp-json\/wp\/v2\/comments?post=7132"}],"wp:featuredmedia":[{"embeddable":true,"href":"https:\/\/eu-mark.com\/pt-br\/wp-json\/wp\/v2\/media\/7356"}],"wp:attachment":[{"href":"https:\/\/eu-mark.com\/pt-br\/wp-json\/wp\/v2\/media?parent=7132"}],"wp:term":[{"taxonomy":"product_brand","embeddable":true,"href":"https:\/\/eu-mark.com\/pt-br\/wp-json\/wp\/v2\/product_brand?post=7132"},{"taxonomy":"product_cat","embeddable":true,"href":"https:\/\/eu-mark.com\/pt-br\/wp-json\/wp\/v2\/product_cat?post=7132"},{"taxonomy":"product_tag","embeddable":true,"href":"https:\/\/eu-mark.com\/pt-br\/wp-json\/wp\/v2\/product_tag?post=7132"}],"curies":[{"name":"wp","href":"https:\/\/api.w.org\/{rel}","templated":true}]}}