{"id":7339,"date":"2021-04-07T14:03:04","date_gmt":"2021-04-07T14:03:04","guid":{"rendered":"https:\/\/eu-mark.com\/product\/conjunto-de-software-easy-label-para-impressoras-de-etiquetas-termicas-de-2-3-e-4-com-58-80-e-100-mm-de-largura\/"},"modified":"2025-02-09T12:13:30","modified_gmt":"2025-02-09T12:13:30","slug":"conjunto-de-software-easy-label-para-impressoras-de-etiquetas-termicas-de-2-3-e-4-com-58-80-e-100-mm-de-largura","status":"publish","type":"product","link":"https:\/\/eu-mark.com\/pt-br\/product\/conjunto-de-software-easy-label-para-impressoras-de-etiquetas-termicas-de-2-3-e-4-com-58-80-e-100-mm-de-largura\/","title":{"rendered":"Conjunto de software Easy Label para impressoras de etiquetas t\u00e9rmicas de 2&#8243;, 3&#8243; e 4&#8243; com 58, 80 e 100 mm de largura"},"content":{"rendered":"<p>Software Easy Label para impressoras de est\u00eancil <a href=\"https:\/\/eu-mark.com\/pt-br\/product\/impressora-de-estencil-eumark-58-mm-com-fitas-de-estencil-6-unidades-58-mm-x-10-metros-de-comprimento\/\">P58D<\/a> e <a href=\"https:\/\/eu-mark.com\/pt-br\/product\/impressora-de-estencil-eumark-de-100-mm-ou-4-de-largura-com-fita-de-estencil-de-108-m-ou-355-pes-de-comprimento\/\">C410<\/a><\/p>\n<p>Maximize a efici\u00eancia de nossas impressoras de etiquetas t\u00e9rmicas com o software Easy Label, feito sob medida para impressoras de est\u00eancil. Essa solu\u00e7\u00e3o f\u00e1cil de usar inclui um software de etiquetas que suporta c\u00f3digos de barras, imagens e numera\u00e7\u00e3o serial. Ele vem completo com compatibilidade integrada para dispositivos USB (Bluetooth, Android e Apple somente para a <a href=\"https:\/\/eu-mark.com\/pt-br\/product\/impressora-de-estencil-eumark-58-mm-com-fitas-de-estencil-6-unidades-58-mm-x-10-metros-de-comprimento\/\">P58D<\/a>), garantindo uma experi\u00eancia perfeita em v\u00e1rias plataformas.<\/p>\n<div class=\"slider-wrapper relative\" id=\"slider-845540793\" >\n    <div class=\"slider slider-nav-circle slider-nav-large slider-nav-light slider-style-normal\"\n        data-flickity-options='{\n            \"cellAlign\": \"center\",\n            \"imagesLoaded\": true,\n            \"lazyLoad\": 1,\n            \"freeScroll\": false,\n            \"wrapAround\": true,\n            \"autoPlay\": 6000,\n            \"pauseAutoPlayOnHover\" : true,\n            \"prevNextButtons\": true,\n            \"contain\" : true,\n            \"adaptiveHeight\" : true,\n            \"dragThreshold\" : 10,\n            \"percentPosition\": true,\n            \"pageDots\": true,\n            \"rightToLeft\": false,\n            \"draggable\": true,\n            \"selectedAttraction\": 0.1,\n            \"parallax\" : 0,\n            \"friction\": 0.6        }'\n        >\n        \n\t<div class=\"img has-hover x md-x lg-x y md-y lg-y\" id=\"image_1215357998\">\n\t\t\t\t\t\t\t\t<div class=\"img-inner dark\" >\n\t\t\t<img loading=\"lazy\" decoding=\"async\" width=\"1020\" height=\"684\" src=\"https:\/\/eu-mark.com\/wp-content\/uploads\/2021\/04\/Easy-Label-software-for-stencil-printer-P58D-and-CD400-1024x687.png\" class=\"attachment-large size-large\" alt=\"\" srcset=\"https:\/\/eu-mark.com\/wp-content\/uploads\/2021\/04\/Easy-Label-software-for-stencil-printer-P58D-and-CD400-1024x687.png 1024w, https:\/\/eu-mark.com\/wp-content\/uploads\/2021\/04\/Easy-Label-software-for-stencil-printer-P58D-and-CD400-300x201.png 300w, https:\/\/eu-mark.com\/wp-content\/uploads\/2021\/04\/Easy-Label-software-for-stencil-printer-P58D-and-CD400-768x515.png 768w, https:\/\/eu-mark.com\/wp-content\/uploads\/2021\/04\/Easy-Label-software-for-stencil-printer-P58D-and-CD400-1536x1031.png 1536w, https:\/\/eu-mark.com\/wp-content\/uploads\/2021\/04\/Easy-Label-software-for-stencil-printer-P58D-and-CD400-510x342.png 510w, https:\/\/eu-mark.com\/wp-content\/uploads\/2021\/04\/Easy-Label-software-for-stencil-printer-P58D-and-CD400.png 1538w\" sizes=\"auto, (max-width: 1020px) 100vw, 1020px\" \/>\t\t\t\t\t\t\n\t\t\t\t\t<\/div>\n\t\t\t\t\t\t\t\t\n<style>\n#image_1215357998 {\n  width: 52%;\n}\n<\/style>\n\t<\/div>\n\t\n\t<div class=\"img has-hover x md-x lg-x y md-y lg-y\" id=\"image_1137890618\">\n\t\t\t\t\t\t\t\t<div class=\"img-inner dark\" >\n\t\t\t<img loading=\"lazy\" decoding=\"async\" width=\"1000\" height=\"1000\" src=\"https:\/\/eu-mark.com\/wp-content\/uploads\/2021\/04\/stencil_tape_marking_engraving_template_eumark2.jpg\" class=\"attachment-large size-large\" alt=\"\" srcset=\"https:\/\/eu-mark.com\/wp-content\/uploads\/2021\/04\/stencil_tape_marking_engraving_template_eumark2.jpg 1000w, https:\/\/eu-mark.com\/wp-content\/uploads\/2021\/04\/stencil_tape_marking_engraving_template_eumark2-300x300.jpg 300w, https:\/\/eu-mark.com\/wp-content\/uploads\/2021\/04\/stencil_tape_marking_engraving_template_eumark2-150x150.jpg 150w, https:\/\/eu-mark.com\/wp-content\/uploads\/2021\/04\/stencil_tape_marking_engraving_template_eumark2-768x768.jpg 768w, https:\/\/eu-mark.com\/wp-content\/uploads\/2021\/04\/stencil_tape_marking_engraving_template_eumark2-510x510.jpg 510w, https:\/\/eu-mark.com\/wp-content\/uploads\/2021\/04\/stencil_tape_marking_engraving_template_eumark2-100x100.jpg 100w, https:\/\/eu-mark.com\/wp-content\/uploads\/2021\/04\/stencil_tape_marking_engraving_template_eumark2-60x60.jpg 60w, https:\/\/eu-mark.com\/wp-content\/uploads\/2021\/04\/stencil_tape_marking_engraving_template_eumark2-90x90.jpg 90w\" sizes=\"auto, (max-width: 1000px) 100vw, 1000px\" \/>\t\t\t\t\t\t\n\t\t\t\t\t<\/div>\n\t\t\t\t\t\t\t\t\n<style>\n#image_1137890618 {\n  width: 50%;\n}\n<\/style>\n\t<\/div>\n\t\n\t<div class=\"img has-hover x md-x lg-x y md-y lg-y\" id=\"image_1652269608\">\n\t\t\t\t\t\t\t\t<div class=\"img-inner dark\" >\n\t\t\t<img loading=\"lazy\" decoding=\"async\" width=\"902\" height=\"1024\" src=\"https:\/\/eu-mark.com\/wp-content\/uploads\/2016\/12\/making_engraving-electrochemical_template02-902x1024.jpg\" class=\"attachment-large size-large\" alt=\"modelo eletroqu\u00edmico de marca\u00e7\u00e3o e grava\u00e7\u00e3o\" srcset=\"https:\/\/eu-mark.com\/wp-content\/uploads\/2016\/12\/making_engraving-electrochemical_template02-902x1024.jpg 902w, https:\/\/eu-mark.com\/wp-content\/uploads\/2016\/12\/making_engraving-electrochemical_template02-264x300.jpg 264w, https:\/\/eu-mark.com\/wp-content\/uploads\/2016\/12\/making_engraving-electrochemical_template02-768x872.jpg 768w, https:\/\/eu-mark.com\/wp-content\/uploads\/2016\/12\/making_engraving-electrochemical_template02-510x579.jpg 510w, https:\/\/eu-mark.com\/wp-content\/uploads\/2016\/12\/making_engraving-electrochemical_template02-e1724747552816.jpg 800w\" sizes=\"auto, (max-width: 902px) 100vw, 902px\" \/>\t\t\t\t\t\t\n\t\t\t\t\t<\/div>\n\t\t\t\t\t\t\t\t\n<style>\n#image_1652269608 {\n  width: 50%;\n}\n<\/style>\n\t<\/div>\n\t\n     <\/div>\n\n     <div class=\"loading-spin dark large centered\"><\/div>\n\n\t<\/div>\n\n\n","protected":false},"excerpt":{"rendered":"<p>Frete gr\u00e1tis para todo o mundo<\/p>\n<p>Software Easy Label para impressoras de est\u00eancil <a href=\"https:\/\/eu-mark.com\/product\/eumark-stencil-printer-58mm-with-stencil-tapes-6-pcs-58mmx10meters-long\/\">P58D<\/a> e <a href=\"https:\/\/eu-mark.com\/product\/stencil-printer-100mm-or-4-wide-with-stencil-tape-108m-or-355-feet-long\/\">C410<\/a><\/p>\n<p>Aumente a efici\u00eancia de nossas impressoras de etiquetas t\u00e9rmicas usando o software Easy Label, que foi projetado especificamente para impressoras de est\u00eancil. Essa solu\u00e7\u00e3o f\u00e1cil de usar oferece um pacote completo de software de etiquetas com suporte para c\u00f3digos de barras, imagens e numera\u00e7\u00e3o serial. Ele \u00e9 totalmente compat\u00edvel com dispositivos USB e Bluetooth (Android e Apple apenas para a P58D), garantindo uma experi\u00eancia tranquila em v\u00e1rias plataformas.  <\/p>\n","protected":false},"featured_media":7344,"comment_status":"closed","ping_status":"closed","template":"","meta":[],"product_brand":[],"product_cat":[161],"product_tag":[],"class_list":{"0":"post-7339","1":"product","2":"type-product","3":"status-publish","4":"has-post-thumbnail","6":"product_cat-suprimentos","8":"first","9":"instock","10":"sale","11":"downloadable","12":"shipping-taxable","13":"purchasable","14":"product-type-simple"},"yoast_head":"<!-- This site is optimized with the Yoast SEO plugin v27.4 - https:\/\/yoast.com\/product\/yoast-seo-wordpress\/ -->\n<title>Conjunto de software Easy Label para impressoras de etiquetas t\u00e9rmicas<\/title>\n<meta name=\"description\" content=\"Software de impressora Easy Label Stencil. O conjunto \u00e9 ideal para o uso de qualquer impressora de etiquetas t\u00e9rmicas para impressoras de est\u00eancil. Conjunto de software para impressoras de etiquetas t\u00e9rmicas\" \/>\n<meta name=\"robots\" content=\"index, follow, max-snippet:-1, max-image-preview:large, max-video-preview:-1\" \/>\n<link rel=\"canonical\" href=\"https:\/\/eu-mark.com\/pt-br\/product\/conjunto-de-software-easy-label-para-impressoras-de-etiquetas-termicas-de-2-3-e-4-com-58-80-e-100-mm-de-largura\/\" \/>\n<meta property=\"og:locale\" content=\"pt_BR\" \/>\n<meta property=\"og:type\" content=\"article\" \/>\n<meta property=\"og:title\" content=\"Conjunto de software Easy Label para impressoras de etiquetas t\u00e9rmicas\" \/>\n<meta property=\"og:description\" content=\"Software de impressora Easy Label Stencil. O conjunto \u00e9 ideal para o uso de qualquer impressora de etiquetas t\u00e9rmicas para impressoras de est\u00eancil. Conjunto de software para impressoras de etiquetas t\u00e9rmicas\" \/>\n<meta property=\"og:url\" content=\"https:\/\/eu-mark.com\/pt-br\/product\/conjunto-de-software-easy-label-para-impressoras-de-etiquetas-termicas-de-2-3-e-4-com-58-80-e-100-mm-de-largura\/\" \/>\n<meta property=\"og:site_name\" content=\"Electrochemical marking etching\" \/>\n<meta property=\"article:publisher\" content=\"https:\/\/www.facebook.com\/eumark.de\/\" \/>\n<meta property=\"article:modified_time\" content=\"2025-02-09T12:13:30+00:00\" \/>\n<meta property=\"og:image\" content=\"https:\/\/eu-mark.com\/wp-content\/uploads\/2021\/04\/Easy-Label-software-for-stencil-printer-P58D-and-CD400.png\" \/>\n\t<meta property=\"og:image:width\" content=\"1538\" \/>\n\t<meta property=\"og:image:height\" content=\"1032\" \/>\n\t<meta property=\"og:image:type\" content=\"image\/png\" \/>\n<meta name=\"twitter:card\" content=\"summary_large_image\" \/>\n<meta name=\"twitter:label1\" content=\"Est. tempo de leitura\" \/>\n\t<meta name=\"twitter:data1\" content=\"1 minuto\" \/>\n<script type=\"application\/ld+json\" class=\"yoast-schema-graph\">{\"@context\":\"https:\\\/\\\/schema.org\",\"@graph\":[{\"@type\":\"WebPage\",\"@id\":\"https:\\\/\\\/eu-mark.com\\\/pt-br\\\/product\\\/conjunto-de-software-easy-label-para-impressoras-de-etiquetas-termicas-de-2-3-e-4-com-58-80-e-100-mm-de-largura\\\/\",\"url\":\"https:\\\/\\\/eu-mark.com\\\/pt-br\\\/product\\\/conjunto-de-software-easy-label-para-impressoras-de-etiquetas-termicas-de-2-3-e-4-com-58-80-e-100-mm-de-largura\\\/\",\"name\":\"Conjunto de software Easy Label para impressoras de etiquetas t\u00e9rmicas\",\"isPartOf\":{\"@id\":\"https:\\\/\\\/eu-mark.com\\\/pt-br\\\/#website\"},\"primaryImageOfPage\":{\"@id\":\"https:\\\/\\\/eu-mark.com\\\/pt-br\\\/product\\\/conjunto-de-software-easy-label-para-impressoras-de-etiquetas-termicas-de-2-3-e-4-com-58-80-e-100-mm-de-largura\\\/#primaryimage\"},\"image\":{\"@id\":\"https:\\\/\\\/eu-mark.com\\\/pt-br\\\/product\\\/conjunto-de-software-easy-label-para-impressoras-de-etiquetas-termicas-de-2-3-e-4-com-58-80-e-100-mm-de-largura\\\/#primaryimage\"},\"thumbnailUrl\":\"https:\\\/\\\/eu-mark.com\\\/wp-content\\\/uploads\\\/2021\\\/04\\\/Easy-Label-software-for-stencil-printer-P58D-and-CD400.png\",\"datePublished\":\"2021-04-07T14:03:04+00:00\",\"dateModified\":\"2025-02-09T12:13:30+00:00\",\"description\":\"Software de impressora Easy Label Stencil. O conjunto \u00e9 ideal para o uso de qualquer impressora de etiquetas t\u00e9rmicas para impressoras de est\u00eancil. Conjunto de software para impressoras de etiquetas t\u00e9rmicas\",\"breadcrumb\":{\"@id\":\"https:\\\/\\\/eu-mark.com\\\/pt-br\\\/product\\\/conjunto-de-software-easy-label-para-impressoras-de-etiquetas-termicas-de-2-3-e-4-com-58-80-e-100-mm-de-largura\\\/#breadcrumb\"},\"inLanguage\":\"pt-BR\",\"potentialAction\":[{\"@type\":\"ReadAction\",\"target\":[\"https:\\\/\\\/eu-mark.com\\\/pt-br\\\/product\\\/conjunto-de-software-easy-label-para-impressoras-de-etiquetas-termicas-de-2-3-e-4-com-58-80-e-100-mm-de-largura\\\/\"]}]},{\"@type\":\"ImageObject\",\"inLanguage\":\"pt-BR\",\"@id\":\"https:\\\/\\\/eu-mark.com\\\/pt-br\\\/product\\\/conjunto-de-software-easy-label-para-impressoras-de-etiquetas-termicas-de-2-3-e-4-com-58-80-e-100-mm-de-largura\\\/#primaryimage\",\"url\":\"https:\\\/\\\/eu-mark.com\\\/wp-content\\\/uploads\\\/2021\\\/04\\\/Easy-Label-software-for-stencil-printer-P58D-and-CD400.png\",\"contentUrl\":\"https:\\\/\\\/eu-mark.com\\\/wp-content\\\/uploads\\\/2021\\\/04\\\/Easy-Label-software-for-stencil-printer-P58D-and-CD400.png\",\"width\":1538,\"height\":1032},{\"@type\":\"BreadcrumbList\",\"@id\":\"https:\\\/\\\/eu-mark.com\\\/pt-br\\\/product\\\/conjunto-de-software-easy-label-para-impressoras-de-etiquetas-termicas-de-2-3-e-4-com-58-80-e-100-mm-de-largura\\\/#breadcrumb\",\"itemListElement\":[{\"@type\":\"ListItem\",\"position\":1,\"name\":\"In\u00edcio\",\"item\":\"https:\\\/\\\/eu-mark.com\\\/pt-br\\\/home\\\/\"},{\"@type\":\"ListItem\",\"position\":2,\"name\":\"Loja\",\"item\":\"https:\\\/\\\/eu-mark.com\\\/pt-br\\\/loja\\\/\"},{\"@type\":\"ListItem\",\"position\":3,\"name\":\"Conjunto de software Easy Label para impressoras de etiquetas t\u00e9rmicas de 2&#8243;, 3&#8243; e 4&#8243; com 58, 80 e 100 mm de largura\"}]},{\"@type\":\"WebSite\",\"@id\":\"https:\\\/\\\/eu-mark.com\\\/pt-br\\\/#website\",\"url\":\"https:\\\/\\\/eu-mark.com\\\/pt-br\\\/\",\"name\":\"eu-mark.com\",\"description\":\"Electrochemical marking etching\",\"publisher\":{\"@id\":\"https:\\\/\\\/eu-mark.com\\\/pt-br\\\/#organization\"},\"potentialAction\":[{\"@type\":\"SearchAction\",\"target\":{\"@type\":\"EntryPoint\",\"urlTemplate\":\"https:\\\/\\\/eu-mark.com\\\/pt-br\\\/?s={search_term_string}\"},\"query-input\":{\"@type\":\"PropertyValueSpecification\",\"valueRequired\":true,\"valueName\":\"search_term_string\"}}],\"inLanguage\":\"pt-BR\"},{\"@type\":\"Organization\",\"@id\":\"https:\\\/\\\/eu-mark.com\\\/pt-br\\\/#organization\",\"name\":\"EUMARK\",\"url\":\"https:\\\/\\\/eu-mark.com\\\/pt-br\\\/\",\"logo\":{\"@type\":\"ImageObject\",\"inLanguage\":\"pt-BR\",\"@id\":\"https:\\\/\\\/eu-mark.com\\\/pt-br\\\/#\\\/schema\\\/logo\\\/image\\\/\",\"url\":\"https:\\\/\\\/eu-mark.com\\\/wp-content\\\/uploads\\\/2025\\\/02\\\/eumark-logo-samo-EU-2018_06_19-10_17_06-UTC.jpg\",\"contentUrl\":\"https:\\\/\\\/eu-mark.com\\\/wp-content\\\/uploads\\\/2025\\\/02\\\/eumark-logo-samo-EU-2018_06_19-10_17_06-UTC.jpg\",\"width\":264,\"height\":268,\"caption\":\"EUMARK\"},\"image\":{\"@id\":\"https:\\\/\\\/eu-mark.com\\\/pt-br\\\/#\\\/schema\\\/logo\\\/image\\\/\"},\"sameAs\":[\"https:\\\/\\\/www.facebook.com\\\/eumark.de\\\/\",\"https:\\\/\\\/www.youtube.com\\\/channel\\\/UCehJsM6xcqIQLzp0y9MjYPg\",\"https:\\\/\\\/www.linkedin.com\\\/company\\\/eumark\\\/\",\"https:\\\/\\\/www.instagram.com\\\/eumark_de\"]}]}<\/script>\n<!-- \/ Yoast SEO plugin. -->","yoast_head_json":{"title":"Conjunto de software Easy Label para impressoras de etiquetas t\u00e9rmicas","description":"Software de impressora Easy Label Stencil. O conjunto \u00e9 ideal para o uso de qualquer impressora de etiquetas t\u00e9rmicas para impressoras de est\u00eancil. Conjunto de software para impressoras de etiquetas t\u00e9rmicas","robots":{"index":"index","follow":"follow","max-snippet":"max-snippet:-1","max-image-preview":"max-image-preview:large","max-video-preview":"max-video-preview:-1"},"canonical":"https:\/\/eu-mark.com\/pt-br\/product\/conjunto-de-software-easy-label-para-impressoras-de-etiquetas-termicas-de-2-3-e-4-com-58-80-e-100-mm-de-largura\/","og_locale":"pt_BR","og_type":"article","og_title":"Conjunto de software Easy Label para impressoras de etiquetas t\u00e9rmicas","og_description":"Software de impressora Easy Label Stencil. O conjunto \u00e9 ideal para o uso de qualquer impressora de etiquetas t\u00e9rmicas para impressoras de est\u00eancil. Conjunto de software para impressoras de etiquetas t\u00e9rmicas","og_url":"https:\/\/eu-mark.com\/pt-br\/product\/conjunto-de-software-easy-label-para-impressoras-de-etiquetas-termicas-de-2-3-e-4-com-58-80-e-100-mm-de-largura\/","og_site_name":"Electrochemical marking etching","article_publisher":"https:\/\/www.facebook.com\/eumark.de\/","article_modified_time":"2025-02-09T12:13:30+00:00","og_image":[{"width":1538,"height":1032,"url":"https:\/\/eu-mark.com\/wp-content\/uploads\/2021\/04\/Easy-Label-software-for-stencil-printer-P58D-and-CD400.png","type":"image\/png"}],"twitter_card":"summary_large_image","twitter_misc":{"Est. tempo de leitura":"1 minuto"},"schema":{"@context":"https:\/\/schema.org","@graph":[{"@type":"WebPage","@id":"https:\/\/eu-mark.com\/pt-br\/product\/conjunto-de-software-easy-label-para-impressoras-de-etiquetas-termicas-de-2-3-e-4-com-58-80-e-100-mm-de-largura\/","url":"https:\/\/eu-mark.com\/pt-br\/product\/conjunto-de-software-easy-label-para-impressoras-de-etiquetas-termicas-de-2-3-e-4-com-58-80-e-100-mm-de-largura\/","name":"Conjunto de software Easy Label para impressoras de etiquetas t\u00e9rmicas","isPartOf":{"@id":"https:\/\/eu-mark.com\/pt-br\/#website"},"primaryImageOfPage":{"@id":"https:\/\/eu-mark.com\/pt-br\/product\/conjunto-de-software-easy-label-para-impressoras-de-etiquetas-termicas-de-2-3-e-4-com-58-80-e-100-mm-de-largura\/#primaryimage"},"image":{"@id":"https:\/\/eu-mark.com\/pt-br\/product\/conjunto-de-software-easy-label-para-impressoras-de-etiquetas-termicas-de-2-3-e-4-com-58-80-e-100-mm-de-largura\/#primaryimage"},"thumbnailUrl":"https:\/\/eu-mark.com\/wp-content\/uploads\/2021\/04\/Easy-Label-software-for-stencil-printer-P58D-and-CD400.png","datePublished":"2021-04-07T14:03:04+00:00","dateModified":"2025-02-09T12:13:30+00:00","description":"Software de impressora Easy Label Stencil. O conjunto \u00e9 ideal para o uso de qualquer impressora de etiquetas t\u00e9rmicas para impressoras de est\u00eancil. Conjunto de software para impressoras de etiquetas t\u00e9rmicas","breadcrumb":{"@id":"https:\/\/eu-mark.com\/pt-br\/product\/conjunto-de-software-easy-label-para-impressoras-de-etiquetas-termicas-de-2-3-e-4-com-58-80-e-100-mm-de-largura\/#breadcrumb"},"inLanguage":"pt-BR","potentialAction":[{"@type":"ReadAction","target":["https:\/\/eu-mark.com\/pt-br\/product\/conjunto-de-software-easy-label-para-impressoras-de-etiquetas-termicas-de-2-3-e-4-com-58-80-e-100-mm-de-largura\/"]}]},{"@type":"ImageObject","inLanguage":"pt-BR","@id":"https:\/\/eu-mark.com\/pt-br\/product\/conjunto-de-software-easy-label-para-impressoras-de-etiquetas-termicas-de-2-3-e-4-com-58-80-e-100-mm-de-largura\/#primaryimage","url":"https:\/\/eu-mark.com\/wp-content\/uploads\/2021\/04\/Easy-Label-software-for-stencil-printer-P58D-and-CD400.png","contentUrl":"https:\/\/eu-mark.com\/wp-content\/uploads\/2021\/04\/Easy-Label-software-for-stencil-printer-P58D-and-CD400.png","width":1538,"height":1032},{"@type":"BreadcrumbList","@id":"https:\/\/eu-mark.com\/pt-br\/product\/conjunto-de-software-easy-label-para-impressoras-de-etiquetas-termicas-de-2-3-e-4-com-58-80-e-100-mm-de-largura\/#breadcrumb","itemListElement":[{"@type":"ListItem","position":1,"name":"In\u00edcio","item":"https:\/\/eu-mark.com\/pt-br\/home\/"},{"@type":"ListItem","position":2,"name":"Loja","item":"https:\/\/eu-mark.com\/pt-br\/loja\/"},{"@type":"ListItem","position":3,"name":"Conjunto de software Easy Label para impressoras de etiquetas t\u00e9rmicas de 2&#8243;, 3&#8243; e 4&#8243; com 58, 80 e 100 mm de largura"}]},{"@type":"WebSite","@id":"https:\/\/eu-mark.com\/pt-br\/#website","url":"https:\/\/eu-mark.com\/pt-br\/","name":"eu-mark.com","description":"Electrochemical marking etching","publisher":{"@id":"https:\/\/eu-mark.com\/pt-br\/#organization"},"potentialAction":[{"@type":"SearchAction","target":{"@type":"EntryPoint","urlTemplate":"https:\/\/eu-mark.com\/pt-br\/?s={search_term_string}"},"query-input":{"@type":"PropertyValueSpecification","valueRequired":true,"valueName":"search_term_string"}}],"inLanguage":"pt-BR"},{"@type":"Organization","@id":"https:\/\/eu-mark.com\/pt-br\/#organization","name":"EUMARK","url":"https:\/\/eu-mark.com\/pt-br\/","logo":{"@type":"ImageObject","inLanguage":"pt-BR","@id":"https:\/\/eu-mark.com\/pt-br\/#\/schema\/logo\/image\/","url":"https:\/\/eu-mark.com\/wp-content\/uploads\/2025\/02\/eumark-logo-samo-EU-2018_06_19-10_17_06-UTC.jpg","contentUrl":"https:\/\/eu-mark.com\/wp-content\/uploads\/2025\/02\/eumark-logo-samo-EU-2018_06_19-10_17_06-UTC.jpg","width":264,"height":268,"caption":"EUMARK"},"image":{"@id":"https:\/\/eu-mark.com\/pt-br\/#\/schema\/logo\/image\/"},"sameAs":["https:\/\/www.facebook.com\/eumark.de\/","https:\/\/www.youtube.com\/channel\/UCehJsM6xcqIQLzp0y9MjYPg","https:\/\/www.linkedin.com\/company\/eumark\/","https:\/\/www.instagram.com\/eumark_de"]}]}},"_links":{"self":[{"href":"https:\/\/eu-mark.com\/pt-br\/wp-json\/wp\/v2\/product\/7339","targetHints":{"allow":["GET"]}}],"collection":[{"href":"https:\/\/eu-mark.com\/pt-br\/wp-json\/wp\/v2\/product"}],"about":[{"href":"https:\/\/eu-mark.com\/pt-br\/wp-json\/wp\/v2\/types\/product"}],"replies":[{"embeddable":true,"href":"https:\/\/eu-mark.com\/pt-br\/wp-json\/wp\/v2\/comments?post=7339"}],"wp:featuredmedia":[{"embeddable":true,"href":"https:\/\/eu-mark.com\/pt-br\/wp-json\/wp\/v2\/media\/7344"}],"wp:attachment":[{"href":"https:\/\/eu-mark.com\/pt-br\/wp-json\/wp\/v2\/media?parent=7339"}],"wp:term":[{"taxonomy":"product_brand","embeddable":true,"href":"https:\/\/eu-mark.com\/pt-br\/wp-json\/wp\/v2\/product_brand?post=7339"},{"taxonomy":"product_cat","embeddable":true,"href":"https:\/\/eu-mark.com\/pt-br\/wp-json\/wp\/v2\/product_cat?post=7339"},{"taxonomy":"product_tag","embeddable":true,"href":"https:\/\/eu-mark.com\/pt-br\/wp-json\/wp\/v2\/product_tag?post=7339"}],"curies":[{"name":"wp","href":"https:\/\/api.w.org\/{rel}","templated":true}]}}