{"id":7346,"date":"2021-04-09T07:36:39","date_gmt":"2021-04-09T07:36:39","guid":{"rendered":"https:\/\/eu-mark.com\/product\/fita-de-carimbo-1-unidade-para-marcacao-eletroquimica-fita-de-estencil-rapido-de-58-mm-ou-2-com-10-m-de-comprimento\/"},"modified":"2021-04-09T07:36:39","modified_gmt":"2021-04-09T07:36:39","slug":"fita-de-carimbo-1-unidade-para-marcacao-eletroquimica-fita-de-estencil-rapido-de-58-mm-ou-2-com-10-m-de-comprimento","status":"publish","type":"product","link":"https:\/\/eu-mark.com\/pt-br\/product\/fita-de-carimbo-1-unidade-para-marcacao-eletroquimica-fita-de-estencil-rapido-de-58-mm-ou-2-com-10-m-de-comprimento\/","title":{"rendered":"Fita de carimbo 1 unidade para marca\u00e7\u00e3o eletroqu\u00edmica Fita de est\u00eancil r\u00e1pido de 58 mm ou 2&#8243; com 10 m de comprimento"},"content":{"rendered":"<p><a href=\"https:\/\/eu-mark.com\/pt-br\/product\/impressora-de-estencil-eumark-58-mm-com-fitas-de-estencil-6-unidades-58-mm-x-10-metros-de-comprimento\/\">A fita de carimbo para marca\u00e7\u00e3o eletroqu\u00edmica<\/a>, geralmente chamada de fita de est\u00eancil r\u00e1pido, \u00e9 uma fita adesiva especializada projetada para uso com as impressoras de est\u00eancil Eumark no processo de marca\u00e7\u00e3o eletroqu\u00edmica. Essa fita funciona como um est\u00eancil tempor\u00e1rio, permitindo uma marca\u00e7\u00e3o precisa e eficiente em v\u00e1rias superf\u00edcies. A fita \u00e9 cuidadosamente cortada para criar um padr\u00e3o de desenho ou texto, com as \u00e1reas desejadas expostas para marca\u00e7\u00e3o. Quando aplicada \u00e0 superf\u00edcie, a fita de est\u00eancil protege as \u00e1reas ao redor do <a href=\"https:\/\/eumark.biz\/en-us\/blogs\/news\/achieving-remarkable-marks-with-eumark-electrolytes-unleashing-the-power-of-excellence\">processo eletroqu\u00edmico<\/a>. Em seguida, a impressora de est\u00eancil da Eumark aplica com precis\u00e3o a corrente el\u00e9trica necess\u00e1ria para a marca\u00e7\u00e3o nas \u00e1reas expostas da fita. Quando a marca\u00e7\u00e3o \u00e9 conclu\u00edda, a fita de est\u00eancil \u00e9 removida, revelando uma marca clara e bem definida na superf\u00edcie. Esse processo oferece uma solu\u00e7\u00e3o r\u00e1pida e confi\u00e1vel para criar marcas permanentes em materiais usando t\u00e9cnicas eletroqu\u00edmicas.      <\/p>\n<p>&nbsp;<\/p>\n<p>Fita de carimbo para marca\u00e7\u00e3o eletroqu\u00edmica Fita de est\u00eancil curta e r\u00e1pida de 58 mm ou 2&#8243; A Casio parou de produzir essa fita de carimbo, ent\u00e3o aqui voc\u00ea tem uma solu\u00e7\u00e3o completa para substitu\u00ed-la. Voc\u00ea precisa de uma impressora de etiquetas de 58 mm ou 2&#8243;<\/p>\n<p>Finalmente, temos a solu\u00e7\u00e3o para voc\u00ea fazer est\u00eanceis de forma r\u00e1pida, f\u00e1cil e muito econ\u00f4mica em casa ou na oficina. Voc\u00ea precisa de uma impressora e de uma fita de est\u00eancil para marcar<a href=\"https:\/\/eu-mark.com\/pt-br\/vantagens-da-gravacao-de-marcacao-eletroquimica\/\">(a marca\u00e7\u00e3o eletroqu\u00edmica \u00e9 uma grava\u00e7\u00e3o eletroqu\u00edmica da superf\u00edcie do metal<\/a>). Quando voc\u00ea usa nossa impressora de est\u00eancil com fitas de est\u00eancil, precisa de apenas alguns minutos para fazer seu pr\u00f3prio est\u00eancil e marcar rapidamente.<\/p>\n","protected":false},"excerpt":{"rendered":"<p><strong>Frete gr\u00e1tis para todo o mundo<\/strong><\/p>\n<p>cart\u00e3o de d\u00e9bito ou de cr\u00e9dito prosseguir com o PayPal no checkout N\u00e3o \u00e9 necess\u00e1rio ter uma conta do PayPal<\/p>\n<p><a href=\"https:\/\/eumark.biz\/en-us\/products\/electro-chemical-marking-engraving-and-etching-machine-eumark-set-03\">Finalmente, temos a solu\u00e7\u00e3o para voc\u00ea fazer est\u00eanceis de forma r\u00e1pida, f\u00e1cil e muito econ\u00f4mica em casa ou na oficina.<\/a><\/p>\n<p><a href=\"https:\/\/eu-mark.com\/product\/eumark-stencil-printer-58mm-with-stencil-tapes-6-pcs-58mmx10meters-long\/\">Voc\u00ea precisa de uma impressora e de uma fita de est\u00eancil para marcar<\/a> (a marca\u00e7\u00e3o eletroqu\u00edmica \u00e9 uma grava\u00e7\u00e3o eletroqu\u00edmica da superf\u00edcie do metal). Quando voc\u00ea usa nossa impressora de est\u00eancil com fitas de est\u00eancil, precisa de apenas alguns minutos para fazer seu pr\u00f3prio est\u00eancil e marcar rapidamente.<\/p>\n<p style=\"margin: 0in; font-family: 'Times New Roman'; font-size: 12.0pt; color: black;\">Substitui\u00e7\u00e3o da CASIO XR-24 ST STAMP TAPE 24 mm.<\/p>\n<p style=\"margin: 0in; font-family: arial; font-size: 10.0pt; color: black;\">1 p\u00e7 Fita de carimbo para marca\u00e7\u00e3o eletroqu\u00edmica Fita de est\u00eancil curta e r\u00e1pida 58 mm ou 2&#8243;<\/p>\n<p style=\"margin: 0in; font-family: arial; font-size: 10.0pt; color: black;\">Como a Casio parou de produzir essa fita de carimbo, aqui voc\u00ea encontra uma solu\u00e7\u00e3o completa para substitu\u00ed-la. Voc\u00ea precisa de uma impressora de etiquetas de 58 mm ou 2&#8243; <\/p>\n","protected":false},"featured_media":7354,"comment_status":"open","ping_status":"closed","template":"","meta":[],"product_brand":[],"product_cat":[146],"product_tag":[],"class_list":{"0":"post-7346","1":"product","2":"type-product","3":"status-publish","4":"has-post-thumbnail","6":"product_cat-gravacao-eletroquimica","7":"product_shipping_class-mxxx-pt-br","9":"first","10":"instock","11":"shipping-taxable","12":"purchasable","13":"product-type-simple"},"yoast_head":"<!-- This site is optimized with the Yoast SEO plugin v27.4 - https:\/\/yoast.com\/product\/yoast-seo-wordpress\/ -->\n<title>Fita de carimbo 1 unidade para marca\u00e7\u00e3o eletroqu\u00edmica fita de est\u00eancil r\u00e1pida<\/title>\n<meta name=\"description\" content=\"Finalmente, temos a solu\u00e7\u00e3o para fazer est\u00eanceis de forma r\u00e1pida, f\u00e1cil e muito econ\u00f4mica em casa ou na oficina, pois voc\u00ea precisa de uma impressora e de fita adesiva para marca\u00e7\u00e3o.\" \/>\n<meta name=\"robots\" content=\"index, follow, max-snippet:-1, max-image-preview:large, max-video-preview:-1\" \/>\n<link rel=\"canonical\" href=\"https:\/\/eu-mark.com\/pt-br\/product\/fita-de-carimbo-1-unidade-para-marcacao-eletroquimica-fita-de-estencil-rapido-de-58-mm-ou-2-com-10-m-de-comprimento\/\" \/>\n<meta property=\"og:locale\" content=\"pt_BR\" \/>\n<meta property=\"og:type\" content=\"article\" \/>\n<meta property=\"og:title\" content=\"Fita de carimbo 1 unidade para marca\u00e7\u00e3o eletroqu\u00edmica fita de est\u00eancil r\u00e1pida\" \/>\n<meta property=\"og:description\" content=\"Finalmente, temos a solu\u00e7\u00e3o para fazer est\u00eanceis de forma r\u00e1pida, f\u00e1cil e muito econ\u00f4mica em casa ou na oficina, pois voc\u00ea precisa de uma impressora e de fita adesiva para marca\u00e7\u00e3o.\" \/>\n<meta property=\"og:url\" content=\"https:\/\/eu-mark.com\/pt-br\/product\/fita-de-carimbo-1-unidade-para-marcacao-eletroquimica-fita-de-estencil-rapido-de-58-mm-ou-2-com-10-m-de-comprimento\/\" \/>\n<meta property=\"og:site_name\" content=\"Electrochemical marking etching\" \/>\n<meta property=\"article:publisher\" content=\"https:\/\/www.facebook.com\/eumark.de\/\" \/>\n<meta property=\"og:image\" content=\"https:\/\/eu-mark.com\/wp-content\/uploads\/2021\/04\/making-template-stencil-printer-01.jpg\" \/>\n\t<meta property=\"og:image:width\" content=\"1000\" \/>\n\t<meta property=\"og:image:height\" content=\"1000\" \/>\n\t<meta property=\"og:image:type\" content=\"image\/jpeg\" \/>\n<meta name=\"twitter:card\" content=\"summary_large_image\" \/>\n<meta name=\"twitter:label1\" content=\"Est. tempo de leitura\" \/>\n\t<meta name=\"twitter:data1\" content=\"2 minutos\" \/>\n<script type=\"application\/ld+json\" class=\"yoast-schema-graph\">{\"@context\":\"https:\\\/\\\/schema.org\",\"@graph\":[{\"@type\":\"WebPage\",\"@id\":\"https:\\\/\\\/eu-mark.com\\\/pt-br\\\/product\\\/fita-de-carimbo-1-unidade-para-marcacao-eletroquimica-fita-de-estencil-rapido-de-58-mm-ou-2-com-10-m-de-comprimento\\\/\",\"url\":\"https:\\\/\\\/eu-mark.com\\\/pt-br\\\/product\\\/fita-de-carimbo-1-unidade-para-marcacao-eletroquimica-fita-de-estencil-rapido-de-58-mm-ou-2-com-10-m-de-comprimento\\\/\",\"name\":\"Fita de carimbo 1 unidade para marca\u00e7\u00e3o eletroqu\u00edmica fita de est\u00eancil r\u00e1pida\",\"isPartOf\":{\"@id\":\"https:\\\/\\\/eu-mark.com\\\/pt-br\\\/#website\"},\"primaryImageOfPage\":{\"@id\":\"https:\\\/\\\/eu-mark.com\\\/pt-br\\\/product\\\/fita-de-carimbo-1-unidade-para-marcacao-eletroquimica-fita-de-estencil-rapido-de-58-mm-ou-2-com-10-m-de-comprimento\\\/#primaryimage\"},\"image\":{\"@id\":\"https:\\\/\\\/eu-mark.com\\\/pt-br\\\/product\\\/fita-de-carimbo-1-unidade-para-marcacao-eletroquimica-fita-de-estencil-rapido-de-58-mm-ou-2-com-10-m-de-comprimento\\\/#primaryimage\"},\"thumbnailUrl\":\"https:\\\/\\\/eu-mark.com\\\/wp-content\\\/uploads\\\/2021\\\/04\\\/making-template-stencil-printer-01.jpg\",\"datePublished\":\"2021-04-09T07:36:39+00:00\",\"description\":\"Finalmente, temos a solu\u00e7\u00e3o para fazer est\u00eanceis de forma r\u00e1pida, f\u00e1cil e muito econ\u00f4mica em casa ou na oficina, pois voc\u00ea precisa de uma impressora e de fita adesiva para marca\u00e7\u00e3o.\",\"breadcrumb\":{\"@id\":\"https:\\\/\\\/eu-mark.com\\\/pt-br\\\/product\\\/fita-de-carimbo-1-unidade-para-marcacao-eletroquimica-fita-de-estencil-rapido-de-58-mm-ou-2-com-10-m-de-comprimento\\\/#breadcrumb\"},\"inLanguage\":\"pt-BR\",\"potentialAction\":[{\"@type\":\"ReadAction\",\"target\":[\"https:\\\/\\\/eu-mark.com\\\/pt-br\\\/product\\\/fita-de-carimbo-1-unidade-para-marcacao-eletroquimica-fita-de-estencil-rapido-de-58-mm-ou-2-com-10-m-de-comprimento\\\/\"]}]},{\"@type\":\"ImageObject\",\"inLanguage\":\"pt-BR\",\"@id\":\"https:\\\/\\\/eu-mark.com\\\/pt-br\\\/product\\\/fita-de-carimbo-1-unidade-para-marcacao-eletroquimica-fita-de-estencil-rapido-de-58-mm-ou-2-com-10-m-de-comprimento\\\/#primaryimage\",\"url\":\"https:\\\/\\\/eu-mark.com\\\/wp-content\\\/uploads\\\/2021\\\/04\\\/making-template-stencil-printer-01.jpg\",\"contentUrl\":\"https:\\\/\\\/eu-mark.com\\\/wp-content\\\/uploads\\\/2021\\\/04\\\/making-template-stencil-printer-01.jpg\",\"width\":1000,\"height\":1000},{\"@type\":\"BreadcrumbList\",\"@id\":\"https:\\\/\\\/eu-mark.com\\\/pt-br\\\/product\\\/fita-de-carimbo-1-unidade-para-marcacao-eletroquimica-fita-de-estencil-rapido-de-58-mm-ou-2-com-10-m-de-comprimento\\\/#breadcrumb\",\"itemListElement\":[{\"@type\":\"ListItem\",\"position\":1,\"name\":\"In\u00edcio\",\"item\":\"https:\\\/\\\/eu-mark.com\\\/pt-br\\\/home\\\/\"},{\"@type\":\"ListItem\",\"position\":2,\"name\":\"Loja\",\"item\":\"https:\\\/\\\/eu-mark.com\\\/pt-br\\\/loja\\\/\"},{\"@type\":\"ListItem\",\"position\":3,\"name\":\"Fita de carimbo 1 unidade para marca\u00e7\u00e3o eletroqu\u00edmica Fita de est\u00eancil r\u00e1pido de 58 mm ou 2&#8243; com 10 m de comprimento\"}]},{\"@type\":\"WebSite\",\"@id\":\"https:\\\/\\\/eu-mark.com\\\/pt-br\\\/#website\",\"url\":\"https:\\\/\\\/eu-mark.com\\\/pt-br\\\/\",\"name\":\"eu-mark.com\",\"description\":\"Electrochemical marking etching\",\"publisher\":{\"@id\":\"https:\\\/\\\/eu-mark.com\\\/pt-br\\\/#organization\"},\"potentialAction\":[{\"@type\":\"SearchAction\",\"target\":{\"@type\":\"EntryPoint\",\"urlTemplate\":\"https:\\\/\\\/eu-mark.com\\\/pt-br\\\/?s={search_term_string}\"},\"query-input\":{\"@type\":\"PropertyValueSpecification\",\"valueRequired\":true,\"valueName\":\"search_term_string\"}}],\"inLanguage\":\"pt-BR\"},{\"@type\":\"Organization\",\"@id\":\"https:\\\/\\\/eu-mark.com\\\/pt-br\\\/#organization\",\"name\":\"EUMARK\",\"url\":\"https:\\\/\\\/eu-mark.com\\\/pt-br\\\/\",\"logo\":{\"@type\":\"ImageObject\",\"inLanguage\":\"pt-BR\",\"@id\":\"https:\\\/\\\/eu-mark.com\\\/pt-br\\\/#\\\/schema\\\/logo\\\/image\\\/\",\"url\":\"https:\\\/\\\/eu-mark.com\\\/wp-content\\\/uploads\\\/2025\\\/02\\\/eumark-logo-samo-EU-2018_06_19-10_17_06-UTC.jpg\",\"contentUrl\":\"https:\\\/\\\/eu-mark.com\\\/wp-content\\\/uploads\\\/2025\\\/02\\\/eumark-logo-samo-EU-2018_06_19-10_17_06-UTC.jpg\",\"width\":264,\"height\":268,\"caption\":\"EUMARK\"},\"image\":{\"@id\":\"https:\\\/\\\/eu-mark.com\\\/pt-br\\\/#\\\/schema\\\/logo\\\/image\\\/\"},\"sameAs\":[\"https:\\\/\\\/www.facebook.com\\\/eumark.de\\\/\",\"https:\\\/\\\/www.youtube.com\\\/channel\\\/UCehJsM6xcqIQLzp0y9MjYPg\",\"https:\\\/\\\/www.linkedin.com\\\/company\\\/eumark\\\/\",\"https:\\\/\\\/www.instagram.com\\\/eumark_de\"]}]}<\/script>\n<!-- \/ Yoast SEO plugin. -->","yoast_head_json":{"title":"Fita de carimbo 1 unidade para marca\u00e7\u00e3o eletroqu\u00edmica fita de est\u00eancil r\u00e1pida","description":"Finalmente, temos a solu\u00e7\u00e3o para fazer est\u00eanceis de forma r\u00e1pida, f\u00e1cil e muito econ\u00f4mica em casa ou na oficina, pois voc\u00ea precisa de uma impressora e de fita adesiva para marca\u00e7\u00e3o.","robots":{"index":"index","follow":"follow","max-snippet":"max-snippet:-1","max-image-preview":"max-image-preview:large","max-video-preview":"max-video-preview:-1"},"canonical":"https:\/\/eu-mark.com\/pt-br\/product\/fita-de-carimbo-1-unidade-para-marcacao-eletroquimica-fita-de-estencil-rapido-de-58-mm-ou-2-com-10-m-de-comprimento\/","og_locale":"pt_BR","og_type":"article","og_title":"Fita de carimbo 1 unidade para marca\u00e7\u00e3o eletroqu\u00edmica fita de est\u00eancil r\u00e1pida","og_description":"Finalmente, temos a solu\u00e7\u00e3o para fazer est\u00eanceis de forma r\u00e1pida, f\u00e1cil e muito econ\u00f4mica em casa ou na oficina, pois voc\u00ea precisa de uma impressora e de fita adesiva para marca\u00e7\u00e3o.","og_url":"https:\/\/eu-mark.com\/pt-br\/product\/fita-de-carimbo-1-unidade-para-marcacao-eletroquimica-fita-de-estencil-rapido-de-58-mm-ou-2-com-10-m-de-comprimento\/","og_site_name":"Electrochemical marking etching","article_publisher":"https:\/\/www.facebook.com\/eumark.de\/","og_image":[{"width":1000,"height":1000,"url":"https:\/\/eu-mark.com\/wp-content\/uploads\/2021\/04\/making-template-stencil-printer-01.jpg","type":"image\/jpeg"}],"twitter_card":"summary_large_image","twitter_misc":{"Est. tempo de leitura":"2 minutos"},"schema":{"@context":"https:\/\/schema.org","@graph":[{"@type":"WebPage","@id":"https:\/\/eu-mark.com\/pt-br\/product\/fita-de-carimbo-1-unidade-para-marcacao-eletroquimica-fita-de-estencil-rapido-de-58-mm-ou-2-com-10-m-de-comprimento\/","url":"https:\/\/eu-mark.com\/pt-br\/product\/fita-de-carimbo-1-unidade-para-marcacao-eletroquimica-fita-de-estencil-rapido-de-58-mm-ou-2-com-10-m-de-comprimento\/","name":"Fita de carimbo 1 unidade para marca\u00e7\u00e3o eletroqu\u00edmica fita de est\u00eancil r\u00e1pida","isPartOf":{"@id":"https:\/\/eu-mark.com\/pt-br\/#website"},"primaryImageOfPage":{"@id":"https:\/\/eu-mark.com\/pt-br\/product\/fita-de-carimbo-1-unidade-para-marcacao-eletroquimica-fita-de-estencil-rapido-de-58-mm-ou-2-com-10-m-de-comprimento\/#primaryimage"},"image":{"@id":"https:\/\/eu-mark.com\/pt-br\/product\/fita-de-carimbo-1-unidade-para-marcacao-eletroquimica-fita-de-estencil-rapido-de-58-mm-ou-2-com-10-m-de-comprimento\/#primaryimage"},"thumbnailUrl":"https:\/\/eu-mark.com\/wp-content\/uploads\/2021\/04\/making-template-stencil-printer-01.jpg","datePublished":"2021-04-09T07:36:39+00:00","description":"Finalmente, temos a solu\u00e7\u00e3o para fazer est\u00eanceis de forma r\u00e1pida, f\u00e1cil e muito econ\u00f4mica em casa ou na oficina, pois voc\u00ea precisa de uma impressora e de fita adesiva para marca\u00e7\u00e3o.","breadcrumb":{"@id":"https:\/\/eu-mark.com\/pt-br\/product\/fita-de-carimbo-1-unidade-para-marcacao-eletroquimica-fita-de-estencil-rapido-de-58-mm-ou-2-com-10-m-de-comprimento\/#breadcrumb"},"inLanguage":"pt-BR","potentialAction":[{"@type":"ReadAction","target":["https:\/\/eu-mark.com\/pt-br\/product\/fita-de-carimbo-1-unidade-para-marcacao-eletroquimica-fita-de-estencil-rapido-de-58-mm-ou-2-com-10-m-de-comprimento\/"]}]},{"@type":"ImageObject","inLanguage":"pt-BR","@id":"https:\/\/eu-mark.com\/pt-br\/product\/fita-de-carimbo-1-unidade-para-marcacao-eletroquimica-fita-de-estencil-rapido-de-58-mm-ou-2-com-10-m-de-comprimento\/#primaryimage","url":"https:\/\/eu-mark.com\/wp-content\/uploads\/2021\/04\/making-template-stencil-printer-01.jpg","contentUrl":"https:\/\/eu-mark.com\/wp-content\/uploads\/2021\/04\/making-template-stencil-printer-01.jpg","width":1000,"height":1000},{"@type":"BreadcrumbList","@id":"https:\/\/eu-mark.com\/pt-br\/product\/fita-de-carimbo-1-unidade-para-marcacao-eletroquimica-fita-de-estencil-rapido-de-58-mm-ou-2-com-10-m-de-comprimento\/#breadcrumb","itemListElement":[{"@type":"ListItem","position":1,"name":"In\u00edcio","item":"https:\/\/eu-mark.com\/pt-br\/home\/"},{"@type":"ListItem","position":2,"name":"Loja","item":"https:\/\/eu-mark.com\/pt-br\/loja\/"},{"@type":"ListItem","position":3,"name":"Fita de carimbo 1 unidade para marca\u00e7\u00e3o eletroqu\u00edmica Fita de est\u00eancil r\u00e1pido de 58 mm ou 2&#8243; com 10 m de comprimento"}]},{"@type":"WebSite","@id":"https:\/\/eu-mark.com\/pt-br\/#website","url":"https:\/\/eu-mark.com\/pt-br\/","name":"eu-mark.com","description":"Electrochemical marking etching","publisher":{"@id":"https:\/\/eu-mark.com\/pt-br\/#organization"},"potentialAction":[{"@type":"SearchAction","target":{"@type":"EntryPoint","urlTemplate":"https:\/\/eu-mark.com\/pt-br\/?s={search_term_string}"},"query-input":{"@type":"PropertyValueSpecification","valueRequired":true,"valueName":"search_term_string"}}],"inLanguage":"pt-BR"},{"@type":"Organization","@id":"https:\/\/eu-mark.com\/pt-br\/#organization","name":"EUMARK","url":"https:\/\/eu-mark.com\/pt-br\/","logo":{"@type":"ImageObject","inLanguage":"pt-BR","@id":"https:\/\/eu-mark.com\/pt-br\/#\/schema\/logo\/image\/","url":"https:\/\/eu-mark.com\/wp-content\/uploads\/2025\/02\/eumark-logo-samo-EU-2018_06_19-10_17_06-UTC.jpg","contentUrl":"https:\/\/eu-mark.com\/wp-content\/uploads\/2025\/02\/eumark-logo-samo-EU-2018_06_19-10_17_06-UTC.jpg","width":264,"height":268,"caption":"EUMARK"},"image":{"@id":"https:\/\/eu-mark.com\/pt-br\/#\/schema\/logo\/image\/"},"sameAs":["https:\/\/www.facebook.com\/eumark.de\/","https:\/\/www.youtube.com\/channel\/UCehJsM6xcqIQLzp0y9MjYPg","https:\/\/www.linkedin.com\/company\/eumark\/","https:\/\/www.instagram.com\/eumark_de"]}]}},"_links":{"self":[{"href":"https:\/\/eu-mark.com\/pt-br\/wp-json\/wp\/v2\/product\/7346","targetHints":{"allow":["GET"]}}],"collection":[{"href":"https:\/\/eu-mark.com\/pt-br\/wp-json\/wp\/v2\/product"}],"about":[{"href":"https:\/\/eu-mark.com\/pt-br\/wp-json\/wp\/v2\/types\/product"}],"replies":[{"embeddable":true,"href":"https:\/\/eu-mark.com\/pt-br\/wp-json\/wp\/v2\/comments?post=7346"}],"wp:featuredmedia":[{"embeddable":true,"href":"https:\/\/eu-mark.com\/pt-br\/wp-json\/wp\/v2\/media\/7354"}],"wp:attachment":[{"href":"https:\/\/eu-mark.com\/pt-br\/wp-json\/wp\/v2\/media?parent=7346"}],"wp:term":[{"taxonomy":"product_brand","embeddable":true,"href":"https:\/\/eu-mark.com\/pt-br\/wp-json\/wp\/v2\/product_brand?post=7346"},{"taxonomy":"product_cat","embeddable":true,"href":"https:\/\/eu-mark.com\/pt-br\/wp-json\/wp\/v2\/product_cat?post=7346"},{"taxonomy":"product_tag","embeddable":true,"href":"https:\/\/eu-mark.com\/pt-br\/wp-json\/wp\/v2\/product_tag?post=7346"}],"curies":[{"name":"wp","href":"https:\/\/api.w.org\/{rel}","templated":true}]}}