{"id":7363,"date":"2021-03-31T07:32:06","date_gmt":"2021-03-31T07:32:06","guid":{"rendered":"https:\/\/eu-mark.com\/product\/fita-de-carimbo-6-unidades-para-marcacao-eletroquimica-fita-de-estencil-rapido-de-58-mm-ou-2-com-10-m-de-comprimento\/"},"modified":"2021-03-31T07:32:06","modified_gmt":"2021-03-31T07:32:06","slug":"fita-de-carimbo-6-unidades-para-marcacao-eletroquimica-fita-de-estencil-rapido-de-58-mm-ou-2-com-10-m-de-comprimento","status":"publish","type":"product","link":"https:\/\/eu-mark.com\/pt-br\/product\/fita-de-carimbo-6-unidades-para-marcacao-eletroquimica-fita-de-estencil-rapido-de-58-mm-ou-2-com-10-m-de-comprimento\/","title":{"rendered":"Fita de carimbo 6 unidades para marca\u00e7\u00e3o eletroqu\u00edmica Fita de est\u00eancil r\u00e1pido de 58 mm ou 2&#8243; com 10 m de comprimento"},"content":{"rendered":"<p style=\"margin: 0in; font-family: 'Times New Roman'; font-size: 12.0pt; color: black;\">Substitui\u00e7\u00e3o da CASIO XR-24 ST STAMP TAPE 24 mm.<\/p>\n<p style=\"margin: 0in; font-family: arial; font-size: 10.0pt; color: black;\">6 pe\u00e7as Fita de carimbo para marca\u00e7\u00e3o eletroqu\u00edmica Fita de est\u00eancil curta e r\u00e1pida de 58 mm ou 2&#8243; com 10 m de comprimento<\/p>\n<p style=\"margin: 0in; font-family: arial; font-size: 10.0pt; color: black;\">A Casio parou de produzir essa fita de carimbo, aqui est\u00e1 a solu\u00e7\u00e3o completa para substitui\u00e7\u00e3o. Voc\u00ea precisa de uma impressora de etiquetas de 58 mm ou 2&#8243; com 10 m de comprimento, 400 polegadas!!! <\/p>\n<p><strong>Frete gr\u00e1tis para todo o mundo<\/strong><\/p>\n<p><a href=\"https:\/\/eu-mark.com\/pt-br\/vantagens-da-gravacao-de-marcacao-eletroquimica\/\">Finalmente, temos a solu\u00e7\u00e3o para voc\u00ea fazer est\u00eanceis de forma r\u00e1pida, f\u00e1cil e muito econ\u00f4mica em casa ou na oficina.<\/a><\/p>\n<p>Voc\u00ea precisa de impressora e fita de est\u00eancil para marca\u00e7\u00e3o (a marca\u00e7\u00e3o eletroqu\u00edmica \u00e9 a grava\u00e7\u00e3o eletroqu\u00edmica da superf\u00edcie do metal)<\/p>\n<p><a href=\"https:\/\/eumark.biz\/en-us\/blogs\/news\/achieving-remarkable-marks-with-eumark-electrolytes-unleashing-the-power-of-excellence\">Quando voc\u00ea usa nossa impressora de est\u00eancil com fitas de est\u00eancil, precisa de apenas alguns minutos para fazer seu pr\u00f3prio est\u00eancil e marcar rapidamente.<\/a><\/p>\n","protected":false},"excerpt":{"rendered":"<p>Frete gr\u00e1tis para todo o mundo<\/p>\n<p>cart\u00e3o de d\u00e9bito ou de cr\u00e9dito prosseguir com o PayPal no checkout N\u00e3o \u00e9 necess\u00e1rio ter uma conta do PayPal<\/p>\n<p style=\"margin: 0in; font-family: 'Times New Roman'; font-size: 12.0pt; color: black;\">Substitui\u00e7\u00e3o da CASIO XR-24 ST STAMP TAPE 24 mm.<\/p>\n<p style=\"margin: 0in; font-family: arial; font-size: 10.0pt; color: black;\">6 pe\u00e7as Fita de carimbo para marca\u00e7\u00e3o eletroqu\u00edmica Fita de est\u00eancil curta e r\u00e1pida de 58 mm ou 2&#8243;, 10 m de comprimento, 400 polegadas!!!<\/p>\n<p style=\"margin: 0in; font-family: arial; font-size: 10.0pt; color: black;\">Como a Casio parou de produzir essa fita de carimbo, aqui voc\u00ea encontra uma solu\u00e7\u00e3o completa para substitu\u00ed-la. Voc\u00ea precisa de uma impressora de etiquetas de 58 mm ou 2&#8243; <\/p>\n","protected":false},"featured_media":7360,"comment_status":"open","ping_status":"closed","template":"","meta":[],"product_brand":[],"product_cat":[146],"product_tag":[],"class_list":{"0":"post-7363","1":"product","2":"type-product","3":"status-publish","4":"has-post-thumbnail","6":"product_cat-gravacao-eletroquimica","7":"product_shipping_class-mxxx-pt-br","9":"first","10":"instock","11":"shipping-taxable","12":"purchasable","13":"product-type-simple"},"yoast_head":"<!-- This site is optimized with the Yoast SEO plugin v27.4 - https:\/\/yoast.com\/product\/yoast-seo-wordpress\/ -->\n<title>Fita de carimbo 6 pe\u00e7as para marca\u00e7\u00e3o eletroqu\u00edmica de est\u00eancil r\u00e1pido<\/title>\n<meta name=\"description\" content=\"Finalmente, temos a solu\u00e7\u00e3o para fazer est\u00eanceis de forma r\u00e1pida, f\u00e1cil e muito econ\u00f4mica em casa ou na oficina, pois voc\u00ea precisa de uma impressora e fita adesiva para marcar\" \/>\n<meta name=\"robots\" content=\"index, follow, max-snippet:-1, max-image-preview:large, max-video-preview:-1\" \/>\n<link rel=\"canonical\" href=\"https:\/\/eu-mark.com\/pt-br\/product\/fita-de-carimbo-6-unidades-para-marcacao-eletroquimica-fita-de-estencil-rapido-de-58-mm-ou-2-com-10-m-de-comprimento\/\" \/>\n<meta property=\"og:locale\" content=\"pt_BR\" \/>\n<meta property=\"og:type\" content=\"article\" \/>\n<meta property=\"og:title\" content=\"Fita de carimbo 6 pe\u00e7as para marca\u00e7\u00e3o eletroqu\u00edmica de est\u00eancil r\u00e1pido\" \/>\n<meta property=\"og:description\" content=\"Finalmente, temos a solu\u00e7\u00e3o para fazer est\u00eanceis de forma r\u00e1pida, f\u00e1cil e muito econ\u00f4mica em casa ou na oficina, pois voc\u00ea precisa de uma impressora e fita adesiva para marcar\" \/>\n<meta property=\"og:url\" content=\"https:\/\/eu-mark.com\/pt-br\/product\/fita-de-carimbo-6-unidades-para-marcacao-eletroquimica-fita-de-estencil-rapido-de-58-mm-ou-2-com-10-m-de-comprimento\/\" \/>\n<meta property=\"og:site_name\" content=\"Electrochemical marking etching\" \/>\n<meta property=\"article:publisher\" content=\"https:\/\/www.facebook.com\/eumark.de\/\" \/>\n<meta property=\"og:image\" content=\"https:\/\/eu-mark.com\/wp-content\/uploads\/2021\/04\/stencil_tape_2inch_eumark_02.jpg\" \/>\n\t<meta property=\"og:image:width\" content=\"1000\" \/>\n\t<meta property=\"og:image:height\" content=\"667\" \/>\n\t<meta property=\"og:image:type\" content=\"image\/jpeg\" \/>\n<meta name=\"twitter:card\" content=\"summary_large_image\" \/>\n<meta name=\"twitter:label1\" content=\"Est. tempo de leitura\" \/>\n\t<meta name=\"twitter:data1\" content=\"1 minuto\" \/>\n<script type=\"application\/ld+json\" class=\"yoast-schema-graph\">{\"@context\":\"https:\\\/\\\/schema.org\",\"@graph\":[{\"@type\":\"WebPage\",\"@id\":\"https:\\\/\\\/eu-mark.com\\\/pt-br\\\/product\\\/fita-de-carimbo-6-unidades-para-marcacao-eletroquimica-fita-de-estencil-rapido-de-58-mm-ou-2-com-10-m-de-comprimento\\\/\",\"url\":\"https:\\\/\\\/eu-mark.com\\\/pt-br\\\/product\\\/fita-de-carimbo-6-unidades-para-marcacao-eletroquimica-fita-de-estencil-rapido-de-58-mm-ou-2-com-10-m-de-comprimento\\\/\",\"name\":\"Fita de carimbo 6 pe\u00e7as para marca\u00e7\u00e3o eletroqu\u00edmica de est\u00eancil r\u00e1pido\",\"isPartOf\":{\"@id\":\"https:\\\/\\\/eu-mark.com\\\/pt-br\\\/#website\"},\"primaryImageOfPage\":{\"@id\":\"https:\\\/\\\/eu-mark.com\\\/pt-br\\\/product\\\/fita-de-carimbo-6-unidades-para-marcacao-eletroquimica-fita-de-estencil-rapido-de-58-mm-ou-2-com-10-m-de-comprimento\\\/#primaryimage\"},\"image\":{\"@id\":\"https:\\\/\\\/eu-mark.com\\\/pt-br\\\/product\\\/fita-de-carimbo-6-unidades-para-marcacao-eletroquimica-fita-de-estencil-rapido-de-58-mm-ou-2-com-10-m-de-comprimento\\\/#primaryimage\"},\"thumbnailUrl\":\"https:\\\/\\\/eu-mark.com\\\/wp-content\\\/uploads\\\/2021\\\/04\\\/stencil_tape_2inch_eumark_02.jpg\",\"datePublished\":\"2021-03-31T07:32:06+00:00\",\"description\":\"Finalmente, temos a solu\u00e7\u00e3o para fazer est\u00eanceis de forma r\u00e1pida, f\u00e1cil e muito econ\u00f4mica em casa ou na oficina, pois voc\u00ea precisa de uma impressora e fita adesiva para marcar\",\"breadcrumb\":{\"@id\":\"https:\\\/\\\/eu-mark.com\\\/pt-br\\\/product\\\/fita-de-carimbo-6-unidades-para-marcacao-eletroquimica-fita-de-estencil-rapido-de-58-mm-ou-2-com-10-m-de-comprimento\\\/#breadcrumb\"},\"inLanguage\":\"pt-BR\",\"potentialAction\":[{\"@type\":\"ReadAction\",\"target\":[\"https:\\\/\\\/eu-mark.com\\\/pt-br\\\/product\\\/fita-de-carimbo-6-unidades-para-marcacao-eletroquimica-fita-de-estencil-rapido-de-58-mm-ou-2-com-10-m-de-comprimento\\\/\"]}]},{\"@type\":\"ImageObject\",\"inLanguage\":\"pt-BR\",\"@id\":\"https:\\\/\\\/eu-mark.com\\\/pt-br\\\/product\\\/fita-de-carimbo-6-unidades-para-marcacao-eletroquimica-fita-de-estencil-rapido-de-58-mm-ou-2-com-10-m-de-comprimento\\\/#primaryimage\",\"url\":\"https:\\\/\\\/eu-mark.com\\\/wp-content\\\/uploads\\\/2021\\\/04\\\/stencil_tape_2inch_eumark_02.jpg\",\"contentUrl\":\"https:\\\/\\\/eu-mark.com\\\/wp-content\\\/uploads\\\/2021\\\/04\\\/stencil_tape_2inch_eumark_02.jpg\",\"width\":1000,\"height\":667},{\"@type\":\"BreadcrumbList\",\"@id\":\"https:\\\/\\\/eu-mark.com\\\/pt-br\\\/product\\\/fita-de-carimbo-6-unidades-para-marcacao-eletroquimica-fita-de-estencil-rapido-de-58-mm-ou-2-com-10-m-de-comprimento\\\/#breadcrumb\",\"itemListElement\":[{\"@type\":\"ListItem\",\"position\":1,\"name\":\"In\u00edcio\",\"item\":\"https:\\\/\\\/eu-mark.com\\\/pt-br\\\/home\\\/\"},{\"@type\":\"ListItem\",\"position\":2,\"name\":\"Loja\",\"item\":\"https:\\\/\\\/eu-mark.com\\\/pt-br\\\/loja\\\/\"},{\"@type\":\"ListItem\",\"position\":3,\"name\":\"Fita de carimbo 6 unidades para marca\u00e7\u00e3o eletroqu\u00edmica Fita de est\u00eancil r\u00e1pido de 58 mm ou 2&#8243; com 10 m de comprimento\"}]},{\"@type\":\"WebSite\",\"@id\":\"https:\\\/\\\/eu-mark.com\\\/pt-br\\\/#website\",\"url\":\"https:\\\/\\\/eu-mark.com\\\/pt-br\\\/\",\"name\":\"eu-mark.com\",\"description\":\"Electrochemical marking etching\",\"publisher\":{\"@id\":\"https:\\\/\\\/eu-mark.com\\\/pt-br\\\/#organization\"},\"potentialAction\":[{\"@type\":\"SearchAction\",\"target\":{\"@type\":\"EntryPoint\",\"urlTemplate\":\"https:\\\/\\\/eu-mark.com\\\/pt-br\\\/?s={search_term_string}\"},\"query-input\":{\"@type\":\"PropertyValueSpecification\",\"valueRequired\":true,\"valueName\":\"search_term_string\"}}],\"inLanguage\":\"pt-BR\"},{\"@type\":\"Organization\",\"@id\":\"https:\\\/\\\/eu-mark.com\\\/pt-br\\\/#organization\",\"name\":\"EUMARK\",\"url\":\"https:\\\/\\\/eu-mark.com\\\/pt-br\\\/\",\"logo\":{\"@type\":\"ImageObject\",\"inLanguage\":\"pt-BR\",\"@id\":\"https:\\\/\\\/eu-mark.com\\\/pt-br\\\/#\\\/schema\\\/logo\\\/image\\\/\",\"url\":\"https:\\\/\\\/eu-mark.com\\\/wp-content\\\/uploads\\\/2025\\\/02\\\/eumark-logo-samo-EU-2018_06_19-10_17_06-UTC.jpg\",\"contentUrl\":\"https:\\\/\\\/eu-mark.com\\\/wp-content\\\/uploads\\\/2025\\\/02\\\/eumark-logo-samo-EU-2018_06_19-10_17_06-UTC.jpg\",\"width\":264,\"height\":268,\"caption\":\"EUMARK\"},\"image\":{\"@id\":\"https:\\\/\\\/eu-mark.com\\\/pt-br\\\/#\\\/schema\\\/logo\\\/image\\\/\"},\"sameAs\":[\"https:\\\/\\\/www.facebook.com\\\/eumark.de\\\/\",\"https:\\\/\\\/www.youtube.com\\\/channel\\\/UCehJsM6xcqIQLzp0y9MjYPg\",\"https:\\\/\\\/www.linkedin.com\\\/company\\\/eumark\\\/\",\"https:\\\/\\\/www.instagram.com\\\/eumark_de\"]}]}<\/script>\n<!-- \/ Yoast SEO plugin. -->","yoast_head_json":{"title":"Fita de carimbo 6 pe\u00e7as para marca\u00e7\u00e3o eletroqu\u00edmica de est\u00eancil r\u00e1pido","description":"Finalmente, temos a solu\u00e7\u00e3o para fazer est\u00eanceis de forma r\u00e1pida, f\u00e1cil e muito econ\u00f4mica em casa ou na oficina, pois voc\u00ea precisa de uma impressora e fita adesiva para marcar","robots":{"index":"index","follow":"follow","max-snippet":"max-snippet:-1","max-image-preview":"max-image-preview:large","max-video-preview":"max-video-preview:-1"},"canonical":"https:\/\/eu-mark.com\/pt-br\/product\/fita-de-carimbo-6-unidades-para-marcacao-eletroquimica-fita-de-estencil-rapido-de-58-mm-ou-2-com-10-m-de-comprimento\/","og_locale":"pt_BR","og_type":"article","og_title":"Fita de carimbo 6 pe\u00e7as para marca\u00e7\u00e3o eletroqu\u00edmica de est\u00eancil r\u00e1pido","og_description":"Finalmente, temos a solu\u00e7\u00e3o para fazer est\u00eanceis de forma r\u00e1pida, f\u00e1cil e muito econ\u00f4mica em casa ou na oficina, pois voc\u00ea precisa de uma impressora e fita adesiva para marcar","og_url":"https:\/\/eu-mark.com\/pt-br\/product\/fita-de-carimbo-6-unidades-para-marcacao-eletroquimica-fita-de-estencil-rapido-de-58-mm-ou-2-com-10-m-de-comprimento\/","og_site_name":"Electrochemical marking etching","article_publisher":"https:\/\/www.facebook.com\/eumark.de\/","og_image":[{"width":1000,"height":667,"url":"https:\/\/eu-mark.com\/wp-content\/uploads\/2021\/04\/stencil_tape_2inch_eumark_02.jpg","type":"image\/jpeg"}],"twitter_card":"summary_large_image","twitter_misc":{"Est. tempo de leitura":"1 minuto"},"schema":{"@context":"https:\/\/schema.org","@graph":[{"@type":"WebPage","@id":"https:\/\/eu-mark.com\/pt-br\/product\/fita-de-carimbo-6-unidades-para-marcacao-eletroquimica-fita-de-estencil-rapido-de-58-mm-ou-2-com-10-m-de-comprimento\/","url":"https:\/\/eu-mark.com\/pt-br\/product\/fita-de-carimbo-6-unidades-para-marcacao-eletroquimica-fita-de-estencil-rapido-de-58-mm-ou-2-com-10-m-de-comprimento\/","name":"Fita de carimbo 6 pe\u00e7as para marca\u00e7\u00e3o eletroqu\u00edmica de est\u00eancil r\u00e1pido","isPartOf":{"@id":"https:\/\/eu-mark.com\/pt-br\/#website"},"primaryImageOfPage":{"@id":"https:\/\/eu-mark.com\/pt-br\/product\/fita-de-carimbo-6-unidades-para-marcacao-eletroquimica-fita-de-estencil-rapido-de-58-mm-ou-2-com-10-m-de-comprimento\/#primaryimage"},"image":{"@id":"https:\/\/eu-mark.com\/pt-br\/product\/fita-de-carimbo-6-unidades-para-marcacao-eletroquimica-fita-de-estencil-rapido-de-58-mm-ou-2-com-10-m-de-comprimento\/#primaryimage"},"thumbnailUrl":"https:\/\/eu-mark.com\/wp-content\/uploads\/2021\/04\/stencil_tape_2inch_eumark_02.jpg","datePublished":"2021-03-31T07:32:06+00:00","description":"Finalmente, temos a solu\u00e7\u00e3o para fazer est\u00eanceis de forma r\u00e1pida, f\u00e1cil e muito econ\u00f4mica em casa ou na oficina, pois voc\u00ea precisa de uma impressora e fita adesiva para marcar","breadcrumb":{"@id":"https:\/\/eu-mark.com\/pt-br\/product\/fita-de-carimbo-6-unidades-para-marcacao-eletroquimica-fita-de-estencil-rapido-de-58-mm-ou-2-com-10-m-de-comprimento\/#breadcrumb"},"inLanguage":"pt-BR","potentialAction":[{"@type":"ReadAction","target":["https:\/\/eu-mark.com\/pt-br\/product\/fita-de-carimbo-6-unidades-para-marcacao-eletroquimica-fita-de-estencil-rapido-de-58-mm-ou-2-com-10-m-de-comprimento\/"]}]},{"@type":"ImageObject","inLanguage":"pt-BR","@id":"https:\/\/eu-mark.com\/pt-br\/product\/fita-de-carimbo-6-unidades-para-marcacao-eletroquimica-fita-de-estencil-rapido-de-58-mm-ou-2-com-10-m-de-comprimento\/#primaryimage","url":"https:\/\/eu-mark.com\/wp-content\/uploads\/2021\/04\/stencil_tape_2inch_eumark_02.jpg","contentUrl":"https:\/\/eu-mark.com\/wp-content\/uploads\/2021\/04\/stencil_tape_2inch_eumark_02.jpg","width":1000,"height":667},{"@type":"BreadcrumbList","@id":"https:\/\/eu-mark.com\/pt-br\/product\/fita-de-carimbo-6-unidades-para-marcacao-eletroquimica-fita-de-estencil-rapido-de-58-mm-ou-2-com-10-m-de-comprimento\/#breadcrumb","itemListElement":[{"@type":"ListItem","position":1,"name":"In\u00edcio","item":"https:\/\/eu-mark.com\/pt-br\/home\/"},{"@type":"ListItem","position":2,"name":"Loja","item":"https:\/\/eu-mark.com\/pt-br\/loja\/"},{"@type":"ListItem","position":3,"name":"Fita de carimbo 6 unidades para marca\u00e7\u00e3o eletroqu\u00edmica Fita de est\u00eancil r\u00e1pido de 58 mm ou 2&#8243; com 10 m de comprimento"}]},{"@type":"WebSite","@id":"https:\/\/eu-mark.com\/pt-br\/#website","url":"https:\/\/eu-mark.com\/pt-br\/","name":"eu-mark.com","description":"Electrochemical marking etching","publisher":{"@id":"https:\/\/eu-mark.com\/pt-br\/#organization"},"potentialAction":[{"@type":"SearchAction","target":{"@type":"EntryPoint","urlTemplate":"https:\/\/eu-mark.com\/pt-br\/?s={search_term_string}"},"query-input":{"@type":"PropertyValueSpecification","valueRequired":true,"valueName":"search_term_string"}}],"inLanguage":"pt-BR"},{"@type":"Organization","@id":"https:\/\/eu-mark.com\/pt-br\/#organization","name":"EUMARK","url":"https:\/\/eu-mark.com\/pt-br\/","logo":{"@type":"ImageObject","inLanguage":"pt-BR","@id":"https:\/\/eu-mark.com\/pt-br\/#\/schema\/logo\/image\/","url":"https:\/\/eu-mark.com\/wp-content\/uploads\/2025\/02\/eumark-logo-samo-EU-2018_06_19-10_17_06-UTC.jpg","contentUrl":"https:\/\/eu-mark.com\/wp-content\/uploads\/2025\/02\/eumark-logo-samo-EU-2018_06_19-10_17_06-UTC.jpg","width":264,"height":268,"caption":"EUMARK"},"image":{"@id":"https:\/\/eu-mark.com\/pt-br\/#\/schema\/logo\/image\/"},"sameAs":["https:\/\/www.facebook.com\/eumark.de\/","https:\/\/www.youtube.com\/channel\/UCehJsM6xcqIQLzp0y9MjYPg","https:\/\/www.linkedin.com\/company\/eumark\/","https:\/\/www.instagram.com\/eumark_de"]}]}},"_links":{"self":[{"href":"https:\/\/eu-mark.com\/pt-br\/wp-json\/wp\/v2\/product\/7363","targetHints":{"allow":["GET"]}}],"collection":[{"href":"https:\/\/eu-mark.com\/pt-br\/wp-json\/wp\/v2\/product"}],"about":[{"href":"https:\/\/eu-mark.com\/pt-br\/wp-json\/wp\/v2\/types\/product"}],"replies":[{"embeddable":true,"href":"https:\/\/eu-mark.com\/pt-br\/wp-json\/wp\/v2\/comments?post=7363"}],"wp:featuredmedia":[{"embeddable":true,"href":"https:\/\/eu-mark.com\/pt-br\/wp-json\/wp\/v2\/media\/7360"}],"wp:attachment":[{"href":"https:\/\/eu-mark.com\/pt-br\/wp-json\/wp\/v2\/media?parent=7363"}],"wp:term":[{"taxonomy":"product_brand","embeddable":true,"href":"https:\/\/eu-mark.com\/pt-br\/wp-json\/wp\/v2\/product_brand?post=7363"},{"taxonomy":"product_cat","embeddable":true,"href":"https:\/\/eu-mark.com\/pt-br\/wp-json\/wp\/v2\/product_cat?post=7363"},{"taxonomy":"product_tag","embeddable":true,"href":"https:\/\/eu-mark.com\/pt-br\/wp-json\/wp\/v2\/product_tag?post=7363"}],"curies":[{"name":"wp","href":"https:\/\/api.w.org\/{rel}","templated":true}]}}