{"id":7389,"date":"2016-12-13T14:58:13","date_gmt":"2016-12-13T14:58:13","guid":{"rendered":"https:\/\/eu-mark.com\/product\/maquina-de-marcacao-e-gravacao-eletroquimica-eumark-set-01\/"},"modified":"2016-12-13T14:58:13","modified_gmt":"2016-12-13T14:58:13","slug":"maquina-de-marcacao-e-gravacao-eletroquimica-eumark-set-01","status":"publish","type":"product","link":"https:\/\/eu-mark.com\/pt-br\/product\/maquina-de-marcacao-e-gravacao-eletroquimica-eumark-set-01\/","title":{"rendered":"M\u00e1quina de marca\u00e7\u00e3o e grava\u00e7\u00e3o eletroqu\u00edmica EUmark set 01"},"content":{"rendered":"<h1 style=\"text-align: center;\">Marca\u00e7\u00e3o de metal. Marca\u00e7\u00e3o de pe\u00e7as met\u00e1licas com seu logotipo ou n\u00famero de s\u00e9rie. <\/h1>\n<p>Voc\u00ea pode marcar r\u00e1pida e facilmente a superf\u00edcie met\u00e1lica com seu logotipo personalizado, texto etc. 110\/220V operando com fus\u00edvel de prote\u00e7\u00e3o e tamb\u00e9m com fus\u00edvel t\u00e9rmico. Se voc\u00ea precisar de um est\u00eancil fotogr\u00e1fico de longa dura\u00e7\u00e3o ou de um est\u00eancil r\u00e1pido e barato, entre em contato conosco. O EUmark Set01 cont\u00e9m: <em><b>M\u00e1quina, cabos, carimbo manual, filtro de feltro para marca\u00e7\u00e3o, eletr\u00f3lito M21, M22, <\/b><span style=\"font-size: 14.4px;\"><b>Neutralidade<\/b><\/span><b>Se voc\u00ea quiser usar um est\u00eancil de longa dura\u00e7\u00e3o, experimente tamb\u00e9m um est\u00eancil r\u00e1pido da impressora de est\u00eancil. <\/b><\/em> <em><strong>1. O que \u00e9 marca\u00e7\u00e3o eletroqu\u00edmica?<\/strong><\/em> A marca\u00e7\u00e3o eletroqu\u00edmica \u00e9 uma grava\u00e7\u00e3o eletroqu\u00edmica de superf\u00edcies met\u00e1licas que utiliza uma pequena quantidade de corrente el\u00e9trica, um eletr\u00f3lito, um marcador com uma almofada para reter o eletr\u00f3lito e conduzir a corrente e um est\u00eancil com a imagem necess\u00e1ria. <em><strong>2. Fatos sobre marca\u00e7\u00e3o eletroqu\u00edmica<\/strong> <\/em>(r\u00e1pida, barata, simples, segura e de alta qualidade) A marca\u00e7\u00e3o eletroqu\u00edmica \u00e9 a t\u00e9cnica mais r\u00e1pida para a marca\u00e7\u00e3o permanente de superf\u00edcies met\u00e1licas condutoras. Ela produz uma marca n\u00edtida, limpa, atraente e econ\u00f4mica sem danificar, estressar ou distorcer a pe\u00e7a marcada. A impress\u00e3o \u00e9 dur\u00e1vel e sem bordas.   <\/p>\n<p>    N\u00e3o h\u00e1 corros\u00e3o ou outro efeito negativo sobre o material. O processo leva apenas alguns segundos e as marcas t\u00eam cerca de 0,025 mm de profundidade. Dependendo da fun\u00e7\u00e3o e do eletr\u00f3lito selecionado, voc\u00ea pode obter marcas claras de grava\u00e7\u00e3o, marcas de \u00f3xido preto ou marcas brancas em componentes quimicamente escurecidos. O formato da pe\u00e7a pode ser plano, redondo, s\u00f3lido ou oco, montado ou n\u00e3o. O equipamento \u00e9 muito confi\u00e1vel, de longa dura\u00e7\u00e3o e adequado a muitas necessidades industriais. Todo o processo \u00e9 muito simples, n\u00e3o requer muito espa\u00e7o, pode ser realizado durante a fabrica\u00e7\u00e3o ou antes da entrega, n\u00e3o requer nenhum treinamento especial e \u00e9 muito seguro. <em><strong>3. Onde voc\u00ea pode usar a marca\u00e7\u00e3o eletroqu\u00edmica?<\/strong><\/em> Uma grande variedade de fabricantes utiliza a marca\u00e7\u00e3o eletroqu\u00edmica. O processo \u00e9 amplamente utilizado para marcar talheres, ferramentas, machos, brocas, l\u00e2minas de serra e nos setores automotivo e a\u00e9reo. Al\u00e9m disso, pequenas empresas, amadores e artistas podem usar a marca\u00e7\u00e3o eletroqu\u00edmica.     <\/p>\n<p><strong>4. Equipamento de marca\u00e7\u00e3o eletroqu\u00edmica:<\/strong><\/p>\n<ul>\n<li><strong><em>Dispositivo de marca\u00e7\u00e3o.<\/em> <\/strong>Voc\u00ea pode encontrar essa unidade em mais variantes, dependendo do tamanho e das necessidades espec\u00edficas. Os modelos b\u00e1sicos s\u00e3o diferentes pelos poss\u00edveis modos de opera\u00e7\u00e3o, controladores para opera\u00e7\u00e3o autom\u00e1tica ou semiautom\u00e1tica etc. <\/li>\n<li><em><strong>Marcador com almofada Marcadores<\/strong><\/em> com almofada podem ser de opera\u00e7\u00e3o manual, semiautom\u00e1tica e autom\u00e1tica. Eles s\u00e3o usados para segurar o est\u00eancil, o fornecimento de eletr\u00f3lito e o fechamento de um circuito el\u00e9trico para que a pe\u00e7a seja marcada. <\/li>\n<li><em><strong>Est\u00eancil Pequeno<\/strong><\/em>O est\u00eancil \u00e9 uma pe\u00e7a fina de material especial que cont\u00e9m o desenho necess\u00e1rio. H\u00e1 dois modelos b\u00e1sicos: est\u00eancil de longa dura\u00e7\u00e3o com alta resolu\u00e7\u00e3o (pode ser usado at\u00e9 5.000 marcas) e est\u00eancil curto (r\u00e1pido) para marca\u00e7\u00e3o r\u00e1pida em pequenas s\u00e9ries. <\/li>\n<li><em><strong>Eletr\u00f3lito.<\/strong> <\/em>Essas solu\u00e7\u00f5es salinas inofensivas s\u00e3o usadas para a condu\u00e7\u00e3o de corrente e os produtos qu\u00edmicos necess\u00e1rios para limpar cada marca ou marcas de \u00f3xido preto ou branco. a. Limpador Essas solu\u00e7\u00f5es s\u00e3o usadas para remover o restante do eletr\u00f3lito ap\u00f3s a marca\u00e7\u00e3o, a fim de reduzir a corros\u00e3o.  <\/li>\n<\/ul>\n<table width=\"888\">\n<tbody>\n<tr>\n<td width=\"100\"><\/td>\n<td width=\"61\">Marca\u00e7\u00e3o preta<\/td>\n<td width=\"76\">Marca\u00e7\u00e3o de luz de grava\u00e7\u00e3o profunda<\/td>\n<td width=\"82\">Impressora de est\u00eancil P58D com 58 mm de largura<\/td>\n<td width=\"77\">Impressora de est\u00eancil 410 com 110 mm de largura e 108 m de comprimento<\/td>\n<td width=\"82\">Impressora de est\u00eancil P58 com 58 mm de largura para fita de est\u00eancil com 10 m de comprimento<\/td>\n<td width=\"84\">Fita de est\u00eancil com 58 mm de largura e 10 m de comprimento<\/td>\n<td width=\"64\">M21, M22, M23 N11 50 ml cada<\/td>\n<td width=\"64\">M21, M22, M23 N11 500 ml cada<\/td>\n<td width=\"70\">M22 50ml<\/td>\n<td width=\"64\">2 p\u00e7s Feltro de marca\u00e7\u00e3o &#8211; Filz para marca\u00e7\u00e3o eletroqu\u00edmica e grava\u00e7\u00e3o 375x500mm<\/td>\n<td width=\"64\">2 psc Marking Felt &#8211; Filz para marca\u00e7\u00e3o eletroqu\u00edmica de amostras de gravura<\/td>\n<\/tr>\n<tr>\n<td>Conjunto 04A da Eumark<\/td>\n<td>SIM<\/td>\n<td>SIM<\/td>\n<td>N\u00c3O<\/td>\n<td>SIM<\/td>\n<td>N\u00c3O<\/td>\n<td>N\u00c3O<\/td>\n<td>SIM<\/td>\n<td>N\u00c3O<\/td>\n<td><\/td>\n<td>SIM<\/td>\n<td>N\u00c3O<\/td>\n<\/tr>\n<tr>\n<td>Conjunto 04 da Eumark<\/td>\n<td>SIM<\/td>\n<td>SIM<\/td>\n<td>N\u00c3O<\/td>\n<td>SIM<\/td>\n<td>N\u00c3O<\/td>\n<td>N\u00c3O<\/td>\n<td>N\u00c3O<\/td>\n<td>SIM<\/td>\n<td><\/td>\n<td>SIM<\/td>\n<td>N\u00e3o<\/td>\n<\/tr>\n<tr>\n<td>Conjunto 03 da Eumark<\/td>\n<td>SIM<\/td>\n<td>SIM<\/td>\n<td>SIM<\/td>\n<td>N\u00c3O<\/td>\n<td>SIM<\/td>\n<td>SIM 6pcs<\/td>\n<td>N\u00c3O<\/td>\n<td>N\u00c3O<\/td>\n<td><\/td>\n<td>SIM<\/td>\n<td>SIM<\/td>\n<\/tr>\n<tr>\n<td>Conjunto 02 da Eumark<\/td>\n<td>SIM<\/td>\n<td>SIM<\/td>\n<td>SIM<\/td>\n<td>N\u00c3O<\/td>\n<td>SIM<\/td>\n<td>SIM<\/td>\n<td>N\u00c3O<\/td>\n<td>N\u00c3O<\/td>\n<td><\/td>\n<td>N\u00c3O<\/td>\n<td>SIM<\/td>\n<\/tr>\n<tr>\n<td>Conjunto 01 da Eumark<\/td>\n<td>SIM<\/td>\n<td>SIM<\/td>\n<td>N\u00c3O<\/td>\n<td>N\u00c3O<\/td>\n<td>N\u00c3O<\/td>\n<td>N\u00c3O<\/td>\n<td>N\u00c3O<\/td>\n<td>N\u00c3O<\/td>\n<td><\/td>\n<td>N\u00c3O<\/td>\n<td>SIM<\/td>\n<\/tr>\n<tr>\n<td>Conjunto 05 da Eumark<\/td>\n<td>SIM<\/td>\n<td>N\u00c3O<\/td>\n<td>N\u00c3O<\/td>\n<td>N\u00c3O<\/td>\n<td>N\u00c3O<\/td>\n<td>N\u00c3O<\/td>\n<td>SIM<\/td>\n<td>N\u00c3O<\/td>\n<td>SIM<\/td>\n<td>N\u00c3O<\/td>\n<td>N\u00c3O<\/td>\n<\/tr>\n<tr>\n<td>Eumark set 06<\/td>\n<td>SIM<\/td>\n<td>N\u00c3O<\/td>\n<td>SIM<\/td>\n<td>N\u00c3O<\/td>\n<td>SIM<\/td>\n<td>SIM<\/td>\n<td>SIM<\/td>\n<td>N\u00c3O<\/td>\n<td>SIM<\/td>\n<td>N\u00c3O<\/td>\n<td>N\u00c3O<\/td>\n<\/tr>\n<\/tbody>\n<\/table>\n","protected":false},"excerpt":{"rendered":"<p><strong>Frete gr\u00e1tis para todo o mundo<\/strong><\/p>\n","protected":false},"featured_media":7391,"comment_status":"closed","ping_status":"closed","template":"","meta":[],"product_brand":[],"product_cat":[146],"product_tag":[201,157,202,199,200,158],"class_list":{"0":"post-7389","1":"product","2":"type-product","3":"status-publish","4":"has-post-thumbnail","6":"product_cat-gravacao-eletroquimica","7":"product_tag-aco","8":"product_tag-eletroquimico","9":"product_tag-faca","10":"product_tag-gravura","11":"product_tag-maquina-pt-br","12":"product_tag-marcacao","14":"first","15":"instock","16":"sale","17":"featured","18":"shipping-taxable","19":"purchasable","20":"product-type-simple"},"yoast_head":"<!-- This site is optimized with the Yoast SEO plugin v27.4 - https:\/\/yoast.com\/product\/yoast-seo-wordpress\/ -->\n<title>Marca\u00e7\u00e3o de metal. Marca\u00e7\u00e3o de pe\u00e7as met\u00e1licas com seu logotipo ou n\u00famero de s\u00e9rie.<\/title>\n<meta name=\"description\" content=\"R\u00e1pida, barata, simples, segura e de alta qualidade. A marca\u00e7\u00e3o eletroqu\u00edmica \u00e9 a t\u00e9cnica mais r\u00e1pida para a marca\u00e7\u00e3o permanente de superf\u00edcies met\u00e1licas condutoras. A marca\u00e7\u00e3o eletroqu\u00edmica \u00e9 a grava\u00e7\u00e3o eletroqu\u00edmica de superf\u00edcies met\u00e1licas usando uma pequena quantidade de corrente el\u00e9trica. Ela produz uma marca n\u00edtida, limpa, atraente e econ\u00f4mica.\" \/>\n<meta name=\"robots\" content=\"index, follow, max-snippet:-1, max-image-preview:large, max-video-preview:-1\" \/>\n<link rel=\"canonical\" href=\"https:\/\/eu-mark.com\/pt-br\/product\/maquina-de-marcacao-e-gravacao-eletroquimica-eumark-set-01\/\" \/>\n<meta property=\"og:locale\" content=\"pt_BR\" \/>\n<meta property=\"og:type\" content=\"article\" \/>\n<meta property=\"og:title\" content=\"Marca\u00e7\u00e3o de metal. Marca\u00e7\u00e3o de pe\u00e7as met\u00e1licas com seu logotipo ou n\u00famero de s\u00e9rie.\" \/>\n<meta property=\"og:description\" content=\"R\u00e1pida, barata, simples, segura e de alta qualidade. A marca\u00e7\u00e3o eletroqu\u00edmica \u00e9 a t\u00e9cnica mais r\u00e1pida para a marca\u00e7\u00e3o permanente de superf\u00edcies met\u00e1licas condutoras. A marca\u00e7\u00e3o eletroqu\u00edmica \u00e9 a grava\u00e7\u00e3o eletroqu\u00edmica de superf\u00edcies met\u00e1licas usando uma pequena quantidade de corrente el\u00e9trica. Ela produz uma marca n\u00edtida, limpa, atraente e econ\u00f4mica.\" \/>\n<meta property=\"og:url\" content=\"https:\/\/eu-mark.com\/pt-br\/product\/maquina-de-marcacao-e-gravacao-eletroquimica-eumark-set-01\/\" \/>\n<meta property=\"og:site_name\" content=\"Electrochemical marking etching\" \/>\n<meta property=\"article:publisher\" content=\"https:\/\/www.facebook.com\/eumark.de\/\" \/>\n<meta property=\"og:image\" content=\"https:\/\/eu-mark.com\/wp-content\/uploads\/2016\/12\/Eumark-set-01-web.webp\" \/>\n\t<meta property=\"og:image:width\" content=\"971\" \/>\n\t<meta property=\"og:image:height\" content=\"648\" \/>\n\t<meta property=\"og:image:type\" content=\"image\/webp\" \/>\n<meta name=\"twitter:card\" content=\"summary_large_image\" \/>\n<meta name=\"twitter:label1\" content=\"Est. tempo de leitura\" \/>\n\t<meta name=\"twitter:data1\" content=\"4 minutos\" \/>\n<script type=\"application\/ld+json\" class=\"yoast-schema-graph\">{\"@context\":\"https:\\\/\\\/schema.org\",\"@graph\":[{\"@type\":\"WebPage\",\"@id\":\"https:\\\/\\\/eu-mark.com\\\/pt-br\\\/product\\\/maquina-de-marcacao-e-gravacao-eletroquimica-eumark-set-01\\\/\",\"url\":\"https:\\\/\\\/eu-mark.com\\\/pt-br\\\/product\\\/maquina-de-marcacao-e-gravacao-eletroquimica-eumark-set-01\\\/\",\"name\":\"Marca\u00e7\u00e3o de metal. Marca\u00e7\u00e3o de pe\u00e7as met\u00e1licas com seu logotipo ou n\u00famero de s\u00e9rie.\",\"isPartOf\":{\"@id\":\"https:\\\/\\\/eu-mark.com\\\/pt-br\\\/#website\"},\"primaryImageOfPage\":{\"@id\":\"https:\\\/\\\/eu-mark.com\\\/pt-br\\\/product\\\/maquina-de-marcacao-e-gravacao-eletroquimica-eumark-set-01\\\/#primaryimage\"},\"image\":{\"@id\":\"https:\\\/\\\/eu-mark.com\\\/pt-br\\\/product\\\/maquina-de-marcacao-e-gravacao-eletroquimica-eumark-set-01\\\/#primaryimage\"},\"thumbnailUrl\":\"https:\\\/\\\/eu-mark.com\\\/wp-content\\\/uploads\\\/2016\\\/12\\\/Eumark-set-01-web.webp\",\"datePublished\":\"2016-12-13T14:58:13+00:00\",\"description\":\"R\u00e1pida, barata, simples, segura e de alta qualidade. A marca\u00e7\u00e3o eletroqu\u00edmica \u00e9 a t\u00e9cnica mais r\u00e1pida para a marca\u00e7\u00e3o permanente de superf\u00edcies met\u00e1licas condutoras. A marca\u00e7\u00e3o eletroqu\u00edmica \u00e9 a grava\u00e7\u00e3o eletroqu\u00edmica de superf\u00edcies met\u00e1licas usando uma pequena quantidade de corrente el\u00e9trica. Ela produz uma marca n\u00edtida, limpa, atraente e econ\u00f4mica.\",\"breadcrumb\":{\"@id\":\"https:\\\/\\\/eu-mark.com\\\/pt-br\\\/product\\\/maquina-de-marcacao-e-gravacao-eletroquimica-eumark-set-01\\\/#breadcrumb\"},\"inLanguage\":\"pt-BR\",\"potentialAction\":[{\"@type\":\"ReadAction\",\"target\":[\"https:\\\/\\\/eu-mark.com\\\/pt-br\\\/product\\\/maquina-de-marcacao-e-gravacao-eletroquimica-eumark-set-01\\\/\"]}]},{\"@type\":\"ImageObject\",\"inLanguage\":\"pt-BR\",\"@id\":\"https:\\\/\\\/eu-mark.com\\\/pt-br\\\/product\\\/maquina-de-marcacao-e-gravacao-eletroquimica-eumark-set-01\\\/#primaryimage\",\"url\":\"https:\\\/\\\/eu-mark.com\\\/wp-content\\\/uploads\\\/2016\\\/12\\\/Eumark-set-01-web.webp\",\"contentUrl\":\"https:\\\/\\\/eu-mark.com\\\/wp-content\\\/uploads\\\/2016\\\/12\\\/Eumark-set-01-web.webp\",\"width\":971,\"height\":648},{\"@type\":\"BreadcrumbList\",\"@id\":\"https:\\\/\\\/eu-mark.com\\\/pt-br\\\/product\\\/maquina-de-marcacao-e-gravacao-eletroquimica-eumark-set-01\\\/#breadcrumb\",\"itemListElement\":[{\"@type\":\"ListItem\",\"position\":1,\"name\":\"In\u00edcio\",\"item\":\"https:\\\/\\\/eu-mark.com\\\/pt-br\\\/home\\\/\"},{\"@type\":\"ListItem\",\"position\":2,\"name\":\"Loja\",\"item\":\"https:\\\/\\\/eu-mark.com\\\/pt-br\\\/loja\\\/\"},{\"@type\":\"ListItem\",\"position\":3,\"name\":\"M\u00e1quina de marca\u00e7\u00e3o e grava\u00e7\u00e3o eletroqu\u00edmica EUmark set 01\"}]},{\"@type\":\"WebSite\",\"@id\":\"https:\\\/\\\/eu-mark.com\\\/pt-br\\\/#website\",\"url\":\"https:\\\/\\\/eu-mark.com\\\/pt-br\\\/\",\"name\":\"eu-mark.com\",\"description\":\"Electrochemical marking etching\",\"publisher\":{\"@id\":\"https:\\\/\\\/eu-mark.com\\\/pt-br\\\/#organization\"},\"potentialAction\":[{\"@type\":\"SearchAction\",\"target\":{\"@type\":\"EntryPoint\",\"urlTemplate\":\"https:\\\/\\\/eu-mark.com\\\/pt-br\\\/?s={search_term_string}\"},\"query-input\":{\"@type\":\"PropertyValueSpecification\",\"valueRequired\":true,\"valueName\":\"search_term_string\"}}],\"inLanguage\":\"pt-BR\"},{\"@type\":\"Organization\",\"@id\":\"https:\\\/\\\/eu-mark.com\\\/pt-br\\\/#organization\",\"name\":\"EUMARK\",\"url\":\"https:\\\/\\\/eu-mark.com\\\/pt-br\\\/\",\"logo\":{\"@type\":\"ImageObject\",\"inLanguage\":\"pt-BR\",\"@id\":\"https:\\\/\\\/eu-mark.com\\\/pt-br\\\/#\\\/schema\\\/logo\\\/image\\\/\",\"url\":\"https:\\\/\\\/eu-mark.com\\\/wp-content\\\/uploads\\\/2025\\\/02\\\/eumark-logo-samo-EU-2018_06_19-10_17_06-UTC.jpg\",\"contentUrl\":\"https:\\\/\\\/eu-mark.com\\\/wp-content\\\/uploads\\\/2025\\\/02\\\/eumark-logo-samo-EU-2018_06_19-10_17_06-UTC.jpg\",\"width\":264,\"height\":268,\"caption\":\"EUMARK\"},\"image\":{\"@id\":\"https:\\\/\\\/eu-mark.com\\\/pt-br\\\/#\\\/schema\\\/logo\\\/image\\\/\"},\"sameAs\":[\"https:\\\/\\\/www.facebook.com\\\/eumark.de\\\/\",\"https:\\\/\\\/www.youtube.com\\\/channel\\\/UCehJsM6xcqIQLzp0y9MjYPg\",\"https:\\\/\\\/www.linkedin.com\\\/company\\\/eumark\\\/\",\"https:\\\/\\\/www.instagram.com\\\/eumark_de\"]}]}<\/script>\n<!-- \/ Yoast SEO plugin. -->","yoast_head_json":{"title":"Marca\u00e7\u00e3o de metal. Marca\u00e7\u00e3o de pe\u00e7as met\u00e1licas com seu logotipo ou n\u00famero de s\u00e9rie.","description":"R\u00e1pida, barata, simples, segura e de alta qualidade. A marca\u00e7\u00e3o eletroqu\u00edmica \u00e9 a t\u00e9cnica mais r\u00e1pida para a marca\u00e7\u00e3o permanente de superf\u00edcies met\u00e1licas condutoras. A marca\u00e7\u00e3o eletroqu\u00edmica \u00e9 a grava\u00e7\u00e3o eletroqu\u00edmica de superf\u00edcies met\u00e1licas usando uma pequena quantidade de corrente el\u00e9trica. Ela produz uma marca n\u00edtida, limpa, atraente e econ\u00f4mica.","robots":{"index":"index","follow":"follow","max-snippet":"max-snippet:-1","max-image-preview":"max-image-preview:large","max-video-preview":"max-video-preview:-1"},"canonical":"https:\/\/eu-mark.com\/pt-br\/product\/maquina-de-marcacao-e-gravacao-eletroquimica-eumark-set-01\/","og_locale":"pt_BR","og_type":"article","og_title":"Marca\u00e7\u00e3o de metal. Marca\u00e7\u00e3o de pe\u00e7as met\u00e1licas com seu logotipo ou n\u00famero de s\u00e9rie.","og_description":"R\u00e1pida, barata, simples, segura e de alta qualidade. A marca\u00e7\u00e3o eletroqu\u00edmica \u00e9 a t\u00e9cnica mais r\u00e1pida para a marca\u00e7\u00e3o permanente de superf\u00edcies met\u00e1licas condutoras. A marca\u00e7\u00e3o eletroqu\u00edmica \u00e9 a grava\u00e7\u00e3o eletroqu\u00edmica de superf\u00edcies met\u00e1licas usando uma pequena quantidade de corrente el\u00e9trica. Ela produz uma marca n\u00edtida, limpa, atraente e econ\u00f4mica.","og_url":"https:\/\/eu-mark.com\/pt-br\/product\/maquina-de-marcacao-e-gravacao-eletroquimica-eumark-set-01\/","og_site_name":"Electrochemical marking etching","article_publisher":"https:\/\/www.facebook.com\/eumark.de\/","og_image":[{"width":971,"height":648,"url":"https:\/\/eu-mark.com\/wp-content\/uploads\/2016\/12\/Eumark-set-01-web.webp","type":"image\/webp"}],"twitter_card":"summary_large_image","twitter_misc":{"Est. tempo de leitura":"4 minutos"},"schema":{"@context":"https:\/\/schema.org","@graph":[{"@type":"WebPage","@id":"https:\/\/eu-mark.com\/pt-br\/product\/maquina-de-marcacao-e-gravacao-eletroquimica-eumark-set-01\/","url":"https:\/\/eu-mark.com\/pt-br\/product\/maquina-de-marcacao-e-gravacao-eletroquimica-eumark-set-01\/","name":"Marca\u00e7\u00e3o de metal. Marca\u00e7\u00e3o de pe\u00e7as met\u00e1licas com seu logotipo ou n\u00famero de s\u00e9rie.","isPartOf":{"@id":"https:\/\/eu-mark.com\/pt-br\/#website"},"primaryImageOfPage":{"@id":"https:\/\/eu-mark.com\/pt-br\/product\/maquina-de-marcacao-e-gravacao-eletroquimica-eumark-set-01\/#primaryimage"},"image":{"@id":"https:\/\/eu-mark.com\/pt-br\/product\/maquina-de-marcacao-e-gravacao-eletroquimica-eumark-set-01\/#primaryimage"},"thumbnailUrl":"https:\/\/eu-mark.com\/wp-content\/uploads\/2016\/12\/Eumark-set-01-web.webp","datePublished":"2016-12-13T14:58:13+00:00","description":"R\u00e1pida, barata, simples, segura e de alta qualidade. A marca\u00e7\u00e3o eletroqu\u00edmica \u00e9 a t\u00e9cnica mais r\u00e1pida para a marca\u00e7\u00e3o permanente de superf\u00edcies met\u00e1licas condutoras. A marca\u00e7\u00e3o eletroqu\u00edmica \u00e9 a grava\u00e7\u00e3o eletroqu\u00edmica de superf\u00edcies met\u00e1licas usando uma pequena quantidade de corrente el\u00e9trica. Ela produz uma marca n\u00edtida, limpa, atraente e econ\u00f4mica.","breadcrumb":{"@id":"https:\/\/eu-mark.com\/pt-br\/product\/maquina-de-marcacao-e-gravacao-eletroquimica-eumark-set-01\/#breadcrumb"},"inLanguage":"pt-BR","potentialAction":[{"@type":"ReadAction","target":["https:\/\/eu-mark.com\/pt-br\/product\/maquina-de-marcacao-e-gravacao-eletroquimica-eumark-set-01\/"]}]},{"@type":"ImageObject","inLanguage":"pt-BR","@id":"https:\/\/eu-mark.com\/pt-br\/product\/maquina-de-marcacao-e-gravacao-eletroquimica-eumark-set-01\/#primaryimage","url":"https:\/\/eu-mark.com\/wp-content\/uploads\/2016\/12\/Eumark-set-01-web.webp","contentUrl":"https:\/\/eu-mark.com\/wp-content\/uploads\/2016\/12\/Eumark-set-01-web.webp","width":971,"height":648},{"@type":"BreadcrumbList","@id":"https:\/\/eu-mark.com\/pt-br\/product\/maquina-de-marcacao-e-gravacao-eletroquimica-eumark-set-01\/#breadcrumb","itemListElement":[{"@type":"ListItem","position":1,"name":"In\u00edcio","item":"https:\/\/eu-mark.com\/pt-br\/home\/"},{"@type":"ListItem","position":2,"name":"Loja","item":"https:\/\/eu-mark.com\/pt-br\/loja\/"},{"@type":"ListItem","position":3,"name":"M\u00e1quina de marca\u00e7\u00e3o e grava\u00e7\u00e3o eletroqu\u00edmica EUmark set 01"}]},{"@type":"WebSite","@id":"https:\/\/eu-mark.com\/pt-br\/#website","url":"https:\/\/eu-mark.com\/pt-br\/","name":"eu-mark.com","description":"Electrochemical marking etching","publisher":{"@id":"https:\/\/eu-mark.com\/pt-br\/#organization"},"potentialAction":[{"@type":"SearchAction","target":{"@type":"EntryPoint","urlTemplate":"https:\/\/eu-mark.com\/pt-br\/?s={search_term_string}"},"query-input":{"@type":"PropertyValueSpecification","valueRequired":true,"valueName":"search_term_string"}}],"inLanguage":"pt-BR"},{"@type":"Organization","@id":"https:\/\/eu-mark.com\/pt-br\/#organization","name":"EUMARK","url":"https:\/\/eu-mark.com\/pt-br\/","logo":{"@type":"ImageObject","inLanguage":"pt-BR","@id":"https:\/\/eu-mark.com\/pt-br\/#\/schema\/logo\/image\/","url":"https:\/\/eu-mark.com\/wp-content\/uploads\/2025\/02\/eumark-logo-samo-EU-2018_06_19-10_17_06-UTC.jpg","contentUrl":"https:\/\/eu-mark.com\/wp-content\/uploads\/2025\/02\/eumark-logo-samo-EU-2018_06_19-10_17_06-UTC.jpg","width":264,"height":268,"caption":"EUMARK"},"image":{"@id":"https:\/\/eu-mark.com\/pt-br\/#\/schema\/logo\/image\/"},"sameAs":["https:\/\/www.facebook.com\/eumark.de\/","https:\/\/www.youtube.com\/channel\/UCehJsM6xcqIQLzp0y9MjYPg","https:\/\/www.linkedin.com\/company\/eumark\/","https:\/\/www.instagram.com\/eumark_de"]}]}},"_links":{"self":[{"href":"https:\/\/eu-mark.com\/pt-br\/wp-json\/wp\/v2\/product\/7389","targetHints":{"allow":["GET"]}}],"collection":[{"href":"https:\/\/eu-mark.com\/pt-br\/wp-json\/wp\/v2\/product"}],"about":[{"href":"https:\/\/eu-mark.com\/pt-br\/wp-json\/wp\/v2\/types\/product"}],"replies":[{"embeddable":true,"href":"https:\/\/eu-mark.com\/pt-br\/wp-json\/wp\/v2\/comments?post=7389"}],"wp:featuredmedia":[{"embeddable":true,"href":"https:\/\/eu-mark.com\/pt-br\/wp-json\/wp\/v2\/media\/7391"}],"wp:attachment":[{"href":"https:\/\/eu-mark.com\/pt-br\/wp-json\/wp\/v2\/media?parent=7389"}],"wp:term":[{"taxonomy":"product_brand","embeddable":true,"href":"https:\/\/eu-mark.com\/pt-br\/wp-json\/wp\/v2\/product_brand?post=7389"},{"taxonomy":"product_cat","embeddable":true,"href":"https:\/\/eu-mark.com\/pt-br\/wp-json\/wp\/v2\/product_cat?post=7389"},{"taxonomy":"product_tag","embeddable":true,"href":"https:\/\/eu-mark.com\/pt-br\/wp-json\/wp\/v2\/product_tag?post=7389"}],"curies":[{"name":"wp","href":"https:\/\/api.w.org\/{rel}","templated":true}]}}