{"id":7397,"date":"2024-04-23T12:18:39","date_gmt":"2024-04-23T12:18:39","guid":{"rendered":"https:\/\/eu-mark.com\/product\/impressora-de-estencil-para-gravacao-de-vidro-de-100-mm-ou-4-de-largura-com-fita-de-estencil-de-108-m-ou-355-pes-de-comprimento\/"},"modified":"2024-04-23T12:18:39","modified_gmt":"2024-04-23T12:18:39","slug":"impressora-de-estencil-para-gravacao-de-vidro-de-100-mm-ou-4-de-largura-com-fita-de-estencil-de-108-m-ou-355-pes-de-comprimento","status":"publish","type":"product","link":"https:\/\/eu-mark.com\/pt-br\/product\/impressora-de-estencil-para-gravacao-de-vidro-de-100-mm-ou-4-de-largura-com-fita-de-estencil-de-108-m-ou-355-pes-de-comprimento\/","title":{"rendered":"Impressora de est\u00eancil para grava\u00e7\u00e3o de vidro de 100 mm ou 4&#8243; de largura com fita de est\u00eancil de 108 m ou 355 p\u00e9s de comprimento"},"content":{"rendered":"<h3 data-sanitized-data-mce-fragment=\"1\"><strong>A Stencil Printer de 100 mm ou 4&#8243; de largura \u00e9 uma ferramenta eficiente para o corte e a grava\u00e7\u00e3o precisos de est\u00eancil em vidro. Esse dispositivo apresenta uma poderosa capacidade de produzir est\u00eancil de alta resolu\u00e7\u00e3o com uma largura m\u00e1xima de impress\u00e3o de 100 mm (4&#8243;) e um comprimento de fita de est\u00eancil de 108 m (355 p\u00e9s). Software inclu\u00eddo <\/strong>.<\/h3>\n<h3><strong>&#8220;Descubra a arte da grava\u00e7\u00e3o em vidro com nossa impressora de est\u00eancil de \u00faltima gera\u00e7\u00e3o!<\/strong><\/h3>\n<div><\/div>\n<div>Apresentamos a ferramenta definitiva para precis\u00e3o e criatividade na grava\u00e7\u00e3o em vidro. Nossa impressora de est\u00eancil de \u00faltima gera\u00e7\u00e3o permite que artistas, amadores e profissionais transfiram, sem esfor\u00e7o, desenhos complexos para superf\u00edcies de vidro com precis\u00e3o inigual\u00e1vel. <\/div>\n<div><\/div>\n<div>Experimente a liberdade de personalizar artigos de vidro, janelas, espelhos e muito mais com detalhes e delicadeza impressionantes. Quer voc\u00ea esteja criando presentes personalizados, embelezando a decora\u00e7\u00e3o da casa ou dando um toque exclusivo a projetos comerciais, nossa impressora de est\u00eancil oferece versatilidade e qualidade inigual\u00e1veis. <\/div>\n<div><\/div>\n<div>Diga adeus \u00e0s t\u00e9cnicas manuais demoradas de grava\u00e7\u00e3o e diga ol\u00e1 \u00e0 efici\u00eancia e \u00e0 precis\u00e3o. Com nosso software intuitivo e maquin\u00e1rio de alto desempenho, dar vida \u00e0s suas vis\u00f5es nunca foi t\u00e3o f\u00e1cil. <\/div>\n<div><\/div>\n<div>Eleve seus esfor\u00e7os de grava\u00e7\u00e3o em vidro hoje mesmo com nossa inovadora impressora de est\u00eancil. D\u00ea asas \u00e0 sua criatividade e deixe uma impress\u00e3o duradoura com cada obra-prima gravada!&#8221; <\/div>\n<p>&nbsp;<\/p>\n<p>&nbsp;<\/p>\n","protected":false},"excerpt":{"rendered":"<p><strong>Frete gr\u00e1tis para todo o mundo<\/strong><\/p>\n<p>Apresentamos a EUmark Stencil Printer, com uma largura de 100 mm ou 4 pol. e uma generosa fita de est\u00eancil de 108 m ou 355 p\u00e9s de comprimento. Finalmente, apresentamos uma solu\u00e7\u00e3o para voc\u00ea criar est\u00eanceis de forma r\u00e1pida, f\u00e1cil e econ\u00f4mica dentro dos limites de sua casa ou oficina. Tudo o que voc\u00ea precisa \u00e9 da impressora e da fita de est\u00eancil para uma marca\u00e7\u00e3o eficiente, empregando a grava\u00e7\u00e3o em vidro. Utilizando nossa impressora de est\u00eancil e as fitas compat\u00edveis, voc\u00ea pode criar seu est\u00eancil personalizado e fazer marca\u00e7\u00f5es r\u00e1pidas em apenas alguns minutos. Sejam n\u00fameros de s\u00e9rie, c\u00f3digos QR, c\u00f3digos de barras, datas, textos ou at\u00e9 mesmo logotipos, voc\u00ea pode fazer tudo isso em apenas alguns minutos!<\/p>\n","protected":false},"featured_media":7410,"comment_status":"open","ping_status":"closed","template":"","meta":[],"product_brand":[],"product_cat":[208],"product_tag":[],"class_list":{"0":"post-7397","1":"product","2":"type-product","3":"status-publish","4":"has-post-thumbnail","6":"product_cat-impressoras-de-estencil","8":"first","9":"instock","10":"shipping-taxable","11":"purchasable","12":"product-type-simple"},"yoast_head":"<!-- This site is optimized with the Yoast SEO plugin v27.4 - https:\/\/yoast.com\/product\/yoast-seo-wordpress\/ -->\n<title>Impressora de est\u00eancil para grava\u00e7\u00e3o em vidro com 100 mm e 4&quot; de largura<\/title>\n<meta name=\"description\" content=\"Marca\u00e7\u00e3o de metal Marca\u00e7\u00e3o de pe\u00e7as met\u00e1licas com logotipo, texto ou n\u00famero de s\u00e9rie. Finalmente, temos a solu\u00e7\u00e3o para fazer est\u00eanceis de forma r\u00e1pida, f\u00e1cil e muito econ\u00f4mica em casa ou na oficina, pois voc\u00ea precisa de uma impressora e fita de est\u00eancil para marcar\" \/>\n<meta name=\"robots\" content=\"index, follow, max-snippet:-1, max-image-preview:large, max-video-preview:-1\" \/>\n<link rel=\"canonical\" href=\"https:\/\/eu-mark.com\/pt-br\/product\/impressora-de-estencil-para-gravacao-de-vidro-de-100-mm-ou-4-de-largura-com-fita-de-estencil-de-108-m-ou-355-pes-de-comprimento\/\" \/>\n<meta property=\"og:locale\" content=\"pt_BR\" \/>\n<meta property=\"og:type\" content=\"article\" \/>\n<meta property=\"og:title\" content=\"Impressora de est\u00eancil para grava\u00e7\u00e3o em vidro com 100 mm e 4&quot; de largura\" \/>\n<meta property=\"og:description\" content=\"Marca\u00e7\u00e3o de metal Marca\u00e7\u00e3o de pe\u00e7as met\u00e1licas com logotipo, texto ou n\u00famero de s\u00e9rie. Finalmente, temos a solu\u00e7\u00e3o para fazer est\u00eanceis de forma r\u00e1pida, f\u00e1cil e muito econ\u00f4mica em casa ou na oficina, pois voc\u00ea precisa de uma impressora e fita de est\u00eancil para marcar\" \/>\n<meta property=\"og:url\" content=\"https:\/\/eu-mark.com\/pt-br\/product\/impressora-de-estencil-para-gravacao-de-vidro-de-100-mm-ou-4-de-largura-com-fita-de-estencil-de-108-m-ou-355-pes-de-comprimento\/\" \/>\n<meta property=\"og:site_name\" content=\"Electrochemical marking etching\" \/>\n<meta property=\"article:publisher\" content=\"https:\/\/www.facebook.com\/eumark.de\/\" \/>\n<meta property=\"og:image\" content=\"https:\/\/eu-mark.com\/wp-content\/uploads\/2024\/04\/Glass_etch_stencil-printer_02.webp\" \/>\n\t<meta property=\"og:image:width\" content=\"600\" \/>\n\t<meta property=\"og:image:height\" content=\"1067\" \/>\n\t<meta property=\"og:image:type\" content=\"image\/webp\" \/>\n<meta name=\"twitter:card\" content=\"summary_large_image\" \/>\n<meta name=\"twitter:label1\" content=\"Est. tempo de leitura\" \/>\n\t<meta name=\"twitter:data1\" content=\"1 minuto\" \/>\n<script type=\"application\/ld+json\" class=\"yoast-schema-graph\">{\"@context\":\"https:\\\/\\\/schema.org\",\"@graph\":[{\"@type\":\"WebPage\",\"@id\":\"https:\\\/\\\/eu-mark.com\\\/pt-br\\\/product\\\/impressora-de-estencil-para-gravacao-de-vidro-de-100-mm-ou-4-de-largura-com-fita-de-estencil-de-108-m-ou-355-pes-de-comprimento\\\/\",\"url\":\"https:\\\/\\\/eu-mark.com\\\/pt-br\\\/product\\\/impressora-de-estencil-para-gravacao-de-vidro-de-100-mm-ou-4-de-largura-com-fita-de-estencil-de-108-m-ou-355-pes-de-comprimento\\\/\",\"name\":\"Impressora de est\u00eancil para grava\u00e7\u00e3o em vidro com 100 mm e 4\\\" de largura\",\"isPartOf\":{\"@id\":\"https:\\\/\\\/eu-mark.com\\\/pt-br\\\/#website\"},\"primaryImageOfPage\":{\"@id\":\"https:\\\/\\\/eu-mark.com\\\/pt-br\\\/product\\\/impressora-de-estencil-para-gravacao-de-vidro-de-100-mm-ou-4-de-largura-com-fita-de-estencil-de-108-m-ou-355-pes-de-comprimento\\\/#primaryimage\"},\"image\":{\"@id\":\"https:\\\/\\\/eu-mark.com\\\/pt-br\\\/product\\\/impressora-de-estencil-para-gravacao-de-vidro-de-100-mm-ou-4-de-largura-com-fita-de-estencil-de-108-m-ou-355-pes-de-comprimento\\\/#primaryimage\"},\"thumbnailUrl\":\"https:\\\/\\\/eu-mark.com\\\/wp-content\\\/uploads\\\/2024\\\/04\\\/Glass_etch_stencil-printer_02.webp\",\"datePublished\":\"2024-04-23T12:18:39+00:00\",\"description\":\"Marca\u00e7\u00e3o de metal Marca\u00e7\u00e3o de pe\u00e7as met\u00e1licas com logotipo, texto ou n\u00famero de s\u00e9rie. Finalmente, temos a solu\u00e7\u00e3o para fazer est\u00eanceis de forma r\u00e1pida, f\u00e1cil e muito econ\u00f4mica em casa ou na oficina, pois voc\u00ea precisa de uma impressora e fita de est\u00eancil para marcar\",\"breadcrumb\":{\"@id\":\"https:\\\/\\\/eu-mark.com\\\/pt-br\\\/product\\\/impressora-de-estencil-para-gravacao-de-vidro-de-100-mm-ou-4-de-largura-com-fita-de-estencil-de-108-m-ou-355-pes-de-comprimento\\\/#breadcrumb\"},\"inLanguage\":\"pt-BR\",\"potentialAction\":[{\"@type\":\"ReadAction\",\"target\":[\"https:\\\/\\\/eu-mark.com\\\/pt-br\\\/product\\\/impressora-de-estencil-para-gravacao-de-vidro-de-100-mm-ou-4-de-largura-com-fita-de-estencil-de-108-m-ou-355-pes-de-comprimento\\\/\"]}]},{\"@type\":\"ImageObject\",\"inLanguage\":\"pt-BR\",\"@id\":\"https:\\\/\\\/eu-mark.com\\\/pt-br\\\/product\\\/impressora-de-estencil-para-gravacao-de-vidro-de-100-mm-ou-4-de-largura-com-fita-de-estencil-de-108-m-ou-355-pes-de-comprimento\\\/#primaryimage\",\"url\":\"https:\\\/\\\/eu-mark.com\\\/wp-content\\\/uploads\\\/2024\\\/04\\\/Glass_etch_stencil-printer_02.webp\",\"contentUrl\":\"https:\\\/\\\/eu-mark.com\\\/wp-content\\\/uploads\\\/2024\\\/04\\\/Glass_etch_stencil-printer_02.webp\",\"width\":600,\"height\":1067},{\"@type\":\"BreadcrumbList\",\"@id\":\"https:\\\/\\\/eu-mark.com\\\/pt-br\\\/product\\\/impressora-de-estencil-para-gravacao-de-vidro-de-100-mm-ou-4-de-largura-com-fita-de-estencil-de-108-m-ou-355-pes-de-comprimento\\\/#breadcrumb\",\"itemListElement\":[{\"@type\":\"ListItem\",\"position\":1,\"name\":\"In\u00edcio\",\"item\":\"https:\\\/\\\/eu-mark.com\\\/pt-br\\\/home\\\/\"},{\"@type\":\"ListItem\",\"position\":2,\"name\":\"Loja\",\"item\":\"https:\\\/\\\/eu-mark.com\\\/pt-br\\\/loja\\\/\"},{\"@type\":\"ListItem\",\"position\":3,\"name\":\"Impressora de est\u00eancil para grava\u00e7\u00e3o de vidro de 100 mm ou 4&#8243; de largura com fita de est\u00eancil de 108 m ou 355 p\u00e9s de comprimento\"}]},{\"@type\":\"WebSite\",\"@id\":\"https:\\\/\\\/eu-mark.com\\\/pt-br\\\/#website\",\"url\":\"https:\\\/\\\/eu-mark.com\\\/pt-br\\\/\",\"name\":\"eu-mark.com\",\"description\":\"Electrochemical marking etching\",\"publisher\":{\"@id\":\"https:\\\/\\\/eu-mark.com\\\/pt-br\\\/#organization\"},\"potentialAction\":[{\"@type\":\"SearchAction\",\"target\":{\"@type\":\"EntryPoint\",\"urlTemplate\":\"https:\\\/\\\/eu-mark.com\\\/pt-br\\\/?s={search_term_string}\"},\"query-input\":{\"@type\":\"PropertyValueSpecification\",\"valueRequired\":true,\"valueName\":\"search_term_string\"}}],\"inLanguage\":\"pt-BR\"},{\"@type\":\"Organization\",\"@id\":\"https:\\\/\\\/eu-mark.com\\\/pt-br\\\/#organization\",\"name\":\"EUMARK\",\"url\":\"https:\\\/\\\/eu-mark.com\\\/pt-br\\\/\",\"logo\":{\"@type\":\"ImageObject\",\"inLanguage\":\"pt-BR\",\"@id\":\"https:\\\/\\\/eu-mark.com\\\/pt-br\\\/#\\\/schema\\\/logo\\\/image\\\/\",\"url\":\"https:\\\/\\\/eu-mark.com\\\/wp-content\\\/uploads\\\/2025\\\/02\\\/eumark-logo-samo-EU-2018_06_19-10_17_06-UTC.jpg\",\"contentUrl\":\"https:\\\/\\\/eu-mark.com\\\/wp-content\\\/uploads\\\/2025\\\/02\\\/eumark-logo-samo-EU-2018_06_19-10_17_06-UTC.jpg\",\"width\":264,\"height\":268,\"caption\":\"EUMARK\"},\"image\":{\"@id\":\"https:\\\/\\\/eu-mark.com\\\/pt-br\\\/#\\\/schema\\\/logo\\\/image\\\/\"},\"sameAs\":[\"https:\\\/\\\/www.facebook.com\\\/eumark.de\\\/\",\"https:\\\/\\\/www.youtube.com\\\/channel\\\/UCehJsM6xcqIQLzp0y9MjYPg\",\"https:\\\/\\\/www.linkedin.com\\\/company\\\/eumark\\\/\",\"https:\\\/\\\/www.instagram.com\\\/eumark_de\"]}]}<\/script>\n<!-- \/ Yoast SEO plugin. -->","yoast_head_json":{"title":"Impressora de est\u00eancil para grava\u00e7\u00e3o em vidro com 100 mm e 4\" de largura","description":"Marca\u00e7\u00e3o de metal Marca\u00e7\u00e3o de pe\u00e7as met\u00e1licas com logotipo, texto ou n\u00famero de s\u00e9rie. Finalmente, temos a solu\u00e7\u00e3o para fazer est\u00eanceis de forma r\u00e1pida, f\u00e1cil e muito econ\u00f4mica em casa ou na oficina, pois voc\u00ea precisa de uma impressora e fita de est\u00eancil para marcar","robots":{"index":"index","follow":"follow","max-snippet":"max-snippet:-1","max-image-preview":"max-image-preview:large","max-video-preview":"max-video-preview:-1"},"canonical":"https:\/\/eu-mark.com\/pt-br\/product\/impressora-de-estencil-para-gravacao-de-vidro-de-100-mm-ou-4-de-largura-com-fita-de-estencil-de-108-m-ou-355-pes-de-comprimento\/","og_locale":"pt_BR","og_type":"article","og_title":"Impressora de est\u00eancil para grava\u00e7\u00e3o em vidro com 100 mm e 4\" de largura","og_description":"Marca\u00e7\u00e3o de metal Marca\u00e7\u00e3o de pe\u00e7as met\u00e1licas com logotipo, texto ou n\u00famero de s\u00e9rie. Finalmente, temos a solu\u00e7\u00e3o para fazer est\u00eanceis de forma r\u00e1pida, f\u00e1cil e muito econ\u00f4mica em casa ou na oficina, pois voc\u00ea precisa de uma impressora e fita de est\u00eancil para marcar","og_url":"https:\/\/eu-mark.com\/pt-br\/product\/impressora-de-estencil-para-gravacao-de-vidro-de-100-mm-ou-4-de-largura-com-fita-de-estencil-de-108-m-ou-355-pes-de-comprimento\/","og_site_name":"Electrochemical marking etching","article_publisher":"https:\/\/www.facebook.com\/eumark.de\/","og_image":[{"width":600,"height":1067,"url":"https:\/\/eu-mark.com\/wp-content\/uploads\/2024\/04\/Glass_etch_stencil-printer_02.webp","type":"image\/webp"}],"twitter_card":"summary_large_image","twitter_misc":{"Est. tempo de leitura":"1 minuto"},"schema":{"@context":"https:\/\/schema.org","@graph":[{"@type":"WebPage","@id":"https:\/\/eu-mark.com\/pt-br\/product\/impressora-de-estencil-para-gravacao-de-vidro-de-100-mm-ou-4-de-largura-com-fita-de-estencil-de-108-m-ou-355-pes-de-comprimento\/","url":"https:\/\/eu-mark.com\/pt-br\/product\/impressora-de-estencil-para-gravacao-de-vidro-de-100-mm-ou-4-de-largura-com-fita-de-estencil-de-108-m-ou-355-pes-de-comprimento\/","name":"Impressora de est\u00eancil para grava\u00e7\u00e3o em vidro com 100 mm e 4\" de largura","isPartOf":{"@id":"https:\/\/eu-mark.com\/pt-br\/#website"},"primaryImageOfPage":{"@id":"https:\/\/eu-mark.com\/pt-br\/product\/impressora-de-estencil-para-gravacao-de-vidro-de-100-mm-ou-4-de-largura-com-fita-de-estencil-de-108-m-ou-355-pes-de-comprimento\/#primaryimage"},"image":{"@id":"https:\/\/eu-mark.com\/pt-br\/product\/impressora-de-estencil-para-gravacao-de-vidro-de-100-mm-ou-4-de-largura-com-fita-de-estencil-de-108-m-ou-355-pes-de-comprimento\/#primaryimage"},"thumbnailUrl":"https:\/\/eu-mark.com\/wp-content\/uploads\/2024\/04\/Glass_etch_stencil-printer_02.webp","datePublished":"2024-04-23T12:18:39+00:00","description":"Marca\u00e7\u00e3o de metal Marca\u00e7\u00e3o de pe\u00e7as met\u00e1licas com logotipo, texto ou n\u00famero de s\u00e9rie. Finalmente, temos a solu\u00e7\u00e3o para fazer est\u00eanceis de forma r\u00e1pida, f\u00e1cil e muito econ\u00f4mica em casa ou na oficina, pois voc\u00ea precisa de uma impressora e fita de est\u00eancil para marcar","breadcrumb":{"@id":"https:\/\/eu-mark.com\/pt-br\/product\/impressora-de-estencil-para-gravacao-de-vidro-de-100-mm-ou-4-de-largura-com-fita-de-estencil-de-108-m-ou-355-pes-de-comprimento\/#breadcrumb"},"inLanguage":"pt-BR","potentialAction":[{"@type":"ReadAction","target":["https:\/\/eu-mark.com\/pt-br\/product\/impressora-de-estencil-para-gravacao-de-vidro-de-100-mm-ou-4-de-largura-com-fita-de-estencil-de-108-m-ou-355-pes-de-comprimento\/"]}]},{"@type":"ImageObject","inLanguage":"pt-BR","@id":"https:\/\/eu-mark.com\/pt-br\/product\/impressora-de-estencil-para-gravacao-de-vidro-de-100-mm-ou-4-de-largura-com-fita-de-estencil-de-108-m-ou-355-pes-de-comprimento\/#primaryimage","url":"https:\/\/eu-mark.com\/wp-content\/uploads\/2024\/04\/Glass_etch_stencil-printer_02.webp","contentUrl":"https:\/\/eu-mark.com\/wp-content\/uploads\/2024\/04\/Glass_etch_stencil-printer_02.webp","width":600,"height":1067},{"@type":"BreadcrumbList","@id":"https:\/\/eu-mark.com\/pt-br\/product\/impressora-de-estencil-para-gravacao-de-vidro-de-100-mm-ou-4-de-largura-com-fita-de-estencil-de-108-m-ou-355-pes-de-comprimento\/#breadcrumb","itemListElement":[{"@type":"ListItem","position":1,"name":"In\u00edcio","item":"https:\/\/eu-mark.com\/pt-br\/home\/"},{"@type":"ListItem","position":2,"name":"Loja","item":"https:\/\/eu-mark.com\/pt-br\/loja\/"},{"@type":"ListItem","position":3,"name":"Impressora de est\u00eancil para grava\u00e7\u00e3o de vidro de 100 mm ou 4&#8243; de largura com fita de est\u00eancil de 108 m ou 355 p\u00e9s de comprimento"}]},{"@type":"WebSite","@id":"https:\/\/eu-mark.com\/pt-br\/#website","url":"https:\/\/eu-mark.com\/pt-br\/","name":"eu-mark.com","description":"Electrochemical marking etching","publisher":{"@id":"https:\/\/eu-mark.com\/pt-br\/#organization"},"potentialAction":[{"@type":"SearchAction","target":{"@type":"EntryPoint","urlTemplate":"https:\/\/eu-mark.com\/pt-br\/?s={search_term_string}"},"query-input":{"@type":"PropertyValueSpecification","valueRequired":true,"valueName":"search_term_string"}}],"inLanguage":"pt-BR"},{"@type":"Organization","@id":"https:\/\/eu-mark.com\/pt-br\/#organization","name":"EUMARK","url":"https:\/\/eu-mark.com\/pt-br\/","logo":{"@type":"ImageObject","inLanguage":"pt-BR","@id":"https:\/\/eu-mark.com\/pt-br\/#\/schema\/logo\/image\/","url":"https:\/\/eu-mark.com\/wp-content\/uploads\/2025\/02\/eumark-logo-samo-EU-2018_06_19-10_17_06-UTC.jpg","contentUrl":"https:\/\/eu-mark.com\/wp-content\/uploads\/2025\/02\/eumark-logo-samo-EU-2018_06_19-10_17_06-UTC.jpg","width":264,"height":268,"caption":"EUMARK"},"image":{"@id":"https:\/\/eu-mark.com\/pt-br\/#\/schema\/logo\/image\/"},"sameAs":["https:\/\/www.facebook.com\/eumark.de\/","https:\/\/www.youtube.com\/channel\/UCehJsM6xcqIQLzp0y9MjYPg","https:\/\/www.linkedin.com\/company\/eumark\/","https:\/\/www.instagram.com\/eumark_de"]}]}},"_links":{"self":[{"href":"https:\/\/eu-mark.com\/pt-br\/wp-json\/wp\/v2\/product\/7397","targetHints":{"allow":["GET"]}}],"collection":[{"href":"https:\/\/eu-mark.com\/pt-br\/wp-json\/wp\/v2\/product"}],"about":[{"href":"https:\/\/eu-mark.com\/pt-br\/wp-json\/wp\/v2\/types\/product"}],"replies":[{"embeddable":true,"href":"https:\/\/eu-mark.com\/pt-br\/wp-json\/wp\/v2\/comments?post=7397"}],"wp:featuredmedia":[{"embeddable":true,"href":"https:\/\/eu-mark.com\/pt-br\/wp-json\/wp\/v2\/media\/7410"}],"wp:attachment":[{"href":"https:\/\/eu-mark.com\/pt-br\/wp-json\/wp\/v2\/media?parent=7397"}],"wp:term":[{"taxonomy":"product_brand","embeddable":true,"href":"https:\/\/eu-mark.com\/pt-br\/wp-json\/wp\/v2\/product_brand?post=7397"},{"taxonomy":"product_cat","embeddable":true,"href":"https:\/\/eu-mark.com\/pt-br\/wp-json\/wp\/v2\/product_cat?post=7397"},{"taxonomy":"product_tag","embeddable":true,"href":"https:\/\/eu-mark.com\/pt-br\/wp-json\/wp\/v2\/product_tag?post=7397"}],"curies":[{"name":"wp","href":"https:\/\/api.w.org\/{rel}","templated":true}]}}