{"id":7427,"date":"2023-11-16T15:12:57","date_gmt":"2023-11-16T15:12:57","guid":{"rendered":"https:\/\/eu-mark.com\/product\/impressora-de-estencil-eumark-de-100-mm-ou-4-de-largura-com-fita-de-estencil-de-108-m-ou-355-pes-de-comprimento\/"},"modified":"2023-11-16T15:12:57","modified_gmt":"2023-11-16T15:12:57","slug":"impressora-de-estencil-eumark-de-100-mm-ou-4-de-largura-com-fita-de-estencil-de-108-m-ou-355-pes-de-comprimento","status":"publish","type":"product","link":"https:\/\/eu-mark.com\/pt-br\/product\/impressora-de-estencil-eumark-de-100-mm-ou-4-de-largura-com-fita-de-estencil-de-108-m-ou-355-pes-de-comprimento\/","title":{"rendered":"Impressora de est\u00eancil EUmark de 100 mm ou 4&#8243; de largura com fita de est\u00eancil de 108 m ou 355 p\u00e9s de comprimento"},"content":{"rendered":"<h3 data-sanitized-data-mce-fragment=\"1\"><strong>A Stencil Printer de 100 mm ou 4&#8243; de largura \u00e9 uma ferramenta eficiente para o corte e a grava\u00e7\u00e3o precisos de est\u00eancil em uma variedade de metais. Esse dispositivo apresenta uma poderosa capacidade de produzir est\u00eancil de alta resolu\u00e7\u00e3o com uma largura m\u00e1xima de impress\u00e3o de 100 mm (4&#8243;) e um comprimento de fita de est\u00eancil de 108 m (355 p\u00e9s). Software inclu\u00eddo <\/strong>.<\/h3>\n<p>A marca\u00e7\u00e3o eletroqu\u00edmica \u00e9 um processo de marca\u00e7\u00e3o ou grava\u00e7\u00e3o de superf\u00edcies met\u00e1licas usando eletricidade. \u00c9 um processo de marca\u00e7\u00e3o sem contato que pode criar marcas permanentes e de alto contraste em uma variedade de superf\u00edcies met\u00e1licas. Esse processo pode ser usado para uma ampla gama de aplica\u00e7\u00f5es, incluindo identifica\u00e7\u00e3o de pe\u00e7as, marcas e rastreabilidade. O processo de marca\u00e7\u00e3o eletroqu\u00edmica envolve a aplica\u00e7\u00e3o de um est\u00eancil ou m\u00e1scara na superf\u00edcie met\u00e1lica a ser marcada. Normalmente, o est\u00eancil \u00e9 feito de um material fino e eletricamente isolante, como vinil ou borracha. O est\u00eancil tem um desenho ou padr\u00e3o recortado, que ser\u00e1 a marca\u00e7\u00e3o deixada na superf\u00edcie do metal ap\u00f3s a conclus\u00e3o do processo. O est\u00eancil \u00e9 aplicado \u00e0 superf\u00edcie do metal e uma solu\u00e7\u00e3o de eletr\u00f3lito condutor \u00e9 aplicada ao est\u00eancil e \u00e0 superf\u00edcie do metal. Um eletrodo positivo, tamb\u00e9m conhecido como \u00e2nodo, \u00e9 ent\u00e3o fixado \u00e0 superf\u00edcie met\u00e1lica, e um eletrodo negativo, tamb\u00e9m conhecido como c\u00e1todo, \u00e9 imerso na solu\u00e7\u00e3o eletrol\u00edtica. Quando uma corrente el\u00e9trica \u00e9 aplicada aos eletrodos, a superf\u00edcie do metal \u00e9 gravada e a marca\u00e7\u00e3o \u00e9 deixada para tr\u00e1s. A marca\u00e7\u00e3o produzida pela marca\u00e7\u00e3o eletroqu\u00edmica \u00e9 permanente e pode resistir a condi\u00e7\u00f5es ambientais adversas. Ela tamb\u00e9m \u00e9 altamente precisa e pode produzir marcas com uma resolu\u00e7\u00e3o de at\u00e9 0,001 polegada. O processo tamb\u00e9m \u00e9 relativamente r\u00e1pido, com tempos de marca\u00e7\u00e3o que variam de alguns segundos a alguns minutos, dependendo do tamanho e da complexidade da marca. A marca\u00e7\u00e3o eletroqu\u00edmica \u00e9 amplamente utilizada em diversos setores, incluindo aeroespacial, automotivo, m\u00e9dico e militar. \u00c9 especialmente \u00fatil para marcar pe\u00e7as que precisam ser rastre\u00e1veis, como as usadas em aplica\u00e7\u00f5es cr\u00edticas, em que o controle de qualidade \u00e9 essencial. O processo tamb\u00e9m \u00e9 ecologicamente correto, pois n\u00e3o produz subprodutos nocivos nem gera res\u00edduos perigosos. Em resumo, a marca\u00e7\u00e3o eletroqu\u00edmica \u00e9 um processo vers\u00e1til e confi\u00e1vel para marcar superf\u00edcies met\u00e1licas. Ela oferece uma marca\u00e7\u00e3o permanente e de alto contraste que pode resistir a condi\u00e7\u00f5es ambientais adversas e \u00e9 amplamente utilizada em diversos setores.  <\/p>\n<p><img loading=\"lazy\" decoding=\"async\" class=\"alignnone size-medium wp-image-5228\" src=\"https:\/\/eu-mark.com\/wp-content\/uploads\/2021\/04\/making-template-stencil-printer-01-300x300.jpg\" alt=\"Impressora de est\u00eancil de modelo\" width=\"300\" height=\"300\" srcset=\"https:\/\/eu-mark.com\/wp-content\/uploads\/2021\/04\/making-template-stencil-printer-01-300x300.jpg 300w, https:\/\/eu-mark.com\/wp-content\/uploads\/2021\/04\/making-template-stencil-printer-01-150x150.jpg 150w, https:\/\/eu-mark.com\/wp-content\/uploads\/2021\/04\/making-template-stencil-printer-01-768x768.jpg 768w, https:\/\/eu-mark.com\/wp-content\/uploads\/2021\/04\/making-template-stencil-printer-01-510x510.jpg 510w, https:\/\/eu-mark.com\/wp-content\/uploads\/2021\/04\/making-template-stencil-printer-01-100x100.jpg 100w, https:\/\/eu-mark.com\/wp-content\/uploads\/2021\/04\/making-template-stencil-printer-01-60x60.jpg 60w, https:\/\/eu-mark.com\/wp-content\/uploads\/2021\/04\/making-template-stencil-printer-01-90x90.jpg 90w, https:\/\/eu-mark.com\/wp-content\/uploads\/2021\/04\/making-template-stencil-printer-01.jpg 1000w\" sizes=\"auto, (max-width: 300px) 100vw, 300px\" \/><\/p>\n<p>Marca\u00e7\u00e3o de metal Marca\u00e7\u00e3o de pe\u00e7as met\u00e1licas com logotipo, texto ou n\u00famero de s\u00e9rie, c\u00f3digo QR, c\u00f3digo de barras etc.<\/p>\n","protected":false},"excerpt":{"rendered":"<p><strong>Frete gr\u00e1tis para todo o mundo<\/strong><\/p>\n<p>Apresentamos a EUmark Stencil Printer, com uma largura de 100 mm ou 4 pol. e uma generosa fita de est\u00eancil de 108 m ou 355 p\u00e9s de comprimento. Finalmente, apresentamos uma solu\u00e7\u00e3o para voc\u00ea criar est\u00eanceis de forma r\u00e1pida, f\u00e1cil e econ\u00f4mica dentro dos limites de sua casa ou oficina. Tudo o que voc\u00ea precisa \u00e9 da impressora e da fita de est\u00eancil para uma marca\u00e7\u00e3o eficiente, empregando o processo de marca\u00e7\u00e3o eletroqu\u00edmica para gravar superf\u00edcies met\u00e1licas. Utilizando nossa impressora de est\u00eancil e as fitas compat\u00edveis, voc\u00ea pode criar seu est\u00eancil personalizado e fazer marca\u00e7\u00f5es r\u00e1pidas em apenas alguns minutos. Sejam n\u00fameros de s\u00e9rie, c\u00f3digos QR, c\u00f3digos de barras, datas, textos ou at\u00e9 mesmo logotipos, voc\u00ea pode fazer tudo isso em apenas alguns minutos!<\/p>\n","protected":false},"featured_media":7432,"comment_status":"open","ping_status":"closed","template":"","meta":[],"product_brand":[],"product_cat":[208],"product_tag":[],"class_list":{"0":"post-7427","1":"product","2":"type-product","3":"status-publish","4":"has-post-thumbnail","6":"product_cat-impressoras-de-estencil","8":"first","9":"instock","10":"shipping-taxable","11":"purchasable","12":"product-type-simple"},"yoast_head":"<!-- This site is optimized with the Yoast SEO plugin v27.4 - https:\/\/yoast.com\/product\/yoast-seo-wordpress\/ -->\n<title>Marca\u00e7\u00e3o de metal Marca\u00e7\u00e3o de pe\u00e7a met\u00e1lica com logotipo, texto ou n\u00famero de s\u00e9rie<\/title>\n<meta name=\"description\" content=\"Marca\u00e7\u00e3o de metal Marca\u00e7\u00e3o de pe\u00e7as met\u00e1licas com logotipo, texto ou n\u00famero de s\u00e9rie. Finalmente, temos a solu\u00e7\u00e3o para fazer est\u00eanceis de forma r\u00e1pida, f\u00e1cil e muito econ\u00f4mica em casa ou na oficina, pois voc\u00ea precisa de uma impressora e fita de est\u00eancil para marcar\" \/>\n<meta name=\"robots\" content=\"index, follow, max-snippet:-1, max-image-preview:large, max-video-preview:-1\" \/>\n<link rel=\"canonical\" href=\"https:\/\/eu-mark.com\/pt-br\/product\/impressora-de-estencil-eumark-de-100-mm-ou-4-de-largura-com-fita-de-estencil-de-108-m-ou-355-pes-de-comprimento\/\" \/>\n<meta property=\"og:locale\" content=\"pt_BR\" \/>\n<meta property=\"og:type\" content=\"article\" \/>\n<meta property=\"og:title\" content=\"Marca\u00e7\u00e3o de metal Marca\u00e7\u00e3o de pe\u00e7a met\u00e1lica com logotipo, texto ou n\u00famero de s\u00e9rie\" \/>\n<meta property=\"og:description\" content=\"Marca\u00e7\u00e3o de metal Marca\u00e7\u00e3o de pe\u00e7as met\u00e1licas com logotipo, texto ou n\u00famero de s\u00e9rie. Finalmente, temos a solu\u00e7\u00e3o para fazer est\u00eanceis de forma r\u00e1pida, f\u00e1cil e muito econ\u00f4mica em casa ou na oficina, pois voc\u00ea precisa de uma impressora e fita de est\u00eancil para marcar\" \/>\n<meta property=\"og:url\" content=\"https:\/\/eu-mark.com\/pt-br\/product\/impressora-de-estencil-eumark-de-100-mm-ou-4-de-largura-com-fita-de-estencil-de-108-m-ou-355-pes-de-comprimento\/\" \/>\n<meta property=\"og:site_name\" content=\"Electrochemical marking etching\" \/>\n<meta property=\"article:publisher\" content=\"https:\/\/www.facebook.com\/eumark.de\/\" \/>\n<meta property=\"og:image\" content=\"https:\/\/eu-mark.com\/wp-content\/uploads\/2023\/11\/EUmark-Stencil-printer-100mm-or-4\u2033-wide-with-stencil-tape-108m-or-355-feet-long-web.webp\" \/>\n\t<meta property=\"og:image:width\" content=\"971\" \/>\n\t<meta property=\"og:image:height\" content=\"648\" \/>\n\t<meta property=\"og:image:type\" content=\"image\/webp\" \/>\n<meta name=\"twitter:card\" content=\"summary_large_image\" \/>\n<meta name=\"twitter:label1\" content=\"Est. tempo de leitura\" \/>\n\t<meta name=\"twitter:data1\" content=\"2 minutos\" \/>\n<script type=\"application\/ld+json\" class=\"yoast-schema-graph\">{\"@context\":\"https:\\\/\\\/schema.org\",\"@graph\":[{\"@type\":\"WebPage\",\"@id\":\"https:\\\/\\\/eu-mark.com\\\/pt-br\\\/product\\\/impressora-de-estencil-eumark-de-100-mm-ou-4-de-largura-com-fita-de-estencil-de-108-m-ou-355-pes-de-comprimento\\\/\",\"url\":\"https:\\\/\\\/eu-mark.com\\\/pt-br\\\/product\\\/impressora-de-estencil-eumark-de-100-mm-ou-4-de-largura-com-fita-de-estencil-de-108-m-ou-355-pes-de-comprimento\\\/\",\"name\":\"Marca\u00e7\u00e3o de metal Marca\u00e7\u00e3o de pe\u00e7a met\u00e1lica com logotipo, texto ou n\u00famero de s\u00e9rie\",\"isPartOf\":{\"@id\":\"https:\\\/\\\/eu-mark.com\\\/pt-br\\\/#website\"},\"primaryImageOfPage\":{\"@id\":\"https:\\\/\\\/eu-mark.com\\\/pt-br\\\/product\\\/impressora-de-estencil-eumark-de-100-mm-ou-4-de-largura-com-fita-de-estencil-de-108-m-ou-355-pes-de-comprimento\\\/#primaryimage\"},\"image\":{\"@id\":\"https:\\\/\\\/eu-mark.com\\\/pt-br\\\/product\\\/impressora-de-estencil-eumark-de-100-mm-ou-4-de-largura-com-fita-de-estencil-de-108-m-ou-355-pes-de-comprimento\\\/#primaryimage\"},\"thumbnailUrl\":\"https:\\\/\\\/eu-mark.com\\\/wp-content\\\/uploads\\\/2023\\\/11\\\/EUmark-Stencil-printer-100mm-or-4\u2033-wide-with-stencil-tape-108m-or-355-feet-long-web.webp\",\"datePublished\":\"2023-11-16T15:12:57+00:00\",\"description\":\"Marca\u00e7\u00e3o de metal Marca\u00e7\u00e3o de pe\u00e7as met\u00e1licas com logotipo, texto ou n\u00famero de s\u00e9rie. Finalmente, temos a solu\u00e7\u00e3o para fazer est\u00eanceis de forma r\u00e1pida, f\u00e1cil e muito econ\u00f4mica em casa ou na oficina, pois voc\u00ea precisa de uma impressora e fita de est\u00eancil para marcar\",\"breadcrumb\":{\"@id\":\"https:\\\/\\\/eu-mark.com\\\/pt-br\\\/product\\\/impressora-de-estencil-eumark-de-100-mm-ou-4-de-largura-com-fita-de-estencil-de-108-m-ou-355-pes-de-comprimento\\\/#breadcrumb\"},\"inLanguage\":\"pt-BR\",\"potentialAction\":[{\"@type\":\"ReadAction\",\"target\":[\"https:\\\/\\\/eu-mark.com\\\/pt-br\\\/product\\\/impressora-de-estencil-eumark-de-100-mm-ou-4-de-largura-com-fita-de-estencil-de-108-m-ou-355-pes-de-comprimento\\\/\"]}]},{\"@type\":\"ImageObject\",\"inLanguage\":\"pt-BR\",\"@id\":\"https:\\\/\\\/eu-mark.com\\\/pt-br\\\/product\\\/impressora-de-estencil-eumark-de-100-mm-ou-4-de-largura-com-fita-de-estencil-de-108-m-ou-355-pes-de-comprimento\\\/#primaryimage\",\"url\":\"https:\\\/\\\/eu-mark.com\\\/wp-content\\\/uploads\\\/2023\\\/11\\\/EUmark-Stencil-printer-100mm-or-4\u2033-wide-with-stencil-tape-108m-or-355-feet-long-web.webp\",\"contentUrl\":\"https:\\\/\\\/eu-mark.com\\\/wp-content\\\/uploads\\\/2023\\\/11\\\/EUmark-Stencil-printer-100mm-or-4\u2033-wide-with-stencil-tape-108m-or-355-feet-long-web.webp\",\"width\":971,\"height\":648},{\"@type\":\"BreadcrumbList\",\"@id\":\"https:\\\/\\\/eu-mark.com\\\/pt-br\\\/product\\\/impressora-de-estencil-eumark-de-100-mm-ou-4-de-largura-com-fita-de-estencil-de-108-m-ou-355-pes-de-comprimento\\\/#breadcrumb\",\"itemListElement\":[{\"@type\":\"ListItem\",\"position\":1,\"name\":\"In\u00edcio\",\"item\":\"https:\\\/\\\/eu-mark.com\\\/pt-br\\\/home\\\/\"},{\"@type\":\"ListItem\",\"position\":2,\"name\":\"Loja\",\"item\":\"https:\\\/\\\/eu-mark.com\\\/pt-br\\\/loja\\\/\"},{\"@type\":\"ListItem\",\"position\":3,\"name\":\"Impressora de est\u00eancil EUmark de 100 mm ou 4&#8243; de largura com fita de est\u00eancil de 108 m ou 355 p\u00e9s de comprimento\"}]},{\"@type\":\"WebSite\",\"@id\":\"https:\\\/\\\/eu-mark.com\\\/pt-br\\\/#website\",\"url\":\"https:\\\/\\\/eu-mark.com\\\/pt-br\\\/\",\"name\":\"eu-mark.com\",\"description\":\"Electrochemical marking etching\",\"publisher\":{\"@id\":\"https:\\\/\\\/eu-mark.com\\\/pt-br\\\/#organization\"},\"potentialAction\":[{\"@type\":\"SearchAction\",\"target\":{\"@type\":\"EntryPoint\",\"urlTemplate\":\"https:\\\/\\\/eu-mark.com\\\/pt-br\\\/?s={search_term_string}\"},\"query-input\":{\"@type\":\"PropertyValueSpecification\",\"valueRequired\":true,\"valueName\":\"search_term_string\"}}],\"inLanguage\":\"pt-BR\"},{\"@type\":\"Organization\",\"@id\":\"https:\\\/\\\/eu-mark.com\\\/pt-br\\\/#organization\",\"name\":\"EUMARK\",\"url\":\"https:\\\/\\\/eu-mark.com\\\/pt-br\\\/\",\"logo\":{\"@type\":\"ImageObject\",\"inLanguage\":\"pt-BR\",\"@id\":\"https:\\\/\\\/eu-mark.com\\\/pt-br\\\/#\\\/schema\\\/logo\\\/image\\\/\",\"url\":\"https:\\\/\\\/eu-mark.com\\\/wp-content\\\/uploads\\\/2025\\\/02\\\/eumark-logo-samo-EU-2018_06_19-10_17_06-UTC.jpg\",\"contentUrl\":\"https:\\\/\\\/eu-mark.com\\\/wp-content\\\/uploads\\\/2025\\\/02\\\/eumark-logo-samo-EU-2018_06_19-10_17_06-UTC.jpg\",\"width\":264,\"height\":268,\"caption\":\"EUMARK\"},\"image\":{\"@id\":\"https:\\\/\\\/eu-mark.com\\\/pt-br\\\/#\\\/schema\\\/logo\\\/image\\\/\"},\"sameAs\":[\"https:\\\/\\\/www.facebook.com\\\/eumark.de\\\/\",\"https:\\\/\\\/www.youtube.com\\\/channel\\\/UCehJsM6xcqIQLzp0y9MjYPg\",\"https:\\\/\\\/www.linkedin.com\\\/company\\\/eumark\\\/\",\"https:\\\/\\\/www.instagram.com\\\/eumark_de\"]}]}<\/script>\n<!-- \/ Yoast SEO plugin. -->","yoast_head_json":{"title":"Marca\u00e7\u00e3o de metal Marca\u00e7\u00e3o de pe\u00e7a met\u00e1lica com logotipo, texto ou n\u00famero de s\u00e9rie","description":"Marca\u00e7\u00e3o de metal Marca\u00e7\u00e3o de pe\u00e7as met\u00e1licas com logotipo, texto ou n\u00famero de s\u00e9rie. Finalmente, temos a solu\u00e7\u00e3o para fazer est\u00eanceis de forma r\u00e1pida, f\u00e1cil e muito econ\u00f4mica em casa ou na oficina, pois voc\u00ea precisa de uma impressora e fita de est\u00eancil para marcar","robots":{"index":"index","follow":"follow","max-snippet":"max-snippet:-1","max-image-preview":"max-image-preview:large","max-video-preview":"max-video-preview:-1"},"canonical":"https:\/\/eu-mark.com\/pt-br\/product\/impressora-de-estencil-eumark-de-100-mm-ou-4-de-largura-com-fita-de-estencil-de-108-m-ou-355-pes-de-comprimento\/","og_locale":"pt_BR","og_type":"article","og_title":"Marca\u00e7\u00e3o de metal Marca\u00e7\u00e3o de pe\u00e7a met\u00e1lica com logotipo, texto ou n\u00famero de s\u00e9rie","og_description":"Marca\u00e7\u00e3o de metal Marca\u00e7\u00e3o de pe\u00e7as met\u00e1licas com logotipo, texto ou n\u00famero de s\u00e9rie. Finalmente, temos a solu\u00e7\u00e3o para fazer est\u00eanceis de forma r\u00e1pida, f\u00e1cil e muito econ\u00f4mica em casa ou na oficina, pois voc\u00ea precisa de uma impressora e fita de est\u00eancil para marcar","og_url":"https:\/\/eu-mark.com\/pt-br\/product\/impressora-de-estencil-eumark-de-100-mm-ou-4-de-largura-com-fita-de-estencil-de-108-m-ou-355-pes-de-comprimento\/","og_site_name":"Electrochemical marking etching","article_publisher":"https:\/\/www.facebook.com\/eumark.de\/","og_image":[{"width":971,"height":648,"url":"https:\/\/eu-mark.com\/wp-content\/uploads\/2023\/11\/EUmark-Stencil-printer-100mm-or-4\u2033-wide-with-stencil-tape-108m-or-355-feet-long-web.webp","type":"image\/webp"}],"twitter_card":"summary_large_image","twitter_misc":{"Est. tempo de leitura":"2 minutos"},"schema":{"@context":"https:\/\/schema.org","@graph":[{"@type":"WebPage","@id":"https:\/\/eu-mark.com\/pt-br\/product\/impressora-de-estencil-eumark-de-100-mm-ou-4-de-largura-com-fita-de-estencil-de-108-m-ou-355-pes-de-comprimento\/","url":"https:\/\/eu-mark.com\/pt-br\/product\/impressora-de-estencil-eumark-de-100-mm-ou-4-de-largura-com-fita-de-estencil-de-108-m-ou-355-pes-de-comprimento\/","name":"Marca\u00e7\u00e3o de metal Marca\u00e7\u00e3o de pe\u00e7a met\u00e1lica com logotipo, texto ou n\u00famero de s\u00e9rie","isPartOf":{"@id":"https:\/\/eu-mark.com\/pt-br\/#website"},"primaryImageOfPage":{"@id":"https:\/\/eu-mark.com\/pt-br\/product\/impressora-de-estencil-eumark-de-100-mm-ou-4-de-largura-com-fita-de-estencil-de-108-m-ou-355-pes-de-comprimento\/#primaryimage"},"image":{"@id":"https:\/\/eu-mark.com\/pt-br\/product\/impressora-de-estencil-eumark-de-100-mm-ou-4-de-largura-com-fita-de-estencil-de-108-m-ou-355-pes-de-comprimento\/#primaryimage"},"thumbnailUrl":"https:\/\/eu-mark.com\/wp-content\/uploads\/2023\/11\/EUmark-Stencil-printer-100mm-or-4\u2033-wide-with-stencil-tape-108m-or-355-feet-long-web.webp","datePublished":"2023-11-16T15:12:57+00:00","description":"Marca\u00e7\u00e3o de metal Marca\u00e7\u00e3o de pe\u00e7as met\u00e1licas com logotipo, texto ou n\u00famero de s\u00e9rie. Finalmente, temos a solu\u00e7\u00e3o para fazer est\u00eanceis de forma r\u00e1pida, f\u00e1cil e muito econ\u00f4mica em casa ou na oficina, pois voc\u00ea precisa de uma impressora e fita de est\u00eancil para marcar","breadcrumb":{"@id":"https:\/\/eu-mark.com\/pt-br\/product\/impressora-de-estencil-eumark-de-100-mm-ou-4-de-largura-com-fita-de-estencil-de-108-m-ou-355-pes-de-comprimento\/#breadcrumb"},"inLanguage":"pt-BR","potentialAction":[{"@type":"ReadAction","target":["https:\/\/eu-mark.com\/pt-br\/product\/impressora-de-estencil-eumark-de-100-mm-ou-4-de-largura-com-fita-de-estencil-de-108-m-ou-355-pes-de-comprimento\/"]}]},{"@type":"ImageObject","inLanguage":"pt-BR","@id":"https:\/\/eu-mark.com\/pt-br\/product\/impressora-de-estencil-eumark-de-100-mm-ou-4-de-largura-com-fita-de-estencil-de-108-m-ou-355-pes-de-comprimento\/#primaryimage","url":"https:\/\/eu-mark.com\/wp-content\/uploads\/2023\/11\/EUmark-Stencil-printer-100mm-or-4\u2033-wide-with-stencil-tape-108m-or-355-feet-long-web.webp","contentUrl":"https:\/\/eu-mark.com\/wp-content\/uploads\/2023\/11\/EUmark-Stencil-printer-100mm-or-4\u2033-wide-with-stencil-tape-108m-or-355-feet-long-web.webp","width":971,"height":648},{"@type":"BreadcrumbList","@id":"https:\/\/eu-mark.com\/pt-br\/product\/impressora-de-estencil-eumark-de-100-mm-ou-4-de-largura-com-fita-de-estencil-de-108-m-ou-355-pes-de-comprimento\/#breadcrumb","itemListElement":[{"@type":"ListItem","position":1,"name":"In\u00edcio","item":"https:\/\/eu-mark.com\/pt-br\/home\/"},{"@type":"ListItem","position":2,"name":"Loja","item":"https:\/\/eu-mark.com\/pt-br\/loja\/"},{"@type":"ListItem","position":3,"name":"Impressora de est\u00eancil EUmark de 100 mm ou 4&#8243; de largura com fita de est\u00eancil de 108 m ou 355 p\u00e9s de comprimento"}]},{"@type":"WebSite","@id":"https:\/\/eu-mark.com\/pt-br\/#website","url":"https:\/\/eu-mark.com\/pt-br\/","name":"eu-mark.com","description":"Electrochemical marking etching","publisher":{"@id":"https:\/\/eu-mark.com\/pt-br\/#organization"},"potentialAction":[{"@type":"SearchAction","target":{"@type":"EntryPoint","urlTemplate":"https:\/\/eu-mark.com\/pt-br\/?s={search_term_string}"},"query-input":{"@type":"PropertyValueSpecification","valueRequired":true,"valueName":"search_term_string"}}],"inLanguage":"pt-BR"},{"@type":"Organization","@id":"https:\/\/eu-mark.com\/pt-br\/#organization","name":"EUMARK","url":"https:\/\/eu-mark.com\/pt-br\/","logo":{"@type":"ImageObject","inLanguage":"pt-BR","@id":"https:\/\/eu-mark.com\/pt-br\/#\/schema\/logo\/image\/","url":"https:\/\/eu-mark.com\/wp-content\/uploads\/2025\/02\/eumark-logo-samo-EU-2018_06_19-10_17_06-UTC.jpg","contentUrl":"https:\/\/eu-mark.com\/wp-content\/uploads\/2025\/02\/eumark-logo-samo-EU-2018_06_19-10_17_06-UTC.jpg","width":264,"height":268,"caption":"EUMARK"},"image":{"@id":"https:\/\/eu-mark.com\/pt-br\/#\/schema\/logo\/image\/"},"sameAs":["https:\/\/www.facebook.com\/eumark.de\/","https:\/\/www.youtube.com\/channel\/UCehJsM6xcqIQLzp0y9MjYPg","https:\/\/www.linkedin.com\/company\/eumark\/","https:\/\/www.instagram.com\/eumark_de"]}]}},"_links":{"self":[{"href":"https:\/\/eu-mark.com\/pt-br\/wp-json\/wp\/v2\/product\/7427","targetHints":{"allow":["GET"]}}],"collection":[{"href":"https:\/\/eu-mark.com\/pt-br\/wp-json\/wp\/v2\/product"}],"about":[{"href":"https:\/\/eu-mark.com\/pt-br\/wp-json\/wp\/v2\/types\/product"}],"replies":[{"embeddable":true,"href":"https:\/\/eu-mark.com\/pt-br\/wp-json\/wp\/v2\/comments?post=7427"}],"wp:featuredmedia":[{"embeddable":true,"href":"https:\/\/eu-mark.com\/pt-br\/wp-json\/wp\/v2\/media\/7432"}],"wp:attachment":[{"href":"https:\/\/eu-mark.com\/pt-br\/wp-json\/wp\/v2\/media?parent=7427"}],"wp:term":[{"taxonomy":"product_brand","embeddable":true,"href":"https:\/\/eu-mark.com\/pt-br\/wp-json\/wp\/v2\/product_brand?post=7427"},{"taxonomy":"product_cat","embeddable":true,"href":"https:\/\/eu-mark.com\/pt-br\/wp-json\/wp\/v2\/product_cat?post=7427"},{"taxonomy":"product_tag","embeddable":true,"href":"https:\/\/eu-mark.com\/pt-br\/wp-json\/wp\/v2\/product_tag?post=7427"}],"curies":[{"name":"wp","href":"https:\/\/api.w.org\/{rel}","templated":true}]}}