{"id":7590,"date":"2021-08-27T08:27:08","date_gmt":"2021-08-27T08:27:08","guid":{"rendered":"https:\/\/eu-mark.com\/product\/m22-eletrolito-para-marcacao-eletroquimica-500-ml-169-fl-oz\/"},"modified":"2021-08-27T08:27:08","modified_gmt":"2021-08-27T08:27:08","slug":"m22-eletrolito-para-marcacao-eletroquimica-500-ml-169-fl-oz","status":"publish","type":"product","link":"https:\/\/eu-mark.com\/pt-br\/product\/m22-eletrolito-para-marcacao-eletroquimica-500-ml-169-fl-oz\/","title":{"rendered":"M22 Eletr\u00f3lito para marca\u00e7\u00e3o eletroqu\u00edmica 500 ml 16,9 fl. oz."},"content":{"rendered":"<p><a href=\"https:\/\/eu-mark.com\/pt-br\/obtendo-marcas-notaveis-com-eletrolitos-eumark-liberando-o-poder-da-excelencia\/\">O M22 \u00e9 muito escuro<\/a>, mas voc\u00ea deve limpar o est\u00eancil e o feltro com frequ\u00eancia. pH 7 muito ecol\u00f3gico&#8230; <\/p>\n<p><a href=\"https:\/\/eumark.biz\/en-us\/blogs\/news\/achieving-remarkable-marks-with-eumark-electrolytes-unleashing-the-power-of-excellence\"><strong>M22: Marcas escuras e impressionantes com recursos de grava\u00e7\u00e3o profunda<\/strong><\/a><\/p>\n<p>O eletr\u00f3lito M22 da Eumark \u00e9 conhecido por sua capacidade de criar marcas escuras e visualmente impressionantes. Para aumentar ainda mais o impacto visual, a aplica\u00e7\u00e3o de uma fina pel\u00edcula de \u00f3leo com um pano ap\u00f3s a marca\u00e7\u00e3o produz resultados impressionantes. Embora o M22 ofere\u00e7a recursos de grava\u00e7\u00e3o profunda e seja adequado para a\u00e7o inoxid\u00e1vel, a\u00e7o, niquelado, cromo, zinco, tit\u00e2nio e outras superf\u00edcies eletrocondutoras, \u00e9 importante observar que pode ser necess\u00e1ria a limpeza regular de <a href=\"https:\/\/eumark.biz\/en-us\/blogs\/news\/mastering-the-art-of-electrochemical-marking-engraving-enhancing-stencil-quality\">est\u00eanceis<\/a> e feltros. Al\u00e9m disso, o n\u00edvel de pH do M22, pr\u00f3ximo a 7, faz dele uma escolha ecol\u00f3gica, refletindo o compromisso da Eumark com a responsabilidade ambiental.   <\/p>\n","protected":false},"excerpt":{"rendered":"<p>O M22 \u00e9 muito escuro, mas voc\u00ea deve limpar o est\u00eancil e o feltro com frequ\u00eancia. pH 7, muito ecol\u00f3gico&#8230;<br \/>\nFrete gr\u00e1tis para todo o mundo Cart\u00e3o de d\u00e9bito ou cr\u00e9dito proceda com o PayPal na finaliza\u00e7\u00e3o da compra N\u00e3o \u00e9 necess\u00e1rio ter uma conta no PayPal <\/p>\n","protected":false},"featured_media":8023,"comment_status":"open","ping_status":"closed","template":"","meta":[],"product_brand":[],"product_cat":[197],"product_tag":[201,157,199,200,158],"class_list":{"0":"post-7590","1":"product","2":"type-product","3":"status-publish","4":"has-post-thumbnail","6":"product_cat-produtos-quimicos","7":"product_tag-aco","8":"product_tag-eletroquimico","9":"product_tag-gravura","10":"product_tag-maquina-pt-br","11":"product_tag-marcacao","13":"first","14":"instock","15":"shipping-taxable","16":"purchasable","17":"product-type-simple"},"yoast_head":"<!-- This site is optimized with the Yoast SEO plugin v27.4 - https:\/\/yoast.com\/product\/yoast-seo-wordpress\/ -->\n<title>M22 Eletr\u00f3lito para marca\u00e7\u00e3o eletroqu\u00edmica<\/title>\n<meta name=\"description\" content=\"Eletr\u00f3lito para marca\u00e7\u00e3o eletroqu\u00edmica O eletr\u00f3lito M22 da Eumark \u00e9 conhecido por sua capacidade de criar marcas escuras e visualmente impressionantes.\" \/>\n<meta name=\"robots\" content=\"index, follow, max-snippet:-1, max-image-preview:large, max-video-preview:-1\" \/>\n<link rel=\"canonical\" href=\"https:\/\/eu-mark.com\/pt-br\/product\/m22-eletrolito-para-marcacao-eletroquimica-500-ml-169-fl-oz\/\" \/>\n<meta property=\"og:locale\" content=\"pt_BR\" \/>\n<meta property=\"og:type\" content=\"article\" \/>\n<meta property=\"og:title\" content=\"M22 Eletr\u00f3lito para marca\u00e7\u00e3o eletroqu\u00edmica\" \/>\n<meta property=\"og:description\" content=\"Eletr\u00f3lito para marca\u00e7\u00e3o eletroqu\u00edmica O eletr\u00f3lito M22 da Eumark \u00e9 conhecido por sua capacidade de criar marcas escuras e visualmente impressionantes.\" \/>\n<meta property=\"og:url\" content=\"https:\/\/eu-mark.com\/pt-br\/product\/m22-eletrolito-para-marcacao-eletroquimica-500-ml-169-fl-oz\/\" \/>\n<meta property=\"og:site_name\" content=\"Electrochemical marking etching\" \/>\n<meta property=\"article:publisher\" content=\"https:\/\/www.facebook.com\/eumark.de\/\" \/>\n<meta property=\"og:image\" content=\"https:\/\/eu-mark.com\/wp-content\/uploads\/2023\/08\/eumark_marking_engraving_electrolyte_fluid_13.jpg\" \/>\n\t<meta property=\"og:image:width\" content=\"1000\" \/>\n\t<meta property=\"og:image:height\" content=\"1000\" \/>\n\t<meta property=\"og:image:type\" content=\"image\/jpeg\" \/>\n<meta name=\"twitter:card\" content=\"summary_large_image\" \/>\n<meta name=\"twitter:label1\" content=\"Est. tempo de leitura\" \/>\n\t<meta name=\"twitter:data1\" content=\"1 minuto\" \/>\n<script type=\"application\/ld+json\" class=\"yoast-schema-graph\">{\"@context\":\"https:\\\/\\\/schema.org\",\"@graph\":[{\"@type\":\"WebPage\",\"@id\":\"https:\\\/\\\/eu-mark.com\\\/pt-br\\\/product\\\/m22-eletrolito-para-marcacao-eletroquimica-500-ml-169-fl-oz\\\/\",\"url\":\"https:\\\/\\\/eu-mark.com\\\/pt-br\\\/product\\\/m22-eletrolito-para-marcacao-eletroquimica-500-ml-169-fl-oz\\\/\",\"name\":\"M22 Eletr\u00f3lito para marca\u00e7\u00e3o eletroqu\u00edmica\",\"isPartOf\":{\"@id\":\"https:\\\/\\\/eu-mark.com\\\/pt-br\\\/#website\"},\"primaryImageOfPage\":{\"@id\":\"https:\\\/\\\/eu-mark.com\\\/pt-br\\\/product\\\/m22-eletrolito-para-marcacao-eletroquimica-500-ml-169-fl-oz\\\/#primaryimage\"},\"image\":{\"@id\":\"https:\\\/\\\/eu-mark.com\\\/pt-br\\\/product\\\/m22-eletrolito-para-marcacao-eletroquimica-500-ml-169-fl-oz\\\/#primaryimage\"},\"thumbnailUrl\":\"https:\\\/\\\/eu-mark.com\\\/wp-content\\\/uploads\\\/2023\\\/08\\\/eumark_marking_engraving_electrolyte_fluid_13.jpg\",\"datePublished\":\"2021-08-27T08:27:08+00:00\",\"description\":\"Eletr\u00f3lito para marca\u00e7\u00e3o eletroqu\u00edmica O eletr\u00f3lito M22 da Eumark \u00e9 conhecido por sua capacidade de criar marcas escuras e visualmente impressionantes.\",\"breadcrumb\":{\"@id\":\"https:\\\/\\\/eu-mark.com\\\/pt-br\\\/product\\\/m22-eletrolito-para-marcacao-eletroquimica-500-ml-169-fl-oz\\\/#breadcrumb\"},\"inLanguage\":\"pt-BR\",\"potentialAction\":[{\"@type\":\"ReadAction\",\"target\":[\"https:\\\/\\\/eu-mark.com\\\/pt-br\\\/product\\\/m22-eletrolito-para-marcacao-eletroquimica-500-ml-169-fl-oz\\\/\"]}]},{\"@type\":\"ImageObject\",\"inLanguage\":\"pt-BR\",\"@id\":\"https:\\\/\\\/eu-mark.com\\\/pt-br\\\/product\\\/m22-eletrolito-para-marcacao-eletroquimica-500-ml-169-fl-oz\\\/#primaryimage\",\"url\":\"https:\\\/\\\/eu-mark.com\\\/wp-content\\\/uploads\\\/2023\\\/08\\\/eumark_marking_engraving_electrolyte_fluid_13.jpg\",\"contentUrl\":\"https:\\\/\\\/eu-mark.com\\\/wp-content\\\/uploads\\\/2023\\\/08\\\/eumark_marking_engraving_electrolyte_fluid_13.jpg\",\"width\":1000,\"height\":1000,\"caption\":\"eumark marking engraving electrolyte fluid M22\"},{\"@type\":\"BreadcrumbList\",\"@id\":\"https:\\\/\\\/eu-mark.com\\\/pt-br\\\/product\\\/m22-eletrolito-para-marcacao-eletroquimica-500-ml-169-fl-oz\\\/#breadcrumb\",\"itemListElement\":[{\"@type\":\"ListItem\",\"position\":1,\"name\":\"In\u00edcio\",\"item\":\"https:\\\/\\\/eu-mark.com\\\/pt-br\\\/home\\\/\"},{\"@type\":\"ListItem\",\"position\":2,\"name\":\"Loja\",\"item\":\"https:\\\/\\\/eu-mark.com\\\/pt-br\\\/loja\\\/\"},{\"@type\":\"ListItem\",\"position\":3,\"name\":\"M22 Eletr\u00f3lito para marca\u00e7\u00e3o eletroqu\u00edmica 500 ml 16,9 fl. oz.\"}]},{\"@type\":\"WebSite\",\"@id\":\"https:\\\/\\\/eu-mark.com\\\/pt-br\\\/#website\",\"url\":\"https:\\\/\\\/eu-mark.com\\\/pt-br\\\/\",\"name\":\"eu-mark.com\",\"description\":\"Electrochemical marking etching\",\"publisher\":{\"@id\":\"https:\\\/\\\/eu-mark.com\\\/pt-br\\\/#organization\"},\"potentialAction\":[{\"@type\":\"SearchAction\",\"target\":{\"@type\":\"EntryPoint\",\"urlTemplate\":\"https:\\\/\\\/eu-mark.com\\\/pt-br\\\/?s={search_term_string}\"},\"query-input\":{\"@type\":\"PropertyValueSpecification\",\"valueRequired\":true,\"valueName\":\"search_term_string\"}}],\"inLanguage\":\"pt-BR\"},{\"@type\":\"Organization\",\"@id\":\"https:\\\/\\\/eu-mark.com\\\/pt-br\\\/#organization\",\"name\":\"EUMARK\",\"url\":\"https:\\\/\\\/eu-mark.com\\\/pt-br\\\/\",\"logo\":{\"@type\":\"ImageObject\",\"inLanguage\":\"pt-BR\",\"@id\":\"https:\\\/\\\/eu-mark.com\\\/pt-br\\\/#\\\/schema\\\/logo\\\/image\\\/\",\"url\":\"https:\\\/\\\/eu-mark.com\\\/wp-content\\\/uploads\\\/2025\\\/02\\\/eumark-logo-samo-EU-2018_06_19-10_17_06-UTC.jpg\",\"contentUrl\":\"https:\\\/\\\/eu-mark.com\\\/wp-content\\\/uploads\\\/2025\\\/02\\\/eumark-logo-samo-EU-2018_06_19-10_17_06-UTC.jpg\",\"width\":264,\"height\":268,\"caption\":\"EUMARK\"},\"image\":{\"@id\":\"https:\\\/\\\/eu-mark.com\\\/pt-br\\\/#\\\/schema\\\/logo\\\/image\\\/\"},\"sameAs\":[\"https:\\\/\\\/www.facebook.com\\\/eumark.de\\\/\",\"https:\\\/\\\/www.youtube.com\\\/channel\\\/UCehJsM6xcqIQLzp0y9MjYPg\",\"https:\\\/\\\/www.linkedin.com\\\/company\\\/eumark\\\/\",\"https:\\\/\\\/www.instagram.com\\\/eumark_de\"]}]}<\/script>\n<!-- \/ Yoast SEO plugin. -->","yoast_head_json":{"title":"M22 Eletr\u00f3lito para marca\u00e7\u00e3o eletroqu\u00edmica","description":"Eletr\u00f3lito para marca\u00e7\u00e3o eletroqu\u00edmica O eletr\u00f3lito M22 da Eumark \u00e9 conhecido por sua capacidade de criar marcas escuras e visualmente impressionantes.","robots":{"index":"index","follow":"follow","max-snippet":"max-snippet:-1","max-image-preview":"max-image-preview:large","max-video-preview":"max-video-preview:-1"},"canonical":"https:\/\/eu-mark.com\/pt-br\/product\/m22-eletrolito-para-marcacao-eletroquimica-500-ml-169-fl-oz\/","og_locale":"pt_BR","og_type":"article","og_title":"M22 Eletr\u00f3lito para marca\u00e7\u00e3o eletroqu\u00edmica","og_description":"Eletr\u00f3lito para marca\u00e7\u00e3o eletroqu\u00edmica O eletr\u00f3lito M22 da Eumark \u00e9 conhecido por sua capacidade de criar marcas escuras e visualmente impressionantes.","og_url":"https:\/\/eu-mark.com\/pt-br\/product\/m22-eletrolito-para-marcacao-eletroquimica-500-ml-169-fl-oz\/","og_site_name":"Electrochemical marking etching","article_publisher":"https:\/\/www.facebook.com\/eumark.de\/","og_image":[{"width":1000,"height":1000,"url":"https:\/\/eu-mark.com\/wp-content\/uploads\/2023\/08\/eumark_marking_engraving_electrolyte_fluid_13.jpg","type":"image\/jpeg"}],"twitter_card":"summary_large_image","twitter_misc":{"Est. tempo de leitura":"1 minuto"},"schema":{"@context":"https:\/\/schema.org","@graph":[{"@type":"WebPage","@id":"https:\/\/eu-mark.com\/pt-br\/product\/m22-eletrolito-para-marcacao-eletroquimica-500-ml-169-fl-oz\/","url":"https:\/\/eu-mark.com\/pt-br\/product\/m22-eletrolito-para-marcacao-eletroquimica-500-ml-169-fl-oz\/","name":"M22 Eletr\u00f3lito para marca\u00e7\u00e3o eletroqu\u00edmica","isPartOf":{"@id":"https:\/\/eu-mark.com\/pt-br\/#website"},"primaryImageOfPage":{"@id":"https:\/\/eu-mark.com\/pt-br\/product\/m22-eletrolito-para-marcacao-eletroquimica-500-ml-169-fl-oz\/#primaryimage"},"image":{"@id":"https:\/\/eu-mark.com\/pt-br\/product\/m22-eletrolito-para-marcacao-eletroquimica-500-ml-169-fl-oz\/#primaryimage"},"thumbnailUrl":"https:\/\/eu-mark.com\/wp-content\/uploads\/2023\/08\/eumark_marking_engraving_electrolyte_fluid_13.jpg","datePublished":"2021-08-27T08:27:08+00:00","description":"Eletr\u00f3lito para marca\u00e7\u00e3o eletroqu\u00edmica O eletr\u00f3lito M22 da Eumark \u00e9 conhecido por sua capacidade de criar marcas escuras e visualmente impressionantes.","breadcrumb":{"@id":"https:\/\/eu-mark.com\/pt-br\/product\/m22-eletrolito-para-marcacao-eletroquimica-500-ml-169-fl-oz\/#breadcrumb"},"inLanguage":"pt-BR","potentialAction":[{"@type":"ReadAction","target":["https:\/\/eu-mark.com\/pt-br\/product\/m22-eletrolito-para-marcacao-eletroquimica-500-ml-169-fl-oz\/"]}]},{"@type":"ImageObject","inLanguage":"pt-BR","@id":"https:\/\/eu-mark.com\/pt-br\/product\/m22-eletrolito-para-marcacao-eletroquimica-500-ml-169-fl-oz\/#primaryimage","url":"https:\/\/eu-mark.com\/wp-content\/uploads\/2023\/08\/eumark_marking_engraving_electrolyte_fluid_13.jpg","contentUrl":"https:\/\/eu-mark.com\/wp-content\/uploads\/2023\/08\/eumark_marking_engraving_electrolyte_fluid_13.jpg","width":1000,"height":1000,"caption":"eumark marking engraving electrolyte fluid M22"},{"@type":"BreadcrumbList","@id":"https:\/\/eu-mark.com\/pt-br\/product\/m22-eletrolito-para-marcacao-eletroquimica-500-ml-169-fl-oz\/#breadcrumb","itemListElement":[{"@type":"ListItem","position":1,"name":"In\u00edcio","item":"https:\/\/eu-mark.com\/pt-br\/home\/"},{"@type":"ListItem","position":2,"name":"Loja","item":"https:\/\/eu-mark.com\/pt-br\/loja\/"},{"@type":"ListItem","position":3,"name":"M22 Eletr\u00f3lito para marca\u00e7\u00e3o eletroqu\u00edmica 500 ml 16,9 fl. oz."}]},{"@type":"WebSite","@id":"https:\/\/eu-mark.com\/pt-br\/#website","url":"https:\/\/eu-mark.com\/pt-br\/","name":"eu-mark.com","description":"Electrochemical marking etching","publisher":{"@id":"https:\/\/eu-mark.com\/pt-br\/#organization"},"potentialAction":[{"@type":"SearchAction","target":{"@type":"EntryPoint","urlTemplate":"https:\/\/eu-mark.com\/pt-br\/?s={search_term_string}"},"query-input":{"@type":"PropertyValueSpecification","valueRequired":true,"valueName":"search_term_string"}}],"inLanguage":"pt-BR"},{"@type":"Organization","@id":"https:\/\/eu-mark.com\/pt-br\/#organization","name":"EUMARK","url":"https:\/\/eu-mark.com\/pt-br\/","logo":{"@type":"ImageObject","inLanguage":"pt-BR","@id":"https:\/\/eu-mark.com\/pt-br\/#\/schema\/logo\/image\/","url":"https:\/\/eu-mark.com\/wp-content\/uploads\/2025\/02\/eumark-logo-samo-EU-2018_06_19-10_17_06-UTC.jpg","contentUrl":"https:\/\/eu-mark.com\/wp-content\/uploads\/2025\/02\/eumark-logo-samo-EU-2018_06_19-10_17_06-UTC.jpg","width":264,"height":268,"caption":"EUMARK"},"image":{"@id":"https:\/\/eu-mark.com\/pt-br\/#\/schema\/logo\/image\/"},"sameAs":["https:\/\/www.facebook.com\/eumark.de\/","https:\/\/www.youtube.com\/channel\/UCehJsM6xcqIQLzp0y9MjYPg","https:\/\/www.linkedin.com\/company\/eumark\/","https:\/\/www.instagram.com\/eumark_de"]}]}},"_links":{"self":[{"href":"https:\/\/eu-mark.com\/pt-br\/wp-json\/wp\/v2\/product\/7590","targetHints":{"allow":["GET"]}}],"collection":[{"href":"https:\/\/eu-mark.com\/pt-br\/wp-json\/wp\/v2\/product"}],"about":[{"href":"https:\/\/eu-mark.com\/pt-br\/wp-json\/wp\/v2\/types\/product"}],"replies":[{"embeddable":true,"href":"https:\/\/eu-mark.com\/pt-br\/wp-json\/wp\/v2\/comments?post=7590"}],"wp:featuredmedia":[{"embeddable":true,"href":"https:\/\/eu-mark.com\/pt-br\/wp-json\/wp\/v2\/media\/8023"}],"wp:attachment":[{"href":"https:\/\/eu-mark.com\/pt-br\/wp-json\/wp\/v2\/media?parent=7590"}],"wp:term":[{"taxonomy":"product_brand","embeddable":true,"href":"https:\/\/eu-mark.com\/pt-br\/wp-json\/wp\/v2\/product_brand?post=7590"},{"taxonomy":"product_cat","embeddable":true,"href":"https:\/\/eu-mark.com\/pt-br\/wp-json\/wp\/v2\/product_cat?post=7590"},{"taxonomy":"product_tag","embeddable":true,"href":"https:\/\/eu-mark.com\/pt-br\/wp-json\/wp\/v2\/product_tag?post=7590"}],"curies":[{"name":"wp","href":"https:\/\/api.w.org\/{rel}","templated":true}]}}