{"id":7624,"date":"2021-08-27T08:53:01","date_gmt":"2021-08-27T08:53:01","guid":{"rendered":"https:\/\/eu-mark.com\/product\/m21-m22-m23-n11-eletrolito-para-marcacao-eletroquimica-4x-500-ml-169-fl-oz-todos-os-4-conjuntos\/"},"modified":"2021-08-27T08:53:01","modified_gmt":"2021-08-27T08:53:01","slug":"m21-m22-m23-n11-eletrolito-para-marcacao-eletroquimica-4x-500-ml-169-fl-oz-todos-os-4-conjuntos","status":"publish","type":"product","link":"https:\/\/eu-mark.com\/pt-br\/product\/m21-m22-m23-n11-eletrolito-para-marcacao-eletroquimica-4x-500-ml-169-fl-oz-todos-os-4-conjuntos\/","title":{"rendered":"M21 M22 M23 N11 Eletr\u00f3lito para marca\u00e7\u00e3o eletroqu\u00edmica 4x 500 ml 16,9 fl. oz. Todos os 4 conjuntos"},"content":{"rendered":"<p><a href=\"https:\/\/eu-mark.com\/pt-br\/obtendo-marcas-notaveis-com-eletrolitos-eumark-liberando-o-poder-da-excelencia\/\">Os eletr\u00f3litos Eumark<\/a> s\u00e3o o ep\u00edtome da excel\u00eancia em marca\u00e7\u00e3o, com o respaldo de mais de duas d\u00e9cadas de experi\u00eancia no setor. Quer voc\u00ea escolha o M21 para excel\u00eancia consistente, o M22 para marcas escuras e impressionantes, o M23 para brilho n\u00e3o corrosivo ou o N11 para preven\u00e7\u00e3o de corros\u00e3o. Com mais de 20 anos de experi\u00eancia, a Eumark desenvolveu uma linha de eletr\u00f3litos que proporciona um desempenho excepcional e marcas impressionantes. Principais recursos e aplica\u00e7\u00f5es-alvo dos <a href=\"https:\/\/eumark.biz\/en-us\/blogs\/news\/achieving-remarkable-marks-with-eumark-electrolytes-unleashing-the-power-of-excellence\">eletr\u00f3litos Eumark &#8211; M21, M22, M23 e N11.<\/a> O M21 \u00e9 muito bom para muitas marca\u00e7\u00f5es com o mesmo umedecimento do feltro, ele possui capacidade de autolimpeza<br \/>\nO M22 \u00e9 muito escuro, mas voc\u00ea deve limpar o est\u00eancil e o feltro com frequ\u00eancia. pH 7 muito ecol\u00f3gico&#8230;<br \/>\nO M23 n\u00e3o \u00e9 corrosivo, basta marcar e limpar com um pano depois, n\u00e3o h\u00e1 necessidade de neutralidade de a\u00e7os altamente corrosivos, como serra ou alguns a\u00e7os para ferramentas<br \/>\nN11 Neutralidade com indicador de pH <\/p>\n","protected":false},"excerpt":{"rendered":"<div><strong>Frete global GRATUITO inclu\u00eddo<\/strong><\/div>\n<div><\/div>\n<div><strong>Op\u00e7\u00f5es de pagamento seguras<\/strong><\/div>\n<div><\/div>\n<div>Pague convenientemente com seu cart\u00e3o de d\u00e9bito ou cr\u00e9dito por meio do PayPal durante a finaliza\u00e7\u00e3o da compra. <strong>Voc\u00ea n\u00e3o precisa ter uma conta no PayPal<\/strong>.<\/div>\n<p>O M21 \u00e9 muito bom para muitas marca\u00e7\u00f5es com o mesmo umedecimento do feltro, ele possui capacidade de autolimpeza<br \/>\nO M22 \u00e9 muito escuro, mas voc\u00ea deve limpar o est\u00eancil e o feltro com frequ\u00eancia. pH 7 muito ecol\u00f3gico&#8230;<br \/>\nO M23 n\u00e3o \u00e9 corrosivo, basta marcar e limpar com um pano depois, n\u00e3o h\u00e1 necessidade de neutralidade de a\u00e7os altamente corrosivos, como serra ou alguns a\u00e7os para ferramentas<br \/>\nN11 Neutralidade com indicador de pH <\/p>\n","protected":false},"featured_media":7793,"comment_status":"open","ping_status":"closed","template":"","meta":[],"product_brand":[],"product_cat":[197],"product_tag":[201,157,202,203,199,200,158],"class_list":{"0":"post-7624","1":"product","2":"type-product","3":"status-publish","4":"has-post-thumbnail","6":"product_cat-produtos-quimicos","7":"product_tag-aco","8":"product_tag-eletroquimico","9":"product_tag-faca","10":"product_tag-gravura-pt-br","11":"product_tag-gravura","12":"product_tag-maquina-pt-br","13":"product_tag-marcacao","15":"first","16":"instock","17":"shipping-taxable","18":"purchasable","19":"product-type-simple"},"yoast_head":"<!-- This site is optimized with the Yoast SEO plugin v27.4 - https:\/\/yoast.com\/product\/yoast-seo-wordpress\/ -->\n<title>Eletr\u00f3lito para marca\u00e7\u00e3o eletroqu\u00edmica, grava\u00e7\u00e3o profunda ou marca extra<\/title>\n<meta name=\"description\" content=\"Eletr\u00f3lito para marca\u00e7\u00e3o eletroqu\u00edmica, grava\u00e7\u00e3o profunda ou marca extra. Com mais de 20 anos de experi\u00eancia, a Eumark desenvolveu uma linha de eletr\u00f3litos que proporcionam um desempenho excepcional. M21 M22 M23 N11 Eletr\u00f3lito para marca\u00e7\u00e3o eletroqu\u00edmica 4x 500 ml 16,9 fl. oz. Todos os 4 conjuntos\" \/>\n<meta name=\"robots\" content=\"index, follow, max-snippet:-1, max-image-preview:large, max-video-preview:-1\" \/>\n<link rel=\"canonical\" href=\"https:\/\/eu-mark.com\/pt-br\/product\/m21-m22-m23-n11-eletrolito-para-marcacao-eletroquimica-4x-500-ml-169-fl-oz-todos-os-4-conjuntos\/\" \/>\n<meta property=\"og:locale\" content=\"pt_BR\" \/>\n<meta property=\"og:type\" content=\"article\" \/>\n<meta property=\"og:title\" content=\"Eletr\u00f3lito para marca\u00e7\u00e3o eletroqu\u00edmica, grava\u00e7\u00e3o profunda ou marca extra\" \/>\n<meta property=\"og:description\" content=\"Eletr\u00f3lito para marca\u00e7\u00e3o eletroqu\u00edmica, grava\u00e7\u00e3o profunda ou marca extra. Com mais de 20 anos de experi\u00eancia, a Eumark desenvolveu uma linha de eletr\u00f3litos que proporcionam um desempenho excepcional. M21 M22 M23 N11 Eletr\u00f3lito para marca\u00e7\u00e3o eletroqu\u00edmica 4x 500 ml 16,9 fl. oz. Todos os 4 conjuntos\" \/>\n<meta property=\"og:url\" content=\"https:\/\/eu-mark.com\/pt-br\/product\/m21-m22-m23-n11-eletrolito-para-marcacao-eletroquimica-4x-500-ml-169-fl-oz-todos-os-4-conjuntos\/\" \/>\n<meta property=\"og:site_name\" content=\"Electrochemical marking etching\" \/>\n<meta property=\"article:publisher\" content=\"https:\/\/www.facebook.com\/eumark.de\/\" \/>\n<meta property=\"og:image\" content=\"https:\/\/eu-mark.com\/wp-content\/uploads\/2023\/08\/eumark_marking_engraving_electrolyte_fluid_19.jpg\" \/>\n\t<meta property=\"og:image:width\" content=\"1000\" \/>\n\t<meta property=\"og:image:height\" content=\"1000\" \/>\n\t<meta property=\"og:image:type\" content=\"image\/jpeg\" \/>\n<meta name=\"twitter:card\" content=\"summary_large_image\" \/>\n<meta name=\"twitter:label1\" content=\"Est. tempo de leitura\" \/>\n\t<meta name=\"twitter:data1\" content=\"1 minuto\" \/>\n<script type=\"application\/ld+json\" class=\"yoast-schema-graph\">{\"@context\":\"https:\\\/\\\/schema.org\",\"@graph\":[{\"@type\":\"WebPage\",\"@id\":\"https:\\\/\\\/eu-mark.com\\\/pt-br\\\/product\\\/m21-m22-m23-n11-eletrolito-para-marcacao-eletroquimica-4x-500-ml-169-fl-oz-todos-os-4-conjuntos\\\/\",\"url\":\"https:\\\/\\\/eu-mark.com\\\/pt-br\\\/product\\\/m21-m22-m23-n11-eletrolito-para-marcacao-eletroquimica-4x-500-ml-169-fl-oz-todos-os-4-conjuntos\\\/\",\"name\":\"Eletr\u00f3lito para marca\u00e7\u00e3o eletroqu\u00edmica, grava\u00e7\u00e3o profunda ou marca extra\",\"isPartOf\":{\"@id\":\"https:\\\/\\\/eu-mark.com\\\/pt-br\\\/#website\"},\"primaryImageOfPage\":{\"@id\":\"https:\\\/\\\/eu-mark.com\\\/pt-br\\\/product\\\/m21-m22-m23-n11-eletrolito-para-marcacao-eletroquimica-4x-500-ml-169-fl-oz-todos-os-4-conjuntos\\\/#primaryimage\"},\"image\":{\"@id\":\"https:\\\/\\\/eu-mark.com\\\/pt-br\\\/product\\\/m21-m22-m23-n11-eletrolito-para-marcacao-eletroquimica-4x-500-ml-169-fl-oz-todos-os-4-conjuntos\\\/#primaryimage\"},\"thumbnailUrl\":\"https:\\\/\\\/eu-mark.com\\\/wp-content\\\/uploads\\\/2023\\\/08\\\/eumark_marking_engraving_electrolyte_fluid_19.jpg\",\"datePublished\":\"2021-08-27T08:53:01+00:00\",\"description\":\"Eletr\u00f3lito para marca\u00e7\u00e3o eletroqu\u00edmica, grava\u00e7\u00e3o profunda ou marca extra. Com mais de 20 anos de experi\u00eancia, a Eumark desenvolveu uma linha de eletr\u00f3litos que proporcionam um desempenho excepcional. M21 M22 M23 N11 Eletr\u00f3lito para marca\u00e7\u00e3o eletroqu\u00edmica 4x 500 ml 16,9 fl. oz. Todos os 4 conjuntos\",\"breadcrumb\":{\"@id\":\"https:\\\/\\\/eu-mark.com\\\/pt-br\\\/product\\\/m21-m22-m23-n11-eletrolito-para-marcacao-eletroquimica-4x-500-ml-169-fl-oz-todos-os-4-conjuntos\\\/#breadcrumb\"},\"inLanguage\":\"pt-BR\",\"potentialAction\":[{\"@type\":\"ReadAction\",\"target\":[\"https:\\\/\\\/eu-mark.com\\\/pt-br\\\/product\\\/m21-m22-m23-n11-eletrolito-para-marcacao-eletroquimica-4x-500-ml-169-fl-oz-todos-os-4-conjuntos\\\/\"]}]},{\"@type\":\"ImageObject\",\"inLanguage\":\"pt-BR\",\"@id\":\"https:\\\/\\\/eu-mark.com\\\/pt-br\\\/product\\\/m21-m22-m23-n11-eletrolito-para-marcacao-eletroquimica-4x-500-ml-169-fl-oz-todos-os-4-conjuntos\\\/#primaryimage\",\"url\":\"https:\\\/\\\/eu-mark.com\\\/wp-content\\\/uploads\\\/2023\\\/08\\\/eumark_marking_engraving_electrolyte_fluid_19.jpg\",\"contentUrl\":\"https:\\\/\\\/eu-mark.com\\\/wp-content\\\/uploads\\\/2023\\\/08\\\/eumark_marking_engraving_electrolyte_fluid_19.jpg\",\"width\":1000,\"height\":1000,\"caption\":\"Fluido eletrol\u00edtico de marca\u00e7\u00e3o e grava\u00e7\u00e3o da eumark\"},{\"@type\":\"BreadcrumbList\",\"@id\":\"https:\\\/\\\/eu-mark.com\\\/pt-br\\\/product\\\/m21-m22-m23-n11-eletrolito-para-marcacao-eletroquimica-4x-500-ml-169-fl-oz-todos-os-4-conjuntos\\\/#breadcrumb\",\"itemListElement\":[{\"@type\":\"ListItem\",\"position\":1,\"name\":\"In\u00edcio\",\"item\":\"https:\\\/\\\/eu-mark.com\\\/pt-br\\\/home\\\/\"},{\"@type\":\"ListItem\",\"position\":2,\"name\":\"Loja\",\"item\":\"https:\\\/\\\/eu-mark.com\\\/pt-br\\\/loja\\\/\"},{\"@type\":\"ListItem\",\"position\":3,\"name\":\"M21 M22 M23 N11 Eletr\u00f3lito para marca\u00e7\u00e3o eletroqu\u00edmica 4x 500 ml 16,9 fl. oz. Todos os 4 conjuntos\"}]},{\"@type\":\"WebSite\",\"@id\":\"https:\\\/\\\/eu-mark.com\\\/pt-br\\\/#website\",\"url\":\"https:\\\/\\\/eu-mark.com\\\/pt-br\\\/\",\"name\":\"eu-mark.com\",\"description\":\"Electrochemical marking etching\",\"publisher\":{\"@id\":\"https:\\\/\\\/eu-mark.com\\\/pt-br\\\/#organization\"},\"potentialAction\":[{\"@type\":\"SearchAction\",\"target\":{\"@type\":\"EntryPoint\",\"urlTemplate\":\"https:\\\/\\\/eu-mark.com\\\/pt-br\\\/?s={search_term_string}\"},\"query-input\":{\"@type\":\"PropertyValueSpecification\",\"valueRequired\":true,\"valueName\":\"search_term_string\"}}],\"inLanguage\":\"pt-BR\"},{\"@type\":\"Organization\",\"@id\":\"https:\\\/\\\/eu-mark.com\\\/pt-br\\\/#organization\",\"name\":\"EUMARK\",\"url\":\"https:\\\/\\\/eu-mark.com\\\/pt-br\\\/\",\"logo\":{\"@type\":\"ImageObject\",\"inLanguage\":\"pt-BR\",\"@id\":\"https:\\\/\\\/eu-mark.com\\\/pt-br\\\/#\\\/schema\\\/logo\\\/image\\\/\",\"url\":\"https:\\\/\\\/eu-mark.com\\\/wp-content\\\/uploads\\\/2025\\\/02\\\/eumark-logo-samo-EU-2018_06_19-10_17_06-UTC.jpg\",\"contentUrl\":\"https:\\\/\\\/eu-mark.com\\\/wp-content\\\/uploads\\\/2025\\\/02\\\/eumark-logo-samo-EU-2018_06_19-10_17_06-UTC.jpg\",\"width\":264,\"height\":268,\"caption\":\"EUMARK\"},\"image\":{\"@id\":\"https:\\\/\\\/eu-mark.com\\\/pt-br\\\/#\\\/schema\\\/logo\\\/image\\\/\"},\"sameAs\":[\"https:\\\/\\\/www.facebook.com\\\/eumark.de\\\/\",\"https:\\\/\\\/www.youtube.com\\\/channel\\\/UCehJsM6xcqIQLzp0y9MjYPg\",\"https:\\\/\\\/www.linkedin.com\\\/company\\\/eumark\\\/\",\"https:\\\/\\\/www.instagram.com\\\/eumark_de\"]}]}<\/script>\n<!-- \/ Yoast SEO plugin. -->","yoast_head_json":{"title":"Eletr\u00f3lito para marca\u00e7\u00e3o eletroqu\u00edmica, grava\u00e7\u00e3o profunda ou marca extra","description":"Eletr\u00f3lito para marca\u00e7\u00e3o eletroqu\u00edmica, grava\u00e7\u00e3o profunda ou marca extra. Com mais de 20 anos de experi\u00eancia, a Eumark desenvolveu uma linha de eletr\u00f3litos que proporcionam um desempenho excepcional. M21 M22 M23 N11 Eletr\u00f3lito para marca\u00e7\u00e3o eletroqu\u00edmica 4x 500 ml 16,9 fl. oz. Todos os 4 conjuntos","robots":{"index":"index","follow":"follow","max-snippet":"max-snippet:-1","max-image-preview":"max-image-preview:large","max-video-preview":"max-video-preview:-1"},"canonical":"https:\/\/eu-mark.com\/pt-br\/product\/m21-m22-m23-n11-eletrolito-para-marcacao-eletroquimica-4x-500-ml-169-fl-oz-todos-os-4-conjuntos\/","og_locale":"pt_BR","og_type":"article","og_title":"Eletr\u00f3lito para marca\u00e7\u00e3o eletroqu\u00edmica, grava\u00e7\u00e3o profunda ou marca extra","og_description":"Eletr\u00f3lito para marca\u00e7\u00e3o eletroqu\u00edmica, grava\u00e7\u00e3o profunda ou marca extra. Com mais de 20 anos de experi\u00eancia, a Eumark desenvolveu uma linha de eletr\u00f3litos que proporcionam um desempenho excepcional. M21 M22 M23 N11 Eletr\u00f3lito para marca\u00e7\u00e3o eletroqu\u00edmica 4x 500 ml 16,9 fl. oz. Todos os 4 conjuntos","og_url":"https:\/\/eu-mark.com\/pt-br\/product\/m21-m22-m23-n11-eletrolito-para-marcacao-eletroquimica-4x-500-ml-169-fl-oz-todos-os-4-conjuntos\/","og_site_name":"Electrochemical marking etching","article_publisher":"https:\/\/www.facebook.com\/eumark.de\/","og_image":[{"width":1000,"height":1000,"url":"https:\/\/eu-mark.com\/wp-content\/uploads\/2023\/08\/eumark_marking_engraving_electrolyte_fluid_19.jpg","type":"image\/jpeg"}],"twitter_card":"summary_large_image","twitter_misc":{"Est. tempo de leitura":"1 minuto"},"schema":{"@context":"https:\/\/schema.org","@graph":[{"@type":"WebPage","@id":"https:\/\/eu-mark.com\/pt-br\/product\/m21-m22-m23-n11-eletrolito-para-marcacao-eletroquimica-4x-500-ml-169-fl-oz-todos-os-4-conjuntos\/","url":"https:\/\/eu-mark.com\/pt-br\/product\/m21-m22-m23-n11-eletrolito-para-marcacao-eletroquimica-4x-500-ml-169-fl-oz-todos-os-4-conjuntos\/","name":"Eletr\u00f3lito para marca\u00e7\u00e3o eletroqu\u00edmica, grava\u00e7\u00e3o profunda ou marca extra","isPartOf":{"@id":"https:\/\/eu-mark.com\/pt-br\/#website"},"primaryImageOfPage":{"@id":"https:\/\/eu-mark.com\/pt-br\/product\/m21-m22-m23-n11-eletrolito-para-marcacao-eletroquimica-4x-500-ml-169-fl-oz-todos-os-4-conjuntos\/#primaryimage"},"image":{"@id":"https:\/\/eu-mark.com\/pt-br\/product\/m21-m22-m23-n11-eletrolito-para-marcacao-eletroquimica-4x-500-ml-169-fl-oz-todos-os-4-conjuntos\/#primaryimage"},"thumbnailUrl":"https:\/\/eu-mark.com\/wp-content\/uploads\/2023\/08\/eumark_marking_engraving_electrolyte_fluid_19.jpg","datePublished":"2021-08-27T08:53:01+00:00","description":"Eletr\u00f3lito para marca\u00e7\u00e3o eletroqu\u00edmica, grava\u00e7\u00e3o profunda ou marca extra. Com mais de 20 anos de experi\u00eancia, a Eumark desenvolveu uma linha de eletr\u00f3litos que proporcionam um desempenho excepcional. M21 M22 M23 N11 Eletr\u00f3lito para marca\u00e7\u00e3o eletroqu\u00edmica 4x 500 ml 16,9 fl. oz. Todos os 4 conjuntos","breadcrumb":{"@id":"https:\/\/eu-mark.com\/pt-br\/product\/m21-m22-m23-n11-eletrolito-para-marcacao-eletroquimica-4x-500-ml-169-fl-oz-todos-os-4-conjuntos\/#breadcrumb"},"inLanguage":"pt-BR","potentialAction":[{"@type":"ReadAction","target":["https:\/\/eu-mark.com\/pt-br\/product\/m21-m22-m23-n11-eletrolito-para-marcacao-eletroquimica-4x-500-ml-169-fl-oz-todos-os-4-conjuntos\/"]}]},{"@type":"ImageObject","inLanguage":"pt-BR","@id":"https:\/\/eu-mark.com\/pt-br\/product\/m21-m22-m23-n11-eletrolito-para-marcacao-eletroquimica-4x-500-ml-169-fl-oz-todos-os-4-conjuntos\/#primaryimage","url":"https:\/\/eu-mark.com\/wp-content\/uploads\/2023\/08\/eumark_marking_engraving_electrolyte_fluid_19.jpg","contentUrl":"https:\/\/eu-mark.com\/wp-content\/uploads\/2023\/08\/eumark_marking_engraving_electrolyte_fluid_19.jpg","width":1000,"height":1000,"caption":"Fluido eletrol\u00edtico de marca\u00e7\u00e3o e grava\u00e7\u00e3o da eumark"},{"@type":"BreadcrumbList","@id":"https:\/\/eu-mark.com\/pt-br\/product\/m21-m22-m23-n11-eletrolito-para-marcacao-eletroquimica-4x-500-ml-169-fl-oz-todos-os-4-conjuntos\/#breadcrumb","itemListElement":[{"@type":"ListItem","position":1,"name":"In\u00edcio","item":"https:\/\/eu-mark.com\/pt-br\/home\/"},{"@type":"ListItem","position":2,"name":"Loja","item":"https:\/\/eu-mark.com\/pt-br\/loja\/"},{"@type":"ListItem","position":3,"name":"M21 M22 M23 N11 Eletr\u00f3lito para marca\u00e7\u00e3o eletroqu\u00edmica 4x 500 ml 16,9 fl. oz. Todos os 4 conjuntos"}]},{"@type":"WebSite","@id":"https:\/\/eu-mark.com\/pt-br\/#website","url":"https:\/\/eu-mark.com\/pt-br\/","name":"eu-mark.com","description":"Electrochemical marking etching","publisher":{"@id":"https:\/\/eu-mark.com\/pt-br\/#organization"},"potentialAction":[{"@type":"SearchAction","target":{"@type":"EntryPoint","urlTemplate":"https:\/\/eu-mark.com\/pt-br\/?s={search_term_string}"},"query-input":{"@type":"PropertyValueSpecification","valueRequired":true,"valueName":"search_term_string"}}],"inLanguage":"pt-BR"},{"@type":"Organization","@id":"https:\/\/eu-mark.com\/pt-br\/#organization","name":"EUMARK","url":"https:\/\/eu-mark.com\/pt-br\/","logo":{"@type":"ImageObject","inLanguage":"pt-BR","@id":"https:\/\/eu-mark.com\/pt-br\/#\/schema\/logo\/image\/","url":"https:\/\/eu-mark.com\/wp-content\/uploads\/2025\/02\/eumark-logo-samo-EU-2018_06_19-10_17_06-UTC.jpg","contentUrl":"https:\/\/eu-mark.com\/wp-content\/uploads\/2025\/02\/eumark-logo-samo-EU-2018_06_19-10_17_06-UTC.jpg","width":264,"height":268,"caption":"EUMARK"},"image":{"@id":"https:\/\/eu-mark.com\/pt-br\/#\/schema\/logo\/image\/"},"sameAs":["https:\/\/www.facebook.com\/eumark.de\/","https:\/\/www.youtube.com\/channel\/UCehJsM6xcqIQLzp0y9MjYPg","https:\/\/www.linkedin.com\/company\/eumark\/","https:\/\/www.instagram.com\/eumark_de"]}]}},"_links":{"self":[{"href":"https:\/\/eu-mark.com\/pt-br\/wp-json\/wp\/v2\/product\/7624","targetHints":{"allow":["GET"]}}],"collection":[{"href":"https:\/\/eu-mark.com\/pt-br\/wp-json\/wp\/v2\/product"}],"about":[{"href":"https:\/\/eu-mark.com\/pt-br\/wp-json\/wp\/v2\/types\/product"}],"replies":[{"embeddable":true,"href":"https:\/\/eu-mark.com\/pt-br\/wp-json\/wp\/v2\/comments?post=7624"}],"wp:featuredmedia":[{"embeddable":true,"href":"https:\/\/eu-mark.com\/pt-br\/wp-json\/wp\/v2\/media\/7793"}],"wp:attachment":[{"href":"https:\/\/eu-mark.com\/pt-br\/wp-json\/wp\/v2\/media?parent=7624"}],"wp:term":[{"taxonomy":"product_brand","embeddable":true,"href":"https:\/\/eu-mark.com\/pt-br\/wp-json\/wp\/v2\/product_brand?post=7624"},{"taxonomy":"product_cat","embeddable":true,"href":"https:\/\/eu-mark.com\/pt-br\/wp-json\/wp\/v2\/product_cat?post=7624"},{"taxonomy":"product_tag","embeddable":true,"href":"https:\/\/eu-mark.com\/pt-br\/wp-json\/wp\/v2\/product_tag?post=7624"}],"curies":[{"name":"wp","href":"https:\/\/api.w.org\/{rel}","templated":true}]}}